{"id":853,"date":"2023-04-11T13:33:01","date_gmt":"2023-04-11T12:33:01","guid":{"rendered":"https:\/\/www.belzona.nl\/?post_type=product&#038;p=853"},"modified":"2025-12-08T21:05:02","modified_gmt":"2025-12-08T20:05:02","slug":"belzona-superwrap-ii","status":"publish","type":"product","link":"https:\/\/www.belzona.be\/fr\/product\/enveloppement-composite-superwrap-ii\/belzona-superwrap-ii\/","title":{"rendered":"Belzona SuperWrap II \u2013 Bande de r\u00e9paration composite"},"content":{"rendered":"","protected":false},"excerpt":{"rendered":"<p>Belzona SuperWrap II restaure la r\u00e9sistance des tuyaux et parois de r\u00e9servoirs corrod\u00e9s, affaiblis ou pr\u00e9sentant un amincissement. Le syst\u00e8me est conforme aux normes ISO 24817 et ASME PCC-2 ; l\u2019application est r\u00e9alis\u00e9e uniquement par des applicateurs certifi\u00e9s. Belzona SuperWrap II permet une r\u00e9paration rapide directement sur site d&rsquo;\u00e9quipements dans des industries telles que le p\u00e9trole et le gaz, l&rsquo;\u00e9nergie et la navigation. Le syst\u00e8me Belzona SuperWrap II est con\u00e7u pour les r\u00e9parations par enroulement ou par stratification locale, offrant une haute r\u00e9sistance \u00e0 la corrosion et aux produits chimiques. Le syst\u00e8me est disponible en trois grades de r\u00e9sine diff\u00e9rents ; Belzona 1981, Belzona 1982 et Belzona 1983. Ce syst\u00e8me de bande de r\u00e9paration composite est adapt\u00e9 aux applications jusqu\u2019\u00e0 150 \u00b0C (302 \u00b0F).<\/p>\n<p>APPLICATIONS DE BELZONA SUPERWRAP II Les applications de Belzona SuperWrap II comprennent :<\/p>\n<ul>\n<li>Syst\u00e8me d&rsquo;enroulement de tuyaux composites pour la r\u00e9paration de g\u00e9om\u00e9tries complexes de tuyaux, y compris les coudes, sections droites et t\u00e9s de raccordement.<\/li>\n<li>R\u00e9parations localis\u00e9es compatibles sur des tuyaux de grand diam\u00e8tre (plus de 600 mm) et des parois de r\u00e9servoirs.<\/li>\n<li>R\u00e9paration de d\u00e9fauts traversants ou proches de la paroi sur des tuyaux et des parois de r\u00e9servoirs.<\/li>\n<\/ul>\n<p>DONN\u00c9ES TECHNIQUES DE BELZONA SUPERWRAP II Pour toute donn\u00e9e technique suppl\u00e9mentaire sur Belzona SuperWrap II ou sur notre gamme de bandes de r\u00e9paration, contactez-nous.<\/p>\n","protected":false},"featured_media":852,"template":"","meta":{"_acf_changed":false,"content-type":"","editor_notices":[]},"product_brand":[],"product_cat":[30],"product_tag":[],"class_list":{"0":"post-853","1":"product","2":"type-product","3":"status-publish","4":"has-post-thumbnail","6":"product_cat-enveloppement-composite-superwrap-ii","8":"first","9":"instock","10":"featured","11":"taxable","12":"shipping-taxable","13":"product-type-simple"},"acf":[],"yoast_head":"<!-- This site is optimized with the Yoast SEO plugin v27.3 - https:\/\/yoast.com\/product\/yoast-seo-wordpress\/ -->\n<title>Belzona SuperWrap II \u2013 Bande de r\u00e9paration | Perspect BE<\/title>\n<meta name=\"description\" content=\"La bande reparation SuperWrap II renforce et restaure tuyaux et r\u00e9servoirs selon ISO 24817. Solution composite haute performance. Contactez-nous.\" \/>\n<meta name=\"robots\" content=\"index, follow, max-snippet:-1, max-image-preview:large, max-video-preview:-1\" \/>\n<link rel=\"canonical\" href=\"https:\/\/www.belzona.be\/fr\/product\/enveloppement-composite-superwrap-ii\/belzona-superwrap-ii\/\" \/>\n<meta property=\"og:locale\" content=\"fr_FR\" \/>\n<meta property=\"og:type\" content=\"article\" \/>\n<meta property=\"og:title\" content=\"Belzona SuperWrap II \u2013 Bande de r\u00e9paration | Perspect BE\" \/>\n<meta property=\"og:description\" content=\"La bande reparation SuperWrap II renforce et restaure tuyaux et r\u00e9servoirs selon ISO 24817. Solution composite haute performance. Contactez-nous.\" \/>\n<meta property=\"og:url\" content=\"https:\/\/www.belzona.be\/fr\/product\/enveloppement-composite-superwrap-ii\/belzona-superwrap-ii\/\" \/>\n<meta property=\"og:site_name\" content=\"Belzona Perspect Belgique FR\" \/>\n<meta property=\"article:modified_time\" content=\"2025-12-08T20:05:02+00:00\" \/>\n<meta property=\"og:image\" content=\"https:\/\/www.belzona.be\/fr\/wp-content\/uploads\/sites\/4\/2023\/04\/superwrap-stock-featured-min.jpg\" \/>\n\t<meta property=\"og:image:width\" content=\"1920\" \/>\n\t<meta property=\"og:image:height\" content=\"1080\" \/>\n\t<meta property=\"og:image:type\" content=\"image\/jpeg\" \/>\n<meta name=\"twitter:card\" content=\"summary_large_image\" \/>\n<meta name=\"twitter:label1\" content=\"Dur\u00e9e de lecture est.\" \/>\n\t<meta name=\"twitter:data1\" content=\"1 minute\" \/>\n<script type=\"application\/ld+json\" class=\"yoast-schema-graph\">{\"@context\":\"https:\\\/\\\/schema.org\",\"@graph\":[{\"@type\":\"WebPage\",\"@id\":\"https:\\\/\\\/www.belzona.be\\\/fr\\\/product\\\/enveloppement-composite-superwrap-ii\\\/belzona-superwrap-ii\\\/\",\"url\":\"https:\\\/\\\/www.belzona.be\\\/fr\\\/product\\\/enveloppement-composite-superwrap-ii\\\/belzona-superwrap-ii\\\/\",\"name\":\"Belzona SuperWrap II \u2013 Bande de r\u00e9paration | Perspect BE\",\"isPartOf\":{\"@id\":\"https:\\\/\\\/www.belzona.be\\\/fr\\\/#website\"},\"primaryImageOfPage\":{\"@id\":\"https:\\\/\\\/www.belzona.be\\\/fr\\\/product\\\/enveloppement-composite-superwrap-ii\\\/belzona-superwrap-ii\\\/#primaryimage\"},\"image\":{\"@id\":\"https:\\\/\\\/www.belzona.be\\\/fr\\\/product\\\/enveloppement-composite-superwrap-ii\\\/belzona-superwrap-ii\\\/#primaryimage\"},\"thumbnailUrl\":\"https:\\\/\\\/www.belzona.be\\\/fr\\\/wp-content\\\/uploads\\\/sites\\\/4\\\/2023\\\/04\\\/superwrap-stock-featured-min.jpg\",\"datePublished\":\"2023-04-11T12:33:01+00:00\",\"dateModified\":\"2025-12-08T20:05:02+00:00\",\"description\":\"La bande reparation SuperWrap II renforce et restaure tuyaux et r\u00e9servoirs selon ISO 24817. Solution composite haute performance. Contactez-nous.\",\"breadcrumb\":{\"@id\":\"https:\\\/\\\/www.belzona.be\\\/fr\\\/product\\\/enveloppement-composite-superwrap-ii\\\/belzona-superwrap-ii\\\/#breadcrumb\"},\"inLanguage\":\"fr-BE\",\"potentialAction\":[{\"@type\":\"ReadAction\",\"target\":[\"https:\\\/\\\/www.belzona.be\\\/fr\\\/product\\\/enveloppement-composite-superwrap-ii\\\/belzona-superwrap-ii\\\/\"]}]},{\"@type\":\"ImageObject\",\"inLanguage\":\"fr-BE\",\"@id\":\"https:\\\/\\\/www.belzona.be\\\/fr\\\/product\\\/enveloppement-composite-superwrap-ii\\\/belzona-superwrap-ii\\\/#primaryimage\",\"url\":\"https:\\\/\\\/www.belzona.be\\\/fr\\\/wp-content\\\/uploads\\\/sites\\\/4\\\/2023\\\/04\\\/superwrap-stock-featured-min.jpg\",\"contentUrl\":\"https:\\\/\\\/www.belzona.be\\\/fr\\\/wp-content\\\/uploads\\\/sites\\\/4\\\/2023\\\/04\\\/superwrap-stock-featured-min.jpg\",\"width\":1920,\"height\":1080},{\"@type\":\"BreadcrumbList\",\"@id\":\"https:\\\/\\\/www.belzona.be\\\/fr\\\/product\\\/enveloppement-composite-superwrap-ii\\\/belzona-superwrap-ii\\\/#breadcrumb\",\"itemListElement\":[{\"@type\":\"ListItem\",\"position\":1,\"name\":\"Accueil\",\"item\":\"https:\\\/\\\/www.belzona.be\\\/fr\\\/\"},{\"@type\":\"ListItem\",\"position\":2,\"name\":\"Produits\",\"item\":\"https:\\\/\\\/www.belzona.be\\\/fr\\\/produits\\\/\"},{\"@type\":\"ListItem\",\"position\":3,\"name\":\"Belzona SuperWrap II \u2013 Bande de r\u00e9paration composite\"}]},{\"@type\":\"WebSite\",\"@id\":\"https:\\\/\\\/www.belzona.be\\\/fr\\\/#website\",\"url\":\"https:\\\/\\\/www.belzona.be\\\/fr\\\/\",\"name\":\"Belzona Perspect Belgique FR\",\"description\":\"Belzona : r\u00e9paration, protection et am\u00e9lioration des surfaces. Belzona pr\u00e9vient et r\u00e9pare l&#039;\u00e9rosion, la corrosion, l&#039;abrasion, ainsi que les d\u00e9gradations chimiques et m\u00e9caniques.\",\"potentialAction\":[{\"@type\":\"SearchAction\",\"target\":{\"@type\":\"EntryPoint\",\"urlTemplate\":\"https:\\\/\\\/www.belzona.be\\\/fr\\\/?s={search_term_string}\"},\"query-input\":{\"@type\":\"PropertyValueSpecification\",\"valueRequired\":true,\"valueName\":\"search_term_string\"}}],\"inLanguage\":\"fr-BE\"}]}<\/script>\n<!-- \/ Yoast SEO plugin. -->","yoast_head_json":{"title":"Belzona SuperWrap II \u2013 Bande de r\u00e9paration | Perspect BE","description":"La bande reparation SuperWrap II renforce et restaure tuyaux et r\u00e9servoirs selon ISO 24817. Solution composite haute performance. Contactez-nous.","robots":{"index":"index","follow":"follow","max-snippet":"max-snippet:-1","max-image-preview":"max-image-preview:large","max-video-preview":"max-video-preview:-1"},"canonical":"https:\/\/www.belzona.be\/fr\/product\/enveloppement-composite-superwrap-ii\/belzona-superwrap-ii\/","og_locale":"fr_FR","og_type":"article","og_title":"Belzona SuperWrap II \u2013 Bande de r\u00e9paration | Perspect BE","og_description":"La bande reparation SuperWrap II renforce et restaure tuyaux et r\u00e9servoirs selon ISO 24817. Solution composite haute performance. Contactez-nous.","og_url":"https:\/\/www.belzona.be\/fr\/product\/enveloppement-composite-superwrap-ii\/belzona-superwrap-ii\/","og_site_name":"Belzona Perspect Belgique FR","article_modified_time":"2025-12-08T20:05:02+00:00","og_image":[{"width":1920,"height":1080,"url":"https:\/\/www.belzona.be\/fr\/wp-content\/uploads\/sites\/4\/2023\/04\/superwrap-stock-featured-min.jpg","type":"image\/jpeg"}],"twitter_card":"summary_large_image","twitter_misc":{"Dur\u00e9e de lecture est.":"1 minute"},"schema":{"@context":"https:\/\/schema.org","@graph":[{"@type":"WebPage","@id":"https:\/\/www.belzona.be\/fr\/product\/enveloppement-composite-superwrap-ii\/belzona-superwrap-ii\/","url":"https:\/\/www.belzona.be\/fr\/product\/enveloppement-composite-superwrap-ii\/belzona-superwrap-ii\/","name":"Belzona SuperWrap II \u2013 Bande de r\u00e9paration | Perspect BE","isPartOf":{"@id":"https:\/\/www.belzona.be\/fr\/#website"},"primaryImageOfPage":{"@id":"https:\/\/www.belzona.be\/fr\/product\/enveloppement-composite-superwrap-ii\/belzona-superwrap-ii\/#primaryimage"},"image":{"@id":"https:\/\/www.belzona.be\/fr\/product\/enveloppement-composite-superwrap-ii\/belzona-superwrap-ii\/#primaryimage"},"thumbnailUrl":"https:\/\/www.belzona.be\/fr\/wp-content\/uploads\/sites\/4\/2023\/04\/superwrap-stock-featured-min.jpg","datePublished":"2023-04-11T12:33:01+00:00","dateModified":"2025-12-08T20:05:02+00:00","description":"La bande reparation SuperWrap II renforce et restaure tuyaux et r\u00e9servoirs selon ISO 24817. Solution composite haute performance. Contactez-nous.","breadcrumb":{"@id":"https:\/\/www.belzona.be\/fr\/product\/enveloppement-composite-superwrap-ii\/belzona-superwrap-ii\/#breadcrumb"},"inLanguage":"fr-BE","potentialAction":[{"@type":"ReadAction","target":["https:\/\/www.belzona.be\/fr\/product\/enveloppement-composite-superwrap-ii\/belzona-superwrap-ii\/"]}]},{"@type":"ImageObject","inLanguage":"fr-BE","@id":"https:\/\/www.belzona.be\/fr\/product\/enveloppement-composite-superwrap-ii\/belzona-superwrap-ii\/#primaryimage","url":"https:\/\/www.belzona.be\/fr\/wp-content\/uploads\/sites\/4\/2023\/04\/superwrap-stock-featured-min.jpg","contentUrl":"https:\/\/www.belzona.be\/fr\/wp-content\/uploads\/sites\/4\/2023\/04\/superwrap-stock-featured-min.jpg","width":1920,"height":1080},{"@type":"BreadcrumbList","@id":"https:\/\/www.belzona.be\/fr\/product\/enveloppement-composite-superwrap-ii\/belzona-superwrap-ii\/#breadcrumb","itemListElement":[{"@type":"ListItem","position":1,"name":"Accueil","item":"https:\/\/www.belzona.be\/fr\/"},{"@type":"ListItem","position":2,"name":"Produits","item":"https:\/\/www.belzona.be\/fr\/produits\/"},{"@type":"ListItem","position":3,"name":"Belzona SuperWrap II \u2013 Bande de r\u00e9paration composite"}]},{"@type":"WebSite","@id":"https:\/\/www.belzona.be\/fr\/#website","url":"https:\/\/www.belzona.be\/fr\/","name":"Belzona Perspect Belgique FR","description":"Belzona : r\u00e9paration, protection et am\u00e9lioration des surfaces. Belzona pr\u00e9vient et r\u00e9pare l&#039;\u00e9rosion, la corrosion, l&#039;abrasion, ainsi que les d\u00e9gradations chimiques et m\u00e9caniques.","potentialAction":[{"@type":"SearchAction","target":{"@type":"EntryPoint","urlTemplate":"https:\/\/www.belzona.be\/fr\/?s={search_term_string}"},"query-input":{"@type":"PropertyValueSpecification","valueRequired":true,"valueName":"search_term_string"}}],"inLanguage":"fr-BE"}]}},"_links":{"self":[{"href":"https:\/\/www.belzona.be\/fr\/wp-json\/wp\/v2\/product\/853","targetHints":{"allow":["GET"]}}],"collection":[{"href":"https:\/\/www.belzona.be\/fr\/wp-json\/wp\/v2\/product"}],"about":[{"href":"https:\/\/www.belzona.be\/fr\/wp-json\/wp\/v2\/types\/product"}],"wp:featuredmedia":[{"embeddable":true,"href":"https:\/\/www.belzona.be\/fr\/wp-json\/wp\/v2\/media\/852"}],"wp:attachment":[{"href":"https:\/\/www.belzona.be\/fr\/wp-json\/wp\/v2\/media?parent=853"}],"wp:term":[{"taxonomy":"product_brand","embeddable":true,"href":"https:\/\/www.belzona.be\/fr\/wp-json\/wp\/v2\/product_brand?post=853"},{"taxonomy":"product_cat","embeddable":true,"href":"https:\/\/www.belzona.be\/fr\/wp-json\/wp\/v2\/product_cat?post=853"},{"taxonomy":"product_tag","embeddable":true,"href":"https:\/\/www.belzona.be\/fr\/wp-json\/wp\/v2\/product_tag?post=853"}],"curies":[{"name":"wp","href":"https:\/\/api.w.org\/{rel}","templated":true}]}}