{"id":709,"date":"2023-03-27T11:07:35","date_gmt":"2023-03-27T10:07:35","guid":{"rendered":"https:\/\/www.belzona.nl\/?post_type=product&#038;p=709"},"modified":"2025-12-08T20:54:55","modified_gmt":"2025-12-08T19:54:55","slug":"belzona-marine-repair-kit","status":"publish","type":"product","link":"https:\/\/www.belzona.be\/fr\/product\/autres-series\/belzona-marine-repair-kit\/","title":{"rendered":"Belzona \u2013 Kit de r\u00e9paration marine"},"content":{"rendered":"","protected":false},"excerpt":{"rendered":"<div class=\"flex-1 overflow-hidden\">\n<div class=\"react-scroll-to-bottom--css-vhanw-79elbk h-full\">\n<div class=\"react-scroll-to-bottom--css-vhanw-1n7m0yu\">\n<div class=\"flex flex-col text-sm pb-9\">\n<div class=\"w-full text-token-text-primary\" data-testid=\"conversation-turn-207\">\n<div class=\"px-4 py-2 justify-center text-base md:gap-6 m-auto\">\n<div class=\"flex flex-1 text-base mx-auto gap-3 md:px-5 lg:px-1 xl:px-5 md:max-w-3xl lg:max-w-[40rem] xl:max-w-[48rem] group final-completion\">\n<div class=\"relative flex w-full flex-col agent-turn\">\n<div class=\"flex-col gap-1 md:gap-3\">\n<div class=\"flex flex-grow flex-col max-w-full\">\n<div class=\"min-h-[20px] text-message flex flex-col items-start gap-3 whitespace-pre-wrap break-words [.text-message+&amp;]:mt-5 overflow-x-auto\" data-message-author-role=\"assistant\" data-message-id=\"33555961-f393-4e08-9bbd-180d2c12d7ab\">\n<div class=\"markdown prose w-full break-words dark:prose-invert light\">\n<p>Belzona Marine Repair Kit: un ensemble sp\u00e9cialement con\u00e7u pour colmater rapidement des fuites ou dommages sur \u00e9quipements et conduites marines. Le Belzona Marine Repair Kit est fourni dans une mallette d\u2019intervention, pour disposer imm\u00e9diatement de tous les produits n\u00e9cessaires \u00e0 bord.<\/p>\n<ul>\n<li><a href=\"https:\/\/www.belzona.be\/fr\/product\/serie-1000-metal-liquide-et-malleable\/belzona-1111\/\">Belzona 1111<\/a> (2x1kg)<\/li>\n<li><a href=\"https:\/\/www.belzona.be\/fr\/product\/serie-1000-metal-liquide-et-malleable\/belzona-1161\/\">Belzona 1161<\/a> (1x1kg)<\/li>\n<li><a href=\"https:\/\/www.belzona.be\/fr\/product\/serie-1000-metal-liquide-et-malleable\/belzona-1221-super-e-metal-reparatiepasta\/\">Belzona 1221<\/a> (4x125g)<\/li>\n<li><a href=\"https:\/\/www.belzona.be\/fr\/product\/autres-series\/belzona-9611-es-metal-2\/\">Belzona 9611<\/a> (2 b\u00e2tonnets)<\/li>\n<li><a href=\"https:\/\/www.belzona.be\/fr\/product\/autres-series\/belzona-9341-reinforcement-sheets\/\">Belzona 934<\/a>1 (1x10m*7,5cm)<\/li>\n<li><a href=\"https:\/\/www.belzona.be\/fr\/product\/autres-series\/belzona-9111-cleaner-degreaser\/\">Belzona 9111<\/a> (1 pi\u00e8ce)<\/li>\n<li><a href=\"https:\/\/www.belzona.be\/fr\/product\/autres-series\/belzona-9411-release-agent\/\">Belzona 9411<\/a> (1 pi\u00e8ce)<\/li>\n<li>Tapis de travail Belzona (4 pi\u00e8ces)<\/li>\n<li>Spatules Belzona (4 pi\u00e8ces)<\/li>\n<li>Applicateur Belzona (4 pi\u00e8ces)<\/li>\n<li>Tourniquet Belzona (1 pi\u00e8ce)<\/li>\n<li>Autres articles dans la mallette : brosse en acier (1), pinceaux (3) et gants (6).<\/li>\n<\/ul>\n<p><strong>Informations sur le Belzona Marine Repair Kit<\/strong><\/p>\n<p>Vous souhaitez obtenir des conseils personnalis\u00e9s sur la mani\u00e8re la mani\u00e8re la plus efficace pour r\u00e9parer, prot\u00e9ger ou prolonger la dur\u00e9e de vie de vos installations ? N&rsquo;h\u00e9sitez pas \u00e0 nous contacter. Pour plus d&rsquo;informations sur la Belzona Marine Repair KIT, vous pouvez \u00e9galement appeler le +32 (0) 489849090<\/p>\n<p>Ce kit de r\u00e9paration marine Belzona regroupe l\u2019ensemble des mat\u00e9riaux et outils n\u00e9cessaires pour intervenir rapidement sur les syst\u00e8mes marins essentiels.<\/p>\n<\/div>\n<\/div>\n<\/div>\n<div class=\"mt-1 flex justify-start gap-3 empty:hidden\">\n<div class=\"text-gray-400 flex self-end lg:self-center items-center justify-center lg:justify-start mt-0 -ml-1 h-7 gap-[2px] visible\">\n<div class=\"flex\"><\/div>\n<\/div>\n<\/div>\n<div class=\"pr-2 lg:pr-0\"><\/div>\n<\/div>\n<\/div>\n<\/div>\n<\/div>\n<\/div>\n<\/div>\n<\/div>\n<\/div>\n<\/div>\n<div class=\"w-full pt-2 md:pt-0 dark:border-white\/20 md:border-transparent md:dark:border-transparent md:w-[calc(100%-.5rem)]\">\n<div class=\"relative flex h-full flex-1 flex-col\">\n<div class=\"flex w-full items-center\"><\/div>\n<\/div>\n<\/div>\n","protected":false},"featured_media":710,"template":"","meta":{"_acf_changed":false,"content-type":"","editor_notices":[]},"product_brand":[],"product_cat":[29],"product_tag":[],"class_list":{"0":"post-709","1":"product","2":"type-product","3":"status-publish","4":"has-post-thumbnail","6":"product_cat-autres-series","8":"first","9":"instock","10":"taxable","11":"shipping-taxable","12":"product-type-simple"},"acf":[],"yoast_head":"<!-- This site is optimized with the Yoast SEO plugin v27.3 - https:\/\/yoast.com\/product\/yoast-seo-wordpress\/ -->\n<title>Belzona \u2013 Kit r\u00e9paration marine complet | Perspect BE<\/title>\n<meta name=\"description\" content=\"Le kit reparation marine Belzona permet d\u2019intervenir sur vos installations maritimes. D\u00e9couvrez le Marine Repair Kit et contactez-nous pour un conseil.\" \/>\n<meta name=\"robots\" content=\"index, follow, max-snippet:-1, max-image-preview:large, max-video-preview:-1\" \/>\n<link rel=\"canonical\" href=\"https:\/\/www.belzona.be\/fr\/product\/autres-series\/belzona-marine-repair-kit\/\" \/>\n<meta property=\"og:locale\" content=\"fr_FR\" \/>\n<meta property=\"og:type\" content=\"article\" \/>\n<meta property=\"og:title\" content=\"Belzona \u2013 Kit r\u00e9paration marine complet | Perspect BE\" \/>\n<meta property=\"og:description\" content=\"Le kit reparation marine Belzona permet d\u2019intervenir sur vos installations maritimes. D\u00e9couvrez le Marine Repair Kit et contactez-nous pour un conseil.\" \/>\n<meta property=\"og:url\" content=\"https:\/\/www.belzona.be\/fr\/product\/autres-series\/belzona-marine-repair-kit\/\" \/>\n<meta property=\"og:site_name\" content=\"Belzona Perspect Belgique FR\" \/>\n<meta property=\"article:modified_time\" content=\"2025-12-08T19:54:55+00:00\" \/>\n<meta property=\"og:image\" content=\"https:\/\/www.belzona.be\/fr\/wp-content\/uploads\/sites\/4\/2023\/03\/marine-repair-kit-1.jpg\" \/>\n\t<meta property=\"og:image:width\" content=\"647\" \/>\n\t<meta property=\"og:image:height\" content=\"647\" \/>\n\t<meta property=\"og:image:type\" content=\"image\/jpeg\" \/>\n<meta name=\"twitter:card\" content=\"summary_large_image\" \/>\n<meta name=\"twitter:label1\" content=\"Dur\u00e9e de lecture est.\" \/>\n\t<meta name=\"twitter:data1\" content=\"1 minute\" \/>\n<script type=\"application\/ld+json\" class=\"yoast-schema-graph\">{\"@context\":\"https:\\\/\\\/schema.org\",\"@graph\":[{\"@type\":\"WebPage\",\"@id\":\"https:\\\/\\\/www.belzona.be\\\/fr\\\/product\\\/autres-series\\\/belzona-marine-repair-kit\\\/\",\"url\":\"https:\\\/\\\/www.belzona.be\\\/fr\\\/product\\\/autres-series\\\/belzona-marine-repair-kit\\\/\",\"name\":\"Belzona \u2013 Kit r\u00e9paration marine complet | Perspect BE\",\"isPartOf\":{\"@id\":\"https:\\\/\\\/www.belzona.be\\\/fr\\\/#website\"},\"primaryImageOfPage\":{\"@id\":\"https:\\\/\\\/www.belzona.be\\\/fr\\\/product\\\/autres-series\\\/belzona-marine-repair-kit\\\/#primaryimage\"},\"image\":{\"@id\":\"https:\\\/\\\/www.belzona.be\\\/fr\\\/product\\\/autres-series\\\/belzona-marine-repair-kit\\\/#primaryimage\"},\"thumbnailUrl\":\"https:\\\/\\\/www.belzona.be\\\/fr\\\/wp-content\\\/uploads\\\/sites\\\/4\\\/2023\\\/03\\\/marine-repair-kit-1.jpg\",\"datePublished\":\"2023-03-27T10:07:35+00:00\",\"dateModified\":\"2025-12-08T19:54:55+00:00\",\"description\":\"Le kit reparation marine Belzona permet d\u2019intervenir sur vos installations maritimes. D\u00e9couvrez le Marine Repair Kit et contactez-nous pour un conseil.\",\"breadcrumb\":{\"@id\":\"https:\\\/\\\/www.belzona.be\\\/fr\\\/product\\\/autres-series\\\/belzona-marine-repair-kit\\\/#breadcrumb\"},\"inLanguage\":\"fr-BE\",\"potentialAction\":[{\"@type\":\"ReadAction\",\"target\":[\"https:\\\/\\\/www.belzona.be\\\/fr\\\/product\\\/autres-series\\\/belzona-marine-repair-kit\\\/\"]}]},{\"@type\":\"ImageObject\",\"inLanguage\":\"fr-BE\",\"@id\":\"https:\\\/\\\/www.belzona.be\\\/fr\\\/product\\\/autres-series\\\/belzona-marine-repair-kit\\\/#primaryimage\",\"url\":\"https:\\\/\\\/www.belzona.be\\\/fr\\\/wp-content\\\/uploads\\\/sites\\\/4\\\/2023\\\/03\\\/marine-repair-kit-1.jpg\",\"contentUrl\":\"https:\\\/\\\/www.belzona.be\\\/fr\\\/wp-content\\\/uploads\\\/sites\\\/4\\\/2023\\\/03\\\/marine-repair-kit-1.jpg\",\"width\":647,\"height\":647,\"caption\":\"De Belzona Marine Repair Kit bevat een complete set van Belzona producten en gereedschappen om een lekkage snel te verhelpen. De koffer is special samengesteld voor de scheepvaart industrie. De set wordt afgeleverd in een koffer zodat u op locatie altijd alle producten bij de hand heeft op de locatie. Bestel nu de Belzona Marine Repair Kit in onze webshop!\"},{\"@type\":\"BreadcrumbList\",\"@id\":\"https:\\\/\\\/www.belzona.be\\\/fr\\\/product\\\/autres-series\\\/belzona-marine-repair-kit\\\/#breadcrumb\",\"itemListElement\":[{\"@type\":\"ListItem\",\"position\":1,\"name\":\"Accueil\",\"item\":\"https:\\\/\\\/www.belzona.be\\\/fr\\\/\"},{\"@type\":\"ListItem\",\"position\":2,\"name\":\"Produits\",\"item\":\"https:\\\/\\\/www.belzona.be\\\/fr\\\/produits\\\/\"},{\"@type\":\"ListItem\",\"position\":3,\"name\":\"Belzona \u2013 Kit de r\u00e9paration marine\"}]},{\"@type\":\"WebSite\",\"@id\":\"https:\\\/\\\/www.belzona.be\\\/fr\\\/#website\",\"url\":\"https:\\\/\\\/www.belzona.be\\\/fr\\\/\",\"name\":\"Belzona Perspect Belgique FR\",\"description\":\"Belzona : r\u00e9paration, protection et am\u00e9lioration des surfaces. Belzona pr\u00e9vient et r\u00e9pare l&#039;\u00e9rosion, la corrosion, l&#039;abrasion, ainsi que les d\u00e9gradations chimiques et m\u00e9caniques.\",\"potentialAction\":[{\"@type\":\"SearchAction\",\"target\":{\"@type\":\"EntryPoint\",\"urlTemplate\":\"https:\\\/\\\/www.belzona.be\\\/fr\\\/?s={search_term_string}\"},\"query-input\":{\"@type\":\"PropertyValueSpecification\",\"valueRequired\":true,\"valueName\":\"search_term_string\"}}],\"inLanguage\":\"fr-BE\"}]}<\/script>\n<!-- \/ Yoast SEO plugin. -->","yoast_head_json":{"title":"Belzona \u2013 Kit r\u00e9paration marine complet | Perspect BE","description":"Le kit reparation marine Belzona permet d\u2019intervenir sur vos installations maritimes. D\u00e9couvrez le Marine Repair Kit et contactez-nous pour un conseil.","robots":{"index":"index","follow":"follow","max-snippet":"max-snippet:-1","max-image-preview":"max-image-preview:large","max-video-preview":"max-video-preview:-1"},"canonical":"https:\/\/www.belzona.be\/fr\/product\/autres-series\/belzona-marine-repair-kit\/","og_locale":"fr_FR","og_type":"article","og_title":"Belzona \u2013 Kit r\u00e9paration marine complet | Perspect BE","og_description":"Le kit reparation marine Belzona permet d\u2019intervenir sur vos installations maritimes. D\u00e9couvrez le Marine Repair Kit et contactez-nous pour un conseil.","og_url":"https:\/\/www.belzona.be\/fr\/product\/autres-series\/belzona-marine-repair-kit\/","og_site_name":"Belzona Perspect Belgique FR","article_modified_time":"2025-12-08T19:54:55+00:00","og_image":[{"width":647,"height":647,"url":"https:\/\/www.belzona.be\/fr\/wp-content\/uploads\/sites\/4\/2023\/03\/marine-repair-kit-1.jpg","type":"image\/jpeg"}],"twitter_card":"summary_large_image","twitter_misc":{"Dur\u00e9e de lecture est.":"1 minute"},"schema":{"@context":"https:\/\/schema.org","@graph":[{"@type":"WebPage","@id":"https:\/\/www.belzona.be\/fr\/product\/autres-series\/belzona-marine-repair-kit\/","url":"https:\/\/www.belzona.be\/fr\/product\/autres-series\/belzona-marine-repair-kit\/","name":"Belzona \u2013 Kit r\u00e9paration marine complet | Perspect BE","isPartOf":{"@id":"https:\/\/www.belzona.be\/fr\/#website"},"primaryImageOfPage":{"@id":"https:\/\/www.belzona.be\/fr\/product\/autres-series\/belzona-marine-repair-kit\/#primaryimage"},"image":{"@id":"https:\/\/www.belzona.be\/fr\/product\/autres-series\/belzona-marine-repair-kit\/#primaryimage"},"thumbnailUrl":"https:\/\/www.belzona.be\/fr\/wp-content\/uploads\/sites\/4\/2023\/03\/marine-repair-kit-1.jpg","datePublished":"2023-03-27T10:07:35+00:00","dateModified":"2025-12-08T19:54:55+00:00","description":"Le kit reparation marine Belzona permet d\u2019intervenir sur vos installations maritimes. D\u00e9couvrez le Marine Repair Kit et contactez-nous pour un conseil.","breadcrumb":{"@id":"https:\/\/www.belzona.be\/fr\/product\/autres-series\/belzona-marine-repair-kit\/#breadcrumb"},"inLanguage":"fr-BE","potentialAction":[{"@type":"ReadAction","target":["https:\/\/www.belzona.be\/fr\/product\/autres-series\/belzona-marine-repair-kit\/"]}]},{"@type":"ImageObject","inLanguage":"fr-BE","@id":"https:\/\/www.belzona.be\/fr\/product\/autres-series\/belzona-marine-repair-kit\/#primaryimage","url":"https:\/\/www.belzona.be\/fr\/wp-content\/uploads\/sites\/4\/2023\/03\/marine-repair-kit-1.jpg","contentUrl":"https:\/\/www.belzona.be\/fr\/wp-content\/uploads\/sites\/4\/2023\/03\/marine-repair-kit-1.jpg","width":647,"height":647,"caption":"De Belzona Marine Repair Kit bevat een complete set van Belzona producten en gereedschappen om een lekkage snel te verhelpen. De koffer is special samengesteld voor de scheepvaart industrie. De set wordt afgeleverd in een koffer zodat u op locatie altijd alle producten bij de hand heeft op de locatie. Bestel nu de Belzona Marine Repair Kit in onze webshop!"},{"@type":"BreadcrumbList","@id":"https:\/\/www.belzona.be\/fr\/product\/autres-series\/belzona-marine-repair-kit\/#breadcrumb","itemListElement":[{"@type":"ListItem","position":1,"name":"Accueil","item":"https:\/\/www.belzona.be\/fr\/"},{"@type":"ListItem","position":2,"name":"Produits","item":"https:\/\/www.belzona.be\/fr\/produits\/"},{"@type":"ListItem","position":3,"name":"Belzona \u2013 Kit de r\u00e9paration marine"}]},{"@type":"WebSite","@id":"https:\/\/www.belzona.be\/fr\/#website","url":"https:\/\/www.belzona.be\/fr\/","name":"Belzona Perspect Belgique FR","description":"Belzona : r\u00e9paration, protection et am\u00e9lioration des surfaces. Belzona pr\u00e9vient et r\u00e9pare l&#039;\u00e9rosion, la corrosion, l&#039;abrasion, ainsi que les d\u00e9gradations chimiques et m\u00e9caniques.","potentialAction":[{"@type":"SearchAction","target":{"@type":"EntryPoint","urlTemplate":"https:\/\/www.belzona.be\/fr\/?s={search_term_string}"},"query-input":{"@type":"PropertyValueSpecification","valueRequired":true,"valueName":"search_term_string"}}],"inLanguage":"fr-BE"}]}},"_links":{"self":[{"href":"https:\/\/www.belzona.be\/fr\/wp-json\/wp\/v2\/product\/709","targetHints":{"allow":["GET"]}}],"collection":[{"href":"https:\/\/www.belzona.be\/fr\/wp-json\/wp\/v2\/product"}],"about":[{"href":"https:\/\/www.belzona.be\/fr\/wp-json\/wp\/v2\/types\/product"}],"wp:featuredmedia":[{"embeddable":true,"href":"https:\/\/www.belzona.be\/fr\/wp-json\/wp\/v2\/media\/710"}],"wp:attachment":[{"href":"https:\/\/www.belzona.be\/fr\/wp-json\/wp\/v2\/media?parent=709"}],"wp:term":[{"taxonomy":"product_brand","embeddable":true,"href":"https:\/\/www.belzona.be\/fr\/wp-json\/wp\/v2\/product_brand?post=709"},{"taxonomy":"product_cat","embeddable":true,"href":"https:\/\/www.belzona.be\/fr\/wp-json\/wp\/v2\/product_cat?post=709"},{"taxonomy":"product_tag","embeddable":true,"href":"https:\/\/www.belzona.be\/fr\/wp-json\/wp\/v2\/product_tag?post=709"}],"curies":[{"name":"wp","href":"https:\/\/api.w.org\/{rel}","templated":true}]}}