{"id":552,"date":"2022-12-21T12:19:48","date_gmt":"2022-12-21T10:19:48","guid":{"rendered":"https:\/\/www.belzona.nl\/?post_type=product&#038;p=552"},"modified":"2025-12-10T09:05:46","modified_gmt":"2025-12-10T08:05:46","slug":"belzona-1818","status":"publish","type":"product","link":"https:\/\/www.belzona.be\/fr\/product\/revetements\/belzona-1818\/","title":{"rendered":"Belzona 1818 \u2013 Rev\u00eatement c\u00e9ramique \u00e0 durcissement rapide"},"content":{"rendered":"<h3 data-start=\"6307\" data-end=\"6333\">Principaux avantages<\/h3>\n<p data-start=\"6334\" data-end=\"6599\">\u2022 R\u00e9sistance \u00e9lev\u00e9e \u00e0 l\u2019usure, tenue en service jusqu\u2019\u00e0 80\u00b0C<br data-start=\"6394\" data-end=\"6397\" \/>\u2022 Tol\u00e9rance de surface : application sur substrats pr\u00e9par\u00e9s manuellement, mouill\u00e9s ou contamin\u00e9s<br data-start=\"6493\" data-end=\"6496\" \/>\u2022 Durcissement rapide : retour en service en deux heures<br data-start=\"6552\" data-end=\"6555\" \/>\u2022 Application simple sans outils sp\u00e9cialis\u00e9s<\/p>\n<h3 data-start=\"6601\" data-end=\"6628\">Applications typiques<\/h3>\n<p data-start=\"6629\" data-end=\"6807\">Pompes \u00e0 lisier, broyeurs, transporteurs \u00e0 vis, glissi\u00e8res et tr\u00e9mies, hydrocyclones, plaques d\u2019usure, conduites d\u2019aspiration de poussi\u00e8res, arbres d\u2019agitateurs, moyeux et lames.<\/p>\n<div class=\"flex-1 overflow-hidden\">\n<div class=\"react-scroll-to-bottom--css-vhanw-79elbk h-full\">\n<div class=\"react-scroll-to-bottom--css-vhanw-1n7m0yu\">\n<div class=\"flex flex-col text-sm pb-9\">\n<div class=\"w-full text-token-text-primary\" data-testid=\"conversation-turn-209\">\n<div class=\"px-4 py-2 justify-center text-base md:gap-6 m-auto\">\n<div class=\"flex flex-1 text-base mx-auto gap-3 md:px-5 lg:px-1 xl:px-5 md:max-w-3xl lg:max-w-[40rem] xl:max-w-[48rem] group final-completion\">\n<div class=\"relative flex w-full flex-col agent-turn\">\n<div class=\"flex-col gap-1 md:gap-3\">\n<div class=\"mt-1 flex justify-start gap-3 empty:hidden\">\n<div class=\"text-gray-400 flex self-end lg:self-center items-center justify-center lg:justify-start mt-0 -ml-1 h-7 gap-[2px] visible\"><\/div>\n<\/div>\n<\/div>\n<\/div>\n<\/div>\n<\/div>\n<\/div>\n<\/div>\n<\/div>\n<\/div>\n<\/div>\n<p>&nbsp;<\/p>\n","protected":false},"excerpt":{"rendered":"<div class=\"flex-1 overflow-hidden\">\n<div class=\"react-scroll-to-bottom--css-vhanw-79elbk h-full\">\n<div class=\"react-scroll-to-bottom--css-vhanw-1n7m0yu\">\n<div class=\"flex flex-col text-sm pb-9\">\n<div class=\"w-full text-token-text-primary\" data-testid=\"conversation-turn-211\">\n<div class=\"px-4 py-2 justify-center text-base md:gap-6 m-auto\">\n<div class=\"flex flex-1 text-base mx-auto gap-3 md:px-5 lg:px-1 xl:px-5 md:max-w-3xl lg:max-w-[40rem] xl:max-w-[48rem] group final-completion\">\n<div class=\"relative flex w-full flex-col agent-turn\">\n<div class=\"flex-col gap-1 md:gap-3\">\n<div class=\"flex flex-grow flex-col max-w-full\">\n<div class=\"min-h-[20px] text-message flex flex-col items-start gap-3 whitespace-pre-wrap break-words [.text-message+&amp;]:mt-5 overflow-x-auto\" data-message-author-role=\"assistant\" data-message-id=\"14ac58ac-b5eb-42c2-9824-aa2392887a6e\">\n<div class=\"markdown prose w-full break-words dark:prose-invert light\">\n<p data-start=\"5610\" data-end=\"5969\">Belzona 1818 est un rev\u00eatement c\u00e9ramique \u00e0 durcissement rapide, tol\u00e9rant aux surfaces et r\u00e9sistant \u00e0 l\u2019usure, id\u00e9al pour les r\u00e9parations localis\u00e9es sur des zones soumises \u00e0 une forte \u00e9rosion ou abrasion. Son durcissement rapide r\u00e9duit significativement les temps d\u2019arr\u00eat, et le produit peut supporter une charge m\u00e9canique compl\u00e8te apr\u00e8s seulement deux heures.<\/p>\n<p data-start=\"5971\" data-end=\"6305\">Sa tol\u00e9rance de surface permet son application m\u00eame sur des substrats pr\u00e9par\u00e9s manuellement, mouill\u00e9s ou contamin\u00e9s par de l\u2019huile. Belzona 1818 peut \u00e9galement \u00eatre appliqu\u00e9 sous l\u2019eau. Ce produit bicomposant est facile \u00e0 m\u00e9langer et \u00e0 appliquer sans outils sp\u00e9cialis\u00e9s, et s\u2019applique directement sur le substrat sans couche d\u2019appr\u00eat.<\/p>\n<\/div>\n<\/div>\n<\/div>\n<\/div>\n<\/div>\n<\/div>\n<\/div>\n<\/div>\n<\/div>\n<\/div>\n<\/div>\n<\/div>\n","protected":false},"featured_media":1810,"template":"","meta":{"_acf_changed":false,"content-type":"","editor_notices":[]},"product_brand":[],"product_cat":[22],"product_tag":[],"class_list":{"0":"post-552","1":"product","2":"type-product","3":"status-publish","4":"has-post-thumbnail","6":"product_cat-revetements","8":"first","9":"instock","10":"taxable","11":"shipping-taxable","12":"product-type-simple"},"acf":[],"yoast_head":"<!-- This site is optimized with the Yoast SEO plugin v27.3 - https:\/\/yoast.com\/product\/yoast-seo-wordpress\/ -->\n<title>Belzona 1818 : rev\u00eatement c\u00e9ramique | Perspect BE<\/title>\n<meta name=\"description\" content=\"Belzona 1818 est un rev\u00eatement c\u00e9ramique \u00e0 durcissement rapide et id\u00e9al pour r\u00e9parer les zones m\u00e9talliques soumises \u00e0 une forte \u00e9rosion.\" \/>\n<meta name=\"robots\" content=\"index, follow, max-snippet:-1, max-image-preview:large, max-video-preview:-1\" \/>\n<link rel=\"canonical\" href=\"https:\/\/www.belzona.be\/fr\/product\/revetements\/belzona-1818\/\" \/>\n<meta property=\"og:locale\" content=\"fr_FR\" \/>\n<meta property=\"og:type\" content=\"article\" \/>\n<meta property=\"og:title\" content=\"Belzona 1818 : rev\u00eatement c\u00e9ramique | Perspect BE\" \/>\n<meta property=\"og:description\" content=\"Belzona 1818 est un rev\u00eatement c\u00e9ramique \u00e0 durcissement rapide et id\u00e9al pour r\u00e9parer les zones m\u00e9talliques soumises \u00e0 une forte \u00e9rosion.\" \/>\n<meta property=\"og:url\" content=\"https:\/\/www.belzona.be\/fr\/product\/revetements\/belzona-1818\/\" \/>\n<meta property=\"og:site_name\" content=\"Belzona Perspect Belgique FR\" \/>\n<meta property=\"article:modified_time\" content=\"2025-12-10T08:05:46+00:00\" \/>\n<meta property=\"og:image\" content=\"https:\/\/www.belzona.be\/fr\/wp-content\/uploads\/sites\/4\/2022\/12\/Belzona-1818.webp\" \/>\n\t<meta property=\"og:image:width\" content=\"1095\" \/>\n\t<meta property=\"og:image:height\" content=\"796\" \/>\n\t<meta property=\"og:image:type\" content=\"image\/webp\" \/>\n<meta name=\"twitter:card\" content=\"summary_large_image\" \/>\n<meta name=\"twitter:label1\" content=\"Dur\u00e9e de lecture est.\" \/>\n\t<meta name=\"twitter:data1\" content=\"1 minute\" \/>\n<script type=\"application\/ld+json\" class=\"yoast-schema-graph\">{\"@context\":\"https:\\\/\\\/schema.org\",\"@graph\":[{\"@type\":\"WebPage\",\"@id\":\"https:\\\/\\\/www.belzona.be\\\/fr\\\/product\\\/revetements\\\/belzona-1818\\\/\",\"url\":\"https:\\\/\\\/www.belzona.be\\\/fr\\\/product\\\/revetements\\\/belzona-1818\\\/\",\"name\":\"Belzona 1818 : rev\u00eatement c\u00e9ramique | Perspect BE\",\"isPartOf\":{\"@id\":\"https:\\\/\\\/www.belzona.be\\\/fr\\\/#website\"},\"primaryImageOfPage\":{\"@id\":\"https:\\\/\\\/www.belzona.be\\\/fr\\\/product\\\/revetements\\\/belzona-1818\\\/#primaryimage\"},\"image\":{\"@id\":\"https:\\\/\\\/www.belzona.be\\\/fr\\\/product\\\/revetements\\\/belzona-1818\\\/#primaryimage\"},\"thumbnailUrl\":\"https:\\\/\\\/www.belzona.be\\\/fr\\\/wp-content\\\/uploads\\\/sites\\\/4\\\/2022\\\/12\\\/Belzona-1818.webp\",\"datePublished\":\"2022-12-21T10:19:48+00:00\",\"dateModified\":\"2025-12-10T08:05:46+00:00\",\"description\":\"Belzona 1818 est un rev\u00eatement c\u00e9ramique \u00e0 durcissement rapide et id\u00e9al pour r\u00e9parer les zones m\u00e9talliques soumises \u00e0 une forte \u00e9rosion.\",\"breadcrumb\":{\"@id\":\"https:\\\/\\\/www.belzona.be\\\/fr\\\/product\\\/revetements\\\/belzona-1818\\\/#breadcrumb\"},\"inLanguage\":\"fr-BE\",\"potentialAction\":[{\"@type\":\"ReadAction\",\"target\":[\"https:\\\/\\\/www.belzona.be\\\/fr\\\/product\\\/revetements\\\/belzona-1818\\\/\"]}]},{\"@type\":\"ImageObject\",\"inLanguage\":\"fr-BE\",\"@id\":\"https:\\\/\\\/www.belzona.be\\\/fr\\\/product\\\/revetements\\\/belzona-1818\\\/#primaryimage\",\"url\":\"https:\\\/\\\/www.belzona.be\\\/fr\\\/wp-content\\\/uploads\\\/sites\\\/4\\\/2022\\\/12\\\/Belzona-1818.webp\",\"contentUrl\":\"https:\\\/\\\/www.belzona.be\\\/fr\\\/wp-content\\\/uploads\\\/sites\\\/4\\\/2022\\\/12\\\/Belzona-1818.webp\",\"width\":1095,\"height\":796,\"caption\":\"Belzona 1818\"},{\"@type\":\"BreadcrumbList\",\"@id\":\"https:\\\/\\\/www.belzona.be\\\/fr\\\/product\\\/revetements\\\/belzona-1818\\\/#breadcrumb\",\"itemListElement\":[{\"@type\":\"ListItem\",\"position\":1,\"name\":\"Accueil\",\"item\":\"https:\\\/\\\/www.belzona.be\\\/fr\\\/\"},{\"@type\":\"ListItem\",\"position\":2,\"name\":\"Produits\",\"item\":\"https:\\\/\\\/www.belzona.be\\\/fr\\\/produits\\\/\"},{\"@type\":\"ListItem\",\"position\":3,\"name\":\"Belzona 1818 \u2013 Rev\u00eatement c\u00e9ramique \u00e0 durcissement rapide\"}]},{\"@type\":\"WebSite\",\"@id\":\"https:\\\/\\\/www.belzona.be\\\/fr\\\/#website\",\"url\":\"https:\\\/\\\/www.belzona.be\\\/fr\\\/\",\"name\":\"Belzona Perspect Belgique FR\",\"description\":\"Belzona : r\u00e9paration, protection et am\u00e9lioration des surfaces. Belzona pr\u00e9vient et r\u00e9pare l&#039;\u00e9rosion, la corrosion, l&#039;abrasion, ainsi que les d\u00e9gradations chimiques et m\u00e9caniques.\",\"potentialAction\":[{\"@type\":\"SearchAction\",\"target\":{\"@type\":\"EntryPoint\",\"urlTemplate\":\"https:\\\/\\\/www.belzona.be\\\/fr\\\/?s={search_term_string}\"},\"query-input\":{\"@type\":\"PropertyValueSpecification\",\"valueRequired\":true,\"valueName\":\"search_term_string\"}}],\"inLanguage\":\"fr-BE\"}]}<\/script>\n<!-- \/ Yoast SEO plugin. -->","yoast_head_json":{"title":"Belzona 1818 : rev\u00eatement c\u00e9ramique | Perspect BE","description":"Belzona 1818 est un rev\u00eatement c\u00e9ramique \u00e0 durcissement rapide et id\u00e9al pour r\u00e9parer les zones m\u00e9talliques soumises \u00e0 une forte \u00e9rosion.","robots":{"index":"index","follow":"follow","max-snippet":"max-snippet:-1","max-image-preview":"max-image-preview:large","max-video-preview":"max-video-preview:-1"},"canonical":"https:\/\/www.belzona.be\/fr\/product\/revetements\/belzona-1818\/","og_locale":"fr_FR","og_type":"article","og_title":"Belzona 1818 : rev\u00eatement c\u00e9ramique | Perspect BE","og_description":"Belzona 1818 est un rev\u00eatement c\u00e9ramique \u00e0 durcissement rapide et id\u00e9al pour r\u00e9parer les zones m\u00e9talliques soumises \u00e0 une forte \u00e9rosion.","og_url":"https:\/\/www.belzona.be\/fr\/product\/revetements\/belzona-1818\/","og_site_name":"Belzona Perspect Belgique FR","article_modified_time":"2025-12-10T08:05:46+00:00","og_image":[{"width":1095,"height":796,"url":"https:\/\/www.belzona.be\/fr\/wp-content\/uploads\/sites\/4\/2022\/12\/Belzona-1818.webp","type":"image\/webp"}],"twitter_card":"summary_large_image","twitter_misc":{"Dur\u00e9e de lecture est.":"1 minute"},"schema":{"@context":"https:\/\/schema.org","@graph":[{"@type":"WebPage","@id":"https:\/\/www.belzona.be\/fr\/product\/revetements\/belzona-1818\/","url":"https:\/\/www.belzona.be\/fr\/product\/revetements\/belzona-1818\/","name":"Belzona 1818 : rev\u00eatement c\u00e9ramique | Perspect BE","isPartOf":{"@id":"https:\/\/www.belzona.be\/fr\/#website"},"primaryImageOfPage":{"@id":"https:\/\/www.belzona.be\/fr\/product\/revetements\/belzona-1818\/#primaryimage"},"image":{"@id":"https:\/\/www.belzona.be\/fr\/product\/revetements\/belzona-1818\/#primaryimage"},"thumbnailUrl":"https:\/\/www.belzona.be\/fr\/wp-content\/uploads\/sites\/4\/2022\/12\/Belzona-1818.webp","datePublished":"2022-12-21T10:19:48+00:00","dateModified":"2025-12-10T08:05:46+00:00","description":"Belzona 1818 est un rev\u00eatement c\u00e9ramique \u00e0 durcissement rapide et id\u00e9al pour r\u00e9parer les zones m\u00e9talliques soumises \u00e0 une forte \u00e9rosion.","breadcrumb":{"@id":"https:\/\/www.belzona.be\/fr\/product\/revetements\/belzona-1818\/#breadcrumb"},"inLanguage":"fr-BE","potentialAction":[{"@type":"ReadAction","target":["https:\/\/www.belzona.be\/fr\/product\/revetements\/belzona-1818\/"]}]},{"@type":"ImageObject","inLanguage":"fr-BE","@id":"https:\/\/www.belzona.be\/fr\/product\/revetements\/belzona-1818\/#primaryimage","url":"https:\/\/www.belzona.be\/fr\/wp-content\/uploads\/sites\/4\/2022\/12\/Belzona-1818.webp","contentUrl":"https:\/\/www.belzona.be\/fr\/wp-content\/uploads\/sites\/4\/2022\/12\/Belzona-1818.webp","width":1095,"height":796,"caption":"Belzona 1818"},{"@type":"BreadcrumbList","@id":"https:\/\/www.belzona.be\/fr\/product\/revetements\/belzona-1818\/#breadcrumb","itemListElement":[{"@type":"ListItem","position":1,"name":"Accueil","item":"https:\/\/www.belzona.be\/fr\/"},{"@type":"ListItem","position":2,"name":"Produits","item":"https:\/\/www.belzona.be\/fr\/produits\/"},{"@type":"ListItem","position":3,"name":"Belzona 1818 \u2013 Rev\u00eatement c\u00e9ramique \u00e0 durcissement rapide"}]},{"@type":"WebSite","@id":"https:\/\/www.belzona.be\/fr\/#website","url":"https:\/\/www.belzona.be\/fr\/","name":"Belzona Perspect Belgique FR","description":"Belzona : r\u00e9paration, protection et am\u00e9lioration des surfaces. Belzona pr\u00e9vient et r\u00e9pare l&#039;\u00e9rosion, la corrosion, l&#039;abrasion, ainsi que les d\u00e9gradations chimiques et m\u00e9caniques.","potentialAction":[{"@type":"SearchAction","target":{"@type":"EntryPoint","urlTemplate":"https:\/\/www.belzona.be\/fr\/?s={search_term_string}"},"query-input":{"@type":"PropertyValueSpecification","valueRequired":true,"valueName":"search_term_string"}}],"inLanguage":"fr-BE"}]}},"_links":{"self":[{"href":"https:\/\/www.belzona.be\/fr\/wp-json\/wp\/v2\/product\/552","targetHints":{"allow":["GET"]}}],"collection":[{"href":"https:\/\/www.belzona.be\/fr\/wp-json\/wp\/v2\/product"}],"about":[{"href":"https:\/\/www.belzona.be\/fr\/wp-json\/wp\/v2\/types\/product"}],"wp:featuredmedia":[{"embeddable":true,"href":"https:\/\/www.belzona.be\/fr\/wp-json\/wp\/v2\/media\/1810"}],"wp:attachment":[{"href":"https:\/\/www.belzona.be\/fr\/wp-json\/wp\/v2\/media?parent=552"}],"wp:term":[{"taxonomy":"product_brand","embeddable":true,"href":"https:\/\/www.belzona.be\/fr\/wp-json\/wp\/v2\/product_brand?post=552"},{"taxonomy":"product_cat","embeddable":true,"href":"https:\/\/www.belzona.be\/fr\/wp-json\/wp\/v2\/product_cat?post=552"},{"taxonomy":"product_tag","embeddable":true,"href":"https:\/\/www.belzona.be\/fr\/wp-json\/wp\/v2\/product_tag?post=552"}],"curies":[{"name":"wp","href":"https:\/\/api.w.org\/{rel}","templated":true}]}}