{"id":550,"date":"2022-12-21T12:05:38","date_gmt":"2022-12-21T10:05:38","guid":{"rendered":"https:\/\/www.belzona.nl\/?post_type=product&#038;p=550"},"modified":"2025-12-08T08:51:48","modified_gmt":"2025-12-08T07:51:48","slug":"belzona-8311-nato-fluid","status":"publish","type":"product","link":"https:\/\/www.belzona.be\/fr\/product\/autres-series\/belzona-8311-nato-fluid\/","title":{"rendered":"Belzona 8311 \u2013 Fluide NATO"},"content":{"rendered":"","protected":false},"excerpt":{"rendered":"<p>Belzona 8311 \u2013 Fluide NATO est un fluide lubrifiant multifonction con\u00e7u pour d\u00e9bloquer des pi\u00e8ces gripp\u00e9es, que ce soit par manque de lubrification au montage ou par corrosion. Il combine des agents ioniques et non ioniques offrant \u00e0 la fois des propri\u00e9t\u00e9s hydrofuges et hydrophiles. Facile \u00e0 appliquer, Belzona 8311 \u2013 Fluide NATO assure une performance durable, y compris dans des environnements industriels exigeants.<\/p>\n<div class=\"flex-1 overflow-hidden\">\n<div class=\"react-scroll-to-bottom--css-vhanw-79elbk h-full\">\n<div class=\"react-scroll-to-bottom--css-vhanw-1n7m0yu\">\n<div class=\"flex flex-col text-sm pb-9\">\n<div class=\"w-full text-token-text-primary\" data-testid=\"conversation-turn-213\">\n<div class=\"px-4 py-2 justify-center text-base md:gap-6 m-auto\">\n<div class=\"flex flex-1 text-base mx-auto gap-3 md:px-5 lg:px-1 xl:px-5 md:max-w-3xl lg:max-w-[40rem] xl:max-w-[48rem] group final-completion\">\n<div class=\"relative flex w-full flex-col agent-turn\">\n<div class=\"flex-col gap-1 md:gap-3\">\n<div class=\"flex flex-grow flex-col max-w-full\">\n<div class=\"min-h-[20px] text-message flex flex-col items-start gap-3 whitespace-pre-wrap break-words [.text-message+&amp;]:mt-5 overflow-x-auto\" data-message-author-role=\"assistant\" data-message-id=\"3060f8fc-959a-4ffe-836a-f29e3c3de09d\">\n<div class=\"markdown prose w-full break-words dark:prose-invert light\">\n<p>Pompe de pulv\u00e9risation pratique \u2014 Belzona 8311 (Fluide NATO) est fourni avec une pompe de pulv\u00e9risation pour une application simple et uniforme. Il est compatible avec les huiles min\u00e9rales, v\u00e9g\u00e9tales et hydrauliques, et offre en plus une excellente r\u00e9sistance \u00e9lectrique.<\/p>\n<p>Belzona 8311 \u2013 Fluide NATO s\u2019utilise notamment pour :<br data-start=\"4230\" data-end=\"4233\" \/>\u2022 le d\u00e9blocage de pi\u00e8ces gripp\u00e9es par manque de lubrification au montage ou par corrosion en service ;<br data-start=\"4335\" data-end=\"4338\" \/>\u2022 la lubrification de pi\u00e8ces complexes ou difficiles d\u2019acc\u00e8s ;<br data-start=\"4400\" data-end=\"4403\" \/>\u2022 la protection anticorrosion des m\u00e9taux nus ou pi\u00e8ces usin\u00e9es durant le stockage ;<br data-start=\"4486\" data-end=\"4489\" \/>\u2022 l\u2019\u00e9limination de l\u2019humidit\u00e9 dans les m\u00e9canismes et composants \u00e9lectriques.<\/p>\n<\/div>\n<\/div>\n<\/div>\n<\/div>\n<\/div>\n<\/div>\n<\/div>\n<\/div>\n<\/div>\n<\/div>\n<\/div>\n<\/div>\n<p>&nbsp;<\/p>\n","protected":false},"featured_media":551,"template":"","meta":{"_acf_changed":false,"content-type":"","editor_notices":[]},"product_brand":[],"product_cat":[29],"product_tag":[],"class_list":{"0":"post-550","1":"product","2":"type-product","3":"status-publish","4":"has-post-thumbnail","6":"product_cat-autres-series","8":"first","9":"instock","10":"taxable","11":"shipping-taxable","12":"product-type-simple"},"acf":[],"yoast_head":"<!-- This site is optimized with the Yoast SEO plugin v27.3 - https:\/\/yoast.com\/product\/yoast-seo-wordpress\/ -->\n<title>Belzona 8311 \u2013 Fluide NATO anti-grippage durable | Perspect BE<\/title>\n<meta name=\"description\" content=\"D\u00e9couvrez Belzona 8311, fluide NATO multifonction pour le d\u00e9blocage et la protection anticorrosion. Performance durable en environnements exigeants.\" \/>\n<meta name=\"robots\" content=\"index, follow, max-snippet:-1, max-image-preview:large, max-video-preview:-1\" \/>\n<link rel=\"canonical\" href=\"https:\/\/www.belzona.be\/fr\/product\/autres-series\/belzona-8311-nato-fluid\/\" \/>\n<meta property=\"og:locale\" content=\"fr_FR\" \/>\n<meta property=\"og:type\" content=\"article\" \/>\n<meta property=\"og:title\" content=\"Belzona 8311 \u2013 Fluide NATO anti-grippage durable | Perspect BE\" \/>\n<meta property=\"og:description\" content=\"D\u00e9couvrez Belzona 8311, fluide NATO multifonction pour le d\u00e9blocage et la protection anticorrosion. Performance durable en environnements exigeants.\" \/>\n<meta property=\"og:url\" content=\"https:\/\/www.belzona.be\/fr\/product\/autres-series\/belzona-8311-nato-fluid\/\" \/>\n<meta property=\"og:site_name\" content=\"Belzona Perspect Belgique FR\" \/>\n<meta property=\"article:modified_time\" content=\"2025-12-08T07:51:48+00:00\" \/>\n<meta property=\"og:image\" content=\"https:\/\/www.belzona.be\/fr\/wp-content\/uploads\/sites\/4\/2022\/12\/Belzona-8311-nato-fluid.jpg\" \/>\n\t<meta property=\"og:image:width\" content=\"660\" \/>\n\t<meta property=\"og:image:height\" content=\"660\" \/>\n\t<meta property=\"og:image:type\" content=\"image\/jpeg\" \/>\n<meta name=\"twitter:card\" content=\"summary_large_image\" \/>\n<meta name=\"twitter:label1\" content=\"Dur\u00e9e de lecture est.\" \/>\n\t<meta name=\"twitter:data1\" content=\"1 minute\" \/>\n<script type=\"application\/ld+json\" class=\"yoast-schema-graph\">{\"@context\":\"https:\\\/\\\/schema.org\",\"@graph\":[{\"@type\":\"WebPage\",\"@id\":\"https:\\\/\\\/www.belzona.be\\\/fr\\\/product\\\/autres-series\\\/belzona-8311-nato-fluid\\\/\",\"url\":\"https:\\\/\\\/www.belzona.be\\\/fr\\\/product\\\/autres-series\\\/belzona-8311-nato-fluid\\\/\",\"name\":\"Belzona 8311 \u2013 Fluide NATO anti-grippage durable | Perspect BE\",\"isPartOf\":{\"@id\":\"https:\\\/\\\/www.belzona.be\\\/fr\\\/#website\"},\"primaryImageOfPage\":{\"@id\":\"https:\\\/\\\/www.belzona.be\\\/fr\\\/product\\\/autres-series\\\/belzona-8311-nato-fluid\\\/#primaryimage\"},\"image\":{\"@id\":\"https:\\\/\\\/www.belzona.be\\\/fr\\\/product\\\/autres-series\\\/belzona-8311-nato-fluid\\\/#primaryimage\"},\"thumbnailUrl\":\"https:\\\/\\\/www.belzona.be\\\/fr\\\/wp-content\\\/uploads\\\/sites\\\/4\\\/2022\\\/12\\\/Belzona-8311-nato-fluid.jpg\",\"datePublished\":\"2022-12-21T10:05:38+00:00\",\"dateModified\":\"2025-12-08T07:51:48+00:00\",\"description\":\"D\u00e9couvrez Belzona 8311, fluide NATO multifonction pour le d\u00e9blocage et la protection anticorrosion. Performance durable en environnements exigeants.\",\"breadcrumb\":{\"@id\":\"https:\\\/\\\/www.belzona.be\\\/fr\\\/product\\\/autres-series\\\/belzona-8311-nato-fluid\\\/#breadcrumb\"},\"inLanguage\":\"fr-BE\",\"potentialAction\":[{\"@type\":\"ReadAction\",\"target\":[\"https:\\\/\\\/www.belzona.be\\\/fr\\\/product\\\/autres-series\\\/belzona-8311-nato-fluid\\\/\"]}]},{\"@type\":\"ImageObject\",\"inLanguage\":\"fr-BE\",\"@id\":\"https:\\\/\\\/www.belzona.be\\\/fr\\\/product\\\/autres-series\\\/belzona-8311-nato-fluid\\\/#primaryimage\",\"url\":\"https:\\\/\\\/www.belzona.be\\\/fr\\\/wp-content\\\/uploads\\\/sites\\\/4\\\/2022\\\/12\\\/Belzona-8311-nato-fluid.jpg\",\"contentUrl\":\"https:\\\/\\\/www.belzona.be\\\/fr\\\/wp-content\\\/uploads\\\/sites\\\/4\\\/2022\\\/12\\\/Belzona-8311-nato-fluid.jpg\",\"width\":660,\"height\":660},{\"@type\":\"BreadcrumbList\",\"@id\":\"https:\\\/\\\/www.belzona.be\\\/fr\\\/product\\\/autres-series\\\/belzona-8311-nato-fluid\\\/#breadcrumb\",\"itemListElement\":[{\"@type\":\"ListItem\",\"position\":1,\"name\":\"Accueil\",\"item\":\"https:\\\/\\\/www.belzona.be\\\/fr\\\/\"},{\"@type\":\"ListItem\",\"position\":2,\"name\":\"Produits\",\"item\":\"https:\\\/\\\/www.belzona.be\\\/fr\\\/produits\\\/\"},{\"@type\":\"ListItem\",\"position\":3,\"name\":\"Belzona 8311 \u2013 Fluide NATO\"}]},{\"@type\":\"WebSite\",\"@id\":\"https:\\\/\\\/www.belzona.be\\\/fr\\\/#website\",\"url\":\"https:\\\/\\\/www.belzona.be\\\/fr\\\/\",\"name\":\"Belzona Perspect Belgique FR\",\"description\":\"Belzona : r\u00e9paration, protection et am\u00e9lioration des surfaces. Belzona pr\u00e9vient et r\u00e9pare l&#039;\u00e9rosion, la corrosion, l&#039;abrasion, ainsi que les d\u00e9gradations chimiques et m\u00e9caniques.\",\"potentialAction\":[{\"@type\":\"SearchAction\",\"target\":{\"@type\":\"EntryPoint\",\"urlTemplate\":\"https:\\\/\\\/www.belzona.be\\\/fr\\\/?s={search_term_string}\"},\"query-input\":{\"@type\":\"PropertyValueSpecification\",\"valueRequired\":true,\"valueName\":\"search_term_string\"}}],\"inLanguage\":\"fr-BE\"}]}<\/script>\n<!-- \/ Yoast SEO plugin. -->","yoast_head_json":{"title":"Belzona 8311 \u2013 Fluide NATO anti-grippage durable | Perspect BE","description":"D\u00e9couvrez Belzona 8311, fluide NATO multifonction pour le d\u00e9blocage et la protection anticorrosion. Performance durable en environnements exigeants.","robots":{"index":"index","follow":"follow","max-snippet":"max-snippet:-1","max-image-preview":"max-image-preview:large","max-video-preview":"max-video-preview:-1"},"canonical":"https:\/\/www.belzona.be\/fr\/product\/autres-series\/belzona-8311-nato-fluid\/","og_locale":"fr_FR","og_type":"article","og_title":"Belzona 8311 \u2013 Fluide NATO anti-grippage durable | Perspect BE","og_description":"D\u00e9couvrez Belzona 8311, fluide NATO multifonction pour le d\u00e9blocage et la protection anticorrosion. Performance durable en environnements exigeants.","og_url":"https:\/\/www.belzona.be\/fr\/product\/autres-series\/belzona-8311-nato-fluid\/","og_site_name":"Belzona Perspect Belgique FR","article_modified_time":"2025-12-08T07:51:48+00:00","og_image":[{"width":660,"height":660,"url":"https:\/\/www.belzona.be\/fr\/wp-content\/uploads\/sites\/4\/2022\/12\/Belzona-8311-nato-fluid.jpg","type":"image\/jpeg"}],"twitter_card":"summary_large_image","twitter_misc":{"Dur\u00e9e de lecture est.":"1 minute"},"schema":{"@context":"https:\/\/schema.org","@graph":[{"@type":"WebPage","@id":"https:\/\/www.belzona.be\/fr\/product\/autres-series\/belzona-8311-nato-fluid\/","url":"https:\/\/www.belzona.be\/fr\/product\/autres-series\/belzona-8311-nato-fluid\/","name":"Belzona 8311 \u2013 Fluide NATO anti-grippage durable | Perspect BE","isPartOf":{"@id":"https:\/\/www.belzona.be\/fr\/#website"},"primaryImageOfPage":{"@id":"https:\/\/www.belzona.be\/fr\/product\/autres-series\/belzona-8311-nato-fluid\/#primaryimage"},"image":{"@id":"https:\/\/www.belzona.be\/fr\/product\/autres-series\/belzona-8311-nato-fluid\/#primaryimage"},"thumbnailUrl":"https:\/\/www.belzona.be\/fr\/wp-content\/uploads\/sites\/4\/2022\/12\/Belzona-8311-nato-fluid.jpg","datePublished":"2022-12-21T10:05:38+00:00","dateModified":"2025-12-08T07:51:48+00:00","description":"D\u00e9couvrez Belzona 8311, fluide NATO multifonction pour le d\u00e9blocage et la protection anticorrosion. Performance durable en environnements exigeants.","breadcrumb":{"@id":"https:\/\/www.belzona.be\/fr\/product\/autres-series\/belzona-8311-nato-fluid\/#breadcrumb"},"inLanguage":"fr-BE","potentialAction":[{"@type":"ReadAction","target":["https:\/\/www.belzona.be\/fr\/product\/autres-series\/belzona-8311-nato-fluid\/"]}]},{"@type":"ImageObject","inLanguage":"fr-BE","@id":"https:\/\/www.belzona.be\/fr\/product\/autres-series\/belzona-8311-nato-fluid\/#primaryimage","url":"https:\/\/www.belzona.be\/fr\/wp-content\/uploads\/sites\/4\/2022\/12\/Belzona-8311-nato-fluid.jpg","contentUrl":"https:\/\/www.belzona.be\/fr\/wp-content\/uploads\/sites\/4\/2022\/12\/Belzona-8311-nato-fluid.jpg","width":660,"height":660},{"@type":"BreadcrumbList","@id":"https:\/\/www.belzona.be\/fr\/product\/autres-series\/belzona-8311-nato-fluid\/#breadcrumb","itemListElement":[{"@type":"ListItem","position":1,"name":"Accueil","item":"https:\/\/www.belzona.be\/fr\/"},{"@type":"ListItem","position":2,"name":"Produits","item":"https:\/\/www.belzona.be\/fr\/produits\/"},{"@type":"ListItem","position":3,"name":"Belzona 8311 \u2013 Fluide NATO"}]},{"@type":"WebSite","@id":"https:\/\/www.belzona.be\/fr\/#website","url":"https:\/\/www.belzona.be\/fr\/","name":"Belzona Perspect Belgique FR","description":"Belzona : r\u00e9paration, protection et am\u00e9lioration des surfaces. Belzona pr\u00e9vient et r\u00e9pare l&#039;\u00e9rosion, la corrosion, l&#039;abrasion, ainsi que les d\u00e9gradations chimiques et m\u00e9caniques.","potentialAction":[{"@type":"SearchAction","target":{"@type":"EntryPoint","urlTemplate":"https:\/\/www.belzona.be\/fr\/?s={search_term_string}"},"query-input":{"@type":"PropertyValueSpecification","valueRequired":true,"valueName":"search_term_string"}}],"inLanguage":"fr-BE"}]}},"_links":{"self":[{"href":"https:\/\/www.belzona.be\/fr\/wp-json\/wp\/v2\/product\/550","targetHints":{"allow":["GET"]}}],"collection":[{"href":"https:\/\/www.belzona.be\/fr\/wp-json\/wp\/v2\/product"}],"about":[{"href":"https:\/\/www.belzona.be\/fr\/wp-json\/wp\/v2\/types\/product"}],"wp:featuredmedia":[{"embeddable":true,"href":"https:\/\/www.belzona.be\/fr\/wp-json\/wp\/v2\/media\/551"}],"wp:attachment":[{"href":"https:\/\/www.belzona.be\/fr\/wp-json\/wp\/v2\/media?parent=550"}],"wp:term":[{"taxonomy":"product_brand","embeddable":true,"href":"https:\/\/www.belzona.be\/fr\/wp-json\/wp\/v2\/product_brand?post=550"},{"taxonomy":"product_cat","embeddable":true,"href":"https:\/\/www.belzona.be\/fr\/wp-json\/wp\/v2\/product_cat?post=550"},{"taxonomy":"product_tag","embeddable":true,"href":"https:\/\/www.belzona.be\/fr\/wp-json\/wp\/v2\/product_tag?post=550"}],"curies":[{"name":"wp","href":"https:\/\/api.w.org\/{rel}","templated":true}]}}