{"id":546,"date":"2022-12-21T12:00:56","date_gmt":"2022-12-21T10:00:56","guid":{"rendered":"https:\/\/www.belzona.nl\/?post_type=product&#038;p=546"},"modified":"2025-12-07T11:36:12","modified_gmt":"2025-12-07T10:36:12","slug":"belzona-8211-hp-anti-seize","status":"publish","type":"product","link":"https:\/\/www.belzona.be\/fr\/product\/autres-series\/belzona-8211-hp-anti-seize\/","title":{"rendered":"Belzona 8211 Anti-grippage HP"},"content":{"rendered":"","protected":false},"excerpt":{"rendered":"<p>Belzona 8211 HP est un compos\u00e9 anti grippage haute performance con\u00e7u pour pr\u00e9venir la corrosion, les piq\u00fbres de corrosion, la d\u00e9formation et l\u2019usure des composants m\u00e9talliques soumis \u00e0 des temp\u00e9ratures \u00e9lev\u00e9es. Formul\u00e9 pour les surfaces de contact \u2014 \u00e9crous, boulons, raccords, engrenages, poulies et autres assemblages \u2014 il prot\u00e8ge contre les vibrations, les variations thermiques, les agents chimiques et la corrosion jusqu\u2019\u00e0 1100 \u00b0C. Sans m\u00e9tal, il convient \u00e0 la plupart des alliages, dont le chrome, le molybd\u00e8ne, le vanadium, le titane et l\u2019acier inoxydable, et peut \u00eatre appliqu\u00e9 sur des surfaces poreuses.<\/p>\n<p>Belzona 8211 HP Anti-Seize est utilis\u00e9 pour prot\u00e9ger :<br data-start=\"3121\" data-end=\"3124\" \/>\u2022 \u00e9crous et boulons<br data-start=\"3143\" data-end=\"3146\" \/>\u2022 raccords et manchons<br data-start=\"3168\" data-end=\"3171\" \/>\u2022 engrenages et poulies<br data-start=\"3194\" data-end=\"3197\" \/>\u2022 cl\u00e9s de serrage et outils d\u2019assemblage<br data-start=\"3237\" data-end=\"3240\" \/>\u2022 goupilles pivotantes et \u00e9l\u00e9ments m\u00e9caniques soumis \u00e0 grippage<\/p>\n<p>&nbsp;<\/p>\n<p>&nbsp;<\/p>\n","protected":false},"featured_media":547,"template":"","meta":{"_acf_changed":false,"content-type":"","editor_notices":[]},"product_brand":[],"product_cat":[29],"product_tag":[],"class_list":{"0":"post-546","1":"product","2":"type-product","3":"status-publish","4":"has-post-thumbnail","6":"product_cat-autres-series","8":"first","9":"instock","10":"taxable","11":"shipping-taxable","12":"product-type-simple"},"acf":[],"yoast_head":"<!-- This site is optimized with the Yoast SEO plugin v27.3 - https:\/\/yoast.com\/product\/yoast-seo-wordpress\/ -->\n<title>Belzona 8211 : compos\u00e9 anti grippage | Perspect BE<\/title>\n<meta name=\"description\" content=\"Belzona 8211 Anti-Seize prot\u00e8ge vos assemblages contre le grippage, la corrosion et la chaleur jusqu\u2019\u00e0 1100 \u00b0C. Solution pour applications industrielles.\" \/>\n<meta name=\"robots\" content=\"index, follow, max-snippet:-1, max-image-preview:large, max-video-preview:-1\" \/>\n<link rel=\"canonical\" href=\"https:\/\/www.belzona.be\/fr\/product\/autres-series\/belzona-8211-hp-anti-seize\/\" \/>\n<meta property=\"og:locale\" content=\"fr_FR\" \/>\n<meta property=\"og:type\" content=\"article\" \/>\n<meta property=\"og:title\" content=\"Belzona 8211 : compos\u00e9 anti grippage | Perspect BE\" \/>\n<meta property=\"og:description\" content=\"Belzona 8211 Anti-Seize prot\u00e8ge vos assemblages contre le grippage, la corrosion et la chaleur jusqu\u2019\u00e0 1100 \u00b0C. Solution pour applications industrielles.\" \/>\n<meta property=\"og:url\" content=\"https:\/\/www.belzona.be\/fr\/product\/autres-series\/belzona-8211-hp-anti-seize\/\" \/>\n<meta property=\"og:site_name\" content=\"Belzona Perspect Belgique FR\" \/>\n<meta property=\"article:modified_time\" content=\"2025-12-07T10:36:12+00:00\" \/>\n<meta property=\"og:image\" content=\"https:\/\/www.belzona.be\/fr\/wp-content\/uploads\/sites\/4\/2022\/12\/belzona-8211-hp-anti-seize.jpg\" \/>\n\t<meta property=\"og:image:width\" content=\"716\" \/>\n\t<meta property=\"og:image:height\" content=\"716\" \/>\n\t<meta property=\"og:image:type\" content=\"image\/jpeg\" \/>\n<meta name=\"twitter:card\" content=\"summary_large_image\" \/>\n<meta name=\"twitter:label1\" content=\"Dur\u00e9e de lecture est.\" \/>\n\t<meta name=\"twitter:data1\" content=\"1 minute\" \/>\n<script type=\"application\/ld+json\" class=\"yoast-schema-graph\">{\"@context\":\"https:\\\/\\\/schema.org\",\"@graph\":[{\"@type\":\"WebPage\",\"@id\":\"https:\\\/\\\/www.belzona.be\\\/fr\\\/product\\\/autres-series\\\/belzona-8211-hp-anti-seize\\\/\",\"url\":\"https:\\\/\\\/www.belzona.be\\\/fr\\\/product\\\/autres-series\\\/belzona-8211-hp-anti-seize\\\/\",\"name\":\"Belzona 8211 : compos\u00e9 anti grippage | Perspect BE\",\"isPartOf\":{\"@id\":\"https:\\\/\\\/www.belzona.be\\\/fr\\\/#website\"},\"primaryImageOfPage\":{\"@id\":\"https:\\\/\\\/www.belzona.be\\\/fr\\\/product\\\/autres-series\\\/belzona-8211-hp-anti-seize\\\/#primaryimage\"},\"image\":{\"@id\":\"https:\\\/\\\/www.belzona.be\\\/fr\\\/product\\\/autres-series\\\/belzona-8211-hp-anti-seize\\\/#primaryimage\"},\"thumbnailUrl\":\"https:\\\/\\\/www.belzona.be\\\/fr\\\/wp-content\\\/uploads\\\/sites\\\/4\\\/2022\\\/12\\\/belzona-8211-hp-anti-seize.jpg\",\"datePublished\":\"2022-12-21T10:00:56+00:00\",\"dateModified\":\"2025-12-07T10:36:12+00:00\",\"description\":\"Belzona 8211 Anti-Seize prot\u00e8ge vos assemblages contre le grippage, la corrosion et la chaleur jusqu\u2019\u00e0 1100 \u00b0C. Solution pour applications industrielles.\",\"breadcrumb\":{\"@id\":\"https:\\\/\\\/www.belzona.be\\\/fr\\\/product\\\/autres-series\\\/belzona-8211-hp-anti-seize\\\/#breadcrumb\"},\"inLanguage\":\"fr-BE\",\"potentialAction\":[{\"@type\":\"ReadAction\",\"target\":[\"https:\\\/\\\/www.belzona.be\\\/fr\\\/product\\\/autres-series\\\/belzona-8211-hp-anti-seize\\\/\"]}]},{\"@type\":\"ImageObject\",\"inLanguage\":\"fr-BE\",\"@id\":\"https:\\\/\\\/www.belzona.be\\\/fr\\\/product\\\/autres-series\\\/belzona-8211-hp-anti-seize\\\/#primaryimage\",\"url\":\"https:\\\/\\\/www.belzona.be\\\/fr\\\/wp-content\\\/uploads\\\/sites\\\/4\\\/2022\\\/12\\\/belzona-8211-hp-anti-seize.jpg\",\"contentUrl\":\"https:\\\/\\\/www.belzona.be\\\/fr\\\/wp-content\\\/uploads\\\/sites\\\/4\\\/2022\\\/12\\\/belzona-8211-hp-anti-seize.jpg\",\"width\":716,\"height\":716},{\"@type\":\"BreadcrumbList\",\"@id\":\"https:\\\/\\\/www.belzona.be\\\/fr\\\/product\\\/autres-series\\\/belzona-8211-hp-anti-seize\\\/#breadcrumb\",\"itemListElement\":[{\"@type\":\"ListItem\",\"position\":1,\"name\":\"Accueil\",\"item\":\"https:\\\/\\\/www.belzona.be\\\/fr\\\/\"},{\"@type\":\"ListItem\",\"position\":2,\"name\":\"Produits\",\"item\":\"https:\\\/\\\/www.belzona.be\\\/fr\\\/produits\\\/\"},{\"@type\":\"ListItem\",\"position\":3,\"name\":\"Belzona 8211 Anti-grippage HP\"}]},{\"@type\":\"WebSite\",\"@id\":\"https:\\\/\\\/www.belzona.be\\\/fr\\\/#website\",\"url\":\"https:\\\/\\\/www.belzona.be\\\/fr\\\/\",\"name\":\"Belzona Perspect Belgique FR\",\"description\":\"Belzona : r\u00e9paration, protection et am\u00e9lioration des surfaces. Belzona pr\u00e9vient et r\u00e9pare l&#039;\u00e9rosion, la corrosion, l&#039;abrasion, ainsi que les d\u00e9gradations chimiques et m\u00e9caniques.\",\"potentialAction\":[{\"@type\":\"SearchAction\",\"target\":{\"@type\":\"EntryPoint\",\"urlTemplate\":\"https:\\\/\\\/www.belzona.be\\\/fr\\\/?s={search_term_string}\"},\"query-input\":{\"@type\":\"PropertyValueSpecification\",\"valueRequired\":true,\"valueName\":\"search_term_string\"}}],\"inLanguage\":\"fr-BE\"}]}<\/script>\n<!-- \/ Yoast SEO plugin. -->","yoast_head_json":{"title":"Belzona 8211 : compos\u00e9 anti grippage | Perspect BE","description":"Belzona 8211 Anti-Seize prot\u00e8ge vos assemblages contre le grippage, la corrosion et la chaleur jusqu\u2019\u00e0 1100 \u00b0C. Solution pour applications industrielles.","robots":{"index":"index","follow":"follow","max-snippet":"max-snippet:-1","max-image-preview":"max-image-preview:large","max-video-preview":"max-video-preview:-1"},"canonical":"https:\/\/www.belzona.be\/fr\/product\/autres-series\/belzona-8211-hp-anti-seize\/","og_locale":"fr_FR","og_type":"article","og_title":"Belzona 8211 : compos\u00e9 anti grippage | Perspect BE","og_description":"Belzona 8211 Anti-Seize prot\u00e8ge vos assemblages contre le grippage, la corrosion et la chaleur jusqu\u2019\u00e0 1100 \u00b0C. Solution pour applications industrielles.","og_url":"https:\/\/www.belzona.be\/fr\/product\/autres-series\/belzona-8211-hp-anti-seize\/","og_site_name":"Belzona Perspect Belgique FR","article_modified_time":"2025-12-07T10:36:12+00:00","og_image":[{"width":716,"height":716,"url":"https:\/\/www.belzona.be\/fr\/wp-content\/uploads\/sites\/4\/2022\/12\/belzona-8211-hp-anti-seize.jpg","type":"image\/jpeg"}],"twitter_card":"summary_large_image","twitter_misc":{"Dur\u00e9e de lecture est.":"1 minute"},"schema":{"@context":"https:\/\/schema.org","@graph":[{"@type":"WebPage","@id":"https:\/\/www.belzona.be\/fr\/product\/autres-series\/belzona-8211-hp-anti-seize\/","url":"https:\/\/www.belzona.be\/fr\/product\/autres-series\/belzona-8211-hp-anti-seize\/","name":"Belzona 8211 : compos\u00e9 anti grippage | Perspect BE","isPartOf":{"@id":"https:\/\/www.belzona.be\/fr\/#website"},"primaryImageOfPage":{"@id":"https:\/\/www.belzona.be\/fr\/product\/autres-series\/belzona-8211-hp-anti-seize\/#primaryimage"},"image":{"@id":"https:\/\/www.belzona.be\/fr\/product\/autres-series\/belzona-8211-hp-anti-seize\/#primaryimage"},"thumbnailUrl":"https:\/\/www.belzona.be\/fr\/wp-content\/uploads\/sites\/4\/2022\/12\/belzona-8211-hp-anti-seize.jpg","datePublished":"2022-12-21T10:00:56+00:00","dateModified":"2025-12-07T10:36:12+00:00","description":"Belzona 8211 Anti-Seize prot\u00e8ge vos assemblages contre le grippage, la corrosion et la chaleur jusqu\u2019\u00e0 1100 \u00b0C. Solution pour applications industrielles.","breadcrumb":{"@id":"https:\/\/www.belzona.be\/fr\/product\/autres-series\/belzona-8211-hp-anti-seize\/#breadcrumb"},"inLanguage":"fr-BE","potentialAction":[{"@type":"ReadAction","target":["https:\/\/www.belzona.be\/fr\/product\/autres-series\/belzona-8211-hp-anti-seize\/"]}]},{"@type":"ImageObject","inLanguage":"fr-BE","@id":"https:\/\/www.belzona.be\/fr\/product\/autres-series\/belzona-8211-hp-anti-seize\/#primaryimage","url":"https:\/\/www.belzona.be\/fr\/wp-content\/uploads\/sites\/4\/2022\/12\/belzona-8211-hp-anti-seize.jpg","contentUrl":"https:\/\/www.belzona.be\/fr\/wp-content\/uploads\/sites\/4\/2022\/12\/belzona-8211-hp-anti-seize.jpg","width":716,"height":716},{"@type":"BreadcrumbList","@id":"https:\/\/www.belzona.be\/fr\/product\/autres-series\/belzona-8211-hp-anti-seize\/#breadcrumb","itemListElement":[{"@type":"ListItem","position":1,"name":"Accueil","item":"https:\/\/www.belzona.be\/fr\/"},{"@type":"ListItem","position":2,"name":"Produits","item":"https:\/\/www.belzona.be\/fr\/produits\/"},{"@type":"ListItem","position":3,"name":"Belzona 8211 Anti-grippage HP"}]},{"@type":"WebSite","@id":"https:\/\/www.belzona.be\/fr\/#website","url":"https:\/\/www.belzona.be\/fr\/","name":"Belzona Perspect Belgique FR","description":"Belzona : r\u00e9paration, protection et am\u00e9lioration des surfaces. Belzona pr\u00e9vient et r\u00e9pare l&#039;\u00e9rosion, la corrosion, l&#039;abrasion, ainsi que les d\u00e9gradations chimiques et m\u00e9caniques.","potentialAction":[{"@type":"SearchAction","target":{"@type":"EntryPoint","urlTemplate":"https:\/\/www.belzona.be\/fr\/?s={search_term_string}"},"query-input":{"@type":"PropertyValueSpecification","valueRequired":true,"valueName":"search_term_string"}}],"inLanguage":"fr-BE"}]}},"_links":{"self":[{"href":"https:\/\/www.belzona.be\/fr\/wp-json\/wp\/v2\/product\/546","targetHints":{"allow":["GET"]}}],"collection":[{"href":"https:\/\/www.belzona.be\/fr\/wp-json\/wp\/v2\/product"}],"about":[{"href":"https:\/\/www.belzona.be\/fr\/wp-json\/wp\/v2\/types\/product"}],"wp:featuredmedia":[{"embeddable":true,"href":"https:\/\/www.belzona.be\/fr\/wp-json\/wp\/v2\/media\/547"}],"wp:attachment":[{"href":"https:\/\/www.belzona.be\/fr\/wp-json\/wp\/v2\/media?parent=546"}],"wp:term":[{"taxonomy":"product_brand","embeddable":true,"href":"https:\/\/www.belzona.be\/fr\/wp-json\/wp\/v2\/product_brand?post=546"},{"taxonomy":"product_cat","embeddable":true,"href":"https:\/\/www.belzona.be\/fr\/wp-json\/wp\/v2\/product_cat?post=546"},{"taxonomy":"product_tag","embeddable":true,"href":"https:\/\/www.belzona.be\/fr\/wp-json\/wp\/v2\/product_tag?post=546"}],"curies":[{"name":"wp","href":"https:\/\/api.w.org\/{rel}","templated":true}]}}