{"id":544,"date":"2022-12-21T11:59:15","date_gmt":"2022-12-21T09:59:15","guid":{"rendered":"https:\/\/www.belzona.nl\/?post_type=product&#038;p=544"},"modified":"2025-10-13T09:00:12","modified_gmt":"2025-10-13T08:00:12","slug":"belzona-6111-liquid-anode","status":"publish","type":"product","link":"https:\/\/www.belzona.be\/fr\/product\/autres-series\/belzona-6111-liquid-anode\/","title":{"rendered":"Belzona 6111 Liquid Anode"},"content":{"rendered":"","protected":false},"excerpt":{"rendered":"<p>Belzona 6111 Liquid Anode offre une protection prolong\u00e9e contre la corrosion aux surfaces m\u00e9talliques. Le rev\u00eatement est id\u00e9al pour une application dans des environnements maritimes et industriels, entre autres. Belzona 6111 Liquid Anode est facile \u00e0 m\u00e9langer et peut \u00eatre appliqu\u00e9 au pinceau ou en spray.<\/p>\n<p>R\u00e9sine \u00e9poxy riche en zinc Belzona 6111 est une r\u00e9sine \u00e9poxy riche en zinc offrant une excellente protection contre la corrosion. Application et durcissement \u00e0 temp\u00e9rature ambiante. Pour les surfaces plus importantes, Belzona 6111 peut \u00eatre pulv\u00e9ris\u00e9. Pour am\u00e9liorer la r\u00e9sistance chimique de Belzona 6111 Liquid Anode, il peut \u00eatre recouvert avec Belzona 5111 Ceramic Cladding.<\/p>\n<p>Belzona 6111 Liquid Anode peut \u00eatre appliqu\u00e9 sur, entre autres : *<\/p>\n<ul>\n<li>toutes les structures en acier<\/li>\n<li>les r\u00e9servoirs<\/li>\n<li>les ponts<\/li>\n<li>les conduites<\/li>\n<li>les tours de refroidissement<\/li>\n<\/ul>\n<p><strong>T\u00e9l\u00e9chargements<\/strong><\/p>\n<p><a href=\"https:\/\/www.belzona.nl\/wp-content\/uploads\/sites\/4\/2022\/12\/Belzona-6111.pdf\" target=\"_blank\" rel=\"noopener\">Belzona 6111<\/a><br \/>\n<a href=\"https:\/\/www.belzona.nl\/wp-content\/uploads\/sites\/4\/2022\/12\/Gebruiksinstructie-6111.pdf\" target=\"_blank\" rel=\"noopener\">Mode d&#8217;emploi 6111<\/a><br \/>\n<a href=\"https:\/\/www.belzona.nl\/wp-content\/uploads\/sites\/4\/2022\/12\/Veiligheidsinformatie-Base-6111-1.pdf\">informations de s\u00e9curit\u00e9 Base 6111<\/a><br \/>\n<a href=\"https:\/\/www.belzona.nl\/wp-content\/uploads\/sites\/4\/2022\/12\/Veiligheidinformatie-Solidifier-6111-1.pdf\">informations de s\u00e9curit\u00e9 Solidifier 6111<\/a><\/p>\n<p>&nbsp;<\/p>\n","protected":false},"featured_media":1812,"template":"","meta":{"_acf_changed":false,"content-type":"","editor_notices":[]},"product_brand":[],"product_cat":[29],"product_tag":[],"class_list":{"0":"post-544","1":"product","2":"type-product","3":"status-publish","4":"has-post-thumbnail","6":"product_cat-autres-series","8":"first","9":"instock","10":"taxable","11":"shipping-taxable","12":"product-type-simple"},"acf":[],"yoast_head":"<!-- This site is optimized with the Yoast SEO plugin v27.3 - https:\/\/yoast.com\/product\/yoast-seo-wordpress\/ -->\n<title>Produits Belzona : d\u00e9couvrir toute la gamme | Perspect BE<\/title>\n<meta name=\"description\" content=\"D\u00e9couvrez la gamme compl\u00e8te de produits Belzona : rev\u00eatements, composites, adh\u00e9sifs et solutions de r\u00e9paration pour la protection industrielle.\" \/>\n<meta name=\"robots\" content=\"index, follow, max-snippet:-1, max-image-preview:large, max-video-preview:-1\" \/>\n<link rel=\"canonical\" href=\"https:\/\/www.belzona.be\/fr\/product\/autres-series\/belzona-6111-liquid-anode\/\" \/>\n<meta property=\"og:locale\" content=\"fr_FR\" \/>\n<meta property=\"og:type\" content=\"article\" \/>\n<meta property=\"og:title\" content=\"Produits Belzona : d\u00e9couvrir toute la gamme | Perspect BE\" \/>\n<meta property=\"og:description\" content=\"D\u00e9couvrez la gamme compl\u00e8te de produits Belzona : rev\u00eatements, composites, adh\u00e9sifs et solutions de r\u00e9paration pour la protection industrielle.\" \/>\n<meta property=\"og:url\" content=\"https:\/\/www.belzona.be\/fr\/product\/autres-series\/belzona-6111-liquid-anode\/\" \/>\n<meta property=\"og:site_name\" content=\"Belzona Perspect Belgique FR\" \/>\n<meta property=\"article:modified_time\" content=\"2025-10-13T08:00:12+00:00\" \/>\n<meta property=\"og:image\" content=\"https:\/\/www.belzona.be\/fr\/wp-content\/uploads\/sites\/4\/2022\/12\/belzona-6111.webp\" \/>\n\t<meta property=\"og:image:width\" content=\"416\" \/>\n\t<meta property=\"og:image:height\" content=\"292\" \/>\n\t<meta property=\"og:image:type\" content=\"image\/webp\" \/>\n<meta name=\"twitter:card\" content=\"summary_large_image\" \/>\n<meta name=\"twitter:label1\" content=\"Dur\u00e9e de lecture est.\" \/>\n\t<meta name=\"twitter:data1\" content=\"1 minute\" \/>\n<script type=\"application\/ld+json\" class=\"yoast-schema-graph\">{\"@context\":\"https:\\\/\\\/schema.org\",\"@graph\":[{\"@type\":\"WebPage\",\"@id\":\"https:\\\/\\\/www.belzona.be\\\/fr\\\/product\\\/autres-series\\\/belzona-6111-liquid-anode\\\/\",\"url\":\"https:\\\/\\\/www.belzona.be\\\/fr\\\/product\\\/autres-series\\\/belzona-6111-liquid-anode\\\/\",\"name\":\"Produits Belzona : d\u00e9couvrir toute la gamme | Perspect BE\",\"isPartOf\":{\"@id\":\"https:\\\/\\\/www.belzona.be\\\/fr\\\/#website\"},\"primaryImageOfPage\":{\"@id\":\"https:\\\/\\\/www.belzona.be\\\/fr\\\/product\\\/autres-series\\\/belzona-6111-liquid-anode\\\/#primaryimage\"},\"image\":{\"@id\":\"https:\\\/\\\/www.belzona.be\\\/fr\\\/product\\\/autres-series\\\/belzona-6111-liquid-anode\\\/#primaryimage\"},\"thumbnailUrl\":\"https:\\\/\\\/www.belzona.be\\\/fr\\\/wp-content\\\/uploads\\\/sites\\\/4\\\/2022\\\/12\\\/belzona-6111.webp\",\"datePublished\":\"2022-12-21T09:59:15+00:00\",\"dateModified\":\"2025-10-13T08:00:12+00:00\",\"description\":\"D\u00e9couvrez la gamme compl\u00e8te de produits Belzona : rev\u00eatements, composites, adh\u00e9sifs et solutions de r\u00e9paration pour la protection industrielle.\",\"breadcrumb\":{\"@id\":\"https:\\\/\\\/www.belzona.be\\\/fr\\\/product\\\/autres-series\\\/belzona-6111-liquid-anode\\\/#breadcrumb\"},\"inLanguage\":\"fr-BE\",\"potentialAction\":[{\"@type\":\"ReadAction\",\"target\":[\"https:\\\/\\\/www.belzona.be\\\/fr\\\/product\\\/autres-series\\\/belzona-6111-liquid-anode\\\/\"]}]},{\"@type\":\"ImageObject\",\"inLanguage\":\"fr-BE\",\"@id\":\"https:\\\/\\\/www.belzona.be\\\/fr\\\/product\\\/autres-series\\\/belzona-6111-liquid-anode\\\/#primaryimage\",\"url\":\"https:\\\/\\\/www.belzona.be\\\/fr\\\/wp-content\\\/uploads\\\/sites\\\/4\\\/2022\\\/12\\\/belzona-6111.webp\",\"contentUrl\":\"https:\\\/\\\/www.belzona.be\\\/fr\\\/wp-content\\\/uploads\\\/sites\\\/4\\\/2022\\\/12\\\/belzona-6111.webp\",\"width\":416,\"height\":292},{\"@type\":\"BreadcrumbList\",\"@id\":\"https:\\\/\\\/www.belzona.be\\\/fr\\\/product\\\/autres-series\\\/belzona-6111-liquid-anode\\\/#breadcrumb\",\"itemListElement\":[{\"@type\":\"ListItem\",\"position\":1,\"name\":\"Accueil\",\"item\":\"https:\\\/\\\/www.belzona.be\\\/fr\\\/\"},{\"@type\":\"ListItem\",\"position\":2,\"name\":\"Produits\",\"item\":\"https:\\\/\\\/www.belzona.be\\\/fr\\\/produits\\\/\"},{\"@type\":\"ListItem\",\"position\":3,\"name\":\"Belzona 6111 Liquid Anode\"}]},{\"@type\":\"WebSite\",\"@id\":\"https:\\\/\\\/www.belzona.be\\\/fr\\\/#website\",\"url\":\"https:\\\/\\\/www.belzona.be\\\/fr\\\/\",\"name\":\"Belzona Perspect Belgique FR\",\"description\":\"Belzona : r\u00e9paration, protection et am\u00e9lioration des surfaces. Belzona pr\u00e9vient et r\u00e9pare l&#039;\u00e9rosion, la corrosion, l&#039;abrasion, ainsi que les d\u00e9gradations chimiques et m\u00e9caniques.\",\"potentialAction\":[{\"@type\":\"SearchAction\",\"target\":{\"@type\":\"EntryPoint\",\"urlTemplate\":\"https:\\\/\\\/www.belzona.be\\\/fr\\\/?s={search_term_string}\"},\"query-input\":{\"@type\":\"PropertyValueSpecification\",\"valueRequired\":true,\"valueName\":\"search_term_string\"}}],\"inLanguage\":\"fr-BE\"}]}<\/script>\n<!-- \/ Yoast SEO plugin. -->","yoast_head_json":{"title":"Produits Belzona : d\u00e9couvrir toute la gamme | Perspect BE","description":"D\u00e9couvrez la gamme compl\u00e8te de produits Belzona : rev\u00eatements, composites, adh\u00e9sifs et solutions de r\u00e9paration pour la protection industrielle.","robots":{"index":"index","follow":"follow","max-snippet":"max-snippet:-1","max-image-preview":"max-image-preview:large","max-video-preview":"max-video-preview:-1"},"canonical":"https:\/\/www.belzona.be\/fr\/product\/autres-series\/belzona-6111-liquid-anode\/","og_locale":"fr_FR","og_type":"article","og_title":"Produits Belzona : d\u00e9couvrir toute la gamme | Perspect BE","og_description":"D\u00e9couvrez la gamme compl\u00e8te de produits Belzona : rev\u00eatements, composites, adh\u00e9sifs et solutions de r\u00e9paration pour la protection industrielle.","og_url":"https:\/\/www.belzona.be\/fr\/product\/autres-series\/belzona-6111-liquid-anode\/","og_site_name":"Belzona Perspect Belgique FR","article_modified_time":"2025-10-13T08:00:12+00:00","og_image":[{"width":416,"height":292,"url":"https:\/\/www.belzona.be\/fr\/wp-content\/uploads\/sites\/4\/2022\/12\/belzona-6111.webp","type":"image\/webp"}],"twitter_card":"summary_large_image","twitter_misc":{"Dur\u00e9e de lecture est.":"1 minute"},"schema":{"@context":"https:\/\/schema.org","@graph":[{"@type":"WebPage","@id":"https:\/\/www.belzona.be\/fr\/product\/autres-series\/belzona-6111-liquid-anode\/","url":"https:\/\/www.belzona.be\/fr\/product\/autres-series\/belzona-6111-liquid-anode\/","name":"Produits Belzona : d\u00e9couvrir toute la gamme | Perspect BE","isPartOf":{"@id":"https:\/\/www.belzona.be\/fr\/#website"},"primaryImageOfPage":{"@id":"https:\/\/www.belzona.be\/fr\/product\/autres-series\/belzona-6111-liquid-anode\/#primaryimage"},"image":{"@id":"https:\/\/www.belzona.be\/fr\/product\/autres-series\/belzona-6111-liquid-anode\/#primaryimage"},"thumbnailUrl":"https:\/\/www.belzona.be\/fr\/wp-content\/uploads\/sites\/4\/2022\/12\/belzona-6111.webp","datePublished":"2022-12-21T09:59:15+00:00","dateModified":"2025-10-13T08:00:12+00:00","description":"D\u00e9couvrez la gamme compl\u00e8te de produits Belzona : rev\u00eatements, composites, adh\u00e9sifs et solutions de r\u00e9paration pour la protection industrielle.","breadcrumb":{"@id":"https:\/\/www.belzona.be\/fr\/product\/autres-series\/belzona-6111-liquid-anode\/#breadcrumb"},"inLanguage":"fr-BE","potentialAction":[{"@type":"ReadAction","target":["https:\/\/www.belzona.be\/fr\/product\/autres-series\/belzona-6111-liquid-anode\/"]}]},{"@type":"ImageObject","inLanguage":"fr-BE","@id":"https:\/\/www.belzona.be\/fr\/product\/autres-series\/belzona-6111-liquid-anode\/#primaryimage","url":"https:\/\/www.belzona.be\/fr\/wp-content\/uploads\/sites\/4\/2022\/12\/belzona-6111.webp","contentUrl":"https:\/\/www.belzona.be\/fr\/wp-content\/uploads\/sites\/4\/2022\/12\/belzona-6111.webp","width":416,"height":292},{"@type":"BreadcrumbList","@id":"https:\/\/www.belzona.be\/fr\/product\/autres-series\/belzona-6111-liquid-anode\/#breadcrumb","itemListElement":[{"@type":"ListItem","position":1,"name":"Accueil","item":"https:\/\/www.belzona.be\/fr\/"},{"@type":"ListItem","position":2,"name":"Produits","item":"https:\/\/www.belzona.be\/fr\/produits\/"},{"@type":"ListItem","position":3,"name":"Belzona 6111 Liquid Anode"}]},{"@type":"WebSite","@id":"https:\/\/www.belzona.be\/fr\/#website","url":"https:\/\/www.belzona.be\/fr\/","name":"Belzona Perspect Belgique FR","description":"Belzona : r\u00e9paration, protection et am\u00e9lioration des surfaces. Belzona pr\u00e9vient et r\u00e9pare l&#039;\u00e9rosion, la corrosion, l&#039;abrasion, ainsi que les d\u00e9gradations chimiques et m\u00e9caniques.","potentialAction":[{"@type":"SearchAction","target":{"@type":"EntryPoint","urlTemplate":"https:\/\/www.belzona.be\/fr\/?s={search_term_string}"},"query-input":{"@type":"PropertyValueSpecification","valueRequired":true,"valueName":"search_term_string"}}],"inLanguage":"fr-BE"}]}},"_links":{"self":[{"href":"https:\/\/www.belzona.be\/fr\/wp-json\/wp\/v2\/product\/544","targetHints":{"allow":["GET"]}}],"collection":[{"href":"https:\/\/www.belzona.be\/fr\/wp-json\/wp\/v2\/product"}],"about":[{"href":"https:\/\/www.belzona.be\/fr\/wp-json\/wp\/v2\/types\/product"}],"wp:featuredmedia":[{"embeddable":true,"href":"https:\/\/www.belzona.be\/fr\/wp-json\/wp\/v2\/media\/1812"}],"wp:attachment":[{"href":"https:\/\/www.belzona.be\/fr\/wp-json\/wp\/v2\/media?parent=544"}],"wp:term":[{"taxonomy":"product_brand","embeddable":true,"href":"https:\/\/www.belzona.be\/fr\/wp-json\/wp\/v2\/product_brand?post=544"},{"taxonomy":"product_cat","embeddable":true,"href":"https:\/\/www.belzona.be\/fr\/wp-json\/wp\/v2\/product_cat?post=544"},{"taxonomy":"product_tag","embeddable":true,"href":"https:\/\/www.belzona.be\/fr\/wp-json\/wp\/v2\/product_tag?post=544"}],"curies":[{"name":"wp","href":"https:\/\/api.w.org\/{rel}","templated":true}]}}