{"id":540,"date":"2022-12-21T11:56:41","date_gmt":"2022-12-21T09:56:41","guid":{"rendered":"https:\/\/www.belzona.nl\/?post_type=product&#038;p=540"},"modified":"2025-12-08T20:49:40","modified_gmt":"2025-12-08T19:49:40","slug":"belzona-industrial-repair-kit","status":"publish","type":"product","link":"https:\/\/www.belzona.be\/fr\/product\/autres-series\/belzona-industrial-repair-kit\/","title":{"rendered":"Belzona \u2013 Kit de r\u00e9paration industrielle"},"content":{"rendered":"","protected":false},"excerpt":{"rendered":"<p>Avec le Belzona Industrial Repair Kit, vous pouvez r\u00e9parer rapidement et efficacement des fuites ou dommages courants dans les installations industrielles, notamment chimiques. Le Belzona Industrial Repair Kit est livr\u00e9 dans une mallette d\u2019intervention, pour disposer imm\u00e9diatement des produits n\u00e9cessaires :<\/p>\n<ul>\n<li>Belzona 1212 (3x450g)<\/li>\n<li>Belzona 1111 (1 pi\u00e8ce)<\/li>\n<li>Belzona 9611 (2 pi\u00e8ces)<\/li>\n<li>Belzona 9111 (1 pi\u00e8ce)<\/li>\n<li>Belzona 9411 (1 pi\u00e8ce)<\/li>\n<li>Belzona 2311 (3x75g)<\/li>\n<li>Belzona 2911 (1 pi\u00e8ce)<\/li>\n<li>Belzona 9341 (10m * 7,5cm)<\/li>\n<li>Tapis de travail Belzona (4 pi\u00e8ces)<\/li>\n<li>Spatules Belzona (4 pi\u00e8ces)<\/li>\n<li>Applicateur Belzona (4 pi\u00e8ces)<\/li>\n<li>Rouleau d\u2019application Belzona \u2013 50 mm (1 pi\u00e8ce)<\/li>\n<\/ul>\n<p>\u00c9galement dans la mallette : pinceaux, consommables jetables, brosse m\u00e9tallique et gants.<\/p>\n<p>Ce kit de r\u00e9paration industrielle Belzona regroupe les composites, outils et accessoires n\u00e9cessaires pour intervenir rapidement sur une large gamme d\u2019\u00e9quipements.<\/p>\n","protected":false},"featured_media":541,"template":"","meta":{"_acf_changed":false,"content-type":"","editor_notices":[]},"product_brand":[],"product_cat":[29],"product_tag":[],"class_list":{"0":"post-540","1":"product","2":"type-product","3":"status-publish","4":"has-post-thumbnail","6":"product_cat-autres-series","8":"first","9":"instock","10":"taxable","11":"shipping-taxable","12":"product-type-simple"},"acf":[],"yoast_head":"<!-- This site is optimized with the Yoast SEO plugin v27.3 - https:\/\/yoast.com\/product\/yoast-seo-wordpress\/ -->\n<title>Belzona \u2013 Kit r\u00e9paration industrielle complet | Perspect BE<\/title>\n<meta name=\"description\" content=\"Le kit r\u00e9paration industrielle Belzona regroupe composites et outils pour intervenir sur vos installations. D\u00e9couvrez le Belzona Industrial Repair Kit.\" \/>\n<meta name=\"robots\" content=\"index, follow, max-snippet:-1, max-image-preview:large, max-video-preview:-1\" \/>\n<link rel=\"canonical\" href=\"https:\/\/www.belzona.be\/fr\/product\/autres-series\/belzona-industrial-repair-kit\/\" \/>\n<meta property=\"og:locale\" content=\"fr_FR\" \/>\n<meta property=\"og:type\" content=\"article\" \/>\n<meta property=\"og:title\" content=\"Belzona \u2013 Kit r\u00e9paration industrielle complet | Perspect BE\" \/>\n<meta property=\"og:description\" content=\"Le kit r\u00e9paration industrielle Belzona regroupe composites et outils pour intervenir sur vos installations. D\u00e9couvrez le Belzona Industrial Repair Kit.\" \/>\n<meta property=\"og:url\" content=\"https:\/\/www.belzona.be\/fr\/product\/autres-series\/belzona-industrial-repair-kit\/\" \/>\n<meta property=\"og:site_name\" content=\"Belzona Perspect Belgique FR\" \/>\n<meta property=\"article:modified_time\" content=\"2025-12-08T19:49:40+00:00\" \/>\n<meta property=\"og:image\" content=\"https:\/\/www.belzona.be\/fr\/wp-content\/uploads\/sites\/4\/2022\/12\/marine-repair-kit-1.jpg\" \/>\n\t<meta property=\"og:image:width\" content=\"647\" \/>\n\t<meta property=\"og:image:height\" content=\"647\" \/>\n\t<meta property=\"og:image:type\" content=\"image\/jpeg\" \/>\n<meta name=\"twitter:card\" content=\"summary_large_image\" \/>\n<meta name=\"twitter:label1\" content=\"Dur\u00e9e de lecture est.\" \/>\n\t<meta name=\"twitter:data1\" content=\"1 minute\" \/>\n<script type=\"application\/ld+json\" class=\"yoast-schema-graph\">{\"@context\":\"https:\\\/\\\/schema.org\",\"@graph\":[{\"@type\":\"WebPage\",\"@id\":\"https:\\\/\\\/www.belzona.be\\\/fr\\\/product\\\/autres-series\\\/belzona-industrial-repair-kit\\\/\",\"url\":\"https:\\\/\\\/www.belzona.be\\\/fr\\\/product\\\/autres-series\\\/belzona-industrial-repair-kit\\\/\",\"name\":\"Belzona \u2013 Kit r\u00e9paration industrielle complet | Perspect BE\",\"isPartOf\":{\"@id\":\"https:\\\/\\\/www.belzona.be\\\/fr\\\/#website\"},\"primaryImageOfPage\":{\"@id\":\"https:\\\/\\\/www.belzona.be\\\/fr\\\/product\\\/autres-series\\\/belzona-industrial-repair-kit\\\/#primaryimage\"},\"image\":{\"@id\":\"https:\\\/\\\/www.belzona.be\\\/fr\\\/product\\\/autres-series\\\/belzona-industrial-repair-kit\\\/#primaryimage\"},\"thumbnailUrl\":\"https:\\\/\\\/www.belzona.be\\\/fr\\\/wp-content\\\/uploads\\\/sites\\\/4\\\/2022\\\/12\\\/marine-repair-kit-1.jpg\",\"datePublished\":\"2022-12-21T09:56:41+00:00\",\"dateModified\":\"2025-12-08T19:49:40+00:00\",\"description\":\"Le kit r\u00e9paration industrielle Belzona regroupe composites et outils pour intervenir sur vos installations. D\u00e9couvrez le Belzona Industrial Repair Kit.\",\"breadcrumb\":{\"@id\":\"https:\\\/\\\/www.belzona.be\\\/fr\\\/product\\\/autres-series\\\/belzona-industrial-repair-kit\\\/#breadcrumb\"},\"inLanguage\":\"fr-BE\",\"potentialAction\":[{\"@type\":\"ReadAction\",\"target\":[\"https:\\\/\\\/www.belzona.be\\\/fr\\\/product\\\/autres-series\\\/belzona-industrial-repair-kit\\\/\"]}]},{\"@type\":\"ImageObject\",\"inLanguage\":\"fr-BE\",\"@id\":\"https:\\\/\\\/www.belzona.be\\\/fr\\\/product\\\/autres-series\\\/belzona-industrial-repair-kit\\\/#primaryimage\",\"url\":\"https:\\\/\\\/www.belzona.be\\\/fr\\\/wp-content\\\/uploads\\\/sites\\\/4\\\/2022\\\/12\\\/marine-repair-kit-1.jpg\",\"contentUrl\":\"https:\\\/\\\/www.belzona.be\\\/fr\\\/wp-content\\\/uploads\\\/sites\\\/4\\\/2022\\\/12\\\/marine-repair-kit-1.jpg\",\"width\":647,\"height\":647},{\"@type\":\"BreadcrumbList\",\"@id\":\"https:\\\/\\\/www.belzona.be\\\/fr\\\/product\\\/autres-series\\\/belzona-industrial-repair-kit\\\/#breadcrumb\",\"itemListElement\":[{\"@type\":\"ListItem\",\"position\":1,\"name\":\"Accueil\",\"item\":\"https:\\\/\\\/www.belzona.be\\\/fr\\\/\"},{\"@type\":\"ListItem\",\"position\":2,\"name\":\"Produits\",\"item\":\"https:\\\/\\\/www.belzona.be\\\/fr\\\/produits\\\/\"},{\"@type\":\"ListItem\",\"position\":3,\"name\":\"Belzona \u2013 Kit de r\u00e9paration industrielle\"}]},{\"@type\":\"WebSite\",\"@id\":\"https:\\\/\\\/www.belzona.be\\\/fr\\\/#website\",\"url\":\"https:\\\/\\\/www.belzona.be\\\/fr\\\/\",\"name\":\"Belzona Perspect Belgique FR\",\"description\":\"Belzona : r\u00e9paration, protection et am\u00e9lioration des surfaces. Belzona pr\u00e9vient et r\u00e9pare l&#039;\u00e9rosion, la corrosion, l&#039;abrasion, ainsi que les d\u00e9gradations chimiques et m\u00e9caniques.\",\"potentialAction\":[{\"@type\":\"SearchAction\",\"target\":{\"@type\":\"EntryPoint\",\"urlTemplate\":\"https:\\\/\\\/www.belzona.be\\\/fr\\\/?s={search_term_string}\"},\"query-input\":{\"@type\":\"PropertyValueSpecification\",\"valueRequired\":true,\"valueName\":\"search_term_string\"}}],\"inLanguage\":\"fr-BE\"}]}<\/script>\n<!-- \/ Yoast SEO plugin. -->","yoast_head_json":{"title":"Belzona \u2013 Kit r\u00e9paration industrielle complet | Perspect BE","description":"Le kit r\u00e9paration industrielle Belzona regroupe composites et outils pour intervenir sur vos installations. D\u00e9couvrez le Belzona Industrial Repair Kit.","robots":{"index":"index","follow":"follow","max-snippet":"max-snippet:-1","max-image-preview":"max-image-preview:large","max-video-preview":"max-video-preview:-1"},"canonical":"https:\/\/www.belzona.be\/fr\/product\/autres-series\/belzona-industrial-repair-kit\/","og_locale":"fr_FR","og_type":"article","og_title":"Belzona \u2013 Kit r\u00e9paration industrielle complet | Perspect BE","og_description":"Le kit r\u00e9paration industrielle Belzona regroupe composites et outils pour intervenir sur vos installations. D\u00e9couvrez le Belzona Industrial Repair Kit.","og_url":"https:\/\/www.belzona.be\/fr\/product\/autres-series\/belzona-industrial-repair-kit\/","og_site_name":"Belzona Perspect Belgique FR","article_modified_time":"2025-12-08T19:49:40+00:00","og_image":[{"width":647,"height":647,"url":"https:\/\/www.belzona.be\/fr\/wp-content\/uploads\/sites\/4\/2022\/12\/marine-repair-kit-1.jpg","type":"image\/jpeg"}],"twitter_card":"summary_large_image","twitter_misc":{"Dur\u00e9e de lecture est.":"1 minute"},"schema":{"@context":"https:\/\/schema.org","@graph":[{"@type":"WebPage","@id":"https:\/\/www.belzona.be\/fr\/product\/autres-series\/belzona-industrial-repair-kit\/","url":"https:\/\/www.belzona.be\/fr\/product\/autres-series\/belzona-industrial-repair-kit\/","name":"Belzona \u2013 Kit r\u00e9paration industrielle complet | Perspect BE","isPartOf":{"@id":"https:\/\/www.belzona.be\/fr\/#website"},"primaryImageOfPage":{"@id":"https:\/\/www.belzona.be\/fr\/product\/autres-series\/belzona-industrial-repair-kit\/#primaryimage"},"image":{"@id":"https:\/\/www.belzona.be\/fr\/product\/autres-series\/belzona-industrial-repair-kit\/#primaryimage"},"thumbnailUrl":"https:\/\/www.belzona.be\/fr\/wp-content\/uploads\/sites\/4\/2022\/12\/marine-repair-kit-1.jpg","datePublished":"2022-12-21T09:56:41+00:00","dateModified":"2025-12-08T19:49:40+00:00","description":"Le kit r\u00e9paration industrielle Belzona regroupe composites et outils pour intervenir sur vos installations. D\u00e9couvrez le Belzona Industrial Repair Kit.","breadcrumb":{"@id":"https:\/\/www.belzona.be\/fr\/product\/autres-series\/belzona-industrial-repair-kit\/#breadcrumb"},"inLanguage":"fr-BE","potentialAction":[{"@type":"ReadAction","target":["https:\/\/www.belzona.be\/fr\/product\/autres-series\/belzona-industrial-repair-kit\/"]}]},{"@type":"ImageObject","inLanguage":"fr-BE","@id":"https:\/\/www.belzona.be\/fr\/product\/autres-series\/belzona-industrial-repair-kit\/#primaryimage","url":"https:\/\/www.belzona.be\/fr\/wp-content\/uploads\/sites\/4\/2022\/12\/marine-repair-kit-1.jpg","contentUrl":"https:\/\/www.belzona.be\/fr\/wp-content\/uploads\/sites\/4\/2022\/12\/marine-repair-kit-1.jpg","width":647,"height":647},{"@type":"BreadcrumbList","@id":"https:\/\/www.belzona.be\/fr\/product\/autres-series\/belzona-industrial-repair-kit\/#breadcrumb","itemListElement":[{"@type":"ListItem","position":1,"name":"Accueil","item":"https:\/\/www.belzona.be\/fr\/"},{"@type":"ListItem","position":2,"name":"Produits","item":"https:\/\/www.belzona.be\/fr\/produits\/"},{"@type":"ListItem","position":3,"name":"Belzona \u2013 Kit de r\u00e9paration industrielle"}]},{"@type":"WebSite","@id":"https:\/\/www.belzona.be\/fr\/#website","url":"https:\/\/www.belzona.be\/fr\/","name":"Belzona Perspect Belgique FR","description":"Belzona : r\u00e9paration, protection et am\u00e9lioration des surfaces. Belzona pr\u00e9vient et r\u00e9pare l&#039;\u00e9rosion, la corrosion, l&#039;abrasion, ainsi que les d\u00e9gradations chimiques et m\u00e9caniques.","potentialAction":[{"@type":"SearchAction","target":{"@type":"EntryPoint","urlTemplate":"https:\/\/www.belzona.be\/fr\/?s={search_term_string}"},"query-input":{"@type":"PropertyValueSpecification","valueRequired":true,"valueName":"search_term_string"}}],"inLanguage":"fr-BE"}]}},"_links":{"self":[{"href":"https:\/\/www.belzona.be\/fr\/wp-json\/wp\/v2\/product\/540","targetHints":{"allow":["GET"]}}],"collection":[{"href":"https:\/\/www.belzona.be\/fr\/wp-json\/wp\/v2\/product"}],"about":[{"href":"https:\/\/www.belzona.be\/fr\/wp-json\/wp\/v2\/types\/product"}],"wp:featuredmedia":[{"embeddable":true,"href":"https:\/\/www.belzona.be\/fr\/wp-json\/wp\/v2\/media\/541"}],"wp:attachment":[{"href":"https:\/\/www.belzona.be\/fr\/wp-json\/wp\/v2\/media?parent=540"}],"wp:term":[{"taxonomy":"product_brand","embeddable":true,"href":"https:\/\/www.belzona.be\/fr\/wp-json\/wp\/v2\/product_brand?post=540"},{"taxonomy":"product_cat","embeddable":true,"href":"https:\/\/www.belzona.be\/fr\/wp-json\/wp\/v2\/product_cat?post=540"},{"taxonomy":"product_tag","embeddable":true,"href":"https:\/\/www.belzona.be\/fr\/wp-json\/wp\/v2\/product_tag?post=540"}],"curies":[{"name":"wp","href":"https:\/\/api.w.org\/{rel}","templated":true}]}}