{"id":538,"date":"2022-12-21T11:55:00","date_gmt":"2022-12-21T09:55:00","guid":{"rendered":"https:\/\/www.belzona.nl\/?post_type=product&#038;p=538"},"modified":"2025-12-08T20:26:20","modified_gmt":"2025-12-08T19:26:20","slug":"belzona-9631-water-activated-leak-sealing-kit","status":"publish","type":"product","link":"https:\/\/www.belzona.be\/fr\/product\/autres-series\/belzona-9631-water-activated-leak-sealing-kit\/","title":{"rendered":"Belzona 9631 \u2013 Kit de colmatage de fuites activ\u00e9 par l\u2019eau"},"content":{"rendered":"","protected":false},"excerpt":{"rendered":"<p>Le kit de colmatage de fuites Belzona 9631, activ\u00e9 par l\u2019eau, est un ensemble complet et pr\u00eat \u00e0 l\u2019emploi pour r\u00e9parer rapidement et efficacement les conduites en acier, cuivre ou PVC. Ce kit contient une bande de fibre de verre pr\u00e9impr\u00e9gn\u00e9e qui s\u2019active au contact de l\u2019eau. Il n\u2019est donc pas n\u00e9cessaire de pr\u00e9parer ou de m\u00e9langer des composants avant l\u2019application.<\/p>\n<p><strong>Contenu du kit Belzona 9631<\/strong><\/p>\n<p>Le kit d&rsquo;\u00e9tanch\u00e9it\u00e9 contre les fuites activ\u00e9 par l&rsquo;eau Belzona 9631 comprend des gants, du papier abrasif, un chiffon de nettoyage, un ruban activ\u00e9 par l&rsquo;eau et un film \u00e9tirable. Le temps de durcissement est court (60 \u00e0 90 minutes). Avec cet ensemble, vous pouvez r\u00e9parer facilement et rapidement les conduites en acier, cuivre ou PVC de petit diam\u00e8tre.<\/p>\n<p>Pour des conseils personnalis\u00e9s sur l\u2019utilisation du Belzona 9631 ou sur la meilleure m\u00e9thode pour prolonger la dur\u00e9e de vie de vos installations, contactez-nous.<\/p>\n<p>&nbsp;<\/p>\n<p>&nbsp;<\/p>\n","protected":false},"featured_media":539,"template":"","meta":{"_acf_changed":false,"content-type":"","editor_notices":[]},"product_brand":[],"product_cat":[29],"product_tag":[],"class_list":{"0":"post-538","1":"product","2":"type-product","3":"status-publish","4":"has-post-thumbnail","6":"product_cat-autres-series","8":"first","9":"instock","10":"featured","11":"taxable","12":"shipping-taxable","13":"product-type-simple"},"acf":[],"yoast_head":"<!-- This site is optimized with the Yoast SEO plugin v27.3 - https:\/\/yoast.com\/product\/yoast-seo-wordpress\/ -->\n<title>Belzona 9631 \u2013 Kit colmatage fuite activ\u00e9 par l\u2019eau | Perspect BE<\/title>\n<meta name=\"description\" content=\"Le kit colmatage fuite Belzona 9631 r\u00e9pare rapidement les conduites en acier, cuivre ou PVC. Contactez-nous pour un conseil personnalis\u00e9.\" \/>\n<meta name=\"robots\" content=\"index, follow, max-snippet:-1, max-image-preview:large, max-video-preview:-1\" \/>\n<link rel=\"canonical\" href=\"https:\/\/www.belzona.be\/fr\/product\/autres-series\/belzona-9631-water-activated-leak-sealing-kit\/\" \/>\n<meta property=\"og:locale\" content=\"fr_FR\" \/>\n<meta property=\"og:type\" content=\"article\" \/>\n<meta property=\"og:title\" content=\"Belzona 9631 \u2013 Kit colmatage fuite activ\u00e9 par l\u2019eau | Perspect BE\" \/>\n<meta property=\"og:description\" content=\"Le kit colmatage fuite Belzona 9631 r\u00e9pare rapidement les conduites en acier, cuivre ou PVC. Contactez-nous pour un conseil personnalis\u00e9.\" \/>\n<meta property=\"og:url\" content=\"https:\/\/www.belzona.be\/fr\/product\/autres-series\/belzona-9631-water-activated-leak-sealing-kit\/\" \/>\n<meta property=\"og:site_name\" content=\"Belzona Perspect Belgique FR\" \/>\n<meta property=\"article:modified_time\" content=\"2025-12-08T19:26:20+00:00\" \/>\n<meta property=\"og:image\" content=\"https:\/\/www.belzona.be\/fr\/wp-content\/uploads\/sites\/4\/2022\/12\/9631-water-activated-leak-sealing-kit.jpg\" \/>\n\t<meta property=\"og:image:width\" content=\"616\" \/>\n\t<meta property=\"og:image:height\" content=\"616\" \/>\n\t<meta property=\"og:image:type\" content=\"image\/jpeg\" \/>\n<meta name=\"twitter:card\" content=\"summary_large_image\" \/>\n<meta name=\"twitter:label1\" content=\"Dur\u00e9e de lecture est.\" \/>\n\t<meta name=\"twitter:data1\" content=\"1 minute\" \/>\n<script type=\"application\/ld+json\" class=\"yoast-schema-graph\">{\"@context\":\"https:\\\/\\\/schema.org\",\"@graph\":[{\"@type\":\"WebPage\",\"@id\":\"https:\\\/\\\/www.belzona.be\\\/fr\\\/product\\\/autres-series\\\/belzona-9631-water-activated-leak-sealing-kit\\\/\",\"url\":\"https:\\\/\\\/www.belzona.be\\\/fr\\\/product\\\/autres-series\\\/belzona-9631-water-activated-leak-sealing-kit\\\/\",\"name\":\"Belzona 9631 \u2013 Kit colmatage fuite activ\u00e9 par l\u2019eau | Perspect BE\",\"isPartOf\":{\"@id\":\"https:\\\/\\\/www.belzona.be\\\/fr\\\/#website\"},\"primaryImageOfPage\":{\"@id\":\"https:\\\/\\\/www.belzona.be\\\/fr\\\/product\\\/autres-series\\\/belzona-9631-water-activated-leak-sealing-kit\\\/#primaryimage\"},\"image\":{\"@id\":\"https:\\\/\\\/www.belzona.be\\\/fr\\\/product\\\/autres-series\\\/belzona-9631-water-activated-leak-sealing-kit\\\/#primaryimage\"},\"thumbnailUrl\":\"https:\\\/\\\/www.belzona.be\\\/fr\\\/wp-content\\\/uploads\\\/sites\\\/4\\\/2022\\\/12\\\/9631-water-activated-leak-sealing-kit.jpg\",\"datePublished\":\"2022-12-21T09:55:00+00:00\",\"dateModified\":\"2025-12-08T19:26:20+00:00\",\"description\":\"Le kit colmatage fuite Belzona 9631 r\u00e9pare rapidement les conduites en acier, cuivre ou PVC. Contactez-nous pour un conseil personnalis\u00e9.\",\"breadcrumb\":{\"@id\":\"https:\\\/\\\/www.belzona.be\\\/fr\\\/product\\\/autres-series\\\/belzona-9631-water-activated-leak-sealing-kit\\\/#breadcrumb\"},\"inLanguage\":\"fr-BE\",\"potentialAction\":[{\"@type\":\"ReadAction\",\"target\":[\"https:\\\/\\\/www.belzona.be\\\/fr\\\/product\\\/autres-series\\\/belzona-9631-water-activated-leak-sealing-kit\\\/\"]}]},{\"@type\":\"ImageObject\",\"inLanguage\":\"fr-BE\",\"@id\":\"https:\\\/\\\/www.belzona.be\\\/fr\\\/product\\\/autres-series\\\/belzona-9631-water-activated-leak-sealing-kit\\\/#primaryimage\",\"url\":\"https:\\\/\\\/www.belzona.be\\\/fr\\\/wp-content\\\/uploads\\\/sites\\\/4\\\/2022\\\/12\\\/9631-water-activated-leak-sealing-kit.jpg\",\"contentUrl\":\"https:\\\/\\\/www.belzona.be\\\/fr\\\/wp-content\\\/uploads\\\/sites\\\/4\\\/2022\\\/12\\\/9631-water-activated-leak-sealing-kit.jpg\",\"width\":616,\"height\":616},{\"@type\":\"BreadcrumbList\",\"@id\":\"https:\\\/\\\/www.belzona.be\\\/fr\\\/product\\\/autres-series\\\/belzona-9631-water-activated-leak-sealing-kit\\\/#breadcrumb\",\"itemListElement\":[{\"@type\":\"ListItem\",\"position\":1,\"name\":\"Accueil\",\"item\":\"https:\\\/\\\/www.belzona.be\\\/fr\\\/\"},{\"@type\":\"ListItem\",\"position\":2,\"name\":\"Produits\",\"item\":\"https:\\\/\\\/www.belzona.be\\\/fr\\\/produits\\\/\"},{\"@type\":\"ListItem\",\"position\":3,\"name\":\"Belzona 9631 \u2013 Kit de colmatage de fuites activ\u00e9 par l\u2019eau\"}]},{\"@type\":\"WebSite\",\"@id\":\"https:\\\/\\\/www.belzona.be\\\/fr\\\/#website\",\"url\":\"https:\\\/\\\/www.belzona.be\\\/fr\\\/\",\"name\":\"Belzona Perspect Belgique FR\",\"description\":\"Belzona : r\u00e9paration, protection et am\u00e9lioration des surfaces. Belzona pr\u00e9vient et r\u00e9pare l&#039;\u00e9rosion, la corrosion, l&#039;abrasion, ainsi que les d\u00e9gradations chimiques et m\u00e9caniques.\",\"potentialAction\":[{\"@type\":\"SearchAction\",\"target\":{\"@type\":\"EntryPoint\",\"urlTemplate\":\"https:\\\/\\\/www.belzona.be\\\/fr\\\/?s={search_term_string}\"},\"query-input\":{\"@type\":\"PropertyValueSpecification\",\"valueRequired\":true,\"valueName\":\"search_term_string\"}}],\"inLanguage\":\"fr-BE\"}]}<\/script>\n<!-- \/ Yoast SEO plugin. -->","yoast_head_json":{"title":"Belzona 9631 \u2013 Kit colmatage fuite activ\u00e9 par l\u2019eau | Perspect BE","description":"Le kit colmatage fuite Belzona 9631 r\u00e9pare rapidement les conduites en acier, cuivre ou PVC. Contactez-nous pour un conseil personnalis\u00e9.","robots":{"index":"index","follow":"follow","max-snippet":"max-snippet:-1","max-image-preview":"max-image-preview:large","max-video-preview":"max-video-preview:-1"},"canonical":"https:\/\/www.belzona.be\/fr\/product\/autres-series\/belzona-9631-water-activated-leak-sealing-kit\/","og_locale":"fr_FR","og_type":"article","og_title":"Belzona 9631 \u2013 Kit colmatage fuite activ\u00e9 par l\u2019eau | Perspect BE","og_description":"Le kit colmatage fuite Belzona 9631 r\u00e9pare rapidement les conduites en acier, cuivre ou PVC. Contactez-nous pour un conseil personnalis\u00e9.","og_url":"https:\/\/www.belzona.be\/fr\/product\/autres-series\/belzona-9631-water-activated-leak-sealing-kit\/","og_site_name":"Belzona Perspect Belgique FR","article_modified_time":"2025-12-08T19:26:20+00:00","og_image":[{"width":616,"height":616,"url":"https:\/\/www.belzona.be\/fr\/wp-content\/uploads\/sites\/4\/2022\/12\/9631-water-activated-leak-sealing-kit.jpg","type":"image\/jpeg"}],"twitter_card":"summary_large_image","twitter_misc":{"Dur\u00e9e de lecture est.":"1 minute"},"schema":{"@context":"https:\/\/schema.org","@graph":[{"@type":"WebPage","@id":"https:\/\/www.belzona.be\/fr\/product\/autres-series\/belzona-9631-water-activated-leak-sealing-kit\/","url":"https:\/\/www.belzona.be\/fr\/product\/autres-series\/belzona-9631-water-activated-leak-sealing-kit\/","name":"Belzona 9631 \u2013 Kit colmatage fuite activ\u00e9 par l\u2019eau | Perspect BE","isPartOf":{"@id":"https:\/\/www.belzona.be\/fr\/#website"},"primaryImageOfPage":{"@id":"https:\/\/www.belzona.be\/fr\/product\/autres-series\/belzona-9631-water-activated-leak-sealing-kit\/#primaryimage"},"image":{"@id":"https:\/\/www.belzona.be\/fr\/product\/autres-series\/belzona-9631-water-activated-leak-sealing-kit\/#primaryimage"},"thumbnailUrl":"https:\/\/www.belzona.be\/fr\/wp-content\/uploads\/sites\/4\/2022\/12\/9631-water-activated-leak-sealing-kit.jpg","datePublished":"2022-12-21T09:55:00+00:00","dateModified":"2025-12-08T19:26:20+00:00","description":"Le kit colmatage fuite Belzona 9631 r\u00e9pare rapidement les conduites en acier, cuivre ou PVC. Contactez-nous pour un conseil personnalis\u00e9.","breadcrumb":{"@id":"https:\/\/www.belzona.be\/fr\/product\/autres-series\/belzona-9631-water-activated-leak-sealing-kit\/#breadcrumb"},"inLanguage":"fr-BE","potentialAction":[{"@type":"ReadAction","target":["https:\/\/www.belzona.be\/fr\/product\/autres-series\/belzona-9631-water-activated-leak-sealing-kit\/"]}]},{"@type":"ImageObject","inLanguage":"fr-BE","@id":"https:\/\/www.belzona.be\/fr\/product\/autres-series\/belzona-9631-water-activated-leak-sealing-kit\/#primaryimage","url":"https:\/\/www.belzona.be\/fr\/wp-content\/uploads\/sites\/4\/2022\/12\/9631-water-activated-leak-sealing-kit.jpg","contentUrl":"https:\/\/www.belzona.be\/fr\/wp-content\/uploads\/sites\/4\/2022\/12\/9631-water-activated-leak-sealing-kit.jpg","width":616,"height":616},{"@type":"BreadcrumbList","@id":"https:\/\/www.belzona.be\/fr\/product\/autres-series\/belzona-9631-water-activated-leak-sealing-kit\/#breadcrumb","itemListElement":[{"@type":"ListItem","position":1,"name":"Accueil","item":"https:\/\/www.belzona.be\/fr\/"},{"@type":"ListItem","position":2,"name":"Produits","item":"https:\/\/www.belzona.be\/fr\/produits\/"},{"@type":"ListItem","position":3,"name":"Belzona 9631 \u2013 Kit de colmatage de fuites activ\u00e9 par l\u2019eau"}]},{"@type":"WebSite","@id":"https:\/\/www.belzona.be\/fr\/#website","url":"https:\/\/www.belzona.be\/fr\/","name":"Belzona Perspect Belgique FR","description":"Belzona : r\u00e9paration, protection et am\u00e9lioration des surfaces. Belzona pr\u00e9vient et r\u00e9pare l&#039;\u00e9rosion, la corrosion, l&#039;abrasion, ainsi que les d\u00e9gradations chimiques et m\u00e9caniques.","potentialAction":[{"@type":"SearchAction","target":{"@type":"EntryPoint","urlTemplate":"https:\/\/www.belzona.be\/fr\/?s={search_term_string}"},"query-input":{"@type":"PropertyValueSpecification","valueRequired":true,"valueName":"search_term_string"}}],"inLanguage":"fr-BE"}]}},"_links":{"self":[{"href":"https:\/\/www.belzona.be\/fr\/wp-json\/wp\/v2\/product\/538","targetHints":{"allow":["GET"]}}],"collection":[{"href":"https:\/\/www.belzona.be\/fr\/wp-json\/wp\/v2\/product"}],"about":[{"href":"https:\/\/www.belzona.be\/fr\/wp-json\/wp\/v2\/types\/product"}],"wp:featuredmedia":[{"embeddable":true,"href":"https:\/\/www.belzona.be\/fr\/wp-json\/wp\/v2\/media\/539"}],"wp:attachment":[{"href":"https:\/\/www.belzona.be\/fr\/wp-json\/wp\/v2\/media?parent=538"}],"wp:term":[{"taxonomy":"product_brand","embeddable":true,"href":"https:\/\/www.belzona.be\/fr\/wp-json\/wp\/v2\/product_brand?post=538"},{"taxonomy":"product_cat","embeddable":true,"href":"https:\/\/www.belzona.be\/fr\/wp-json\/wp\/v2\/product_cat?post=538"},{"taxonomy":"product_tag","embeddable":true,"href":"https:\/\/www.belzona.be\/fr\/wp-json\/wp\/v2\/product_tag?post=538"}],"curies":[{"name":"wp","href":"https:\/\/api.w.org\/{rel}","templated":true}]}}