{"id":536,"date":"2022-12-21T11:53:30","date_gmt":"2022-12-21T09:53:30","guid":{"rendered":"https:\/\/www.belzona.nl\/?post_type=product&#038;p=536"},"modified":"2025-12-08T20:22:42","modified_gmt":"2025-12-08T19:22:42","slug":"belzona-9621-3d-printed-mesh-kit","status":"publish","type":"product","link":"https:\/\/www.belzona.be\/fr\/product\/autres-series\/belzona-9621-3d-printed-mesh-kit\/","title":{"rendered":"Belzona 9621 \u2013 Kit maille 3D imprim\u00e9e"},"content":{"rendered":"","protected":false},"excerpt":{"rendered":"<p>Pratique : le kit Belzona 9621 3D printed Mesh ! Avec cet ensemble complet pr\u00eat \u00e0 l&#8217;emploi, vous pouvez rapidement et efficacement colmater rapidement et efficacement des fuites sur vos installations. Le kit Belzona 9621 3D printed Mesh contient un treillis imprim\u00e9 en 3D accompagn\u00e9 d\u2019un boulon de serrage. Le kit est \u00e9galement \u00e9quip\u00e9 d\u2019un papier abrasif et d\u2019une cl\u00e9 Allen pour le serrage.<\/p>\n<p>Pour des conseils personnalis\u00e9s sur l\u2019utilisation du Belzona 9621 et la meilleure m\u00e9thode pour r\u00e9parer ou prolonger la dur\u00e9e de vie de vos installations, contactez-nous.<\/p>\n<p><strong>\u00a0<\/strong><\/p>\n","protected":false},"featured_media":537,"template":"","meta":{"_acf_changed":false,"content-type":"","editor_notices":[]},"product_brand":[],"product_cat":[29],"product_tag":[],"class_list":{"0":"post-536","1":"product","2":"type-product","3":"status-publish","4":"has-post-thumbnail","6":"product_cat-autres-series","8":"first","9":"instock","10":"taxable","11":"shipping-taxable","12":"product-type-simple"},"acf":[],"yoast_head":"<!-- This site is optimized with the Yoast SEO plugin v27.3 - https:\/\/yoast.com\/product\/yoast-seo-wordpress\/ -->\n<title>Kit maille 3D Belzona 9621 \u2013 R\u00e9paration rapide | Perspect BE<\/title>\n<meta name=\"description\" content=\"D\u00e9couvrez le kit maille 3D Belzona 9621, une solution efficace pour colmater rapidement les fuites industrielles. Contactez-nous pour un conseil sur mesure.\" \/>\n<meta name=\"robots\" content=\"index, follow, max-snippet:-1, max-image-preview:large, max-video-preview:-1\" \/>\n<link rel=\"canonical\" href=\"https:\/\/www.belzona.be\/fr\/product\/autres-series\/belzona-9621-3d-printed-mesh-kit\/\" \/>\n<meta property=\"og:locale\" content=\"fr_FR\" \/>\n<meta property=\"og:type\" content=\"article\" \/>\n<meta property=\"og:title\" content=\"Kit maille 3D Belzona 9621 \u2013 R\u00e9paration rapide | Perspect BE\" \/>\n<meta property=\"og:description\" content=\"D\u00e9couvrez le kit maille 3D Belzona 9621, une solution efficace pour colmater rapidement les fuites industrielles. Contactez-nous pour un conseil sur mesure.\" \/>\n<meta property=\"og:url\" content=\"https:\/\/www.belzona.be\/fr\/product\/autres-series\/belzona-9621-3d-printed-mesh-kit\/\" \/>\n<meta property=\"og:site_name\" content=\"Belzona Perspect Belgique FR\" \/>\n<meta property=\"article:modified_time\" content=\"2025-12-08T19:22:42+00:00\" \/>\n<meta property=\"og:image\" content=\"https:\/\/www.belzona.be\/fr\/wp-content\/uploads\/sites\/4\/2022\/12\/Belzona-9621-3D-printed-mesh-kit.jpg\" \/>\n\t<meta property=\"og:image:width\" content=\"628\" \/>\n\t<meta property=\"og:image:height\" content=\"628\" \/>\n\t<meta property=\"og:image:type\" content=\"image\/jpeg\" \/>\n<meta name=\"twitter:card\" content=\"summary_large_image\" \/>\n<meta name=\"twitter:label1\" content=\"Dur\u00e9e de lecture est.\" \/>\n\t<meta name=\"twitter:data1\" content=\"1 minute\" \/>\n<script type=\"application\/ld+json\" class=\"yoast-schema-graph\">{\"@context\":\"https:\\\/\\\/schema.org\",\"@graph\":[{\"@type\":\"WebPage\",\"@id\":\"https:\\\/\\\/www.belzona.be\\\/fr\\\/product\\\/autres-series\\\/belzona-9621-3d-printed-mesh-kit\\\/\",\"url\":\"https:\\\/\\\/www.belzona.be\\\/fr\\\/product\\\/autres-series\\\/belzona-9621-3d-printed-mesh-kit\\\/\",\"name\":\"Kit maille 3D Belzona 9621 \u2013 R\u00e9paration rapide | Perspect BE\",\"isPartOf\":{\"@id\":\"https:\\\/\\\/www.belzona.be\\\/fr\\\/#website\"},\"primaryImageOfPage\":{\"@id\":\"https:\\\/\\\/www.belzona.be\\\/fr\\\/product\\\/autres-series\\\/belzona-9621-3d-printed-mesh-kit\\\/#primaryimage\"},\"image\":{\"@id\":\"https:\\\/\\\/www.belzona.be\\\/fr\\\/product\\\/autres-series\\\/belzona-9621-3d-printed-mesh-kit\\\/#primaryimage\"},\"thumbnailUrl\":\"https:\\\/\\\/www.belzona.be\\\/fr\\\/wp-content\\\/uploads\\\/sites\\\/4\\\/2022\\\/12\\\/Belzona-9621-3D-printed-mesh-kit.jpg\",\"datePublished\":\"2022-12-21T09:53:30+00:00\",\"dateModified\":\"2025-12-08T19:22:42+00:00\",\"description\":\"D\u00e9couvrez le kit maille 3D Belzona 9621, une solution efficace pour colmater rapidement les fuites industrielles. Contactez-nous pour un conseil sur mesure.\",\"breadcrumb\":{\"@id\":\"https:\\\/\\\/www.belzona.be\\\/fr\\\/product\\\/autres-series\\\/belzona-9621-3d-printed-mesh-kit\\\/#breadcrumb\"},\"inLanguage\":\"fr-BE\",\"potentialAction\":[{\"@type\":\"ReadAction\",\"target\":[\"https:\\\/\\\/www.belzona.be\\\/fr\\\/product\\\/autres-series\\\/belzona-9621-3d-printed-mesh-kit\\\/\"]}]},{\"@type\":\"ImageObject\",\"inLanguage\":\"fr-BE\",\"@id\":\"https:\\\/\\\/www.belzona.be\\\/fr\\\/product\\\/autres-series\\\/belzona-9621-3d-printed-mesh-kit\\\/#primaryimage\",\"url\":\"https:\\\/\\\/www.belzona.be\\\/fr\\\/wp-content\\\/uploads\\\/sites\\\/4\\\/2022\\\/12\\\/Belzona-9621-3D-printed-mesh-kit.jpg\",\"contentUrl\":\"https:\\\/\\\/www.belzona.be\\\/fr\\\/wp-content\\\/uploads\\\/sites\\\/4\\\/2022\\\/12\\\/Belzona-9621-3D-printed-mesh-kit.jpg\",\"width\":628,\"height\":628},{\"@type\":\"BreadcrumbList\",\"@id\":\"https:\\\/\\\/www.belzona.be\\\/fr\\\/product\\\/autres-series\\\/belzona-9621-3d-printed-mesh-kit\\\/#breadcrumb\",\"itemListElement\":[{\"@type\":\"ListItem\",\"position\":1,\"name\":\"Accueil\",\"item\":\"https:\\\/\\\/www.belzona.be\\\/fr\\\/\"},{\"@type\":\"ListItem\",\"position\":2,\"name\":\"Produits\",\"item\":\"https:\\\/\\\/www.belzona.be\\\/fr\\\/produits\\\/\"},{\"@type\":\"ListItem\",\"position\":3,\"name\":\"Belzona 9621 \u2013 Kit maille 3D imprim\u00e9e\"}]},{\"@type\":\"WebSite\",\"@id\":\"https:\\\/\\\/www.belzona.be\\\/fr\\\/#website\",\"url\":\"https:\\\/\\\/www.belzona.be\\\/fr\\\/\",\"name\":\"Belzona Perspect Belgique FR\",\"description\":\"Belzona : r\u00e9paration, protection et am\u00e9lioration des surfaces. Belzona pr\u00e9vient et r\u00e9pare l&#039;\u00e9rosion, la corrosion, l&#039;abrasion, ainsi que les d\u00e9gradations chimiques et m\u00e9caniques.\",\"potentialAction\":[{\"@type\":\"SearchAction\",\"target\":{\"@type\":\"EntryPoint\",\"urlTemplate\":\"https:\\\/\\\/www.belzona.be\\\/fr\\\/?s={search_term_string}\"},\"query-input\":{\"@type\":\"PropertyValueSpecification\",\"valueRequired\":true,\"valueName\":\"search_term_string\"}}],\"inLanguage\":\"fr-BE\"}]}<\/script>\n<!-- \/ Yoast SEO plugin. -->","yoast_head_json":{"title":"Kit maille 3D Belzona 9621 \u2013 R\u00e9paration rapide | Perspect BE","description":"D\u00e9couvrez le kit maille 3D Belzona 9621, une solution efficace pour colmater rapidement les fuites industrielles. Contactez-nous pour un conseil sur mesure.","robots":{"index":"index","follow":"follow","max-snippet":"max-snippet:-1","max-image-preview":"max-image-preview:large","max-video-preview":"max-video-preview:-1"},"canonical":"https:\/\/www.belzona.be\/fr\/product\/autres-series\/belzona-9621-3d-printed-mesh-kit\/","og_locale":"fr_FR","og_type":"article","og_title":"Kit maille 3D Belzona 9621 \u2013 R\u00e9paration rapide | Perspect BE","og_description":"D\u00e9couvrez le kit maille 3D Belzona 9621, une solution efficace pour colmater rapidement les fuites industrielles. Contactez-nous pour un conseil sur mesure.","og_url":"https:\/\/www.belzona.be\/fr\/product\/autres-series\/belzona-9621-3d-printed-mesh-kit\/","og_site_name":"Belzona Perspect Belgique FR","article_modified_time":"2025-12-08T19:22:42+00:00","og_image":[{"width":628,"height":628,"url":"https:\/\/www.belzona.be\/fr\/wp-content\/uploads\/sites\/4\/2022\/12\/Belzona-9621-3D-printed-mesh-kit.jpg","type":"image\/jpeg"}],"twitter_card":"summary_large_image","twitter_misc":{"Dur\u00e9e de lecture est.":"1 minute"},"schema":{"@context":"https:\/\/schema.org","@graph":[{"@type":"WebPage","@id":"https:\/\/www.belzona.be\/fr\/product\/autres-series\/belzona-9621-3d-printed-mesh-kit\/","url":"https:\/\/www.belzona.be\/fr\/product\/autres-series\/belzona-9621-3d-printed-mesh-kit\/","name":"Kit maille 3D Belzona 9621 \u2013 R\u00e9paration rapide | Perspect BE","isPartOf":{"@id":"https:\/\/www.belzona.be\/fr\/#website"},"primaryImageOfPage":{"@id":"https:\/\/www.belzona.be\/fr\/product\/autres-series\/belzona-9621-3d-printed-mesh-kit\/#primaryimage"},"image":{"@id":"https:\/\/www.belzona.be\/fr\/product\/autres-series\/belzona-9621-3d-printed-mesh-kit\/#primaryimage"},"thumbnailUrl":"https:\/\/www.belzona.be\/fr\/wp-content\/uploads\/sites\/4\/2022\/12\/Belzona-9621-3D-printed-mesh-kit.jpg","datePublished":"2022-12-21T09:53:30+00:00","dateModified":"2025-12-08T19:22:42+00:00","description":"D\u00e9couvrez le kit maille 3D Belzona 9621, une solution efficace pour colmater rapidement les fuites industrielles. Contactez-nous pour un conseil sur mesure.","breadcrumb":{"@id":"https:\/\/www.belzona.be\/fr\/product\/autres-series\/belzona-9621-3d-printed-mesh-kit\/#breadcrumb"},"inLanguage":"fr-BE","potentialAction":[{"@type":"ReadAction","target":["https:\/\/www.belzona.be\/fr\/product\/autres-series\/belzona-9621-3d-printed-mesh-kit\/"]}]},{"@type":"ImageObject","inLanguage":"fr-BE","@id":"https:\/\/www.belzona.be\/fr\/product\/autres-series\/belzona-9621-3d-printed-mesh-kit\/#primaryimage","url":"https:\/\/www.belzona.be\/fr\/wp-content\/uploads\/sites\/4\/2022\/12\/Belzona-9621-3D-printed-mesh-kit.jpg","contentUrl":"https:\/\/www.belzona.be\/fr\/wp-content\/uploads\/sites\/4\/2022\/12\/Belzona-9621-3D-printed-mesh-kit.jpg","width":628,"height":628},{"@type":"BreadcrumbList","@id":"https:\/\/www.belzona.be\/fr\/product\/autres-series\/belzona-9621-3d-printed-mesh-kit\/#breadcrumb","itemListElement":[{"@type":"ListItem","position":1,"name":"Accueil","item":"https:\/\/www.belzona.be\/fr\/"},{"@type":"ListItem","position":2,"name":"Produits","item":"https:\/\/www.belzona.be\/fr\/produits\/"},{"@type":"ListItem","position":3,"name":"Belzona 9621 \u2013 Kit maille 3D imprim\u00e9e"}]},{"@type":"WebSite","@id":"https:\/\/www.belzona.be\/fr\/#website","url":"https:\/\/www.belzona.be\/fr\/","name":"Belzona Perspect Belgique FR","description":"Belzona : r\u00e9paration, protection et am\u00e9lioration des surfaces. Belzona pr\u00e9vient et r\u00e9pare l&#039;\u00e9rosion, la corrosion, l&#039;abrasion, ainsi que les d\u00e9gradations chimiques et m\u00e9caniques.","potentialAction":[{"@type":"SearchAction","target":{"@type":"EntryPoint","urlTemplate":"https:\/\/www.belzona.be\/fr\/?s={search_term_string}"},"query-input":{"@type":"PropertyValueSpecification","valueRequired":true,"valueName":"search_term_string"}}],"inLanguage":"fr-BE"}]}},"_links":{"self":[{"href":"https:\/\/www.belzona.be\/fr\/wp-json\/wp\/v2\/product\/536","targetHints":{"allow":["GET"]}}],"collection":[{"href":"https:\/\/www.belzona.be\/fr\/wp-json\/wp\/v2\/product"}],"about":[{"href":"https:\/\/www.belzona.be\/fr\/wp-json\/wp\/v2\/types\/product"}],"wp:featuredmedia":[{"embeddable":true,"href":"https:\/\/www.belzona.be\/fr\/wp-json\/wp\/v2\/media\/537"}],"wp:attachment":[{"href":"https:\/\/www.belzona.be\/fr\/wp-json\/wp\/v2\/media?parent=536"}],"wp:term":[{"taxonomy":"product_brand","embeddable":true,"href":"https:\/\/www.belzona.be\/fr\/wp-json\/wp\/v2\/product_brand?post=536"},{"taxonomy":"product_cat","embeddable":true,"href":"https:\/\/www.belzona.be\/fr\/wp-json\/wp\/v2\/product_cat?post=536"},{"taxonomy":"product_tag","embeddable":true,"href":"https:\/\/www.belzona.be\/fr\/wp-json\/wp\/v2\/product_tag?post=536"}],"curies":[{"name":"wp","href":"https:\/\/api.w.org\/{rel}","templated":true}]}}