{"id":534,"date":"2022-12-21T11:51:31","date_gmt":"2022-12-21T09:51:31","guid":{"rendered":"https:\/\/www.belzona.nl\/?post_type=product&#038;p=534"},"modified":"2025-12-08T09:06:42","modified_gmt":"2025-12-08T08:06:42","slug":"belzona-9411-release-agent","status":"publish","type":"product","link":"https:\/\/www.belzona.be\/fr\/product\/autres-series\/belzona-9411-release-agent\/","title":{"rendered":"Belzona 9411 \u2013 Agent de d\u00e9moulage"},"content":{"rendered":"","protected":false},"excerpt":{"rendered":"<p>Lorsque l\u2019adh\u00e9rence doit \u00eatre \u00e9vit\u00e9e, Belzona 9411 \u2013 agent de d\u00e9moulage \u2013 offre une solution efficace. Son application, sur des surfaces de petites ou grandes dimensions, emp\u00eache l\u2019adh\u00e9rence de nombreux mat\u00e9riaux lors des op\u00e9rations de moulage ou de mise en forme. Il facilite \u00e9galement l\u2019extraction de mat\u00e9riaux durcis hors des moules, simplifiant les op\u00e9rations de d\u00e9moulage.<\/p>\n<p>Pour toute question, demande d\u2019offre ou conseil technique sur la gamme Belzona, contactez notre \u00e9quipe. En tant que distributeur agr\u00e9\u00e9, nous sommes \u00e0 votre service.<\/p>\n<p>&nbsp;<\/p>\n","protected":false},"featured_media":535,"template":"","meta":{"_acf_changed":false,"content-type":"","editor_notices":[]},"product_brand":[],"product_cat":[29],"product_tag":[],"class_list":{"0":"post-534","1":"product","2":"type-product","3":"status-publish","4":"has-post-thumbnail","6":"product_cat-autres-series","8":"first","9":"instock","10":"taxable","11":"shipping-taxable","12":"product-type-simple"},"acf":[],"yoast_head":"<!-- This site is optimized with the Yoast SEO plugin v27.3 - https:\/\/yoast.com\/product\/yoast-seo-wordpress\/ -->\n<title>Belzona 9411 \u2013 Agent de d\u00e9moulage pour moulages | Perspect BE<\/title>\n<meta name=\"description\" content=\"Belzona 9411 est un agent de d\u00e9moulage pour faciliter l\u2019extraction des mat\u00e9riaux durcis. Id\u00e9al pour op\u00e9rations de moulage. Contactez-nous.\" \/>\n<meta name=\"robots\" content=\"index, follow, max-snippet:-1, max-image-preview:large, max-video-preview:-1\" \/>\n<link rel=\"canonical\" href=\"https:\/\/www.belzona.be\/fr\/product\/autres-series\/belzona-9411-release-agent\/\" \/>\n<meta property=\"og:locale\" content=\"fr_FR\" \/>\n<meta property=\"og:type\" content=\"article\" \/>\n<meta property=\"og:title\" content=\"Belzona 9411 \u2013 Agent de d\u00e9moulage pour moulages | Perspect BE\" \/>\n<meta property=\"og:description\" content=\"Belzona 9411 est un agent de d\u00e9moulage pour faciliter l\u2019extraction des mat\u00e9riaux durcis. Id\u00e9al pour op\u00e9rations de moulage. Contactez-nous.\" \/>\n<meta property=\"og:url\" content=\"https:\/\/www.belzona.be\/fr\/product\/autres-series\/belzona-9411-release-agent\/\" \/>\n<meta property=\"og:site_name\" content=\"Belzona Perspect Belgique FR\" \/>\n<meta property=\"article:modified_time\" content=\"2025-12-08T08:06:42+00:00\" \/>\n<meta property=\"og:image\" content=\"https:\/\/www.belzona.be\/fr\/wp-content\/uploads\/sites\/4\/2022\/12\/Belzona-9411-release-agent.jpg\" \/>\n\t<meta property=\"og:image:width\" content=\"702\" \/>\n\t<meta property=\"og:image:height\" content=\"702\" \/>\n\t<meta property=\"og:image:type\" content=\"image\/jpeg\" \/>\n<meta name=\"twitter:card\" content=\"summary_large_image\" \/>\n<meta name=\"twitter:label1\" content=\"Dur\u00e9e de lecture est.\" \/>\n\t<meta name=\"twitter:data1\" content=\"1 minute\" \/>\n<script type=\"application\/ld+json\" class=\"yoast-schema-graph\">{\"@context\":\"https:\\\/\\\/schema.org\",\"@graph\":[{\"@type\":\"WebPage\",\"@id\":\"https:\\\/\\\/www.belzona.be\\\/fr\\\/product\\\/autres-series\\\/belzona-9411-release-agent\\\/\",\"url\":\"https:\\\/\\\/www.belzona.be\\\/fr\\\/product\\\/autres-series\\\/belzona-9411-release-agent\\\/\",\"name\":\"Belzona 9411 \u2013 Agent de d\u00e9moulage pour moulages | Perspect BE\",\"isPartOf\":{\"@id\":\"https:\\\/\\\/www.belzona.be\\\/fr\\\/#website\"},\"primaryImageOfPage\":{\"@id\":\"https:\\\/\\\/www.belzona.be\\\/fr\\\/product\\\/autres-series\\\/belzona-9411-release-agent\\\/#primaryimage\"},\"image\":{\"@id\":\"https:\\\/\\\/www.belzona.be\\\/fr\\\/product\\\/autres-series\\\/belzona-9411-release-agent\\\/#primaryimage\"},\"thumbnailUrl\":\"https:\\\/\\\/www.belzona.be\\\/fr\\\/wp-content\\\/uploads\\\/sites\\\/4\\\/2022\\\/12\\\/Belzona-9411-release-agent.jpg\",\"datePublished\":\"2022-12-21T09:51:31+00:00\",\"dateModified\":\"2025-12-08T08:06:42+00:00\",\"description\":\"Belzona 9411 est un agent de d\u00e9moulage pour faciliter l\u2019extraction des mat\u00e9riaux durcis. Id\u00e9al pour op\u00e9rations de moulage. Contactez-nous.\",\"breadcrumb\":{\"@id\":\"https:\\\/\\\/www.belzona.be\\\/fr\\\/product\\\/autres-series\\\/belzona-9411-release-agent\\\/#breadcrumb\"},\"inLanguage\":\"fr-BE\",\"potentialAction\":[{\"@type\":\"ReadAction\",\"target\":[\"https:\\\/\\\/www.belzona.be\\\/fr\\\/product\\\/autres-series\\\/belzona-9411-release-agent\\\/\"]}]},{\"@type\":\"ImageObject\",\"inLanguage\":\"fr-BE\",\"@id\":\"https:\\\/\\\/www.belzona.be\\\/fr\\\/product\\\/autres-series\\\/belzona-9411-release-agent\\\/#primaryimage\",\"url\":\"https:\\\/\\\/www.belzona.be\\\/fr\\\/wp-content\\\/uploads\\\/sites\\\/4\\\/2022\\\/12\\\/Belzona-9411-release-agent.jpg\",\"contentUrl\":\"https:\\\/\\\/www.belzona.be\\\/fr\\\/wp-content\\\/uploads\\\/sites\\\/4\\\/2022\\\/12\\\/Belzona-9411-release-agent.jpg\",\"width\":702,\"height\":702},{\"@type\":\"BreadcrumbList\",\"@id\":\"https:\\\/\\\/www.belzona.be\\\/fr\\\/product\\\/autres-series\\\/belzona-9411-release-agent\\\/#breadcrumb\",\"itemListElement\":[{\"@type\":\"ListItem\",\"position\":1,\"name\":\"Accueil\",\"item\":\"https:\\\/\\\/www.belzona.be\\\/fr\\\/\"},{\"@type\":\"ListItem\",\"position\":2,\"name\":\"Produits\",\"item\":\"https:\\\/\\\/www.belzona.be\\\/fr\\\/produits\\\/\"},{\"@type\":\"ListItem\",\"position\":3,\"name\":\"Belzona 9411 \u2013 Agent de d\u00e9moulage\"}]},{\"@type\":\"WebSite\",\"@id\":\"https:\\\/\\\/www.belzona.be\\\/fr\\\/#website\",\"url\":\"https:\\\/\\\/www.belzona.be\\\/fr\\\/\",\"name\":\"Belzona Perspect Belgique FR\",\"description\":\"Belzona : r\u00e9paration, protection et am\u00e9lioration des surfaces. Belzona pr\u00e9vient et r\u00e9pare l&#039;\u00e9rosion, la corrosion, l&#039;abrasion, ainsi que les d\u00e9gradations chimiques et m\u00e9caniques.\",\"potentialAction\":[{\"@type\":\"SearchAction\",\"target\":{\"@type\":\"EntryPoint\",\"urlTemplate\":\"https:\\\/\\\/www.belzona.be\\\/fr\\\/?s={search_term_string}\"},\"query-input\":{\"@type\":\"PropertyValueSpecification\",\"valueRequired\":true,\"valueName\":\"search_term_string\"}}],\"inLanguage\":\"fr-BE\"}]}<\/script>\n<!-- \/ Yoast SEO plugin. -->","yoast_head_json":{"title":"Belzona 9411 \u2013 Agent de d\u00e9moulage pour moulages | Perspect BE","description":"Belzona 9411 est un agent de d\u00e9moulage pour faciliter l\u2019extraction des mat\u00e9riaux durcis. Id\u00e9al pour op\u00e9rations de moulage. Contactez-nous.","robots":{"index":"index","follow":"follow","max-snippet":"max-snippet:-1","max-image-preview":"max-image-preview:large","max-video-preview":"max-video-preview:-1"},"canonical":"https:\/\/www.belzona.be\/fr\/product\/autres-series\/belzona-9411-release-agent\/","og_locale":"fr_FR","og_type":"article","og_title":"Belzona 9411 \u2013 Agent de d\u00e9moulage pour moulages | Perspect BE","og_description":"Belzona 9411 est un agent de d\u00e9moulage pour faciliter l\u2019extraction des mat\u00e9riaux durcis. Id\u00e9al pour op\u00e9rations de moulage. Contactez-nous.","og_url":"https:\/\/www.belzona.be\/fr\/product\/autres-series\/belzona-9411-release-agent\/","og_site_name":"Belzona Perspect Belgique FR","article_modified_time":"2025-12-08T08:06:42+00:00","og_image":[{"width":702,"height":702,"url":"https:\/\/www.belzona.be\/fr\/wp-content\/uploads\/sites\/4\/2022\/12\/Belzona-9411-release-agent.jpg","type":"image\/jpeg"}],"twitter_card":"summary_large_image","twitter_misc":{"Dur\u00e9e de lecture est.":"1 minute"},"schema":{"@context":"https:\/\/schema.org","@graph":[{"@type":"WebPage","@id":"https:\/\/www.belzona.be\/fr\/product\/autres-series\/belzona-9411-release-agent\/","url":"https:\/\/www.belzona.be\/fr\/product\/autres-series\/belzona-9411-release-agent\/","name":"Belzona 9411 \u2013 Agent de d\u00e9moulage pour moulages | Perspect BE","isPartOf":{"@id":"https:\/\/www.belzona.be\/fr\/#website"},"primaryImageOfPage":{"@id":"https:\/\/www.belzona.be\/fr\/product\/autres-series\/belzona-9411-release-agent\/#primaryimage"},"image":{"@id":"https:\/\/www.belzona.be\/fr\/product\/autres-series\/belzona-9411-release-agent\/#primaryimage"},"thumbnailUrl":"https:\/\/www.belzona.be\/fr\/wp-content\/uploads\/sites\/4\/2022\/12\/Belzona-9411-release-agent.jpg","datePublished":"2022-12-21T09:51:31+00:00","dateModified":"2025-12-08T08:06:42+00:00","description":"Belzona 9411 est un agent de d\u00e9moulage pour faciliter l\u2019extraction des mat\u00e9riaux durcis. Id\u00e9al pour op\u00e9rations de moulage. Contactez-nous.","breadcrumb":{"@id":"https:\/\/www.belzona.be\/fr\/product\/autres-series\/belzona-9411-release-agent\/#breadcrumb"},"inLanguage":"fr-BE","potentialAction":[{"@type":"ReadAction","target":["https:\/\/www.belzona.be\/fr\/product\/autres-series\/belzona-9411-release-agent\/"]}]},{"@type":"ImageObject","inLanguage":"fr-BE","@id":"https:\/\/www.belzona.be\/fr\/product\/autres-series\/belzona-9411-release-agent\/#primaryimage","url":"https:\/\/www.belzona.be\/fr\/wp-content\/uploads\/sites\/4\/2022\/12\/Belzona-9411-release-agent.jpg","contentUrl":"https:\/\/www.belzona.be\/fr\/wp-content\/uploads\/sites\/4\/2022\/12\/Belzona-9411-release-agent.jpg","width":702,"height":702},{"@type":"BreadcrumbList","@id":"https:\/\/www.belzona.be\/fr\/product\/autres-series\/belzona-9411-release-agent\/#breadcrumb","itemListElement":[{"@type":"ListItem","position":1,"name":"Accueil","item":"https:\/\/www.belzona.be\/fr\/"},{"@type":"ListItem","position":2,"name":"Produits","item":"https:\/\/www.belzona.be\/fr\/produits\/"},{"@type":"ListItem","position":3,"name":"Belzona 9411 \u2013 Agent de d\u00e9moulage"}]},{"@type":"WebSite","@id":"https:\/\/www.belzona.be\/fr\/#website","url":"https:\/\/www.belzona.be\/fr\/","name":"Belzona Perspect Belgique FR","description":"Belzona : r\u00e9paration, protection et am\u00e9lioration des surfaces. Belzona pr\u00e9vient et r\u00e9pare l&#039;\u00e9rosion, la corrosion, l&#039;abrasion, ainsi que les d\u00e9gradations chimiques et m\u00e9caniques.","potentialAction":[{"@type":"SearchAction","target":{"@type":"EntryPoint","urlTemplate":"https:\/\/www.belzona.be\/fr\/?s={search_term_string}"},"query-input":{"@type":"PropertyValueSpecification","valueRequired":true,"valueName":"search_term_string"}}],"inLanguage":"fr-BE"}]}},"_links":{"self":[{"href":"https:\/\/www.belzona.be\/fr\/wp-json\/wp\/v2\/product\/534","targetHints":{"allow":["GET"]}}],"collection":[{"href":"https:\/\/www.belzona.be\/fr\/wp-json\/wp\/v2\/product"}],"about":[{"href":"https:\/\/www.belzona.be\/fr\/wp-json\/wp\/v2\/types\/product"}],"wp:featuredmedia":[{"embeddable":true,"href":"https:\/\/www.belzona.be\/fr\/wp-json\/wp\/v2\/media\/535"}],"wp:attachment":[{"href":"https:\/\/www.belzona.be\/fr\/wp-json\/wp\/v2\/media?parent=534"}],"wp:term":[{"taxonomy":"product_brand","embeddable":true,"href":"https:\/\/www.belzona.be\/fr\/wp-json\/wp\/v2\/product_brand?post=534"},{"taxonomy":"product_cat","embeddable":true,"href":"https:\/\/www.belzona.be\/fr\/wp-json\/wp\/v2\/product_cat?post=534"},{"taxonomy":"product_tag","embeddable":true,"href":"https:\/\/www.belzona.be\/fr\/wp-json\/wp\/v2\/product_tag?post=534"}],"curies":[{"name":"wp","href":"https:\/\/api.w.org\/{rel}","templated":true}]}}