{"id":532,"date":"2022-12-21T11:50:35","date_gmt":"2022-12-21T09:50:35","guid":{"rendered":"https:\/\/www.belzona.nl\/?post_type=product&#038;p=532"},"modified":"2025-12-08T20:43:16","modified_gmt":"2025-12-08T19:43:16","slug":"belzona-flange-face-forming-kit","status":"publish","type":"product","link":"https:\/\/www.belzona.be\/fr\/product\/autres-series\/belzona-flange-face-forming-kit\/","title":{"rendered":"Belzona Kit de formage de la face de la bride"},"content":{"rendered":"<p><iframe title=\"Belzona Flange Face Forming kit\" width=\"980\" height=\"735\" data-src=\"https:\/\/www.youtube.com\/embed\/qxF7KDX9X_8?feature=oembed\" frameborder=\"0\" allow=\"accelerometer; autoplay; clipboard-write; encrypted-media; gyroscope; picture-in-picture; web-share\" referrerpolicy=\"strict-origin-when-cross-origin\" allowfullscreen src=\"data:image\/svg+xml;base64,PHN2ZyB3aWR0aD0iMSIgaGVpZ2h0PSIxIiB4bWxucz0iaHR0cDovL3d3dy53My5vcmcvMjAwMC9zdmciPjwvc3ZnPg==\" class=\"lazyload\" data-load-mode=\"1\"><\/iframe><\/p>\n","protected":false},"excerpt":{"rendered":"<div class=\"flex-1 overflow-hidden\">\n<div class=\"react-scroll-to-bottom--css-vhanw-79elbk h-full\">\n<div class=\"react-scroll-to-bottom--css-vhanw-1n7m0yu\">\n<div class=\"flex flex-col text-sm pb-9\">\n<div class=\"w-full text-token-text-primary\" data-testid=\"conversation-turn-231\">\n<div class=\"px-4 py-2 justify-center text-base md:gap-6 m-auto\">\n<div class=\"flex flex-1 text-base mx-auto gap-3 md:px-5 lg:px-1 xl:px-5 md:max-w-3xl lg:max-w-[40rem] xl:max-w-[48rem] group final-completion\">\n<div class=\"relative flex w-full flex-col agent-turn\">\n<div class=\"flex-col gap-1 md:gap-3\">\n<div class=\"flex flex-grow flex-col max-w-full\">\n<div class=\"min-h-[20px] text-message flex flex-col items-start gap-3 whitespace-pre-wrap break-words [.text-message+&amp;]:mt-5 overflow-x-auto\" data-message-author-role=\"assistant\" data-message-id=\"12a448e9-6629-482f-b818-e2d88aa5b6c2\">\n<div class=\"markdown prose w-full break-words dark:prose-invert light\">\n<p>Avec le kit de formage de faces de bride Belzona, les probl\u00e8mes tels que la d\u00e9formation thermique, corrosion ou \u00e9rosion des faces de bride peuvent \u00eatre rapidement r\u00e9solus. Associ\u00e9 \u00e0 des composites \u00e9poxy Belzona tels que le Belzona 1111 Super Metal, ce kit de r\u00e9paration de brides offre des solutions simples \u00e0 appliquer et \u00e9conomiques.<\/p>\n<p>Le kit Belzona comprend tous les outils n\u00e9cessaires pour effectuer rapidement et facilement une r\u00e9paration, ce qui \u00e9vite de devoir stocker plusieurs tailles de brides de rechange. Le kit de reconstitution des faces de bride Belzona contient six matrices r\u00e9utilisables en PTFE pour r\u00e9parer les tailles de brides les plus courantes dans l&rsquo;industrie, ainsi que tous les autres outils d&rsquo;application n\u00e9cessaires.<\/p>\n<p>Le kit de formage de faces de bride Belzona peut \u00eatre utilis\u00e9 pour :<\/p>\n<ul>\n<li>R\u00e9parer et reconstituer les faces de bride endommag\u00e9es.<\/li>\n<li>Prot\u00e9ger de la corrosion les faces de bride neuves ou existantes.<\/li>\n<li>Isoler des m\u00e9taux dissemblables et pr\u00e9venir la corrosion galvanique.<\/li>\n<li>Compatible avec les inserts de buses Belzona et les doublures internes.<\/li>\n<\/ul>\n<\/div>\n<\/div>\n<\/div>\n<div class=\"mt-1 flex justify-start gap-3 empty:hidden\"><\/div>\n<\/div>\n<\/div>\n<\/div>\n<\/div>\n<\/div>\n<\/div>\n<\/div>\n<\/div>\n<\/div>\n<p><strong>T\u00e9l\u00e9chargement<\/strong><br \/>\n<a title=\"Flyer Belzona Flange Face Forming Kit\" href=\"https:\/\/www.belzona.nl\/userfiles\/file\/belzona-flange-face-forming-kit-flyer.pdf\" target=\"_blank\" rel=\"noopener\">Flyer Belzona Flange Face Forming Kit<\/a> (PDF)<\/p>\n","protected":false},"featured_media":533,"template":"","meta":{"_acf_changed":false,"content-type":"","editor_notices":[]},"product_brand":[],"product_cat":[29],"product_tag":[],"class_list":{"0":"post-532","1":"product","2":"type-product","3":"status-publish","4":"has-post-thumbnail","6":"product_cat-autres-series","8":"first","9":"instock","10":"taxable","11":"shipping-taxable","12":"product-type-simple"},"acf":[],"yoast_head":"<!-- This site is optimized with the Yoast SEO plugin v27.3 - https:\/\/yoast.com\/product\/yoast-seo-wordpress\/ -->\n<title>Belzona \u2013 Kit r\u00e9paration bride | Perspect BE<\/title>\n<meta name=\"description\" content=\"Le kit r\u00e9paration bride Belzona restaure et prot\u00e8ge les faces de bride gr\u00e2ce au Flange Face Forming Kit. Solutions rapides et \u00e9conomiques. Contactez-nous.\" \/>\n<meta name=\"robots\" content=\"index, follow, max-snippet:-1, max-image-preview:large, max-video-preview:-1\" \/>\n<link rel=\"canonical\" href=\"https:\/\/www.belzona.be\/fr\/product\/autres-series\/belzona-flange-face-forming-kit\/\" \/>\n<meta property=\"og:locale\" content=\"fr_FR\" \/>\n<meta property=\"og:type\" content=\"article\" \/>\n<meta property=\"og:title\" content=\"Belzona \u2013 Kit r\u00e9paration bride | Perspect BE\" \/>\n<meta property=\"og:description\" content=\"Le kit r\u00e9paration bride Belzona restaure et prot\u00e8ge les faces de bride gr\u00e2ce au Flange Face Forming Kit. Solutions rapides et \u00e9conomiques. Contactez-nous.\" \/>\n<meta property=\"og:url\" content=\"https:\/\/www.belzona.be\/fr\/product\/autres-series\/belzona-flange-face-forming-kit\/\" \/>\n<meta property=\"og:site_name\" content=\"Belzona Perspect Belgique FR\" \/>\n<meta property=\"article:modified_time\" content=\"2025-12-08T19:43:16+00:00\" \/>\n<meta property=\"og:image\" content=\"https:\/\/www.belzona.be\/fr\/wp-content\/uploads\/sites\/4\/2022\/12\/belzona-flange-face-forming-kit.jpg\" \/>\n\t<meta property=\"og:image:width\" content=\"654\" \/>\n\t<meta property=\"og:image:height\" content=\"654\" \/>\n\t<meta property=\"og:image:type\" content=\"image\/jpeg\" \/>\n<meta name=\"twitter:card\" content=\"summary_large_image\" \/>\n<meta name=\"twitter:label1\" content=\"Dur\u00e9e de lecture est.\" \/>\n\t<meta name=\"twitter:data1\" content=\"1 minute\" \/>\n<script type=\"application\/ld+json\" class=\"yoast-schema-graph\">{\"@context\":\"https:\\\/\\\/schema.org\",\"@graph\":[{\"@type\":\"WebPage\",\"@id\":\"https:\\\/\\\/www.belzona.be\\\/fr\\\/product\\\/autres-series\\\/belzona-flange-face-forming-kit\\\/\",\"url\":\"https:\\\/\\\/www.belzona.be\\\/fr\\\/product\\\/autres-series\\\/belzona-flange-face-forming-kit\\\/\",\"name\":\"Belzona \u2013 Kit r\u00e9paration bride | Perspect BE\",\"isPartOf\":{\"@id\":\"https:\\\/\\\/www.belzona.be\\\/fr\\\/#website\"},\"primaryImageOfPage\":{\"@id\":\"https:\\\/\\\/www.belzona.be\\\/fr\\\/product\\\/autres-series\\\/belzona-flange-face-forming-kit\\\/#primaryimage\"},\"image\":{\"@id\":\"https:\\\/\\\/www.belzona.be\\\/fr\\\/product\\\/autres-series\\\/belzona-flange-face-forming-kit\\\/#primaryimage\"},\"thumbnailUrl\":\"https:\\\/\\\/www.belzona.be\\\/fr\\\/wp-content\\\/uploads\\\/sites\\\/4\\\/2022\\\/12\\\/belzona-flange-face-forming-kit.jpg\",\"datePublished\":\"2022-12-21T09:50:35+00:00\",\"dateModified\":\"2025-12-08T19:43:16+00:00\",\"description\":\"Le kit r\u00e9paration bride Belzona restaure et prot\u00e8ge les faces de bride gr\u00e2ce au Flange Face Forming Kit. Solutions rapides et \u00e9conomiques. Contactez-nous.\",\"breadcrumb\":{\"@id\":\"https:\\\/\\\/www.belzona.be\\\/fr\\\/product\\\/autres-series\\\/belzona-flange-face-forming-kit\\\/#breadcrumb\"},\"inLanguage\":\"fr-BE\",\"potentialAction\":[{\"@type\":\"ReadAction\",\"target\":[\"https:\\\/\\\/www.belzona.be\\\/fr\\\/product\\\/autres-series\\\/belzona-flange-face-forming-kit\\\/\"]}]},{\"@type\":\"ImageObject\",\"inLanguage\":\"fr-BE\",\"@id\":\"https:\\\/\\\/www.belzona.be\\\/fr\\\/product\\\/autres-series\\\/belzona-flange-face-forming-kit\\\/#primaryimage\",\"url\":\"https:\\\/\\\/www.belzona.be\\\/fr\\\/wp-content\\\/uploads\\\/sites\\\/4\\\/2022\\\/12\\\/belzona-flange-face-forming-kit.jpg\",\"contentUrl\":\"https:\\\/\\\/www.belzona.be\\\/fr\\\/wp-content\\\/uploads\\\/sites\\\/4\\\/2022\\\/12\\\/belzona-flange-face-forming-kit.jpg\",\"width\":654,\"height\":654},{\"@type\":\"BreadcrumbList\",\"@id\":\"https:\\\/\\\/www.belzona.be\\\/fr\\\/product\\\/autres-series\\\/belzona-flange-face-forming-kit\\\/#breadcrumb\",\"itemListElement\":[{\"@type\":\"ListItem\",\"position\":1,\"name\":\"Accueil\",\"item\":\"https:\\\/\\\/www.belzona.be\\\/fr\\\/\"},{\"@type\":\"ListItem\",\"position\":2,\"name\":\"Produits\",\"item\":\"https:\\\/\\\/www.belzona.be\\\/fr\\\/produits\\\/\"},{\"@type\":\"ListItem\",\"position\":3,\"name\":\"Belzona Kit de formage de la face de la bride\"}]},{\"@type\":\"WebSite\",\"@id\":\"https:\\\/\\\/www.belzona.be\\\/fr\\\/#website\",\"url\":\"https:\\\/\\\/www.belzona.be\\\/fr\\\/\",\"name\":\"Belzona Perspect Belgique FR\",\"description\":\"Belzona : r\u00e9paration, protection et am\u00e9lioration des surfaces. Belzona pr\u00e9vient et r\u00e9pare l&#039;\u00e9rosion, la corrosion, l&#039;abrasion, ainsi que les d\u00e9gradations chimiques et m\u00e9caniques.\",\"potentialAction\":[{\"@type\":\"SearchAction\",\"target\":{\"@type\":\"EntryPoint\",\"urlTemplate\":\"https:\\\/\\\/www.belzona.be\\\/fr\\\/?s={search_term_string}\"},\"query-input\":{\"@type\":\"PropertyValueSpecification\",\"valueRequired\":true,\"valueName\":\"search_term_string\"}}],\"inLanguage\":\"fr-BE\"}]}<\/script>\n<!-- \/ Yoast SEO plugin. -->","yoast_head_json":{"title":"Belzona \u2013 Kit r\u00e9paration bride | Perspect BE","description":"Le kit r\u00e9paration bride Belzona restaure et prot\u00e8ge les faces de bride gr\u00e2ce au Flange Face Forming Kit. Solutions rapides et \u00e9conomiques. Contactez-nous.","robots":{"index":"index","follow":"follow","max-snippet":"max-snippet:-1","max-image-preview":"max-image-preview:large","max-video-preview":"max-video-preview:-1"},"canonical":"https:\/\/www.belzona.be\/fr\/product\/autres-series\/belzona-flange-face-forming-kit\/","og_locale":"fr_FR","og_type":"article","og_title":"Belzona \u2013 Kit r\u00e9paration bride | Perspect BE","og_description":"Le kit r\u00e9paration bride Belzona restaure et prot\u00e8ge les faces de bride gr\u00e2ce au Flange Face Forming Kit. Solutions rapides et \u00e9conomiques. Contactez-nous.","og_url":"https:\/\/www.belzona.be\/fr\/product\/autres-series\/belzona-flange-face-forming-kit\/","og_site_name":"Belzona Perspect Belgique FR","article_modified_time":"2025-12-08T19:43:16+00:00","og_image":[{"width":654,"height":654,"url":"https:\/\/www.belzona.be\/fr\/wp-content\/uploads\/sites\/4\/2022\/12\/belzona-flange-face-forming-kit.jpg","type":"image\/jpeg"}],"twitter_card":"summary_large_image","twitter_misc":{"Dur\u00e9e de lecture est.":"1 minute"},"schema":{"@context":"https:\/\/schema.org","@graph":[{"@type":"WebPage","@id":"https:\/\/www.belzona.be\/fr\/product\/autres-series\/belzona-flange-face-forming-kit\/","url":"https:\/\/www.belzona.be\/fr\/product\/autres-series\/belzona-flange-face-forming-kit\/","name":"Belzona \u2013 Kit r\u00e9paration bride | Perspect BE","isPartOf":{"@id":"https:\/\/www.belzona.be\/fr\/#website"},"primaryImageOfPage":{"@id":"https:\/\/www.belzona.be\/fr\/product\/autres-series\/belzona-flange-face-forming-kit\/#primaryimage"},"image":{"@id":"https:\/\/www.belzona.be\/fr\/product\/autres-series\/belzona-flange-face-forming-kit\/#primaryimage"},"thumbnailUrl":"https:\/\/www.belzona.be\/fr\/wp-content\/uploads\/sites\/4\/2022\/12\/belzona-flange-face-forming-kit.jpg","datePublished":"2022-12-21T09:50:35+00:00","dateModified":"2025-12-08T19:43:16+00:00","description":"Le kit r\u00e9paration bride Belzona restaure et prot\u00e8ge les faces de bride gr\u00e2ce au Flange Face Forming Kit. Solutions rapides et \u00e9conomiques. Contactez-nous.","breadcrumb":{"@id":"https:\/\/www.belzona.be\/fr\/product\/autres-series\/belzona-flange-face-forming-kit\/#breadcrumb"},"inLanguage":"fr-BE","potentialAction":[{"@type":"ReadAction","target":["https:\/\/www.belzona.be\/fr\/product\/autres-series\/belzona-flange-face-forming-kit\/"]}]},{"@type":"ImageObject","inLanguage":"fr-BE","@id":"https:\/\/www.belzona.be\/fr\/product\/autres-series\/belzona-flange-face-forming-kit\/#primaryimage","url":"https:\/\/www.belzona.be\/fr\/wp-content\/uploads\/sites\/4\/2022\/12\/belzona-flange-face-forming-kit.jpg","contentUrl":"https:\/\/www.belzona.be\/fr\/wp-content\/uploads\/sites\/4\/2022\/12\/belzona-flange-face-forming-kit.jpg","width":654,"height":654},{"@type":"BreadcrumbList","@id":"https:\/\/www.belzona.be\/fr\/product\/autres-series\/belzona-flange-face-forming-kit\/#breadcrumb","itemListElement":[{"@type":"ListItem","position":1,"name":"Accueil","item":"https:\/\/www.belzona.be\/fr\/"},{"@type":"ListItem","position":2,"name":"Produits","item":"https:\/\/www.belzona.be\/fr\/produits\/"},{"@type":"ListItem","position":3,"name":"Belzona Kit de formage de la face de la bride"}]},{"@type":"WebSite","@id":"https:\/\/www.belzona.be\/fr\/#website","url":"https:\/\/www.belzona.be\/fr\/","name":"Belzona Perspect Belgique FR","description":"Belzona : r\u00e9paration, protection et am\u00e9lioration des surfaces. Belzona pr\u00e9vient et r\u00e9pare l&#039;\u00e9rosion, la corrosion, l&#039;abrasion, ainsi que les d\u00e9gradations chimiques et m\u00e9caniques.","potentialAction":[{"@type":"SearchAction","target":{"@type":"EntryPoint","urlTemplate":"https:\/\/www.belzona.be\/fr\/?s={search_term_string}"},"query-input":{"@type":"PropertyValueSpecification","valueRequired":true,"valueName":"search_term_string"}}],"inLanguage":"fr-BE"}]}},"_links":{"self":[{"href":"https:\/\/www.belzona.be\/fr\/wp-json\/wp\/v2\/product\/532","targetHints":{"allow":["GET"]}}],"collection":[{"href":"https:\/\/www.belzona.be\/fr\/wp-json\/wp\/v2\/product"}],"about":[{"href":"https:\/\/www.belzona.be\/fr\/wp-json\/wp\/v2\/types\/product"}],"wp:featuredmedia":[{"embeddable":true,"href":"https:\/\/www.belzona.be\/fr\/wp-json\/wp\/v2\/media\/533"}],"wp:attachment":[{"href":"https:\/\/www.belzona.be\/fr\/wp-json\/wp\/v2\/media?parent=532"}],"wp:term":[{"taxonomy":"product_brand","embeddable":true,"href":"https:\/\/www.belzona.be\/fr\/wp-json\/wp\/v2\/product_brand?post=532"},{"taxonomy":"product_cat","embeddable":true,"href":"https:\/\/www.belzona.be\/fr\/wp-json\/wp\/v2\/product_cat?post=532"},{"taxonomy":"product_tag","embeddable":true,"href":"https:\/\/www.belzona.be\/fr\/wp-json\/wp\/v2\/product_tag?post=532"}],"curies":[{"name":"wp","href":"https:\/\/api.w.org\/{rel}","templated":true}]}}