{"id":530,"date":"2022-12-21T11:49:05","date_gmt":"2022-12-21T09:49:05","guid":{"rendered":"https:\/\/www.belzona.nl\/?post_type=product&#038;p=530"},"modified":"2025-12-08T09:03:20","modified_gmt":"2025-12-08T08:03:20","slug":"belzona-9341-reinforcement-sheets","status":"publish","type":"product","link":"https:\/\/www.belzona.be\/fr\/product\/autres-series\/belzona-9341-reinforcement-sheets\/","title":{"rendered":"Belzona 9341 \u2013 Feuille de renforcement"},"content":{"rendered":"","protected":false},"excerpt":{"rendered":"<p>Les feuilles de renforcement Belzona 9341 constituent un \u00e9l\u00e9ment essentiel pour assurer une r\u00e9paration durable des fuites. Elles conviennent \u00e9galement aux r\u00e9parations par enroulement ou par renfort localis\u00e9, notamment dans le cadre des syst\u00e8mes Belzona SuperWrap II. Elles sont \u00e9galement utilis\u00e9es lorsqu\u2019un pontage de fissures est requis.<\/p>\n<p>La gamme comprend plusieurs types de feuilles de renforcement :<br data-start=\"2831\" data-end=\"2834\" \/>\u2022 feuille de renforcement en membrane flexible Belzona 9311<br data-start=\"2893\" data-end=\"2896\" \/>\u2022 feuille de renforcement Lagseal Belzona 9321<br data-start=\"2942\" data-end=\"2945\" \/>\u2022 feuille de renforcement MR7 Belzona 9331<br data-start=\"2987\" data-end=\"2990\" \/>\u2022 feuille de renforcement Belzona 9341<\/p>\n<p>Pour toute information ou pour une demande d\u2019offre concernant les feuilles de renforcement Belzona 9341 ou d\u2019autres accessoires, contactez notre \u00e9quipe.<\/p>\n","protected":false},"featured_media":531,"template":"","meta":{"_acf_changed":false,"content-type":"","editor_notices":[]},"product_brand":[],"product_cat":[29],"product_tag":[],"class_list":{"0":"post-530","1":"product","2":"type-product","3":"status-publish","4":"has-post-thumbnail","6":"product_cat-autres-series","8":"first","9":"instock","10":"taxable","11":"shipping-taxable","12":"product-type-simple"},"acf":[],"yoast_head":"<!-- This site is optimized with the Yoast SEO plugin v27.3 - https:\/\/yoast.com\/product\/yoast-seo-wordpress\/ -->\n<title>Belzona 9341 \u2013 Feuille de renforcement | Perspect BE<\/title>\n<meta name=\"description\" content=\"Belzona 9341 est une feuille de renforcement con\u00e7ue pour les r\u00e9parations durables. Disponible en plusieurs versions. Contactez-nous.\" \/>\n<meta name=\"robots\" content=\"index, follow, max-snippet:-1, max-image-preview:large, max-video-preview:-1\" \/>\n<link rel=\"canonical\" href=\"https:\/\/www.belzona.be\/fr\/product\/autres-series\/belzona-9341-reinforcement-sheets\/\" \/>\n<meta property=\"og:locale\" content=\"fr_FR\" \/>\n<meta property=\"og:type\" content=\"article\" \/>\n<meta property=\"og:title\" content=\"Belzona 9341 \u2013 Feuille de renforcement | Perspect BE\" \/>\n<meta property=\"og:description\" content=\"Belzona 9341 est une feuille de renforcement con\u00e7ue pour les r\u00e9parations durables. Disponible en plusieurs versions. Contactez-nous.\" \/>\n<meta property=\"og:url\" content=\"https:\/\/www.belzona.be\/fr\/product\/autres-series\/belzona-9341-reinforcement-sheets\/\" \/>\n<meta property=\"og:site_name\" content=\"Belzona Perspect Belgique FR\" \/>\n<meta property=\"article:modified_time\" content=\"2025-12-08T08:03:20+00:00\" \/>\n<meta property=\"og:image\" content=\"https:\/\/www.belzona.be\/fr\/wp-content\/uploads\/sites\/4\/2022\/12\/belzona-9300-reinforcement-sheets.jpg\" \/>\n\t<meta property=\"og:image:width\" content=\"738\" \/>\n\t<meta property=\"og:image:height\" content=\"738\" \/>\n\t<meta property=\"og:image:type\" content=\"image\/jpeg\" \/>\n<meta name=\"twitter:card\" content=\"summary_large_image\" \/>\n<meta name=\"twitter:label1\" content=\"Dur\u00e9e de lecture est.\" \/>\n\t<meta name=\"twitter:data1\" content=\"1 minute\" \/>\n<script type=\"application\/ld+json\" class=\"yoast-schema-graph\">{\"@context\":\"https:\\\/\\\/schema.org\",\"@graph\":[{\"@type\":\"WebPage\",\"@id\":\"https:\\\/\\\/www.belzona.be\\\/fr\\\/product\\\/autres-series\\\/belzona-9341-reinforcement-sheets\\\/\",\"url\":\"https:\\\/\\\/www.belzona.be\\\/fr\\\/product\\\/autres-series\\\/belzona-9341-reinforcement-sheets\\\/\",\"name\":\"Belzona 9341 \u2013 Feuille de renforcement | Perspect BE\",\"isPartOf\":{\"@id\":\"https:\\\/\\\/www.belzona.be\\\/fr\\\/#website\"},\"primaryImageOfPage\":{\"@id\":\"https:\\\/\\\/www.belzona.be\\\/fr\\\/product\\\/autres-series\\\/belzona-9341-reinforcement-sheets\\\/#primaryimage\"},\"image\":{\"@id\":\"https:\\\/\\\/www.belzona.be\\\/fr\\\/product\\\/autres-series\\\/belzona-9341-reinforcement-sheets\\\/#primaryimage\"},\"thumbnailUrl\":\"https:\\\/\\\/www.belzona.be\\\/fr\\\/wp-content\\\/uploads\\\/sites\\\/4\\\/2022\\\/12\\\/belzona-9300-reinforcement-sheets.jpg\",\"datePublished\":\"2022-12-21T09:49:05+00:00\",\"dateModified\":\"2025-12-08T08:03:20+00:00\",\"description\":\"Belzona 9341 est une feuille de renforcement con\u00e7ue pour les r\u00e9parations durables. Disponible en plusieurs versions. Contactez-nous.\",\"breadcrumb\":{\"@id\":\"https:\\\/\\\/www.belzona.be\\\/fr\\\/product\\\/autres-series\\\/belzona-9341-reinforcement-sheets\\\/#breadcrumb\"},\"inLanguage\":\"fr-BE\",\"potentialAction\":[{\"@type\":\"ReadAction\",\"target\":[\"https:\\\/\\\/www.belzona.be\\\/fr\\\/product\\\/autres-series\\\/belzona-9341-reinforcement-sheets\\\/\"]}]},{\"@type\":\"ImageObject\",\"inLanguage\":\"fr-BE\",\"@id\":\"https:\\\/\\\/www.belzona.be\\\/fr\\\/product\\\/autres-series\\\/belzona-9341-reinforcement-sheets\\\/#primaryimage\",\"url\":\"https:\\\/\\\/www.belzona.be\\\/fr\\\/wp-content\\\/uploads\\\/sites\\\/4\\\/2022\\\/12\\\/belzona-9300-reinforcement-sheets.jpg\",\"contentUrl\":\"https:\\\/\\\/www.belzona.be\\\/fr\\\/wp-content\\\/uploads\\\/sites\\\/4\\\/2022\\\/12\\\/belzona-9300-reinforcement-sheets.jpg\",\"width\":738,\"height\":738},{\"@type\":\"BreadcrumbList\",\"@id\":\"https:\\\/\\\/www.belzona.be\\\/fr\\\/product\\\/autres-series\\\/belzona-9341-reinforcement-sheets\\\/#breadcrumb\",\"itemListElement\":[{\"@type\":\"ListItem\",\"position\":1,\"name\":\"Accueil\",\"item\":\"https:\\\/\\\/www.belzona.be\\\/fr\\\/\"},{\"@type\":\"ListItem\",\"position\":2,\"name\":\"Produits\",\"item\":\"https:\\\/\\\/www.belzona.be\\\/fr\\\/produits\\\/\"},{\"@type\":\"ListItem\",\"position\":3,\"name\":\"Belzona 9341 \u2013 Feuille de renforcement\"}]},{\"@type\":\"WebSite\",\"@id\":\"https:\\\/\\\/www.belzona.be\\\/fr\\\/#website\",\"url\":\"https:\\\/\\\/www.belzona.be\\\/fr\\\/\",\"name\":\"Belzona Perspect Belgique FR\",\"description\":\"Belzona : r\u00e9paration, protection et am\u00e9lioration des surfaces. Belzona pr\u00e9vient et r\u00e9pare l&#039;\u00e9rosion, la corrosion, l&#039;abrasion, ainsi que les d\u00e9gradations chimiques et m\u00e9caniques.\",\"potentialAction\":[{\"@type\":\"SearchAction\",\"target\":{\"@type\":\"EntryPoint\",\"urlTemplate\":\"https:\\\/\\\/www.belzona.be\\\/fr\\\/?s={search_term_string}\"},\"query-input\":{\"@type\":\"PropertyValueSpecification\",\"valueRequired\":true,\"valueName\":\"search_term_string\"}}],\"inLanguage\":\"fr-BE\"}]}<\/script>\n<!-- \/ Yoast SEO plugin. -->","yoast_head_json":{"title":"Belzona 9341 \u2013 Feuille de renforcement | Perspect BE","description":"Belzona 9341 est une feuille de renforcement con\u00e7ue pour les r\u00e9parations durables. Disponible en plusieurs versions. Contactez-nous.","robots":{"index":"index","follow":"follow","max-snippet":"max-snippet:-1","max-image-preview":"max-image-preview:large","max-video-preview":"max-video-preview:-1"},"canonical":"https:\/\/www.belzona.be\/fr\/product\/autres-series\/belzona-9341-reinforcement-sheets\/","og_locale":"fr_FR","og_type":"article","og_title":"Belzona 9341 \u2013 Feuille de renforcement | Perspect BE","og_description":"Belzona 9341 est une feuille de renforcement con\u00e7ue pour les r\u00e9parations durables. Disponible en plusieurs versions. Contactez-nous.","og_url":"https:\/\/www.belzona.be\/fr\/product\/autres-series\/belzona-9341-reinforcement-sheets\/","og_site_name":"Belzona Perspect Belgique FR","article_modified_time":"2025-12-08T08:03:20+00:00","og_image":[{"width":738,"height":738,"url":"https:\/\/www.belzona.be\/fr\/wp-content\/uploads\/sites\/4\/2022\/12\/belzona-9300-reinforcement-sheets.jpg","type":"image\/jpeg"}],"twitter_card":"summary_large_image","twitter_misc":{"Dur\u00e9e de lecture est.":"1 minute"},"schema":{"@context":"https:\/\/schema.org","@graph":[{"@type":"WebPage","@id":"https:\/\/www.belzona.be\/fr\/product\/autres-series\/belzona-9341-reinforcement-sheets\/","url":"https:\/\/www.belzona.be\/fr\/product\/autres-series\/belzona-9341-reinforcement-sheets\/","name":"Belzona 9341 \u2013 Feuille de renforcement | Perspect BE","isPartOf":{"@id":"https:\/\/www.belzona.be\/fr\/#website"},"primaryImageOfPage":{"@id":"https:\/\/www.belzona.be\/fr\/product\/autres-series\/belzona-9341-reinforcement-sheets\/#primaryimage"},"image":{"@id":"https:\/\/www.belzona.be\/fr\/product\/autres-series\/belzona-9341-reinforcement-sheets\/#primaryimage"},"thumbnailUrl":"https:\/\/www.belzona.be\/fr\/wp-content\/uploads\/sites\/4\/2022\/12\/belzona-9300-reinforcement-sheets.jpg","datePublished":"2022-12-21T09:49:05+00:00","dateModified":"2025-12-08T08:03:20+00:00","description":"Belzona 9341 est une feuille de renforcement con\u00e7ue pour les r\u00e9parations durables. Disponible en plusieurs versions. Contactez-nous.","breadcrumb":{"@id":"https:\/\/www.belzona.be\/fr\/product\/autres-series\/belzona-9341-reinforcement-sheets\/#breadcrumb"},"inLanguage":"fr-BE","potentialAction":[{"@type":"ReadAction","target":["https:\/\/www.belzona.be\/fr\/product\/autres-series\/belzona-9341-reinforcement-sheets\/"]}]},{"@type":"ImageObject","inLanguage":"fr-BE","@id":"https:\/\/www.belzona.be\/fr\/product\/autres-series\/belzona-9341-reinforcement-sheets\/#primaryimage","url":"https:\/\/www.belzona.be\/fr\/wp-content\/uploads\/sites\/4\/2022\/12\/belzona-9300-reinforcement-sheets.jpg","contentUrl":"https:\/\/www.belzona.be\/fr\/wp-content\/uploads\/sites\/4\/2022\/12\/belzona-9300-reinforcement-sheets.jpg","width":738,"height":738},{"@type":"BreadcrumbList","@id":"https:\/\/www.belzona.be\/fr\/product\/autres-series\/belzona-9341-reinforcement-sheets\/#breadcrumb","itemListElement":[{"@type":"ListItem","position":1,"name":"Accueil","item":"https:\/\/www.belzona.be\/fr\/"},{"@type":"ListItem","position":2,"name":"Produits","item":"https:\/\/www.belzona.be\/fr\/produits\/"},{"@type":"ListItem","position":3,"name":"Belzona 9341 \u2013 Feuille de renforcement"}]},{"@type":"WebSite","@id":"https:\/\/www.belzona.be\/fr\/#website","url":"https:\/\/www.belzona.be\/fr\/","name":"Belzona Perspect Belgique FR","description":"Belzona : r\u00e9paration, protection et am\u00e9lioration des surfaces. Belzona pr\u00e9vient et r\u00e9pare l&#039;\u00e9rosion, la corrosion, l&#039;abrasion, ainsi que les d\u00e9gradations chimiques et m\u00e9caniques.","potentialAction":[{"@type":"SearchAction","target":{"@type":"EntryPoint","urlTemplate":"https:\/\/www.belzona.be\/fr\/?s={search_term_string}"},"query-input":{"@type":"PropertyValueSpecification","valueRequired":true,"valueName":"search_term_string"}}],"inLanguage":"fr-BE"}]}},"_links":{"self":[{"href":"https:\/\/www.belzona.be\/fr\/wp-json\/wp\/v2\/product\/530","targetHints":{"allow":["GET"]}}],"collection":[{"href":"https:\/\/www.belzona.be\/fr\/wp-json\/wp\/v2\/product"}],"about":[{"href":"https:\/\/www.belzona.be\/fr\/wp-json\/wp\/v2\/types\/product"}],"wp:featuredmedia":[{"embeddable":true,"href":"https:\/\/www.belzona.be\/fr\/wp-json\/wp\/v2\/media\/531"}],"wp:attachment":[{"href":"https:\/\/www.belzona.be\/fr\/wp-json\/wp\/v2\/media?parent=530"}],"wp:term":[{"taxonomy":"product_brand","embeddable":true,"href":"https:\/\/www.belzona.be\/fr\/wp-json\/wp\/v2\/product_brand?post=530"},{"taxonomy":"product_cat","embeddable":true,"href":"https:\/\/www.belzona.be\/fr\/wp-json\/wp\/v2\/product_cat?post=530"},{"taxonomy":"product_tag","embeddable":true,"href":"https:\/\/www.belzona.be\/fr\/wp-json\/wp\/v2\/product_tag?post=530"}],"curies":[{"name":"wp","href":"https:\/\/api.w.org\/{rel}","templated":true}]}}