{"id":528,"date":"2022-12-21T11:48:02","date_gmt":"2022-12-21T09:48:02","guid":{"rendered":"https:\/\/www.belzona.nl\/?post_type=product&#038;p=528"},"modified":"2025-12-08T09:00:30","modified_gmt":"2025-12-08T08:00:30","slug":"belzona-9200-non-slip-aggregates","status":"publish","type":"product","link":"https:\/\/www.belzona.be\/fr\/product\/autres-series\/belzona-9200-non-slip-aggregates\/","title":{"rendered":"Belzona 9200 \u2013 Agr\u00e9gat antid\u00e9rapant"},"content":{"rendered":"","protected":false},"excerpt":{"rendered":"<p>La gamme Belzona 9200 regroupe plusieurs types d\u2019agr\u00e9gats antid\u00e9rapants, dont le Belzona 9211 (agr\u00e9gat Supergrip), le Belzona 9221 (agr\u00e9gat Surefoot blanc) et le Belzona 9231 (agr\u00e9gat Surefoot). Ils compl\u00e8tent les syst\u00e8mes antid\u00e9rapants Belzona en renfor\u00e7ant l\u2019adh\u00e9rence et la performance antiglisse des rev\u00eatements auxquels ils sont associ\u00e9s.<\/p>\n<p>Pour toute question ou pour une demande d\u2019offre concernant les produits Belzona et leurs applications, contactez notre \u00e9quipe.<\/p>\n","protected":false},"featured_media":529,"template":"","meta":{"_acf_changed":false,"content-type":"","editor_notices":[]},"product_brand":[],"product_cat":[29],"product_tag":[],"class_list":{"0":"post-528","1":"product","2":"type-product","3":"status-publish","4":"has-post-thumbnail","6":"product_cat-autres-series","8":"first","9":"instock","10":"taxable","11":"shipping-taxable","12":"product-type-simple"},"acf":[],"yoast_head":"<!-- This site is optimized with the Yoast SEO plugin v27.3 - https:\/\/yoast.com\/product\/yoast-seo-wordpress\/ -->\n<title>Belzona 9200 \u2013 Agr\u00e9gat antid\u00e9rapant | Perspect BE<\/title>\n<meta name=\"description\" content=\"D\u00e9couvrez Belzona 9200, agr\u00e9gat antid\u00e9rapant pour renforcer l\u2019adh\u00e9rence des rev\u00eatements. Convient aux syst\u00e8mes Supergrip et Surefoot. Contactez-nous.\" \/>\n<meta name=\"robots\" content=\"index, follow, max-snippet:-1, max-image-preview:large, max-video-preview:-1\" \/>\n<link rel=\"canonical\" href=\"https:\/\/www.belzona.be\/fr\/product\/autres-series\/belzona-9200-non-slip-aggregates\/\" \/>\n<meta property=\"og:locale\" content=\"fr_FR\" \/>\n<meta property=\"og:type\" content=\"article\" \/>\n<meta property=\"og:title\" content=\"Belzona 9200 \u2013 Agr\u00e9gat antid\u00e9rapant | Perspect BE\" \/>\n<meta property=\"og:description\" content=\"D\u00e9couvrez Belzona 9200, agr\u00e9gat antid\u00e9rapant pour renforcer l\u2019adh\u00e9rence des rev\u00eatements. Convient aux syst\u00e8mes Supergrip et Surefoot. Contactez-nous.\" \/>\n<meta property=\"og:url\" content=\"https:\/\/www.belzona.be\/fr\/product\/autres-series\/belzona-9200-non-slip-aggregates\/\" \/>\n<meta property=\"og:site_name\" content=\"Belzona Perspect Belgique FR\" \/>\n<meta property=\"article:modified_time\" content=\"2025-12-08T08:00:30+00:00\" \/>\n<meta property=\"og:image\" content=\"https:\/\/www.belzona.be\/fr\/wp-content\/uploads\/sites\/4\/2022\/12\/belzona-9200-non-slip-aggregates.jpg\" \/>\n\t<meta property=\"og:image:width\" content=\"688\" \/>\n\t<meta property=\"og:image:height\" content=\"688\" \/>\n\t<meta property=\"og:image:type\" content=\"image\/jpeg\" \/>\n<meta name=\"twitter:card\" content=\"summary_large_image\" \/>\n<meta name=\"twitter:label1\" content=\"Dur\u00e9e de lecture est.\" \/>\n\t<meta name=\"twitter:data1\" content=\"1 minute\" \/>\n<script type=\"application\/ld+json\" class=\"yoast-schema-graph\">{\"@context\":\"https:\\\/\\\/schema.org\",\"@graph\":[{\"@type\":\"WebPage\",\"@id\":\"https:\\\/\\\/www.belzona.be\\\/fr\\\/product\\\/autres-series\\\/belzona-9200-non-slip-aggregates\\\/\",\"url\":\"https:\\\/\\\/www.belzona.be\\\/fr\\\/product\\\/autres-series\\\/belzona-9200-non-slip-aggregates\\\/\",\"name\":\"Belzona 9200 \u2013 Agr\u00e9gat antid\u00e9rapant | Perspect BE\",\"isPartOf\":{\"@id\":\"https:\\\/\\\/www.belzona.be\\\/fr\\\/#website\"},\"primaryImageOfPage\":{\"@id\":\"https:\\\/\\\/www.belzona.be\\\/fr\\\/product\\\/autres-series\\\/belzona-9200-non-slip-aggregates\\\/#primaryimage\"},\"image\":{\"@id\":\"https:\\\/\\\/www.belzona.be\\\/fr\\\/product\\\/autres-series\\\/belzona-9200-non-slip-aggregates\\\/#primaryimage\"},\"thumbnailUrl\":\"https:\\\/\\\/www.belzona.be\\\/fr\\\/wp-content\\\/uploads\\\/sites\\\/4\\\/2022\\\/12\\\/belzona-9200-non-slip-aggregates.jpg\",\"datePublished\":\"2022-12-21T09:48:02+00:00\",\"dateModified\":\"2025-12-08T08:00:30+00:00\",\"description\":\"D\u00e9couvrez Belzona 9200, agr\u00e9gat antid\u00e9rapant pour renforcer l\u2019adh\u00e9rence des rev\u00eatements. Convient aux syst\u00e8mes Supergrip et Surefoot. Contactez-nous.\",\"breadcrumb\":{\"@id\":\"https:\\\/\\\/www.belzona.be\\\/fr\\\/product\\\/autres-series\\\/belzona-9200-non-slip-aggregates\\\/#breadcrumb\"},\"inLanguage\":\"fr-BE\",\"potentialAction\":[{\"@type\":\"ReadAction\",\"target\":[\"https:\\\/\\\/www.belzona.be\\\/fr\\\/product\\\/autres-series\\\/belzona-9200-non-slip-aggregates\\\/\"]}]},{\"@type\":\"ImageObject\",\"inLanguage\":\"fr-BE\",\"@id\":\"https:\\\/\\\/www.belzona.be\\\/fr\\\/product\\\/autres-series\\\/belzona-9200-non-slip-aggregates\\\/#primaryimage\",\"url\":\"https:\\\/\\\/www.belzona.be\\\/fr\\\/wp-content\\\/uploads\\\/sites\\\/4\\\/2022\\\/12\\\/belzona-9200-non-slip-aggregates.jpg\",\"contentUrl\":\"https:\\\/\\\/www.belzona.be\\\/fr\\\/wp-content\\\/uploads\\\/sites\\\/4\\\/2022\\\/12\\\/belzona-9200-non-slip-aggregates.jpg\",\"width\":688,\"height\":688},{\"@type\":\"BreadcrumbList\",\"@id\":\"https:\\\/\\\/www.belzona.be\\\/fr\\\/product\\\/autres-series\\\/belzona-9200-non-slip-aggregates\\\/#breadcrumb\",\"itemListElement\":[{\"@type\":\"ListItem\",\"position\":1,\"name\":\"Accueil\",\"item\":\"https:\\\/\\\/www.belzona.be\\\/fr\\\/\"},{\"@type\":\"ListItem\",\"position\":2,\"name\":\"Produits\",\"item\":\"https:\\\/\\\/www.belzona.be\\\/fr\\\/produits\\\/\"},{\"@type\":\"ListItem\",\"position\":3,\"name\":\"Belzona 9200 \u2013 Agr\u00e9gat antid\u00e9rapant\"}]},{\"@type\":\"WebSite\",\"@id\":\"https:\\\/\\\/www.belzona.be\\\/fr\\\/#website\",\"url\":\"https:\\\/\\\/www.belzona.be\\\/fr\\\/\",\"name\":\"Belzona Perspect Belgique FR\",\"description\":\"Belzona : r\u00e9paration, protection et am\u00e9lioration des surfaces. Belzona pr\u00e9vient et r\u00e9pare l&#039;\u00e9rosion, la corrosion, l&#039;abrasion, ainsi que les d\u00e9gradations chimiques et m\u00e9caniques.\",\"potentialAction\":[{\"@type\":\"SearchAction\",\"target\":{\"@type\":\"EntryPoint\",\"urlTemplate\":\"https:\\\/\\\/www.belzona.be\\\/fr\\\/?s={search_term_string}\"},\"query-input\":{\"@type\":\"PropertyValueSpecification\",\"valueRequired\":true,\"valueName\":\"search_term_string\"}}],\"inLanguage\":\"fr-BE\"}]}<\/script>\n<!-- \/ Yoast SEO plugin. -->","yoast_head_json":{"title":"Belzona 9200 \u2013 Agr\u00e9gat antid\u00e9rapant | Perspect BE","description":"D\u00e9couvrez Belzona 9200, agr\u00e9gat antid\u00e9rapant pour renforcer l\u2019adh\u00e9rence des rev\u00eatements. Convient aux syst\u00e8mes Supergrip et Surefoot. Contactez-nous.","robots":{"index":"index","follow":"follow","max-snippet":"max-snippet:-1","max-image-preview":"max-image-preview:large","max-video-preview":"max-video-preview:-1"},"canonical":"https:\/\/www.belzona.be\/fr\/product\/autres-series\/belzona-9200-non-slip-aggregates\/","og_locale":"fr_FR","og_type":"article","og_title":"Belzona 9200 \u2013 Agr\u00e9gat antid\u00e9rapant | Perspect BE","og_description":"D\u00e9couvrez Belzona 9200, agr\u00e9gat antid\u00e9rapant pour renforcer l\u2019adh\u00e9rence des rev\u00eatements. Convient aux syst\u00e8mes Supergrip et Surefoot. Contactez-nous.","og_url":"https:\/\/www.belzona.be\/fr\/product\/autres-series\/belzona-9200-non-slip-aggregates\/","og_site_name":"Belzona Perspect Belgique FR","article_modified_time":"2025-12-08T08:00:30+00:00","og_image":[{"width":688,"height":688,"url":"https:\/\/www.belzona.be\/fr\/wp-content\/uploads\/sites\/4\/2022\/12\/belzona-9200-non-slip-aggregates.jpg","type":"image\/jpeg"}],"twitter_card":"summary_large_image","twitter_misc":{"Dur\u00e9e de lecture est.":"1 minute"},"schema":{"@context":"https:\/\/schema.org","@graph":[{"@type":"WebPage","@id":"https:\/\/www.belzona.be\/fr\/product\/autres-series\/belzona-9200-non-slip-aggregates\/","url":"https:\/\/www.belzona.be\/fr\/product\/autres-series\/belzona-9200-non-slip-aggregates\/","name":"Belzona 9200 \u2013 Agr\u00e9gat antid\u00e9rapant | Perspect BE","isPartOf":{"@id":"https:\/\/www.belzona.be\/fr\/#website"},"primaryImageOfPage":{"@id":"https:\/\/www.belzona.be\/fr\/product\/autres-series\/belzona-9200-non-slip-aggregates\/#primaryimage"},"image":{"@id":"https:\/\/www.belzona.be\/fr\/product\/autres-series\/belzona-9200-non-slip-aggregates\/#primaryimage"},"thumbnailUrl":"https:\/\/www.belzona.be\/fr\/wp-content\/uploads\/sites\/4\/2022\/12\/belzona-9200-non-slip-aggregates.jpg","datePublished":"2022-12-21T09:48:02+00:00","dateModified":"2025-12-08T08:00:30+00:00","description":"D\u00e9couvrez Belzona 9200, agr\u00e9gat antid\u00e9rapant pour renforcer l\u2019adh\u00e9rence des rev\u00eatements. Convient aux syst\u00e8mes Supergrip et Surefoot. Contactez-nous.","breadcrumb":{"@id":"https:\/\/www.belzona.be\/fr\/product\/autres-series\/belzona-9200-non-slip-aggregates\/#breadcrumb"},"inLanguage":"fr-BE","potentialAction":[{"@type":"ReadAction","target":["https:\/\/www.belzona.be\/fr\/product\/autres-series\/belzona-9200-non-slip-aggregates\/"]}]},{"@type":"ImageObject","inLanguage":"fr-BE","@id":"https:\/\/www.belzona.be\/fr\/product\/autres-series\/belzona-9200-non-slip-aggregates\/#primaryimage","url":"https:\/\/www.belzona.be\/fr\/wp-content\/uploads\/sites\/4\/2022\/12\/belzona-9200-non-slip-aggregates.jpg","contentUrl":"https:\/\/www.belzona.be\/fr\/wp-content\/uploads\/sites\/4\/2022\/12\/belzona-9200-non-slip-aggregates.jpg","width":688,"height":688},{"@type":"BreadcrumbList","@id":"https:\/\/www.belzona.be\/fr\/product\/autres-series\/belzona-9200-non-slip-aggregates\/#breadcrumb","itemListElement":[{"@type":"ListItem","position":1,"name":"Accueil","item":"https:\/\/www.belzona.be\/fr\/"},{"@type":"ListItem","position":2,"name":"Produits","item":"https:\/\/www.belzona.be\/fr\/produits\/"},{"@type":"ListItem","position":3,"name":"Belzona 9200 \u2013 Agr\u00e9gat antid\u00e9rapant"}]},{"@type":"WebSite","@id":"https:\/\/www.belzona.be\/fr\/#website","url":"https:\/\/www.belzona.be\/fr\/","name":"Belzona Perspect Belgique FR","description":"Belzona : r\u00e9paration, protection et am\u00e9lioration des surfaces. Belzona pr\u00e9vient et r\u00e9pare l&#039;\u00e9rosion, la corrosion, l&#039;abrasion, ainsi que les d\u00e9gradations chimiques et m\u00e9caniques.","potentialAction":[{"@type":"SearchAction","target":{"@type":"EntryPoint","urlTemplate":"https:\/\/www.belzona.be\/fr\/?s={search_term_string}"},"query-input":{"@type":"PropertyValueSpecification","valueRequired":true,"valueName":"search_term_string"}}],"inLanguage":"fr-BE"}]}},"_links":{"self":[{"href":"https:\/\/www.belzona.be\/fr\/wp-json\/wp\/v2\/product\/528","targetHints":{"allow":["GET"]}}],"collection":[{"href":"https:\/\/www.belzona.be\/fr\/wp-json\/wp\/v2\/product"}],"about":[{"href":"https:\/\/www.belzona.be\/fr\/wp-json\/wp\/v2\/types\/product"}],"wp:featuredmedia":[{"embeddable":true,"href":"https:\/\/www.belzona.be\/fr\/wp-json\/wp\/v2\/media\/529"}],"wp:attachment":[{"href":"https:\/\/www.belzona.be\/fr\/wp-json\/wp\/v2\/media?parent=528"}],"wp:term":[{"taxonomy":"product_brand","embeddable":true,"href":"https:\/\/www.belzona.be\/fr\/wp-json\/wp\/v2\/product_brand?post=528"},{"taxonomy":"product_cat","embeddable":true,"href":"https:\/\/www.belzona.be\/fr\/wp-json\/wp\/v2\/product_cat?post=528"},{"taxonomy":"product_tag","embeddable":true,"href":"https:\/\/www.belzona.be\/fr\/wp-json\/wp\/v2\/product_tag?post=528"}],"curies":[{"name":"wp","href":"https:\/\/api.w.org\/{rel}","templated":true}]}}