{"id":524,"date":"2022-12-21T11:45:46","date_gmt":"2022-12-21T09:45:46","guid":{"rendered":"https:\/\/www.belzona.nl\/?post_type=product&#038;p=524"},"modified":"2025-12-08T08:55:22","modified_gmt":"2025-12-08T07:55:22","slug":"belzona-9111-cleaner-degreaser","status":"publish","type":"product","link":"https:\/\/www.belzona.be\/fr\/product\/autres-series\/belzona-9111-cleaner-degreaser\/","title":{"rendered":"Belzona 9111 \u2013 D\u00e9graissant industriel"},"content":{"rendered":"","protected":false},"excerpt":{"rendered":"<p>Belzona 9111 est un d\u00e9graissant industriel performant, con\u00e7u pour nettoyer efficacement les surfaces et \u00e9quipements, notamment les plans de travail et les outils de m\u00e9lange. Belzona 9111 peut \u00eatre appliqu\u00e9 sur des surfaces lisses, rugueuses ou poreuses, offrant une excellente adh\u00e9rence et une action de nettoyage uniforme. Il est particuli\u00e8rement efficace pour \u00e9liminer les huiles, graisses et r\u00e9sidus de contamination avant l\u2019application de produits Belzona.<\/p>\n<p>Pour toute information compl\u00e9mentaire ou pour obtenir une offre, contactez notre \u00e9quipe Belzona.<\/p>\n<p>&nbsp;<\/p>\n","protected":false},"featured_media":525,"template":"","meta":{"_acf_changed":false,"content-type":"","editor_notices":[]},"product_brand":[],"product_cat":[29],"product_tag":[],"class_list":{"0":"post-524","1":"product","2":"type-product","3":"status-publish","4":"has-post-thumbnail","6":"product_cat-autres-series","8":"first","9":"instock","10":"taxable","11":"shipping-taxable","12":"product-type-simple"},"acf":[],"yoast_head":"<!-- This site is optimized with the Yoast SEO plugin v27.3 - https:\/\/yoast.com\/product\/yoast-seo-wordpress\/ -->\n<title>Belzona 9111 \u2013 D\u00e9graissant industriel puissant | Perspect BE<\/title>\n<meta name=\"description\" content=\"D\u00e9couvrez Belzona 9111, d\u00e9graissant industriel pour surfaces lisses, rugueuses ou poreuses. Id\u00e9al pour \u00e9liminer huiles et graisses. Contactez-nous.\" \/>\n<meta name=\"robots\" content=\"index, follow, max-snippet:-1, max-image-preview:large, max-video-preview:-1\" \/>\n<link rel=\"canonical\" href=\"https:\/\/www.belzona.be\/fr\/product\/autres-series\/belzona-9111-cleaner-degreaser\/\" \/>\n<meta property=\"og:locale\" content=\"fr_FR\" \/>\n<meta property=\"og:type\" content=\"article\" \/>\n<meta property=\"og:title\" content=\"Belzona 9111 \u2013 D\u00e9graissant industriel puissant | Perspect BE\" \/>\n<meta property=\"og:description\" content=\"D\u00e9couvrez Belzona 9111, d\u00e9graissant industriel pour surfaces lisses, rugueuses ou poreuses. Id\u00e9al pour \u00e9liminer huiles et graisses. Contactez-nous.\" \/>\n<meta property=\"og:url\" content=\"https:\/\/www.belzona.be\/fr\/product\/autres-series\/belzona-9111-cleaner-degreaser\/\" \/>\n<meta property=\"og:site_name\" content=\"Belzona Perspect Belgique FR\" \/>\n<meta property=\"article:modified_time\" content=\"2025-12-08T07:55:22+00:00\" \/>\n<meta property=\"og:image\" content=\"https:\/\/www.belzona.be\/fr\/wp-content\/uploads\/sites\/4\/2022\/12\/belzona-9111-cleaner-degreaser.jpg\" \/>\n\t<meta property=\"og:image:width\" content=\"694\" \/>\n\t<meta property=\"og:image:height\" content=\"694\" \/>\n\t<meta property=\"og:image:type\" content=\"image\/jpeg\" \/>\n<meta name=\"twitter:card\" content=\"summary_large_image\" \/>\n<meta name=\"twitter:label1\" content=\"Dur\u00e9e de lecture est.\" \/>\n\t<meta name=\"twitter:data1\" content=\"1 minute\" \/>\n<script type=\"application\/ld+json\" class=\"yoast-schema-graph\">{\"@context\":\"https:\\\/\\\/schema.org\",\"@graph\":[{\"@type\":\"WebPage\",\"@id\":\"https:\\\/\\\/www.belzona.be\\\/fr\\\/product\\\/autres-series\\\/belzona-9111-cleaner-degreaser\\\/\",\"url\":\"https:\\\/\\\/www.belzona.be\\\/fr\\\/product\\\/autres-series\\\/belzona-9111-cleaner-degreaser\\\/\",\"name\":\"Belzona 9111 \u2013 D\u00e9graissant industriel puissant | Perspect BE\",\"isPartOf\":{\"@id\":\"https:\\\/\\\/www.belzona.be\\\/fr\\\/#website\"},\"primaryImageOfPage\":{\"@id\":\"https:\\\/\\\/www.belzona.be\\\/fr\\\/product\\\/autres-series\\\/belzona-9111-cleaner-degreaser\\\/#primaryimage\"},\"image\":{\"@id\":\"https:\\\/\\\/www.belzona.be\\\/fr\\\/product\\\/autres-series\\\/belzona-9111-cleaner-degreaser\\\/#primaryimage\"},\"thumbnailUrl\":\"https:\\\/\\\/www.belzona.be\\\/fr\\\/wp-content\\\/uploads\\\/sites\\\/4\\\/2022\\\/12\\\/belzona-9111-cleaner-degreaser.jpg\",\"datePublished\":\"2022-12-21T09:45:46+00:00\",\"dateModified\":\"2025-12-08T07:55:22+00:00\",\"description\":\"D\u00e9couvrez Belzona 9111, d\u00e9graissant industriel pour surfaces lisses, rugueuses ou poreuses. Id\u00e9al pour \u00e9liminer huiles et graisses. Contactez-nous.\",\"breadcrumb\":{\"@id\":\"https:\\\/\\\/www.belzona.be\\\/fr\\\/product\\\/autres-series\\\/belzona-9111-cleaner-degreaser\\\/#breadcrumb\"},\"inLanguage\":\"fr-BE\",\"potentialAction\":[{\"@type\":\"ReadAction\",\"target\":[\"https:\\\/\\\/www.belzona.be\\\/fr\\\/product\\\/autres-series\\\/belzona-9111-cleaner-degreaser\\\/\"]}]},{\"@type\":\"ImageObject\",\"inLanguage\":\"fr-BE\",\"@id\":\"https:\\\/\\\/www.belzona.be\\\/fr\\\/product\\\/autres-series\\\/belzona-9111-cleaner-degreaser\\\/#primaryimage\",\"url\":\"https:\\\/\\\/www.belzona.be\\\/fr\\\/wp-content\\\/uploads\\\/sites\\\/4\\\/2022\\\/12\\\/belzona-9111-cleaner-degreaser.jpg\",\"contentUrl\":\"https:\\\/\\\/www.belzona.be\\\/fr\\\/wp-content\\\/uploads\\\/sites\\\/4\\\/2022\\\/12\\\/belzona-9111-cleaner-degreaser.jpg\",\"width\":694,\"height\":694},{\"@type\":\"BreadcrumbList\",\"@id\":\"https:\\\/\\\/www.belzona.be\\\/fr\\\/product\\\/autres-series\\\/belzona-9111-cleaner-degreaser\\\/#breadcrumb\",\"itemListElement\":[{\"@type\":\"ListItem\",\"position\":1,\"name\":\"Accueil\",\"item\":\"https:\\\/\\\/www.belzona.be\\\/fr\\\/\"},{\"@type\":\"ListItem\",\"position\":2,\"name\":\"Produits\",\"item\":\"https:\\\/\\\/www.belzona.be\\\/fr\\\/produits\\\/\"},{\"@type\":\"ListItem\",\"position\":3,\"name\":\"Belzona 9111 \u2013 D\u00e9graissant industriel\"}]},{\"@type\":\"WebSite\",\"@id\":\"https:\\\/\\\/www.belzona.be\\\/fr\\\/#website\",\"url\":\"https:\\\/\\\/www.belzona.be\\\/fr\\\/\",\"name\":\"Belzona Perspect Belgique FR\",\"description\":\"Belzona : r\u00e9paration, protection et am\u00e9lioration des surfaces. Belzona pr\u00e9vient et r\u00e9pare l&#039;\u00e9rosion, la corrosion, l&#039;abrasion, ainsi que les d\u00e9gradations chimiques et m\u00e9caniques.\",\"potentialAction\":[{\"@type\":\"SearchAction\",\"target\":{\"@type\":\"EntryPoint\",\"urlTemplate\":\"https:\\\/\\\/www.belzona.be\\\/fr\\\/?s={search_term_string}\"},\"query-input\":{\"@type\":\"PropertyValueSpecification\",\"valueRequired\":true,\"valueName\":\"search_term_string\"}}],\"inLanguage\":\"fr-BE\"}]}<\/script>\n<!-- \/ Yoast SEO plugin. -->","yoast_head_json":{"title":"Belzona 9111 \u2013 D\u00e9graissant industriel puissant | Perspect BE","description":"D\u00e9couvrez Belzona 9111, d\u00e9graissant industriel pour surfaces lisses, rugueuses ou poreuses. Id\u00e9al pour \u00e9liminer huiles et graisses. Contactez-nous.","robots":{"index":"index","follow":"follow","max-snippet":"max-snippet:-1","max-image-preview":"max-image-preview:large","max-video-preview":"max-video-preview:-1"},"canonical":"https:\/\/www.belzona.be\/fr\/product\/autres-series\/belzona-9111-cleaner-degreaser\/","og_locale":"fr_FR","og_type":"article","og_title":"Belzona 9111 \u2013 D\u00e9graissant industriel puissant | Perspect BE","og_description":"D\u00e9couvrez Belzona 9111, d\u00e9graissant industriel pour surfaces lisses, rugueuses ou poreuses. Id\u00e9al pour \u00e9liminer huiles et graisses. Contactez-nous.","og_url":"https:\/\/www.belzona.be\/fr\/product\/autres-series\/belzona-9111-cleaner-degreaser\/","og_site_name":"Belzona Perspect Belgique FR","article_modified_time":"2025-12-08T07:55:22+00:00","og_image":[{"width":694,"height":694,"url":"https:\/\/www.belzona.be\/fr\/wp-content\/uploads\/sites\/4\/2022\/12\/belzona-9111-cleaner-degreaser.jpg","type":"image\/jpeg"}],"twitter_card":"summary_large_image","twitter_misc":{"Dur\u00e9e de lecture est.":"1 minute"},"schema":{"@context":"https:\/\/schema.org","@graph":[{"@type":"WebPage","@id":"https:\/\/www.belzona.be\/fr\/product\/autres-series\/belzona-9111-cleaner-degreaser\/","url":"https:\/\/www.belzona.be\/fr\/product\/autres-series\/belzona-9111-cleaner-degreaser\/","name":"Belzona 9111 \u2013 D\u00e9graissant industriel puissant | Perspect BE","isPartOf":{"@id":"https:\/\/www.belzona.be\/fr\/#website"},"primaryImageOfPage":{"@id":"https:\/\/www.belzona.be\/fr\/product\/autres-series\/belzona-9111-cleaner-degreaser\/#primaryimage"},"image":{"@id":"https:\/\/www.belzona.be\/fr\/product\/autres-series\/belzona-9111-cleaner-degreaser\/#primaryimage"},"thumbnailUrl":"https:\/\/www.belzona.be\/fr\/wp-content\/uploads\/sites\/4\/2022\/12\/belzona-9111-cleaner-degreaser.jpg","datePublished":"2022-12-21T09:45:46+00:00","dateModified":"2025-12-08T07:55:22+00:00","description":"D\u00e9couvrez Belzona 9111, d\u00e9graissant industriel pour surfaces lisses, rugueuses ou poreuses. Id\u00e9al pour \u00e9liminer huiles et graisses. Contactez-nous.","breadcrumb":{"@id":"https:\/\/www.belzona.be\/fr\/product\/autres-series\/belzona-9111-cleaner-degreaser\/#breadcrumb"},"inLanguage":"fr-BE","potentialAction":[{"@type":"ReadAction","target":["https:\/\/www.belzona.be\/fr\/product\/autres-series\/belzona-9111-cleaner-degreaser\/"]}]},{"@type":"ImageObject","inLanguage":"fr-BE","@id":"https:\/\/www.belzona.be\/fr\/product\/autres-series\/belzona-9111-cleaner-degreaser\/#primaryimage","url":"https:\/\/www.belzona.be\/fr\/wp-content\/uploads\/sites\/4\/2022\/12\/belzona-9111-cleaner-degreaser.jpg","contentUrl":"https:\/\/www.belzona.be\/fr\/wp-content\/uploads\/sites\/4\/2022\/12\/belzona-9111-cleaner-degreaser.jpg","width":694,"height":694},{"@type":"BreadcrumbList","@id":"https:\/\/www.belzona.be\/fr\/product\/autres-series\/belzona-9111-cleaner-degreaser\/#breadcrumb","itemListElement":[{"@type":"ListItem","position":1,"name":"Accueil","item":"https:\/\/www.belzona.be\/fr\/"},{"@type":"ListItem","position":2,"name":"Produits","item":"https:\/\/www.belzona.be\/fr\/produits\/"},{"@type":"ListItem","position":3,"name":"Belzona 9111 \u2013 D\u00e9graissant industriel"}]},{"@type":"WebSite","@id":"https:\/\/www.belzona.be\/fr\/#website","url":"https:\/\/www.belzona.be\/fr\/","name":"Belzona Perspect Belgique FR","description":"Belzona : r\u00e9paration, protection et am\u00e9lioration des surfaces. Belzona pr\u00e9vient et r\u00e9pare l&#039;\u00e9rosion, la corrosion, l&#039;abrasion, ainsi que les d\u00e9gradations chimiques et m\u00e9caniques.","potentialAction":[{"@type":"SearchAction","target":{"@type":"EntryPoint","urlTemplate":"https:\/\/www.belzona.be\/fr\/?s={search_term_string}"},"query-input":{"@type":"PropertyValueSpecification","valueRequired":true,"valueName":"search_term_string"}}],"inLanguage":"fr-BE"}]}},"_links":{"self":[{"href":"https:\/\/www.belzona.be\/fr\/wp-json\/wp\/v2\/product\/524","targetHints":{"allow":["GET"]}}],"collection":[{"href":"https:\/\/www.belzona.be\/fr\/wp-json\/wp\/v2\/product"}],"about":[{"href":"https:\/\/www.belzona.be\/fr\/wp-json\/wp\/v2\/types\/product"}],"wp:featuredmedia":[{"embeddable":true,"href":"https:\/\/www.belzona.be\/fr\/wp-json\/wp\/v2\/media\/525"}],"wp:attachment":[{"href":"https:\/\/www.belzona.be\/fr\/wp-json\/wp\/v2\/media?parent=524"}],"wp:term":[{"taxonomy":"product_brand","embeddable":true,"href":"https:\/\/www.belzona.be\/fr\/wp-json\/wp\/v2\/product_brand?post=524"},{"taxonomy":"product_cat","embeddable":true,"href":"https:\/\/www.belzona.be\/fr\/wp-json\/wp\/v2\/product_cat?post=524"},{"taxonomy":"product_tag","embeddable":true,"href":"https:\/\/www.belzona.be\/fr\/wp-json\/wp\/v2\/product_tag?post=524"}],"curies":[{"name":"wp","href":"https:\/\/api.w.org\/{rel}","templated":true}]}}