{"id":520,"date":"2022-12-21T11:41:47","date_gmt":"2022-12-21T09:41:47","guid":{"rendered":"https:\/\/www.belzona.nl\/?post_type=product&#038;p=520"},"modified":"2025-12-07T11:25:21","modified_gmt":"2025-12-07T10:25:21","slug":"belzona-7111-marine-grade","status":"publish","type":"product","link":"https:\/\/www.belzona.be\/fr\/product\/autres-series\/belzona-7111-marine-grade\/","title":{"rendered":"Belzona 7111 Marine Grade"},"content":{"rendered":"<p><iframe title=\"Belzona 7111 (Marine Grade)\" width=\"980\" height=\"551\" data-src=\"https:\/\/www.youtube.com\/embed\/mvo_DJao5R0?feature=oembed\" frameborder=\"0\" allow=\"accelerometer; autoplay; clipboard-write; encrypted-media; gyroscope; picture-in-picture; web-share\" referrerpolicy=\"strict-origin-when-cross-origin\" allowfullscreen src=\"data:image\/svg+xml;base64,PHN2ZyB3aWR0aD0iMSIgaGVpZ2h0PSIxIiB4bWxucz0iaHR0cDovL3d3dy53My5vcmcvMjAwMC9zdmciPjwvc3ZnPg==\" class=\"lazyload\" data-load-mode=\"1\"><\/iframe><\/p>\n","protected":false},"excerpt":{"rendered":"<div class=\"flex-1 overflow-hidden\">\n<div class=\"react-scroll-to-bottom--css-vhanw-79elbk h-full\">\n<div class=\"react-scroll-to-bottom--css-vhanw-1n7m0yu\">\n<div class=\"flex flex-col text-sm pb-9\">\n<div class=\"w-full text-token-text-primary\" data-testid=\"conversation-turn-243\">\n<div class=\"px-4 py-2 justify-center text-base md:gap-6 m-auto\">\n<div class=\"flex flex-1 text-base mx-auto gap-3 md:px-5 lg:px-1 xl:px-5 md:max-w-3xl lg:max-w-[40rem] xl:max-w-[48rem] group final-completion\">\n<div class=\"relative flex w-full flex-col agent-turn\">\n<div class=\"flex-col gap-1 md:gap-3\">\n<div class=\"flex flex-grow flex-col max-w-full\">\n<div class=\"min-h-[20px] text-message flex flex-col items-start gap-3 whitespace-pre-wrap break-words [.text-message+&amp;]:mt-5 overflow-x-auto\" data-message-author-role=\"assistant\" data-message-id=\"b624c10f-2e86-47ec-8c17-599503f7b961\">\n<div class=\"markdown prose w-full break-words dark:prose-invert light\">\n<p>Belzona 7111 Marine Grade est une solution de coul\u00e9e sp\u00e9cialement d\u00e9velopp\u00e9e pour l\u2019industrie maritime. Con\u00e7u pour absorber les chocs et les vibrations, il offre une r\u00e9sistance \u00e9lev\u00e9e \u00e0 la pression tout en contribuant \u00e0 la r\u00e9duction du bruit dans les environnements m\u00e9caniques.<\/p>\n<p>Coulable et capable de se r\u00e9partir uniform\u00e9ment sur des surfaces irr\u00e9guli\u00e8res, Belzona 7111 Marine Grade est id\u00e9al pour le coulage de fondations sous syst\u00e8mes de propulsion et autres \u00e9quipements lourds n\u00e9cessitant un alignement pr\u00e9cis et un ancrage fiable. Il contribue \u00e9galement au maintien du serrage des boulons, y compris les boulons filet\u00e9s.<\/p>\n<p>Belzona 7111 Marine Grade est utilis\u00e9 pour le coulage de fondations sous :<br data-start=\"3973\" data-end=\"3976\" \/>\u2022 machines de propulsion et auxiliaires<br data-start=\"4015\" data-end=\"4018\" \/>\u2022 pompes<br data-start=\"4026\" data-end=\"4029\" \/>\u2022 compresseurs<br data-start=\"4043\" data-end=\"4046\" \/>\u2022 g\u00e9n\u00e9rateurs<br data-start=\"4059\" data-end=\"4062\" \/>\u2022 r\u00e9ducteurs<br data-start=\"4074\" data-end=\"4077\" \/>\u2022 arbres d\u2019h\u00e9lice et paliers-supports<br data-start=\"4114\" data-end=\"4117\" \/>\u2022 paliers de gouvernail<br data-start=\"4140\" data-end=\"4143\" \/>\u2022 rails de grue<br data-start=\"4158\" data-end=\"4161\" \/>\u2022 b\u00e2tis de palier<br data-start=\"4178\" data-end=\"4181\" \/>\u2022 treuils<br data-start=\"4190\" data-end=\"4193\" \/>\u2022 propulseurs d\u2019\u00e9trave<\/p>\n<\/div>\n<\/div>\n<\/div>\n<div class=\"mt-1 flex justify-start gap-3 empty:hidden\"><\/div>\n<\/div>\n<\/div>\n<\/div>\n<\/div>\n<\/div>\n<\/div>\n<\/div>\n<\/div>\n<\/div>\n<p>&nbsp;<\/p>\n","protected":false},"featured_media":1813,"template":"","meta":{"_acf_changed":false,"content-type":"","editor_notices":[]},"product_brand":[],"product_cat":[29],"product_tag":[],"class_list":{"0":"post-520","1":"product","2":"type-product","3":"status-publish","4":"has-post-thumbnail","6":"product_cat-autres-series","8":"first","9":"instock","10":"taxable","11":"shipping-taxable","12":"product-type-simple"},"acf":[],"yoast_head":"<!-- This site is optimized with the Yoast SEO plugin v27.3 - https:\/\/yoast.com\/product\/yoast-seo-wordpress\/ -->\n<title>Belzona 7111 : solution marine pour fondations | Perspect BE<\/title>\n<meta name=\"description\" content=\"Belzona 7111 Marine Grade, solution de coul\u00e9e pour fondations marines, absorbe chocs et vibrations et assure un alignement pr\u00e9cis des \u00e9quipements lourds.\" \/>\n<meta name=\"robots\" content=\"index, follow, max-snippet:-1, max-image-preview:large, max-video-preview:-1\" \/>\n<link rel=\"canonical\" href=\"https:\/\/www.belzona.be\/fr\/product\/autres-series\/belzona-7111-marine-grade\/\" \/>\n<meta property=\"og:locale\" content=\"fr_FR\" \/>\n<meta property=\"og:type\" content=\"article\" \/>\n<meta property=\"og:title\" content=\"Belzona 7111 : solution marine pour fondations | Perspect BE\" \/>\n<meta property=\"og:description\" content=\"Belzona 7111 Marine Grade, solution de coul\u00e9e pour fondations marines, absorbe chocs et vibrations et assure un alignement pr\u00e9cis des \u00e9quipements lourds.\" \/>\n<meta property=\"og:url\" content=\"https:\/\/www.belzona.be\/fr\/product\/autres-series\/belzona-7111-marine-grade\/\" \/>\n<meta property=\"og:site_name\" content=\"Belzona Perspect Belgique FR\" \/>\n<meta property=\"article:modified_time\" content=\"2025-12-07T10:25:21+00:00\" \/>\n<meta property=\"og:image\" content=\"https:\/\/www.belzona.be\/fr\/wp-content\/uploads\/sites\/4\/2022\/12\/Belzona-7111.webp\" \/>\n\t<meta property=\"og:image:width\" content=\"1147\" \/>\n\t<meta property=\"og:image:height\" content=\"678\" \/>\n\t<meta property=\"og:image:type\" content=\"image\/webp\" \/>\n<meta name=\"twitter:card\" content=\"summary_large_image\" \/>\n<meta name=\"twitter:label1\" content=\"Dur\u00e9e de lecture est.\" \/>\n\t<meta name=\"twitter:data1\" content=\"1 minute\" \/>\n<script type=\"application\/ld+json\" class=\"yoast-schema-graph\">{\"@context\":\"https:\\\/\\\/schema.org\",\"@graph\":[{\"@type\":\"WebPage\",\"@id\":\"https:\\\/\\\/www.belzona.be\\\/fr\\\/product\\\/autres-series\\\/belzona-7111-marine-grade\\\/\",\"url\":\"https:\\\/\\\/www.belzona.be\\\/fr\\\/product\\\/autres-series\\\/belzona-7111-marine-grade\\\/\",\"name\":\"Belzona 7111 : solution marine pour fondations | Perspect BE\",\"isPartOf\":{\"@id\":\"https:\\\/\\\/www.belzona.be\\\/fr\\\/#website\"},\"primaryImageOfPage\":{\"@id\":\"https:\\\/\\\/www.belzona.be\\\/fr\\\/product\\\/autres-series\\\/belzona-7111-marine-grade\\\/#primaryimage\"},\"image\":{\"@id\":\"https:\\\/\\\/www.belzona.be\\\/fr\\\/product\\\/autres-series\\\/belzona-7111-marine-grade\\\/#primaryimage\"},\"thumbnailUrl\":\"https:\\\/\\\/www.belzona.be\\\/fr\\\/wp-content\\\/uploads\\\/sites\\\/4\\\/2022\\\/12\\\/Belzona-7111.webp\",\"datePublished\":\"2022-12-21T09:41:47+00:00\",\"dateModified\":\"2025-12-07T10:25:21+00:00\",\"description\":\"Belzona 7111 Marine Grade, solution de coul\u00e9e pour fondations marines, absorbe chocs et vibrations et assure un alignement pr\u00e9cis des \u00e9quipements lourds.\",\"breadcrumb\":{\"@id\":\"https:\\\/\\\/www.belzona.be\\\/fr\\\/product\\\/autres-series\\\/belzona-7111-marine-grade\\\/#breadcrumb\"},\"inLanguage\":\"fr-BE\",\"potentialAction\":[{\"@type\":\"ReadAction\",\"target\":[\"https:\\\/\\\/www.belzona.be\\\/fr\\\/product\\\/autres-series\\\/belzona-7111-marine-grade\\\/\"]}]},{\"@type\":\"ImageObject\",\"inLanguage\":\"fr-BE\",\"@id\":\"https:\\\/\\\/www.belzona.be\\\/fr\\\/product\\\/autres-series\\\/belzona-7111-marine-grade\\\/#primaryimage\",\"url\":\"https:\\\/\\\/www.belzona.be\\\/fr\\\/wp-content\\\/uploads\\\/sites\\\/4\\\/2022\\\/12\\\/Belzona-7111.webp\",\"contentUrl\":\"https:\\\/\\\/www.belzona.be\\\/fr\\\/wp-content\\\/uploads\\\/sites\\\/4\\\/2022\\\/12\\\/Belzona-7111.webp\",\"width\":1147,\"height\":678},{\"@type\":\"BreadcrumbList\",\"@id\":\"https:\\\/\\\/www.belzona.be\\\/fr\\\/product\\\/autres-series\\\/belzona-7111-marine-grade\\\/#breadcrumb\",\"itemListElement\":[{\"@type\":\"ListItem\",\"position\":1,\"name\":\"Accueil\",\"item\":\"https:\\\/\\\/www.belzona.be\\\/fr\\\/\"},{\"@type\":\"ListItem\",\"position\":2,\"name\":\"Produits\",\"item\":\"https:\\\/\\\/www.belzona.be\\\/fr\\\/produits\\\/\"},{\"@type\":\"ListItem\",\"position\":3,\"name\":\"Belzona 7111 Marine Grade\"}]},{\"@type\":\"WebSite\",\"@id\":\"https:\\\/\\\/www.belzona.be\\\/fr\\\/#website\",\"url\":\"https:\\\/\\\/www.belzona.be\\\/fr\\\/\",\"name\":\"Belzona Perspect Belgique FR\",\"description\":\"Belzona : r\u00e9paration, protection et am\u00e9lioration des surfaces. Belzona pr\u00e9vient et r\u00e9pare l&#039;\u00e9rosion, la corrosion, l&#039;abrasion, ainsi que les d\u00e9gradations chimiques et m\u00e9caniques.\",\"potentialAction\":[{\"@type\":\"SearchAction\",\"target\":{\"@type\":\"EntryPoint\",\"urlTemplate\":\"https:\\\/\\\/www.belzona.be\\\/fr\\\/?s={search_term_string}\"},\"query-input\":{\"@type\":\"PropertyValueSpecification\",\"valueRequired\":true,\"valueName\":\"search_term_string\"}}],\"inLanguage\":\"fr-BE\"}]}<\/script>\n<!-- \/ Yoast SEO plugin. -->","yoast_head_json":{"title":"Belzona 7111 : solution marine pour fondations | Perspect BE","description":"Belzona 7111 Marine Grade, solution de coul\u00e9e pour fondations marines, absorbe chocs et vibrations et assure un alignement pr\u00e9cis des \u00e9quipements lourds.","robots":{"index":"index","follow":"follow","max-snippet":"max-snippet:-1","max-image-preview":"max-image-preview:large","max-video-preview":"max-video-preview:-1"},"canonical":"https:\/\/www.belzona.be\/fr\/product\/autres-series\/belzona-7111-marine-grade\/","og_locale":"fr_FR","og_type":"article","og_title":"Belzona 7111 : solution marine pour fondations | Perspect BE","og_description":"Belzona 7111 Marine Grade, solution de coul\u00e9e pour fondations marines, absorbe chocs et vibrations et assure un alignement pr\u00e9cis des \u00e9quipements lourds.","og_url":"https:\/\/www.belzona.be\/fr\/product\/autres-series\/belzona-7111-marine-grade\/","og_site_name":"Belzona Perspect Belgique FR","article_modified_time":"2025-12-07T10:25:21+00:00","og_image":[{"width":1147,"height":678,"url":"https:\/\/www.belzona.be\/fr\/wp-content\/uploads\/sites\/4\/2022\/12\/Belzona-7111.webp","type":"image\/webp"}],"twitter_card":"summary_large_image","twitter_misc":{"Dur\u00e9e de lecture est.":"1 minute"},"schema":{"@context":"https:\/\/schema.org","@graph":[{"@type":"WebPage","@id":"https:\/\/www.belzona.be\/fr\/product\/autres-series\/belzona-7111-marine-grade\/","url":"https:\/\/www.belzona.be\/fr\/product\/autres-series\/belzona-7111-marine-grade\/","name":"Belzona 7111 : solution marine pour fondations | Perspect BE","isPartOf":{"@id":"https:\/\/www.belzona.be\/fr\/#website"},"primaryImageOfPage":{"@id":"https:\/\/www.belzona.be\/fr\/product\/autres-series\/belzona-7111-marine-grade\/#primaryimage"},"image":{"@id":"https:\/\/www.belzona.be\/fr\/product\/autres-series\/belzona-7111-marine-grade\/#primaryimage"},"thumbnailUrl":"https:\/\/www.belzona.be\/fr\/wp-content\/uploads\/sites\/4\/2022\/12\/Belzona-7111.webp","datePublished":"2022-12-21T09:41:47+00:00","dateModified":"2025-12-07T10:25:21+00:00","description":"Belzona 7111 Marine Grade, solution de coul\u00e9e pour fondations marines, absorbe chocs et vibrations et assure un alignement pr\u00e9cis des \u00e9quipements lourds.","breadcrumb":{"@id":"https:\/\/www.belzona.be\/fr\/product\/autres-series\/belzona-7111-marine-grade\/#breadcrumb"},"inLanguage":"fr-BE","potentialAction":[{"@type":"ReadAction","target":["https:\/\/www.belzona.be\/fr\/product\/autres-series\/belzona-7111-marine-grade\/"]}]},{"@type":"ImageObject","inLanguage":"fr-BE","@id":"https:\/\/www.belzona.be\/fr\/product\/autres-series\/belzona-7111-marine-grade\/#primaryimage","url":"https:\/\/www.belzona.be\/fr\/wp-content\/uploads\/sites\/4\/2022\/12\/Belzona-7111.webp","contentUrl":"https:\/\/www.belzona.be\/fr\/wp-content\/uploads\/sites\/4\/2022\/12\/Belzona-7111.webp","width":1147,"height":678},{"@type":"BreadcrumbList","@id":"https:\/\/www.belzona.be\/fr\/product\/autres-series\/belzona-7111-marine-grade\/#breadcrumb","itemListElement":[{"@type":"ListItem","position":1,"name":"Accueil","item":"https:\/\/www.belzona.be\/fr\/"},{"@type":"ListItem","position":2,"name":"Produits","item":"https:\/\/www.belzona.be\/fr\/produits\/"},{"@type":"ListItem","position":3,"name":"Belzona 7111 Marine Grade"}]},{"@type":"WebSite","@id":"https:\/\/www.belzona.be\/fr\/#website","url":"https:\/\/www.belzona.be\/fr\/","name":"Belzona Perspect Belgique FR","description":"Belzona : r\u00e9paration, protection et am\u00e9lioration des surfaces. Belzona pr\u00e9vient et r\u00e9pare l&#039;\u00e9rosion, la corrosion, l&#039;abrasion, ainsi que les d\u00e9gradations chimiques et m\u00e9caniques.","potentialAction":[{"@type":"SearchAction","target":{"@type":"EntryPoint","urlTemplate":"https:\/\/www.belzona.be\/fr\/?s={search_term_string}"},"query-input":{"@type":"PropertyValueSpecification","valueRequired":true,"valueName":"search_term_string"}}],"inLanguage":"fr-BE"}]}},"_links":{"self":[{"href":"https:\/\/www.belzona.be\/fr\/wp-json\/wp\/v2\/product\/520","targetHints":{"allow":["GET"]}}],"collection":[{"href":"https:\/\/www.belzona.be\/fr\/wp-json\/wp\/v2\/product"}],"about":[{"href":"https:\/\/www.belzona.be\/fr\/wp-json\/wp\/v2\/types\/product"}],"wp:featuredmedia":[{"embeddable":true,"href":"https:\/\/www.belzona.be\/fr\/wp-json\/wp\/v2\/media\/1813"}],"wp:attachment":[{"href":"https:\/\/www.belzona.be\/fr\/wp-json\/wp\/v2\/media?parent=520"}],"wp:term":[{"taxonomy":"product_brand","embeddable":true,"href":"https:\/\/www.belzona.be\/fr\/wp-json\/wp\/v2\/product_brand?post=520"},{"taxonomy":"product_cat","embeddable":true,"href":"https:\/\/www.belzona.be\/fr\/wp-json\/wp\/v2\/product_cat?post=520"},{"taxonomy":"product_tag","embeddable":true,"href":"https:\/\/www.belzona.be\/fr\/wp-json\/wp\/v2\/product_tag?post=520"}],"curies":[{"name":"wp","href":"https:\/\/api.w.org\/{rel}","templated":true}]}}