{"id":516,"date":"2022-12-21T11:38:18","date_gmt":"2022-12-21T09:38:18","guid":{"rendered":"https:\/\/www.belzona.nl\/?post_type=product&#038;p=516"},"modified":"2025-12-06T11:49:51","modified_gmt":"2025-12-06T10:49:51","slug":"belzona-1212-kit-d-etancheite","status":"publish","type":"product","link":"https:\/\/www.belzona.be\/fr\/product\/autres-series\/belzona-1212-kit-d-etancheite\/","title":{"rendered":"Belzona 1212 \u2013 Kit d\u2019\u00e9tanch\u00e9it\u00e9 d\u2019urgence"},"content":{"rendered":"","protected":false},"excerpt":{"rendered":"<p>Le kit d\u2019\u00e9tanch\u00e9it\u00e9 d\u2019urgence Belzona 1212 contient tous les mat\u00e9riaux n\u00e9cessaires pour r\u00e9aliser rapidement des r\u00e9parations de fuites et limiter les arr\u00eats de production. Ce kit complet est coordonn\u00e9, simple \u00e0 utiliser et adapt\u00e9 aux interventions sur site.<\/p>\n<p>Le kit Belzona 1212 est compact et facile \u00e0 transporter. Le produit Belzona 1212 assure une excellente adh\u00e9rence sur l\u2019acier inoxydable, l\u2019acier au carbone, l\u2019aluminium, le laiton, le plomb et le cuivre. Il permet d\u2019effectuer des r\u00e9parations rapides, y compris dans des environnements contamin\u00e9s par l\u2019huile, humides ou m\u00eame en immersion.<\/p>\n<p>La kit d&rsquo;\u00e9tanch\u00e9it\u00e9 contre les fuites Belzona 1212 peut \u00eatre utilis\u00e9e pour :<\/p>\n<ul>\n<li>R\u00e9paration d\u2019urgence de fuites d\u2019eau ou d\u2019huile sur tuyauteries.<\/li>\n<li>Bandage permanent de tuyaux endommag\u00e9s.<\/li>\n<li>\u00c9tanch\u00e9it\u00e9 des fuites de transformateurs.<\/li>\n<\/ul>\n<p><strong data-start=\"4880\" data-end=\"4924\">Contenu du kit d\u2019\u00e9tanch\u00e9it\u00e9 Belzona 1212<\/strong><\/p>\n<p>Le kit est fourni dans une mallette robuste et contient :<\/p>\n<ul>\n<li>Belzona 1212 (4 unit\u00e9s)<\/li>\n<li>Belzona 9611 \u2013 activateur (1 unit\u00e9)<\/li>\n<li>Belzona 9111 \u2013 nettoyant (1 unit\u00e9)<\/li>\n<li>Belzona 9341 \u2013 renfort en fibre de verre (1 unit\u00e9)<\/li>\n<li>Tourniquet Belzona (50 mm, 1 pi\u00e8ce)<\/li>\n<li>Spatules, applicateurs, surface de travail, pinceaux et gants jetables<\/li>\n<\/ul>\n<p>Les consommables du kit Belzona 1212 peuvent \u00eatre r\u00e9approvisionn\u00e9s aupr\u00e8s de Perspect Benelux afin de maintenir le kit complet et op\u00e9rationnel.<\/p>\n<p>&nbsp;<\/p>\n","protected":false},"featured_media":1814,"template":"","meta":{"_acf_changed":false,"content-type":"","editor_notices":[]},"product_brand":[],"product_cat":[29],"product_tag":[],"class_list":{"0":"post-516","1":"product","2":"type-product","3":"status-publish","4":"has-post-thumbnail","6":"product_cat-autres-series","8":"first","9":"instock","10":"taxable","11":"shipping-taxable","12":"product-type-simple"},"acf":[],"yoast_head":"<!-- This site is optimized with the Yoast SEO plugin v27.3 - https:\/\/yoast.com\/product\/yoast-seo-wordpress\/ -->\n<title>Belzona 1212 : kit d\u2019\u00e9tanch\u00e9it\u00e9 d\u2019urgence | Perspect BE<\/title>\n<meta name=\"description\" content=\"D\u00e9couvrez le kit d\u2019\u00e9tanch\u00e9it\u00e9 Belzona 1212, con\u00e7u pour les r\u00e9parations d\u2019urgence de fuites, m\u00eame en environnement humide. L\u00e9ger et facile \u00e0 utiliser.\" \/>\n<meta name=\"robots\" content=\"index, follow, max-snippet:-1, max-image-preview:large, max-video-preview:-1\" \/>\n<link rel=\"canonical\" href=\"https:\/\/www.belzona.be\/fr\/product\/autres-series\/belzona-1212-kit-d-etancheite\/\" \/>\n<meta property=\"og:locale\" content=\"fr_FR\" \/>\n<meta property=\"og:type\" content=\"article\" \/>\n<meta property=\"og:title\" content=\"Belzona 1212 : kit d\u2019\u00e9tanch\u00e9it\u00e9 d\u2019urgence | Perspect BE\" \/>\n<meta property=\"og:description\" content=\"D\u00e9couvrez le kit d\u2019\u00e9tanch\u00e9it\u00e9 Belzona 1212, con\u00e7u pour les r\u00e9parations d\u2019urgence de fuites, m\u00eame en environnement humide. L\u00e9ger et facile \u00e0 utiliser.\" \/>\n<meta property=\"og:url\" content=\"https:\/\/www.belzona.be\/fr\/product\/autres-series\/belzona-1212-kit-d-etancheite\/\" \/>\n<meta property=\"og:site_name\" content=\"Belzona Perspect Belgique FR\" \/>\n<meta property=\"article:modified_time\" content=\"2025-12-06T10:49:51+00:00\" \/>\n<meta property=\"og:image\" content=\"https:\/\/www.belzona.be\/fr\/wp-content\/uploads\/sites\/4\/2022\/12\/1212-sealing-kit.webp\" \/>\n\t<meta property=\"og:image:width\" content=\"1107\" \/>\n\t<meta property=\"og:image:height\" content=\"823\" \/>\n\t<meta property=\"og:image:type\" content=\"image\/webp\" \/>\n<meta name=\"twitter:card\" content=\"summary_large_image\" \/>\n<meta name=\"twitter:label1\" content=\"Dur\u00e9e de lecture est.\" \/>\n\t<meta name=\"twitter:data1\" content=\"1 minute\" \/>\n<script type=\"application\/ld+json\" class=\"yoast-schema-graph\">{\"@context\":\"https:\\\/\\\/schema.org\",\"@graph\":[{\"@type\":\"WebPage\",\"@id\":\"https:\\\/\\\/www.belzona.be\\\/fr\\\/product\\\/autres-series\\\/belzona-1212-kit-d-etancheite\\\/\",\"url\":\"https:\\\/\\\/www.belzona.be\\\/fr\\\/product\\\/autres-series\\\/belzona-1212-kit-d-etancheite\\\/\",\"name\":\"Belzona 1212 : kit d\u2019\u00e9tanch\u00e9it\u00e9 d\u2019urgence | Perspect BE\",\"isPartOf\":{\"@id\":\"https:\\\/\\\/www.belzona.be\\\/fr\\\/#website\"},\"primaryImageOfPage\":{\"@id\":\"https:\\\/\\\/www.belzona.be\\\/fr\\\/product\\\/autres-series\\\/belzona-1212-kit-d-etancheite\\\/#primaryimage\"},\"image\":{\"@id\":\"https:\\\/\\\/www.belzona.be\\\/fr\\\/product\\\/autres-series\\\/belzona-1212-kit-d-etancheite\\\/#primaryimage\"},\"thumbnailUrl\":\"https:\\\/\\\/www.belzona.be\\\/fr\\\/wp-content\\\/uploads\\\/sites\\\/4\\\/2022\\\/12\\\/1212-sealing-kit.webp\",\"datePublished\":\"2022-12-21T09:38:18+00:00\",\"dateModified\":\"2025-12-06T10:49:51+00:00\",\"description\":\"D\u00e9couvrez le kit d\u2019\u00e9tanch\u00e9it\u00e9 Belzona 1212, con\u00e7u pour les r\u00e9parations d\u2019urgence de fuites, m\u00eame en environnement humide. L\u00e9ger et facile \u00e0 utiliser.\",\"breadcrumb\":{\"@id\":\"https:\\\/\\\/www.belzona.be\\\/fr\\\/product\\\/autres-series\\\/belzona-1212-kit-d-etancheite\\\/#breadcrumb\"},\"inLanguage\":\"fr-BE\",\"potentialAction\":[{\"@type\":\"ReadAction\",\"target\":[\"https:\\\/\\\/www.belzona.be\\\/fr\\\/product\\\/autres-series\\\/belzona-1212-kit-d-etancheite\\\/\"]}]},{\"@type\":\"ImageObject\",\"inLanguage\":\"fr-BE\",\"@id\":\"https:\\\/\\\/www.belzona.be\\\/fr\\\/product\\\/autres-series\\\/belzona-1212-kit-d-etancheite\\\/#primaryimage\",\"url\":\"https:\\\/\\\/www.belzona.be\\\/fr\\\/wp-content\\\/uploads\\\/sites\\\/4\\\/2022\\\/12\\\/1212-sealing-kit.webp\",\"contentUrl\":\"https:\\\/\\\/www.belzona.be\\\/fr\\\/wp-content\\\/uploads\\\/sites\\\/4\\\/2022\\\/12\\\/1212-sealing-kit.webp\",\"width\":1107,\"height\":823},{\"@type\":\"BreadcrumbList\",\"@id\":\"https:\\\/\\\/www.belzona.be\\\/fr\\\/product\\\/autres-series\\\/belzona-1212-kit-d-etancheite\\\/#breadcrumb\",\"itemListElement\":[{\"@type\":\"ListItem\",\"position\":1,\"name\":\"Accueil\",\"item\":\"https:\\\/\\\/www.belzona.be\\\/fr\\\/\"},{\"@type\":\"ListItem\",\"position\":2,\"name\":\"Produits\",\"item\":\"https:\\\/\\\/www.belzona.be\\\/fr\\\/produits\\\/\"},{\"@type\":\"ListItem\",\"position\":3,\"name\":\"Belzona 1212 \u2013 Kit d\u2019\u00e9tanch\u00e9it\u00e9 d\u2019urgence\"}]},{\"@type\":\"WebSite\",\"@id\":\"https:\\\/\\\/www.belzona.be\\\/fr\\\/#website\",\"url\":\"https:\\\/\\\/www.belzona.be\\\/fr\\\/\",\"name\":\"Belzona Perspect Belgique FR\",\"description\":\"Belzona : r\u00e9paration, protection et am\u00e9lioration des surfaces. Belzona pr\u00e9vient et r\u00e9pare l&#039;\u00e9rosion, la corrosion, l&#039;abrasion, ainsi que les d\u00e9gradations chimiques et m\u00e9caniques.\",\"potentialAction\":[{\"@type\":\"SearchAction\",\"target\":{\"@type\":\"EntryPoint\",\"urlTemplate\":\"https:\\\/\\\/www.belzona.be\\\/fr\\\/?s={search_term_string}\"},\"query-input\":{\"@type\":\"PropertyValueSpecification\",\"valueRequired\":true,\"valueName\":\"search_term_string\"}}],\"inLanguage\":\"fr-BE\"}]}<\/script>\n<!-- \/ Yoast SEO plugin. -->","yoast_head_json":{"title":"Belzona 1212 : kit d\u2019\u00e9tanch\u00e9it\u00e9 d\u2019urgence | Perspect BE","description":"D\u00e9couvrez le kit d\u2019\u00e9tanch\u00e9it\u00e9 Belzona 1212, con\u00e7u pour les r\u00e9parations d\u2019urgence de fuites, m\u00eame en environnement humide. L\u00e9ger et facile \u00e0 utiliser.","robots":{"index":"index","follow":"follow","max-snippet":"max-snippet:-1","max-image-preview":"max-image-preview:large","max-video-preview":"max-video-preview:-1"},"canonical":"https:\/\/www.belzona.be\/fr\/product\/autres-series\/belzona-1212-kit-d-etancheite\/","og_locale":"fr_FR","og_type":"article","og_title":"Belzona 1212 : kit d\u2019\u00e9tanch\u00e9it\u00e9 d\u2019urgence | Perspect BE","og_description":"D\u00e9couvrez le kit d\u2019\u00e9tanch\u00e9it\u00e9 Belzona 1212, con\u00e7u pour les r\u00e9parations d\u2019urgence de fuites, m\u00eame en environnement humide. L\u00e9ger et facile \u00e0 utiliser.","og_url":"https:\/\/www.belzona.be\/fr\/product\/autres-series\/belzona-1212-kit-d-etancheite\/","og_site_name":"Belzona Perspect Belgique FR","article_modified_time":"2025-12-06T10:49:51+00:00","og_image":[{"width":1107,"height":823,"url":"https:\/\/www.belzona.be\/fr\/wp-content\/uploads\/sites\/4\/2022\/12\/1212-sealing-kit.webp","type":"image\/webp"}],"twitter_card":"summary_large_image","twitter_misc":{"Dur\u00e9e de lecture est.":"1 minute"},"schema":{"@context":"https:\/\/schema.org","@graph":[{"@type":"WebPage","@id":"https:\/\/www.belzona.be\/fr\/product\/autres-series\/belzona-1212-kit-d-etancheite\/","url":"https:\/\/www.belzona.be\/fr\/product\/autres-series\/belzona-1212-kit-d-etancheite\/","name":"Belzona 1212 : kit d\u2019\u00e9tanch\u00e9it\u00e9 d\u2019urgence | Perspect BE","isPartOf":{"@id":"https:\/\/www.belzona.be\/fr\/#website"},"primaryImageOfPage":{"@id":"https:\/\/www.belzona.be\/fr\/product\/autres-series\/belzona-1212-kit-d-etancheite\/#primaryimage"},"image":{"@id":"https:\/\/www.belzona.be\/fr\/product\/autres-series\/belzona-1212-kit-d-etancheite\/#primaryimage"},"thumbnailUrl":"https:\/\/www.belzona.be\/fr\/wp-content\/uploads\/sites\/4\/2022\/12\/1212-sealing-kit.webp","datePublished":"2022-12-21T09:38:18+00:00","dateModified":"2025-12-06T10:49:51+00:00","description":"D\u00e9couvrez le kit d\u2019\u00e9tanch\u00e9it\u00e9 Belzona 1212, con\u00e7u pour les r\u00e9parations d\u2019urgence de fuites, m\u00eame en environnement humide. L\u00e9ger et facile \u00e0 utiliser.","breadcrumb":{"@id":"https:\/\/www.belzona.be\/fr\/product\/autres-series\/belzona-1212-kit-d-etancheite\/#breadcrumb"},"inLanguage":"fr-BE","potentialAction":[{"@type":"ReadAction","target":["https:\/\/www.belzona.be\/fr\/product\/autres-series\/belzona-1212-kit-d-etancheite\/"]}]},{"@type":"ImageObject","inLanguage":"fr-BE","@id":"https:\/\/www.belzona.be\/fr\/product\/autres-series\/belzona-1212-kit-d-etancheite\/#primaryimage","url":"https:\/\/www.belzona.be\/fr\/wp-content\/uploads\/sites\/4\/2022\/12\/1212-sealing-kit.webp","contentUrl":"https:\/\/www.belzona.be\/fr\/wp-content\/uploads\/sites\/4\/2022\/12\/1212-sealing-kit.webp","width":1107,"height":823},{"@type":"BreadcrumbList","@id":"https:\/\/www.belzona.be\/fr\/product\/autres-series\/belzona-1212-kit-d-etancheite\/#breadcrumb","itemListElement":[{"@type":"ListItem","position":1,"name":"Accueil","item":"https:\/\/www.belzona.be\/fr\/"},{"@type":"ListItem","position":2,"name":"Produits","item":"https:\/\/www.belzona.be\/fr\/produits\/"},{"@type":"ListItem","position":3,"name":"Belzona 1212 \u2013 Kit d\u2019\u00e9tanch\u00e9it\u00e9 d\u2019urgence"}]},{"@type":"WebSite","@id":"https:\/\/www.belzona.be\/fr\/#website","url":"https:\/\/www.belzona.be\/fr\/","name":"Belzona Perspect Belgique FR","description":"Belzona : r\u00e9paration, protection et am\u00e9lioration des surfaces. Belzona pr\u00e9vient et r\u00e9pare l&#039;\u00e9rosion, la corrosion, l&#039;abrasion, ainsi que les d\u00e9gradations chimiques et m\u00e9caniques.","potentialAction":[{"@type":"SearchAction","target":{"@type":"EntryPoint","urlTemplate":"https:\/\/www.belzona.be\/fr\/?s={search_term_string}"},"query-input":{"@type":"PropertyValueSpecification","valueRequired":true,"valueName":"search_term_string"}}],"inLanguage":"fr-BE"}]}},"_links":{"self":[{"href":"https:\/\/www.belzona.be\/fr\/wp-json\/wp\/v2\/product\/516","targetHints":{"allow":["GET"]}}],"collection":[{"href":"https:\/\/www.belzona.be\/fr\/wp-json\/wp\/v2\/product"}],"about":[{"href":"https:\/\/www.belzona.be\/fr\/wp-json\/wp\/v2\/types\/product"}],"wp:featuredmedia":[{"embeddable":true,"href":"https:\/\/www.belzona.be\/fr\/wp-json\/wp\/v2\/media\/1814"}],"wp:attachment":[{"href":"https:\/\/www.belzona.be\/fr\/wp-json\/wp\/v2\/media?parent=516"}],"wp:term":[{"taxonomy":"product_brand","embeddable":true,"href":"https:\/\/www.belzona.be\/fr\/wp-json\/wp\/v2\/product_brand?post=516"},{"taxonomy":"product_cat","embeddable":true,"href":"https:\/\/www.belzona.be\/fr\/wp-json\/wp\/v2\/product_cat?post=516"},{"taxonomy":"product_tag","embeddable":true,"href":"https:\/\/www.belzona.be\/fr\/wp-json\/wp\/v2\/product_tag?post=516"}],"curies":[{"name":"wp","href":"https:\/\/api.w.org\/{rel}","templated":true}]}}