{"id":512,"date":"2022-12-21T11:26:43","date_gmt":"2022-12-21T09:26:43","guid":{"rendered":"https:\/\/www.belzona.nl\/?post_type=product&#038;p=512"},"modified":"2025-12-06T11:40:17","modified_gmt":"2025-12-06T10:40:17","slug":"belzona-5871-thermal-insulation-barrier","status":"publish","type":"product","link":"https:\/\/www.belzona.be\/fr\/product\/5000-serie-revetements-de-protection\/belzona-5871-thermal-insulation-barrier\/","title":{"rendered":"Belzona 5871 \u2013 Rev\u00eatement d\u2019isolation thermique"},"content":{"rendered":"<p><iframe title=\"How to Install a Thermal Insulation Barrier for Corrosion and Safety Protection\" width=\"980\" height=\"551\" data-src=\"https:\/\/www.youtube.com\/embed\/5NFjtiGXpn0?feature=oembed\" frameborder=\"0\" allow=\"accelerometer; autoplay; clipboard-write; encrypted-media; gyroscope; picture-in-picture; web-share\" referrerpolicy=\"strict-origin-when-cross-origin\" allowfullscreen src=\"data:image\/svg+xml;base64,PHN2ZyB3aWR0aD0iMSIgaGVpZ2h0PSIxIiB4bWxucz0iaHR0cDovL3d3dy53My5vcmcvMjAwMC9zdmciPjwvc3ZnPg==\" class=\"lazyload\" data-load-mode=\"1\"><\/iframe><\/p>\n<p>&nbsp;<\/p>\n","protected":false},"excerpt":{"rendered":"<div class=\"flex-1 overflow-hidden\">\n<div class=\"react-scroll-to-bottom--css-vhanw-79elbk h-full\">\n<div class=\"react-scroll-to-bottom--css-vhanw-1n7m0yu\">\n<div class=\"flex flex-col text-sm pb-9\">\n<div class=\"w-full text-token-text-primary\" data-testid=\"conversation-turn-251\">\n<div class=\"px-4 py-2 justify-center text-base md:gap-6 m-auto\">\n<div class=\"flex flex-1 text-base mx-auto gap-3 md:px-5 lg:px-1 xl:px-5 md:max-w-3xl lg:max-w-[40rem] xl:max-w-[48rem] group final-completion\">\n<div class=\"relative flex w-full flex-col agent-turn\">\n<div class=\"flex-col gap-1 md:gap-3\">\n<div class=\"flex flex-grow flex-col max-w-full\">\n<div class=\"min-h-[20px] text-message flex flex-col items-start gap-3 whitespace-pre-wrap break-words [.text-message+&amp;]:mt-5 overflow-x-auto\" data-message-author-role=\"assistant\" data-message-id=\"d0d7110e-ccc5-45b5-8232-589630b402a3\">\n<div class=\"markdown prose w-full break-words dark:prose-invert light\">\n<p>Belzona 5871 est un rev\u00eatement polym\u00e8re bicomposant sans solvant con\u00e7u pour fournir une isolation thermique efficace ainsi qu\u2019une protection anticorrosion durable.<\/p>\n<p>Applications : isolation thermique de tuyauteries m\u00e9talliques, \u00e9quipements de proc\u00e9d\u00e9 et divers composants industriels.<\/p>\n<p>Belzona 5871 limite les risques de br\u00fblures par contact, apporte une protection anticorrosion et r\u00e9duit la condensation ainsi que la formation de glace. Ce rev\u00eatement am\u00e9liore la s\u00e9curit\u00e9, la durabilit\u00e9 des installations et l\u2019efficacit\u00e9 thermique des \u00e9quipements.<\/p>\n<p>Belzona 5871 s\u2019applique au pinceau ou par pulv\u00e9risation. Lors de l\u2019application, une mousse \u00e0 cellules ferm\u00e9es se forme et peut \u00eatre appliqu\u00e9e en plusieurs couches pour atteindre l\u2019\u00e9paisseur souhait\u00e9e.<\/p>\n<\/div>\n<\/div>\n<\/div>\n<\/div>\n<\/div>\n<\/div>\n<\/div>\n<\/div>\n<\/div>\n<\/div>\n<\/div>\n<\/div>\n<p>&nbsp;<\/p>\n","protected":false},"featured_media":1816,"template":"","meta":{"_acf_changed":false,"content-type":"","editor_notices":[]},"product_brand":[],"product_cat":[28],"product_tag":[],"class_list":{"0":"post-512","1":"product","2":"type-product","3":"status-publish","4":"has-post-thumbnail","6":"product_cat-5000-serie-revetements-de-protection","8":"first","9":"instock","10":"taxable","11":"shipping-taxable","12":"product-type-simple"},"acf":[],"yoast_head":"<!-- This site is optimized with the Yoast SEO plugin v27.3 - https:\/\/yoast.com\/product\/yoast-seo-wordpress\/ -->\n<title>Belzona 5871 : rev\u00eatement d\u2019isolation thermique | Perspect BE<\/title>\n<meta name=\"description\" content=\"Belzona 5871 est un rev\u00eatement d\u2019isolation thermique bicomposant sans solvant offrant protection anticorrosion et r\u00e9duction de la condensation.\" \/>\n<meta name=\"robots\" content=\"index, follow, max-snippet:-1, max-image-preview:large, max-video-preview:-1\" \/>\n<link rel=\"canonical\" href=\"https:\/\/www.belzona.be\/fr\/product\/5000-serie-revetements-de-protection\/belzona-5871-thermal-insulation-barrier\/\" \/>\n<meta property=\"og:locale\" content=\"fr_FR\" \/>\n<meta property=\"og:type\" content=\"article\" \/>\n<meta property=\"og:title\" content=\"Belzona 5871 : rev\u00eatement d\u2019isolation thermique | Perspect BE\" \/>\n<meta property=\"og:description\" content=\"Belzona 5871 est un rev\u00eatement d\u2019isolation thermique bicomposant sans solvant offrant protection anticorrosion et r\u00e9duction de la condensation.\" \/>\n<meta property=\"og:url\" content=\"https:\/\/www.belzona.be\/fr\/product\/5000-serie-revetements-de-protection\/belzona-5871-thermal-insulation-barrier\/\" \/>\n<meta property=\"og:site_name\" content=\"Belzona Perspect Belgique FR\" \/>\n<meta property=\"article:modified_time\" content=\"2025-12-06T10:40:17+00:00\" \/>\n<meta property=\"og:image\" content=\"https:\/\/www.belzona.be\/fr\/wp-content\/uploads\/sites\/4\/2022\/12\/Belzona-5871.webp\" \/>\n\t<meta property=\"og:image:width\" content=\"1536\" \/>\n\t<meta property=\"og:image:height\" content=\"1024\" \/>\n\t<meta property=\"og:image:type\" content=\"image\/webp\" \/>\n<meta name=\"twitter:card\" content=\"summary_large_image\" \/>\n<meta name=\"twitter:label1\" content=\"Dur\u00e9e de lecture est.\" \/>\n\t<meta name=\"twitter:data1\" content=\"1 minute\" \/>\n<script type=\"application\/ld+json\" class=\"yoast-schema-graph\">{\"@context\":\"https:\\\/\\\/schema.org\",\"@graph\":[{\"@type\":\"WebPage\",\"@id\":\"https:\\\/\\\/www.belzona.be\\\/fr\\\/product\\\/5000-serie-revetements-de-protection\\\/belzona-5871-thermal-insulation-barrier\\\/\",\"url\":\"https:\\\/\\\/www.belzona.be\\\/fr\\\/product\\\/5000-serie-revetements-de-protection\\\/belzona-5871-thermal-insulation-barrier\\\/\",\"name\":\"Belzona 5871 : rev\u00eatement d\u2019isolation thermique | Perspect BE\",\"isPartOf\":{\"@id\":\"https:\\\/\\\/www.belzona.be\\\/fr\\\/#website\"},\"primaryImageOfPage\":{\"@id\":\"https:\\\/\\\/www.belzona.be\\\/fr\\\/product\\\/5000-serie-revetements-de-protection\\\/belzona-5871-thermal-insulation-barrier\\\/#primaryimage\"},\"image\":{\"@id\":\"https:\\\/\\\/www.belzona.be\\\/fr\\\/product\\\/5000-serie-revetements-de-protection\\\/belzona-5871-thermal-insulation-barrier\\\/#primaryimage\"},\"thumbnailUrl\":\"https:\\\/\\\/www.belzona.be\\\/fr\\\/wp-content\\\/uploads\\\/sites\\\/4\\\/2022\\\/12\\\/Belzona-5871.webp\",\"datePublished\":\"2022-12-21T09:26:43+00:00\",\"dateModified\":\"2025-12-06T10:40:17+00:00\",\"description\":\"Belzona 5871 est un rev\u00eatement d\u2019isolation thermique bicomposant sans solvant offrant protection anticorrosion et r\u00e9duction de la condensation.\",\"breadcrumb\":{\"@id\":\"https:\\\/\\\/www.belzona.be\\\/fr\\\/product\\\/5000-serie-revetements-de-protection\\\/belzona-5871-thermal-insulation-barrier\\\/#breadcrumb\"},\"inLanguage\":\"fr-BE\",\"potentialAction\":[{\"@type\":\"ReadAction\",\"target\":[\"https:\\\/\\\/www.belzona.be\\\/fr\\\/product\\\/5000-serie-revetements-de-protection\\\/belzona-5871-thermal-insulation-barrier\\\/\"]}]},{\"@type\":\"ImageObject\",\"inLanguage\":\"fr-BE\",\"@id\":\"https:\\\/\\\/www.belzona.be\\\/fr\\\/product\\\/5000-serie-revetements-de-protection\\\/belzona-5871-thermal-insulation-barrier\\\/#primaryimage\",\"url\":\"https:\\\/\\\/www.belzona.be\\\/fr\\\/wp-content\\\/uploads\\\/sites\\\/4\\\/2022\\\/12\\\/Belzona-5871.webp\",\"contentUrl\":\"https:\\\/\\\/www.belzona.be\\\/fr\\\/wp-content\\\/uploads\\\/sites\\\/4\\\/2022\\\/12\\\/Belzona-5871.webp\",\"width\":1536,\"height\":1024},{\"@type\":\"BreadcrumbList\",\"@id\":\"https:\\\/\\\/www.belzona.be\\\/fr\\\/product\\\/5000-serie-revetements-de-protection\\\/belzona-5871-thermal-insulation-barrier\\\/#breadcrumb\",\"itemListElement\":[{\"@type\":\"ListItem\",\"position\":1,\"name\":\"Accueil\",\"item\":\"https:\\\/\\\/www.belzona.be\\\/fr\\\/\"},{\"@type\":\"ListItem\",\"position\":2,\"name\":\"Produits\",\"item\":\"https:\\\/\\\/www.belzona.be\\\/fr\\\/produits\\\/\"},{\"@type\":\"ListItem\",\"position\":3,\"name\":\"Belzona 5871 \u2013 Rev\u00eatement d\u2019isolation thermique\"}]},{\"@type\":\"WebSite\",\"@id\":\"https:\\\/\\\/www.belzona.be\\\/fr\\\/#website\",\"url\":\"https:\\\/\\\/www.belzona.be\\\/fr\\\/\",\"name\":\"Belzona Perspect Belgique FR\",\"description\":\"Belzona : r\u00e9paration, protection et am\u00e9lioration des surfaces. Belzona pr\u00e9vient et r\u00e9pare l&#039;\u00e9rosion, la corrosion, l&#039;abrasion, ainsi que les d\u00e9gradations chimiques et m\u00e9caniques.\",\"potentialAction\":[{\"@type\":\"SearchAction\",\"target\":{\"@type\":\"EntryPoint\",\"urlTemplate\":\"https:\\\/\\\/www.belzona.be\\\/fr\\\/?s={search_term_string}\"},\"query-input\":{\"@type\":\"PropertyValueSpecification\",\"valueRequired\":true,\"valueName\":\"search_term_string\"}}],\"inLanguage\":\"fr-BE\"}]}<\/script>\n<!-- \/ Yoast SEO plugin. -->","yoast_head_json":{"title":"Belzona 5871 : rev\u00eatement d\u2019isolation thermique | Perspect BE","description":"Belzona 5871 est un rev\u00eatement d\u2019isolation thermique bicomposant sans solvant offrant protection anticorrosion et r\u00e9duction de la condensation.","robots":{"index":"index","follow":"follow","max-snippet":"max-snippet:-1","max-image-preview":"max-image-preview:large","max-video-preview":"max-video-preview:-1"},"canonical":"https:\/\/www.belzona.be\/fr\/product\/5000-serie-revetements-de-protection\/belzona-5871-thermal-insulation-barrier\/","og_locale":"fr_FR","og_type":"article","og_title":"Belzona 5871 : rev\u00eatement d\u2019isolation thermique | Perspect BE","og_description":"Belzona 5871 est un rev\u00eatement d\u2019isolation thermique bicomposant sans solvant offrant protection anticorrosion et r\u00e9duction de la condensation.","og_url":"https:\/\/www.belzona.be\/fr\/product\/5000-serie-revetements-de-protection\/belzona-5871-thermal-insulation-barrier\/","og_site_name":"Belzona Perspect Belgique FR","article_modified_time":"2025-12-06T10:40:17+00:00","og_image":[{"width":1536,"height":1024,"url":"https:\/\/www.belzona.be\/fr\/wp-content\/uploads\/sites\/4\/2022\/12\/Belzona-5871.webp","type":"image\/webp"}],"twitter_card":"summary_large_image","twitter_misc":{"Dur\u00e9e de lecture est.":"1 minute"},"schema":{"@context":"https:\/\/schema.org","@graph":[{"@type":"WebPage","@id":"https:\/\/www.belzona.be\/fr\/product\/5000-serie-revetements-de-protection\/belzona-5871-thermal-insulation-barrier\/","url":"https:\/\/www.belzona.be\/fr\/product\/5000-serie-revetements-de-protection\/belzona-5871-thermal-insulation-barrier\/","name":"Belzona 5871 : rev\u00eatement d\u2019isolation thermique | Perspect BE","isPartOf":{"@id":"https:\/\/www.belzona.be\/fr\/#website"},"primaryImageOfPage":{"@id":"https:\/\/www.belzona.be\/fr\/product\/5000-serie-revetements-de-protection\/belzona-5871-thermal-insulation-barrier\/#primaryimage"},"image":{"@id":"https:\/\/www.belzona.be\/fr\/product\/5000-serie-revetements-de-protection\/belzona-5871-thermal-insulation-barrier\/#primaryimage"},"thumbnailUrl":"https:\/\/www.belzona.be\/fr\/wp-content\/uploads\/sites\/4\/2022\/12\/Belzona-5871.webp","datePublished":"2022-12-21T09:26:43+00:00","dateModified":"2025-12-06T10:40:17+00:00","description":"Belzona 5871 est un rev\u00eatement d\u2019isolation thermique bicomposant sans solvant offrant protection anticorrosion et r\u00e9duction de la condensation.","breadcrumb":{"@id":"https:\/\/www.belzona.be\/fr\/product\/5000-serie-revetements-de-protection\/belzona-5871-thermal-insulation-barrier\/#breadcrumb"},"inLanguage":"fr-BE","potentialAction":[{"@type":"ReadAction","target":["https:\/\/www.belzona.be\/fr\/product\/5000-serie-revetements-de-protection\/belzona-5871-thermal-insulation-barrier\/"]}]},{"@type":"ImageObject","inLanguage":"fr-BE","@id":"https:\/\/www.belzona.be\/fr\/product\/5000-serie-revetements-de-protection\/belzona-5871-thermal-insulation-barrier\/#primaryimage","url":"https:\/\/www.belzona.be\/fr\/wp-content\/uploads\/sites\/4\/2022\/12\/Belzona-5871.webp","contentUrl":"https:\/\/www.belzona.be\/fr\/wp-content\/uploads\/sites\/4\/2022\/12\/Belzona-5871.webp","width":1536,"height":1024},{"@type":"BreadcrumbList","@id":"https:\/\/www.belzona.be\/fr\/product\/5000-serie-revetements-de-protection\/belzona-5871-thermal-insulation-barrier\/#breadcrumb","itemListElement":[{"@type":"ListItem","position":1,"name":"Accueil","item":"https:\/\/www.belzona.be\/fr\/"},{"@type":"ListItem","position":2,"name":"Produits","item":"https:\/\/www.belzona.be\/fr\/produits\/"},{"@type":"ListItem","position":3,"name":"Belzona 5871 \u2013 Rev\u00eatement d\u2019isolation thermique"}]},{"@type":"WebSite","@id":"https:\/\/www.belzona.be\/fr\/#website","url":"https:\/\/www.belzona.be\/fr\/","name":"Belzona Perspect Belgique FR","description":"Belzona : r\u00e9paration, protection et am\u00e9lioration des surfaces. Belzona pr\u00e9vient et r\u00e9pare l&#039;\u00e9rosion, la corrosion, l&#039;abrasion, ainsi que les d\u00e9gradations chimiques et m\u00e9caniques.","potentialAction":[{"@type":"SearchAction","target":{"@type":"EntryPoint","urlTemplate":"https:\/\/www.belzona.be\/fr\/?s={search_term_string}"},"query-input":{"@type":"PropertyValueSpecification","valueRequired":true,"valueName":"search_term_string"}}],"inLanguage":"fr-BE"}]}},"_links":{"self":[{"href":"https:\/\/www.belzona.be\/fr\/wp-json\/wp\/v2\/product\/512","targetHints":{"allow":["GET"]}}],"collection":[{"href":"https:\/\/www.belzona.be\/fr\/wp-json\/wp\/v2\/product"}],"about":[{"href":"https:\/\/www.belzona.be\/fr\/wp-json\/wp\/v2\/types\/product"}],"wp:featuredmedia":[{"embeddable":true,"href":"https:\/\/www.belzona.be\/fr\/wp-json\/wp\/v2\/media\/1816"}],"wp:attachment":[{"href":"https:\/\/www.belzona.be\/fr\/wp-json\/wp\/v2\/media?parent=512"}],"wp:term":[{"taxonomy":"product_brand","embeddable":true,"href":"https:\/\/www.belzona.be\/fr\/wp-json\/wp\/v2\/product_brand?post=512"},{"taxonomy":"product_cat","embeddable":true,"href":"https:\/\/www.belzona.be\/fr\/wp-json\/wp\/v2\/product_cat?post=512"},{"taxonomy":"product_tag","embeddable":true,"href":"https:\/\/www.belzona.be\/fr\/wp-json\/wp\/v2\/product_tag?post=512"}],"curies":[{"name":"wp","href":"https:\/\/api.w.org\/{rel}","templated":true}]}}