{"id":503,"date":"2022-12-21T11:02:57","date_gmt":"2022-12-21T09:02:57","guid":{"rendered":"https:\/\/www.belzona.nl\/?post_type=product&#038;p=503"},"modified":"2025-12-18T09:49:07","modified_gmt":"2025-12-18T08:49:07","slug":"belzona-5811-dw","status":"publish","type":"product","link":"https:\/\/www.belzona.be\/fr\/product\/5000-serie-revetements-de-protection\/belzona-5811-dw\/","title":{"rendered":"Belzona 5811 DW \u2013 Rev\u00eatement \u00e9poxy pour immersion"},"content":{"rendered":"<p><iframe title=\"Belzona 5812DW \u2013 A Drinking Water Approved, Corrosion Protection System for Concrete\" width=\"980\" height=\"551\" data-src=\"https:\/\/www.youtube.com\/embed\/Df4vlLTEplk?feature=oembed\" frameborder=\"0\" allow=\"accelerometer; autoplay; clipboard-write; encrypted-media; gyroscope; picture-in-picture; web-share\" referrerpolicy=\"strict-origin-when-cross-origin\" allowfullscreen src=\"data:image\/svg+xml;base64,PHN2ZyB3aWR0aD0iMSIgaGVpZ2h0PSIxIiB4bWxucz0iaHR0cDovL3d3dy53My5vcmcvMjAwMC9zdmciPjwvc3ZnPg==\" class=\"lazyload\" data-load-mode=\"1\"><\/iframe><\/p>\n","protected":false},"excerpt":{"rendered":"<div class=\"flex-1 overflow-hidden\">\n<div class=\"react-scroll-to-bottom--css-vhanw-79elbk h-full\">\n<div class=\"react-scroll-to-bottom--css-vhanw-1n7m0yu\">\n<div class=\"flex flex-col text-sm pb-9\">\n<div class=\"w-full text-token-text-primary\" data-testid=\"conversation-turn-259\">\n<div class=\"px-4 py-2 justify-center text-base md:gap-6 m-auto\">\n<div class=\"flex flex-1 text-base mx-auto gap-3 md:px-5 lg:px-1 xl:px-5 md:max-w-3xl lg:max-w-[40rem] xl:max-w-[48rem] group final-completion\">\n<div class=\"relative flex w-full flex-col agent-turn\">\n<div class=\"flex-col gap-1 md:gap-3\">\n<div class=\"flex flex-grow flex-col max-w-full\">\n<div class=\"min-h-[20px] text-message flex flex-col items-start gap-3 whitespace-pre-wrap break-words [.text-message+&amp;]:mt-5 overflow-x-auto\" data-message-author-role=\"assistant\" data-message-id=\"9bbea058-5be4-4f53-8e76-876fd8903f99\">\n<div class=\"markdown prose w-full break-words dark:prose-invert light\">\n<p>Rev\u00eatement \u00e9poxy bicomposant sans solvant, con\u00e7u pour offrir une excellente r\u00e9sistance chimique et et prot\u00e9ger les \u00e9quipements en immersion dans des milieux aqueux jusqu\u2019\u00e0 50 \u00b0C. Ce rev\u00eatement sans solvant peut \u00eatre appliqu\u00e9 au pinceau ou par pulv\u00e9risation airless sur une large gamme de supports m\u00e9talliques et non m\u00e9talliques, tels que l\u2019acier, les alliages, le b\u00e9ton pr\u00e9par\u00e9 et certains composites. Belzona 5811DW2 (DW Immersion Grade) est la version approuv\u00e9e WRAS de Belzona 5811 pour le contact avec l\u2019eau potable.<\/p>\n<p>Applications du rev\u00eatement \u00e9poxy Belzona 5811 DW :<br data-start=\"3613\" data-end=\"3616\" \/>\u2013 Protection interne des r\u00e9servoirs, bacs de r\u00e9tention, cuves de traitement et tuyauteries en immersion.<br data-start=\"3720\" data-end=\"3723\" \/>\u2013 Protection contre la corrosion, l\u2019\u00e9rosion et les attaques chimiques dans les zones d\u2019encapsulation secondaires.<br data-start=\"3836\" data-end=\"3839\" \/>\u2013 Rev\u00eatement protecteur pour pompes, \u00e9changeurs de chaleur et \u00e9quipements de traitement.<br data-start=\"3927\" data-end=\"3930\" \/>\u2013 Peut \u00e9galement \u00eatre utilis\u00e9 comme adh\u00e9sif structural haute r\u00e9sistance pour le collage de m\u00e9taux.<\/p>\n<\/div>\n<\/div>\n<\/div>\n<\/div>\n<\/div>\n<\/div>\n<\/div>\n<\/div>\n<\/div>\n<\/div>\n<\/div>\n<\/div>\n<p>&nbsp;<\/p>\n","protected":false},"featured_media":1821,"template":"","meta":{"_acf_changed":false,"content-type":"","editor_notices":[]},"product_brand":[],"product_cat":[28],"product_tag":[],"class_list":{"0":"post-503","1":"product","2":"type-product","3":"status-publish","4":"has-post-thumbnail","6":"product_cat-5000-serie-revetements-de-protection","8":"first","9":"instock","10":"taxable","11":"shipping-taxable","12":"product-type-simple"},"acf":[],"yoast_head":"<!-- This site is optimized with the Yoast SEO plugin v27.3 - https:\/\/yoast.com\/product\/yoast-seo-wordpress\/ -->\n<title>Rev\u00eatement \u00e9poxy : Belzona 5811 DW | Perspect BE<\/title>\n<meta name=\"description\" content=\"Le rev\u00eatement \u00e9poxy Belzona 5811 DW est sans solvant pour la protection anticorrosion en immersion. D\u00e9couvrez nos solutions professionnelles.\" \/>\n<meta name=\"robots\" content=\"index, follow, max-snippet:-1, max-image-preview:large, max-video-preview:-1\" \/>\n<link rel=\"canonical\" href=\"https:\/\/www.belzona.be\/fr\/product\/5000-serie-revetements-de-protection\/belzona-5811-dw\/\" \/>\n<meta property=\"og:locale\" content=\"fr_FR\" \/>\n<meta property=\"og:type\" content=\"article\" \/>\n<meta property=\"og:title\" content=\"Rev\u00eatement \u00e9poxy : Belzona 5811 DW | Perspect BE\" \/>\n<meta property=\"og:description\" content=\"Le rev\u00eatement \u00e9poxy Belzona 5811 DW est sans solvant pour la protection anticorrosion en immersion. D\u00e9couvrez nos solutions professionnelles.\" \/>\n<meta property=\"og:url\" content=\"https:\/\/www.belzona.be\/fr\/product\/5000-serie-revetements-de-protection\/belzona-5811-dw\/\" \/>\n<meta property=\"og:site_name\" content=\"Belzona Perspect Belgique FR\" \/>\n<meta property=\"article:modified_time\" content=\"2025-12-18T08:49:07+00:00\" \/>\n<meta property=\"og:image\" content=\"https:\/\/www.belzona.be\/fr\/wp-content\/uploads\/sites\/4\/2022\/12\/Belzona5811.webp\" \/>\n\t<meta property=\"og:image:width\" content=\"1536\" \/>\n\t<meta property=\"og:image:height\" content=\"1024\" \/>\n\t<meta property=\"og:image:type\" content=\"image\/webp\" \/>\n<meta name=\"twitter:card\" content=\"summary_large_image\" \/>\n<meta name=\"twitter:label1\" content=\"Dur\u00e9e de lecture est.\" \/>\n\t<meta name=\"twitter:data1\" content=\"1 minute\" \/>\n<script type=\"application\/ld+json\" class=\"yoast-schema-graph\">{\"@context\":\"https:\\\/\\\/schema.org\",\"@graph\":[{\"@type\":\"WebPage\",\"@id\":\"https:\\\/\\\/www.belzona.be\\\/fr\\\/product\\\/5000-serie-revetements-de-protection\\\/belzona-5811-dw\\\/\",\"url\":\"https:\\\/\\\/www.belzona.be\\\/fr\\\/product\\\/5000-serie-revetements-de-protection\\\/belzona-5811-dw\\\/\",\"name\":\"Rev\u00eatement \u00e9poxy : Belzona 5811 DW | Perspect BE\",\"isPartOf\":{\"@id\":\"https:\\\/\\\/www.belzona.be\\\/fr\\\/#website\"},\"primaryImageOfPage\":{\"@id\":\"https:\\\/\\\/www.belzona.be\\\/fr\\\/product\\\/5000-serie-revetements-de-protection\\\/belzona-5811-dw\\\/#primaryimage\"},\"image\":{\"@id\":\"https:\\\/\\\/www.belzona.be\\\/fr\\\/product\\\/5000-serie-revetements-de-protection\\\/belzona-5811-dw\\\/#primaryimage\"},\"thumbnailUrl\":\"https:\\\/\\\/www.belzona.be\\\/fr\\\/wp-content\\\/uploads\\\/sites\\\/4\\\/2022\\\/12\\\/Belzona5811.webp\",\"datePublished\":\"2022-12-21T09:02:57+00:00\",\"dateModified\":\"2025-12-18T08:49:07+00:00\",\"description\":\"Le rev\u00eatement \u00e9poxy Belzona 5811 DW est sans solvant pour la protection anticorrosion en immersion. D\u00e9couvrez nos solutions professionnelles.\",\"breadcrumb\":{\"@id\":\"https:\\\/\\\/www.belzona.be\\\/fr\\\/product\\\/5000-serie-revetements-de-protection\\\/belzona-5811-dw\\\/#breadcrumb\"},\"inLanguage\":\"fr-BE\",\"potentialAction\":[{\"@type\":\"ReadAction\",\"target\":[\"https:\\\/\\\/www.belzona.be\\\/fr\\\/product\\\/5000-serie-revetements-de-protection\\\/belzona-5811-dw\\\/\"]}]},{\"@type\":\"ImageObject\",\"inLanguage\":\"fr-BE\",\"@id\":\"https:\\\/\\\/www.belzona.be\\\/fr\\\/product\\\/5000-serie-revetements-de-protection\\\/belzona-5811-dw\\\/#primaryimage\",\"url\":\"https:\\\/\\\/www.belzona.be\\\/fr\\\/wp-content\\\/uploads\\\/sites\\\/4\\\/2022\\\/12\\\/Belzona5811.webp\",\"contentUrl\":\"https:\\\/\\\/www.belzona.be\\\/fr\\\/wp-content\\\/uploads\\\/sites\\\/4\\\/2022\\\/12\\\/Belzona5811.webp\",\"width\":1536,\"height\":1024},{\"@type\":\"BreadcrumbList\",\"@id\":\"https:\\\/\\\/www.belzona.be\\\/fr\\\/product\\\/5000-serie-revetements-de-protection\\\/belzona-5811-dw\\\/#breadcrumb\",\"itemListElement\":[{\"@type\":\"ListItem\",\"position\":1,\"name\":\"Accueil\",\"item\":\"https:\\\/\\\/www.belzona.be\\\/fr\\\/\"},{\"@type\":\"ListItem\",\"position\":2,\"name\":\"Produits\",\"item\":\"https:\\\/\\\/www.belzona.be\\\/fr\\\/produits\\\/\"},{\"@type\":\"ListItem\",\"position\":3,\"name\":\"Belzona 5811 DW \u2013 Rev\u00eatement \u00e9poxy pour immersion\"}]},{\"@type\":\"WebSite\",\"@id\":\"https:\\\/\\\/www.belzona.be\\\/fr\\\/#website\",\"url\":\"https:\\\/\\\/www.belzona.be\\\/fr\\\/\",\"name\":\"Belzona Perspect Belgique FR\",\"description\":\"Belzona : r\u00e9paration, protection et am\u00e9lioration des surfaces. Belzona pr\u00e9vient et r\u00e9pare l&#039;\u00e9rosion, la corrosion, l&#039;abrasion, ainsi que les d\u00e9gradations chimiques et m\u00e9caniques.\",\"potentialAction\":[{\"@type\":\"SearchAction\",\"target\":{\"@type\":\"EntryPoint\",\"urlTemplate\":\"https:\\\/\\\/www.belzona.be\\\/fr\\\/?s={search_term_string}\"},\"query-input\":{\"@type\":\"PropertyValueSpecification\",\"valueRequired\":true,\"valueName\":\"search_term_string\"}}],\"inLanguage\":\"fr-BE\"}]}<\/script>\n<!-- \/ Yoast SEO plugin. -->","yoast_head_json":{"title":"Rev\u00eatement \u00e9poxy : Belzona 5811 DW | Perspect BE","description":"Le rev\u00eatement \u00e9poxy Belzona 5811 DW est sans solvant pour la protection anticorrosion en immersion. D\u00e9couvrez nos solutions professionnelles.","robots":{"index":"index","follow":"follow","max-snippet":"max-snippet:-1","max-image-preview":"max-image-preview:large","max-video-preview":"max-video-preview:-1"},"canonical":"https:\/\/www.belzona.be\/fr\/product\/5000-serie-revetements-de-protection\/belzona-5811-dw\/","og_locale":"fr_FR","og_type":"article","og_title":"Rev\u00eatement \u00e9poxy : Belzona 5811 DW | Perspect BE","og_description":"Le rev\u00eatement \u00e9poxy Belzona 5811 DW est sans solvant pour la protection anticorrosion en immersion. D\u00e9couvrez nos solutions professionnelles.","og_url":"https:\/\/www.belzona.be\/fr\/product\/5000-serie-revetements-de-protection\/belzona-5811-dw\/","og_site_name":"Belzona Perspect Belgique FR","article_modified_time":"2025-12-18T08:49:07+00:00","og_image":[{"width":1536,"height":1024,"url":"https:\/\/www.belzona.be\/fr\/wp-content\/uploads\/sites\/4\/2022\/12\/Belzona5811.webp","type":"image\/webp"}],"twitter_card":"summary_large_image","twitter_misc":{"Dur\u00e9e de lecture est.":"1 minute"},"schema":{"@context":"https:\/\/schema.org","@graph":[{"@type":"WebPage","@id":"https:\/\/www.belzona.be\/fr\/product\/5000-serie-revetements-de-protection\/belzona-5811-dw\/","url":"https:\/\/www.belzona.be\/fr\/product\/5000-serie-revetements-de-protection\/belzona-5811-dw\/","name":"Rev\u00eatement \u00e9poxy : Belzona 5811 DW | Perspect BE","isPartOf":{"@id":"https:\/\/www.belzona.be\/fr\/#website"},"primaryImageOfPage":{"@id":"https:\/\/www.belzona.be\/fr\/product\/5000-serie-revetements-de-protection\/belzona-5811-dw\/#primaryimage"},"image":{"@id":"https:\/\/www.belzona.be\/fr\/product\/5000-serie-revetements-de-protection\/belzona-5811-dw\/#primaryimage"},"thumbnailUrl":"https:\/\/www.belzona.be\/fr\/wp-content\/uploads\/sites\/4\/2022\/12\/Belzona5811.webp","datePublished":"2022-12-21T09:02:57+00:00","dateModified":"2025-12-18T08:49:07+00:00","description":"Le rev\u00eatement \u00e9poxy Belzona 5811 DW est sans solvant pour la protection anticorrosion en immersion. D\u00e9couvrez nos solutions professionnelles.","breadcrumb":{"@id":"https:\/\/www.belzona.be\/fr\/product\/5000-serie-revetements-de-protection\/belzona-5811-dw\/#breadcrumb"},"inLanguage":"fr-BE","potentialAction":[{"@type":"ReadAction","target":["https:\/\/www.belzona.be\/fr\/product\/5000-serie-revetements-de-protection\/belzona-5811-dw\/"]}]},{"@type":"ImageObject","inLanguage":"fr-BE","@id":"https:\/\/www.belzona.be\/fr\/product\/5000-serie-revetements-de-protection\/belzona-5811-dw\/#primaryimage","url":"https:\/\/www.belzona.be\/fr\/wp-content\/uploads\/sites\/4\/2022\/12\/Belzona5811.webp","contentUrl":"https:\/\/www.belzona.be\/fr\/wp-content\/uploads\/sites\/4\/2022\/12\/Belzona5811.webp","width":1536,"height":1024},{"@type":"BreadcrumbList","@id":"https:\/\/www.belzona.be\/fr\/product\/5000-serie-revetements-de-protection\/belzona-5811-dw\/#breadcrumb","itemListElement":[{"@type":"ListItem","position":1,"name":"Accueil","item":"https:\/\/www.belzona.be\/fr\/"},{"@type":"ListItem","position":2,"name":"Produits","item":"https:\/\/www.belzona.be\/fr\/produits\/"},{"@type":"ListItem","position":3,"name":"Belzona 5811 DW \u2013 Rev\u00eatement \u00e9poxy pour immersion"}]},{"@type":"WebSite","@id":"https:\/\/www.belzona.be\/fr\/#website","url":"https:\/\/www.belzona.be\/fr\/","name":"Belzona Perspect Belgique FR","description":"Belzona : r\u00e9paration, protection et am\u00e9lioration des surfaces. Belzona pr\u00e9vient et r\u00e9pare l&#039;\u00e9rosion, la corrosion, l&#039;abrasion, ainsi que les d\u00e9gradations chimiques et m\u00e9caniques.","potentialAction":[{"@type":"SearchAction","target":{"@type":"EntryPoint","urlTemplate":"https:\/\/www.belzona.be\/fr\/?s={search_term_string}"},"query-input":{"@type":"PropertyValueSpecification","valueRequired":true,"valueName":"search_term_string"}}],"inLanguage":"fr-BE"}]}},"_links":{"self":[{"href":"https:\/\/www.belzona.be\/fr\/wp-json\/wp\/v2\/product\/503","targetHints":{"allow":["GET"]}}],"collection":[{"href":"https:\/\/www.belzona.be\/fr\/wp-json\/wp\/v2\/product"}],"about":[{"href":"https:\/\/www.belzona.be\/fr\/wp-json\/wp\/v2\/types\/product"}],"wp:featuredmedia":[{"embeddable":true,"href":"https:\/\/www.belzona.be\/fr\/wp-json\/wp\/v2\/media\/1821"}],"wp:attachment":[{"href":"https:\/\/www.belzona.be\/fr\/wp-json\/wp\/v2\/media?parent=503"}],"wp:term":[{"taxonomy":"product_brand","embeddable":true,"href":"https:\/\/www.belzona.be\/fr\/wp-json\/wp\/v2\/product_brand?post=503"},{"taxonomy":"product_cat","embeddable":true,"href":"https:\/\/www.belzona.be\/fr\/wp-json\/wp\/v2\/product_cat?post=503"},{"taxonomy":"product_tag","embeddable":true,"href":"https:\/\/www.belzona.be\/fr\/wp-json\/wp\/v2\/product_tag?post=503"}],"curies":[{"name":"wp","href":"https:\/\/api.w.org\/{rel}","templated":true}]}}