{"id":501,"date":"2022-12-21T10:57:10","date_gmt":"2022-12-21T08:57:10","guid":{"rendered":"https:\/\/www.belzona.nl\/?post_type=product&#038;p=501"},"modified":"2025-12-07T11:17:17","modified_gmt":"2025-12-07T10:17:17","slug":"belzona-5811-immersion-grade","status":"publish","type":"product","link":"https:\/\/www.belzona.be\/fr\/product\/5000-serie-revetements-de-protection\/belzona-5811-immersion-grade\/","title":{"rendered":"Belzona 5811 Immersion Grade"},"content":{"rendered":"","protected":false},"excerpt":{"rendered":"<p>Belzona 5811 Immersion Grade est un rev\u00eatement \u00e9poxy sans solvant con\u00e7u pour la protection anticorrosion et la r\u00e9sistance chimique des \u00e9quipements utilis\u00e9s en immersion jusqu\u2019\u00e0 50\u00b0C (122\u00b0F). Il peut \u00eatre appliqu\u00e9 au pinceau ou par pulv\u00e9risation. La variante Belzona 5811 DW Immersion Grade est certifi\u00e9e pour le contact avec l\u2019eau potable.<\/p>\n<p>Belzona 5811 Immersion Grade adh\u00e8re durablement \u00e0 la fonte, \u00e0 l\u2019acier inoxydable, au laiton, au cuivre, au b\u00e9ton, au bois, \u00e0 la fibre de verre et \u00e0 l\u2019aluminium. Facile \u00e0 appliquer, il durcit \u00e0 temp\u00e9rature ambiante et offre une excellente r\u00e9sistance aux produits chimiques, \u00e0 l\u2019eau de mer et au p\u00e9trole brut.<\/p>\n<p>Belzona 5811 Immersion Grade est adapt\u00e9 pour la protection de :<br \/>\n\u2022 tours de refroidissement<br data-start=\"3583\" data-end=\"3586\" \/>\u2022 pompes submersibles<br data-start=\"3607\" data-end=\"3610\" \/>\u2022 bou\u00e9es marines<br data-start=\"3626\" data-end=\"3629\" \/>\u2022 r\u00e9servoirs de stockage<br data-start=\"3653\" data-end=\"3656\" \/>\u2022 \u00e9quipements rotatifs (correction du terme \u201ctourniquets\u201d)<br data-start=\"3714\" data-end=\"3717\" \/>\u2022 navires de traitement<br data-start=\"3740\" data-end=\"3743\" \/>\u2022 pipelines<br data-start=\"3754\" data-end=\"3757\" \/>\u2022 zones de confinement et bassins de r\u00e9tention<\/p>\n<p>&nbsp;<\/p>\n","protected":false},"featured_media":1821,"template":"","meta":{"_acf_changed":false,"content-type":"","editor_notices":[]},"product_brand":[],"product_cat":[28],"product_tag":[],"class_list":{"0":"post-501","1":"product","2":"type-product","3":"status-publish","4":"has-post-thumbnail","6":"product_cat-5000-serie-revetements-de-protection","8":"first","9":"instock","10":"taxable","11":"shipping-taxable","12":"product-type-simple"},"acf":[],"yoast_head":"<!-- This site is optimized with the Yoast SEO plugin v27.3 - https:\/\/yoast.com\/product\/yoast-seo-wordpress\/ -->\n<title>Rev\u00eatement immersion Belzona 5811 | Perspect BE<\/title>\n<meta name=\"description\" content=\"D\u00e9couvrez Belzona 5811, un rev\u00eatement immersion \u00e9poxy sans solvant offrant une protection anticorrosion durable pour \u00e9quipements industriels.\" \/>\n<meta name=\"robots\" content=\"index, follow, max-snippet:-1, max-image-preview:large, max-video-preview:-1\" \/>\n<link rel=\"canonical\" href=\"https:\/\/www.belzona.be\/fr\/product\/5000-serie-revetements-de-protection\/belzona-5811-immersion-grade\/\" \/>\n<meta property=\"og:locale\" content=\"fr_FR\" \/>\n<meta property=\"og:type\" content=\"article\" \/>\n<meta property=\"og:title\" content=\"Rev\u00eatement immersion Belzona 5811 | Perspect BE\" \/>\n<meta property=\"og:description\" content=\"D\u00e9couvrez Belzona 5811, un rev\u00eatement immersion \u00e9poxy sans solvant offrant une protection anticorrosion durable pour \u00e9quipements industriels.\" \/>\n<meta property=\"og:url\" content=\"https:\/\/www.belzona.be\/fr\/product\/5000-serie-revetements-de-protection\/belzona-5811-immersion-grade\/\" \/>\n<meta property=\"og:site_name\" content=\"Belzona Perspect Belgique FR\" \/>\n<meta property=\"article:modified_time\" content=\"2025-12-07T10:17:17+00:00\" \/>\n<meta property=\"og:image\" content=\"https:\/\/www.belzona.be\/fr\/wp-content\/uploads\/sites\/4\/2022\/12\/Belzona5811.webp\" \/>\n\t<meta property=\"og:image:width\" content=\"1536\" \/>\n\t<meta property=\"og:image:height\" content=\"1024\" \/>\n\t<meta property=\"og:image:type\" content=\"image\/webp\" \/>\n<meta name=\"twitter:card\" content=\"summary_large_image\" \/>\n<meta name=\"twitter:label1\" content=\"Dur\u00e9e de lecture est.\" \/>\n\t<meta name=\"twitter:data1\" content=\"1 minute\" \/>\n<script type=\"application\/ld+json\" class=\"yoast-schema-graph\">{\"@context\":\"https:\\\/\\\/schema.org\",\"@graph\":[{\"@type\":\"WebPage\",\"@id\":\"https:\\\/\\\/www.belzona.be\\\/fr\\\/product\\\/5000-serie-revetements-de-protection\\\/belzona-5811-immersion-grade\\\/\",\"url\":\"https:\\\/\\\/www.belzona.be\\\/fr\\\/product\\\/5000-serie-revetements-de-protection\\\/belzona-5811-immersion-grade\\\/\",\"name\":\"Rev\u00eatement immersion Belzona 5811 | Perspect BE\",\"isPartOf\":{\"@id\":\"https:\\\/\\\/www.belzona.be\\\/fr\\\/#website\"},\"primaryImageOfPage\":{\"@id\":\"https:\\\/\\\/www.belzona.be\\\/fr\\\/product\\\/5000-serie-revetements-de-protection\\\/belzona-5811-immersion-grade\\\/#primaryimage\"},\"image\":{\"@id\":\"https:\\\/\\\/www.belzona.be\\\/fr\\\/product\\\/5000-serie-revetements-de-protection\\\/belzona-5811-immersion-grade\\\/#primaryimage\"},\"thumbnailUrl\":\"https:\\\/\\\/www.belzona.be\\\/fr\\\/wp-content\\\/uploads\\\/sites\\\/4\\\/2022\\\/12\\\/Belzona5811.webp\",\"datePublished\":\"2022-12-21T08:57:10+00:00\",\"dateModified\":\"2025-12-07T10:17:17+00:00\",\"description\":\"D\u00e9couvrez Belzona 5811, un rev\u00eatement immersion \u00e9poxy sans solvant offrant une protection anticorrosion durable pour \u00e9quipements industriels.\",\"breadcrumb\":{\"@id\":\"https:\\\/\\\/www.belzona.be\\\/fr\\\/product\\\/5000-serie-revetements-de-protection\\\/belzona-5811-immersion-grade\\\/#breadcrumb\"},\"inLanguage\":\"fr-BE\",\"potentialAction\":[{\"@type\":\"ReadAction\",\"target\":[\"https:\\\/\\\/www.belzona.be\\\/fr\\\/product\\\/5000-serie-revetements-de-protection\\\/belzona-5811-immersion-grade\\\/\"]}]},{\"@type\":\"ImageObject\",\"inLanguage\":\"fr-BE\",\"@id\":\"https:\\\/\\\/www.belzona.be\\\/fr\\\/product\\\/5000-serie-revetements-de-protection\\\/belzona-5811-immersion-grade\\\/#primaryimage\",\"url\":\"https:\\\/\\\/www.belzona.be\\\/fr\\\/wp-content\\\/uploads\\\/sites\\\/4\\\/2022\\\/12\\\/Belzona5811.webp\",\"contentUrl\":\"https:\\\/\\\/www.belzona.be\\\/fr\\\/wp-content\\\/uploads\\\/sites\\\/4\\\/2022\\\/12\\\/Belzona5811.webp\",\"width\":1536,\"height\":1024},{\"@type\":\"BreadcrumbList\",\"@id\":\"https:\\\/\\\/www.belzona.be\\\/fr\\\/product\\\/5000-serie-revetements-de-protection\\\/belzona-5811-immersion-grade\\\/#breadcrumb\",\"itemListElement\":[{\"@type\":\"ListItem\",\"position\":1,\"name\":\"Accueil\",\"item\":\"https:\\\/\\\/www.belzona.be\\\/fr\\\/\"},{\"@type\":\"ListItem\",\"position\":2,\"name\":\"Produits\",\"item\":\"https:\\\/\\\/www.belzona.be\\\/fr\\\/produits\\\/\"},{\"@type\":\"ListItem\",\"position\":3,\"name\":\"Belzona 5811 Immersion Grade\"}]},{\"@type\":\"WebSite\",\"@id\":\"https:\\\/\\\/www.belzona.be\\\/fr\\\/#website\",\"url\":\"https:\\\/\\\/www.belzona.be\\\/fr\\\/\",\"name\":\"Belzona Perspect Belgique FR\",\"description\":\"Belzona : r\u00e9paration, protection et am\u00e9lioration des surfaces. Belzona pr\u00e9vient et r\u00e9pare l&#039;\u00e9rosion, la corrosion, l&#039;abrasion, ainsi que les d\u00e9gradations chimiques et m\u00e9caniques.\",\"potentialAction\":[{\"@type\":\"SearchAction\",\"target\":{\"@type\":\"EntryPoint\",\"urlTemplate\":\"https:\\\/\\\/www.belzona.be\\\/fr\\\/?s={search_term_string}\"},\"query-input\":{\"@type\":\"PropertyValueSpecification\",\"valueRequired\":true,\"valueName\":\"search_term_string\"}}],\"inLanguage\":\"fr-BE\"}]}<\/script>\n<!-- \/ Yoast SEO plugin. -->","yoast_head_json":{"title":"Rev\u00eatement immersion Belzona 5811 | Perspect BE","description":"D\u00e9couvrez Belzona 5811, un rev\u00eatement immersion \u00e9poxy sans solvant offrant une protection anticorrosion durable pour \u00e9quipements industriels.","robots":{"index":"index","follow":"follow","max-snippet":"max-snippet:-1","max-image-preview":"max-image-preview:large","max-video-preview":"max-video-preview:-1"},"canonical":"https:\/\/www.belzona.be\/fr\/product\/5000-serie-revetements-de-protection\/belzona-5811-immersion-grade\/","og_locale":"fr_FR","og_type":"article","og_title":"Rev\u00eatement immersion Belzona 5811 | Perspect BE","og_description":"D\u00e9couvrez Belzona 5811, un rev\u00eatement immersion \u00e9poxy sans solvant offrant une protection anticorrosion durable pour \u00e9quipements industriels.","og_url":"https:\/\/www.belzona.be\/fr\/product\/5000-serie-revetements-de-protection\/belzona-5811-immersion-grade\/","og_site_name":"Belzona Perspect Belgique FR","article_modified_time":"2025-12-07T10:17:17+00:00","og_image":[{"width":1536,"height":1024,"url":"https:\/\/www.belzona.be\/fr\/wp-content\/uploads\/sites\/4\/2022\/12\/Belzona5811.webp","type":"image\/webp"}],"twitter_card":"summary_large_image","twitter_misc":{"Dur\u00e9e de lecture est.":"1 minute"},"schema":{"@context":"https:\/\/schema.org","@graph":[{"@type":"WebPage","@id":"https:\/\/www.belzona.be\/fr\/product\/5000-serie-revetements-de-protection\/belzona-5811-immersion-grade\/","url":"https:\/\/www.belzona.be\/fr\/product\/5000-serie-revetements-de-protection\/belzona-5811-immersion-grade\/","name":"Rev\u00eatement immersion Belzona 5811 | Perspect BE","isPartOf":{"@id":"https:\/\/www.belzona.be\/fr\/#website"},"primaryImageOfPage":{"@id":"https:\/\/www.belzona.be\/fr\/product\/5000-serie-revetements-de-protection\/belzona-5811-immersion-grade\/#primaryimage"},"image":{"@id":"https:\/\/www.belzona.be\/fr\/product\/5000-serie-revetements-de-protection\/belzona-5811-immersion-grade\/#primaryimage"},"thumbnailUrl":"https:\/\/www.belzona.be\/fr\/wp-content\/uploads\/sites\/4\/2022\/12\/Belzona5811.webp","datePublished":"2022-12-21T08:57:10+00:00","dateModified":"2025-12-07T10:17:17+00:00","description":"D\u00e9couvrez Belzona 5811, un rev\u00eatement immersion \u00e9poxy sans solvant offrant une protection anticorrosion durable pour \u00e9quipements industriels.","breadcrumb":{"@id":"https:\/\/www.belzona.be\/fr\/product\/5000-serie-revetements-de-protection\/belzona-5811-immersion-grade\/#breadcrumb"},"inLanguage":"fr-BE","potentialAction":[{"@type":"ReadAction","target":["https:\/\/www.belzona.be\/fr\/product\/5000-serie-revetements-de-protection\/belzona-5811-immersion-grade\/"]}]},{"@type":"ImageObject","inLanguage":"fr-BE","@id":"https:\/\/www.belzona.be\/fr\/product\/5000-serie-revetements-de-protection\/belzona-5811-immersion-grade\/#primaryimage","url":"https:\/\/www.belzona.be\/fr\/wp-content\/uploads\/sites\/4\/2022\/12\/Belzona5811.webp","contentUrl":"https:\/\/www.belzona.be\/fr\/wp-content\/uploads\/sites\/4\/2022\/12\/Belzona5811.webp","width":1536,"height":1024},{"@type":"BreadcrumbList","@id":"https:\/\/www.belzona.be\/fr\/product\/5000-serie-revetements-de-protection\/belzona-5811-immersion-grade\/#breadcrumb","itemListElement":[{"@type":"ListItem","position":1,"name":"Accueil","item":"https:\/\/www.belzona.be\/fr\/"},{"@type":"ListItem","position":2,"name":"Produits","item":"https:\/\/www.belzona.be\/fr\/produits\/"},{"@type":"ListItem","position":3,"name":"Belzona 5811 Immersion Grade"}]},{"@type":"WebSite","@id":"https:\/\/www.belzona.be\/fr\/#website","url":"https:\/\/www.belzona.be\/fr\/","name":"Belzona Perspect Belgique FR","description":"Belzona : r\u00e9paration, protection et am\u00e9lioration des surfaces. Belzona pr\u00e9vient et r\u00e9pare l&#039;\u00e9rosion, la corrosion, l&#039;abrasion, ainsi que les d\u00e9gradations chimiques et m\u00e9caniques.","potentialAction":[{"@type":"SearchAction","target":{"@type":"EntryPoint","urlTemplate":"https:\/\/www.belzona.be\/fr\/?s={search_term_string}"},"query-input":{"@type":"PropertyValueSpecification","valueRequired":true,"valueName":"search_term_string"}}],"inLanguage":"fr-BE"}]}},"_links":{"self":[{"href":"https:\/\/www.belzona.be\/fr\/wp-json\/wp\/v2\/product\/501","targetHints":{"allow":["GET"]}}],"collection":[{"href":"https:\/\/www.belzona.be\/fr\/wp-json\/wp\/v2\/product"}],"about":[{"href":"https:\/\/www.belzona.be\/fr\/wp-json\/wp\/v2\/types\/product"}],"wp:featuredmedia":[{"embeddable":true,"href":"https:\/\/www.belzona.be\/fr\/wp-json\/wp\/v2\/media\/1821"}],"wp:attachment":[{"href":"https:\/\/www.belzona.be\/fr\/wp-json\/wp\/v2\/media?parent=501"}],"wp:term":[{"taxonomy":"product_brand","embeddable":true,"href":"https:\/\/www.belzona.be\/fr\/wp-json\/wp\/v2\/product_brand?post=501"},{"taxonomy":"product_cat","embeddable":true,"href":"https:\/\/www.belzona.be\/fr\/wp-json\/wp\/v2\/product_cat?post=501"},{"taxonomy":"product_tag","embeddable":true,"href":"https:\/\/www.belzona.be\/fr\/wp-json\/wp\/v2\/product_tag?post=501"}],"curies":[{"name":"wp","href":"https:\/\/api.w.org\/{rel}","templated":true}]}}