{"id":499,"date":"2022-12-21T10:54:04","date_gmt":"2022-12-21T08:54:04","guid":{"rendered":"https:\/\/www.belzona.nl\/?post_type=product&#038;p=499"},"modified":"2025-12-18T09:49:10","modified_gmt":"2025-12-18T08:49:10","slug":"belzona-5721-leading-edge-protection","status":"publish","type":"product","link":"https:\/\/www.belzona.be\/fr\/product\/5000-serie-revetements-de-protection\/belzona-5721-leading-edge-protection\/","title":{"rendered":"Belzona 5721 \u2013 Protection des bords d\u2019attaque"},"content":{"rendered":"<p><iframe title=\"How to Create Leading Edge Protection with Belzona\" width=\"980\" height=\"551\" data-src=\"https:\/\/www.youtube.com\/embed\/5cm6hvpOV0c?feature=oembed\" frameborder=\"0\" allow=\"accelerometer; autoplay; clipboard-write; encrypted-media; gyroscope; picture-in-picture; web-share\" referrerpolicy=\"strict-origin-when-cross-origin\" allowfullscreen src=\"data:image\/svg+xml;base64,PHN2ZyB3aWR0aD0iMSIgaGVpZ2h0PSIxIiB4bWxucz0iaHR0cDovL3d3dy53My5vcmcvMjAwMC9zdmciPjwvc3ZnPg==\" class=\"lazyload\" data-load-mode=\"1\"><\/iframe><\/p>\n","protected":false},"excerpt":{"rendered":"<p data-start=\"3738\" data-end=\"4113\">Belzona 5721 est un rev\u00eatement bicomposant sp\u00e9cialement d\u00e9velopp\u00e9 pour la <strong data-start=\"3812\" data-end=\"3868\">protection des bords d\u2019attaque des pales d\u2019\u00e9oliennes<\/strong>. Dans le secteur \u00e9olien, la d\u00e9gradation des bords d\u2019attaque due \u00e0 l\u2019\u00e9rosion, aux intemp\u00e9ries et aux agressions environnementales constitue un facteur majeur de perte de performance. Ce syst\u00e8me offre une protection durable contre ces ph\u00e9nom\u00e8nes.<\/p>\n<p data-start=\"4115\" data-end=\"4402\">Le produit a \u00e9t\u00e9 con\u00e7u pour r\u00e9duire les temps d\u2019arr\u00eat gr\u00e2ce \u00e0 une <strong data-start=\"4181\" data-end=\"4214\">application simple au pinceau<\/strong> et \u00e0 un <strong data-start=\"4223\" data-end=\"4259\">durcissement \u00e0 basse temp\u00e9rature<\/strong>. Sa mise en \u0153uvre rapide permet de raccourcir les op\u00e9rations de maintenance et de remettre les \u00e9oliennes en service dans des d\u00e9lais optimis\u00e9s.<\/p>\n<p data-start=\"4404\" data-end=\"4731\">Belzona 5721 durcit \u00e0 froid, ce qui garantit une utilisation s\u00fbre sans n\u00e9cessit\u00e9 de chauffage ou de traitement thermique. Aucun outillage sp\u00e9cialis\u00e9 n\u2019est requis. Comme de nombreux produits Belzona, il est <strong data-start=\"4610\" data-end=\"4626\">sans solvant<\/strong>, ce qui permet une application en atelier ferm\u00e9 ou sur site, dans des conditions de s\u00e9curit\u00e9 ma\u00eetris\u00e9es.<\/p>\n<table width=\"667\">\n<tbody>\n<tr>\n<td>Temp\u00e9rature<\/td>\n<td><strong>5\u00b0C<\/strong><\/td>\n<td><strong>10\u00b0C<\/strong><\/td>\n<td><strong>20\u00b0C<\/strong><\/td>\n<td><strong>30\u00b0C<\/strong><\/td>\n<td><strong>40\u00b0C<\/strong><\/td>\n<\/tr>\n<tr>\n<td>Temps de recouvrement<\/td>\n<td><\/td>\n<td><\/td>\n<td>45 min.<\/td>\n<td><\/td>\n<td><\/td>\n<\/tr>\n<tr>\n<td>Temps de s\u00e9chage pour une charge l\u00e9g\u00e8re<\/td>\n<td>3 heure<\/td>\n<td>3 heure<\/td>\n<td>2,5 heure<\/td>\n<td>2,5 heure<\/td>\n<td>2 heure<\/td>\n<\/tr>\n<tr>\n<td>Temps de s\u00e9chage avant mise en service<\/td>\n<td>6 heure<\/td>\n<td>6 heure<\/td>\n<td>5 heure<\/td>\n<td>5 heure<\/td>\n<td>4 heure<\/td>\n<\/tr>\n<\/tbody>\n<\/table>\n<p>&nbsp;<\/p>\n","protected":false},"featured_media":500,"template":"","meta":{"_acf_changed":false,"content-type":"","editor_notices":[]},"product_brand":[],"product_cat":[28],"product_tag":[],"class_list":{"0":"post-499","1":"product","2":"type-product","3":"status-publish","4":"has-post-thumbnail","6":"product_cat-5000-serie-revetements-de-protection","8":"first","9":"instock","10":"taxable","11":"shipping-taxable","12":"product-type-simple"},"acf":[],"yoast_head":"<!-- This site is optimized with the Yoast SEO plugin v27.3 - https:\/\/yoast.com\/product\/yoast-seo-wordpress\/ -->\n<title>Belzona 5721 : protection des bords d\u2019attaque | Perspect BE<\/title>\n<meta name=\"description\" content=\"Belzona 5721 est un rev\u00eatement bicomposant pour la protection des bords d\u2019attaque de pales d\u2019\u00e9oliennes contre l\u2019\u00e9rosion et les intemp\u00e9ries.\" \/>\n<meta name=\"robots\" content=\"index, follow, max-snippet:-1, max-image-preview:large, max-video-preview:-1\" \/>\n<link rel=\"canonical\" href=\"https:\/\/www.belzona.be\/fr\/product\/5000-serie-revetements-de-protection\/belzona-5721-leading-edge-protection\/\" \/>\n<meta property=\"og:locale\" content=\"fr_FR\" \/>\n<meta property=\"og:type\" content=\"article\" \/>\n<meta property=\"og:title\" content=\"Belzona 5721 : protection des bords d\u2019attaque | Perspect BE\" \/>\n<meta property=\"og:description\" content=\"Belzona 5721 est un rev\u00eatement bicomposant pour la protection des bords d\u2019attaque de pales d\u2019\u00e9oliennes contre l\u2019\u00e9rosion et les intemp\u00e9ries.\" \/>\n<meta property=\"og:url\" content=\"https:\/\/www.belzona.be\/fr\/product\/5000-serie-revetements-de-protection\/belzona-5721-leading-edge-protection\/\" \/>\n<meta property=\"og:site_name\" content=\"Belzona Perspect Belgique FR\" \/>\n<meta property=\"article:modified_time\" content=\"2025-12-18T08:49:10+00:00\" \/>\n<meta property=\"og:image\" content=\"https:\/\/www.belzona.be\/fr\/wp-content\/uploads\/sites\/4\/2022\/12\/Belzona-5721.jpg\" \/>\n\t<meta property=\"og:image:width\" content=\"800\" \/>\n\t<meta property=\"og:image:height\" content=\"516\" \/>\n\t<meta property=\"og:image:type\" content=\"image\/jpeg\" \/>\n<meta name=\"twitter:card\" content=\"summary_large_image\" \/>\n<meta name=\"twitter:label1\" content=\"Dur\u00e9e de lecture est.\" \/>\n\t<meta name=\"twitter:data1\" content=\"1 minute\" \/>\n<script type=\"application\/ld+json\" class=\"yoast-schema-graph\">{\"@context\":\"https:\\\/\\\/schema.org\",\"@graph\":[{\"@type\":\"WebPage\",\"@id\":\"https:\\\/\\\/www.belzona.be\\\/fr\\\/product\\\/5000-serie-revetements-de-protection\\\/belzona-5721-leading-edge-protection\\\/\",\"url\":\"https:\\\/\\\/www.belzona.be\\\/fr\\\/product\\\/5000-serie-revetements-de-protection\\\/belzona-5721-leading-edge-protection\\\/\",\"name\":\"Belzona 5721 : protection des bords d\u2019attaque | Perspect BE\",\"isPartOf\":{\"@id\":\"https:\\\/\\\/www.belzona.be\\\/fr\\\/#website\"},\"primaryImageOfPage\":{\"@id\":\"https:\\\/\\\/www.belzona.be\\\/fr\\\/product\\\/5000-serie-revetements-de-protection\\\/belzona-5721-leading-edge-protection\\\/#primaryimage\"},\"image\":{\"@id\":\"https:\\\/\\\/www.belzona.be\\\/fr\\\/product\\\/5000-serie-revetements-de-protection\\\/belzona-5721-leading-edge-protection\\\/#primaryimage\"},\"thumbnailUrl\":\"https:\\\/\\\/www.belzona.be\\\/fr\\\/wp-content\\\/uploads\\\/sites\\\/4\\\/2022\\\/12\\\/Belzona-5721.jpg\",\"datePublished\":\"2022-12-21T08:54:04+00:00\",\"dateModified\":\"2025-12-18T08:49:10+00:00\",\"description\":\"Belzona 5721 est un rev\u00eatement bicomposant pour la protection des bords d\u2019attaque de pales d\u2019\u00e9oliennes contre l\u2019\u00e9rosion et les intemp\u00e9ries.\",\"breadcrumb\":{\"@id\":\"https:\\\/\\\/www.belzona.be\\\/fr\\\/product\\\/5000-serie-revetements-de-protection\\\/belzona-5721-leading-edge-protection\\\/#breadcrumb\"},\"inLanguage\":\"fr-BE\",\"potentialAction\":[{\"@type\":\"ReadAction\",\"target\":[\"https:\\\/\\\/www.belzona.be\\\/fr\\\/product\\\/5000-serie-revetements-de-protection\\\/belzona-5721-leading-edge-protection\\\/\"]}]},{\"@type\":\"ImageObject\",\"inLanguage\":\"fr-BE\",\"@id\":\"https:\\\/\\\/www.belzona.be\\\/fr\\\/product\\\/5000-serie-revetements-de-protection\\\/belzona-5721-leading-edge-protection\\\/#primaryimage\",\"url\":\"https:\\\/\\\/www.belzona.be\\\/fr\\\/wp-content\\\/uploads\\\/sites\\\/4\\\/2022\\\/12\\\/Belzona-5721.jpg\",\"contentUrl\":\"https:\\\/\\\/www.belzona.be\\\/fr\\\/wp-content\\\/uploads\\\/sites\\\/4\\\/2022\\\/12\\\/Belzona-5721.jpg\",\"width\":800,\"height\":516},{\"@type\":\"BreadcrumbList\",\"@id\":\"https:\\\/\\\/www.belzona.be\\\/fr\\\/product\\\/5000-serie-revetements-de-protection\\\/belzona-5721-leading-edge-protection\\\/#breadcrumb\",\"itemListElement\":[{\"@type\":\"ListItem\",\"position\":1,\"name\":\"Accueil\",\"item\":\"https:\\\/\\\/www.belzona.be\\\/fr\\\/\"},{\"@type\":\"ListItem\",\"position\":2,\"name\":\"Produits\",\"item\":\"https:\\\/\\\/www.belzona.be\\\/fr\\\/produits\\\/\"},{\"@type\":\"ListItem\",\"position\":3,\"name\":\"Belzona 5721 \u2013 Protection des bords d\u2019attaque\"}]},{\"@type\":\"WebSite\",\"@id\":\"https:\\\/\\\/www.belzona.be\\\/fr\\\/#website\",\"url\":\"https:\\\/\\\/www.belzona.be\\\/fr\\\/\",\"name\":\"Belzona Perspect Belgique FR\",\"description\":\"Belzona : r\u00e9paration, protection et am\u00e9lioration des surfaces. Belzona pr\u00e9vient et r\u00e9pare l&#039;\u00e9rosion, la corrosion, l&#039;abrasion, ainsi que les d\u00e9gradations chimiques et m\u00e9caniques.\",\"potentialAction\":[{\"@type\":\"SearchAction\",\"target\":{\"@type\":\"EntryPoint\",\"urlTemplate\":\"https:\\\/\\\/www.belzona.be\\\/fr\\\/?s={search_term_string}\"},\"query-input\":{\"@type\":\"PropertyValueSpecification\",\"valueRequired\":true,\"valueName\":\"search_term_string\"}}],\"inLanguage\":\"fr-BE\"}]}<\/script>\n<!-- \/ Yoast SEO plugin. -->","yoast_head_json":{"title":"Belzona 5721 : protection des bords d\u2019attaque | Perspect BE","description":"Belzona 5721 est un rev\u00eatement bicomposant pour la protection des bords d\u2019attaque de pales d\u2019\u00e9oliennes contre l\u2019\u00e9rosion et les intemp\u00e9ries.","robots":{"index":"index","follow":"follow","max-snippet":"max-snippet:-1","max-image-preview":"max-image-preview:large","max-video-preview":"max-video-preview:-1"},"canonical":"https:\/\/www.belzona.be\/fr\/product\/5000-serie-revetements-de-protection\/belzona-5721-leading-edge-protection\/","og_locale":"fr_FR","og_type":"article","og_title":"Belzona 5721 : protection des bords d\u2019attaque | Perspect BE","og_description":"Belzona 5721 est un rev\u00eatement bicomposant pour la protection des bords d\u2019attaque de pales d\u2019\u00e9oliennes contre l\u2019\u00e9rosion et les intemp\u00e9ries.","og_url":"https:\/\/www.belzona.be\/fr\/product\/5000-serie-revetements-de-protection\/belzona-5721-leading-edge-protection\/","og_site_name":"Belzona Perspect Belgique FR","article_modified_time":"2025-12-18T08:49:10+00:00","og_image":[{"width":800,"height":516,"url":"https:\/\/www.belzona.be\/fr\/wp-content\/uploads\/sites\/4\/2022\/12\/Belzona-5721.jpg","type":"image\/jpeg"}],"twitter_card":"summary_large_image","twitter_misc":{"Dur\u00e9e de lecture est.":"1 minute"},"schema":{"@context":"https:\/\/schema.org","@graph":[{"@type":"WebPage","@id":"https:\/\/www.belzona.be\/fr\/product\/5000-serie-revetements-de-protection\/belzona-5721-leading-edge-protection\/","url":"https:\/\/www.belzona.be\/fr\/product\/5000-serie-revetements-de-protection\/belzona-5721-leading-edge-protection\/","name":"Belzona 5721 : protection des bords d\u2019attaque | Perspect BE","isPartOf":{"@id":"https:\/\/www.belzona.be\/fr\/#website"},"primaryImageOfPage":{"@id":"https:\/\/www.belzona.be\/fr\/product\/5000-serie-revetements-de-protection\/belzona-5721-leading-edge-protection\/#primaryimage"},"image":{"@id":"https:\/\/www.belzona.be\/fr\/product\/5000-serie-revetements-de-protection\/belzona-5721-leading-edge-protection\/#primaryimage"},"thumbnailUrl":"https:\/\/www.belzona.be\/fr\/wp-content\/uploads\/sites\/4\/2022\/12\/Belzona-5721.jpg","datePublished":"2022-12-21T08:54:04+00:00","dateModified":"2025-12-18T08:49:10+00:00","description":"Belzona 5721 est un rev\u00eatement bicomposant pour la protection des bords d\u2019attaque de pales d\u2019\u00e9oliennes contre l\u2019\u00e9rosion et les intemp\u00e9ries.","breadcrumb":{"@id":"https:\/\/www.belzona.be\/fr\/product\/5000-serie-revetements-de-protection\/belzona-5721-leading-edge-protection\/#breadcrumb"},"inLanguage":"fr-BE","potentialAction":[{"@type":"ReadAction","target":["https:\/\/www.belzona.be\/fr\/product\/5000-serie-revetements-de-protection\/belzona-5721-leading-edge-protection\/"]}]},{"@type":"ImageObject","inLanguage":"fr-BE","@id":"https:\/\/www.belzona.be\/fr\/product\/5000-serie-revetements-de-protection\/belzona-5721-leading-edge-protection\/#primaryimage","url":"https:\/\/www.belzona.be\/fr\/wp-content\/uploads\/sites\/4\/2022\/12\/Belzona-5721.jpg","contentUrl":"https:\/\/www.belzona.be\/fr\/wp-content\/uploads\/sites\/4\/2022\/12\/Belzona-5721.jpg","width":800,"height":516},{"@type":"BreadcrumbList","@id":"https:\/\/www.belzona.be\/fr\/product\/5000-serie-revetements-de-protection\/belzona-5721-leading-edge-protection\/#breadcrumb","itemListElement":[{"@type":"ListItem","position":1,"name":"Accueil","item":"https:\/\/www.belzona.be\/fr\/"},{"@type":"ListItem","position":2,"name":"Produits","item":"https:\/\/www.belzona.be\/fr\/produits\/"},{"@type":"ListItem","position":3,"name":"Belzona 5721 \u2013 Protection des bords d\u2019attaque"}]},{"@type":"WebSite","@id":"https:\/\/www.belzona.be\/fr\/#website","url":"https:\/\/www.belzona.be\/fr\/","name":"Belzona Perspect Belgique FR","description":"Belzona : r\u00e9paration, protection et am\u00e9lioration des surfaces. Belzona pr\u00e9vient et r\u00e9pare l&#039;\u00e9rosion, la corrosion, l&#039;abrasion, ainsi que les d\u00e9gradations chimiques et m\u00e9caniques.","potentialAction":[{"@type":"SearchAction","target":{"@type":"EntryPoint","urlTemplate":"https:\/\/www.belzona.be\/fr\/?s={search_term_string}"},"query-input":{"@type":"PropertyValueSpecification","valueRequired":true,"valueName":"search_term_string"}}],"inLanguage":"fr-BE"}]}},"_links":{"self":[{"href":"https:\/\/www.belzona.be\/fr\/wp-json\/wp\/v2\/product\/499","targetHints":{"allow":["GET"]}}],"collection":[{"href":"https:\/\/www.belzona.be\/fr\/wp-json\/wp\/v2\/product"}],"about":[{"href":"https:\/\/www.belzona.be\/fr\/wp-json\/wp\/v2\/types\/product"}],"wp:featuredmedia":[{"embeddable":true,"href":"https:\/\/www.belzona.be\/fr\/wp-json\/wp\/v2\/media\/500"}],"wp:attachment":[{"href":"https:\/\/www.belzona.be\/fr\/wp-json\/wp\/v2\/media?parent=499"}],"wp:term":[{"taxonomy":"product_brand","embeddable":true,"href":"https:\/\/www.belzona.be\/fr\/wp-json\/wp\/v2\/product_brand?post=499"},{"taxonomy":"product_cat","embeddable":true,"href":"https:\/\/www.belzona.be\/fr\/wp-json\/wp\/v2\/product_cat?post=499"},{"taxonomy":"product_tag","embeddable":true,"href":"https:\/\/www.belzona.be\/fr\/wp-json\/wp\/v2\/product_tag?post=499"}],"curies":[{"name":"wp","href":"https:\/\/api.w.org\/{rel}","templated":true}]}}