{"id":497,"date":"2022-12-21T10:50:37","date_gmt":"2022-12-21T08:50:37","guid":{"rendered":"https:\/\/www.belzona.nl\/?post_type=product&#038;p=497"},"modified":"2025-12-18T09:49:14","modified_gmt":"2025-12-18T08:49:14","slug":"belzona-5233-oplosmiddelvrije-vloercoating","status":"publish","type":"product","link":"https:\/\/www.belzona.be\/fr\/product\/5000-serie-revetements-de-protection\/belzona-5233-oplosmiddelvrije-vloercoating\/","title":{"rendered":"Belzona 5233 \u2013 Rev\u00eatement de sol sans solvant \u00e0 base d\u2019eau"},"content":{"rendered":"<p><iframe title=\"Belzona 5233 Applicatie\" width=\"980\" height=\"551\" data-src=\"https:\/\/www.youtube.com\/embed\/9vusvFZe2Wo?feature=oembed\" frameborder=\"0\" allow=\"accelerometer; autoplay; clipboard-write; encrypted-media; gyroscope; picture-in-picture; web-share\" referrerpolicy=\"strict-origin-when-cross-origin\" allowfullscreen src=\"data:image\/svg+xml;base64,PHN2ZyB3aWR0aD0iMSIgaGVpZ2h0PSIxIiB4bWxucz0iaHR0cDovL3d3dy53My5vcmcvMjAwMC9zdmciPjwvc3ZnPg==\" class=\"lazyload\" data-load-mode=\"1\"><\/iframe><\/p>\n","protected":false},"excerpt":{"rendered":"<p>Belzona 5233 est un rev\u00eatement de sol \u00e0 base d\u2019eau, sans solvant, con\u00e7u pour offrir une excellente r\u00e9sistance \u00e0 l\u2019usure. Ce rev\u00eatement polyvalent peut \u00eatre utilis\u00e9 comme primaire ou comme rev\u00eatement de finition, et s\u2019applique seul ou en combinaison avec les solutions antid\u00e9rapantes Belzona telles que 5231 SG Laminate et 9232 Aggregate. Belzona 5233 offre une durabilit\u00e9 \u00e9lev\u00e9e et une excellente r\u00e9sistance m\u00e9canique.<\/p>\n<p>Sa r\u00e9sistance aux UV lui permet d\u2019\u00eatre utilis\u00e9 \u00e9galement en ext\u00e9rieur. Le rev\u00eatement r\u00e9sistant aux rayures est adapt\u00e9 aux zones \u00e0 fort trafic pi\u00e9tonnier et roulant. Belzona 5233 forme un rev\u00eatement monolithique, sans joints, r\u00e9sistant \u00e0 l&rsquo;abrasion et d\u00e9coratif.<\/p>\n<p>Les applications de Belzona 5233 en combinaison avec Belzona 5231 SG Laminate et Belzona 9232 Aggregate comprennent:<\/p>\n<ul>\n<li>La protection des sols industriels et commerciaux soumis \u00e0 un trafic intense, y compris les zones circul\u00e9es par chariots \u00e9l\u00e9vateurs.<\/li>\n<li>En association avec Belzona 5231 SG Laminate ou Belzona 9232 Aggregate, Belzona 5233 permet d\u2019obtenir une surface antid\u00e9rapante durable pour couloirs, escaliers, ascenseurs et zones \u00e0 forte circulation.<\/li>\n<li>Rev\u00eatement monolithique, d\u00e9coratif et r\u00e9sistant \u00e0 l\u2019usure pour centres commerciaux, restaurants, bureaux, \u00e9coles, universit\u00e9s, etc.<\/li>\n<\/ul>\n<p>&nbsp;<\/p>\n","protected":false},"featured_media":1822,"template":"","meta":{"_acf_changed":false,"content-type":"","editor_notices":[]},"product_brand":[],"product_cat":[28],"product_tag":[],"class_list":{"0":"post-497","1":"product","2":"type-product","3":"status-publish","4":"has-post-thumbnail","6":"product_cat-5000-serie-revetements-de-protection","8":"first","9":"instock","10":"taxable","11":"shipping-taxable","12":"product-type-simple"},"acf":[],"yoast_head":"<!-- This site is optimized with the Yoast SEO plugin v27.3 - https:\/\/yoast.com\/product\/yoast-seo-wordpress\/ -->\n<title>Belzona 5233 : rev\u00eatement sol sans solvant durable | Perspect BE<\/title>\n<meta name=\"description\" content=\"Belzona 5233 est un rev\u00eatement sol sans solvant \u00e0 base d\u2019eau et antid\u00e9rapant, con\u00e7u pour les zones \u00e0 fort trafic. D\u00e9couvrez nos solutions professionnelles.\" \/>\n<meta name=\"robots\" content=\"index, follow, max-snippet:-1, max-image-preview:large, max-video-preview:-1\" \/>\n<link rel=\"canonical\" href=\"https:\/\/www.belzona.be\/fr\/product\/5000-serie-revetements-de-protection\/belzona-5233-oplosmiddelvrije-vloercoating\/\" \/>\n<meta property=\"og:locale\" content=\"fr_FR\" \/>\n<meta property=\"og:type\" content=\"article\" \/>\n<meta property=\"og:title\" content=\"Belzona 5233 : rev\u00eatement sol sans solvant durable | Perspect BE\" \/>\n<meta property=\"og:description\" content=\"Belzona 5233 est un rev\u00eatement sol sans solvant \u00e0 base d\u2019eau et antid\u00e9rapant, con\u00e7u pour les zones \u00e0 fort trafic. D\u00e9couvrez nos solutions professionnelles.\" \/>\n<meta property=\"og:url\" content=\"https:\/\/www.belzona.be\/fr\/product\/5000-serie-revetements-de-protection\/belzona-5233-oplosmiddelvrije-vloercoating\/\" \/>\n<meta property=\"og:site_name\" content=\"Belzona Perspect Belgique FR\" \/>\n<meta property=\"article:modified_time\" content=\"2025-12-18T08:49:14+00:00\" \/>\n<meta property=\"og:image\" content=\"https:\/\/www.belzona.be\/fr\/wp-content\/uploads\/sites\/4\/2022\/12\/Belzona-5233.webp\" \/>\n\t<meta property=\"og:image:width\" content=\"1086\" \/>\n\t<meta property=\"og:image:height\" content=\"623\" \/>\n\t<meta property=\"og:image:type\" content=\"image\/webp\" \/>\n<meta name=\"twitter:card\" content=\"summary_large_image\" \/>\n<meta name=\"twitter:label1\" content=\"Dur\u00e9e de lecture est.\" \/>\n\t<meta name=\"twitter:data1\" content=\"1 minute\" \/>\n<script type=\"application\/ld+json\" class=\"yoast-schema-graph\">{\"@context\":\"https:\\\/\\\/schema.org\",\"@graph\":[{\"@type\":\"WebPage\",\"@id\":\"https:\\\/\\\/www.belzona.be\\\/fr\\\/product\\\/5000-serie-revetements-de-protection\\\/belzona-5233-oplosmiddelvrije-vloercoating\\\/\",\"url\":\"https:\\\/\\\/www.belzona.be\\\/fr\\\/product\\\/5000-serie-revetements-de-protection\\\/belzona-5233-oplosmiddelvrije-vloercoating\\\/\",\"name\":\"Belzona 5233 : rev\u00eatement sol sans solvant durable | Perspect BE\",\"isPartOf\":{\"@id\":\"https:\\\/\\\/www.belzona.be\\\/fr\\\/#website\"},\"primaryImageOfPage\":{\"@id\":\"https:\\\/\\\/www.belzona.be\\\/fr\\\/product\\\/5000-serie-revetements-de-protection\\\/belzona-5233-oplosmiddelvrije-vloercoating\\\/#primaryimage\"},\"image\":{\"@id\":\"https:\\\/\\\/www.belzona.be\\\/fr\\\/product\\\/5000-serie-revetements-de-protection\\\/belzona-5233-oplosmiddelvrije-vloercoating\\\/#primaryimage\"},\"thumbnailUrl\":\"https:\\\/\\\/www.belzona.be\\\/fr\\\/wp-content\\\/uploads\\\/sites\\\/4\\\/2022\\\/12\\\/Belzona-5233.webp\",\"datePublished\":\"2022-12-21T08:50:37+00:00\",\"dateModified\":\"2025-12-18T08:49:14+00:00\",\"description\":\"Belzona 5233 est un rev\u00eatement sol sans solvant \u00e0 base d\u2019eau et antid\u00e9rapant, con\u00e7u pour les zones \u00e0 fort trafic. D\u00e9couvrez nos solutions professionnelles.\",\"breadcrumb\":{\"@id\":\"https:\\\/\\\/www.belzona.be\\\/fr\\\/product\\\/5000-serie-revetements-de-protection\\\/belzona-5233-oplosmiddelvrije-vloercoating\\\/#breadcrumb\"},\"inLanguage\":\"fr-BE\",\"potentialAction\":[{\"@type\":\"ReadAction\",\"target\":[\"https:\\\/\\\/www.belzona.be\\\/fr\\\/product\\\/5000-serie-revetements-de-protection\\\/belzona-5233-oplosmiddelvrije-vloercoating\\\/\"]}]},{\"@type\":\"ImageObject\",\"inLanguage\":\"fr-BE\",\"@id\":\"https:\\\/\\\/www.belzona.be\\\/fr\\\/product\\\/5000-serie-revetements-de-protection\\\/belzona-5233-oplosmiddelvrije-vloercoating\\\/#primaryimage\",\"url\":\"https:\\\/\\\/www.belzona.be\\\/fr\\\/wp-content\\\/uploads\\\/sites\\\/4\\\/2022\\\/12\\\/Belzona-5233.webp\",\"contentUrl\":\"https:\\\/\\\/www.belzona.be\\\/fr\\\/wp-content\\\/uploads\\\/sites\\\/4\\\/2022\\\/12\\\/Belzona-5233.webp\",\"width\":1086,\"height\":623},{\"@type\":\"BreadcrumbList\",\"@id\":\"https:\\\/\\\/www.belzona.be\\\/fr\\\/product\\\/5000-serie-revetements-de-protection\\\/belzona-5233-oplosmiddelvrije-vloercoating\\\/#breadcrumb\",\"itemListElement\":[{\"@type\":\"ListItem\",\"position\":1,\"name\":\"Accueil\",\"item\":\"https:\\\/\\\/www.belzona.be\\\/fr\\\/\"},{\"@type\":\"ListItem\",\"position\":2,\"name\":\"Produits\",\"item\":\"https:\\\/\\\/www.belzona.be\\\/fr\\\/produits\\\/\"},{\"@type\":\"ListItem\",\"position\":3,\"name\":\"Belzona 5233 \u2013 Rev\u00eatement de sol sans solvant \u00e0 base d\u2019eau\"}]},{\"@type\":\"WebSite\",\"@id\":\"https:\\\/\\\/www.belzona.be\\\/fr\\\/#website\",\"url\":\"https:\\\/\\\/www.belzona.be\\\/fr\\\/\",\"name\":\"Belzona Perspect Belgique FR\",\"description\":\"Belzona : r\u00e9paration, protection et am\u00e9lioration des surfaces. Belzona pr\u00e9vient et r\u00e9pare l&#039;\u00e9rosion, la corrosion, l&#039;abrasion, ainsi que les d\u00e9gradations chimiques et m\u00e9caniques.\",\"potentialAction\":[{\"@type\":\"SearchAction\",\"target\":{\"@type\":\"EntryPoint\",\"urlTemplate\":\"https:\\\/\\\/www.belzona.be\\\/fr\\\/?s={search_term_string}\"},\"query-input\":{\"@type\":\"PropertyValueSpecification\",\"valueRequired\":true,\"valueName\":\"search_term_string\"}}],\"inLanguage\":\"fr-BE\"}]}<\/script>\n<!-- \/ Yoast SEO plugin. -->","yoast_head_json":{"title":"Belzona 5233 : rev\u00eatement sol sans solvant durable | Perspect BE","description":"Belzona 5233 est un rev\u00eatement sol sans solvant \u00e0 base d\u2019eau et antid\u00e9rapant, con\u00e7u pour les zones \u00e0 fort trafic. D\u00e9couvrez nos solutions professionnelles.","robots":{"index":"index","follow":"follow","max-snippet":"max-snippet:-1","max-image-preview":"max-image-preview:large","max-video-preview":"max-video-preview:-1"},"canonical":"https:\/\/www.belzona.be\/fr\/product\/5000-serie-revetements-de-protection\/belzona-5233-oplosmiddelvrije-vloercoating\/","og_locale":"fr_FR","og_type":"article","og_title":"Belzona 5233 : rev\u00eatement sol sans solvant durable | Perspect BE","og_description":"Belzona 5233 est un rev\u00eatement sol sans solvant \u00e0 base d\u2019eau et antid\u00e9rapant, con\u00e7u pour les zones \u00e0 fort trafic. D\u00e9couvrez nos solutions professionnelles.","og_url":"https:\/\/www.belzona.be\/fr\/product\/5000-serie-revetements-de-protection\/belzona-5233-oplosmiddelvrije-vloercoating\/","og_site_name":"Belzona Perspect Belgique FR","article_modified_time":"2025-12-18T08:49:14+00:00","og_image":[{"width":1086,"height":623,"url":"https:\/\/www.belzona.be\/fr\/wp-content\/uploads\/sites\/4\/2022\/12\/Belzona-5233.webp","type":"image\/webp"}],"twitter_card":"summary_large_image","twitter_misc":{"Dur\u00e9e de lecture est.":"1 minute"},"schema":{"@context":"https:\/\/schema.org","@graph":[{"@type":"WebPage","@id":"https:\/\/www.belzona.be\/fr\/product\/5000-serie-revetements-de-protection\/belzona-5233-oplosmiddelvrije-vloercoating\/","url":"https:\/\/www.belzona.be\/fr\/product\/5000-serie-revetements-de-protection\/belzona-5233-oplosmiddelvrije-vloercoating\/","name":"Belzona 5233 : rev\u00eatement sol sans solvant durable | Perspect BE","isPartOf":{"@id":"https:\/\/www.belzona.be\/fr\/#website"},"primaryImageOfPage":{"@id":"https:\/\/www.belzona.be\/fr\/product\/5000-serie-revetements-de-protection\/belzona-5233-oplosmiddelvrije-vloercoating\/#primaryimage"},"image":{"@id":"https:\/\/www.belzona.be\/fr\/product\/5000-serie-revetements-de-protection\/belzona-5233-oplosmiddelvrije-vloercoating\/#primaryimage"},"thumbnailUrl":"https:\/\/www.belzona.be\/fr\/wp-content\/uploads\/sites\/4\/2022\/12\/Belzona-5233.webp","datePublished":"2022-12-21T08:50:37+00:00","dateModified":"2025-12-18T08:49:14+00:00","description":"Belzona 5233 est un rev\u00eatement sol sans solvant \u00e0 base d\u2019eau et antid\u00e9rapant, con\u00e7u pour les zones \u00e0 fort trafic. D\u00e9couvrez nos solutions professionnelles.","breadcrumb":{"@id":"https:\/\/www.belzona.be\/fr\/product\/5000-serie-revetements-de-protection\/belzona-5233-oplosmiddelvrije-vloercoating\/#breadcrumb"},"inLanguage":"fr-BE","potentialAction":[{"@type":"ReadAction","target":["https:\/\/www.belzona.be\/fr\/product\/5000-serie-revetements-de-protection\/belzona-5233-oplosmiddelvrije-vloercoating\/"]}]},{"@type":"ImageObject","inLanguage":"fr-BE","@id":"https:\/\/www.belzona.be\/fr\/product\/5000-serie-revetements-de-protection\/belzona-5233-oplosmiddelvrije-vloercoating\/#primaryimage","url":"https:\/\/www.belzona.be\/fr\/wp-content\/uploads\/sites\/4\/2022\/12\/Belzona-5233.webp","contentUrl":"https:\/\/www.belzona.be\/fr\/wp-content\/uploads\/sites\/4\/2022\/12\/Belzona-5233.webp","width":1086,"height":623},{"@type":"BreadcrumbList","@id":"https:\/\/www.belzona.be\/fr\/product\/5000-serie-revetements-de-protection\/belzona-5233-oplosmiddelvrije-vloercoating\/#breadcrumb","itemListElement":[{"@type":"ListItem","position":1,"name":"Accueil","item":"https:\/\/www.belzona.be\/fr\/"},{"@type":"ListItem","position":2,"name":"Produits","item":"https:\/\/www.belzona.be\/fr\/produits\/"},{"@type":"ListItem","position":3,"name":"Belzona 5233 \u2013 Rev\u00eatement de sol sans solvant \u00e0 base d\u2019eau"}]},{"@type":"WebSite","@id":"https:\/\/www.belzona.be\/fr\/#website","url":"https:\/\/www.belzona.be\/fr\/","name":"Belzona Perspect Belgique FR","description":"Belzona : r\u00e9paration, protection et am\u00e9lioration des surfaces. Belzona pr\u00e9vient et r\u00e9pare l&#039;\u00e9rosion, la corrosion, l&#039;abrasion, ainsi que les d\u00e9gradations chimiques et m\u00e9caniques.","potentialAction":[{"@type":"SearchAction","target":{"@type":"EntryPoint","urlTemplate":"https:\/\/www.belzona.be\/fr\/?s={search_term_string}"},"query-input":{"@type":"PropertyValueSpecification","valueRequired":true,"valueName":"search_term_string"}}],"inLanguage":"fr-BE"}]}},"_links":{"self":[{"href":"https:\/\/www.belzona.be\/fr\/wp-json\/wp\/v2\/product\/497","targetHints":{"allow":["GET"]}}],"collection":[{"href":"https:\/\/www.belzona.be\/fr\/wp-json\/wp\/v2\/product"}],"about":[{"href":"https:\/\/www.belzona.be\/fr\/wp-json\/wp\/v2\/types\/product"}],"wp:featuredmedia":[{"embeddable":true,"href":"https:\/\/www.belzona.be\/fr\/wp-json\/wp\/v2\/media\/1822"}],"wp:attachment":[{"href":"https:\/\/www.belzona.be\/fr\/wp-json\/wp\/v2\/media?parent=497"}],"wp:term":[{"taxonomy":"product_brand","embeddable":true,"href":"https:\/\/www.belzona.be\/fr\/wp-json\/wp\/v2\/product_brand?post=497"},{"taxonomy":"product_cat","embeddable":true,"href":"https:\/\/www.belzona.be\/fr\/wp-json\/wp\/v2\/product_cat?post=497"},{"taxonomy":"product_tag","embeddable":true,"href":"https:\/\/www.belzona.be\/fr\/wp-json\/wp\/v2\/product_tag?post=497"}],"curies":[{"name":"wp","href":"https:\/\/api.w.org\/{rel}","templated":true}]}}