{"id":491,"date":"2022-12-21T10:23:57","date_gmt":"2022-12-21T08:23:57","guid":{"rendered":"https:\/\/www.belzona.nl\/?post_type=product&#038;p=491"},"modified":"2025-12-05T08:39:50","modified_gmt":"2025-12-05T07:39:50","slug":"belzona-5122-clear-cladding-concentrate-steen-en-betoncoating","status":"publish","type":"product","link":"https:\/\/www.belzona.be\/fr\/product\/5000-serie-revetements-de-protection\/belzona-5122-clear-cladding-concentrate-steen-en-betoncoating\/","title":{"rendered":"Belzona 5122 Clear Cladding Concentrate \u2013 Rev\u00eatement b\u00e9ton et pierre"},"content":{"rendered":"<p><iframe title=\"Belzona 5122 (Clear Cladding) demonstration\" width=\"980\" height=\"551\" data-src=\"https:\/\/www.youtube.com\/embed\/kurpjUyzc4k?feature=oembed\" frameborder=\"0\" allow=\"accelerometer; autoplay; clipboard-write; encrypted-media; gyroscope; picture-in-picture; web-share\" referrerpolicy=\"strict-origin-when-cross-origin\" allowfullscreen src=\"data:image\/svg+xml;base64,PHN2ZyB3aWR0aD0iMSIgaGVpZ2h0PSIxIiB4bWxucz0iaHR0cDovL3d3dy53My5vcmcvMjAwMC9zdmciPjwvc3ZnPg==\" class=\"lazyload\" data-load-mode=\"1\"><\/iframe><\/p>\n","protected":false},"excerpt":{"rendered":"<p>Rev\u00eatement d\u2019imperm\u00e9abilisation pour ma\u00e7onnerie et pierre avec Belzona 5122 Clear Cladding Concentrate : durable, respirant, transparent et r\u00e9sistant \u00e0 l\u2019encrassement. Le concentr\u00e9 se dilue \u00e0 l\u2019eau et s\u2019applique au pinceau ou par pulv\u00e9risation. Belzona 5122 Clear Cladding Concentrate s\u00e8che en formant un film totalement transparent et sans alt\u00e9rer l\u2019aspect naturel du support. Ce rev\u00eatement hydrophobe r\u00e9duit la formation de moisissures gr\u00e2ce \u00e0 sa structure microporeuse, il reste perm\u00e9able \u00e0 la vapeur, permettant au support de respirer. Belzona 5122 adh\u00e8re durablement aux surfaces min\u00e9rales poreuses telles que b\u00e9ton, ma\u00e7onnerie et pierres naturelles. Belzona 5122 Clear Cladding Concentrate prot\u00e8ge le b\u00e9ton, la pierre et la brique contre les intemp\u00e9ries et limite l\u2019apparition de microfissures et de ph\u00e9nom\u00e8nes d\u2019\u00e9rosion superficielle.<\/p>\n<p>Belzona 5122 Clear Cladding Concentrate peut \u00eatre utilis\u00e9 pour :<\/p>\n<ul>\n<li>L&rsquo;imperm\u00e9abilisation pour prot\u00e9ger les structures en pierre et en b\u00e9ton.<\/li>\n<li>La protection \u00e0 long terme des statues et des monuments contre les dommages caus\u00e9s par l&rsquo;eau et l&rsquo;humidit\u00e9.<\/li>\n<li>La protection et la conservation de la pierre naturelle.<\/li>\n<\/ul>\n<p>&nbsp;<\/p>\n","protected":false},"featured_media":1823,"template":"","meta":{"_acf_changed":false,"content-type":"","editor_notices":[]},"product_brand":[],"product_cat":[28],"product_tag":[],"class_list":{"0":"post-491","1":"product","2":"type-product","3":"status-publish","4":"has-post-thumbnail","6":"product_cat-5000-serie-revetements-de-protection","8":"first","9":"instock","10":"taxable","11":"shipping-taxable","12":"product-type-simple"},"acf":[],"yoast_head":"<!-- This site is optimized with the Yoast SEO plugin v27.3 - https:\/\/yoast.com\/product\/yoast-seo-wordpress\/ -->\n<title>Belzona 5122 : rev\u00eatement b\u00e9ton transparent | Perspect BE<\/title>\n<meta name=\"description\" content=\"Belzona 5122 est un rev\u00eatement b\u00e9ton transparent, respirant et hydrophobe pour prot\u00e9ger pierre et ma\u00e7onnerie contre l\u2019humidit\u00e9. Contactez nos experts.\" \/>\n<meta name=\"robots\" content=\"index, follow, max-snippet:-1, max-image-preview:large, max-video-preview:-1\" \/>\n<link rel=\"canonical\" href=\"https:\/\/www.belzona.be\/fr\/product\/5000-serie-revetements-de-protection\/belzona-5122-clear-cladding-concentrate-steen-en-betoncoating\/\" \/>\n<meta property=\"og:locale\" content=\"fr_FR\" \/>\n<meta property=\"og:type\" content=\"article\" \/>\n<meta property=\"og:title\" content=\"Belzona 5122 : rev\u00eatement b\u00e9ton transparent | Perspect BE\" \/>\n<meta property=\"og:description\" content=\"Belzona 5122 est un rev\u00eatement b\u00e9ton transparent, respirant et hydrophobe pour prot\u00e9ger pierre et ma\u00e7onnerie contre l\u2019humidit\u00e9. Contactez nos experts.\" \/>\n<meta property=\"og:url\" content=\"https:\/\/www.belzona.be\/fr\/product\/5000-serie-revetements-de-protection\/belzona-5122-clear-cladding-concentrate-steen-en-betoncoating\/\" \/>\n<meta property=\"og:site_name\" content=\"Belzona Perspect Belgique FR\" \/>\n<meta property=\"article:modified_time\" content=\"2025-12-05T07:39:50+00:00\" \/>\n<meta property=\"og:image\" content=\"https:\/\/www.belzona.be\/fr\/wp-content\/uploads\/sites\/4\/2022\/12\/belzona5122.webp\" \/>\n\t<meta property=\"og:image:width\" content=\"1021\" \/>\n\t<meta property=\"og:image:height\" content=\"678\" \/>\n\t<meta property=\"og:image:type\" content=\"image\/webp\" \/>\n<meta name=\"twitter:card\" content=\"summary_large_image\" \/>\n<meta name=\"twitter:label1\" content=\"Dur\u00e9e de lecture est.\" \/>\n\t<meta name=\"twitter:data1\" content=\"1 minute\" \/>\n<script type=\"application\/ld+json\" class=\"yoast-schema-graph\">{\"@context\":\"https:\\\/\\\/schema.org\",\"@graph\":[{\"@type\":\"WebPage\",\"@id\":\"https:\\\/\\\/www.belzona.be\\\/fr\\\/product\\\/5000-serie-revetements-de-protection\\\/belzona-5122-clear-cladding-concentrate-steen-en-betoncoating\\\/\",\"url\":\"https:\\\/\\\/www.belzona.be\\\/fr\\\/product\\\/5000-serie-revetements-de-protection\\\/belzona-5122-clear-cladding-concentrate-steen-en-betoncoating\\\/\",\"name\":\"Belzona 5122 : rev\u00eatement b\u00e9ton transparent | Perspect BE\",\"isPartOf\":{\"@id\":\"https:\\\/\\\/www.belzona.be\\\/fr\\\/#website\"},\"primaryImageOfPage\":{\"@id\":\"https:\\\/\\\/www.belzona.be\\\/fr\\\/product\\\/5000-serie-revetements-de-protection\\\/belzona-5122-clear-cladding-concentrate-steen-en-betoncoating\\\/#primaryimage\"},\"image\":{\"@id\":\"https:\\\/\\\/www.belzona.be\\\/fr\\\/product\\\/5000-serie-revetements-de-protection\\\/belzona-5122-clear-cladding-concentrate-steen-en-betoncoating\\\/#primaryimage\"},\"thumbnailUrl\":\"https:\\\/\\\/www.belzona.be\\\/fr\\\/wp-content\\\/uploads\\\/sites\\\/4\\\/2022\\\/12\\\/belzona5122.webp\",\"datePublished\":\"2022-12-21T08:23:57+00:00\",\"dateModified\":\"2025-12-05T07:39:50+00:00\",\"description\":\"Belzona 5122 est un rev\u00eatement b\u00e9ton transparent, respirant et hydrophobe pour prot\u00e9ger pierre et ma\u00e7onnerie contre l\u2019humidit\u00e9. Contactez nos experts.\",\"breadcrumb\":{\"@id\":\"https:\\\/\\\/www.belzona.be\\\/fr\\\/product\\\/5000-serie-revetements-de-protection\\\/belzona-5122-clear-cladding-concentrate-steen-en-betoncoating\\\/#breadcrumb\"},\"inLanguage\":\"fr-BE\",\"potentialAction\":[{\"@type\":\"ReadAction\",\"target\":[\"https:\\\/\\\/www.belzona.be\\\/fr\\\/product\\\/5000-serie-revetements-de-protection\\\/belzona-5122-clear-cladding-concentrate-steen-en-betoncoating\\\/\"]}]},{\"@type\":\"ImageObject\",\"inLanguage\":\"fr-BE\",\"@id\":\"https:\\\/\\\/www.belzona.be\\\/fr\\\/product\\\/5000-serie-revetements-de-protection\\\/belzona-5122-clear-cladding-concentrate-steen-en-betoncoating\\\/#primaryimage\",\"url\":\"https:\\\/\\\/www.belzona.be\\\/fr\\\/wp-content\\\/uploads\\\/sites\\\/4\\\/2022\\\/12\\\/belzona5122.webp\",\"contentUrl\":\"https:\\\/\\\/www.belzona.be\\\/fr\\\/wp-content\\\/uploads\\\/sites\\\/4\\\/2022\\\/12\\\/belzona5122.webp\",\"width\":1021,\"height\":678},{\"@type\":\"BreadcrumbList\",\"@id\":\"https:\\\/\\\/www.belzona.be\\\/fr\\\/product\\\/5000-serie-revetements-de-protection\\\/belzona-5122-clear-cladding-concentrate-steen-en-betoncoating\\\/#breadcrumb\",\"itemListElement\":[{\"@type\":\"ListItem\",\"position\":1,\"name\":\"Accueil\",\"item\":\"https:\\\/\\\/www.belzona.be\\\/fr\\\/\"},{\"@type\":\"ListItem\",\"position\":2,\"name\":\"Produits\",\"item\":\"https:\\\/\\\/www.belzona.be\\\/fr\\\/produits\\\/\"},{\"@type\":\"ListItem\",\"position\":3,\"name\":\"Belzona 5122 Clear Cladding Concentrate \u2013 Rev\u00eatement b\u00e9ton et pierre\"}]},{\"@type\":\"WebSite\",\"@id\":\"https:\\\/\\\/www.belzona.be\\\/fr\\\/#website\",\"url\":\"https:\\\/\\\/www.belzona.be\\\/fr\\\/\",\"name\":\"Belzona Perspect Belgique FR\",\"description\":\"Belzona : r\u00e9paration, protection et am\u00e9lioration des surfaces. Belzona pr\u00e9vient et r\u00e9pare l&#039;\u00e9rosion, la corrosion, l&#039;abrasion, ainsi que les d\u00e9gradations chimiques et m\u00e9caniques.\",\"potentialAction\":[{\"@type\":\"SearchAction\",\"target\":{\"@type\":\"EntryPoint\",\"urlTemplate\":\"https:\\\/\\\/www.belzona.be\\\/fr\\\/?s={search_term_string}\"},\"query-input\":{\"@type\":\"PropertyValueSpecification\",\"valueRequired\":true,\"valueName\":\"search_term_string\"}}],\"inLanguage\":\"fr-BE\"}]}<\/script>\n<!-- \/ Yoast SEO plugin. -->","yoast_head_json":{"title":"Belzona 5122 : rev\u00eatement b\u00e9ton transparent | Perspect BE","description":"Belzona 5122 est un rev\u00eatement b\u00e9ton transparent, respirant et hydrophobe pour prot\u00e9ger pierre et ma\u00e7onnerie contre l\u2019humidit\u00e9. Contactez nos experts.","robots":{"index":"index","follow":"follow","max-snippet":"max-snippet:-1","max-image-preview":"max-image-preview:large","max-video-preview":"max-video-preview:-1"},"canonical":"https:\/\/www.belzona.be\/fr\/product\/5000-serie-revetements-de-protection\/belzona-5122-clear-cladding-concentrate-steen-en-betoncoating\/","og_locale":"fr_FR","og_type":"article","og_title":"Belzona 5122 : rev\u00eatement b\u00e9ton transparent | Perspect BE","og_description":"Belzona 5122 est un rev\u00eatement b\u00e9ton transparent, respirant et hydrophobe pour prot\u00e9ger pierre et ma\u00e7onnerie contre l\u2019humidit\u00e9. Contactez nos experts.","og_url":"https:\/\/www.belzona.be\/fr\/product\/5000-serie-revetements-de-protection\/belzona-5122-clear-cladding-concentrate-steen-en-betoncoating\/","og_site_name":"Belzona Perspect Belgique FR","article_modified_time":"2025-12-05T07:39:50+00:00","og_image":[{"width":1021,"height":678,"url":"https:\/\/www.belzona.be\/fr\/wp-content\/uploads\/sites\/4\/2022\/12\/belzona5122.webp","type":"image\/webp"}],"twitter_card":"summary_large_image","twitter_misc":{"Dur\u00e9e de lecture est.":"1 minute"},"schema":{"@context":"https:\/\/schema.org","@graph":[{"@type":"WebPage","@id":"https:\/\/www.belzona.be\/fr\/product\/5000-serie-revetements-de-protection\/belzona-5122-clear-cladding-concentrate-steen-en-betoncoating\/","url":"https:\/\/www.belzona.be\/fr\/product\/5000-serie-revetements-de-protection\/belzona-5122-clear-cladding-concentrate-steen-en-betoncoating\/","name":"Belzona 5122 : rev\u00eatement b\u00e9ton transparent | Perspect BE","isPartOf":{"@id":"https:\/\/www.belzona.be\/fr\/#website"},"primaryImageOfPage":{"@id":"https:\/\/www.belzona.be\/fr\/product\/5000-serie-revetements-de-protection\/belzona-5122-clear-cladding-concentrate-steen-en-betoncoating\/#primaryimage"},"image":{"@id":"https:\/\/www.belzona.be\/fr\/product\/5000-serie-revetements-de-protection\/belzona-5122-clear-cladding-concentrate-steen-en-betoncoating\/#primaryimage"},"thumbnailUrl":"https:\/\/www.belzona.be\/fr\/wp-content\/uploads\/sites\/4\/2022\/12\/belzona5122.webp","datePublished":"2022-12-21T08:23:57+00:00","dateModified":"2025-12-05T07:39:50+00:00","description":"Belzona 5122 est un rev\u00eatement b\u00e9ton transparent, respirant et hydrophobe pour prot\u00e9ger pierre et ma\u00e7onnerie contre l\u2019humidit\u00e9. Contactez nos experts.","breadcrumb":{"@id":"https:\/\/www.belzona.be\/fr\/product\/5000-serie-revetements-de-protection\/belzona-5122-clear-cladding-concentrate-steen-en-betoncoating\/#breadcrumb"},"inLanguage":"fr-BE","potentialAction":[{"@type":"ReadAction","target":["https:\/\/www.belzona.be\/fr\/product\/5000-serie-revetements-de-protection\/belzona-5122-clear-cladding-concentrate-steen-en-betoncoating\/"]}]},{"@type":"ImageObject","inLanguage":"fr-BE","@id":"https:\/\/www.belzona.be\/fr\/product\/5000-serie-revetements-de-protection\/belzona-5122-clear-cladding-concentrate-steen-en-betoncoating\/#primaryimage","url":"https:\/\/www.belzona.be\/fr\/wp-content\/uploads\/sites\/4\/2022\/12\/belzona5122.webp","contentUrl":"https:\/\/www.belzona.be\/fr\/wp-content\/uploads\/sites\/4\/2022\/12\/belzona5122.webp","width":1021,"height":678},{"@type":"BreadcrumbList","@id":"https:\/\/www.belzona.be\/fr\/product\/5000-serie-revetements-de-protection\/belzona-5122-clear-cladding-concentrate-steen-en-betoncoating\/#breadcrumb","itemListElement":[{"@type":"ListItem","position":1,"name":"Accueil","item":"https:\/\/www.belzona.be\/fr\/"},{"@type":"ListItem","position":2,"name":"Produits","item":"https:\/\/www.belzona.be\/fr\/produits\/"},{"@type":"ListItem","position":3,"name":"Belzona 5122 Clear Cladding Concentrate \u2013 Rev\u00eatement b\u00e9ton et pierre"}]},{"@type":"WebSite","@id":"https:\/\/www.belzona.be\/fr\/#website","url":"https:\/\/www.belzona.be\/fr\/","name":"Belzona Perspect Belgique FR","description":"Belzona : r\u00e9paration, protection et am\u00e9lioration des surfaces. Belzona pr\u00e9vient et r\u00e9pare l&#039;\u00e9rosion, la corrosion, l&#039;abrasion, ainsi que les d\u00e9gradations chimiques et m\u00e9caniques.","potentialAction":[{"@type":"SearchAction","target":{"@type":"EntryPoint","urlTemplate":"https:\/\/www.belzona.be\/fr\/?s={search_term_string}"},"query-input":{"@type":"PropertyValueSpecification","valueRequired":true,"valueName":"search_term_string"}}],"inLanguage":"fr-BE"}]}},"_links":{"self":[{"href":"https:\/\/www.belzona.be\/fr\/wp-json\/wp\/v2\/product\/491","targetHints":{"allow":["GET"]}}],"collection":[{"href":"https:\/\/www.belzona.be\/fr\/wp-json\/wp\/v2\/product"}],"about":[{"href":"https:\/\/www.belzona.be\/fr\/wp-json\/wp\/v2\/types\/product"}],"wp:featuredmedia":[{"embeddable":true,"href":"https:\/\/www.belzona.be\/fr\/wp-json\/wp\/v2\/media\/1823"}],"wp:attachment":[{"href":"https:\/\/www.belzona.be\/fr\/wp-json\/wp\/v2\/media?parent=491"}],"wp:term":[{"taxonomy":"product_brand","embeddable":true,"href":"https:\/\/www.belzona.be\/fr\/wp-json\/wp\/v2\/product_brand?post=491"},{"taxonomy":"product_cat","embeddable":true,"href":"https:\/\/www.belzona.be\/fr\/wp-json\/wp\/v2\/product_cat?post=491"},{"taxonomy":"product_tag","embeddable":true,"href":"https:\/\/www.belzona.be\/fr\/wp-json\/wp\/v2\/product_tag?post=491"}],"curies":[{"name":"wp","href":"https:\/\/api.w.org\/{rel}","templated":true}]}}