{"id":487,"date":"2022-12-21T10:14:02","date_gmt":"2022-12-21T08:14:02","guid":{"rendered":"https:\/\/www.belzona.nl\/?post_type=product&#038;p=487"},"modified":"2025-12-18T09:49:24","modified_gmt":"2025-12-18T08:49:24","slug":"belzona-4151-magma-quartz-resin-epoxyhars-voor-beton","status":"publish","type":"product","link":"https:\/\/www.belzona.be\/fr\/product\/serie-polymeres-magma\/belzona-4151-magma-quartz-resin-epoxyhars-voor-beton\/","title":{"rendered":"Belzona 4151 Magma-Quartz \u2013 R\u00e9sine quartz b\u00e9ton \u00e9poxy"},"content":{"rendered":"","protected":false},"excerpt":{"rendered":"<p data-start=\"3815\" data-end=\"4179\">Belzona 4151 Magma-Quartz est une r\u00e9sine quartz b\u00e9ton \u00e9poxy destin\u00e9e au traitement, \u00e0 l\u2019impr\u00e9gnation et \u00e0 la protection des surfaces en b\u00e9ton expos\u00e9es \u00e0 l\u2019abrasion et \u00e0 divers agents chimiques. Elle assure une adh\u00e9rence \u00e9lev\u00e9e au b\u00e9ton, \u00e0 la pierre naturelle ainsi qu\u2019aux substrats m\u00e9talliques. Sa formulation offre une r\u00e9sistance chimique particuli\u00e8rement \u00e9lev\u00e9e.<\/p>\n<p data-start=\"4181\" data-end=\"4532\">Cette r\u00e9sine est id\u00e9ale pour le jointoiement, le collage, ou comme couche de finition des syst\u00e8mes Belzona 4111 Magma-Quartz et Belzona 4131 Magma-Screed. Elle peut \u00e9galement \u00eatre inject\u00e9e pour les r\u00e9parations structurelles fines. Belzona 4151 Magma-Quartz est conforme aux exigences USDA relatives au contact accidentel avec les denr\u00e9es alimentaires.<\/p>\n<h3 data-start=\"4534\" data-end=\"4568\">Applications de Belzona 4151<\/h3>\n<p data-start=\"4569\" data-end=\"4904\">\u2022 \u00e9tanch\u00e9it\u00e9 des zones de sols chimiques, r\u00e9servoirs en b\u00e9ton et zones de circulation<br data-start=\"4654\" data-end=\"4657\" \/>\u2022 r\u00e9paration et scellement des escaliers, joints de dilatation, conduits et grilles<br data-start=\"4740\" data-end=\"4743\" \/>\u2022 fixation, collage et calage de supports, dalles, pompes et \u00e9quipements<br data-start=\"4815\" data-end=\"4818\" \/>\u2022 mat\u00e9riau polyvalent pour le scellement de rails, cr\u00e9maill\u00e8res et boulons d\u2019ancrage<\/p>\n","protected":false},"featured_media":1826,"template":"","meta":{"_acf_changed":false,"content-type":"","editor_notices":[]},"product_brand":[],"product_cat":[27],"product_tag":[],"class_list":{"0":"post-487","1":"product","2":"type-product","3":"status-publish","4":"has-post-thumbnail","6":"product_cat-serie-polymeres-magma","8":"first","9":"instock","10":"taxable","11":"shipping-taxable","12":"product-type-simple"},"acf":[],"yoast_head":"<!-- This site is optimized with the Yoast SEO plugin v27.3 - https:\/\/yoast.com\/product\/yoast-seo-wordpress\/ -->\n<title>Belzona 4151 : r\u00e9sine quartz b\u00e9ton \u00e9poxy | Perspect BE<\/title>\n<meta name=\"description\" content=\"Belzona 4151 est une r\u00e9sine quartz b\u00e9ton \u00e9poxy offrant une forte adh\u00e9rence, une excellente r\u00e9sistance chimique et une finition durable.\" \/>\n<meta name=\"robots\" content=\"index, follow, max-snippet:-1, max-image-preview:large, max-video-preview:-1\" \/>\n<link rel=\"canonical\" href=\"https:\/\/www.belzona.be\/fr\/product\/serie-polymeres-magma\/belzona-4151-magma-quartz-resin-epoxyhars-voor-beton\/\" \/>\n<meta property=\"og:locale\" content=\"fr_FR\" \/>\n<meta property=\"og:type\" content=\"article\" \/>\n<meta property=\"og:title\" content=\"Belzona 4151 : r\u00e9sine quartz b\u00e9ton \u00e9poxy | Perspect BE\" \/>\n<meta property=\"og:description\" content=\"Belzona 4151 est une r\u00e9sine quartz b\u00e9ton \u00e9poxy offrant une forte adh\u00e9rence, une excellente r\u00e9sistance chimique et une finition durable.\" \/>\n<meta property=\"og:url\" content=\"https:\/\/www.belzona.be\/fr\/product\/serie-polymeres-magma\/belzona-4151-magma-quartz-resin-epoxyhars-voor-beton\/\" \/>\n<meta property=\"og:site_name\" content=\"Belzona Perspect Belgique FR\" \/>\n<meta property=\"article:modified_time\" content=\"2025-12-18T08:49:24+00:00\" \/>\n<meta property=\"og:image\" content=\"https:\/\/www.belzona.be\/fr\/wp-content\/uploads\/sites\/4\/2022\/12\/Belzona4151Base.jpg\" \/>\n\t<meta property=\"og:image:width\" content=\"1024\" \/>\n\t<meta property=\"og:image:height\" content=\"683\" \/>\n\t<meta property=\"og:image:type\" content=\"image\/jpeg\" \/>\n<meta name=\"twitter:card\" content=\"summary_large_image\" \/>\n<meta name=\"twitter:label1\" content=\"Dur\u00e9e de lecture est.\" \/>\n\t<meta name=\"twitter:data1\" content=\"1 minute\" \/>\n<script type=\"application\/ld+json\" class=\"yoast-schema-graph\">{\"@context\":\"https:\\\/\\\/schema.org\",\"@graph\":[{\"@type\":\"WebPage\",\"@id\":\"https:\\\/\\\/www.belzona.be\\\/fr\\\/product\\\/serie-polymeres-magma\\\/belzona-4151-magma-quartz-resin-epoxyhars-voor-beton\\\/\",\"url\":\"https:\\\/\\\/www.belzona.be\\\/fr\\\/product\\\/serie-polymeres-magma\\\/belzona-4151-magma-quartz-resin-epoxyhars-voor-beton\\\/\",\"name\":\"Belzona 4151 : r\u00e9sine quartz b\u00e9ton \u00e9poxy | Perspect BE\",\"isPartOf\":{\"@id\":\"https:\\\/\\\/www.belzona.be\\\/fr\\\/#website\"},\"primaryImageOfPage\":{\"@id\":\"https:\\\/\\\/www.belzona.be\\\/fr\\\/product\\\/serie-polymeres-magma\\\/belzona-4151-magma-quartz-resin-epoxyhars-voor-beton\\\/#primaryimage\"},\"image\":{\"@id\":\"https:\\\/\\\/www.belzona.be\\\/fr\\\/product\\\/serie-polymeres-magma\\\/belzona-4151-magma-quartz-resin-epoxyhars-voor-beton\\\/#primaryimage\"},\"thumbnailUrl\":\"https:\\\/\\\/www.belzona.be\\\/fr\\\/wp-content\\\/uploads\\\/sites\\\/4\\\/2022\\\/12\\\/Belzona4151Base.jpg\",\"datePublished\":\"2022-12-21T08:14:02+00:00\",\"dateModified\":\"2025-12-18T08:49:24+00:00\",\"description\":\"Belzona 4151 est une r\u00e9sine quartz b\u00e9ton \u00e9poxy offrant une forte adh\u00e9rence, une excellente r\u00e9sistance chimique et une finition durable.\",\"breadcrumb\":{\"@id\":\"https:\\\/\\\/www.belzona.be\\\/fr\\\/product\\\/serie-polymeres-magma\\\/belzona-4151-magma-quartz-resin-epoxyhars-voor-beton\\\/#breadcrumb\"},\"inLanguage\":\"fr-BE\",\"potentialAction\":[{\"@type\":\"ReadAction\",\"target\":[\"https:\\\/\\\/www.belzona.be\\\/fr\\\/product\\\/serie-polymeres-magma\\\/belzona-4151-magma-quartz-resin-epoxyhars-voor-beton\\\/\"]}]},{\"@type\":\"ImageObject\",\"inLanguage\":\"fr-BE\",\"@id\":\"https:\\\/\\\/www.belzona.be\\\/fr\\\/product\\\/serie-polymeres-magma\\\/belzona-4151-magma-quartz-resin-epoxyhars-voor-beton\\\/#primaryimage\",\"url\":\"https:\\\/\\\/www.belzona.be\\\/fr\\\/wp-content\\\/uploads\\\/sites\\\/4\\\/2022\\\/12\\\/Belzona4151Base.jpg\",\"contentUrl\":\"https:\\\/\\\/www.belzona.be\\\/fr\\\/wp-content\\\/uploads\\\/sites\\\/4\\\/2022\\\/12\\\/Belzona4151Base.jpg\",\"width\":1024,\"height\":683},{\"@type\":\"BreadcrumbList\",\"@id\":\"https:\\\/\\\/www.belzona.be\\\/fr\\\/product\\\/serie-polymeres-magma\\\/belzona-4151-magma-quartz-resin-epoxyhars-voor-beton\\\/#breadcrumb\",\"itemListElement\":[{\"@type\":\"ListItem\",\"position\":1,\"name\":\"Accueil\",\"item\":\"https:\\\/\\\/www.belzona.be\\\/fr\\\/\"},{\"@type\":\"ListItem\",\"position\":2,\"name\":\"Produits\",\"item\":\"https:\\\/\\\/www.belzona.be\\\/fr\\\/produits\\\/\"},{\"@type\":\"ListItem\",\"position\":3,\"name\":\"Belzona 4151 Magma-Quartz \u2013 R\u00e9sine quartz b\u00e9ton \u00e9poxy\"}]},{\"@type\":\"WebSite\",\"@id\":\"https:\\\/\\\/www.belzona.be\\\/fr\\\/#website\",\"url\":\"https:\\\/\\\/www.belzona.be\\\/fr\\\/\",\"name\":\"Belzona Perspect Belgique FR\",\"description\":\"Belzona : r\u00e9paration, protection et am\u00e9lioration des surfaces. Belzona pr\u00e9vient et r\u00e9pare l&#039;\u00e9rosion, la corrosion, l&#039;abrasion, ainsi que les d\u00e9gradations chimiques et m\u00e9caniques.\",\"potentialAction\":[{\"@type\":\"SearchAction\",\"target\":{\"@type\":\"EntryPoint\",\"urlTemplate\":\"https:\\\/\\\/www.belzona.be\\\/fr\\\/?s={search_term_string}\"},\"query-input\":{\"@type\":\"PropertyValueSpecification\",\"valueRequired\":true,\"valueName\":\"search_term_string\"}}],\"inLanguage\":\"fr-BE\"}]}<\/script>\n<!-- \/ Yoast SEO plugin. -->","yoast_head_json":{"title":"Belzona 4151 : r\u00e9sine quartz b\u00e9ton \u00e9poxy | Perspect BE","description":"Belzona 4151 est une r\u00e9sine quartz b\u00e9ton \u00e9poxy offrant une forte adh\u00e9rence, une excellente r\u00e9sistance chimique et une finition durable.","robots":{"index":"index","follow":"follow","max-snippet":"max-snippet:-1","max-image-preview":"max-image-preview:large","max-video-preview":"max-video-preview:-1"},"canonical":"https:\/\/www.belzona.be\/fr\/product\/serie-polymeres-magma\/belzona-4151-magma-quartz-resin-epoxyhars-voor-beton\/","og_locale":"fr_FR","og_type":"article","og_title":"Belzona 4151 : r\u00e9sine quartz b\u00e9ton \u00e9poxy | Perspect BE","og_description":"Belzona 4151 est une r\u00e9sine quartz b\u00e9ton \u00e9poxy offrant une forte adh\u00e9rence, une excellente r\u00e9sistance chimique et une finition durable.","og_url":"https:\/\/www.belzona.be\/fr\/product\/serie-polymeres-magma\/belzona-4151-magma-quartz-resin-epoxyhars-voor-beton\/","og_site_name":"Belzona Perspect Belgique FR","article_modified_time":"2025-12-18T08:49:24+00:00","og_image":[{"width":1024,"height":683,"url":"https:\/\/www.belzona.be\/fr\/wp-content\/uploads\/sites\/4\/2022\/12\/Belzona4151Base.jpg","type":"image\/jpeg"}],"twitter_card":"summary_large_image","twitter_misc":{"Dur\u00e9e de lecture est.":"1 minute"},"schema":{"@context":"https:\/\/schema.org","@graph":[{"@type":"WebPage","@id":"https:\/\/www.belzona.be\/fr\/product\/serie-polymeres-magma\/belzona-4151-magma-quartz-resin-epoxyhars-voor-beton\/","url":"https:\/\/www.belzona.be\/fr\/product\/serie-polymeres-magma\/belzona-4151-magma-quartz-resin-epoxyhars-voor-beton\/","name":"Belzona 4151 : r\u00e9sine quartz b\u00e9ton \u00e9poxy | Perspect BE","isPartOf":{"@id":"https:\/\/www.belzona.be\/fr\/#website"},"primaryImageOfPage":{"@id":"https:\/\/www.belzona.be\/fr\/product\/serie-polymeres-magma\/belzona-4151-magma-quartz-resin-epoxyhars-voor-beton\/#primaryimage"},"image":{"@id":"https:\/\/www.belzona.be\/fr\/product\/serie-polymeres-magma\/belzona-4151-magma-quartz-resin-epoxyhars-voor-beton\/#primaryimage"},"thumbnailUrl":"https:\/\/www.belzona.be\/fr\/wp-content\/uploads\/sites\/4\/2022\/12\/Belzona4151Base.jpg","datePublished":"2022-12-21T08:14:02+00:00","dateModified":"2025-12-18T08:49:24+00:00","description":"Belzona 4151 est une r\u00e9sine quartz b\u00e9ton \u00e9poxy offrant une forte adh\u00e9rence, une excellente r\u00e9sistance chimique et une finition durable.","breadcrumb":{"@id":"https:\/\/www.belzona.be\/fr\/product\/serie-polymeres-magma\/belzona-4151-magma-quartz-resin-epoxyhars-voor-beton\/#breadcrumb"},"inLanguage":"fr-BE","potentialAction":[{"@type":"ReadAction","target":["https:\/\/www.belzona.be\/fr\/product\/serie-polymeres-magma\/belzona-4151-magma-quartz-resin-epoxyhars-voor-beton\/"]}]},{"@type":"ImageObject","inLanguage":"fr-BE","@id":"https:\/\/www.belzona.be\/fr\/product\/serie-polymeres-magma\/belzona-4151-magma-quartz-resin-epoxyhars-voor-beton\/#primaryimage","url":"https:\/\/www.belzona.be\/fr\/wp-content\/uploads\/sites\/4\/2022\/12\/Belzona4151Base.jpg","contentUrl":"https:\/\/www.belzona.be\/fr\/wp-content\/uploads\/sites\/4\/2022\/12\/Belzona4151Base.jpg","width":1024,"height":683},{"@type":"BreadcrumbList","@id":"https:\/\/www.belzona.be\/fr\/product\/serie-polymeres-magma\/belzona-4151-magma-quartz-resin-epoxyhars-voor-beton\/#breadcrumb","itemListElement":[{"@type":"ListItem","position":1,"name":"Accueil","item":"https:\/\/www.belzona.be\/fr\/"},{"@type":"ListItem","position":2,"name":"Produits","item":"https:\/\/www.belzona.be\/fr\/produits\/"},{"@type":"ListItem","position":3,"name":"Belzona 4151 Magma-Quartz \u2013 R\u00e9sine quartz b\u00e9ton \u00e9poxy"}]},{"@type":"WebSite","@id":"https:\/\/www.belzona.be\/fr\/#website","url":"https:\/\/www.belzona.be\/fr\/","name":"Belzona Perspect Belgique FR","description":"Belzona : r\u00e9paration, protection et am\u00e9lioration des surfaces. Belzona pr\u00e9vient et r\u00e9pare l&#039;\u00e9rosion, la corrosion, l&#039;abrasion, ainsi que les d\u00e9gradations chimiques et m\u00e9caniques.","potentialAction":[{"@type":"SearchAction","target":{"@type":"EntryPoint","urlTemplate":"https:\/\/www.belzona.be\/fr\/?s={search_term_string}"},"query-input":{"@type":"PropertyValueSpecification","valueRequired":true,"valueName":"search_term_string"}}],"inLanguage":"fr-BE"}]}},"_links":{"self":[{"href":"https:\/\/www.belzona.be\/fr\/wp-json\/wp\/v2\/product\/487","targetHints":{"allow":["GET"]}}],"collection":[{"href":"https:\/\/www.belzona.be\/fr\/wp-json\/wp\/v2\/product"}],"about":[{"href":"https:\/\/www.belzona.be\/fr\/wp-json\/wp\/v2\/types\/product"}],"wp:featuredmedia":[{"embeddable":true,"href":"https:\/\/www.belzona.be\/fr\/wp-json\/wp\/v2\/media\/1826"}],"wp:attachment":[{"href":"https:\/\/www.belzona.be\/fr\/wp-json\/wp\/v2\/media?parent=487"}],"wp:term":[{"taxonomy":"product_brand","embeddable":true,"href":"https:\/\/www.belzona.be\/fr\/wp-json\/wp\/v2\/product_brand?post=487"},{"taxonomy":"product_cat","embeddable":true,"href":"https:\/\/www.belzona.be\/fr\/wp-json\/wp\/v2\/product_cat?post=487"},{"taxonomy":"product_tag","embeddable":true,"href":"https:\/\/www.belzona.be\/fr\/wp-json\/wp\/v2\/product_tag?post=487"}],"curies":[{"name":"wp","href":"https:\/\/api.w.org\/{rel}","templated":true}]}}