{"id":485,"date":"2022-12-21T10:10:18","date_gmt":"2022-12-21T08:10:18","guid":{"rendered":"https:\/\/www.belzona.nl\/?post_type=product&#038;p=485"},"modified":"2025-12-18T09:49:27","modified_gmt":"2025-12-18T08:49:27","slug":"belzona-4521-magma-flex-fluid","status":"publish","type":"product","link":"https:\/\/www.belzona.be\/fr\/product\/serie-polymeres-magma\/belzona-4521-magma-flex-fluid\/","title":{"rendered":"Belzona 4521 Magma-Flex Fluid \u2013 Rev\u00eatement flexible pour joints"},"content":{"rendered":"","protected":false},"excerpt":{"rendered":"<p data-start=\"3226\" data-end=\"3566\">Belzona 4521 Magma-Flex Fluid est un rev\u00eatement flexible \u00e0 durcissement rapide destin\u00e9 aux joints de construction et de dilatation pr\u00e9sentant jusqu\u2019\u00e0 25 % de mouvement. Le mat\u00e9riau est facile \u00e0 m\u00e9langer et \u00e0 appliquer, sans n\u00e9cessiter d\u2019outillage sp\u00e9cialis\u00e9. Belzona 4521 adh\u00e8re efficacement au b\u00e9ton, \u00e0 la brique, \u00e0 la pierre et \u00e0 l\u2019acier.<\/p>\n<h3 data-start=\"3568\" data-end=\"3596\">Flexibilit\u00e9 jusqu\u2019\u00e0 25 %<\/h3>\n<p data-start=\"3597\" data-end=\"3841\">Sans solvant, Belzona 4521 peut \u00eatre appliqu\u00e9 \u00e0 temp\u00e9rature ambiante. Son durcissement rapide r\u00e9duit les temps d\u2019arr\u00eat. Le rev\u00eatement est r\u00e9sistant aux intemp\u00e9ries et offre une r\u00e9sistance chimique \u00e9lev\u00e9e \u00e0 une large gamme de produits chimiques.<\/p>\n<h3 data-start=\"3843\" data-end=\"3903\">Applications typiques du Belzona 4521 Magma-Flex Fluid<\/h3>\n<p data-start=\"3904\" data-end=\"4206\">\u2022 joints de dilatation horizontaux<br data-start=\"3938\" data-end=\"3941\" \/>\u2022 joints de construction soumis \u00e0 mouvement<br data-start=\"3984\" data-end=\"3987\" \/>\u2022 surfaces en pierre ou carrelage<br data-start=\"4020\" data-end=\"4023\" \/>\u2022 zones humides : douches, piscines<br data-start=\"4058\" data-end=\"4061\" \/>\u2022 quais de chargement et zones portuaires<br data-start=\"4102\" data-end=\"4105\" \/>\u2022 sols en b\u00e9ton, voies d\u2019acc\u00e8s, all\u00e9es<br data-start=\"4143\" data-end=\"4146\" \/>\u2022 terrazzo, sols de cuisine industrielle ou de laboratoire<\/p>\n<p>&nbsp;<\/p>\n","protected":false},"featured_media":1827,"template":"","meta":{"_acf_changed":false,"content-type":"","editor_notices":[]},"product_brand":[],"product_cat":[27],"product_tag":[],"class_list":{"0":"post-485","1":"product","2":"type-product","3":"status-publish","4":"has-post-thumbnail","6":"product_cat-serie-polymeres-magma","8":"first","9":"instock","10":"taxable","11":"shipping-taxable","12":"product-type-simple"},"acf":[],"yoast_head":"<!-- This site is optimized with the Yoast SEO plugin v27.3 - https:\/\/yoast.com\/product\/yoast-seo-wordpress\/ -->\n<title>Belzona 4521 : rev\u00eatement flexible pour joints | Perspect BE<\/title>\n<meta name=\"description\" content=\"Belzona 4521 est un rev\u00eatement flexible \u00e0 durcissement rapide pour joints de construction et de dilatation. R\u00e9sistance chimique et application ais\u00e9e.\" \/>\n<meta name=\"robots\" content=\"index, follow, max-snippet:-1, max-image-preview:large, max-video-preview:-1\" \/>\n<link rel=\"canonical\" href=\"https:\/\/www.belzona.be\/fr\/product\/serie-polymeres-magma\/belzona-4521-magma-flex-fluid\/\" \/>\n<meta property=\"og:locale\" content=\"fr_FR\" \/>\n<meta property=\"og:type\" content=\"article\" \/>\n<meta property=\"og:title\" content=\"Belzona 4521 : rev\u00eatement flexible pour joints | Perspect BE\" \/>\n<meta property=\"og:description\" content=\"Belzona 4521 est un rev\u00eatement flexible \u00e0 durcissement rapide pour joints de construction et de dilatation. R\u00e9sistance chimique et application ais\u00e9e.\" \/>\n<meta property=\"og:url\" content=\"https:\/\/www.belzona.be\/fr\/product\/serie-polymeres-magma\/belzona-4521-magma-flex-fluid\/\" \/>\n<meta property=\"og:site_name\" content=\"Belzona Perspect Belgique FR\" \/>\n<meta property=\"article:modified_time\" content=\"2025-12-18T08:49:27+00:00\" \/>\n<meta property=\"og:image\" content=\"https:\/\/www.belzona.be\/fr\/wp-content\/uploads\/sites\/4\/2022\/12\/Belzona4521.webp\" \/>\n\t<meta property=\"og:image:width\" content=\"416\" \/>\n\t<meta property=\"og:image:height\" content=\"277\" \/>\n\t<meta property=\"og:image:type\" content=\"image\/webp\" \/>\n<meta name=\"twitter:card\" content=\"summary_large_image\" \/>\n<meta name=\"twitter:label1\" content=\"Dur\u00e9e de lecture est.\" \/>\n\t<meta name=\"twitter:data1\" content=\"1 minute\" \/>\n<script type=\"application\/ld+json\" class=\"yoast-schema-graph\">{\"@context\":\"https:\\\/\\\/schema.org\",\"@graph\":[{\"@type\":\"WebPage\",\"@id\":\"https:\\\/\\\/www.belzona.be\\\/fr\\\/product\\\/serie-polymeres-magma\\\/belzona-4521-magma-flex-fluid\\\/\",\"url\":\"https:\\\/\\\/www.belzona.be\\\/fr\\\/product\\\/serie-polymeres-magma\\\/belzona-4521-magma-flex-fluid\\\/\",\"name\":\"Belzona 4521 : rev\u00eatement flexible pour joints | Perspect BE\",\"isPartOf\":{\"@id\":\"https:\\\/\\\/www.belzona.be\\\/fr\\\/#website\"},\"primaryImageOfPage\":{\"@id\":\"https:\\\/\\\/www.belzona.be\\\/fr\\\/product\\\/serie-polymeres-magma\\\/belzona-4521-magma-flex-fluid\\\/#primaryimage\"},\"image\":{\"@id\":\"https:\\\/\\\/www.belzona.be\\\/fr\\\/product\\\/serie-polymeres-magma\\\/belzona-4521-magma-flex-fluid\\\/#primaryimage\"},\"thumbnailUrl\":\"https:\\\/\\\/www.belzona.be\\\/fr\\\/wp-content\\\/uploads\\\/sites\\\/4\\\/2022\\\/12\\\/Belzona4521.webp\",\"datePublished\":\"2022-12-21T08:10:18+00:00\",\"dateModified\":\"2025-12-18T08:49:27+00:00\",\"description\":\"Belzona 4521 est un rev\u00eatement flexible \u00e0 durcissement rapide pour joints de construction et de dilatation. R\u00e9sistance chimique et application ais\u00e9e.\",\"breadcrumb\":{\"@id\":\"https:\\\/\\\/www.belzona.be\\\/fr\\\/product\\\/serie-polymeres-magma\\\/belzona-4521-magma-flex-fluid\\\/#breadcrumb\"},\"inLanguage\":\"fr-BE\",\"potentialAction\":[{\"@type\":\"ReadAction\",\"target\":[\"https:\\\/\\\/www.belzona.be\\\/fr\\\/product\\\/serie-polymeres-magma\\\/belzona-4521-magma-flex-fluid\\\/\"]}]},{\"@type\":\"ImageObject\",\"inLanguage\":\"fr-BE\",\"@id\":\"https:\\\/\\\/www.belzona.be\\\/fr\\\/product\\\/serie-polymeres-magma\\\/belzona-4521-magma-flex-fluid\\\/#primaryimage\",\"url\":\"https:\\\/\\\/www.belzona.be\\\/fr\\\/wp-content\\\/uploads\\\/sites\\\/4\\\/2022\\\/12\\\/Belzona4521.webp\",\"contentUrl\":\"https:\\\/\\\/www.belzona.be\\\/fr\\\/wp-content\\\/uploads\\\/sites\\\/4\\\/2022\\\/12\\\/Belzona4521.webp\",\"width\":416,\"height\":277},{\"@type\":\"BreadcrumbList\",\"@id\":\"https:\\\/\\\/www.belzona.be\\\/fr\\\/product\\\/serie-polymeres-magma\\\/belzona-4521-magma-flex-fluid\\\/#breadcrumb\",\"itemListElement\":[{\"@type\":\"ListItem\",\"position\":1,\"name\":\"Accueil\",\"item\":\"https:\\\/\\\/www.belzona.be\\\/fr\\\/\"},{\"@type\":\"ListItem\",\"position\":2,\"name\":\"Produits\",\"item\":\"https:\\\/\\\/www.belzona.be\\\/fr\\\/produits\\\/\"},{\"@type\":\"ListItem\",\"position\":3,\"name\":\"Belzona 4521 Magma-Flex Fluid \u2013 Rev\u00eatement flexible pour joints\"}]},{\"@type\":\"WebSite\",\"@id\":\"https:\\\/\\\/www.belzona.be\\\/fr\\\/#website\",\"url\":\"https:\\\/\\\/www.belzona.be\\\/fr\\\/\",\"name\":\"Belzona Perspect Belgique FR\",\"description\":\"Belzona : r\u00e9paration, protection et am\u00e9lioration des surfaces. Belzona pr\u00e9vient et r\u00e9pare l&#039;\u00e9rosion, la corrosion, l&#039;abrasion, ainsi que les d\u00e9gradations chimiques et m\u00e9caniques.\",\"potentialAction\":[{\"@type\":\"SearchAction\",\"target\":{\"@type\":\"EntryPoint\",\"urlTemplate\":\"https:\\\/\\\/www.belzona.be\\\/fr\\\/?s={search_term_string}\"},\"query-input\":{\"@type\":\"PropertyValueSpecification\",\"valueRequired\":true,\"valueName\":\"search_term_string\"}}],\"inLanguage\":\"fr-BE\"}]}<\/script>\n<!-- \/ Yoast SEO plugin. -->","yoast_head_json":{"title":"Belzona 4521 : rev\u00eatement flexible pour joints | Perspect BE","description":"Belzona 4521 est un rev\u00eatement flexible \u00e0 durcissement rapide pour joints de construction et de dilatation. R\u00e9sistance chimique et application ais\u00e9e.","robots":{"index":"index","follow":"follow","max-snippet":"max-snippet:-1","max-image-preview":"max-image-preview:large","max-video-preview":"max-video-preview:-1"},"canonical":"https:\/\/www.belzona.be\/fr\/product\/serie-polymeres-magma\/belzona-4521-magma-flex-fluid\/","og_locale":"fr_FR","og_type":"article","og_title":"Belzona 4521 : rev\u00eatement flexible pour joints | Perspect BE","og_description":"Belzona 4521 est un rev\u00eatement flexible \u00e0 durcissement rapide pour joints de construction et de dilatation. R\u00e9sistance chimique et application ais\u00e9e.","og_url":"https:\/\/www.belzona.be\/fr\/product\/serie-polymeres-magma\/belzona-4521-magma-flex-fluid\/","og_site_name":"Belzona Perspect Belgique FR","article_modified_time":"2025-12-18T08:49:27+00:00","og_image":[{"width":416,"height":277,"url":"https:\/\/www.belzona.be\/fr\/wp-content\/uploads\/sites\/4\/2022\/12\/Belzona4521.webp","type":"image\/webp"}],"twitter_card":"summary_large_image","twitter_misc":{"Dur\u00e9e de lecture est.":"1 minute"},"schema":{"@context":"https:\/\/schema.org","@graph":[{"@type":"WebPage","@id":"https:\/\/www.belzona.be\/fr\/product\/serie-polymeres-magma\/belzona-4521-magma-flex-fluid\/","url":"https:\/\/www.belzona.be\/fr\/product\/serie-polymeres-magma\/belzona-4521-magma-flex-fluid\/","name":"Belzona 4521 : rev\u00eatement flexible pour joints | Perspect BE","isPartOf":{"@id":"https:\/\/www.belzona.be\/fr\/#website"},"primaryImageOfPage":{"@id":"https:\/\/www.belzona.be\/fr\/product\/serie-polymeres-magma\/belzona-4521-magma-flex-fluid\/#primaryimage"},"image":{"@id":"https:\/\/www.belzona.be\/fr\/product\/serie-polymeres-magma\/belzona-4521-magma-flex-fluid\/#primaryimage"},"thumbnailUrl":"https:\/\/www.belzona.be\/fr\/wp-content\/uploads\/sites\/4\/2022\/12\/Belzona4521.webp","datePublished":"2022-12-21T08:10:18+00:00","dateModified":"2025-12-18T08:49:27+00:00","description":"Belzona 4521 est un rev\u00eatement flexible \u00e0 durcissement rapide pour joints de construction et de dilatation. R\u00e9sistance chimique et application ais\u00e9e.","breadcrumb":{"@id":"https:\/\/www.belzona.be\/fr\/product\/serie-polymeres-magma\/belzona-4521-magma-flex-fluid\/#breadcrumb"},"inLanguage":"fr-BE","potentialAction":[{"@type":"ReadAction","target":["https:\/\/www.belzona.be\/fr\/product\/serie-polymeres-magma\/belzona-4521-magma-flex-fluid\/"]}]},{"@type":"ImageObject","inLanguage":"fr-BE","@id":"https:\/\/www.belzona.be\/fr\/product\/serie-polymeres-magma\/belzona-4521-magma-flex-fluid\/#primaryimage","url":"https:\/\/www.belzona.be\/fr\/wp-content\/uploads\/sites\/4\/2022\/12\/Belzona4521.webp","contentUrl":"https:\/\/www.belzona.be\/fr\/wp-content\/uploads\/sites\/4\/2022\/12\/Belzona4521.webp","width":416,"height":277},{"@type":"BreadcrumbList","@id":"https:\/\/www.belzona.be\/fr\/product\/serie-polymeres-magma\/belzona-4521-magma-flex-fluid\/#breadcrumb","itemListElement":[{"@type":"ListItem","position":1,"name":"Accueil","item":"https:\/\/www.belzona.be\/fr\/"},{"@type":"ListItem","position":2,"name":"Produits","item":"https:\/\/www.belzona.be\/fr\/produits\/"},{"@type":"ListItem","position":3,"name":"Belzona 4521 Magma-Flex Fluid \u2013 Rev\u00eatement flexible pour joints"}]},{"@type":"WebSite","@id":"https:\/\/www.belzona.be\/fr\/#website","url":"https:\/\/www.belzona.be\/fr\/","name":"Belzona Perspect Belgique FR","description":"Belzona : r\u00e9paration, protection et am\u00e9lioration des surfaces. Belzona pr\u00e9vient et r\u00e9pare l&#039;\u00e9rosion, la corrosion, l&#039;abrasion, ainsi que les d\u00e9gradations chimiques et m\u00e9caniques.","potentialAction":[{"@type":"SearchAction","target":{"@type":"EntryPoint","urlTemplate":"https:\/\/www.belzona.be\/fr\/?s={search_term_string}"},"query-input":{"@type":"PropertyValueSpecification","valueRequired":true,"valueName":"search_term_string"}}],"inLanguage":"fr-BE"}]}},"_links":{"self":[{"href":"https:\/\/www.belzona.be\/fr\/wp-json\/wp\/v2\/product\/485","targetHints":{"allow":["GET"]}}],"collection":[{"href":"https:\/\/www.belzona.be\/fr\/wp-json\/wp\/v2\/product"}],"about":[{"href":"https:\/\/www.belzona.be\/fr\/wp-json\/wp\/v2\/types\/product"}],"wp:featuredmedia":[{"embeddable":true,"href":"https:\/\/www.belzona.be\/fr\/wp-json\/wp\/v2\/media\/1827"}],"wp:attachment":[{"href":"https:\/\/www.belzona.be\/fr\/wp-json\/wp\/v2\/media?parent=485"}],"wp:term":[{"taxonomy":"product_brand","embeddable":true,"href":"https:\/\/www.belzona.be\/fr\/wp-json\/wp\/v2\/product_brand?post=485"},{"taxonomy":"product_cat","embeddable":true,"href":"https:\/\/www.belzona.be\/fr\/wp-json\/wp\/v2\/product_cat?post=485"},{"taxonomy":"product_tag","embeddable":true,"href":"https:\/\/www.belzona.be\/fr\/wp-json\/wp\/v2\/product_tag?post=485"}],"curies":[{"name":"wp","href":"https:\/\/api.w.org\/{rel}","templated":true}]}}