{"id":483,"date":"2022-12-21T10:06:48","date_gmt":"2022-12-21T08:06:48","guid":{"rendered":"https:\/\/www.belzona.nl\/?post_type=product&#038;p=483"},"modified":"2025-12-18T09:49:30","modified_gmt":"2025-12-18T08:49:30","slug":"belzona-4411","status":"publish","type":"product","link":"https:\/\/www.belzona.be\/fr\/product\/serie-polymeres-magma\/belzona-4411\/","title":{"rendered":"Belzona 4411 Granogrip \u2013 Rev\u00eatement de sol \u00e9poxy antid\u00e9rapant"},"content":{"rendered":"","protected":false},"excerpt":{"rendered":"<p data-start=\"3254\" data-end=\"3623\">Belzona 4411 Granogrip est un rev\u00eatement de sol \u00e9poxy liquide con\u00e7u pour la r\u00e9alisation et la remise en \u00e9tat de surfaces antid\u00e9rapantes. Associ\u00e9 aux agr\u00e9gats Belzona, ce syst\u00e8me sans solvant est id\u00e9al pour pr\u00e9venir le glissement tout en garantissant une excellente r\u00e9sistance chimique et m\u00e9canique. Belzona 4411 Granogrip est disponible en gris et en jaune de s\u00e9curit\u00e9.<\/p>\n<p data-start=\"3625\" data-end=\"3942\">Facile \u00e0 m\u00e9langer et \u00e0 appliquer, le produit durcit \u00e0 temp\u00e9rature ambiante, sans risque d\u2019inflammation ou d\u2019\u00e9tincelles. Il pr\u00e9sente une excellente adh\u00e9rence et une r\u00e9sistance \u00e0 la compression \u00e9lev\u00e9e. Gr\u00e2ce \u00e0 ses faibles \u00e9missions de COV, Belzona 4411 Granogrip peut \u00eatre appliqu\u00e9 en int\u00e9rieur et directement sur site.<\/p>\n<h3 data-start=\"3944\" data-end=\"3971\">Applications typiques<\/h3>\n<p data-start=\"3972\" data-end=\"4233\">\u2022 surfaces min\u00e9rales (pierre, carrelage)<br data-start=\"4012\" data-end=\"4015\" \/>\u2022 zones humides : douches, piscines<br data-start=\"4050\" data-end=\"4053\" \/>\u2022 quais de chargement et zones portuaires<br data-start=\"4094\" data-end=\"4097\" \/>\u2022 r\u00e9servoirs et coussins de r\u00e9servoirs<br data-start=\"4135\" data-end=\"4138\" \/>\u2022 sols en b\u00e9ton, all\u00e9es, marches<br data-start=\"4170\" data-end=\"4173\" \/>\u2022 terrazzo, sols de cuisine industrielle ou de laboratoire<\/p>\n<p>&nbsp;<\/p>\n","protected":false},"featured_media":1830,"template":"","meta":{"_acf_changed":false,"content-type":"","editor_notices":[]},"product_brand":[],"product_cat":[27],"product_tag":[],"class_list":{"0":"post-483","1":"product","2":"type-product","3":"status-publish","4":"has-post-thumbnail","6":"product_cat-serie-polymeres-magma","8":"first","9":"instock","10":"taxable","11":"shipping-taxable","12":"product-type-simple"},"acf":[],"yoast_head":"<!-- This site is optimized with the Yoast SEO plugin v27.3 - https:\/\/yoast.com\/product\/yoast-seo-wordpress\/ -->\n<title>Belzona 4411 : rev\u00eatement de sol \u00e9poxy antid\u00e9rapant | Perspect BE<\/title>\n<meta name=\"description\" content=\"Rev\u00eatement de sol Belzona 4411 : syst\u00e8me \u00e9poxy antid\u00e9rapant, r\u00e9sistant chimiquement et m\u00e9caniquement. Id\u00e9al pour zones humides, quais et sols industriels.\" \/>\n<meta name=\"robots\" content=\"index, follow, max-snippet:-1, max-image-preview:large, max-video-preview:-1\" \/>\n<link rel=\"canonical\" href=\"https:\/\/www.belzona.be\/fr\/product\/serie-polymeres-magma\/belzona-4411\/\" \/>\n<meta property=\"og:locale\" content=\"fr_FR\" \/>\n<meta property=\"og:type\" content=\"article\" \/>\n<meta property=\"og:title\" content=\"Belzona 4411 : rev\u00eatement de sol \u00e9poxy antid\u00e9rapant | Perspect BE\" \/>\n<meta property=\"og:description\" content=\"Rev\u00eatement de sol Belzona 4411 : syst\u00e8me \u00e9poxy antid\u00e9rapant, r\u00e9sistant chimiquement et m\u00e9caniquement. Id\u00e9al pour zones humides, quais et sols industriels.\" \/>\n<meta property=\"og:url\" content=\"https:\/\/www.belzona.be\/fr\/product\/serie-polymeres-magma\/belzona-4411\/\" \/>\n<meta property=\"og:site_name\" content=\"Belzona Perspect Belgique FR\" \/>\n<meta property=\"article:modified_time\" content=\"2025-12-18T08:49:30+00:00\" \/>\n<meta property=\"og:image\" content=\"https:\/\/www.belzona.be\/fr\/wp-content\/uploads\/sites\/4\/2022\/12\/Belzona4411.webp\" \/>\n\t<meta property=\"og:image:width\" content=\"1060\" \/>\n\t<meta property=\"og:image:height\" content=\"600\" \/>\n\t<meta property=\"og:image:type\" content=\"image\/webp\" \/>\n<meta name=\"twitter:card\" content=\"summary_large_image\" \/>\n<meta name=\"twitter:label1\" content=\"Dur\u00e9e de lecture est.\" \/>\n\t<meta name=\"twitter:data1\" content=\"1 minute\" \/>\n<script type=\"application\/ld+json\" class=\"yoast-schema-graph\">{\"@context\":\"https:\\\/\\\/schema.org\",\"@graph\":[{\"@type\":\"WebPage\",\"@id\":\"https:\\\/\\\/www.belzona.be\\\/fr\\\/product\\\/serie-polymeres-magma\\\/belzona-4411\\\/\",\"url\":\"https:\\\/\\\/www.belzona.be\\\/fr\\\/product\\\/serie-polymeres-magma\\\/belzona-4411\\\/\",\"name\":\"Belzona 4411 : rev\u00eatement de sol \u00e9poxy antid\u00e9rapant | Perspect BE\",\"isPartOf\":{\"@id\":\"https:\\\/\\\/www.belzona.be\\\/fr\\\/#website\"},\"primaryImageOfPage\":{\"@id\":\"https:\\\/\\\/www.belzona.be\\\/fr\\\/product\\\/serie-polymeres-magma\\\/belzona-4411\\\/#primaryimage\"},\"image\":{\"@id\":\"https:\\\/\\\/www.belzona.be\\\/fr\\\/product\\\/serie-polymeres-magma\\\/belzona-4411\\\/#primaryimage\"},\"thumbnailUrl\":\"https:\\\/\\\/www.belzona.be\\\/fr\\\/wp-content\\\/uploads\\\/sites\\\/4\\\/2022\\\/12\\\/Belzona4411.webp\",\"datePublished\":\"2022-12-21T08:06:48+00:00\",\"dateModified\":\"2025-12-18T08:49:30+00:00\",\"description\":\"Rev\u00eatement de sol Belzona 4411 : syst\u00e8me \u00e9poxy antid\u00e9rapant, r\u00e9sistant chimiquement et m\u00e9caniquement. Id\u00e9al pour zones humides, quais et sols industriels.\",\"breadcrumb\":{\"@id\":\"https:\\\/\\\/www.belzona.be\\\/fr\\\/product\\\/serie-polymeres-magma\\\/belzona-4411\\\/#breadcrumb\"},\"inLanguage\":\"fr-BE\",\"potentialAction\":[{\"@type\":\"ReadAction\",\"target\":[\"https:\\\/\\\/www.belzona.be\\\/fr\\\/product\\\/serie-polymeres-magma\\\/belzona-4411\\\/\"]}]},{\"@type\":\"ImageObject\",\"inLanguage\":\"fr-BE\",\"@id\":\"https:\\\/\\\/www.belzona.be\\\/fr\\\/product\\\/serie-polymeres-magma\\\/belzona-4411\\\/#primaryimage\",\"url\":\"https:\\\/\\\/www.belzona.be\\\/fr\\\/wp-content\\\/uploads\\\/sites\\\/4\\\/2022\\\/12\\\/Belzona4411.webp\",\"contentUrl\":\"https:\\\/\\\/www.belzona.be\\\/fr\\\/wp-content\\\/uploads\\\/sites\\\/4\\\/2022\\\/12\\\/Belzona4411.webp\",\"width\":1060,\"height\":600},{\"@type\":\"BreadcrumbList\",\"@id\":\"https:\\\/\\\/www.belzona.be\\\/fr\\\/product\\\/serie-polymeres-magma\\\/belzona-4411\\\/#breadcrumb\",\"itemListElement\":[{\"@type\":\"ListItem\",\"position\":1,\"name\":\"Accueil\",\"item\":\"https:\\\/\\\/www.belzona.be\\\/fr\\\/\"},{\"@type\":\"ListItem\",\"position\":2,\"name\":\"Produits\",\"item\":\"https:\\\/\\\/www.belzona.be\\\/fr\\\/produits\\\/\"},{\"@type\":\"ListItem\",\"position\":3,\"name\":\"Belzona 4411 Granogrip \u2013 Rev\u00eatement de sol \u00e9poxy antid\u00e9rapant\"}]},{\"@type\":\"WebSite\",\"@id\":\"https:\\\/\\\/www.belzona.be\\\/fr\\\/#website\",\"url\":\"https:\\\/\\\/www.belzona.be\\\/fr\\\/\",\"name\":\"Belzona Perspect Belgique FR\",\"description\":\"Belzona : r\u00e9paration, protection et am\u00e9lioration des surfaces. Belzona pr\u00e9vient et r\u00e9pare l&#039;\u00e9rosion, la corrosion, l&#039;abrasion, ainsi que les d\u00e9gradations chimiques et m\u00e9caniques.\",\"potentialAction\":[{\"@type\":\"SearchAction\",\"target\":{\"@type\":\"EntryPoint\",\"urlTemplate\":\"https:\\\/\\\/www.belzona.be\\\/fr\\\/?s={search_term_string}\"},\"query-input\":{\"@type\":\"PropertyValueSpecification\",\"valueRequired\":true,\"valueName\":\"search_term_string\"}}],\"inLanguage\":\"fr-BE\"}]}<\/script>\n<!-- \/ Yoast SEO plugin. -->","yoast_head_json":{"title":"Belzona 4411 : rev\u00eatement de sol \u00e9poxy antid\u00e9rapant | Perspect BE","description":"Rev\u00eatement de sol Belzona 4411 : syst\u00e8me \u00e9poxy antid\u00e9rapant, r\u00e9sistant chimiquement et m\u00e9caniquement. Id\u00e9al pour zones humides, quais et sols industriels.","robots":{"index":"index","follow":"follow","max-snippet":"max-snippet:-1","max-image-preview":"max-image-preview:large","max-video-preview":"max-video-preview:-1"},"canonical":"https:\/\/www.belzona.be\/fr\/product\/serie-polymeres-magma\/belzona-4411\/","og_locale":"fr_FR","og_type":"article","og_title":"Belzona 4411 : rev\u00eatement de sol \u00e9poxy antid\u00e9rapant | Perspect BE","og_description":"Rev\u00eatement de sol Belzona 4411 : syst\u00e8me \u00e9poxy antid\u00e9rapant, r\u00e9sistant chimiquement et m\u00e9caniquement. Id\u00e9al pour zones humides, quais et sols industriels.","og_url":"https:\/\/www.belzona.be\/fr\/product\/serie-polymeres-magma\/belzona-4411\/","og_site_name":"Belzona Perspect Belgique FR","article_modified_time":"2025-12-18T08:49:30+00:00","og_image":[{"width":1060,"height":600,"url":"https:\/\/www.belzona.be\/fr\/wp-content\/uploads\/sites\/4\/2022\/12\/Belzona4411.webp","type":"image\/webp"}],"twitter_card":"summary_large_image","twitter_misc":{"Dur\u00e9e de lecture est.":"1 minute"},"schema":{"@context":"https:\/\/schema.org","@graph":[{"@type":"WebPage","@id":"https:\/\/www.belzona.be\/fr\/product\/serie-polymeres-magma\/belzona-4411\/","url":"https:\/\/www.belzona.be\/fr\/product\/serie-polymeres-magma\/belzona-4411\/","name":"Belzona 4411 : rev\u00eatement de sol \u00e9poxy antid\u00e9rapant | Perspect BE","isPartOf":{"@id":"https:\/\/www.belzona.be\/fr\/#website"},"primaryImageOfPage":{"@id":"https:\/\/www.belzona.be\/fr\/product\/serie-polymeres-magma\/belzona-4411\/#primaryimage"},"image":{"@id":"https:\/\/www.belzona.be\/fr\/product\/serie-polymeres-magma\/belzona-4411\/#primaryimage"},"thumbnailUrl":"https:\/\/www.belzona.be\/fr\/wp-content\/uploads\/sites\/4\/2022\/12\/Belzona4411.webp","datePublished":"2022-12-21T08:06:48+00:00","dateModified":"2025-12-18T08:49:30+00:00","description":"Rev\u00eatement de sol Belzona 4411 : syst\u00e8me \u00e9poxy antid\u00e9rapant, r\u00e9sistant chimiquement et m\u00e9caniquement. Id\u00e9al pour zones humides, quais et sols industriels.","breadcrumb":{"@id":"https:\/\/www.belzona.be\/fr\/product\/serie-polymeres-magma\/belzona-4411\/#breadcrumb"},"inLanguage":"fr-BE","potentialAction":[{"@type":"ReadAction","target":["https:\/\/www.belzona.be\/fr\/product\/serie-polymeres-magma\/belzona-4411\/"]}]},{"@type":"ImageObject","inLanguage":"fr-BE","@id":"https:\/\/www.belzona.be\/fr\/product\/serie-polymeres-magma\/belzona-4411\/#primaryimage","url":"https:\/\/www.belzona.be\/fr\/wp-content\/uploads\/sites\/4\/2022\/12\/Belzona4411.webp","contentUrl":"https:\/\/www.belzona.be\/fr\/wp-content\/uploads\/sites\/4\/2022\/12\/Belzona4411.webp","width":1060,"height":600},{"@type":"BreadcrumbList","@id":"https:\/\/www.belzona.be\/fr\/product\/serie-polymeres-magma\/belzona-4411\/#breadcrumb","itemListElement":[{"@type":"ListItem","position":1,"name":"Accueil","item":"https:\/\/www.belzona.be\/fr\/"},{"@type":"ListItem","position":2,"name":"Produits","item":"https:\/\/www.belzona.be\/fr\/produits\/"},{"@type":"ListItem","position":3,"name":"Belzona 4411 Granogrip \u2013 Rev\u00eatement de sol \u00e9poxy antid\u00e9rapant"}]},{"@type":"WebSite","@id":"https:\/\/www.belzona.be\/fr\/#website","url":"https:\/\/www.belzona.be\/fr\/","name":"Belzona Perspect Belgique FR","description":"Belzona : r\u00e9paration, protection et am\u00e9lioration des surfaces. Belzona pr\u00e9vient et r\u00e9pare l&#039;\u00e9rosion, la corrosion, l&#039;abrasion, ainsi que les d\u00e9gradations chimiques et m\u00e9caniques.","potentialAction":[{"@type":"SearchAction","target":{"@type":"EntryPoint","urlTemplate":"https:\/\/www.belzona.be\/fr\/?s={search_term_string}"},"query-input":{"@type":"PropertyValueSpecification","valueRequired":true,"valueName":"search_term_string"}}],"inLanguage":"fr-BE"}]}},"_links":{"self":[{"href":"https:\/\/www.belzona.be\/fr\/wp-json\/wp\/v2\/product\/483","targetHints":{"allow":["GET"]}}],"collection":[{"href":"https:\/\/www.belzona.be\/fr\/wp-json\/wp\/v2\/product"}],"about":[{"href":"https:\/\/www.belzona.be\/fr\/wp-json\/wp\/v2\/types\/product"}],"wp:featuredmedia":[{"embeddable":true,"href":"https:\/\/www.belzona.be\/fr\/wp-json\/wp\/v2\/media\/1830"}],"wp:attachment":[{"href":"https:\/\/www.belzona.be\/fr\/wp-json\/wp\/v2\/media?parent=483"}],"wp:term":[{"taxonomy":"product_brand","embeddable":true,"href":"https:\/\/www.belzona.be\/fr\/wp-json\/wp\/v2\/product_brand?post=483"},{"taxonomy":"product_cat","embeddable":true,"href":"https:\/\/www.belzona.be\/fr\/wp-json\/wp\/v2\/product_cat?post=483"},{"taxonomy":"product_tag","embeddable":true,"href":"https:\/\/www.belzona.be\/fr\/wp-json\/wp\/v2\/product_tag?post=483"}],"curies":[{"name":"wp","href":"https:\/\/api.w.org\/{rel}","templated":true}]}}