{"id":481,"date":"2022-12-21T10:03:32","date_gmt":"2022-12-21T08:03:32","guid":{"rendered":"https:\/\/www.belzona.nl\/?post_type=product&#038;p=481"},"modified":"2025-12-18T09:49:33","modified_gmt":"2025-12-18T08:49:33","slug":"belzona-4361-epoxy-coating-voor-beton","status":"publish","type":"product","link":"https:\/\/www.belzona.be\/fr\/product\/serie-polymeres-magma\/belzona-4361-epoxy-coating-voor-beton\/","title":{"rendered":"Belzona 4361 \u2013 Rev\u00eatement \u00e9poxy flexible pour b\u00e9ton"},"content":{"rendered":"<p><iframe title=\"Belzona 4361 - Flexible Barrier Coating with Outstanding Chemical Resistance\" width=\"980\" height=\"551\" data-src=\"https:\/\/www.youtube.com\/embed\/ztcu9LVZ2oU?feature=oembed\" frameborder=\"0\" allow=\"accelerometer; autoplay; clipboard-write; encrypted-media; gyroscope; picture-in-picture; web-share\" referrerpolicy=\"strict-origin-when-cross-origin\" allowfullscreen src=\"data:image\/svg+xml;base64,PHN2ZyB3aWR0aD0iMSIgaGVpZ2h0PSIxIiB4bWxucz0iaHR0cDovL3d3dy53My5vcmcvMjAwMC9zdmciPjwvc3ZnPg==\" class=\"lazyload\" data-load-mode=\"1\"><\/iframe><\/p>\n","protected":false},"excerpt":{"rendered":"<p data-start=\"3879\" data-end=\"4231\">Belzona 4361 est un rev\u00eatement \u00e9poxy flexible con\u00e7u pour la protection chimique du b\u00e9ton. Le produit offre une excellente capacit\u00e9 de pontage des fissures : m\u00eame en cas de d\u00e9t\u00e9rioration du b\u00e9ton sous-jacent, le rev\u00eatement reste intact et continue d\u2019assurer une protection efficace contre de nombreux agents chimiques, notamment les acides et les bases.<\/p>\n<p data-start=\"4233\" data-end=\"4531\">Facile \u00e0 m\u00e9langer et \u00e0 appliquer sans outils sp\u00e9cialis\u00e9s, Belzona 4361 est un syst\u00e8me sans solvant qui ne pr\u00e9sente ni retrait, ni gonflement, ni d\u00e9formation apr\u00e8s application. Disponible en rouge et en noir, il adh\u00e8re \u00e0 une large vari\u00e9t\u00e9 de substrats rigides, dont le b\u00e9ton, la pierre et la brique.<\/p>\n<h3 data-start=\"4533\" data-end=\"4560\">Applications typiques<\/h3>\n<p data-start=\"4561\" data-end=\"4973\">\u2022 protection des zones de confinement secondaires, des murs de sout\u00e8nement r\u00e9sistants aux acides et des points de transfert de produits chimiques<br data-start=\"4706\" data-end=\"4709\" \/>\u2022 \u00e9tanch\u00e9it\u00e9 des drains et canaux chimiques<br data-start=\"4752\" data-end=\"4755\" \/>\u2022 protection des bases de pompes en b\u00e9ton et des enceintes contre les d\u00e9versements de produits chimiques<br data-start=\"4859\" data-end=\"4862\" \/>\u2022 r\u00e9alisation de passerelles et zones d\u2019acc\u00e8s r\u00e9sistantes \u00e0 l\u2019abrasion, en combinaison avec l\u2019agr\u00e9gat Belzona<\/p>\n<h3 data-start=\"67\" data-end=\"93\">Couleurs disponibles<\/h3>\n<ul>\n<li data-start=\"95\" data-end=\"136\">Rouge (RAL 3009)<\/li>\n<li data-start=\"95\" data-end=\"136\">Noir (RAL 9004)<\/li>\n<\/ul>\n<p data-start=\"138\" data-end=\"270\"><em data-start=\"138\" data-end=\"268\">Remarque : le RAL indiqu\u00e9 est fourni uniquement \u00e0 titre de r\u00e9f\u00e9rence et ne garantit pas une correspondance exacte de la couleur.<\/em><\/p>\n","protected":false},"featured_media":1831,"template":"","meta":{"_acf_changed":false,"content-type":"","editor_notices":[]},"product_brand":[],"product_cat":[27],"product_tag":[],"class_list":{"0":"post-481","1":"product","2":"type-product","3":"status-publish","4":"has-post-thumbnail","6":"product_cat-serie-polymeres-magma","8":"first","9":"instock","10":"taxable","11":"shipping-taxable","12":"product-type-simple"},"acf":[],"yoast_head":"<!-- This site is optimized with the Yoast SEO plugin v27.3 - https:\/\/yoast.com\/product\/yoast-seo-wordpress\/ -->\n<title>Belzona 4361 : rev\u00eatement \u00e9poxy b\u00e9ton | Perspect BE<\/title>\n<meta name=\"description\" content=\"Rev\u00eatement \u00e9poxy b\u00e9ton Belzona 4361 : protection flexible et chimique des zones de confinement et structures en b\u00e9ton. Application simple et durable.\" \/>\n<meta name=\"robots\" content=\"index, follow, max-snippet:-1, max-image-preview:large, max-video-preview:-1\" \/>\n<link rel=\"canonical\" href=\"https:\/\/www.belzona.be\/fr\/product\/serie-polymeres-magma\/belzona-4361-epoxy-coating-voor-beton\/\" \/>\n<meta property=\"og:locale\" content=\"fr_FR\" \/>\n<meta property=\"og:type\" content=\"article\" \/>\n<meta property=\"og:title\" content=\"Belzona 4361 : rev\u00eatement \u00e9poxy b\u00e9ton | Perspect BE\" \/>\n<meta property=\"og:description\" content=\"Rev\u00eatement \u00e9poxy b\u00e9ton Belzona 4361 : protection flexible et chimique des zones de confinement et structures en b\u00e9ton. Application simple et durable.\" \/>\n<meta property=\"og:url\" content=\"https:\/\/www.belzona.be\/fr\/product\/serie-polymeres-magma\/belzona-4361-epoxy-coating-voor-beton\/\" \/>\n<meta property=\"og:site_name\" content=\"Belzona Perspect Belgique FR\" \/>\n<meta property=\"article:modified_time\" content=\"2025-12-18T08:49:33+00:00\" \/>\n<meta property=\"og:image\" content=\"https:\/\/www.belzona.be\/fr\/wp-content\/uploads\/sites\/4\/2022\/12\/Belzona4361.webp\" \/>\n\t<meta property=\"og:image:width\" content=\"1536\" \/>\n\t<meta property=\"og:image:height\" content=\"1024\" \/>\n\t<meta property=\"og:image:type\" content=\"image\/webp\" \/>\n<meta name=\"twitter:card\" content=\"summary_large_image\" \/>\n<meta name=\"twitter:label1\" content=\"Dur\u00e9e de lecture est.\" \/>\n\t<meta name=\"twitter:data1\" content=\"1 minute\" \/>\n<script type=\"application\/ld+json\" class=\"yoast-schema-graph\">{\"@context\":\"https:\\\/\\\/schema.org\",\"@graph\":[{\"@type\":\"WebPage\",\"@id\":\"https:\\\/\\\/www.belzona.be\\\/fr\\\/product\\\/serie-polymeres-magma\\\/belzona-4361-epoxy-coating-voor-beton\\\/\",\"url\":\"https:\\\/\\\/www.belzona.be\\\/fr\\\/product\\\/serie-polymeres-magma\\\/belzona-4361-epoxy-coating-voor-beton\\\/\",\"name\":\"Belzona 4361 : rev\u00eatement \u00e9poxy b\u00e9ton | Perspect BE\",\"isPartOf\":{\"@id\":\"https:\\\/\\\/www.belzona.be\\\/fr\\\/#website\"},\"primaryImageOfPage\":{\"@id\":\"https:\\\/\\\/www.belzona.be\\\/fr\\\/product\\\/serie-polymeres-magma\\\/belzona-4361-epoxy-coating-voor-beton\\\/#primaryimage\"},\"image\":{\"@id\":\"https:\\\/\\\/www.belzona.be\\\/fr\\\/product\\\/serie-polymeres-magma\\\/belzona-4361-epoxy-coating-voor-beton\\\/#primaryimage\"},\"thumbnailUrl\":\"https:\\\/\\\/www.belzona.be\\\/fr\\\/wp-content\\\/uploads\\\/sites\\\/4\\\/2022\\\/12\\\/Belzona4361.webp\",\"datePublished\":\"2022-12-21T08:03:32+00:00\",\"dateModified\":\"2025-12-18T08:49:33+00:00\",\"description\":\"Rev\u00eatement \u00e9poxy b\u00e9ton Belzona 4361 : protection flexible et chimique des zones de confinement et structures en b\u00e9ton. Application simple et durable.\",\"breadcrumb\":{\"@id\":\"https:\\\/\\\/www.belzona.be\\\/fr\\\/product\\\/serie-polymeres-magma\\\/belzona-4361-epoxy-coating-voor-beton\\\/#breadcrumb\"},\"inLanguage\":\"fr-BE\",\"potentialAction\":[{\"@type\":\"ReadAction\",\"target\":[\"https:\\\/\\\/www.belzona.be\\\/fr\\\/product\\\/serie-polymeres-magma\\\/belzona-4361-epoxy-coating-voor-beton\\\/\"]}]},{\"@type\":\"ImageObject\",\"inLanguage\":\"fr-BE\",\"@id\":\"https:\\\/\\\/www.belzona.be\\\/fr\\\/product\\\/serie-polymeres-magma\\\/belzona-4361-epoxy-coating-voor-beton\\\/#primaryimage\",\"url\":\"https:\\\/\\\/www.belzona.be\\\/fr\\\/wp-content\\\/uploads\\\/sites\\\/4\\\/2022\\\/12\\\/Belzona4361.webp\",\"contentUrl\":\"https:\\\/\\\/www.belzona.be\\\/fr\\\/wp-content\\\/uploads\\\/sites\\\/4\\\/2022\\\/12\\\/Belzona4361.webp\",\"width\":1536,\"height\":1024},{\"@type\":\"BreadcrumbList\",\"@id\":\"https:\\\/\\\/www.belzona.be\\\/fr\\\/product\\\/serie-polymeres-magma\\\/belzona-4361-epoxy-coating-voor-beton\\\/#breadcrumb\",\"itemListElement\":[{\"@type\":\"ListItem\",\"position\":1,\"name\":\"Accueil\",\"item\":\"https:\\\/\\\/www.belzona.be\\\/fr\\\/\"},{\"@type\":\"ListItem\",\"position\":2,\"name\":\"Produits\",\"item\":\"https:\\\/\\\/www.belzona.be\\\/fr\\\/produits\\\/\"},{\"@type\":\"ListItem\",\"position\":3,\"name\":\"Belzona 4361 \u2013 Rev\u00eatement \u00e9poxy flexible pour b\u00e9ton\"}]},{\"@type\":\"WebSite\",\"@id\":\"https:\\\/\\\/www.belzona.be\\\/fr\\\/#website\",\"url\":\"https:\\\/\\\/www.belzona.be\\\/fr\\\/\",\"name\":\"Belzona Perspect Belgique FR\",\"description\":\"Belzona : r\u00e9paration, protection et am\u00e9lioration des surfaces. Belzona pr\u00e9vient et r\u00e9pare l&#039;\u00e9rosion, la corrosion, l&#039;abrasion, ainsi que les d\u00e9gradations chimiques et m\u00e9caniques.\",\"potentialAction\":[{\"@type\":\"SearchAction\",\"target\":{\"@type\":\"EntryPoint\",\"urlTemplate\":\"https:\\\/\\\/www.belzona.be\\\/fr\\\/?s={search_term_string}\"},\"query-input\":{\"@type\":\"PropertyValueSpecification\",\"valueRequired\":true,\"valueName\":\"search_term_string\"}}],\"inLanguage\":\"fr-BE\"}]}<\/script>\n<!-- \/ Yoast SEO plugin. -->","yoast_head_json":{"title":"Belzona 4361 : rev\u00eatement \u00e9poxy b\u00e9ton | Perspect BE","description":"Rev\u00eatement \u00e9poxy b\u00e9ton Belzona 4361 : protection flexible et chimique des zones de confinement et structures en b\u00e9ton. Application simple et durable.","robots":{"index":"index","follow":"follow","max-snippet":"max-snippet:-1","max-image-preview":"max-image-preview:large","max-video-preview":"max-video-preview:-1"},"canonical":"https:\/\/www.belzona.be\/fr\/product\/serie-polymeres-magma\/belzona-4361-epoxy-coating-voor-beton\/","og_locale":"fr_FR","og_type":"article","og_title":"Belzona 4361 : rev\u00eatement \u00e9poxy b\u00e9ton | Perspect BE","og_description":"Rev\u00eatement \u00e9poxy b\u00e9ton Belzona 4361 : protection flexible et chimique des zones de confinement et structures en b\u00e9ton. Application simple et durable.","og_url":"https:\/\/www.belzona.be\/fr\/product\/serie-polymeres-magma\/belzona-4361-epoxy-coating-voor-beton\/","og_site_name":"Belzona Perspect Belgique FR","article_modified_time":"2025-12-18T08:49:33+00:00","og_image":[{"width":1536,"height":1024,"url":"https:\/\/www.belzona.be\/fr\/wp-content\/uploads\/sites\/4\/2022\/12\/Belzona4361.webp","type":"image\/webp"}],"twitter_card":"summary_large_image","twitter_misc":{"Dur\u00e9e de lecture est.":"1 minute"},"schema":{"@context":"https:\/\/schema.org","@graph":[{"@type":"WebPage","@id":"https:\/\/www.belzona.be\/fr\/product\/serie-polymeres-magma\/belzona-4361-epoxy-coating-voor-beton\/","url":"https:\/\/www.belzona.be\/fr\/product\/serie-polymeres-magma\/belzona-4361-epoxy-coating-voor-beton\/","name":"Belzona 4361 : rev\u00eatement \u00e9poxy b\u00e9ton | Perspect BE","isPartOf":{"@id":"https:\/\/www.belzona.be\/fr\/#website"},"primaryImageOfPage":{"@id":"https:\/\/www.belzona.be\/fr\/product\/serie-polymeres-magma\/belzona-4361-epoxy-coating-voor-beton\/#primaryimage"},"image":{"@id":"https:\/\/www.belzona.be\/fr\/product\/serie-polymeres-magma\/belzona-4361-epoxy-coating-voor-beton\/#primaryimage"},"thumbnailUrl":"https:\/\/www.belzona.be\/fr\/wp-content\/uploads\/sites\/4\/2022\/12\/Belzona4361.webp","datePublished":"2022-12-21T08:03:32+00:00","dateModified":"2025-12-18T08:49:33+00:00","description":"Rev\u00eatement \u00e9poxy b\u00e9ton Belzona 4361 : protection flexible et chimique des zones de confinement et structures en b\u00e9ton. Application simple et durable.","breadcrumb":{"@id":"https:\/\/www.belzona.be\/fr\/product\/serie-polymeres-magma\/belzona-4361-epoxy-coating-voor-beton\/#breadcrumb"},"inLanguage":"fr-BE","potentialAction":[{"@type":"ReadAction","target":["https:\/\/www.belzona.be\/fr\/product\/serie-polymeres-magma\/belzona-4361-epoxy-coating-voor-beton\/"]}]},{"@type":"ImageObject","inLanguage":"fr-BE","@id":"https:\/\/www.belzona.be\/fr\/product\/serie-polymeres-magma\/belzona-4361-epoxy-coating-voor-beton\/#primaryimage","url":"https:\/\/www.belzona.be\/fr\/wp-content\/uploads\/sites\/4\/2022\/12\/Belzona4361.webp","contentUrl":"https:\/\/www.belzona.be\/fr\/wp-content\/uploads\/sites\/4\/2022\/12\/Belzona4361.webp","width":1536,"height":1024},{"@type":"BreadcrumbList","@id":"https:\/\/www.belzona.be\/fr\/product\/serie-polymeres-magma\/belzona-4361-epoxy-coating-voor-beton\/#breadcrumb","itemListElement":[{"@type":"ListItem","position":1,"name":"Accueil","item":"https:\/\/www.belzona.be\/fr\/"},{"@type":"ListItem","position":2,"name":"Produits","item":"https:\/\/www.belzona.be\/fr\/produits\/"},{"@type":"ListItem","position":3,"name":"Belzona 4361 \u2013 Rev\u00eatement \u00e9poxy flexible pour b\u00e9ton"}]},{"@type":"WebSite","@id":"https:\/\/www.belzona.be\/fr\/#website","url":"https:\/\/www.belzona.be\/fr\/","name":"Belzona Perspect Belgique FR","description":"Belzona : r\u00e9paration, protection et am\u00e9lioration des surfaces. Belzona pr\u00e9vient et r\u00e9pare l&#039;\u00e9rosion, la corrosion, l&#039;abrasion, ainsi que les d\u00e9gradations chimiques et m\u00e9caniques.","potentialAction":[{"@type":"SearchAction","target":{"@type":"EntryPoint","urlTemplate":"https:\/\/www.belzona.be\/fr\/?s={search_term_string}"},"query-input":{"@type":"PropertyValueSpecification","valueRequired":true,"valueName":"search_term_string"}}],"inLanguage":"fr-BE"}]}},"_links":{"self":[{"href":"https:\/\/www.belzona.be\/fr\/wp-json\/wp\/v2\/product\/481","targetHints":{"allow":["GET"]}}],"collection":[{"href":"https:\/\/www.belzona.be\/fr\/wp-json\/wp\/v2\/product"}],"about":[{"href":"https:\/\/www.belzona.be\/fr\/wp-json\/wp\/v2\/types\/product"}],"wp:featuredmedia":[{"embeddable":true,"href":"https:\/\/www.belzona.be\/fr\/wp-json\/wp\/v2\/media\/1831"}],"wp:attachment":[{"href":"https:\/\/www.belzona.be\/fr\/wp-json\/wp\/v2\/media?parent=481"}],"wp:term":[{"taxonomy":"product_brand","embeddable":true,"href":"https:\/\/www.belzona.be\/fr\/wp-json\/wp\/v2\/product_brand?post=481"},{"taxonomy":"product_cat","embeddable":true,"href":"https:\/\/www.belzona.be\/fr\/wp-json\/wp\/v2\/product_cat?post=481"},{"taxonomy":"product_tag","embeddable":true,"href":"https:\/\/www.belzona.be\/fr\/wp-json\/wp\/v2\/product_tag?post=481"}],"curies":[{"name":"wp","href":"https:\/\/api.w.org\/{rel}","templated":true}]}}