{"id":478,"date":"2022-12-21T09:59:11","date_gmt":"2022-12-21T07:59:11","guid":{"rendered":"https:\/\/www.belzona.nl\/?post_type=product&#038;p=478"},"modified":"2025-12-18T09:49:37","modified_gmt":"2025-12-18T08:49:37","slug":"belzona-4351-magma-cr5-antistatische-coating","status":"publish","type":"product","link":"https:\/\/www.belzona.be\/fr\/product\/serie-polymeres-magma\/belzona-4351-magma-cr5-antistatische-coating\/","title":{"rendered":"Belzona 4351 Magma CR5 \u2013 Rev\u00eatement antistatique r\u00e9sistant aux produits chimiques"},"content":{"rendered":"<p><img decoding=\"async\" class=\"alignnone size-medium wp-image-479 lazyload\" data-src=\"https:\/\/www.belzona.nl\/wp-content\/uploads\/sites\/4\/2022\/12\/belzona-4351-magma-cr5-how-it-works-300x170.jpg\" alt=\"\" width=\"300\" height=\"170\" data-srcset=\"https:\/\/www.belzona.be\/fr\/wp-content\/uploads\/sites\/4\/2022\/12\/belzona-4351-magma-cr5-how-it-works-300x170.jpg 300w, https:\/\/www.belzona.be\/fr\/wp-content\/uploads\/sites\/4\/2022\/12\/belzona-4351-magma-cr5-how-it-works-416x235.jpg 416w, https:\/\/www.belzona.be\/fr\/wp-content\/uploads\/sites\/4\/2022\/12\/belzona-4351-magma-cr5-how-it-works.jpg 738w\" data-sizes=\"(max-width: 300px) 100vw, 300px\" src=\"data:image\/svg+xml;base64,PHN2ZyB3aWR0aD0iMSIgaGVpZ2h0PSIxIiB4bWxucz0iaHR0cDovL3d3dy53My5vcmcvMjAwMC9zdmciPjwvc3ZnPg==\" style=\"--smush-placeholder-width: 300px; --smush-placeholder-aspect-ratio: 300\/170;\" \/><\/p>\n","protected":false},"excerpt":{"rendered":"<p data-start=\"2994\" data-end=\"3284\">Belzona 4351 Magma CR5 est un rev\u00eatement antistatique destin\u00e9 \u00e0 prot\u00e9ger le b\u00e9ton et le m\u00e9tal contre les d\u00e9charges \u00e9lectrostatiques et les agents chimiques agressifs. Le syst\u00e8me, enti\u00e8rement sans solvant, forme une barri\u00e8re chimique durable, en particulier contre les acides et les alcalis.<\/p>\n<p data-start=\"3286\" data-end=\"3593\">Belzona 4351 Magma CR5 est facile \u00e0 m\u00e9langer et \u00e0 appliquer. Ce rev\u00eatement conducteur pr\u00e9sente une r\u00e9sistance \u00e9lev\u00e9e \u00e0 la compression et ne subit ni retrait, ni expansion, ni d\u00e9formation apr\u00e8s application. Il adh\u00e8re fortement au b\u00e9ton, \u00e0 la pierre, \u00e0 la brique ainsi qu\u2019aux aciers inoxydables et au carbone.<\/p>\n<h3 data-start=\"3595\" data-end=\"3622\">Applications typiques<\/h3>\n<p data-start=\"3623\" data-end=\"4013\">\u2022 protection antistatique et chimique des zones de traitement primaire et secondaire<br data-start=\"3707\" data-end=\"3710\" \/>\u2022 r\u00e9servoirs de stockage de carburant et d\u2019hydrocarbures soumis \u00e0 agitation ; pompes, tuyauteries et syst\u00e8mes de filtration<br data-start=\"3833\" data-end=\"3836\" \/>\u2022 rev\u00eatement antistatique pour raffineries et silos \u00e0 grains o\u00f9 des d\u00e9charges \u00e9lectrostatiques peuvent survenir<br data-start=\"3947\" data-end=\"3950\" \/>\u2022 sols antistatiques dans les usines et entrep\u00f4ts industriels<\/p>\n<p>&nbsp;<\/p>\n","protected":false},"featured_media":1833,"template":"","meta":{"_acf_changed":false,"content-type":"","editor_notices":[]},"product_brand":[],"product_cat":[27],"product_tag":[],"class_list":{"0":"post-478","1":"product","2":"type-product","3":"status-publish","4":"has-post-thumbnail","6":"product_cat-serie-polymeres-magma","8":"first","9":"instock","10":"taxable","11":"shipping-taxable","12":"product-type-simple"},"acf":[],"yoast_head":"<!-- This site is optimized with the Yoast SEO plugin v27.3 - https:\/\/yoast.com\/product\/yoast-seo-wordpress\/ -->\n<title>Belzona 4351 : rev\u00eatement antistatique chimique | Perspect BE<\/title>\n<meta name=\"description\" content=\"Rev\u00eatement antistatique Belzona 4351 : protection du b\u00e9ton et du m\u00e9tal contre d\u00e9charges \u00e9lectrostatiques et agents chimiques.\" \/>\n<meta name=\"robots\" content=\"index, follow, max-snippet:-1, max-image-preview:large, max-video-preview:-1\" \/>\n<link rel=\"canonical\" href=\"https:\/\/www.belzona.be\/fr\/product\/serie-polymeres-magma\/belzona-4351-magma-cr5-antistatische-coating\/\" \/>\n<meta property=\"og:locale\" content=\"fr_FR\" \/>\n<meta property=\"og:type\" content=\"article\" \/>\n<meta property=\"og:title\" content=\"Belzona 4351 : rev\u00eatement antistatique chimique | Perspect BE\" \/>\n<meta property=\"og:description\" content=\"Rev\u00eatement antistatique Belzona 4351 : protection du b\u00e9ton et du m\u00e9tal contre d\u00e9charges \u00e9lectrostatiques et agents chimiques.\" \/>\n<meta property=\"og:url\" content=\"https:\/\/www.belzona.be\/fr\/product\/serie-polymeres-magma\/belzona-4351-magma-cr5-antistatische-coating\/\" \/>\n<meta property=\"og:site_name\" content=\"Belzona Perspect Belgique FR\" \/>\n<meta property=\"article:modified_time\" content=\"2025-12-18T08:49:37+00:00\" \/>\n<meta property=\"og:image\" content=\"https:\/\/www.belzona.be\/fr\/wp-content\/uploads\/sites\/4\/2022\/12\/belzona4351.webp\" \/>\n\t<meta property=\"og:image:width\" content=\"1536\" \/>\n\t<meta property=\"og:image:height\" content=\"1024\" \/>\n\t<meta property=\"og:image:type\" content=\"image\/webp\" \/>\n<meta name=\"twitter:card\" content=\"summary_large_image\" \/>\n<meta name=\"twitter:label1\" content=\"Dur\u00e9e de lecture est.\" \/>\n\t<meta name=\"twitter:data1\" content=\"1 minute\" \/>\n<script type=\"application\/ld+json\" class=\"yoast-schema-graph\">{\"@context\":\"https:\\\/\\\/schema.org\",\"@graph\":[{\"@type\":\"WebPage\",\"@id\":\"https:\\\/\\\/www.belzona.be\\\/fr\\\/product\\\/serie-polymeres-magma\\\/belzona-4351-magma-cr5-antistatische-coating\\\/\",\"url\":\"https:\\\/\\\/www.belzona.be\\\/fr\\\/product\\\/serie-polymeres-magma\\\/belzona-4351-magma-cr5-antistatische-coating\\\/\",\"name\":\"Belzona 4351 : rev\u00eatement antistatique chimique | Perspect BE\",\"isPartOf\":{\"@id\":\"https:\\\/\\\/www.belzona.be\\\/fr\\\/#website\"},\"primaryImageOfPage\":{\"@id\":\"https:\\\/\\\/www.belzona.be\\\/fr\\\/product\\\/serie-polymeres-magma\\\/belzona-4351-magma-cr5-antistatische-coating\\\/#primaryimage\"},\"image\":{\"@id\":\"https:\\\/\\\/www.belzona.be\\\/fr\\\/product\\\/serie-polymeres-magma\\\/belzona-4351-magma-cr5-antistatische-coating\\\/#primaryimage\"},\"thumbnailUrl\":\"https:\\\/\\\/www.belzona.be\\\/fr\\\/wp-content\\\/uploads\\\/sites\\\/4\\\/2022\\\/12\\\/belzona4351.webp\",\"datePublished\":\"2022-12-21T07:59:11+00:00\",\"dateModified\":\"2025-12-18T08:49:37+00:00\",\"description\":\"Rev\u00eatement antistatique Belzona 4351 : protection du b\u00e9ton et du m\u00e9tal contre d\u00e9charges \u00e9lectrostatiques et agents chimiques.\",\"breadcrumb\":{\"@id\":\"https:\\\/\\\/www.belzona.be\\\/fr\\\/product\\\/serie-polymeres-magma\\\/belzona-4351-magma-cr5-antistatische-coating\\\/#breadcrumb\"},\"inLanguage\":\"fr-BE\",\"potentialAction\":[{\"@type\":\"ReadAction\",\"target\":[\"https:\\\/\\\/www.belzona.be\\\/fr\\\/product\\\/serie-polymeres-magma\\\/belzona-4351-magma-cr5-antistatische-coating\\\/\"]}]},{\"@type\":\"ImageObject\",\"inLanguage\":\"fr-BE\",\"@id\":\"https:\\\/\\\/www.belzona.be\\\/fr\\\/product\\\/serie-polymeres-magma\\\/belzona-4351-magma-cr5-antistatische-coating\\\/#primaryimage\",\"url\":\"https:\\\/\\\/www.belzona.be\\\/fr\\\/wp-content\\\/uploads\\\/sites\\\/4\\\/2022\\\/12\\\/belzona4351.webp\",\"contentUrl\":\"https:\\\/\\\/www.belzona.be\\\/fr\\\/wp-content\\\/uploads\\\/sites\\\/4\\\/2022\\\/12\\\/belzona4351.webp\",\"width\":1536,\"height\":1024},{\"@type\":\"BreadcrumbList\",\"@id\":\"https:\\\/\\\/www.belzona.be\\\/fr\\\/product\\\/serie-polymeres-magma\\\/belzona-4351-magma-cr5-antistatische-coating\\\/#breadcrumb\",\"itemListElement\":[{\"@type\":\"ListItem\",\"position\":1,\"name\":\"Accueil\",\"item\":\"https:\\\/\\\/www.belzona.be\\\/fr\\\/\"},{\"@type\":\"ListItem\",\"position\":2,\"name\":\"Produits\",\"item\":\"https:\\\/\\\/www.belzona.be\\\/fr\\\/produits\\\/\"},{\"@type\":\"ListItem\",\"position\":3,\"name\":\"Belzona 4351 Magma CR5 \u2013 Rev\u00eatement antistatique r\u00e9sistant aux produits chimiques\"}]},{\"@type\":\"WebSite\",\"@id\":\"https:\\\/\\\/www.belzona.be\\\/fr\\\/#website\",\"url\":\"https:\\\/\\\/www.belzona.be\\\/fr\\\/\",\"name\":\"Belzona Perspect Belgique FR\",\"description\":\"Belzona : r\u00e9paration, protection et am\u00e9lioration des surfaces. Belzona pr\u00e9vient et r\u00e9pare l&#039;\u00e9rosion, la corrosion, l&#039;abrasion, ainsi que les d\u00e9gradations chimiques et m\u00e9caniques.\",\"potentialAction\":[{\"@type\":\"SearchAction\",\"target\":{\"@type\":\"EntryPoint\",\"urlTemplate\":\"https:\\\/\\\/www.belzona.be\\\/fr\\\/?s={search_term_string}\"},\"query-input\":{\"@type\":\"PropertyValueSpecification\",\"valueRequired\":true,\"valueName\":\"search_term_string\"}}],\"inLanguage\":\"fr-BE\"}]}<\/script>\n<!-- \/ Yoast SEO plugin. -->","yoast_head_json":{"title":"Belzona 4351 : rev\u00eatement antistatique chimique | Perspect BE","description":"Rev\u00eatement antistatique Belzona 4351 : protection du b\u00e9ton et du m\u00e9tal contre d\u00e9charges \u00e9lectrostatiques et agents chimiques.","robots":{"index":"index","follow":"follow","max-snippet":"max-snippet:-1","max-image-preview":"max-image-preview:large","max-video-preview":"max-video-preview:-1"},"canonical":"https:\/\/www.belzona.be\/fr\/product\/serie-polymeres-magma\/belzona-4351-magma-cr5-antistatische-coating\/","og_locale":"fr_FR","og_type":"article","og_title":"Belzona 4351 : rev\u00eatement antistatique chimique | Perspect BE","og_description":"Rev\u00eatement antistatique Belzona 4351 : protection du b\u00e9ton et du m\u00e9tal contre d\u00e9charges \u00e9lectrostatiques et agents chimiques.","og_url":"https:\/\/www.belzona.be\/fr\/product\/serie-polymeres-magma\/belzona-4351-magma-cr5-antistatische-coating\/","og_site_name":"Belzona Perspect Belgique FR","article_modified_time":"2025-12-18T08:49:37+00:00","og_image":[{"width":1536,"height":1024,"url":"https:\/\/www.belzona.be\/fr\/wp-content\/uploads\/sites\/4\/2022\/12\/belzona4351.webp","type":"image\/webp"}],"twitter_card":"summary_large_image","twitter_misc":{"Dur\u00e9e de lecture est.":"1 minute"},"schema":{"@context":"https:\/\/schema.org","@graph":[{"@type":"WebPage","@id":"https:\/\/www.belzona.be\/fr\/product\/serie-polymeres-magma\/belzona-4351-magma-cr5-antistatische-coating\/","url":"https:\/\/www.belzona.be\/fr\/product\/serie-polymeres-magma\/belzona-4351-magma-cr5-antistatische-coating\/","name":"Belzona 4351 : rev\u00eatement antistatique chimique | Perspect BE","isPartOf":{"@id":"https:\/\/www.belzona.be\/fr\/#website"},"primaryImageOfPage":{"@id":"https:\/\/www.belzona.be\/fr\/product\/serie-polymeres-magma\/belzona-4351-magma-cr5-antistatische-coating\/#primaryimage"},"image":{"@id":"https:\/\/www.belzona.be\/fr\/product\/serie-polymeres-magma\/belzona-4351-magma-cr5-antistatische-coating\/#primaryimage"},"thumbnailUrl":"https:\/\/www.belzona.be\/fr\/wp-content\/uploads\/sites\/4\/2022\/12\/belzona4351.webp","datePublished":"2022-12-21T07:59:11+00:00","dateModified":"2025-12-18T08:49:37+00:00","description":"Rev\u00eatement antistatique Belzona 4351 : protection du b\u00e9ton et du m\u00e9tal contre d\u00e9charges \u00e9lectrostatiques et agents chimiques.","breadcrumb":{"@id":"https:\/\/www.belzona.be\/fr\/product\/serie-polymeres-magma\/belzona-4351-magma-cr5-antistatische-coating\/#breadcrumb"},"inLanguage":"fr-BE","potentialAction":[{"@type":"ReadAction","target":["https:\/\/www.belzona.be\/fr\/product\/serie-polymeres-magma\/belzona-4351-magma-cr5-antistatische-coating\/"]}]},{"@type":"ImageObject","inLanguage":"fr-BE","@id":"https:\/\/www.belzona.be\/fr\/product\/serie-polymeres-magma\/belzona-4351-magma-cr5-antistatische-coating\/#primaryimage","url":"https:\/\/www.belzona.be\/fr\/wp-content\/uploads\/sites\/4\/2022\/12\/belzona4351.webp","contentUrl":"https:\/\/www.belzona.be\/fr\/wp-content\/uploads\/sites\/4\/2022\/12\/belzona4351.webp","width":1536,"height":1024},{"@type":"BreadcrumbList","@id":"https:\/\/www.belzona.be\/fr\/product\/serie-polymeres-magma\/belzona-4351-magma-cr5-antistatische-coating\/#breadcrumb","itemListElement":[{"@type":"ListItem","position":1,"name":"Accueil","item":"https:\/\/www.belzona.be\/fr\/"},{"@type":"ListItem","position":2,"name":"Produits","item":"https:\/\/www.belzona.be\/fr\/produits\/"},{"@type":"ListItem","position":3,"name":"Belzona 4351 Magma CR5 \u2013 Rev\u00eatement antistatique r\u00e9sistant aux produits chimiques"}]},{"@type":"WebSite","@id":"https:\/\/www.belzona.be\/fr\/#website","url":"https:\/\/www.belzona.be\/fr\/","name":"Belzona Perspect Belgique FR","description":"Belzona : r\u00e9paration, protection et am\u00e9lioration des surfaces. Belzona pr\u00e9vient et r\u00e9pare l&#039;\u00e9rosion, la corrosion, l&#039;abrasion, ainsi que les d\u00e9gradations chimiques et m\u00e9caniques.","potentialAction":[{"@type":"SearchAction","target":{"@type":"EntryPoint","urlTemplate":"https:\/\/www.belzona.be\/fr\/?s={search_term_string}"},"query-input":{"@type":"PropertyValueSpecification","valueRequired":true,"valueName":"search_term_string"}}],"inLanguage":"fr-BE"}]}},"_links":{"self":[{"href":"https:\/\/www.belzona.be\/fr\/wp-json\/wp\/v2\/product\/478","targetHints":{"allow":["GET"]}}],"collection":[{"href":"https:\/\/www.belzona.be\/fr\/wp-json\/wp\/v2\/product"}],"about":[{"href":"https:\/\/www.belzona.be\/fr\/wp-json\/wp\/v2\/types\/product"}],"wp:featuredmedia":[{"embeddable":true,"href":"https:\/\/www.belzona.be\/fr\/wp-json\/wp\/v2\/media\/1833"}],"wp:attachment":[{"href":"https:\/\/www.belzona.be\/fr\/wp-json\/wp\/v2\/media?parent=478"}],"wp:term":[{"taxonomy":"product_brand","embeddable":true,"href":"https:\/\/www.belzona.be\/fr\/wp-json\/wp\/v2\/product_brand?post=478"},{"taxonomy":"product_cat","embeddable":true,"href":"https:\/\/www.belzona.be\/fr\/wp-json\/wp\/v2\/product_cat?post=478"},{"taxonomy":"product_tag","embeddable":true,"href":"https:\/\/www.belzona.be\/fr\/wp-json\/wp\/v2\/product_tag?post=478"}],"curies":[{"name":"wp","href":"https:\/\/api.w.org\/{rel}","templated":true}]}}