{"id":476,"date":"2022-12-21T09:54:29","date_gmt":"2022-12-21T07:54:29","guid":{"rendered":"https:\/\/www.belzona.nl\/?post_type=product&#038;p=476"},"modified":"2025-12-18T09:49:40","modified_gmt":"2025-12-18T08:49:40","slug":"belzona-4341-magma-cr4-anorganisch-zuurbestendige-coating","status":"publish","type":"product","link":"https:\/\/www.belzona.be\/fr\/product\/serie-polymeres-magma\/belzona-4341-magma-cr4-anorganisch-zuurbestendige-coating\/","title":{"rendered":"Belzona 4341 Magma CR4 \u2013 Rev\u00eatement acide inorganique haute performance"},"content":{"rendered":"","protected":false},"excerpt":{"rendered":"<p data-start=\"3117\" data-end=\"3524\">Belzona 4341 Magma CR4 est un rev\u00eatement acide inorganique con\u00e7u pour prot\u00e9ger le m\u00e9tal et le b\u00e9ton contre les acides min\u00e9raux agressifs, tels que l\u2019acide sulfurique et l\u2019acide chlorhydrique, jusqu\u2019\u00e0 90 \u00b0C. Ce syst\u00e8me sans solvant pr\u00e9sente une excellente r\u00e9sistance \u00e0 une large gamme de produits chimiques et forme une barri\u00e8re chimique durable sur les surfaces d\u00e9t\u00e9rior\u00e9es par les environnements corrosifs.<\/p>\n<p data-start=\"3526\" data-end=\"3809\">Belzona 4341 Magma CR4 est conforme aux exigences USDA en mati\u00e8re de contact alimentaire accidentel. Son durcissement rapide permet de r\u00e9duire les temps d\u2019arr\u00eat. Le rev\u00eatement adh\u00e8re fortement au b\u00e9ton, \u00e0 la fibre de verre, \u00e0 la brique, ainsi qu\u2019aux aciers inoxydables et au carbone.<\/p>\n<h3 data-start=\"3811\" data-end=\"3838\">Applications typiques<\/h3>\n<p data-start=\"3839\" data-end=\"4064\">\u2022 murs et structures soumis aux acides min\u00e9raux<br data-start=\"3886\" data-end=\"3889\" \/>\u2022 rev\u00eatements internes de r\u00e9acteurs<br data-start=\"3924\" data-end=\"3927\" \/>\u2022 fondations et corps de pompes<br data-start=\"3958\" data-end=\"3961\" \/>\u2022 r\u00e9servoirs et supports de r\u00e9servoirs<br data-start=\"3999\" data-end=\"4002\" \/>\u2022 zones de transfert et de d\u00e9versement de produits chimiques<\/p>\n<p><strong>T\u00e9l\u00e9chargements:<\/strong><\/p>\n<p><a href=\"https:\/\/www.belzona.nl\/wp-content\/uploads\/sites\/4\/2022\/12\/Belzona-4341.pdf\">Belzona 4341<\/a><br \/>\n<a href=\"https:\/\/www.belzona.nl\/wp-content\/uploads\/sites\/4\/2022\/12\/IFU-4341.pdf\">Instructions d&rsquo;utilisation 4341<\/a><br \/>\n<a href=\"https:\/\/www.belzona.nl\/wp-content\/uploads\/sites\/4\/2022\/12\/31-10787.pdf\">informations sur la s\u00e9curit\u00e9 base<\/a><br \/>\n<a href=\"https:\/\/www.belzona.nl\/wp-content\/uploads\/sites\/4\/2022\/12\/31-10379.pdf\">informations sur la s\u00e9curit\u00e9 solidifiant<\/a><\/p>\n","protected":false},"featured_media":477,"template":"","meta":{"_acf_changed":false,"content-type":"","editor_notices":[]},"product_brand":[],"product_cat":[27],"product_tag":[],"class_list":{"0":"post-476","1":"product","2":"type-product","3":"status-publish","4":"has-post-thumbnail","6":"product_cat-serie-polymeres-magma","8":"first","9":"instock","10":"taxable","11":"shipping-taxable","12":"product-type-simple"},"acf":[],"yoast_head":"<!-- This site is optimized with the Yoast SEO plugin v27.3 - https:\/\/yoast.com\/product\/yoast-seo-wordpress\/ -->\n<title>Belzona 4341 : rev\u00eatement acide inorganique | Perspect BE<\/title>\n<meta name=\"description\" content=\"Rev\u00eatement acide inorganique Belzona 4341 pour prot\u00e9ger b\u00e9ton et m\u00e9tal contre acides min\u00e9raux agressifs. Haute r\u00e9sistance chimique.\" \/>\n<meta name=\"robots\" content=\"index, follow, max-snippet:-1, max-image-preview:large, max-video-preview:-1\" \/>\n<link rel=\"canonical\" href=\"https:\/\/www.belzona.be\/fr\/product\/serie-polymeres-magma\/belzona-4341-magma-cr4-anorganisch-zuurbestendige-coating\/\" \/>\n<meta property=\"og:locale\" content=\"fr_FR\" \/>\n<meta property=\"og:type\" content=\"article\" \/>\n<meta property=\"og:title\" content=\"Belzona 4341 : rev\u00eatement acide inorganique | Perspect BE\" \/>\n<meta property=\"og:description\" content=\"Rev\u00eatement acide inorganique Belzona 4341 pour prot\u00e9ger b\u00e9ton et m\u00e9tal contre acides min\u00e9raux agressifs. Haute r\u00e9sistance chimique.\" \/>\n<meta property=\"og:url\" content=\"https:\/\/www.belzona.be\/fr\/product\/serie-polymeres-magma\/belzona-4341-magma-cr4-anorganisch-zuurbestendige-coating\/\" \/>\n<meta property=\"og:site_name\" content=\"Belzona Perspect Belgique FR\" \/>\n<meta property=\"article:modified_time\" content=\"2025-12-18T08:49:40+00:00\" \/>\n<meta property=\"og:image\" content=\"https:\/\/www.belzona.be\/fr\/wp-content\/uploads\/sites\/4\/2022\/12\/belzona-4341-magma-cr4.jpg\" \/>\n\t<meta property=\"og:image:width\" content=\"688\" \/>\n\t<meta property=\"og:image:height\" content=\"688\" \/>\n\t<meta property=\"og:image:type\" content=\"image\/jpeg\" \/>\n<meta name=\"twitter:card\" content=\"summary_large_image\" \/>\n<meta name=\"twitter:label1\" content=\"Dur\u00e9e de lecture est.\" \/>\n\t<meta name=\"twitter:data1\" content=\"1 minute\" \/>\n<script type=\"application\/ld+json\" class=\"yoast-schema-graph\">{\"@context\":\"https:\\\/\\\/schema.org\",\"@graph\":[{\"@type\":\"WebPage\",\"@id\":\"https:\\\/\\\/www.belzona.be\\\/fr\\\/product\\\/serie-polymeres-magma\\\/belzona-4341-magma-cr4-anorganisch-zuurbestendige-coating\\\/\",\"url\":\"https:\\\/\\\/www.belzona.be\\\/fr\\\/product\\\/serie-polymeres-magma\\\/belzona-4341-magma-cr4-anorganisch-zuurbestendige-coating\\\/\",\"name\":\"Belzona 4341 : rev\u00eatement acide inorganique | Perspect BE\",\"isPartOf\":{\"@id\":\"https:\\\/\\\/www.belzona.be\\\/fr\\\/#website\"},\"primaryImageOfPage\":{\"@id\":\"https:\\\/\\\/www.belzona.be\\\/fr\\\/product\\\/serie-polymeres-magma\\\/belzona-4341-magma-cr4-anorganisch-zuurbestendige-coating\\\/#primaryimage\"},\"image\":{\"@id\":\"https:\\\/\\\/www.belzona.be\\\/fr\\\/product\\\/serie-polymeres-magma\\\/belzona-4341-magma-cr4-anorganisch-zuurbestendige-coating\\\/#primaryimage\"},\"thumbnailUrl\":\"https:\\\/\\\/www.belzona.be\\\/fr\\\/wp-content\\\/uploads\\\/sites\\\/4\\\/2022\\\/12\\\/belzona-4341-magma-cr4.jpg\",\"datePublished\":\"2022-12-21T07:54:29+00:00\",\"dateModified\":\"2025-12-18T08:49:40+00:00\",\"description\":\"Rev\u00eatement acide inorganique Belzona 4341 pour prot\u00e9ger b\u00e9ton et m\u00e9tal contre acides min\u00e9raux agressifs. Haute r\u00e9sistance chimique.\",\"breadcrumb\":{\"@id\":\"https:\\\/\\\/www.belzona.be\\\/fr\\\/product\\\/serie-polymeres-magma\\\/belzona-4341-magma-cr4-anorganisch-zuurbestendige-coating\\\/#breadcrumb\"},\"inLanguage\":\"fr-BE\",\"potentialAction\":[{\"@type\":\"ReadAction\",\"target\":[\"https:\\\/\\\/www.belzona.be\\\/fr\\\/product\\\/serie-polymeres-magma\\\/belzona-4341-magma-cr4-anorganisch-zuurbestendige-coating\\\/\"]}]},{\"@type\":\"ImageObject\",\"inLanguage\":\"fr-BE\",\"@id\":\"https:\\\/\\\/www.belzona.be\\\/fr\\\/product\\\/serie-polymeres-magma\\\/belzona-4341-magma-cr4-anorganisch-zuurbestendige-coating\\\/#primaryimage\",\"url\":\"https:\\\/\\\/www.belzona.be\\\/fr\\\/wp-content\\\/uploads\\\/sites\\\/4\\\/2022\\\/12\\\/belzona-4341-magma-cr4.jpg\",\"contentUrl\":\"https:\\\/\\\/www.belzona.be\\\/fr\\\/wp-content\\\/uploads\\\/sites\\\/4\\\/2022\\\/12\\\/belzona-4341-magma-cr4.jpg\",\"width\":688,\"height\":688},{\"@type\":\"BreadcrumbList\",\"@id\":\"https:\\\/\\\/www.belzona.be\\\/fr\\\/product\\\/serie-polymeres-magma\\\/belzona-4341-magma-cr4-anorganisch-zuurbestendige-coating\\\/#breadcrumb\",\"itemListElement\":[{\"@type\":\"ListItem\",\"position\":1,\"name\":\"Accueil\",\"item\":\"https:\\\/\\\/www.belzona.be\\\/fr\\\/\"},{\"@type\":\"ListItem\",\"position\":2,\"name\":\"Produits\",\"item\":\"https:\\\/\\\/www.belzona.be\\\/fr\\\/produits\\\/\"},{\"@type\":\"ListItem\",\"position\":3,\"name\":\"Belzona 4341 Magma CR4 \u2013 Rev\u00eatement acide inorganique haute performance\"}]},{\"@type\":\"WebSite\",\"@id\":\"https:\\\/\\\/www.belzona.be\\\/fr\\\/#website\",\"url\":\"https:\\\/\\\/www.belzona.be\\\/fr\\\/\",\"name\":\"Belzona Perspect Belgique FR\",\"description\":\"Belzona : r\u00e9paration, protection et am\u00e9lioration des surfaces. Belzona pr\u00e9vient et r\u00e9pare l&#039;\u00e9rosion, la corrosion, l&#039;abrasion, ainsi que les d\u00e9gradations chimiques et m\u00e9caniques.\",\"potentialAction\":[{\"@type\":\"SearchAction\",\"target\":{\"@type\":\"EntryPoint\",\"urlTemplate\":\"https:\\\/\\\/www.belzona.be\\\/fr\\\/?s={search_term_string}\"},\"query-input\":{\"@type\":\"PropertyValueSpecification\",\"valueRequired\":true,\"valueName\":\"search_term_string\"}}],\"inLanguage\":\"fr-BE\"}]}<\/script>\n<!-- \/ Yoast SEO plugin. -->","yoast_head_json":{"title":"Belzona 4341 : rev\u00eatement acide inorganique | Perspect BE","description":"Rev\u00eatement acide inorganique Belzona 4341 pour prot\u00e9ger b\u00e9ton et m\u00e9tal contre acides min\u00e9raux agressifs. Haute r\u00e9sistance chimique.","robots":{"index":"index","follow":"follow","max-snippet":"max-snippet:-1","max-image-preview":"max-image-preview:large","max-video-preview":"max-video-preview:-1"},"canonical":"https:\/\/www.belzona.be\/fr\/product\/serie-polymeres-magma\/belzona-4341-magma-cr4-anorganisch-zuurbestendige-coating\/","og_locale":"fr_FR","og_type":"article","og_title":"Belzona 4341 : rev\u00eatement acide inorganique | Perspect BE","og_description":"Rev\u00eatement acide inorganique Belzona 4341 pour prot\u00e9ger b\u00e9ton et m\u00e9tal contre acides min\u00e9raux agressifs. Haute r\u00e9sistance chimique.","og_url":"https:\/\/www.belzona.be\/fr\/product\/serie-polymeres-magma\/belzona-4341-magma-cr4-anorganisch-zuurbestendige-coating\/","og_site_name":"Belzona Perspect Belgique FR","article_modified_time":"2025-12-18T08:49:40+00:00","og_image":[{"width":688,"height":688,"url":"https:\/\/www.belzona.be\/fr\/wp-content\/uploads\/sites\/4\/2022\/12\/belzona-4341-magma-cr4.jpg","type":"image\/jpeg"}],"twitter_card":"summary_large_image","twitter_misc":{"Dur\u00e9e de lecture est.":"1 minute"},"schema":{"@context":"https:\/\/schema.org","@graph":[{"@type":"WebPage","@id":"https:\/\/www.belzona.be\/fr\/product\/serie-polymeres-magma\/belzona-4341-magma-cr4-anorganisch-zuurbestendige-coating\/","url":"https:\/\/www.belzona.be\/fr\/product\/serie-polymeres-magma\/belzona-4341-magma-cr4-anorganisch-zuurbestendige-coating\/","name":"Belzona 4341 : rev\u00eatement acide inorganique | Perspect BE","isPartOf":{"@id":"https:\/\/www.belzona.be\/fr\/#website"},"primaryImageOfPage":{"@id":"https:\/\/www.belzona.be\/fr\/product\/serie-polymeres-magma\/belzona-4341-magma-cr4-anorganisch-zuurbestendige-coating\/#primaryimage"},"image":{"@id":"https:\/\/www.belzona.be\/fr\/product\/serie-polymeres-magma\/belzona-4341-magma-cr4-anorganisch-zuurbestendige-coating\/#primaryimage"},"thumbnailUrl":"https:\/\/www.belzona.be\/fr\/wp-content\/uploads\/sites\/4\/2022\/12\/belzona-4341-magma-cr4.jpg","datePublished":"2022-12-21T07:54:29+00:00","dateModified":"2025-12-18T08:49:40+00:00","description":"Rev\u00eatement acide inorganique Belzona 4341 pour prot\u00e9ger b\u00e9ton et m\u00e9tal contre acides min\u00e9raux agressifs. Haute r\u00e9sistance chimique.","breadcrumb":{"@id":"https:\/\/www.belzona.be\/fr\/product\/serie-polymeres-magma\/belzona-4341-magma-cr4-anorganisch-zuurbestendige-coating\/#breadcrumb"},"inLanguage":"fr-BE","potentialAction":[{"@type":"ReadAction","target":["https:\/\/www.belzona.be\/fr\/product\/serie-polymeres-magma\/belzona-4341-magma-cr4-anorganisch-zuurbestendige-coating\/"]}]},{"@type":"ImageObject","inLanguage":"fr-BE","@id":"https:\/\/www.belzona.be\/fr\/product\/serie-polymeres-magma\/belzona-4341-magma-cr4-anorganisch-zuurbestendige-coating\/#primaryimage","url":"https:\/\/www.belzona.be\/fr\/wp-content\/uploads\/sites\/4\/2022\/12\/belzona-4341-magma-cr4.jpg","contentUrl":"https:\/\/www.belzona.be\/fr\/wp-content\/uploads\/sites\/4\/2022\/12\/belzona-4341-magma-cr4.jpg","width":688,"height":688},{"@type":"BreadcrumbList","@id":"https:\/\/www.belzona.be\/fr\/product\/serie-polymeres-magma\/belzona-4341-magma-cr4-anorganisch-zuurbestendige-coating\/#breadcrumb","itemListElement":[{"@type":"ListItem","position":1,"name":"Accueil","item":"https:\/\/www.belzona.be\/fr\/"},{"@type":"ListItem","position":2,"name":"Produits","item":"https:\/\/www.belzona.be\/fr\/produits\/"},{"@type":"ListItem","position":3,"name":"Belzona 4341 Magma CR4 \u2013 Rev\u00eatement acide inorganique haute performance"}]},{"@type":"WebSite","@id":"https:\/\/www.belzona.be\/fr\/#website","url":"https:\/\/www.belzona.be\/fr\/","name":"Belzona Perspect Belgique FR","description":"Belzona : r\u00e9paration, protection et am\u00e9lioration des surfaces. Belzona pr\u00e9vient et r\u00e9pare l&#039;\u00e9rosion, la corrosion, l&#039;abrasion, ainsi que les d\u00e9gradations chimiques et m\u00e9caniques.","potentialAction":[{"@type":"SearchAction","target":{"@type":"EntryPoint","urlTemplate":"https:\/\/www.belzona.be\/fr\/?s={search_term_string}"},"query-input":{"@type":"PropertyValueSpecification","valueRequired":true,"valueName":"search_term_string"}}],"inLanguage":"fr-BE"}]}},"_links":{"self":[{"href":"https:\/\/www.belzona.be\/fr\/wp-json\/wp\/v2\/product\/476","targetHints":{"allow":["GET"]}}],"collection":[{"href":"https:\/\/www.belzona.be\/fr\/wp-json\/wp\/v2\/product"}],"about":[{"href":"https:\/\/www.belzona.be\/fr\/wp-json\/wp\/v2\/types\/product"}],"wp:featuredmedia":[{"embeddable":true,"href":"https:\/\/www.belzona.be\/fr\/wp-json\/wp\/v2\/media\/477"}],"wp:attachment":[{"href":"https:\/\/www.belzona.be\/fr\/wp-json\/wp\/v2\/media?parent=476"}],"wp:term":[{"taxonomy":"product_brand","embeddable":true,"href":"https:\/\/www.belzona.be\/fr\/wp-json\/wp\/v2\/product_brand?post=476"},{"taxonomy":"product_cat","embeddable":true,"href":"https:\/\/www.belzona.be\/fr\/wp-json\/wp\/v2\/product_cat?post=476"},{"taxonomy":"product_tag","embeddable":true,"href":"https:\/\/www.belzona.be\/fr\/wp-json\/wp\/v2\/product_tag?post=476"}],"curies":[{"name":"wp","href":"https:\/\/api.w.org\/{rel}","templated":true}]}}