{"id":474,"date":"2022-12-21T09:51:13","date_gmt":"2022-12-21T07:51:13","guid":{"rendered":"https:\/\/www.belzona.nl\/?post_type=product&#038;p=474"},"modified":"2025-12-18T09:49:44","modified_gmt":"2025-12-18T08:49:44","slug":"belzona-4331-magma-cr3-zuurbestendige-coating","status":"publish","type":"product","link":"https:\/\/www.belzona.be\/fr\/product\/serie-polymeres-magma\/belzona-4331-magma-cr3-zuurbestendige-coating\/","title":{"rendered":"Belzona 4331 Magma CR3 \u2013 Rev\u00eatement r\u00e9sistant aux acides"},"content":{"rendered":"<p><iframe title=\"Repair and protection of secondary containment with Belzona\" width=\"980\" height=\"551\" data-src=\"https:\/\/www.youtube.com\/embed\/wGDaHrOpMoo?feature=oembed\" frameborder=\"0\" allow=\"accelerometer; autoplay; clipboard-write; encrypted-media; gyroscope; picture-in-picture; web-share\" referrerpolicy=\"strict-origin-when-cross-origin\" allowfullscreen src=\"data:image\/svg+xml;base64,PHN2ZyB3aWR0aD0iMSIgaGVpZ2h0PSIxIiB4bWxucz0iaHR0cDovL3d3dy53My5vcmcvMjAwMC9zdmciPjwvc3ZnPg==\" class=\"lazyload\" data-load-mode=\"1\"><\/iframe><\/p>\n","protected":false},"excerpt":{"rendered":"<p data-start=\"3584\" data-end=\"3978\">Belzona 4331 Magma CR3 est un rev\u00eatement r\u00e9sistant aux acides destin\u00e9 \u00e0 prot\u00e9ger le m\u00e9tal et le b\u00e9ton contre les acides organiques, tels que l\u2019acide ac\u00e9tique, jusqu\u2019\u00e0 90 \u00b0C. Ce syst\u00e8me sans solvant forme une barri\u00e8re protectrice durable pour les surfaces expos\u00e9es \u00e0 des environnements chimiques s\u00e9v\u00e8res. Il est \u00e9galement conforme aux exigences USDA en mati\u00e8re de contact alimentaire accidentel.<\/p>\n<p data-start=\"3980\" data-end=\"4306\">Belzona 4331 Magma CR3 pr\u00e9sente une excellente r\u00e9sistance aux acides organiques chauds, aux bases et aux solvants industriels agressifs. Il adh\u00e8re fortement au b\u00e9ton, \u00e0 la pierre, \u00e0 la brique, ainsi qu\u2019aux aciers inoxydables et au carbone et au cuivre. Son durcissement rapide permet de r\u00e9duire efficacement les temps d\u2019arr\u00eat.<\/p>\n<h3 data-start=\"4308\" data-end=\"4335\">Applications typiques<\/h3>\n<p data-start=\"4336\" data-end=\"4556\">\u2022 murs et structures r\u00e9sistants aux acides<br data-start=\"4378\" data-end=\"4381\" \/>\u2022 rev\u00eatements internes de r\u00e9acteurs<br data-start=\"4416\" data-end=\"4419\" \/>\u2022 fondations et corps de pompes<br data-start=\"4450\" data-end=\"4453\" \/>\u2022 r\u00e9servoirs et supports de r\u00e9servoirs<br data-start=\"4491\" data-end=\"4494\" \/>\u2022 zones de transfert ou de d\u00e9versement de produits chimiques<\/p>\n<p>&nbsp;<\/p>\n<p><strong>T\u00e9l\u00e9chargements<\/strong><\/p>\n<ul>\n<li><a href=\"https:\/\/www.belzona.nl\/wp-content\/uploads\/sites\/4\/2022\/12\/Belzona-4331.pdf\">Belzona 4331<\/a><\/li>\n<li><a href=\"https:\/\/www.belzona.nl\/wp-content\/uploads\/sites\/4\/2022\/12\/IFU-4331.pdf\">Instructions d&rsquo;utilisation 4331<\/a><br \/>\n<a href=\"https:\/\/www.belzona.nl\/wp-content\/uploads\/sites\/4\/2022\/12\/Veiligheidsinformatie-Base-1.pdf\">informations sur la s\u00e9curit\u00e9 base<\/a><br \/>\n<a href=\"https:\/\/www.belzona.nl\/wp-content\/uploads\/sites\/4\/2022\/12\/Veiligheidsinformatie-Solidifier-1.pdf\">informations sur la s\u00e9curit\u00e9 solidifiant<\/a><\/li>\n<\/ul>\n","protected":false},"featured_media":475,"template":"","meta":{"_acf_changed":false,"content-type":"","editor_notices":[]},"product_brand":[],"product_cat":[27],"product_tag":[],"class_list":{"0":"post-474","1":"product","2":"type-product","3":"status-publish","4":"has-post-thumbnail","6":"product_cat-serie-polymeres-magma","8":"first","9":"instock","10":"taxable","11":"shipping-taxable","12":"product-type-simple"},"acf":[],"yoast_head":"<!-- This site is optimized with the Yoast SEO plugin v27.3 - https:\/\/yoast.com\/product\/yoast-seo-wordpress\/ -->\n<title>Belzona 4331 : rev\u00eatement r\u00e9sistant acide | Perspect BE<\/title>\n<meta name=\"description\" content=\"Rev\u00eatement r\u00e9sistant acide Belzona 4331 pour prot\u00e9ger b\u00e9ton et m\u00e9tal. Sans solvant, r\u00e9sistance chimique et application rapide.\" \/>\n<meta name=\"robots\" content=\"index, follow, max-snippet:-1, max-image-preview:large, max-video-preview:-1\" \/>\n<link rel=\"canonical\" href=\"https:\/\/www.belzona.be\/fr\/product\/serie-polymeres-magma\/belzona-4331-magma-cr3-zuurbestendige-coating\/\" \/>\n<meta property=\"og:locale\" content=\"fr_FR\" \/>\n<meta property=\"og:type\" content=\"article\" \/>\n<meta property=\"og:title\" content=\"Belzona 4331 : rev\u00eatement r\u00e9sistant acide | Perspect BE\" \/>\n<meta property=\"og:description\" content=\"Rev\u00eatement r\u00e9sistant acide Belzona 4331 pour prot\u00e9ger b\u00e9ton et m\u00e9tal. Sans solvant, r\u00e9sistance chimique et application rapide.\" \/>\n<meta property=\"og:url\" content=\"https:\/\/www.belzona.be\/fr\/product\/serie-polymeres-magma\/belzona-4331-magma-cr3-zuurbestendige-coating\/\" \/>\n<meta property=\"og:site_name\" content=\"Belzona Perspect Belgique FR\" \/>\n<meta property=\"article:modified_time\" content=\"2025-12-18T08:49:44+00:00\" \/>\n<meta property=\"og:image\" content=\"https:\/\/www.belzona.be\/fr\/wp-content\/uploads\/sites\/4\/2022\/12\/belzona-4331-magma-cr3.jpg\" \/>\n\t<meta property=\"og:image:width\" content=\"603\" \/>\n\t<meta property=\"og:image:height\" content=\"603\" \/>\n\t<meta property=\"og:image:type\" content=\"image\/jpeg\" \/>\n<meta name=\"twitter:card\" content=\"summary_large_image\" \/>\n<meta name=\"twitter:label1\" content=\"Dur\u00e9e de lecture est.\" \/>\n\t<meta name=\"twitter:data1\" content=\"1 minute\" \/>\n<script type=\"application\/ld+json\" class=\"yoast-schema-graph\">{\"@context\":\"https:\\\/\\\/schema.org\",\"@graph\":[{\"@type\":\"WebPage\",\"@id\":\"https:\\\/\\\/www.belzona.be\\\/fr\\\/product\\\/serie-polymeres-magma\\\/belzona-4331-magma-cr3-zuurbestendige-coating\\\/\",\"url\":\"https:\\\/\\\/www.belzona.be\\\/fr\\\/product\\\/serie-polymeres-magma\\\/belzona-4331-magma-cr3-zuurbestendige-coating\\\/\",\"name\":\"Belzona 4331 : rev\u00eatement r\u00e9sistant acide | Perspect BE\",\"isPartOf\":{\"@id\":\"https:\\\/\\\/www.belzona.be\\\/fr\\\/#website\"},\"primaryImageOfPage\":{\"@id\":\"https:\\\/\\\/www.belzona.be\\\/fr\\\/product\\\/serie-polymeres-magma\\\/belzona-4331-magma-cr3-zuurbestendige-coating\\\/#primaryimage\"},\"image\":{\"@id\":\"https:\\\/\\\/www.belzona.be\\\/fr\\\/product\\\/serie-polymeres-magma\\\/belzona-4331-magma-cr3-zuurbestendige-coating\\\/#primaryimage\"},\"thumbnailUrl\":\"https:\\\/\\\/www.belzona.be\\\/fr\\\/wp-content\\\/uploads\\\/sites\\\/4\\\/2022\\\/12\\\/belzona-4331-magma-cr3.jpg\",\"datePublished\":\"2022-12-21T07:51:13+00:00\",\"dateModified\":\"2025-12-18T08:49:44+00:00\",\"description\":\"Rev\u00eatement r\u00e9sistant acide Belzona 4331 pour prot\u00e9ger b\u00e9ton et m\u00e9tal. Sans solvant, r\u00e9sistance chimique et application rapide.\",\"breadcrumb\":{\"@id\":\"https:\\\/\\\/www.belzona.be\\\/fr\\\/product\\\/serie-polymeres-magma\\\/belzona-4331-magma-cr3-zuurbestendige-coating\\\/#breadcrumb\"},\"inLanguage\":\"fr-BE\",\"potentialAction\":[{\"@type\":\"ReadAction\",\"target\":[\"https:\\\/\\\/www.belzona.be\\\/fr\\\/product\\\/serie-polymeres-magma\\\/belzona-4331-magma-cr3-zuurbestendige-coating\\\/\"]}]},{\"@type\":\"ImageObject\",\"inLanguage\":\"fr-BE\",\"@id\":\"https:\\\/\\\/www.belzona.be\\\/fr\\\/product\\\/serie-polymeres-magma\\\/belzona-4331-magma-cr3-zuurbestendige-coating\\\/#primaryimage\",\"url\":\"https:\\\/\\\/www.belzona.be\\\/fr\\\/wp-content\\\/uploads\\\/sites\\\/4\\\/2022\\\/12\\\/belzona-4331-magma-cr3.jpg\",\"contentUrl\":\"https:\\\/\\\/www.belzona.be\\\/fr\\\/wp-content\\\/uploads\\\/sites\\\/4\\\/2022\\\/12\\\/belzona-4331-magma-cr3.jpg\",\"width\":603,\"height\":603},{\"@type\":\"BreadcrumbList\",\"@id\":\"https:\\\/\\\/www.belzona.be\\\/fr\\\/product\\\/serie-polymeres-magma\\\/belzona-4331-magma-cr3-zuurbestendige-coating\\\/#breadcrumb\",\"itemListElement\":[{\"@type\":\"ListItem\",\"position\":1,\"name\":\"Accueil\",\"item\":\"https:\\\/\\\/www.belzona.be\\\/fr\\\/\"},{\"@type\":\"ListItem\",\"position\":2,\"name\":\"Produits\",\"item\":\"https:\\\/\\\/www.belzona.be\\\/fr\\\/produits\\\/\"},{\"@type\":\"ListItem\",\"position\":3,\"name\":\"Belzona 4331 Magma CR3 \u2013 Rev\u00eatement r\u00e9sistant aux acides\"}]},{\"@type\":\"WebSite\",\"@id\":\"https:\\\/\\\/www.belzona.be\\\/fr\\\/#website\",\"url\":\"https:\\\/\\\/www.belzona.be\\\/fr\\\/\",\"name\":\"Belzona Perspect Belgique FR\",\"description\":\"Belzona : r\u00e9paration, protection et am\u00e9lioration des surfaces. Belzona pr\u00e9vient et r\u00e9pare l&#039;\u00e9rosion, la corrosion, l&#039;abrasion, ainsi que les d\u00e9gradations chimiques et m\u00e9caniques.\",\"potentialAction\":[{\"@type\":\"SearchAction\",\"target\":{\"@type\":\"EntryPoint\",\"urlTemplate\":\"https:\\\/\\\/www.belzona.be\\\/fr\\\/?s={search_term_string}\"},\"query-input\":{\"@type\":\"PropertyValueSpecification\",\"valueRequired\":true,\"valueName\":\"search_term_string\"}}],\"inLanguage\":\"fr-BE\"}]}<\/script>\n<!-- \/ Yoast SEO plugin. -->","yoast_head_json":{"title":"Belzona 4331 : rev\u00eatement r\u00e9sistant acide | Perspect BE","description":"Rev\u00eatement r\u00e9sistant acide Belzona 4331 pour prot\u00e9ger b\u00e9ton et m\u00e9tal. Sans solvant, r\u00e9sistance chimique et application rapide.","robots":{"index":"index","follow":"follow","max-snippet":"max-snippet:-1","max-image-preview":"max-image-preview:large","max-video-preview":"max-video-preview:-1"},"canonical":"https:\/\/www.belzona.be\/fr\/product\/serie-polymeres-magma\/belzona-4331-magma-cr3-zuurbestendige-coating\/","og_locale":"fr_FR","og_type":"article","og_title":"Belzona 4331 : rev\u00eatement r\u00e9sistant acide | Perspect BE","og_description":"Rev\u00eatement r\u00e9sistant acide Belzona 4331 pour prot\u00e9ger b\u00e9ton et m\u00e9tal. Sans solvant, r\u00e9sistance chimique et application rapide.","og_url":"https:\/\/www.belzona.be\/fr\/product\/serie-polymeres-magma\/belzona-4331-magma-cr3-zuurbestendige-coating\/","og_site_name":"Belzona Perspect Belgique FR","article_modified_time":"2025-12-18T08:49:44+00:00","og_image":[{"width":603,"height":603,"url":"https:\/\/www.belzona.be\/fr\/wp-content\/uploads\/sites\/4\/2022\/12\/belzona-4331-magma-cr3.jpg","type":"image\/jpeg"}],"twitter_card":"summary_large_image","twitter_misc":{"Dur\u00e9e de lecture est.":"1 minute"},"schema":{"@context":"https:\/\/schema.org","@graph":[{"@type":"WebPage","@id":"https:\/\/www.belzona.be\/fr\/product\/serie-polymeres-magma\/belzona-4331-magma-cr3-zuurbestendige-coating\/","url":"https:\/\/www.belzona.be\/fr\/product\/serie-polymeres-magma\/belzona-4331-magma-cr3-zuurbestendige-coating\/","name":"Belzona 4331 : rev\u00eatement r\u00e9sistant acide | Perspect BE","isPartOf":{"@id":"https:\/\/www.belzona.be\/fr\/#website"},"primaryImageOfPage":{"@id":"https:\/\/www.belzona.be\/fr\/product\/serie-polymeres-magma\/belzona-4331-magma-cr3-zuurbestendige-coating\/#primaryimage"},"image":{"@id":"https:\/\/www.belzona.be\/fr\/product\/serie-polymeres-magma\/belzona-4331-magma-cr3-zuurbestendige-coating\/#primaryimage"},"thumbnailUrl":"https:\/\/www.belzona.be\/fr\/wp-content\/uploads\/sites\/4\/2022\/12\/belzona-4331-magma-cr3.jpg","datePublished":"2022-12-21T07:51:13+00:00","dateModified":"2025-12-18T08:49:44+00:00","description":"Rev\u00eatement r\u00e9sistant acide Belzona 4331 pour prot\u00e9ger b\u00e9ton et m\u00e9tal. Sans solvant, r\u00e9sistance chimique et application rapide.","breadcrumb":{"@id":"https:\/\/www.belzona.be\/fr\/product\/serie-polymeres-magma\/belzona-4331-magma-cr3-zuurbestendige-coating\/#breadcrumb"},"inLanguage":"fr-BE","potentialAction":[{"@type":"ReadAction","target":["https:\/\/www.belzona.be\/fr\/product\/serie-polymeres-magma\/belzona-4331-magma-cr3-zuurbestendige-coating\/"]}]},{"@type":"ImageObject","inLanguage":"fr-BE","@id":"https:\/\/www.belzona.be\/fr\/product\/serie-polymeres-magma\/belzona-4331-magma-cr3-zuurbestendige-coating\/#primaryimage","url":"https:\/\/www.belzona.be\/fr\/wp-content\/uploads\/sites\/4\/2022\/12\/belzona-4331-magma-cr3.jpg","contentUrl":"https:\/\/www.belzona.be\/fr\/wp-content\/uploads\/sites\/4\/2022\/12\/belzona-4331-magma-cr3.jpg","width":603,"height":603},{"@type":"BreadcrumbList","@id":"https:\/\/www.belzona.be\/fr\/product\/serie-polymeres-magma\/belzona-4331-magma-cr3-zuurbestendige-coating\/#breadcrumb","itemListElement":[{"@type":"ListItem","position":1,"name":"Accueil","item":"https:\/\/www.belzona.be\/fr\/"},{"@type":"ListItem","position":2,"name":"Produits","item":"https:\/\/www.belzona.be\/fr\/produits\/"},{"@type":"ListItem","position":3,"name":"Belzona 4331 Magma CR3 \u2013 Rev\u00eatement r\u00e9sistant aux acides"}]},{"@type":"WebSite","@id":"https:\/\/www.belzona.be\/fr\/#website","url":"https:\/\/www.belzona.be\/fr\/","name":"Belzona Perspect Belgique FR","description":"Belzona : r\u00e9paration, protection et am\u00e9lioration des surfaces. Belzona pr\u00e9vient et r\u00e9pare l&#039;\u00e9rosion, la corrosion, l&#039;abrasion, ainsi que les d\u00e9gradations chimiques et m\u00e9caniques.","potentialAction":[{"@type":"SearchAction","target":{"@type":"EntryPoint","urlTemplate":"https:\/\/www.belzona.be\/fr\/?s={search_term_string}"},"query-input":{"@type":"PropertyValueSpecification","valueRequired":true,"valueName":"search_term_string"}}],"inLanguage":"fr-BE"}]}},"_links":{"self":[{"href":"https:\/\/www.belzona.be\/fr\/wp-json\/wp\/v2\/product\/474","targetHints":{"allow":["GET"]}}],"collection":[{"href":"https:\/\/www.belzona.be\/fr\/wp-json\/wp\/v2\/product"}],"about":[{"href":"https:\/\/www.belzona.be\/fr\/wp-json\/wp\/v2\/types\/product"}],"wp:featuredmedia":[{"embeddable":true,"href":"https:\/\/www.belzona.be\/fr\/wp-json\/wp\/v2\/media\/475"}],"wp:attachment":[{"href":"https:\/\/www.belzona.be\/fr\/wp-json\/wp\/v2\/media?parent=474"}],"wp:term":[{"taxonomy":"product_brand","embeddable":true,"href":"https:\/\/www.belzona.be\/fr\/wp-json\/wp\/v2\/product_brand?post=474"},{"taxonomy":"product_cat","embeddable":true,"href":"https:\/\/www.belzona.be\/fr\/wp-json\/wp\/v2\/product_cat?post=474"},{"taxonomy":"product_tag","embeddable":true,"href":"https:\/\/www.belzona.be\/fr\/wp-json\/wp\/v2\/product_tag?post=474"}],"curies":[{"name":"wp","href":"https:\/\/api.w.org\/{rel}","templated":true}]}}