{"id":472,"date":"2022-12-21T09:48:03","date_gmt":"2022-12-21T07:48:03","guid":{"rendered":"https:\/\/www.belzona.nl\/?post_type=product&#038;p=472"},"modified":"2025-12-18T09:47:01","modified_gmt":"2025-12-18T08:47:01","slug":"belzona-4311-magma-cr1","status":"publish","type":"product","link":"https:\/\/www.belzona.be\/fr\/product\/serie-polymeres-magma\/belzona-4311-magma-cr1\/","title":{"rendered":"Belzona 4311 Magma CR1 \u2013 R\u00e9sine chimique \u00e9poxy haute r\u00e9sistance"},"content":{"rendered":"<p><iframe title=\"Belzona 4311 - Chemical Resistant Coating\" width=\"980\" height=\"551\" data-src=\"https:\/\/www.youtube.com\/embed\/QdpwiyTimxc?feature=oembed\" frameborder=\"0\" allow=\"accelerometer; autoplay; clipboard-write; encrypted-media; gyroscope; picture-in-picture; web-share\" referrerpolicy=\"strict-origin-when-cross-origin\" allowfullscreen src=\"data:image\/svg+xml;base64,PHN2ZyB3aWR0aD0iMSIgaGVpZ2h0PSIxIiB4bWxucz0iaHR0cDovL3d3dy53My5vcmcvMjAwMC9zdmciPjwvc3ZnPg==\" class=\"lazyload\" data-load-mode=\"1\"><\/iframe><\/p>\n","protected":false},"excerpt":{"rendered":"<p data-start=\"3628\" data-end=\"3967\">Belzona 4311 Magma CR1 est une r\u00e9sine chimique \u00e9poxy haute performance con\u00e7ue pour la protection du b\u00e9ton et du m\u00e9tal expos\u00e9s \u00e0 des environnements fortement corrosifs. Sans solvant, le produit am\u00e9liore la s\u00e9curit\u00e9 lors de l\u2019application tout en offrant une r\u00e9sistance \u00e9lev\u00e9e \u00e0 la compression, sans retrait ni d\u00e9formation apr\u00e8s durcissement.<\/p>\n<p data-start=\"3969\" data-end=\"4228\">Belzona 4311 isole durablement les surfaces des agents chimiques agressifs, notamment des acides et des bases. Facile \u00e0 m\u00e9langer et \u00e0 appliquer, il adh\u00e8re fortement au b\u00e9ton, \u00e0 la pierre, \u00e0 la brique ainsi qu\u2019aux aciers inoxydables et au carbone et au cuivre.<\/p>\n<h3 data-start=\"4230\" data-end=\"4257\">Applications typiques<\/h3>\n<p data-start=\"4258\" data-end=\"4474\">\u2022 murs et structures soumis aux acides<br data-start=\"4296\" data-end=\"4299\" \/>\u2022 rev\u00eatements internes de r\u00e9acteurs<br data-start=\"4334\" data-end=\"4337\" \/>\u2022 fondations et corps de pompes<br data-start=\"4368\" data-end=\"4371\" \/>\u2022 r\u00e9servoirs et supports de r\u00e9servoirs<br data-start=\"4409\" data-end=\"4412\" \/>\u2022 zones de transfert ou de d\u00e9versement de produits chimiques<\/p>\n<p><strong>T\u00e9l\u00e9chargements:<\/strong><br \/>\n<a href=\"https:\/\/www.belzona.nl\/wp-content\/uploads\/sites\/4\/2022\/12\/Belzona-4311.pdf\">Belzona 4311<\/a><br \/>\n<a href=\"https:\/\/www.belzona.nl\/wp-content\/uploads\/sites\/4\/2022\/12\/UK4311if_10195.pdf\">Mode d&#8217;emploi 4311<\/a><br \/>\n<a href=\"https:\/\/www.belzona.nl\/wp-content\/uploads\/sites\/4\/2022\/12\/GHS-BASE-NL-2.pdf\">Informations de s\u00e9curit\u00e9 Base<\/a><br \/>\n<a href=\"https:\/\/www.belzona.nl\/wp-content\/uploads\/sites\/4\/2022\/12\/GHS-SOLDIFIER-NL-1.pdf\">Informations de s\u00e9curit\u00e9 Solidifier<\/a><\/p>\n","protected":false},"featured_media":473,"template":"","meta":{"_acf_changed":false,"content-type":"","editor_notices":[]},"product_brand":[],"product_cat":[27],"product_tag":[],"class_list":{"0":"post-472","1":"product","2":"type-product","3":"status-publish","4":"has-post-thumbnail","6":"product_cat-serie-polymeres-magma","8":"first","9":"instock","10":"taxable","11":"shipping-taxable","12":"product-type-simple"},"acf":[],"yoast_head":"<!-- This site is optimized with the Yoast SEO plugin v27.3 - https:\/\/yoast.com\/product\/yoast-seo-wordpress\/ -->\n<title>Belzona 4311 : r\u00e9sine chimique \u00e9poxy | Perspect BE<\/title>\n<meta name=\"description\" content=\"R\u00e9sine chimique Belzona 4311 pour prot\u00e9ger le b\u00e9ton et le m\u00e9tal. Rev\u00eatement \u00e9poxy sans solvant, haute r\u00e9sistance et application simple.\" \/>\n<meta name=\"robots\" content=\"index, follow, max-snippet:-1, max-image-preview:large, max-video-preview:-1\" \/>\n<link rel=\"canonical\" href=\"https:\/\/www.belzona.be\/fr\/product\/serie-polymeres-magma\/belzona-4311-magma-cr1\/\" \/>\n<meta property=\"og:locale\" content=\"fr_FR\" \/>\n<meta property=\"og:type\" content=\"article\" \/>\n<meta property=\"og:title\" content=\"Belzona 4311 : r\u00e9sine chimique \u00e9poxy | Perspect BE\" \/>\n<meta property=\"og:description\" content=\"R\u00e9sine chimique Belzona 4311 pour prot\u00e9ger le b\u00e9ton et le m\u00e9tal. Rev\u00eatement \u00e9poxy sans solvant, haute r\u00e9sistance et application simple.\" \/>\n<meta property=\"og:url\" content=\"https:\/\/www.belzona.be\/fr\/product\/serie-polymeres-magma\/belzona-4311-magma-cr1\/\" \/>\n<meta property=\"og:site_name\" content=\"Belzona Perspect Belgique FR\" \/>\n<meta property=\"article:modified_time\" content=\"2025-12-18T08:47:01+00:00\" \/>\n<meta property=\"og:image\" content=\"https:\/\/www.belzona.be\/fr\/wp-content\/uploads\/sites\/4\/2022\/12\/belzona-4311-magma-cr1.jpg\" \/>\n\t<meta property=\"og:image:width\" content=\"702\" \/>\n\t<meta property=\"og:image:height\" content=\"702\" \/>\n\t<meta property=\"og:image:type\" content=\"image\/jpeg\" \/>\n<meta name=\"twitter:card\" content=\"summary_large_image\" \/>\n<meta name=\"twitter:label1\" content=\"Dur\u00e9e de lecture est.\" \/>\n\t<meta name=\"twitter:data1\" content=\"1 minute\" \/>\n<script type=\"application\/ld+json\" class=\"yoast-schema-graph\">{\"@context\":\"https:\\\/\\\/schema.org\",\"@graph\":[{\"@type\":\"WebPage\",\"@id\":\"https:\\\/\\\/www.belzona.be\\\/fr\\\/product\\\/serie-polymeres-magma\\\/belzona-4311-magma-cr1\\\/\",\"url\":\"https:\\\/\\\/www.belzona.be\\\/fr\\\/product\\\/serie-polymeres-magma\\\/belzona-4311-magma-cr1\\\/\",\"name\":\"Belzona 4311 : r\u00e9sine chimique \u00e9poxy | Perspect BE\",\"isPartOf\":{\"@id\":\"https:\\\/\\\/www.belzona.be\\\/fr\\\/#website\"},\"primaryImageOfPage\":{\"@id\":\"https:\\\/\\\/www.belzona.be\\\/fr\\\/product\\\/serie-polymeres-magma\\\/belzona-4311-magma-cr1\\\/#primaryimage\"},\"image\":{\"@id\":\"https:\\\/\\\/www.belzona.be\\\/fr\\\/product\\\/serie-polymeres-magma\\\/belzona-4311-magma-cr1\\\/#primaryimage\"},\"thumbnailUrl\":\"https:\\\/\\\/www.belzona.be\\\/fr\\\/wp-content\\\/uploads\\\/sites\\\/4\\\/2022\\\/12\\\/belzona-4311-magma-cr1.jpg\",\"datePublished\":\"2022-12-21T07:48:03+00:00\",\"dateModified\":\"2025-12-18T08:47:01+00:00\",\"description\":\"R\u00e9sine chimique Belzona 4311 pour prot\u00e9ger le b\u00e9ton et le m\u00e9tal. Rev\u00eatement \u00e9poxy sans solvant, haute r\u00e9sistance et application simple.\",\"breadcrumb\":{\"@id\":\"https:\\\/\\\/www.belzona.be\\\/fr\\\/product\\\/serie-polymeres-magma\\\/belzona-4311-magma-cr1\\\/#breadcrumb\"},\"inLanguage\":\"fr-BE\",\"potentialAction\":[{\"@type\":\"ReadAction\",\"target\":[\"https:\\\/\\\/www.belzona.be\\\/fr\\\/product\\\/serie-polymeres-magma\\\/belzona-4311-magma-cr1\\\/\"]}]},{\"@type\":\"ImageObject\",\"inLanguage\":\"fr-BE\",\"@id\":\"https:\\\/\\\/www.belzona.be\\\/fr\\\/product\\\/serie-polymeres-magma\\\/belzona-4311-magma-cr1\\\/#primaryimage\",\"url\":\"https:\\\/\\\/www.belzona.be\\\/fr\\\/wp-content\\\/uploads\\\/sites\\\/4\\\/2022\\\/12\\\/belzona-4311-magma-cr1.jpg\",\"contentUrl\":\"https:\\\/\\\/www.belzona.be\\\/fr\\\/wp-content\\\/uploads\\\/sites\\\/4\\\/2022\\\/12\\\/belzona-4311-magma-cr1.jpg\",\"width\":702,\"height\":702},{\"@type\":\"BreadcrumbList\",\"@id\":\"https:\\\/\\\/www.belzona.be\\\/fr\\\/product\\\/serie-polymeres-magma\\\/belzona-4311-magma-cr1\\\/#breadcrumb\",\"itemListElement\":[{\"@type\":\"ListItem\",\"position\":1,\"name\":\"Accueil\",\"item\":\"https:\\\/\\\/www.belzona.be\\\/fr\\\/\"},{\"@type\":\"ListItem\",\"position\":2,\"name\":\"Produits\",\"item\":\"https:\\\/\\\/www.belzona.be\\\/fr\\\/produits\\\/\"},{\"@type\":\"ListItem\",\"position\":3,\"name\":\"Belzona 4311 Magma CR1 \u2013 R\u00e9sine chimique \u00e9poxy haute r\u00e9sistance\"}]},{\"@type\":\"WebSite\",\"@id\":\"https:\\\/\\\/www.belzona.be\\\/fr\\\/#website\",\"url\":\"https:\\\/\\\/www.belzona.be\\\/fr\\\/\",\"name\":\"Belzona Perspect Belgique FR\",\"description\":\"Belzona : r\u00e9paration, protection et am\u00e9lioration des surfaces. Belzona pr\u00e9vient et r\u00e9pare l&#039;\u00e9rosion, la corrosion, l&#039;abrasion, ainsi que les d\u00e9gradations chimiques et m\u00e9caniques.\",\"potentialAction\":[{\"@type\":\"SearchAction\",\"target\":{\"@type\":\"EntryPoint\",\"urlTemplate\":\"https:\\\/\\\/www.belzona.be\\\/fr\\\/?s={search_term_string}\"},\"query-input\":{\"@type\":\"PropertyValueSpecification\",\"valueRequired\":true,\"valueName\":\"search_term_string\"}}],\"inLanguage\":\"fr-BE\"}]}<\/script>\n<!-- \/ Yoast SEO plugin. -->","yoast_head_json":{"title":"Belzona 4311 : r\u00e9sine chimique \u00e9poxy | Perspect BE","description":"R\u00e9sine chimique Belzona 4311 pour prot\u00e9ger le b\u00e9ton et le m\u00e9tal. Rev\u00eatement \u00e9poxy sans solvant, haute r\u00e9sistance et application simple.","robots":{"index":"index","follow":"follow","max-snippet":"max-snippet:-1","max-image-preview":"max-image-preview:large","max-video-preview":"max-video-preview:-1"},"canonical":"https:\/\/www.belzona.be\/fr\/product\/serie-polymeres-magma\/belzona-4311-magma-cr1\/","og_locale":"fr_FR","og_type":"article","og_title":"Belzona 4311 : r\u00e9sine chimique \u00e9poxy | Perspect BE","og_description":"R\u00e9sine chimique Belzona 4311 pour prot\u00e9ger le b\u00e9ton et le m\u00e9tal. Rev\u00eatement \u00e9poxy sans solvant, haute r\u00e9sistance et application simple.","og_url":"https:\/\/www.belzona.be\/fr\/product\/serie-polymeres-magma\/belzona-4311-magma-cr1\/","og_site_name":"Belzona Perspect Belgique FR","article_modified_time":"2025-12-18T08:47:01+00:00","og_image":[{"width":702,"height":702,"url":"https:\/\/www.belzona.be\/fr\/wp-content\/uploads\/sites\/4\/2022\/12\/belzona-4311-magma-cr1.jpg","type":"image\/jpeg"}],"twitter_card":"summary_large_image","twitter_misc":{"Dur\u00e9e de lecture est.":"1 minute"},"schema":{"@context":"https:\/\/schema.org","@graph":[{"@type":"WebPage","@id":"https:\/\/www.belzona.be\/fr\/product\/serie-polymeres-magma\/belzona-4311-magma-cr1\/","url":"https:\/\/www.belzona.be\/fr\/product\/serie-polymeres-magma\/belzona-4311-magma-cr1\/","name":"Belzona 4311 : r\u00e9sine chimique \u00e9poxy | Perspect BE","isPartOf":{"@id":"https:\/\/www.belzona.be\/fr\/#website"},"primaryImageOfPage":{"@id":"https:\/\/www.belzona.be\/fr\/product\/serie-polymeres-magma\/belzona-4311-magma-cr1\/#primaryimage"},"image":{"@id":"https:\/\/www.belzona.be\/fr\/product\/serie-polymeres-magma\/belzona-4311-magma-cr1\/#primaryimage"},"thumbnailUrl":"https:\/\/www.belzona.be\/fr\/wp-content\/uploads\/sites\/4\/2022\/12\/belzona-4311-magma-cr1.jpg","datePublished":"2022-12-21T07:48:03+00:00","dateModified":"2025-12-18T08:47:01+00:00","description":"R\u00e9sine chimique Belzona 4311 pour prot\u00e9ger le b\u00e9ton et le m\u00e9tal. Rev\u00eatement \u00e9poxy sans solvant, haute r\u00e9sistance et application simple.","breadcrumb":{"@id":"https:\/\/www.belzona.be\/fr\/product\/serie-polymeres-magma\/belzona-4311-magma-cr1\/#breadcrumb"},"inLanguage":"fr-BE","potentialAction":[{"@type":"ReadAction","target":["https:\/\/www.belzona.be\/fr\/product\/serie-polymeres-magma\/belzona-4311-magma-cr1\/"]}]},{"@type":"ImageObject","inLanguage":"fr-BE","@id":"https:\/\/www.belzona.be\/fr\/product\/serie-polymeres-magma\/belzona-4311-magma-cr1\/#primaryimage","url":"https:\/\/www.belzona.be\/fr\/wp-content\/uploads\/sites\/4\/2022\/12\/belzona-4311-magma-cr1.jpg","contentUrl":"https:\/\/www.belzona.be\/fr\/wp-content\/uploads\/sites\/4\/2022\/12\/belzona-4311-magma-cr1.jpg","width":702,"height":702},{"@type":"BreadcrumbList","@id":"https:\/\/www.belzona.be\/fr\/product\/serie-polymeres-magma\/belzona-4311-magma-cr1\/#breadcrumb","itemListElement":[{"@type":"ListItem","position":1,"name":"Accueil","item":"https:\/\/www.belzona.be\/fr\/"},{"@type":"ListItem","position":2,"name":"Produits","item":"https:\/\/www.belzona.be\/fr\/produits\/"},{"@type":"ListItem","position":3,"name":"Belzona 4311 Magma CR1 \u2013 R\u00e9sine chimique \u00e9poxy haute r\u00e9sistance"}]},{"@type":"WebSite","@id":"https:\/\/www.belzona.be\/fr\/#website","url":"https:\/\/www.belzona.be\/fr\/","name":"Belzona Perspect Belgique FR","description":"Belzona : r\u00e9paration, protection et am\u00e9lioration des surfaces. Belzona pr\u00e9vient et r\u00e9pare l&#039;\u00e9rosion, la corrosion, l&#039;abrasion, ainsi que les d\u00e9gradations chimiques et m\u00e9caniques.","potentialAction":[{"@type":"SearchAction","target":{"@type":"EntryPoint","urlTemplate":"https:\/\/www.belzona.be\/fr\/?s={search_term_string}"},"query-input":{"@type":"PropertyValueSpecification","valueRequired":true,"valueName":"search_term_string"}}],"inLanguage":"fr-BE"}]}},"_links":{"self":[{"href":"https:\/\/www.belzona.be\/fr\/wp-json\/wp\/v2\/product\/472","targetHints":{"allow":["GET"]}}],"collection":[{"href":"https:\/\/www.belzona.be\/fr\/wp-json\/wp\/v2\/product"}],"about":[{"href":"https:\/\/www.belzona.be\/fr\/wp-json\/wp\/v2\/types\/product"}],"wp:featuredmedia":[{"embeddable":true,"href":"https:\/\/www.belzona.be\/fr\/wp-json\/wp\/v2\/media\/473"}],"wp:attachment":[{"href":"https:\/\/www.belzona.be\/fr\/wp-json\/wp\/v2\/media?parent=472"}],"wp:term":[{"taxonomy":"product_brand","embeddable":true,"href":"https:\/\/www.belzona.be\/fr\/wp-json\/wp\/v2\/product_brand?post=472"},{"taxonomy":"product_cat","embeddable":true,"href":"https:\/\/www.belzona.be\/fr\/wp-json\/wp\/v2\/product_cat?post=472"},{"taxonomy":"product_tag","embeddable":true,"href":"https:\/\/www.belzona.be\/fr\/wp-json\/wp\/v2\/product_tag?post=472"}],"curies":[{"name":"wp","href":"https:\/\/api.w.org\/{rel}","templated":true}]}}