{"id":470,"date":"2022-12-21T09:43:36","date_gmt":"2022-12-21T07:43:36","guid":{"rendered":"https:\/\/www.belzona.nl\/?post_type=product&#038;p=470"},"modified":"2025-12-18T09:47:03","modified_gmt":"2025-12-18T08:47:03","slug":"belzona-4301-magma-cr1-hi-build","status":"publish","type":"product","link":"https:\/\/www.belzona.be\/fr\/product\/serie-polymeres-magma\/belzona-4301-magma-cr1-hi-build\/","title":{"rendered":"Belzona 4301 Magma CR1 Hi-Build \u2013 Rev\u00eatement \u00e9poxy chimique haute r\u00e9sistance"},"content":{"rendered":"<p><iframe title=\"How to Bulk Fill Large Voids and Cracks with Belzona 4124\" width=\"980\" height=\"551\" data-src=\"https:\/\/www.youtube.com\/embed\/NQLDtuOO4ek?feature=oembed\" frameborder=\"0\" allow=\"accelerometer; autoplay; clipboard-write; encrypted-media; gyroscope; picture-in-picture; web-share\" referrerpolicy=\"strict-origin-when-cross-origin\" allowfullscreen src=\"data:image\/svg+xml;base64,PHN2ZyB3aWR0aD0iMSIgaGVpZ2h0PSIxIiB4bWxucz0iaHR0cDovL3d3dy53My5vcmcvMjAwMC9zdmciPjwvc3ZnPg==\" class=\"lazyload\" data-load-mode=\"1\"><\/iframe><\/p>\n","protected":false},"excerpt":{"rendered":"<p data-start=\"4070\" data-end=\"4400\">Belzona 4301 Magma CR1 Hi-Build est un rev\u00eatement \u00e9poxy chimique destin\u00e9 \u00e0 la reconstruction de profils et \u00e0 la protection des surfaces expos\u00e9es aux milieux agressifs. Il adh\u00e8re durablement au b\u00e9ton, \u00e0 la pierre, \u00e0 la brique ainsi qu\u2019aux aciers inoxydables et au carbone, au cuivre et \u00e0 d\u2019autres substrats m\u00e9talliques ou min\u00e9raux.<\/p>\n<p data-start=\"4402\" data-end=\"4673\">Ce syst\u00e8me offre une haute r\u00e9sistance \u00e0 la compression et ne pr\u00e9sente ni retrait ni d\u00e9formation apr\u00e8s durcissement. Sans solvant, Belzona 4301 am\u00e9liore la s\u00e9curit\u00e9 lors de l\u2019application et assure une excellente tenue chimique, en particulier face aux acides et aux bases.<\/p>\n<h3 data-start=\"4675\" data-end=\"4702\">Applications typiques<\/h3>\n<p data-start=\"4703\" data-end=\"4916\">\u2022 murs et structures expos\u00e9s aux acides<br data-start=\"4742\" data-end=\"4745\" \/>\u2022 rev\u00eatement interne de r\u00e9acteurs<br data-start=\"4778\" data-end=\"4781\" \/>\u2022 fondations et corps de pompes<br data-start=\"4812\" data-end=\"4815\" \/>\u2022 r\u00e9servoirs et appuis de r\u00e9servoirs<br data-start=\"4851\" data-end=\"4854\" \/>\u2022 zones de transfert et de d\u00e9versement de produits chimiques<\/p>\n<p><strong>T\u00e9l\u00e9chargements<\/strong><br \/>\n<a href=\"https:\/\/www.belzona.nl\/wp-content\/uploads\/sites\/4\/2022\/12\/Belzona-4301.pdf\">Belzona 4301<\/a><br \/>\n<a href=\"https:\/\/www.belzona.nl\/wp-content\/uploads\/sites\/4\/2022\/12\/IFU-4301.pdf\">Mode d&#8217;emploi 4301<\/a><br \/>\n<a href=\"https:\/\/www.belzona.nl\/wp-content\/uploads\/sites\/4\/2022\/12\/Veiligheidsinformatie-Base-4301-1.pdf\">Informations de s\u00e9curit\u00e9 Base 4301<\/a><br \/>\n<a href=\"https:\/\/www.belzona.nl\/wp-content\/uploads\/sites\/4\/2022\/12\/Veiligheidsinformatie-Solidifier-4301-1.pdf\">Informations de s\u00e9curit\u00e9 Solidifier 4301<\/a><\/p>\n","protected":false},"featured_media":471,"template":"","meta":{"_acf_changed":false,"content-type":"","editor_notices":[]},"product_brand":[],"product_cat":[27],"product_tag":[],"class_list":{"0":"post-470","1":"product","2":"type-product","3":"status-publish","4":"has-post-thumbnail","6":"product_cat-serie-polymeres-magma","8":"first","9":"instock","10":"taxable","11":"shipping-taxable","12":"product-type-simple"},"acf":[],"yoast_head":"<!-- This site is optimized with the Yoast SEO plugin v27.3 - https:\/\/yoast.com\/product\/yoast-seo-wordpress\/ -->\n<title>Belzona 4301 : rev\u00eatement \u00e9poxy chimique | Perspect BE<\/title>\n<meta name=\"description\" content=\"Rev\u00eatement \u00e9poxy chimique Belzona 4301 pour reconstruire et prot\u00e9ger le b\u00e9ton et le m\u00e9tal. Haute r\u00e9sistance et application sans solvant.\" \/>\n<meta name=\"robots\" content=\"index, follow, max-snippet:-1, max-image-preview:large, max-video-preview:-1\" \/>\n<link rel=\"canonical\" href=\"https:\/\/www.belzona.be\/fr\/product\/serie-polymeres-magma\/belzona-4301-magma-cr1-hi-build\/\" \/>\n<meta property=\"og:locale\" content=\"fr_FR\" \/>\n<meta property=\"og:type\" content=\"article\" \/>\n<meta property=\"og:title\" content=\"Belzona 4301 : rev\u00eatement \u00e9poxy chimique | Perspect BE\" \/>\n<meta property=\"og:description\" content=\"Rev\u00eatement \u00e9poxy chimique Belzona 4301 pour reconstruire et prot\u00e9ger le b\u00e9ton et le m\u00e9tal. Haute r\u00e9sistance et application sans solvant.\" \/>\n<meta property=\"og:url\" content=\"https:\/\/www.belzona.be\/fr\/product\/serie-polymeres-magma\/belzona-4301-magma-cr1-hi-build\/\" \/>\n<meta property=\"og:site_name\" content=\"Belzona Perspect Belgique FR\" \/>\n<meta property=\"article:modified_time\" content=\"2025-12-18T08:47:03+00:00\" \/>\n<meta property=\"og:image\" content=\"https:\/\/www.belzona.be\/fr\/wp-content\/uploads\/sites\/4\/2022\/12\/belzona-4301-magma-cr1-hi-build.jpg\" \/>\n\t<meta property=\"og:image:width\" content=\"667\" \/>\n\t<meta property=\"og:image:height\" content=\"667\" \/>\n\t<meta property=\"og:image:type\" content=\"image\/jpeg\" \/>\n<meta name=\"twitter:card\" content=\"summary_large_image\" \/>\n<meta name=\"twitter:label1\" content=\"Dur\u00e9e de lecture est.\" \/>\n\t<meta name=\"twitter:data1\" content=\"1 minute\" \/>\n<script type=\"application\/ld+json\" class=\"yoast-schema-graph\">{\"@context\":\"https:\\\/\\\/schema.org\",\"@graph\":[{\"@type\":\"WebPage\",\"@id\":\"https:\\\/\\\/www.belzona.be\\\/fr\\\/product\\\/serie-polymeres-magma\\\/belzona-4301-magma-cr1-hi-build\\\/\",\"url\":\"https:\\\/\\\/www.belzona.be\\\/fr\\\/product\\\/serie-polymeres-magma\\\/belzona-4301-magma-cr1-hi-build\\\/\",\"name\":\"Belzona 4301 : rev\u00eatement \u00e9poxy chimique | Perspect BE\",\"isPartOf\":{\"@id\":\"https:\\\/\\\/www.belzona.be\\\/fr\\\/#website\"},\"primaryImageOfPage\":{\"@id\":\"https:\\\/\\\/www.belzona.be\\\/fr\\\/product\\\/serie-polymeres-magma\\\/belzona-4301-magma-cr1-hi-build\\\/#primaryimage\"},\"image\":{\"@id\":\"https:\\\/\\\/www.belzona.be\\\/fr\\\/product\\\/serie-polymeres-magma\\\/belzona-4301-magma-cr1-hi-build\\\/#primaryimage\"},\"thumbnailUrl\":\"https:\\\/\\\/www.belzona.be\\\/fr\\\/wp-content\\\/uploads\\\/sites\\\/4\\\/2022\\\/12\\\/belzona-4301-magma-cr1-hi-build.jpg\",\"datePublished\":\"2022-12-21T07:43:36+00:00\",\"dateModified\":\"2025-12-18T08:47:03+00:00\",\"description\":\"Rev\u00eatement \u00e9poxy chimique Belzona 4301 pour reconstruire et prot\u00e9ger le b\u00e9ton et le m\u00e9tal. Haute r\u00e9sistance et application sans solvant.\",\"breadcrumb\":{\"@id\":\"https:\\\/\\\/www.belzona.be\\\/fr\\\/product\\\/serie-polymeres-magma\\\/belzona-4301-magma-cr1-hi-build\\\/#breadcrumb\"},\"inLanguage\":\"fr-BE\",\"potentialAction\":[{\"@type\":\"ReadAction\",\"target\":[\"https:\\\/\\\/www.belzona.be\\\/fr\\\/product\\\/serie-polymeres-magma\\\/belzona-4301-magma-cr1-hi-build\\\/\"]}]},{\"@type\":\"ImageObject\",\"inLanguage\":\"fr-BE\",\"@id\":\"https:\\\/\\\/www.belzona.be\\\/fr\\\/product\\\/serie-polymeres-magma\\\/belzona-4301-magma-cr1-hi-build\\\/#primaryimage\",\"url\":\"https:\\\/\\\/www.belzona.be\\\/fr\\\/wp-content\\\/uploads\\\/sites\\\/4\\\/2022\\\/12\\\/belzona-4301-magma-cr1-hi-build.jpg\",\"contentUrl\":\"https:\\\/\\\/www.belzona.be\\\/fr\\\/wp-content\\\/uploads\\\/sites\\\/4\\\/2022\\\/12\\\/belzona-4301-magma-cr1-hi-build.jpg\",\"width\":667,\"height\":667},{\"@type\":\"BreadcrumbList\",\"@id\":\"https:\\\/\\\/www.belzona.be\\\/fr\\\/product\\\/serie-polymeres-magma\\\/belzona-4301-magma-cr1-hi-build\\\/#breadcrumb\",\"itemListElement\":[{\"@type\":\"ListItem\",\"position\":1,\"name\":\"Accueil\",\"item\":\"https:\\\/\\\/www.belzona.be\\\/fr\\\/\"},{\"@type\":\"ListItem\",\"position\":2,\"name\":\"Produits\",\"item\":\"https:\\\/\\\/www.belzona.be\\\/fr\\\/produits\\\/\"},{\"@type\":\"ListItem\",\"position\":3,\"name\":\"Belzona 4301 Magma CR1 Hi-Build \u2013 Rev\u00eatement \u00e9poxy chimique haute r\u00e9sistance\"}]},{\"@type\":\"WebSite\",\"@id\":\"https:\\\/\\\/www.belzona.be\\\/fr\\\/#website\",\"url\":\"https:\\\/\\\/www.belzona.be\\\/fr\\\/\",\"name\":\"Belzona Perspect Belgique FR\",\"description\":\"Belzona : r\u00e9paration, protection et am\u00e9lioration des surfaces. Belzona pr\u00e9vient et r\u00e9pare l&#039;\u00e9rosion, la corrosion, l&#039;abrasion, ainsi que les d\u00e9gradations chimiques et m\u00e9caniques.\",\"potentialAction\":[{\"@type\":\"SearchAction\",\"target\":{\"@type\":\"EntryPoint\",\"urlTemplate\":\"https:\\\/\\\/www.belzona.be\\\/fr\\\/?s={search_term_string}\"},\"query-input\":{\"@type\":\"PropertyValueSpecification\",\"valueRequired\":true,\"valueName\":\"search_term_string\"}}],\"inLanguage\":\"fr-BE\"}]}<\/script>\n<!-- \/ Yoast SEO plugin. -->","yoast_head_json":{"title":"Belzona 4301 : rev\u00eatement \u00e9poxy chimique | Perspect BE","description":"Rev\u00eatement \u00e9poxy chimique Belzona 4301 pour reconstruire et prot\u00e9ger le b\u00e9ton et le m\u00e9tal. Haute r\u00e9sistance et application sans solvant.","robots":{"index":"index","follow":"follow","max-snippet":"max-snippet:-1","max-image-preview":"max-image-preview:large","max-video-preview":"max-video-preview:-1"},"canonical":"https:\/\/www.belzona.be\/fr\/product\/serie-polymeres-magma\/belzona-4301-magma-cr1-hi-build\/","og_locale":"fr_FR","og_type":"article","og_title":"Belzona 4301 : rev\u00eatement \u00e9poxy chimique | Perspect BE","og_description":"Rev\u00eatement \u00e9poxy chimique Belzona 4301 pour reconstruire et prot\u00e9ger le b\u00e9ton et le m\u00e9tal. Haute r\u00e9sistance et application sans solvant.","og_url":"https:\/\/www.belzona.be\/fr\/product\/serie-polymeres-magma\/belzona-4301-magma-cr1-hi-build\/","og_site_name":"Belzona Perspect Belgique FR","article_modified_time":"2025-12-18T08:47:03+00:00","og_image":[{"width":667,"height":667,"url":"https:\/\/www.belzona.be\/fr\/wp-content\/uploads\/sites\/4\/2022\/12\/belzona-4301-magma-cr1-hi-build.jpg","type":"image\/jpeg"}],"twitter_card":"summary_large_image","twitter_misc":{"Dur\u00e9e de lecture est.":"1 minute"},"schema":{"@context":"https:\/\/schema.org","@graph":[{"@type":"WebPage","@id":"https:\/\/www.belzona.be\/fr\/product\/serie-polymeres-magma\/belzona-4301-magma-cr1-hi-build\/","url":"https:\/\/www.belzona.be\/fr\/product\/serie-polymeres-magma\/belzona-4301-magma-cr1-hi-build\/","name":"Belzona 4301 : rev\u00eatement \u00e9poxy chimique | Perspect BE","isPartOf":{"@id":"https:\/\/www.belzona.be\/fr\/#website"},"primaryImageOfPage":{"@id":"https:\/\/www.belzona.be\/fr\/product\/serie-polymeres-magma\/belzona-4301-magma-cr1-hi-build\/#primaryimage"},"image":{"@id":"https:\/\/www.belzona.be\/fr\/product\/serie-polymeres-magma\/belzona-4301-magma-cr1-hi-build\/#primaryimage"},"thumbnailUrl":"https:\/\/www.belzona.be\/fr\/wp-content\/uploads\/sites\/4\/2022\/12\/belzona-4301-magma-cr1-hi-build.jpg","datePublished":"2022-12-21T07:43:36+00:00","dateModified":"2025-12-18T08:47:03+00:00","description":"Rev\u00eatement \u00e9poxy chimique Belzona 4301 pour reconstruire et prot\u00e9ger le b\u00e9ton et le m\u00e9tal. Haute r\u00e9sistance et application sans solvant.","breadcrumb":{"@id":"https:\/\/www.belzona.be\/fr\/product\/serie-polymeres-magma\/belzona-4301-magma-cr1-hi-build\/#breadcrumb"},"inLanguage":"fr-BE","potentialAction":[{"@type":"ReadAction","target":["https:\/\/www.belzona.be\/fr\/product\/serie-polymeres-magma\/belzona-4301-magma-cr1-hi-build\/"]}]},{"@type":"ImageObject","inLanguage":"fr-BE","@id":"https:\/\/www.belzona.be\/fr\/product\/serie-polymeres-magma\/belzona-4301-magma-cr1-hi-build\/#primaryimage","url":"https:\/\/www.belzona.be\/fr\/wp-content\/uploads\/sites\/4\/2022\/12\/belzona-4301-magma-cr1-hi-build.jpg","contentUrl":"https:\/\/www.belzona.be\/fr\/wp-content\/uploads\/sites\/4\/2022\/12\/belzona-4301-magma-cr1-hi-build.jpg","width":667,"height":667},{"@type":"BreadcrumbList","@id":"https:\/\/www.belzona.be\/fr\/product\/serie-polymeres-magma\/belzona-4301-magma-cr1-hi-build\/#breadcrumb","itemListElement":[{"@type":"ListItem","position":1,"name":"Accueil","item":"https:\/\/www.belzona.be\/fr\/"},{"@type":"ListItem","position":2,"name":"Produits","item":"https:\/\/www.belzona.be\/fr\/produits\/"},{"@type":"ListItem","position":3,"name":"Belzona 4301 Magma CR1 Hi-Build \u2013 Rev\u00eatement \u00e9poxy chimique haute r\u00e9sistance"}]},{"@type":"WebSite","@id":"https:\/\/www.belzona.be\/fr\/#website","url":"https:\/\/www.belzona.be\/fr\/","name":"Belzona Perspect Belgique FR","description":"Belzona : r\u00e9paration, protection et am\u00e9lioration des surfaces. Belzona pr\u00e9vient et r\u00e9pare l&#039;\u00e9rosion, la corrosion, l&#039;abrasion, ainsi que les d\u00e9gradations chimiques et m\u00e9caniques.","potentialAction":[{"@type":"SearchAction","target":{"@type":"EntryPoint","urlTemplate":"https:\/\/www.belzona.be\/fr\/?s={search_term_string}"},"query-input":{"@type":"PropertyValueSpecification","valueRequired":true,"valueName":"search_term_string"}}],"inLanguage":"fr-BE"}]}},"_links":{"self":[{"href":"https:\/\/www.belzona.be\/fr\/wp-json\/wp\/v2\/product\/470","targetHints":{"allow":["GET"]}}],"collection":[{"href":"https:\/\/www.belzona.be\/fr\/wp-json\/wp\/v2\/product"}],"about":[{"href":"https:\/\/www.belzona.be\/fr\/wp-json\/wp\/v2\/types\/product"}],"wp:featuredmedia":[{"embeddable":true,"href":"https:\/\/www.belzona.be\/fr\/wp-json\/wp\/v2\/media\/471"}],"wp:attachment":[{"href":"https:\/\/www.belzona.be\/fr\/wp-json\/wp\/v2\/media?parent=470"}],"wp:term":[{"taxonomy":"product_brand","embeddable":true,"href":"https:\/\/www.belzona.be\/fr\/wp-json\/wp\/v2\/product_brand?post=470"},{"taxonomy":"product_cat","embeddable":true,"href":"https:\/\/www.belzona.be\/fr\/wp-json\/wp\/v2\/product_cat?post=470"},{"taxonomy":"product_tag","embeddable":true,"href":"https:\/\/www.belzona.be\/fr\/wp-json\/wp\/v2\/product_tag?post=470"}],"curies":[{"name":"wp","href":"https:\/\/api.w.org\/{rel}","templated":true}]}}