{"id":468,"date":"2022-12-21T09:39:34","date_gmt":"2022-12-21T07:39:34","guid":{"rendered":"https:\/\/www.belzona.nl\/?post_type=product&#038;p=468"},"modified":"2025-12-18T09:47:07","modified_gmt":"2025-12-18T08:47:07","slug":"belzona-4181-ahr-magma-quartz","status":"publish","type":"product","link":"https:\/\/www.belzona.be\/fr\/product\/serie-polymeres-magma\/belzona-4181-ahr-magma-quartz\/","title":{"rendered":"Belzona 4181 AHR Magma-Quartz \u2013 R\u00e9sine haute r\u00e9sistance pour environnements chimiques et thermiques"},"content":{"rendered":"","protected":false},"excerpt":{"rendered":"<h2 data-start=\"4220\" data-end=\"4326\"><strong data-start=\"4223\" data-end=\"4326\">Belzona 4181 AHR Magma-Quartz \u2013 r\u00e9sine haute r\u00e9sistance pour environnements chimiques et thermiques<\/strong><\/h2>\n<p data-start=\"4328\" data-end=\"4754\">Belzona 4181 AHR Magma-Quartz est une r\u00e9sine haute r\u00e9sistance con\u00e7ue pour la r\u00e9paration, le remplissage et la protection du m\u00e9tal et du b\u00e9ton expos\u00e9s aux impacts, \u00e0 l\u2019abrasion, \u00e0 la chaleur et aux agressions chimiques. Ce syst\u00e8me \u00e9poxydique en trois composants offre une excellente tenue aux acides inorganiques et aux temp\u00e9ratures \u00e9lev\u00e9es. Il peut \u00eatre appliqu\u00e9 horizontalement ou verticalement jusqu\u2019\u00e0 une \u00e9paisseur de 6 mm.<\/p>\n<p data-start=\"4756\" data-end=\"4987\">Sans solvant, Belzona 4181 est simple \u00e0 m\u00e9langer et \u00e0 appliquer tout en maintenant un haut niveau de r\u00e9sistance chimique. Le produit adh\u00e8re durablement au b\u00e9ton, \u00e0 la brique, au marbre, \u00e0 la pierre et \u00e0 d\u2019autres substrats min\u00e9raux.<\/p>\n<h3 data-start=\"4989\" data-end=\"5023\">Applications de Belzona 4181<\/h3>\n<p data-start=\"5024\" data-end=\"5294\">\u2022 goulottes et zones de chute<br data-start=\"5053\" data-end=\"5056\" \/>\u2022 socles et supports de pompes<br data-start=\"5086\" data-end=\"5089\" \/>\u2022 appuis de r\u00e9servoirs et zones de confinement<br data-start=\"5135\" data-end=\"5138\" \/>\u2022 fours et environnements \u00e0 haute temp\u00e9rature<br data-start=\"5183\" data-end=\"5186\" \/>\u2022 canaux et drainages chimiques<br data-start=\"5217\" data-end=\"5220\" \/>\u2022 surfaces soumises au transfert ou au d\u00e9versement de produits chimiques<\/p>\n<p><strong>T\u00e9l\u00e9chargements:<\/strong><\/p>\n<p><a href=\"https:\/\/www.belzona.nl\/wp-content\/uploads\/sites\/4\/2022\/12\/Belzona-4181.pdf\">Belzona 4181<\/a><br \/>\n<a href=\"https:\/\/www.belzona.nl\/wp-content\/uploads\/sites\/4\/2022\/12\/IFU-4181.pdf\">Mode d&#8217;emploi 4181<\/a><br \/>\n<a href=\"https:\/\/www.belzona.nl\/wp-content\/uploads\/sites\/4\/2022\/12\/GHS-BASE-NL-4.pdf\">Informations de s\u00e9curit\u00e9 Solidifiant<\/a><br \/>\n<a href=\"https:\/\/www.belzona.nl\/wp-content\/uploads\/sites\/4\/2022\/12\/GHS-SOLDIFIER-NL-2.pdf\">Informations de s\u00e9curit\u00e9<\/a><\/p>\n","protected":false},"featured_media":469,"template":"","meta":{"_acf_changed":false,"content-type":"","editor_notices":[]},"product_brand":[],"product_cat":[27],"product_tag":[],"class_list":{"0":"post-468","1":"product","2":"type-product","3":"status-publish","4":"has-post-thumbnail","6":"product_cat-serie-polymeres-magma","8":"first","9":"instock","10":"taxable","11":"shipping-taxable","12":"product-type-simple"},"acf":[],"yoast_head":"<!-- This site is optimized with the Yoast SEO plugin v27.3 - https:\/\/yoast.com\/product\/yoast-seo-wordpress\/ -->\n<title>Belzona 4181 : r\u00e9sine haute r\u00e9sistance | Perspect BE<\/title>\n<meta name=\"description\" content=\"Belzona 4181 est une r\u00e9sine haute r\u00e9sistance pour r\u00e9parer et prot\u00e9ger le b\u00e9ton et le m\u00e9tal soumis \u00e0 l\u2019abrasion, \u00e0 la chaleur et aux milieux chimiques.\" \/>\n<meta name=\"robots\" content=\"index, follow, max-snippet:-1, max-image-preview:large, max-video-preview:-1\" \/>\n<link rel=\"canonical\" href=\"https:\/\/www.belzona.be\/fr\/product\/serie-polymeres-magma\/belzona-4181-ahr-magma-quartz\/\" \/>\n<meta property=\"og:locale\" content=\"fr_FR\" \/>\n<meta property=\"og:type\" content=\"article\" \/>\n<meta property=\"og:title\" content=\"Belzona 4181 : r\u00e9sine haute r\u00e9sistance | Perspect BE\" \/>\n<meta property=\"og:description\" content=\"Belzona 4181 est une r\u00e9sine haute r\u00e9sistance pour r\u00e9parer et prot\u00e9ger le b\u00e9ton et le m\u00e9tal soumis \u00e0 l\u2019abrasion, \u00e0 la chaleur et aux milieux chimiques.\" \/>\n<meta property=\"og:url\" content=\"https:\/\/www.belzona.be\/fr\/product\/serie-polymeres-magma\/belzona-4181-ahr-magma-quartz\/\" \/>\n<meta property=\"og:site_name\" content=\"Belzona Perspect Belgique FR\" \/>\n<meta property=\"article:modified_time\" content=\"2025-12-18T08:47:07+00:00\" \/>\n<meta property=\"og:image\" content=\"https:\/\/www.belzona.be\/fr\/wp-content\/uploads\/sites\/4\/2022\/12\/belzona-4181-ahr-magma-quartz.jpg\" \/>\n\t<meta property=\"og:image:width\" content=\"702\" \/>\n\t<meta property=\"og:image:height\" content=\"702\" \/>\n\t<meta property=\"og:image:type\" content=\"image\/jpeg\" \/>\n<meta name=\"twitter:card\" content=\"summary_large_image\" \/>\n<meta name=\"twitter:label1\" content=\"Dur\u00e9e de lecture est.\" \/>\n\t<meta name=\"twitter:data1\" content=\"1 minute\" \/>\n<script type=\"application\/ld+json\" class=\"yoast-schema-graph\">{\"@context\":\"https:\\\/\\\/schema.org\",\"@graph\":[{\"@type\":\"WebPage\",\"@id\":\"https:\\\/\\\/www.belzona.be\\\/fr\\\/product\\\/serie-polymeres-magma\\\/belzona-4181-ahr-magma-quartz\\\/\",\"url\":\"https:\\\/\\\/www.belzona.be\\\/fr\\\/product\\\/serie-polymeres-magma\\\/belzona-4181-ahr-magma-quartz\\\/\",\"name\":\"Belzona 4181 : r\u00e9sine haute r\u00e9sistance | Perspect BE\",\"isPartOf\":{\"@id\":\"https:\\\/\\\/www.belzona.be\\\/fr\\\/#website\"},\"primaryImageOfPage\":{\"@id\":\"https:\\\/\\\/www.belzona.be\\\/fr\\\/product\\\/serie-polymeres-magma\\\/belzona-4181-ahr-magma-quartz\\\/#primaryimage\"},\"image\":{\"@id\":\"https:\\\/\\\/www.belzona.be\\\/fr\\\/product\\\/serie-polymeres-magma\\\/belzona-4181-ahr-magma-quartz\\\/#primaryimage\"},\"thumbnailUrl\":\"https:\\\/\\\/www.belzona.be\\\/fr\\\/wp-content\\\/uploads\\\/sites\\\/4\\\/2022\\\/12\\\/belzona-4181-ahr-magma-quartz.jpg\",\"datePublished\":\"2022-12-21T07:39:34+00:00\",\"dateModified\":\"2025-12-18T08:47:07+00:00\",\"description\":\"Belzona 4181 est une r\u00e9sine haute r\u00e9sistance pour r\u00e9parer et prot\u00e9ger le b\u00e9ton et le m\u00e9tal soumis \u00e0 l\u2019abrasion, \u00e0 la chaleur et aux milieux chimiques.\",\"breadcrumb\":{\"@id\":\"https:\\\/\\\/www.belzona.be\\\/fr\\\/product\\\/serie-polymeres-magma\\\/belzona-4181-ahr-magma-quartz\\\/#breadcrumb\"},\"inLanguage\":\"fr-BE\",\"potentialAction\":[{\"@type\":\"ReadAction\",\"target\":[\"https:\\\/\\\/www.belzona.be\\\/fr\\\/product\\\/serie-polymeres-magma\\\/belzona-4181-ahr-magma-quartz\\\/\"]}]},{\"@type\":\"ImageObject\",\"inLanguage\":\"fr-BE\",\"@id\":\"https:\\\/\\\/www.belzona.be\\\/fr\\\/product\\\/serie-polymeres-magma\\\/belzona-4181-ahr-magma-quartz\\\/#primaryimage\",\"url\":\"https:\\\/\\\/www.belzona.be\\\/fr\\\/wp-content\\\/uploads\\\/sites\\\/4\\\/2022\\\/12\\\/belzona-4181-ahr-magma-quartz.jpg\",\"contentUrl\":\"https:\\\/\\\/www.belzona.be\\\/fr\\\/wp-content\\\/uploads\\\/sites\\\/4\\\/2022\\\/12\\\/belzona-4181-ahr-magma-quartz.jpg\",\"width\":702,\"height\":702},{\"@type\":\"BreadcrumbList\",\"@id\":\"https:\\\/\\\/www.belzona.be\\\/fr\\\/product\\\/serie-polymeres-magma\\\/belzona-4181-ahr-magma-quartz\\\/#breadcrumb\",\"itemListElement\":[{\"@type\":\"ListItem\",\"position\":1,\"name\":\"Accueil\",\"item\":\"https:\\\/\\\/www.belzona.be\\\/fr\\\/\"},{\"@type\":\"ListItem\",\"position\":2,\"name\":\"Produits\",\"item\":\"https:\\\/\\\/www.belzona.be\\\/fr\\\/produits\\\/\"},{\"@type\":\"ListItem\",\"position\":3,\"name\":\"Belzona 4181 AHR Magma-Quartz \u2013 R\u00e9sine haute r\u00e9sistance pour environnements chimiques et thermiques\"}]},{\"@type\":\"WebSite\",\"@id\":\"https:\\\/\\\/www.belzona.be\\\/fr\\\/#website\",\"url\":\"https:\\\/\\\/www.belzona.be\\\/fr\\\/\",\"name\":\"Belzona Perspect Belgique FR\",\"description\":\"Belzona : r\u00e9paration, protection et am\u00e9lioration des surfaces. Belzona pr\u00e9vient et r\u00e9pare l&#039;\u00e9rosion, la corrosion, l&#039;abrasion, ainsi que les d\u00e9gradations chimiques et m\u00e9caniques.\",\"potentialAction\":[{\"@type\":\"SearchAction\",\"target\":{\"@type\":\"EntryPoint\",\"urlTemplate\":\"https:\\\/\\\/www.belzona.be\\\/fr\\\/?s={search_term_string}\"},\"query-input\":{\"@type\":\"PropertyValueSpecification\",\"valueRequired\":true,\"valueName\":\"search_term_string\"}}],\"inLanguage\":\"fr-BE\"}]}<\/script>\n<!-- \/ Yoast SEO plugin. -->","yoast_head_json":{"title":"Belzona 4181 : r\u00e9sine haute r\u00e9sistance | Perspect BE","description":"Belzona 4181 est une r\u00e9sine haute r\u00e9sistance pour r\u00e9parer et prot\u00e9ger le b\u00e9ton et le m\u00e9tal soumis \u00e0 l\u2019abrasion, \u00e0 la chaleur et aux milieux chimiques.","robots":{"index":"index","follow":"follow","max-snippet":"max-snippet:-1","max-image-preview":"max-image-preview:large","max-video-preview":"max-video-preview:-1"},"canonical":"https:\/\/www.belzona.be\/fr\/product\/serie-polymeres-magma\/belzona-4181-ahr-magma-quartz\/","og_locale":"fr_FR","og_type":"article","og_title":"Belzona 4181 : r\u00e9sine haute r\u00e9sistance | Perspect BE","og_description":"Belzona 4181 est une r\u00e9sine haute r\u00e9sistance pour r\u00e9parer et prot\u00e9ger le b\u00e9ton et le m\u00e9tal soumis \u00e0 l\u2019abrasion, \u00e0 la chaleur et aux milieux chimiques.","og_url":"https:\/\/www.belzona.be\/fr\/product\/serie-polymeres-magma\/belzona-4181-ahr-magma-quartz\/","og_site_name":"Belzona Perspect Belgique FR","article_modified_time":"2025-12-18T08:47:07+00:00","og_image":[{"width":702,"height":702,"url":"https:\/\/www.belzona.be\/fr\/wp-content\/uploads\/sites\/4\/2022\/12\/belzona-4181-ahr-magma-quartz.jpg","type":"image\/jpeg"}],"twitter_card":"summary_large_image","twitter_misc":{"Dur\u00e9e de lecture est.":"1 minute"},"schema":{"@context":"https:\/\/schema.org","@graph":[{"@type":"WebPage","@id":"https:\/\/www.belzona.be\/fr\/product\/serie-polymeres-magma\/belzona-4181-ahr-magma-quartz\/","url":"https:\/\/www.belzona.be\/fr\/product\/serie-polymeres-magma\/belzona-4181-ahr-magma-quartz\/","name":"Belzona 4181 : r\u00e9sine haute r\u00e9sistance | Perspect BE","isPartOf":{"@id":"https:\/\/www.belzona.be\/fr\/#website"},"primaryImageOfPage":{"@id":"https:\/\/www.belzona.be\/fr\/product\/serie-polymeres-magma\/belzona-4181-ahr-magma-quartz\/#primaryimage"},"image":{"@id":"https:\/\/www.belzona.be\/fr\/product\/serie-polymeres-magma\/belzona-4181-ahr-magma-quartz\/#primaryimage"},"thumbnailUrl":"https:\/\/www.belzona.be\/fr\/wp-content\/uploads\/sites\/4\/2022\/12\/belzona-4181-ahr-magma-quartz.jpg","datePublished":"2022-12-21T07:39:34+00:00","dateModified":"2025-12-18T08:47:07+00:00","description":"Belzona 4181 est une r\u00e9sine haute r\u00e9sistance pour r\u00e9parer et prot\u00e9ger le b\u00e9ton et le m\u00e9tal soumis \u00e0 l\u2019abrasion, \u00e0 la chaleur et aux milieux chimiques.","breadcrumb":{"@id":"https:\/\/www.belzona.be\/fr\/product\/serie-polymeres-magma\/belzona-4181-ahr-magma-quartz\/#breadcrumb"},"inLanguage":"fr-BE","potentialAction":[{"@type":"ReadAction","target":["https:\/\/www.belzona.be\/fr\/product\/serie-polymeres-magma\/belzona-4181-ahr-magma-quartz\/"]}]},{"@type":"ImageObject","inLanguage":"fr-BE","@id":"https:\/\/www.belzona.be\/fr\/product\/serie-polymeres-magma\/belzona-4181-ahr-magma-quartz\/#primaryimage","url":"https:\/\/www.belzona.be\/fr\/wp-content\/uploads\/sites\/4\/2022\/12\/belzona-4181-ahr-magma-quartz.jpg","contentUrl":"https:\/\/www.belzona.be\/fr\/wp-content\/uploads\/sites\/4\/2022\/12\/belzona-4181-ahr-magma-quartz.jpg","width":702,"height":702},{"@type":"BreadcrumbList","@id":"https:\/\/www.belzona.be\/fr\/product\/serie-polymeres-magma\/belzona-4181-ahr-magma-quartz\/#breadcrumb","itemListElement":[{"@type":"ListItem","position":1,"name":"Accueil","item":"https:\/\/www.belzona.be\/fr\/"},{"@type":"ListItem","position":2,"name":"Produits","item":"https:\/\/www.belzona.be\/fr\/produits\/"},{"@type":"ListItem","position":3,"name":"Belzona 4181 AHR Magma-Quartz \u2013 R\u00e9sine haute r\u00e9sistance pour environnements chimiques et thermiques"}]},{"@type":"WebSite","@id":"https:\/\/www.belzona.be\/fr\/#website","url":"https:\/\/www.belzona.be\/fr\/","name":"Belzona Perspect Belgique FR","description":"Belzona : r\u00e9paration, protection et am\u00e9lioration des surfaces. Belzona pr\u00e9vient et r\u00e9pare l&#039;\u00e9rosion, la corrosion, l&#039;abrasion, ainsi que les d\u00e9gradations chimiques et m\u00e9caniques.","potentialAction":[{"@type":"SearchAction","target":{"@type":"EntryPoint","urlTemplate":"https:\/\/www.belzona.be\/fr\/?s={search_term_string}"},"query-input":{"@type":"PropertyValueSpecification","valueRequired":true,"valueName":"search_term_string"}}],"inLanguage":"fr-BE"}]}},"_links":{"self":[{"href":"https:\/\/www.belzona.be\/fr\/wp-json\/wp\/v2\/product\/468","targetHints":{"allow":["GET"]}}],"collection":[{"href":"https:\/\/www.belzona.be\/fr\/wp-json\/wp\/v2\/product"}],"about":[{"href":"https:\/\/www.belzona.be\/fr\/wp-json\/wp\/v2\/types\/product"}],"wp:featuredmedia":[{"embeddable":true,"href":"https:\/\/www.belzona.be\/fr\/wp-json\/wp\/v2\/media\/469"}],"wp:attachment":[{"href":"https:\/\/www.belzona.be\/fr\/wp-json\/wp\/v2\/media?parent=468"}],"wp:term":[{"taxonomy":"product_brand","embeddable":true,"href":"https:\/\/www.belzona.be\/fr\/wp-json\/wp\/v2\/product_brand?post=468"},{"taxonomy":"product_cat","embeddable":true,"href":"https:\/\/www.belzona.be\/fr\/wp-json\/wp\/v2\/product_cat?post=468"},{"taxonomy":"product_tag","embeddable":true,"href":"https:\/\/www.belzona.be\/fr\/wp-json\/wp\/v2\/product_tag?post=468"}],"curies":[{"name":"wp","href":"https:\/\/api.w.org\/{rel}","templated":true}]}}