{"id":466,"date":"2022-12-21T09:34:53","date_gmt":"2022-12-21T07:34:53","guid":{"rendered":"https:\/\/www.belzona.nl\/?post_type=product&#038;p=466"},"modified":"2025-12-18T09:47:08","modified_gmt":"2025-12-18T08:47:08","slug":"belzona-4154-bulkfill-resin","status":"publish","type":"product","link":"https:\/\/www.belzona.be\/fr\/product\/serie-polymeres-magma\/belzona-4154-bulkfill-resin\/","title":{"rendered":"Belzona 4154 Bulkfill \u2013 R\u00e9sine de remplissage \u00e9poxy"},"content":{"rendered":"<p><iframe title=\"How To Fill Concrete Holes | Epoxy Concrete Repair (LARGE) With Belzona 4154\" width=\"980\" height=\"551\" data-src=\"https:\/\/www.youtube.com\/embed\/BvoQ-MYwojo?feature=oembed\" frameborder=\"0\" allow=\"accelerometer; autoplay; clipboard-write; encrypted-media; gyroscope; picture-in-picture; web-share\" referrerpolicy=\"strict-origin-when-cross-origin\" allowfullscreen src=\"data:image\/svg+xml;base64,PHN2ZyB3aWR0aD0iMSIgaGVpZ2h0PSIxIiB4bWxucz0iaHR0cDovL3d3dy53My5vcmcvMjAwMC9zdmciPjwvc3ZnPg==\" class=\"lazyload\" data-load-mode=\"1\"><\/iframe><\/p>\n","protected":false},"excerpt":{"rendered":"<p data-start=\"4220\" data-end=\"4541\">Belzona 4154 Bulkfill est une r\u00e9sine de remplissage \u00e9poxy con\u00e7ue pour la reconstruction et le renforcement du b\u00e9ton et de la pierre soumis aux impacts, vibrations et agressions chimiques. Elle peut \u00eatre combin\u00e9e \u00e0 diff\u00e9rents agr\u00e9gats afin d\u2019ajuster la densit\u00e9 et d\u2019optimiser les co\u00fbts lors des remplissages volum\u00e9triques.<\/p>\n<p data-start=\"4543\" data-end=\"4917\">Recouverte d\u2019un rev\u00eatement Belzona adapt\u00e9 \u00e0 l\u2019application, Belzona 4154 offre une protection durable \u00e0 long terme. Elle est id\u00e9ale pour le nivellement de grandes surfaces et le remplissage profond de cavit\u00e9s, fissures et zones endommag\u00e9es. Le mat\u00e9riau ne pr\u00e9sente aucun retrait, m\u00eame en forte \u00e9paisseur, et adh\u00e8re durablement au b\u00e9ton, \u00e0 la brique et aux pierres naturelles.<\/p>\n<h3 data-start=\"4919\" data-end=\"4953\">Applications de Belzona 4154<\/h3>\n<p data-start=\"4954\" data-end=\"5198\">\u2022 r\u00e9paration de trous, cavit\u00e9s et fissures dans les sols industriels<br data-start=\"5022\" data-end=\"5025\" \/>\u2022 nivellement et rehaussement de grandes surfaces dans les zones chimiques, entrep\u00f4ts et quais de chargement<br data-start=\"5133\" data-end=\"5136\" \/>\u2022 r\u00e9alisation de structures verticales \u00e0 l\u2019aide de coffrages<\/p>\n","protected":false},"featured_media":467,"template":"","meta":{"_acf_changed":false,"content-type":"","editor_notices":[]},"product_brand":[],"product_cat":[27],"product_tag":[],"class_list":{"0":"post-466","1":"product","2":"type-product","3":"status-publish","4":"has-post-thumbnail","6":"product_cat-serie-polymeres-magma","8":"first","9":"instock","10":"taxable","11":"shipping-taxable","12":"product-type-simple"},"acf":[],"yoast_head":"<!-- This site is optimized with the Yoast SEO plugin v27.3 - https:\/\/yoast.com\/product\/yoast-seo-wordpress\/ -->\n<title>Belzona 4154 : r\u00e9sine de remplissage \u00e9poxy b\u00e9ton | Perspect BE<\/title>\n<meta name=\"description\" content=\"Belzona 4154 est une r\u00e9sine de remplissage \u00e9poxy pour le b\u00e9ton, id\u00e9ale pour le nivellement, les remplissages et la reconstruction des surfaces endommag\u00e9es.\" \/>\n<meta name=\"robots\" content=\"index, follow, max-snippet:-1, max-image-preview:large, max-video-preview:-1\" \/>\n<link rel=\"canonical\" href=\"https:\/\/www.belzona.be\/fr\/product\/serie-polymeres-magma\/belzona-4154-bulkfill-resin\/\" \/>\n<meta property=\"og:locale\" content=\"fr_FR\" \/>\n<meta property=\"og:type\" content=\"article\" \/>\n<meta property=\"og:title\" content=\"Belzona 4154 : r\u00e9sine de remplissage \u00e9poxy b\u00e9ton | Perspect BE\" \/>\n<meta property=\"og:description\" content=\"Belzona 4154 est une r\u00e9sine de remplissage \u00e9poxy pour le b\u00e9ton, id\u00e9ale pour le nivellement, les remplissages et la reconstruction des surfaces endommag\u00e9es.\" \/>\n<meta property=\"og:url\" content=\"https:\/\/www.belzona.be\/fr\/product\/serie-polymeres-magma\/belzona-4154-bulkfill-resin\/\" \/>\n<meta property=\"og:site_name\" content=\"Belzona Perspect Belgique FR\" \/>\n<meta property=\"article:modified_time\" content=\"2025-12-18T08:47:08+00:00\" \/>\n<meta property=\"og:image\" content=\"https:\/\/www.belzona.be\/fr\/wp-content\/uploads\/sites\/4\/2022\/12\/belzona-4154-bulkfill-resin.jpg\" \/>\n\t<meta property=\"og:image:width\" content=\"660\" \/>\n\t<meta property=\"og:image:height\" content=\"660\" \/>\n\t<meta property=\"og:image:type\" content=\"image\/jpeg\" \/>\n<meta name=\"twitter:card\" content=\"summary_large_image\" \/>\n<meta name=\"twitter:label1\" content=\"Dur\u00e9e de lecture est.\" \/>\n\t<meta name=\"twitter:data1\" content=\"1 minute\" \/>\n<script type=\"application\/ld+json\" class=\"yoast-schema-graph\">{\"@context\":\"https:\\\/\\\/schema.org\",\"@graph\":[{\"@type\":\"WebPage\",\"@id\":\"https:\\\/\\\/www.belzona.be\\\/fr\\\/product\\\/serie-polymeres-magma\\\/belzona-4154-bulkfill-resin\\\/\",\"url\":\"https:\\\/\\\/www.belzona.be\\\/fr\\\/product\\\/serie-polymeres-magma\\\/belzona-4154-bulkfill-resin\\\/\",\"name\":\"Belzona 4154 : r\u00e9sine de remplissage \u00e9poxy b\u00e9ton | Perspect BE\",\"isPartOf\":{\"@id\":\"https:\\\/\\\/www.belzona.be\\\/fr\\\/#website\"},\"primaryImageOfPage\":{\"@id\":\"https:\\\/\\\/www.belzona.be\\\/fr\\\/product\\\/serie-polymeres-magma\\\/belzona-4154-bulkfill-resin\\\/#primaryimage\"},\"image\":{\"@id\":\"https:\\\/\\\/www.belzona.be\\\/fr\\\/product\\\/serie-polymeres-magma\\\/belzona-4154-bulkfill-resin\\\/#primaryimage\"},\"thumbnailUrl\":\"https:\\\/\\\/www.belzona.be\\\/fr\\\/wp-content\\\/uploads\\\/sites\\\/4\\\/2022\\\/12\\\/belzona-4154-bulkfill-resin.jpg\",\"datePublished\":\"2022-12-21T07:34:53+00:00\",\"dateModified\":\"2025-12-18T08:47:08+00:00\",\"description\":\"Belzona 4154 est une r\u00e9sine de remplissage \u00e9poxy pour le b\u00e9ton, id\u00e9ale pour le nivellement, les remplissages et la reconstruction des surfaces endommag\u00e9es.\",\"breadcrumb\":{\"@id\":\"https:\\\/\\\/www.belzona.be\\\/fr\\\/product\\\/serie-polymeres-magma\\\/belzona-4154-bulkfill-resin\\\/#breadcrumb\"},\"inLanguage\":\"fr-BE\",\"potentialAction\":[{\"@type\":\"ReadAction\",\"target\":[\"https:\\\/\\\/www.belzona.be\\\/fr\\\/product\\\/serie-polymeres-magma\\\/belzona-4154-bulkfill-resin\\\/\"]}]},{\"@type\":\"ImageObject\",\"inLanguage\":\"fr-BE\",\"@id\":\"https:\\\/\\\/www.belzona.be\\\/fr\\\/product\\\/serie-polymeres-magma\\\/belzona-4154-bulkfill-resin\\\/#primaryimage\",\"url\":\"https:\\\/\\\/www.belzona.be\\\/fr\\\/wp-content\\\/uploads\\\/sites\\\/4\\\/2022\\\/12\\\/belzona-4154-bulkfill-resin.jpg\",\"contentUrl\":\"https:\\\/\\\/www.belzona.be\\\/fr\\\/wp-content\\\/uploads\\\/sites\\\/4\\\/2022\\\/12\\\/belzona-4154-bulkfill-resin.jpg\",\"width\":660,\"height\":660},{\"@type\":\"BreadcrumbList\",\"@id\":\"https:\\\/\\\/www.belzona.be\\\/fr\\\/product\\\/serie-polymeres-magma\\\/belzona-4154-bulkfill-resin\\\/#breadcrumb\",\"itemListElement\":[{\"@type\":\"ListItem\",\"position\":1,\"name\":\"Accueil\",\"item\":\"https:\\\/\\\/www.belzona.be\\\/fr\\\/\"},{\"@type\":\"ListItem\",\"position\":2,\"name\":\"Produits\",\"item\":\"https:\\\/\\\/www.belzona.be\\\/fr\\\/produits\\\/\"},{\"@type\":\"ListItem\",\"position\":3,\"name\":\"Belzona 4154 Bulkfill \u2013 R\u00e9sine de remplissage \u00e9poxy\"}]},{\"@type\":\"WebSite\",\"@id\":\"https:\\\/\\\/www.belzona.be\\\/fr\\\/#website\",\"url\":\"https:\\\/\\\/www.belzona.be\\\/fr\\\/\",\"name\":\"Belzona Perspect Belgique FR\",\"description\":\"Belzona : r\u00e9paration, protection et am\u00e9lioration des surfaces. Belzona pr\u00e9vient et r\u00e9pare l&#039;\u00e9rosion, la corrosion, l&#039;abrasion, ainsi que les d\u00e9gradations chimiques et m\u00e9caniques.\",\"potentialAction\":[{\"@type\":\"SearchAction\",\"target\":{\"@type\":\"EntryPoint\",\"urlTemplate\":\"https:\\\/\\\/www.belzona.be\\\/fr\\\/?s={search_term_string}\"},\"query-input\":{\"@type\":\"PropertyValueSpecification\",\"valueRequired\":true,\"valueName\":\"search_term_string\"}}],\"inLanguage\":\"fr-BE\"}]}<\/script>\n<!-- \/ Yoast SEO plugin. -->","yoast_head_json":{"title":"Belzona 4154 : r\u00e9sine de remplissage \u00e9poxy b\u00e9ton | Perspect BE","description":"Belzona 4154 est une r\u00e9sine de remplissage \u00e9poxy pour le b\u00e9ton, id\u00e9ale pour le nivellement, les remplissages et la reconstruction des surfaces endommag\u00e9es.","robots":{"index":"index","follow":"follow","max-snippet":"max-snippet:-1","max-image-preview":"max-image-preview:large","max-video-preview":"max-video-preview:-1"},"canonical":"https:\/\/www.belzona.be\/fr\/product\/serie-polymeres-magma\/belzona-4154-bulkfill-resin\/","og_locale":"fr_FR","og_type":"article","og_title":"Belzona 4154 : r\u00e9sine de remplissage \u00e9poxy b\u00e9ton | Perspect BE","og_description":"Belzona 4154 est une r\u00e9sine de remplissage \u00e9poxy pour le b\u00e9ton, id\u00e9ale pour le nivellement, les remplissages et la reconstruction des surfaces endommag\u00e9es.","og_url":"https:\/\/www.belzona.be\/fr\/product\/serie-polymeres-magma\/belzona-4154-bulkfill-resin\/","og_site_name":"Belzona Perspect Belgique FR","article_modified_time":"2025-12-18T08:47:08+00:00","og_image":[{"width":660,"height":660,"url":"https:\/\/www.belzona.be\/fr\/wp-content\/uploads\/sites\/4\/2022\/12\/belzona-4154-bulkfill-resin.jpg","type":"image\/jpeg"}],"twitter_card":"summary_large_image","twitter_misc":{"Dur\u00e9e de lecture est.":"1 minute"},"schema":{"@context":"https:\/\/schema.org","@graph":[{"@type":"WebPage","@id":"https:\/\/www.belzona.be\/fr\/product\/serie-polymeres-magma\/belzona-4154-bulkfill-resin\/","url":"https:\/\/www.belzona.be\/fr\/product\/serie-polymeres-magma\/belzona-4154-bulkfill-resin\/","name":"Belzona 4154 : r\u00e9sine de remplissage \u00e9poxy b\u00e9ton | Perspect BE","isPartOf":{"@id":"https:\/\/www.belzona.be\/fr\/#website"},"primaryImageOfPage":{"@id":"https:\/\/www.belzona.be\/fr\/product\/serie-polymeres-magma\/belzona-4154-bulkfill-resin\/#primaryimage"},"image":{"@id":"https:\/\/www.belzona.be\/fr\/product\/serie-polymeres-magma\/belzona-4154-bulkfill-resin\/#primaryimage"},"thumbnailUrl":"https:\/\/www.belzona.be\/fr\/wp-content\/uploads\/sites\/4\/2022\/12\/belzona-4154-bulkfill-resin.jpg","datePublished":"2022-12-21T07:34:53+00:00","dateModified":"2025-12-18T08:47:08+00:00","description":"Belzona 4154 est une r\u00e9sine de remplissage \u00e9poxy pour le b\u00e9ton, id\u00e9ale pour le nivellement, les remplissages et la reconstruction des surfaces endommag\u00e9es.","breadcrumb":{"@id":"https:\/\/www.belzona.be\/fr\/product\/serie-polymeres-magma\/belzona-4154-bulkfill-resin\/#breadcrumb"},"inLanguage":"fr-BE","potentialAction":[{"@type":"ReadAction","target":["https:\/\/www.belzona.be\/fr\/product\/serie-polymeres-magma\/belzona-4154-bulkfill-resin\/"]}]},{"@type":"ImageObject","inLanguage":"fr-BE","@id":"https:\/\/www.belzona.be\/fr\/product\/serie-polymeres-magma\/belzona-4154-bulkfill-resin\/#primaryimage","url":"https:\/\/www.belzona.be\/fr\/wp-content\/uploads\/sites\/4\/2022\/12\/belzona-4154-bulkfill-resin.jpg","contentUrl":"https:\/\/www.belzona.be\/fr\/wp-content\/uploads\/sites\/4\/2022\/12\/belzona-4154-bulkfill-resin.jpg","width":660,"height":660},{"@type":"BreadcrumbList","@id":"https:\/\/www.belzona.be\/fr\/product\/serie-polymeres-magma\/belzona-4154-bulkfill-resin\/#breadcrumb","itemListElement":[{"@type":"ListItem","position":1,"name":"Accueil","item":"https:\/\/www.belzona.be\/fr\/"},{"@type":"ListItem","position":2,"name":"Produits","item":"https:\/\/www.belzona.be\/fr\/produits\/"},{"@type":"ListItem","position":3,"name":"Belzona 4154 Bulkfill \u2013 R\u00e9sine de remplissage \u00e9poxy"}]},{"@type":"WebSite","@id":"https:\/\/www.belzona.be\/fr\/#website","url":"https:\/\/www.belzona.be\/fr\/","name":"Belzona Perspect Belgique FR","description":"Belzona : r\u00e9paration, protection et am\u00e9lioration des surfaces. Belzona pr\u00e9vient et r\u00e9pare l&#039;\u00e9rosion, la corrosion, l&#039;abrasion, ainsi que les d\u00e9gradations chimiques et m\u00e9caniques.","potentialAction":[{"@type":"SearchAction","target":{"@type":"EntryPoint","urlTemplate":"https:\/\/www.belzona.be\/fr\/?s={search_term_string}"},"query-input":{"@type":"PropertyValueSpecification","valueRequired":true,"valueName":"search_term_string"}}],"inLanguage":"fr-BE"}]}},"_links":{"self":[{"href":"https:\/\/www.belzona.be\/fr\/wp-json\/wp\/v2\/product\/466","targetHints":{"allow":["GET"]}}],"collection":[{"href":"https:\/\/www.belzona.be\/fr\/wp-json\/wp\/v2\/product"}],"about":[{"href":"https:\/\/www.belzona.be\/fr\/wp-json\/wp\/v2\/types\/product"}],"wp:featuredmedia":[{"embeddable":true,"href":"https:\/\/www.belzona.be\/fr\/wp-json\/wp\/v2\/media\/467"}],"wp:attachment":[{"href":"https:\/\/www.belzona.be\/fr\/wp-json\/wp\/v2\/media?parent=466"}],"wp:term":[{"taxonomy":"product_brand","embeddable":true,"href":"https:\/\/www.belzona.be\/fr\/wp-json\/wp\/v2\/product_brand?post=466"},{"taxonomy":"product_cat","embeddable":true,"href":"https:\/\/www.belzona.be\/fr\/wp-json\/wp\/v2\/product_cat?post=466"},{"taxonomy":"product_tag","embeddable":true,"href":"https:\/\/www.belzona.be\/fr\/wp-json\/wp\/v2\/product_tag?post=466"}],"curies":[{"name":"wp","href":"https:\/\/api.w.org\/{rel}","templated":true}]}}