{"id":462,"date":"2022-12-21T09:26:29","date_gmt":"2022-12-21T07:26:29","guid":{"rendered":"https:\/\/www.belzona.nl\/?post_type=product&#038;p=462"},"modified":"2025-12-18T09:47:17","modified_gmt":"2025-12-18T08:47:17","slug":"belzona-4141-magma-build","status":"publish","type":"product","link":"https:\/\/www.belzona.be\/fr\/product\/serie-polymeres-magma\/belzona-4141-magma-build\/","title":{"rendered":"Belzona 4141 Magma-Build \u2013 Mortier epoxy l\u00e9ger"},"content":{"rendered":"<p><iframe title=\"Spalling Concrete Repaired at a Railway Station with Belzona\" width=\"980\" height=\"551\" data-src=\"https:\/\/www.youtube.com\/embed\/i7vgrJczqMY?feature=oembed\" frameborder=\"0\" allow=\"accelerometer; autoplay; clipboard-write; encrypted-media; gyroscope; picture-in-picture; web-share\" referrerpolicy=\"strict-origin-when-cross-origin\" allowfullscreen src=\"data:image\/svg+xml;base64,PHN2ZyB3aWR0aD0iMSIgaGVpZ2h0PSIxIiB4bWxucz0iaHR0cDovL3d3dy53My5vcmcvMjAwMC9zdmciPjwvc3ZnPg==\" class=\"lazyload\" data-load-mode=\"1\"><\/iframe><\/p>\n","protected":false},"excerpt":{"rendered":"<p data-start=\"3655\" data-end=\"3942\">Belzona 4141 Magma-Build est un mortier epoxy l\u00e9ger con\u00e7u pour la r\u00e9paration des surfaces verticales et en surplomb en b\u00e9ton ou en pierre. Il peut \u00eatre appliqu\u00e9 jusqu\u2019\u00e0 12,7 cm sur des surfaces verticales et jusqu\u2019\u00e0 7,6 cm en surface sup\u00e9rieure, sans coffrage et avec un support minimal.<\/p>\n<p data-start=\"3944\" data-end=\"4253\">Le produit durcit en 12 heures \u00e0 25 \u00b0C et atteint sa r\u00e9sistance chimique compl\u00e8te apr\u00e8s 3 jours. Non poreux et r\u00e9sistant aux conditions m\u00e9t\u00e9orologiques extr\u00eames, Belzona 4141 offre une excellente protection contre la d\u00e9gradation du b\u00e9ton. Il adh\u00e8re durablement au b\u00e9ton, \u00e0 la brique et aux pierres naturelles.<\/p>\n<h3 data-start=\"4255\" data-end=\"4289\">Applications de Belzona 4141<\/h3>\n<p data-start=\"4290\" data-end=\"4551\">\u2022 r\u00e9paration du b\u00e9ton d\u00e9grad\u00e9 ou friable<br data-start=\"4330\" data-end=\"4333\" \/>\u2022 restauration d\u2019appuis de fen\u00eatres et d\u2019\u00e9l\u00e9ments architecturaux<br data-start=\"4397\" data-end=\"4400\" \/>\u2022 r\u00e9habilitation de murs, ponts et structures verticales<br data-start=\"4456\" data-end=\"4459\" \/>\u2022 r\u00e9novation de briques alt\u00e9r\u00e9es<br data-start=\"4491\" data-end=\"4494\" \/>\u2022 r\u00e9parations cosm\u00e9tiques et reconstruction de moulures<\/p>\n","protected":false},"featured_media":463,"template":"","meta":{"_acf_changed":false,"content-type":"","editor_notices":[]},"product_brand":[],"product_cat":[27],"product_tag":[],"class_list":{"0":"post-462","1":"product","2":"type-product","3":"status-publish","4":"has-post-thumbnail","6":"product_cat-serie-polymeres-magma","8":"first","9":"instock","10":"taxable","11":"shipping-taxable","12":"product-type-simple"},"acf":[],"yoast_head":"<!-- This site is optimized with the Yoast SEO plugin v27.3 - https:\/\/yoast.com\/product\/yoast-seo-wordpress\/ -->\n<title>Belzona 4141 : mortier epoxy l\u00e9ger pour b\u00e9ton | Perspect BE<\/title>\n<meta name=\"description\" content=\"Belzona 4141 Magma-Build est un mortier epoxy l\u00e9ger pour r\u00e9parer le b\u00e9ton, offrant une forte adh\u00e9rence et une haute r\u00e9sistance chimique.\" \/>\n<meta name=\"robots\" content=\"index, follow, max-snippet:-1, max-image-preview:large, max-video-preview:-1\" \/>\n<link rel=\"canonical\" href=\"https:\/\/www.belzona.be\/fr\/product\/serie-polymeres-magma\/belzona-4141-magma-build\/\" \/>\n<meta property=\"og:locale\" content=\"fr_FR\" \/>\n<meta property=\"og:type\" content=\"article\" \/>\n<meta property=\"og:title\" content=\"Belzona 4141 : mortier epoxy l\u00e9ger pour b\u00e9ton | Perspect BE\" \/>\n<meta property=\"og:description\" content=\"Belzona 4141 Magma-Build est un mortier epoxy l\u00e9ger pour r\u00e9parer le b\u00e9ton, offrant une forte adh\u00e9rence et une haute r\u00e9sistance chimique.\" \/>\n<meta property=\"og:url\" content=\"https:\/\/www.belzona.be\/fr\/product\/serie-polymeres-magma\/belzona-4141-magma-build\/\" \/>\n<meta property=\"og:site_name\" content=\"Belzona Perspect Belgique FR\" \/>\n<meta property=\"article:modified_time\" content=\"2025-12-18T08:47:17+00:00\" \/>\n<meta property=\"og:image\" content=\"https:\/\/www.belzona.be\/fr\/wp-content\/uploads\/sites\/4\/2022\/12\/belzona-4141-magma-build.jpg\" \/>\n\t<meta property=\"og:image:width\" content=\"709\" \/>\n\t<meta property=\"og:image:height\" content=\"709\" \/>\n\t<meta property=\"og:image:type\" content=\"image\/jpeg\" \/>\n<meta name=\"twitter:card\" content=\"summary_large_image\" \/>\n<meta name=\"twitter:label1\" content=\"Dur\u00e9e de lecture est.\" \/>\n\t<meta name=\"twitter:data1\" content=\"1 minute\" \/>\n<script type=\"application\/ld+json\" class=\"yoast-schema-graph\">{\"@context\":\"https:\\\/\\\/schema.org\",\"@graph\":[{\"@type\":\"WebPage\",\"@id\":\"https:\\\/\\\/www.belzona.be\\\/fr\\\/product\\\/serie-polymeres-magma\\\/belzona-4141-magma-build\\\/\",\"url\":\"https:\\\/\\\/www.belzona.be\\\/fr\\\/product\\\/serie-polymeres-magma\\\/belzona-4141-magma-build\\\/\",\"name\":\"Belzona 4141 : mortier epoxy l\u00e9ger pour b\u00e9ton | Perspect BE\",\"isPartOf\":{\"@id\":\"https:\\\/\\\/www.belzona.be\\\/fr\\\/#website\"},\"primaryImageOfPage\":{\"@id\":\"https:\\\/\\\/www.belzona.be\\\/fr\\\/product\\\/serie-polymeres-magma\\\/belzona-4141-magma-build\\\/#primaryimage\"},\"image\":{\"@id\":\"https:\\\/\\\/www.belzona.be\\\/fr\\\/product\\\/serie-polymeres-magma\\\/belzona-4141-magma-build\\\/#primaryimage\"},\"thumbnailUrl\":\"https:\\\/\\\/www.belzona.be\\\/fr\\\/wp-content\\\/uploads\\\/sites\\\/4\\\/2022\\\/12\\\/belzona-4141-magma-build.jpg\",\"datePublished\":\"2022-12-21T07:26:29+00:00\",\"dateModified\":\"2025-12-18T08:47:17+00:00\",\"description\":\"Belzona 4141 Magma-Build est un mortier epoxy l\u00e9ger pour r\u00e9parer le b\u00e9ton, offrant une forte adh\u00e9rence et une haute r\u00e9sistance chimique.\",\"breadcrumb\":{\"@id\":\"https:\\\/\\\/www.belzona.be\\\/fr\\\/product\\\/serie-polymeres-magma\\\/belzona-4141-magma-build\\\/#breadcrumb\"},\"inLanguage\":\"fr-BE\",\"potentialAction\":[{\"@type\":\"ReadAction\",\"target\":[\"https:\\\/\\\/www.belzona.be\\\/fr\\\/product\\\/serie-polymeres-magma\\\/belzona-4141-magma-build\\\/\"]}]},{\"@type\":\"ImageObject\",\"inLanguage\":\"fr-BE\",\"@id\":\"https:\\\/\\\/www.belzona.be\\\/fr\\\/product\\\/serie-polymeres-magma\\\/belzona-4141-magma-build\\\/#primaryimage\",\"url\":\"https:\\\/\\\/www.belzona.be\\\/fr\\\/wp-content\\\/uploads\\\/sites\\\/4\\\/2022\\\/12\\\/belzona-4141-magma-build.jpg\",\"contentUrl\":\"https:\\\/\\\/www.belzona.be\\\/fr\\\/wp-content\\\/uploads\\\/sites\\\/4\\\/2022\\\/12\\\/belzona-4141-magma-build.jpg\",\"width\":709,\"height\":709},{\"@type\":\"BreadcrumbList\",\"@id\":\"https:\\\/\\\/www.belzona.be\\\/fr\\\/product\\\/serie-polymeres-magma\\\/belzona-4141-magma-build\\\/#breadcrumb\",\"itemListElement\":[{\"@type\":\"ListItem\",\"position\":1,\"name\":\"Accueil\",\"item\":\"https:\\\/\\\/www.belzona.be\\\/fr\\\/\"},{\"@type\":\"ListItem\",\"position\":2,\"name\":\"Produits\",\"item\":\"https:\\\/\\\/www.belzona.be\\\/fr\\\/produits\\\/\"},{\"@type\":\"ListItem\",\"position\":3,\"name\":\"Belzona 4141 Magma-Build \u2013 Mortier epoxy l\u00e9ger\"}]},{\"@type\":\"WebSite\",\"@id\":\"https:\\\/\\\/www.belzona.be\\\/fr\\\/#website\",\"url\":\"https:\\\/\\\/www.belzona.be\\\/fr\\\/\",\"name\":\"Belzona Perspect Belgique FR\",\"description\":\"Belzona : r\u00e9paration, protection et am\u00e9lioration des surfaces. Belzona pr\u00e9vient et r\u00e9pare l&#039;\u00e9rosion, la corrosion, l&#039;abrasion, ainsi que les d\u00e9gradations chimiques et m\u00e9caniques.\",\"potentialAction\":[{\"@type\":\"SearchAction\",\"target\":{\"@type\":\"EntryPoint\",\"urlTemplate\":\"https:\\\/\\\/www.belzona.be\\\/fr\\\/?s={search_term_string}\"},\"query-input\":{\"@type\":\"PropertyValueSpecification\",\"valueRequired\":true,\"valueName\":\"search_term_string\"}}],\"inLanguage\":\"fr-BE\"}]}<\/script>\n<!-- \/ Yoast SEO plugin. -->","yoast_head_json":{"title":"Belzona 4141 : mortier epoxy l\u00e9ger pour b\u00e9ton | Perspect BE","description":"Belzona 4141 Magma-Build est un mortier epoxy l\u00e9ger pour r\u00e9parer le b\u00e9ton, offrant une forte adh\u00e9rence et une haute r\u00e9sistance chimique.","robots":{"index":"index","follow":"follow","max-snippet":"max-snippet:-1","max-image-preview":"max-image-preview:large","max-video-preview":"max-video-preview:-1"},"canonical":"https:\/\/www.belzona.be\/fr\/product\/serie-polymeres-magma\/belzona-4141-magma-build\/","og_locale":"fr_FR","og_type":"article","og_title":"Belzona 4141 : mortier epoxy l\u00e9ger pour b\u00e9ton | Perspect BE","og_description":"Belzona 4141 Magma-Build est un mortier epoxy l\u00e9ger pour r\u00e9parer le b\u00e9ton, offrant une forte adh\u00e9rence et une haute r\u00e9sistance chimique.","og_url":"https:\/\/www.belzona.be\/fr\/product\/serie-polymeres-magma\/belzona-4141-magma-build\/","og_site_name":"Belzona Perspect Belgique FR","article_modified_time":"2025-12-18T08:47:17+00:00","og_image":[{"width":709,"height":709,"url":"https:\/\/www.belzona.be\/fr\/wp-content\/uploads\/sites\/4\/2022\/12\/belzona-4141-magma-build.jpg","type":"image\/jpeg"}],"twitter_card":"summary_large_image","twitter_misc":{"Dur\u00e9e de lecture est.":"1 minute"},"schema":{"@context":"https:\/\/schema.org","@graph":[{"@type":"WebPage","@id":"https:\/\/www.belzona.be\/fr\/product\/serie-polymeres-magma\/belzona-4141-magma-build\/","url":"https:\/\/www.belzona.be\/fr\/product\/serie-polymeres-magma\/belzona-4141-magma-build\/","name":"Belzona 4141 : mortier epoxy l\u00e9ger pour b\u00e9ton | Perspect BE","isPartOf":{"@id":"https:\/\/www.belzona.be\/fr\/#website"},"primaryImageOfPage":{"@id":"https:\/\/www.belzona.be\/fr\/product\/serie-polymeres-magma\/belzona-4141-magma-build\/#primaryimage"},"image":{"@id":"https:\/\/www.belzona.be\/fr\/product\/serie-polymeres-magma\/belzona-4141-magma-build\/#primaryimage"},"thumbnailUrl":"https:\/\/www.belzona.be\/fr\/wp-content\/uploads\/sites\/4\/2022\/12\/belzona-4141-magma-build.jpg","datePublished":"2022-12-21T07:26:29+00:00","dateModified":"2025-12-18T08:47:17+00:00","description":"Belzona 4141 Magma-Build est un mortier epoxy l\u00e9ger pour r\u00e9parer le b\u00e9ton, offrant une forte adh\u00e9rence et une haute r\u00e9sistance chimique.","breadcrumb":{"@id":"https:\/\/www.belzona.be\/fr\/product\/serie-polymeres-magma\/belzona-4141-magma-build\/#breadcrumb"},"inLanguage":"fr-BE","potentialAction":[{"@type":"ReadAction","target":["https:\/\/www.belzona.be\/fr\/product\/serie-polymeres-magma\/belzona-4141-magma-build\/"]}]},{"@type":"ImageObject","inLanguage":"fr-BE","@id":"https:\/\/www.belzona.be\/fr\/product\/serie-polymeres-magma\/belzona-4141-magma-build\/#primaryimage","url":"https:\/\/www.belzona.be\/fr\/wp-content\/uploads\/sites\/4\/2022\/12\/belzona-4141-magma-build.jpg","contentUrl":"https:\/\/www.belzona.be\/fr\/wp-content\/uploads\/sites\/4\/2022\/12\/belzona-4141-magma-build.jpg","width":709,"height":709},{"@type":"BreadcrumbList","@id":"https:\/\/www.belzona.be\/fr\/product\/serie-polymeres-magma\/belzona-4141-magma-build\/#breadcrumb","itemListElement":[{"@type":"ListItem","position":1,"name":"Accueil","item":"https:\/\/www.belzona.be\/fr\/"},{"@type":"ListItem","position":2,"name":"Produits","item":"https:\/\/www.belzona.be\/fr\/produits\/"},{"@type":"ListItem","position":3,"name":"Belzona 4141 Magma-Build \u2013 Mortier epoxy l\u00e9ger"}]},{"@type":"WebSite","@id":"https:\/\/www.belzona.be\/fr\/#website","url":"https:\/\/www.belzona.be\/fr\/","name":"Belzona Perspect Belgique FR","description":"Belzona : r\u00e9paration, protection et am\u00e9lioration des surfaces. Belzona pr\u00e9vient et r\u00e9pare l&#039;\u00e9rosion, la corrosion, l&#039;abrasion, ainsi que les d\u00e9gradations chimiques et m\u00e9caniques.","potentialAction":[{"@type":"SearchAction","target":{"@type":"EntryPoint","urlTemplate":"https:\/\/www.belzona.be\/fr\/?s={search_term_string}"},"query-input":{"@type":"PropertyValueSpecification","valueRequired":true,"valueName":"search_term_string"}}],"inLanguage":"fr-BE"}]}},"_links":{"self":[{"href":"https:\/\/www.belzona.be\/fr\/wp-json\/wp\/v2\/product\/462","targetHints":{"allow":["GET"]}}],"collection":[{"href":"https:\/\/www.belzona.be\/fr\/wp-json\/wp\/v2\/product"}],"about":[{"href":"https:\/\/www.belzona.be\/fr\/wp-json\/wp\/v2\/types\/product"}],"wp:featuredmedia":[{"embeddable":true,"href":"https:\/\/www.belzona.be\/fr\/wp-json\/wp\/v2\/media\/463"}],"wp:attachment":[{"href":"https:\/\/www.belzona.be\/fr\/wp-json\/wp\/v2\/media?parent=462"}],"wp:term":[{"taxonomy":"product_brand","embeddable":true,"href":"https:\/\/www.belzona.be\/fr\/wp-json\/wp\/v2\/product_brand?post=462"},{"taxonomy":"product_cat","embeddable":true,"href":"https:\/\/www.belzona.be\/fr\/wp-json\/wp\/v2\/product_cat?post=462"},{"taxonomy":"product_tag","embeddable":true,"href":"https:\/\/www.belzona.be\/fr\/wp-json\/wp\/v2\/product_tag?post=462"}],"curies":[{"name":"wp","href":"https:\/\/api.w.org\/{rel}","templated":true}]}}