{"id":457,"date":"2022-12-20T18:00:54","date_gmt":"2022-12-20T16:00:54","guid":{"rendered":"https:\/\/www.belzona.nl\/?post_type=product&#038;p=457"},"modified":"2025-12-18T09:47:23","modified_gmt":"2025-12-18T08:47:23","slug":"belzona-4111-magma-quartz","status":"publish","type":"product","link":"https:\/\/www.belzona.be\/fr\/product\/serie-polymeres-magma\/belzona-4111-magma-quartz\/","title":{"rendered":"Belzona 4111 Magma-Quartz \u2013 R\u00e9sine quartz de r\u00e9paration"},"content":{"rendered":"<p><iframe title=\"How to Bulk Fill Large Voids and Cracks with Belzona 4124\" width=\"980\" height=\"551\" data-src=\"https:\/\/www.youtube.com\/embed\/NQLDtuOO4ek?feature=oembed\" frameborder=\"0\" allow=\"accelerometer; autoplay; clipboard-write; encrypted-media; gyroscope; picture-in-picture; web-share\" referrerpolicy=\"strict-origin-when-cross-origin\" allowfullscreen src=\"data:image\/svg+xml;base64,PHN2ZyB3aWR0aD0iMSIgaGVpZ2h0PSIxIiB4bWxucz0iaHR0cDovL3d3dy53My5vcmcvMjAwMC9zdmciPjwvc3ZnPg==\" class=\"lazyload\" data-load-mode=\"1\"><\/iframe><\/p>\n","protected":false},"excerpt":{"rendered":"<p data-start=\"3940\" data-end=\"4289\">Belzona 4111 Magma-Quartz est une r\u00e9sine quartz \u00e9poxy destin\u00e9e \u00e0 la r\u00e9paration, au renforcement et \u00e0 la protection du b\u00e9ton, de la brique, du marbre et de la pierre. Le mat\u00e9riau ne r\u00e9tr\u00e9cit pas, qu\u2019il soit appliqu\u00e9 en faible quantit\u00e9 ou en forte \u00e9paisseur. Il offre une excellente adh\u00e9rence aux surfaces min\u00e9rales ainsi qu\u2019aux substrats m\u00e9talliques.<\/p>\n<p data-start=\"4291\" data-end=\"4575\">Gr\u00e2ce \u00e0 sa formulation en trois composants, la viscosit\u00e9 peut \u00eatre adapt\u00e9e en fonction de l\u2019application. Belzona 4111 Magma-Quartz est facile \u00e0 m\u00e9langer et \u00e0 appliquer, tout en offrant une r\u00e9sistance m\u00e9canique et chimique tr\u00e8s \u00e9lev\u00e9e, adapt\u00e9e aux environnements industriels exigeants.<\/p>\n<h3 data-start=\"4577\" data-end=\"4611\">Applications de Belzona 4111<\/h3>\n<p data-start=\"4612\" data-end=\"4917\">\u2022 r\u00e9paration et reconstruction de structures en b\u00e9ton, brique ou pierre<br data-start=\"4683\" data-end=\"4686\" \/>\u2022 zones expos\u00e9es \u00e0 des agents chimiques<br data-start=\"4725\" data-end=\"4728\" \/>\u2022 r\u00e9paration de sols industriels : escaliers, joints, conduits, grilles<br data-start=\"4799\" data-end=\"4802\" \/>\u2022 jointoiement, collage et calage d\u2019\u00e9quipements : supports, dalles, pompes<br data-start=\"4876\" data-end=\"4879\" \/>\u2022 traitement des zones \u00e0 forte usure<\/p>\n","protected":false},"featured_media":458,"template":"","meta":{"_acf_changed":false,"content-type":"","editor_notices":[]},"product_brand":[],"product_cat":[27],"product_tag":[],"class_list":{"0":"post-457","1":"product","2":"type-product","3":"status-publish","4":"has-post-thumbnail","6":"product_cat-serie-polymeres-magma","8":"first","9":"instock","10":"taxable","11":"shipping-taxable","12":"product-type-simple"},"acf":[],"yoast_head":"<!-- This site is optimized with the Yoast SEO plugin v27.3 - https:\/\/yoast.com\/product\/yoast-seo-wordpress\/ -->\n<title>Belzona 4111 : r\u00e9sine quartz pour r\u00e9paration du b\u00e9ton | Perspect BE<\/title>\n<meta name=\"description\" content=\"Belzona 4111 Magma-Quartz, r\u00e9sine quartz \u00e9poxy haute performance, r\u00e9pare et renforce le b\u00e9ton, la pierre et les sols industriels avec une adh\u00e9rence durable.\" \/>\n<meta name=\"robots\" content=\"index, follow, max-snippet:-1, max-image-preview:large, max-video-preview:-1\" \/>\n<link rel=\"canonical\" href=\"https:\/\/www.belzona.be\/fr\/product\/serie-polymeres-magma\/belzona-4111-magma-quartz\/\" \/>\n<meta property=\"og:locale\" content=\"fr_FR\" \/>\n<meta property=\"og:type\" content=\"article\" \/>\n<meta property=\"og:title\" content=\"Belzona 4111 : r\u00e9sine quartz pour r\u00e9paration du b\u00e9ton | Perspect BE\" \/>\n<meta property=\"og:description\" content=\"Belzona 4111 Magma-Quartz, r\u00e9sine quartz \u00e9poxy haute performance, r\u00e9pare et renforce le b\u00e9ton, la pierre et les sols industriels avec une adh\u00e9rence durable.\" \/>\n<meta property=\"og:url\" content=\"https:\/\/www.belzona.be\/fr\/product\/serie-polymeres-magma\/belzona-4111-magma-quartz\/\" \/>\n<meta property=\"og:site_name\" content=\"Belzona Perspect Belgique FR\" \/>\n<meta property=\"article:modified_time\" content=\"2025-12-18T08:47:23+00:00\" \/>\n<meta property=\"og:image\" content=\"https:\/\/www.belzona.be\/fr\/wp-content\/uploads\/sites\/4\/2022\/12\/belzona-4111-magma-quartz.jpg\" \/>\n\t<meta property=\"og:image:width\" content=\"702\" \/>\n\t<meta property=\"og:image:height\" content=\"702\" \/>\n\t<meta property=\"og:image:type\" content=\"image\/jpeg\" \/>\n<meta name=\"twitter:card\" content=\"summary_large_image\" \/>\n<meta name=\"twitter:label1\" content=\"Dur\u00e9e de lecture est.\" \/>\n\t<meta name=\"twitter:data1\" content=\"1 minute\" \/>\n<script type=\"application\/ld+json\" class=\"yoast-schema-graph\">{\"@context\":\"https:\\\/\\\/schema.org\",\"@graph\":[{\"@type\":\"WebPage\",\"@id\":\"https:\\\/\\\/www.belzona.be\\\/fr\\\/product\\\/serie-polymeres-magma\\\/belzona-4111-magma-quartz\\\/\",\"url\":\"https:\\\/\\\/www.belzona.be\\\/fr\\\/product\\\/serie-polymeres-magma\\\/belzona-4111-magma-quartz\\\/\",\"name\":\"Belzona 4111 : r\u00e9sine quartz pour r\u00e9paration du b\u00e9ton | Perspect BE\",\"isPartOf\":{\"@id\":\"https:\\\/\\\/www.belzona.be\\\/fr\\\/#website\"},\"primaryImageOfPage\":{\"@id\":\"https:\\\/\\\/www.belzona.be\\\/fr\\\/product\\\/serie-polymeres-magma\\\/belzona-4111-magma-quartz\\\/#primaryimage\"},\"image\":{\"@id\":\"https:\\\/\\\/www.belzona.be\\\/fr\\\/product\\\/serie-polymeres-magma\\\/belzona-4111-magma-quartz\\\/#primaryimage\"},\"thumbnailUrl\":\"https:\\\/\\\/www.belzona.be\\\/fr\\\/wp-content\\\/uploads\\\/sites\\\/4\\\/2022\\\/12\\\/belzona-4111-magma-quartz.jpg\",\"datePublished\":\"2022-12-20T16:00:54+00:00\",\"dateModified\":\"2025-12-18T08:47:23+00:00\",\"description\":\"Belzona 4111 Magma-Quartz, r\u00e9sine quartz \u00e9poxy haute performance, r\u00e9pare et renforce le b\u00e9ton, la pierre et les sols industriels avec une adh\u00e9rence durable.\",\"breadcrumb\":{\"@id\":\"https:\\\/\\\/www.belzona.be\\\/fr\\\/product\\\/serie-polymeres-magma\\\/belzona-4111-magma-quartz\\\/#breadcrumb\"},\"inLanguage\":\"fr-BE\",\"potentialAction\":[{\"@type\":\"ReadAction\",\"target\":[\"https:\\\/\\\/www.belzona.be\\\/fr\\\/product\\\/serie-polymeres-magma\\\/belzona-4111-magma-quartz\\\/\"]}]},{\"@type\":\"ImageObject\",\"inLanguage\":\"fr-BE\",\"@id\":\"https:\\\/\\\/www.belzona.be\\\/fr\\\/product\\\/serie-polymeres-magma\\\/belzona-4111-magma-quartz\\\/#primaryimage\",\"url\":\"https:\\\/\\\/www.belzona.be\\\/fr\\\/wp-content\\\/uploads\\\/sites\\\/4\\\/2022\\\/12\\\/belzona-4111-magma-quartz.jpg\",\"contentUrl\":\"https:\\\/\\\/www.belzona.be\\\/fr\\\/wp-content\\\/uploads\\\/sites\\\/4\\\/2022\\\/12\\\/belzona-4111-magma-quartz.jpg\",\"width\":702,\"height\":702},{\"@type\":\"BreadcrumbList\",\"@id\":\"https:\\\/\\\/www.belzona.be\\\/fr\\\/product\\\/serie-polymeres-magma\\\/belzona-4111-magma-quartz\\\/#breadcrumb\",\"itemListElement\":[{\"@type\":\"ListItem\",\"position\":1,\"name\":\"Accueil\",\"item\":\"https:\\\/\\\/www.belzona.be\\\/fr\\\/\"},{\"@type\":\"ListItem\",\"position\":2,\"name\":\"Produits\",\"item\":\"https:\\\/\\\/www.belzona.be\\\/fr\\\/produits\\\/\"},{\"@type\":\"ListItem\",\"position\":3,\"name\":\"Belzona 4111 Magma-Quartz \u2013 R\u00e9sine quartz de r\u00e9paration\"}]},{\"@type\":\"WebSite\",\"@id\":\"https:\\\/\\\/www.belzona.be\\\/fr\\\/#website\",\"url\":\"https:\\\/\\\/www.belzona.be\\\/fr\\\/\",\"name\":\"Belzona Perspect Belgique FR\",\"description\":\"Belzona : r\u00e9paration, protection et am\u00e9lioration des surfaces. Belzona pr\u00e9vient et r\u00e9pare l&#039;\u00e9rosion, la corrosion, l&#039;abrasion, ainsi que les d\u00e9gradations chimiques et m\u00e9caniques.\",\"potentialAction\":[{\"@type\":\"SearchAction\",\"target\":{\"@type\":\"EntryPoint\",\"urlTemplate\":\"https:\\\/\\\/www.belzona.be\\\/fr\\\/?s={search_term_string}\"},\"query-input\":{\"@type\":\"PropertyValueSpecification\",\"valueRequired\":true,\"valueName\":\"search_term_string\"}}],\"inLanguage\":\"fr-BE\"}]}<\/script>\n<!-- \/ Yoast SEO plugin. -->","yoast_head_json":{"title":"Belzona 4111 : r\u00e9sine quartz pour r\u00e9paration du b\u00e9ton | Perspect BE","description":"Belzona 4111 Magma-Quartz, r\u00e9sine quartz \u00e9poxy haute performance, r\u00e9pare et renforce le b\u00e9ton, la pierre et les sols industriels avec une adh\u00e9rence durable.","robots":{"index":"index","follow":"follow","max-snippet":"max-snippet:-1","max-image-preview":"max-image-preview:large","max-video-preview":"max-video-preview:-1"},"canonical":"https:\/\/www.belzona.be\/fr\/product\/serie-polymeres-magma\/belzona-4111-magma-quartz\/","og_locale":"fr_FR","og_type":"article","og_title":"Belzona 4111 : r\u00e9sine quartz pour r\u00e9paration du b\u00e9ton | Perspect BE","og_description":"Belzona 4111 Magma-Quartz, r\u00e9sine quartz \u00e9poxy haute performance, r\u00e9pare et renforce le b\u00e9ton, la pierre et les sols industriels avec une adh\u00e9rence durable.","og_url":"https:\/\/www.belzona.be\/fr\/product\/serie-polymeres-magma\/belzona-4111-magma-quartz\/","og_site_name":"Belzona Perspect Belgique FR","article_modified_time":"2025-12-18T08:47:23+00:00","og_image":[{"width":702,"height":702,"url":"https:\/\/www.belzona.be\/fr\/wp-content\/uploads\/sites\/4\/2022\/12\/belzona-4111-magma-quartz.jpg","type":"image\/jpeg"}],"twitter_card":"summary_large_image","twitter_misc":{"Dur\u00e9e de lecture est.":"1 minute"},"schema":{"@context":"https:\/\/schema.org","@graph":[{"@type":"WebPage","@id":"https:\/\/www.belzona.be\/fr\/product\/serie-polymeres-magma\/belzona-4111-magma-quartz\/","url":"https:\/\/www.belzona.be\/fr\/product\/serie-polymeres-magma\/belzona-4111-magma-quartz\/","name":"Belzona 4111 : r\u00e9sine quartz pour r\u00e9paration du b\u00e9ton | Perspect BE","isPartOf":{"@id":"https:\/\/www.belzona.be\/fr\/#website"},"primaryImageOfPage":{"@id":"https:\/\/www.belzona.be\/fr\/product\/serie-polymeres-magma\/belzona-4111-magma-quartz\/#primaryimage"},"image":{"@id":"https:\/\/www.belzona.be\/fr\/product\/serie-polymeres-magma\/belzona-4111-magma-quartz\/#primaryimage"},"thumbnailUrl":"https:\/\/www.belzona.be\/fr\/wp-content\/uploads\/sites\/4\/2022\/12\/belzona-4111-magma-quartz.jpg","datePublished":"2022-12-20T16:00:54+00:00","dateModified":"2025-12-18T08:47:23+00:00","description":"Belzona 4111 Magma-Quartz, r\u00e9sine quartz \u00e9poxy haute performance, r\u00e9pare et renforce le b\u00e9ton, la pierre et les sols industriels avec une adh\u00e9rence durable.","breadcrumb":{"@id":"https:\/\/www.belzona.be\/fr\/product\/serie-polymeres-magma\/belzona-4111-magma-quartz\/#breadcrumb"},"inLanguage":"fr-BE","potentialAction":[{"@type":"ReadAction","target":["https:\/\/www.belzona.be\/fr\/product\/serie-polymeres-magma\/belzona-4111-magma-quartz\/"]}]},{"@type":"ImageObject","inLanguage":"fr-BE","@id":"https:\/\/www.belzona.be\/fr\/product\/serie-polymeres-magma\/belzona-4111-magma-quartz\/#primaryimage","url":"https:\/\/www.belzona.be\/fr\/wp-content\/uploads\/sites\/4\/2022\/12\/belzona-4111-magma-quartz.jpg","contentUrl":"https:\/\/www.belzona.be\/fr\/wp-content\/uploads\/sites\/4\/2022\/12\/belzona-4111-magma-quartz.jpg","width":702,"height":702},{"@type":"BreadcrumbList","@id":"https:\/\/www.belzona.be\/fr\/product\/serie-polymeres-magma\/belzona-4111-magma-quartz\/#breadcrumb","itemListElement":[{"@type":"ListItem","position":1,"name":"Accueil","item":"https:\/\/www.belzona.be\/fr\/"},{"@type":"ListItem","position":2,"name":"Produits","item":"https:\/\/www.belzona.be\/fr\/produits\/"},{"@type":"ListItem","position":3,"name":"Belzona 4111 Magma-Quartz \u2013 R\u00e9sine quartz de r\u00e9paration"}]},{"@type":"WebSite","@id":"https:\/\/www.belzona.be\/fr\/#website","url":"https:\/\/www.belzona.be\/fr\/","name":"Belzona Perspect Belgique FR","description":"Belzona : r\u00e9paration, protection et am\u00e9lioration des surfaces. Belzona pr\u00e9vient et r\u00e9pare l&#039;\u00e9rosion, la corrosion, l&#039;abrasion, ainsi que les d\u00e9gradations chimiques et m\u00e9caniques.","potentialAction":[{"@type":"SearchAction","target":{"@type":"EntryPoint","urlTemplate":"https:\/\/www.belzona.be\/fr\/?s={search_term_string}"},"query-input":{"@type":"PropertyValueSpecification","valueRequired":true,"valueName":"search_term_string"}}],"inLanguage":"fr-BE"}]}},"_links":{"self":[{"href":"https:\/\/www.belzona.be\/fr\/wp-json\/wp\/v2\/product\/457","targetHints":{"allow":["GET"]}}],"collection":[{"href":"https:\/\/www.belzona.be\/fr\/wp-json\/wp\/v2\/product"}],"about":[{"href":"https:\/\/www.belzona.be\/fr\/wp-json\/wp\/v2\/types\/product"}],"wp:featuredmedia":[{"embeddable":true,"href":"https:\/\/www.belzona.be\/fr\/wp-json\/wp\/v2\/media\/458"}],"wp:attachment":[{"href":"https:\/\/www.belzona.be\/fr\/wp-json\/wp\/v2\/media?parent=457"}],"wp:term":[{"taxonomy":"product_brand","embeddable":true,"href":"https:\/\/www.belzona.be\/fr\/wp-json\/wp\/v2\/product_brand?post=457"},{"taxonomy":"product_cat","embeddable":true,"href":"https:\/\/www.belzona.be\/fr\/wp-json\/wp\/v2\/product_cat?post=457"},{"taxonomy":"product_tag","embeddable":true,"href":"https:\/\/www.belzona.be\/fr\/wp-json\/wp\/v2\/product_tag?post=457"}],"curies":[{"name":"wp","href":"https:\/\/api.w.org\/{rel}","templated":true}]}}