{"id":455,"date":"2022-12-20T17:23:41","date_gmt":"2022-12-20T15:23:41","guid":{"rendered":"https:\/\/www.belzona.nl\/?post_type=product&#038;p=455"},"modified":"2025-12-18T09:47:29","modified_gmt":"2025-12-18T08:47:29","slug":"belzona-3412","status":"publish","type":"product","link":"https:\/\/www.belzona.be\/fr\/product\/serie-de-membranes-polymeres\/belzona-3412\/","title":{"rendered":"Belzona 3412 \u2013 Rev\u00eatement \u00e9lastom\u00e8re pelable de protection anticorrosion"},"content":{"rendered":"<p><iframe title=\"Flange Protection | Inspectable Corrosion Protection Coating\" width=\"980\" height=\"551\" data-src=\"https:\/\/www.youtube.com\/embed\/LeCWjTLzPU8?feature=oembed\" frameborder=\"0\" allow=\"accelerometer; autoplay; clipboard-write; encrypted-media; gyroscope; picture-in-picture; web-share\" referrerpolicy=\"strict-origin-when-cross-origin\" allowfullscreen src=\"data:image\/svg+xml;base64,PHN2ZyB3aWR0aD0iMSIgaGVpZ2h0PSIxIiB4bWxucz0iaHR0cDovL3d3dy53My5vcmcvMjAwMC9zdmciPjwvc3ZnPg==\" class=\"lazyload\" data-load-mode=\"1\"><\/iframe><\/p>\n","protected":false},"excerpt":{"rendered":"<p data-start=\"4470\" data-end=\"4773\">Belzona 3412 est un rev\u00eatement \u00e9lastom\u00e8re flexible et pelable con\u00e7u pour encapsuler brides, boulons et assemblages m\u00e9caniques afin d\u2019assurer une protection anticorrosion durable. Il emp\u00eache la p\u00e9n\u00e9tration d\u2019humidit\u00e9 et prot\u00e8ge efficacement contre la corrosion par crevasses, galvanique et atmosph\u00e9rique.<\/p>\n<p data-start=\"4775\" data-end=\"5071\">Le rev\u00eatement s\u2019applique facilement au pinceau ou par pulv\u00e9risation, sur \u00e9quipements neufs comme d\u00e9t\u00e9rior\u00e9s. Associ\u00e9 \u00e0 Belzona 8411, il peut \u00eatre d\u00e9coup\u00e9, pel\u00e9 puis referm\u00e9 ais\u00e9ment pour inspection. Belzona 3412 offre \u00e9galement une bonne r\u00e9sistance thermique et une grande facilit\u00e9 d\u2019utilisation.<\/p>\n<h3 data-start=\"5073\" data-end=\"5107\">Applications de Belzona 3412<\/h3>\n<p data-start=\"5108\" data-end=\"5320\">\u2022 Encapsulation et \u00e9tanch\u00e9it\u00e9 des brides, fixations et raccords de tuyauterie<br data-start=\"5185\" data-end=\"5188\" \/>\u2022 Pr\u00e9vention de l\u2019entr\u00e9e d\u2019humidit\u00e9 dans les assemblages m\u00e9caniques<br data-start=\"5255\" data-end=\"5258\" \/>\u2022 Protection anticorrosion d\u2019\u00e9quipements neufs ou en service<\/p>\n<p><strong>T\u00e9l\u00e9chargements<\/strong><br \/>\n<a href=\"https:\/\/www.belzona.nl\/wp-content\/uploads\/sites\/4\/2022\/12\/Belzona-3412.pdf\">Belzona 3412<\/a><br \/>\n<a href=\"https:\/\/www.belzona.nl\/wp-content\/uploads\/sites\/4\/2022\/12\/IFU-3412.pdf\">Instruction d&rsquo;application 3412<\/a><br \/>\n<a href=\"https:\/\/www.belzona.nl\/wp-content\/uploads\/sites\/4\/2022\/12\/SDS-3412-base-grey.pdf\">Informations de s\u00e9curit\u00e9 Base<\/a><br \/>\n<a href=\"https:\/\/www.belzona.nl\/wp-content\/uploads\/sites\/4\/2022\/12\/SDS-3412-soli-.pdf\">Informations de s\u00e9curit\u00e9 Solidifiant<\/a><\/p>\n","protected":false},"featured_media":456,"template":"","meta":{"_acf_changed":false,"content-type":"","editor_notices":[]},"product_brand":[],"product_cat":[26],"product_tag":[],"class_list":{"0":"post-455","1":"product","2":"type-product","3":"status-publish","4":"has-post-thumbnail","6":"product_cat-serie-de-membranes-polymeres","8":"first","9":"instock","10":"taxable","11":"shipping-taxable","12":"product-type-simple"},"acf":[],"yoast_head":"<!-- This site is optimized with the Yoast SEO plugin v27.3 - https:\/\/yoast.com\/product\/yoast-seo-wordpress\/ -->\n<title>Belzona 3412 : rev\u00eatement \u00e9lastom\u00e8re anticorrosion | Perspect BE<\/title>\n<meta name=\"description\" content=\"Belzona 3412 est un rev\u00eatement \u00e9lastom\u00e8re pelable pour encapsuler brides et fixations, emp\u00eachant l\u2019humidit\u00e9 et offrant une protection anticorrosion durable.\" \/>\n<meta name=\"robots\" content=\"index, follow, max-snippet:-1, max-image-preview:large, max-video-preview:-1\" \/>\n<link rel=\"canonical\" href=\"https:\/\/www.belzona.be\/fr\/product\/serie-de-membranes-polymeres\/belzona-3412\/\" \/>\n<meta property=\"og:locale\" content=\"fr_FR\" \/>\n<meta property=\"og:type\" content=\"article\" \/>\n<meta property=\"og:title\" content=\"Belzona 3412 : rev\u00eatement \u00e9lastom\u00e8re anticorrosion | Perspect BE\" \/>\n<meta property=\"og:description\" content=\"Belzona 3412 est un rev\u00eatement \u00e9lastom\u00e8re pelable pour encapsuler brides et fixations, emp\u00eachant l\u2019humidit\u00e9 et offrant une protection anticorrosion durable.\" \/>\n<meta property=\"og:url\" content=\"https:\/\/www.belzona.be\/fr\/product\/serie-de-membranes-polymeres\/belzona-3412\/\" \/>\n<meta property=\"og:site_name\" content=\"Belzona Perspect Belgique FR\" \/>\n<meta property=\"article:modified_time\" content=\"2025-12-18T08:47:29+00:00\" \/>\n<meta property=\"og:image\" content=\"https:\/\/www.belzona.be\/fr\/wp-content\/uploads\/sites\/4\/2022\/12\/belzona-3412.jpg\" \/>\n\t<meta property=\"og:image:width\" content=\"723\" \/>\n\t<meta property=\"og:image:height\" content=\"723\" \/>\n\t<meta property=\"og:image:type\" content=\"image\/jpeg\" \/>\n<meta name=\"twitter:card\" content=\"summary_large_image\" \/>\n<meta name=\"twitter:label1\" content=\"Dur\u00e9e de lecture est.\" \/>\n\t<meta name=\"twitter:data1\" content=\"1 minute\" \/>\n<script type=\"application\/ld+json\" class=\"yoast-schema-graph\">{\"@context\":\"https:\\\/\\\/schema.org\",\"@graph\":[{\"@type\":\"WebPage\",\"@id\":\"https:\\\/\\\/www.belzona.be\\\/fr\\\/product\\\/serie-de-membranes-polymeres\\\/belzona-3412\\\/\",\"url\":\"https:\\\/\\\/www.belzona.be\\\/fr\\\/product\\\/serie-de-membranes-polymeres\\\/belzona-3412\\\/\",\"name\":\"Belzona 3412 : rev\u00eatement \u00e9lastom\u00e8re anticorrosion | Perspect BE\",\"isPartOf\":{\"@id\":\"https:\\\/\\\/www.belzona.be\\\/fr\\\/#website\"},\"primaryImageOfPage\":{\"@id\":\"https:\\\/\\\/www.belzona.be\\\/fr\\\/product\\\/serie-de-membranes-polymeres\\\/belzona-3412\\\/#primaryimage\"},\"image\":{\"@id\":\"https:\\\/\\\/www.belzona.be\\\/fr\\\/product\\\/serie-de-membranes-polymeres\\\/belzona-3412\\\/#primaryimage\"},\"thumbnailUrl\":\"https:\\\/\\\/www.belzona.be\\\/fr\\\/wp-content\\\/uploads\\\/sites\\\/4\\\/2022\\\/12\\\/belzona-3412.jpg\",\"datePublished\":\"2022-12-20T15:23:41+00:00\",\"dateModified\":\"2025-12-18T08:47:29+00:00\",\"description\":\"Belzona 3412 est un rev\u00eatement \u00e9lastom\u00e8re pelable pour encapsuler brides et fixations, emp\u00eachant l\u2019humidit\u00e9 et offrant une protection anticorrosion durable.\",\"breadcrumb\":{\"@id\":\"https:\\\/\\\/www.belzona.be\\\/fr\\\/product\\\/serie-de-membranes-polymeres\\\/belzona-3412\\\/#breadcrumb\"},\"inLanguage\":\"fr-BE\",\"potentialAction\":[{\"@type\":\"ReadAction\",\"target\":[\"https:\\\/\\\/www.belzona.be\\\/fr\\\/product\\\/serie-de-membranes-polymeres\\\/belzona-3412\\\/\"]}]},{\"@type\":\"ImageObject\",\"inLanguage\":\"fr-BE\",\"@id\":\"https:\\\/\\\/www.belzona.be\\\/fr\\\/product\\\/serie-de-membranes-polymeres\\\/belzona-3412\\\/#primaryimage\",\"url\":\"https:\\\/\\\/www.belzona.be\\\/fr\\\/wp-content\\\/uploads\\\/sites\\\/4\\\/2022\\\/12\\\/belzona-3412.jpg\",\"contentUrl\":\"https:\\\/\\\/www.belzona.be\\\/fr\\\/wp-content\\\/uploads\\\/sites\\\/4\\\/2022\\\/12\\\/belzona-3412.jpg\",\"width\":723,\"height\":723},{\"@type\":\"BreadcrumbList\",\"@id\":\"https:\\\/\\\/www.belzona.be\\\/fr\\\/product\\\/serie-de-membranes-polymeres\\\/belzona-3412\\\/#breadcrumb\",\"itemListElement\":[{\"@type\":\"ListItem\",\"position\":1,\"name\":\"Accueil\",\"item\":\"https:\\\/\\\/www.belzona.be\\\/fr\\\/\"},{\"@type\":\"ListItem\",\"position\":2,\"name\":\"Produits\",\"item\":\"https:\\\/\\\/www.belzona.be\\\/fr\\\/produits\\\/\"},{\"@type\":\"ListItem\",\"position\":3,\"name\":\"Belzona 3412 \u2013 Rev\u00eatement \u00e9lastom\u00e8re pelable de protection anticorrosion\"}]},{\"@type\":\"WebSite\",\"@id\":\"https:\\\/\\\/www.belzona.be\\\/fr\\\/#website\",\"url\":\"https:\\\/\\\/www.belzona.be\\\/fr\\\/\",\"name\":\"Belzona Perspect Belgique FR\",\"description\":\"Belzona : r\u00e9paration, protection et am\u00e9lioration des surfaces. Belzona pr\u00e9vient et r\u00e9pare l&#039;\u00e9rosion, la corrosion, l&#039;abrasion, ainsi que les d\u00e9gradations chimiques et m\u00e9caniques.\",\"potentialAction\":[{\"@type\":\"SearchAction\",\"target\":{\"@type\":\"EntryPoint\",\"urlTemplate\":\"https:\\\/\\\/www.belzona.be\\\/fr\\\/?s={search_term_string}\"},\"query-input\":{\"@type\":\"PropertyValueSpecification\",\"valueRequired\":true,\"valueName\":\"search_term_string\"}}],\"inLanguage\":\"fr-BE\"}]}<\/script>\n<!-- \/ Yoast SEO plugin. -->","yoast_head_json":{"title":"Belzona 3412 : rev\u00eatement \u00e9lastom\u00e8re anticorrosion | Perspect BE","description":"Belzona 3412 est un rev\u00eatement \u00e9lastom\u00e8re pelable pour encapsuler brides et fixations, emp\u00eachant l\u2019humidit\u00e9 et offrant une protection anticorrosion durable.","robots":{"index":"index","follow":"follow","max-snippet":"max-snippet:-1","max-image-preview":"max-image-preview:large","max-video-preview":"max-video-preview:-1"},"canonical":"https:\/\/www.belzona.be\/fr\/product\/serie-de-membranes-polymeres\/belzona-3412\/","og_locale":"fr_FR","og_type":"article","og_title":"Belzona 3412 : rev\u00eatement \u00e9lastom\u00e8re anticorrosion | Perspect BE","og_description":"Belzona 3412 est un rev\u00eatement \u00e9lastom\u00e8re pelable pour encapsuler brides et fixations, emp\u00eachant l\u2019humidit\u00e9 et offrant une protection anticorrosion durable.","og_url":"https:\/\/www.belzona.be\/fr\/product\/serie-de-membranes-polymeres\/belzona-3412\/","og_site_name":"Belzona Perspect Belgique FR","article_modified_time":"2025-12-18T08:47:29+00:00","og_image":[{"width":723,"height":723,"url":"https:\/\/www.belzona.be\/fr\/wp-content\/uploads\/sites\/4\/2022\/12\/belzona-3412.jpg","type":"image\/jpeg"}],"twitter_card":"summary_large_image","twitter_misc":{"Dur\u00e9e de lecture est.":"1 minute"},"schema":{"@context":"https:\/\/schema.org","@graph":[{"@type":"WebPage","@id":"https:\/\/www.belzona.be\/fr\/product\/serie-de-membranes-polymeres\/belzona-3412\/","url":"https:\/\/www.belzona.be\/fr\/product\/serie-de-membranes-polymeres\/belzona-3412\/","name":"Belzona 3412 : rev\u00eatement \u00e9lastom\u00e8re anticorrosion | Perspect BE","isPartOf":{"@id":"https:\/\/www.belzona.be\/fr\/#website"},"primaryImageOfPage":{"@id":"https:\/\/www.belzona.be\/fr\/product\/serie-de-membranes-polymeres\/belzona-3412\/#primaryimage"},"image":{"@id":"https:\/\/www.belzona.be\/fr\/product\/serie-de-membranes-polymeres\/belzona-3412\/#primaryimage"},"thumbnailUrl":"https:\/\/www.belzona.be\/fr\/wp-content\/uploads\/sites\/4\/2022\/12\/belzona-3412.jpg","datePublished":"2022-12-20T15:23:41+00:00","dateModified":"2025-12-18T08:47:29+00:00","description":"Belzona 3412 est un rev\u00eatement \u00e9lastom\u00e8re pelable pour encapsuler brides et fixations, emp\u00eachant l\u2019humidit\u00e9 et offrant une protection anticorrosion durable.","breadcrumb":{"@id":"https:\/\/www.belzona.be\/fr\/product\/serie-de-membranes-polymeres\/belzona-3412\/#breadcrumb"},"inLanguage":"fr-BE","potentialAction":[{"@type":"ReadAction","target":["https:\/\/www.belzona.be\/fr\/product\/serie-de-membranes-polymeres\/belzona-3412\/"]}]},{"@type":"ImageObject","inLanguage":"fr-BE","@id":"https:\/\/www.belzona.be\/fr\/product\/serie-de-membranes-polymeres\/belzona-3412\/#primaryimage","url":"https:\/\/www.belzona.be\/fr\/wp-content\/uploads\/sites\/4\/2022\/12\/belzona-3412.jpg","contentUrl":"https:\/\/www.belzona.be\/fr\/wp-content\/uploads\/sites\/4\/2022\/12\/belzona-3412.jpg","width":723,"height":723},{"@type":"BreadcrumbList","@id":"https:\/\/www.belzona.be\/fr\/product\/serie-de-membranes-polymeres\/belzona-3412\/#breadcrumb","itemListElement":[{"@type":"ListItem","position":1,"name":"Accueil","item":"https:\/\/www.belzona.be\/fr\/"},{"@type":"ListItem","position":2,"name":"Produits","item":"https:\/\/www.belzona.be\/fr\/produits\/"},{"@type":"ListItem","position":3,"name":"Belzona 3412 \u2013 Rev\u00eatement \u00e9lastom\u00e8re pelable de protection anticorrosion"}]},{"@type":"WebSite","@id":"https:\/\/www.belzona.be\/fr\/#website","url":"https:\/\/www.belzona.be\/fr\/","name":"Belzona Perspect Belgique FR","description":"Belzona : r\u00e9paration, protection et am\u00e9lioration des surfaces. Belzona pr\u00e9vient et r\u00e9pare l&#039;\u00e9rosion, la corrosion, l&#039;abrasion, ainsi que les d\u00e9gradations chimiques et m\u00e9caniques.","potentialAction":[{"@type":"SearchAction","target":{"@type":"EntryPoint","urlTemplate":"https:\/\/www.belzona.be\/fr\/?s={search_term_string}"},"query-input":{"@type":"PropertyValueSpecification","valueRequired":true,"valueName":"search_term_string"}}],"inLanguage":"fr-BE"}]}},"_links":{"self":[{"href":"https:\/\/www.belzona.be\/fr\/wp-json\/wp\/v2\/product\/455","targetHints":{"allow":["GET"]}}],"collection":[{"href":"https:\/\/www.belzona.be\/fr\/wp-json\/wp\/v2\/product"}],"about":[{"href":"https:\/\/www.belzona.be\/fr\/wp-json\/wp\/v2\/types\/product"}],"wp:featuredmedia":[{"embeddable":true,"href":"https:\/\/www.belzona.be\/fr\/wp-json\/wp\/v2\/media\/456"}],"wp:attachment":[{"href":"https:\/\/www.belzona.be\/fr\/wp-json\/wp\/v2\/media?parent=455"}],"wp:term":[{"taxonomy":"product_brand","embeddable":true,"href":"https:\/\/www.belzona.be\/fr\/wp-json\/wp\/v2\/product_brand?post=455"},{"taxonomy":"product_cat","embeddable":true,"href":"https:\/\/www.belzona.be\/fr\/wp-json\/wp\/v2\/product_cat?post=455"},{"taxonomy":"product_tag","embeddable":true,"href":"https:\/\/www.belzona.be\/fr\/wp-json\/wp\/v2\/product_tag?post=455"}],"curies":[{"name":"wp","href":"https:\/\/api.w.org\/{rel}","templated":true}]}}