{"id":451,"date":"2022-12-20T17:18:08","date_gmt":"2022-12-20T15:18:08","guid":{"rendered":"https:\/\/www.belzona.nl\/?post_type=product&#038;p=451"},"modified":"2025-12-18T09:47:32","modified_gmt":"2025-12-18T08:47:32","slug":"belzona-3131-wg-membrane-vloeistofdichte-dakcoating","status":"publish","type":"product","link":"https:\/\/www.belzona.be\/fr\/product\/serie-de-membranes-polymeres\/belzona-3131-wg-membrane-vloeistofdichte-dakcoating\/","title":{"rendered":"Belzona 3131 WG \u2013 Membrane d\u2019\u00e9tanch\u00e9it\u00e9 pour toitures"},"content":{"rendered":"","protected":false},"excerpt":{"rendered":"<p data-start=\"4843\" data-end=\"5169\">Belzona 3131 WG est une membrane d\u2019\u00e9tanch\u00e9it\u00e9 con\u00e7ue pour l\u2019imperm\u00e9abilisation durable des toitures. Elle peut \u00eatre appliqu\u00e9e m\u00eame en conditions m\u00e9t\u00e9orologiques d\u00e9favorables. Formul\u00e9e en ur\u00e9thane activ\u00e9 par l\u2019humidit\u00e9, elle offre une excellente adh\u00e9rence sur de nombreux mat\u00e9riaux de toiture et ne s\u2019alt\u00e8re pas apr\u00e8s la pluie.<\/p>\n<p data-start=\"5171\" data-end=\"5473\">La membrane durcit rapidement, permettant une mise en service quasi imm\u00e9diate. Appliqu\u00e9e au pinceau ou au rouleau, elle est \u00e9lastique, l\u00e9g\u00e8re et microporeuse, ce qui permet l\u2019\u00e9vacuation de l\u2019humidit\u00e9 r\u00e9siduelle. Belzona 3131 WG adh\u00e8re \u00e0 l\u2019asphalte, au plomb, au zinc, au verre, au b\u00e9ton et \u00e0 la brique.<\/p>\n<h3 data-start=\"5475\" data-end=\"5512\">Applications de Belzona 3131 WG<\/h3>\n<p data-start=\"5513\" data-end=\"6002\">\u2022 Imperm\u00e9abilisation durable des toitures expos\u00e9es aux intemp\u00e9ries<br data-start=\"5579\" data-end=\"5582\" \/>\u2022 R\u00e9paration de fuites et protection des goutti\u00e8res endommag\u00e9es<br data-start=\"5645\" data-end=\"5648\" \/>\u2022 \u00c9tanch\u00e9it\u00e9 de structures lisses en aluminium ou autres m\u00e9taux<br data-start=\"5711\" data-end=\"5714\" \/>\u2022 Imperm\u00e9abilisation des bords et \u00e9l\u00e9ments de toiture : lucarnes, chemin\u00e9es, conduits de ventilation<br data-start=\"5814\" data-end=\"5817\" \/>\u2022 Remplacement fonctionnel des solins et bavettes d\u00e9t\u00e9rior\u00e9s<br data-start=\"5877\" data-end=\"5880\" \/>\u2022 Scellement des joints, raccords et points de connexion mur\/toiture<br data-start=\"5948\" data-end=\"5951\" \/>\u2022 \u00c9tanch\u00e9it\u00e9 du fond de r\u00e9servoirs lorsque requis<\/p>\n<p><strong>T\u00e9l\u00e9chargements<\/strong><br \/>\n<a href=\"https:\/\/www.belzona.nl\/wp-content\/uploads\/sites\/4\/2022\/12\/Belzona-3131.pdf\">Belzona 3131<\/a><br \/>\n<a href=\"https:\/\/www.belzona.nl\/wp-content\/uploads\/sites\/4\/2022\/12\/IFU-3131.pdf\">Instruction d&rsquo;application 3131<\/a><br \/>\n<a href=\"https:\/\/www.belzona.nl\/wp-content\/uploads\/sites\/4\/2022\/12\/SDS-3131.pdf\">Informations de s\u00e9curit\u00e9 3131<\/a><\/p>\n","protected":false},"featured_media":452,"template":"","meta":{"_acf_changed":false,"content-type":"","editor_notices":[]},"product_brand":[],"product_cat":[26],"product_tag":[],"class_list":{"0":"post-451","1":"product","2":"type-product","3":"status-publish","4":"has-post-thumbnail","6":"product_cat-serie-de-membranes-polymeres","8":"first","9":"instock","10":"taxable","11":"shipping-taxable","12":"product-type-simple"},"acf":[],"yoast_head":"<!-- This site is optimized with the Yoast SEO plugin v27.3 - https:\/\/yoast.com\/product\/yoast-seo-wordpress\/ -->\n<title>Belzona 3131 : membrane d\u2019\u00e9tanch\u00e9it\u00e9 pour toiture | Perspect BE<\/title>\n<meta name=\"description\" content=\"Belzona 3131 WG est une membrane d\u2019\u00e9tanch\u00e9it\u00e9 durable pour toitures, appliqu\u00e9e m\u00eame par temps humide, offrant une adh\u00e9rence et une protection longue dur\u00e9e.\" \/>\n<meta name=\"robots\" content=\"index, follow, max-snippet:-1, max-image-preview:large, max-video-preview:-1\" \/>\n<link rel=\"canonical\" href=\"https:\/\/www.belzona.be\/fr\/product\/serie-de-membranes-polymeres\/belzona-3131-wg-membrane-vloeistofdichte-dakcoating\/\" \/>\n<meta property=\"og:locale\" content=\"fr_FR\" \/>\n<meta property=\"og:type\" content=\"article\" \/>\n<meta property=\"og:title\" content=\"Belzona 3131 : membrane d\u2019\u00e9tanch\u00e9it\u00e9 pour toiture | Perspect BE\" \/>\n<meta property=\"og:description\" content=\"Belzona 3131 WG est une membrane d\u2019\u00e9tanch\u00e9it\u00e9 durable pour toitures, appliqu\u00e9e m\u00eame par temps humide, offrant une adh\u00e9rence et une protection longue dur\u00e9e.\" \/>\n<meta property=\"og:url\" content=\"https:\/\/www.belzona.be\/fr\/product\/serie-de-membranes-polymeres\/belzona-3131-wg-membrane-vloeistofdichte-dakcoating\/\" \/>\n<meta property=\"og:site_name\" content=\"Belzona Perspect Belgique FR\" \/>\n<meta property=\"article:modified_time\" content=\"2025-12-18T08:47:32+00:00\" \/>\n<meta property=\"og:image\" content=\"https:\/\/www.belzona.be\/fr\/wp-content\/uploads\/sites\/4\/2022\/12\/belzona-3131-wg-membrane.jpg\" \/>\n\t<meta property=\"og:image:width\" content=\"716\" \/>\n\t<meta property=\"og:image:height\" content=\"716\" \/>\n\t<meta property=\"og:image:type\" content=\"image\/jpeg\" \/>\n<meta name=\"twitter:card\" content=\"summary_large_image\" \/>\n<meta name=\"twitter:label1\" content=\"Dur\u00e9e de lecture est.\" \/>\n\t<meta name=\"twitter:data1\" content=\"1 minute\" \/>\n<script type=\"application\/ld+json\" class=\"yoast-schema-graph\">{\"@context\":\"https:\\\/\\\/schema.org\",\"@graph\":[{\"@type\":\"WebPage\",\"@id\":\"https:\\\/\\\/www.belzona.be\\\/fr\\\/product\\\/serie-de-membranes-polymeres\\\/belzona-3131-wg-membrane-vloeistofdichte-dakcoating\\\/\",\"url\":\"https:\\\/\\\/www.belzona.be\\\/fr\\\/product\\\/serie-de-membranes-polymeres\\\/belzona-3131-wg-membrane-vloeistofdichte-dakcoating\\\/\",\"name\":\"Belzona 3131 : membrane d\u2019\u00e9tanch\u00e9it\u00e9 pour toiture | Perspect BE\",\"isPartOf\":{\"@id\":\"https:\\\/\\\/www.belzona.be\\\/fr\\\/#website\"},\"primaryImageOfPage\":{\"@id\":\"https:\\\/\\\/www.belzona.be\\\/fr\\\/product\\\/serie-de-membranes-polymeres\\\/belzona-3131-wg-membrane-vloeistofdichte-dakcoating\\\/#primaryimage\"},\"image\":{\"@id\":\"https:\\\/\\\/www.belzona.be\\\/fr\\\/product\\\/serie-de-membranes-polymeres\\\/belzona-3131-wg-membrane-vloeistofdichte-dakcoating\\\/#primaryimage\"},\"thumbnailUrl\":\"https:\\\/\\\/www.belzona.be\\\/fr\\\/wp-content\\\/uploads\\\/sites\\\/4\\\/2022\\\/12\\\/belzona-3131-wg-membrane.jpg\",\"datePublished\":\"2022-12-20T15:18:08+00:00\",\"dateModified\":\"2025-12-18T08:47:32+00:00\",\"description\":\"Belzona 3131 WG est une membrane d\u2019\u00e9tanch\u00e9it\u00e9 durable pour toitures, appliqu\u00e9e m\u00eame par temps humide, offrant une adh\u00e9rence et une protection longue dur\u00e9e.\",\"breadcrumb\":{\"@id\":\"https:\\\/\\\/www.belzona.be\\\/fr\\\/product\\\/serie-de-membranes-polymeres\\\/belzona-3131-wg-membrane-vloeistofdichte-dakcoating\\\/#breadcrumb\"},\"inLanguage\":\"fr-BE\",\"potentialAction\":[{\"@type\":\"ReadAction\",\"target\":[\"https:\\\/\\\/www.belzona.be\\\/fr\\\/product\\\/serie-de-membranes-polymeres\\\/belzona-3131-wg-membrane-vloeistofdichte-dakcoating\\\/\"]}]},{\"@type\":\"ImageObject\",\"inLanguage\":\"fr-BE\",\"@id\":\"https:\\\/\\\/www.belzona.be\\\/fr\\\/product\\\/serie-de-membranes-polymeres\\\/belzona-3131-wg-membrane-vloeistofdichte-dakcoating\\\/#primaryimage\",\"url\":\"https:\\\/\\\/www.belzona.be\\\/fr\\\/wp-content\\\/uploads\\\/sites\\\/4\\\/2022\\\/12\\\/belzona-3131-wg-membrane.jpg\",\"contentUrl\":\"https:\\\/\\\/www.belzona.be\\\/fr\\\/wp-content\\\/uploads\\\/sites\\\/4\\\/2022\\\/12\\\/belzona-3131-wg-membrane.jpg\",\"width\":716,\"height\":716},{\"@type\":\"BreadcrumbList\",\"@id\":\"https:\\\/\\\/www.belzona.be\\\/fr\\\/product\\\/serie-de-membranes-polymeres\\\/belzona-3131-wg-membrane-vloeistofdichte-dakcoating\\\/#breadcrumb\",\"itemListElement\":[{\"@type\":\"ListItem\",\"position\":1,\"name\":\"Accueil\",\"item\":\"https:\\\/\\\/www.belzona.be\\\/fr\\\/\"},{\"@type\":\"ListItem\",\"position\":2,\"name\":\"Produits\",\"item\":\"https:\\\/\\\/www.belzona.be\\\/fr\\\/produits\\\/\"},{\"@type\":\"ListItem\",\"position\":3,\"name\":\"Belzona 3131 WG \u2013 Membrane d\u2019\u00e9tanch\u00e9it\u00e9 pour toitures\"}]},{\"@type\":\"WebSite\",\"@id\":\"https:\\\/\\\/www.belzona.be\\\/fr\\\/#website\",\"url\":\"https:\\\/\\\/www.belzona.be\\\/fr\\\/\",\"name\":\"Belzona Perspect Belgique FR\",\"description\":\"Belzona : r\u00e9paration, protection et am\u00e9lioration des surfaces. Belzona pr\u00e9vient et r\u00e9pare l&#039;\u00e9rosion, la corrosion, l&#039;abrasion, ainsi que les d\u00e9gradations chimiques et m\u00e9caniques.\",\"potentialAction\":[{\"@type\":\"SearchAction\",\"target\":{\"@type\":\"EntryPoint\",\"urlTemplate\":\"https:\\\/\\\/www.belzona.be\\\/fr\\\/?s={search_term_string}\"},\"query-input\":{\"@type\":\"PropertyValueSpecification\",\"valueRequired\":true,\"valueName\":\"search_term_string\"}}],\"inLanguage\":\"fr-BE\"}]}<\/script>\n<!-- \/ Yoast SEO plugin. -->","yoast_head_json":{"title":"Belzona 3131 : membrane d\u2019\u00e9tanch\u00e9it\u00e9 pour toiture | Perspect BE","description":"Belzona 3131 WG est une membrane d\u2019\u00e9tanch\u00e9it\u00e9 durable pour toitures, appliqu\u00e9e m\u00eame par temps humide, offrant une adh\u00e9rence et une protection longue dur\u00e9e.","robots":{"index":"index","follow":"follow","max-snippet":"max-snippet:-1","max-image-preview":"max-image-preview:large","max-video-preview":"max-video-preview:-1"},"canonical":"https:\/\/www.belzona.be\/fr\/product\/serie-de-membranes-polymeres\/belzona-3131-wg-membrane-vloeistofdichte-dakcoating\/","og_locale":"fr_FR","og_type":"article","og_title":"Belzona 3131 : membrane d\u2019\u00e9tanch\u00e9it\u00e9 pour toiture | Perspect BE","og_description":"Belzona 3131 WG est une membrane d\u2019\u00e9tanch\u00e9it\u00e9 durable pour toitures, appliqu\u00e9e m\u00eame par temps humide, offrant une adh\u00e9rence et une protection longue dur\u00e9e.","og_url":"https:\/\/www.belzona.be\/fr\/product\/serie-de-membranes-polymeres\/belzona-3131-wg-membrane-vloeistofdichte-dakcoating\/","og_site_name":"Belzona Perspect Belgique FR","article_modified_time":"2025-12-18T08:47:32+00:00","og_image":[{"width":716,"height":716,"url":"https:\/\/www.belzona.be\/fr\/wp-content\/uploads\/sites\/4\/2022\/12\/belzona-3131-wg-membrane.jpg","type":"image\/jpeg"}],"twitter_card":"summary_large_image","twitter_misc":{"Dur\u00e9e de lecture est.":"1 minute"},"schema":{"@context":"https:\/\/schema.org","@graph":[{"@type":"WebPage","@id":"https:\/\/www.belzona.be\/fr\/product\/serie-de-membranes-polymeres\/belzona-3131-wg-membrane-vloeistofdichte-dakcoating\/","url":"https:\/\/www.belzona.be\/fr\/product\/serie-de-membranes-polymeres\/belzona-3131-wg-membrane-vloeistofdichte-dakcoating\/","name":"Belzona 3131 : membrane d\u2019\u00e9tanch\u00e9it\u00e9 pour toiture | Perspect BE","isPartOf":{"@id":"https:\/\/www.belzona.be\/fr\/#website"},"primaryImageOfPage":{"@id":"https:\/\/www.belzona.be\/fr\/product\/serie-de-membranes-polymeres\/belzona-3131-wg-membrane-vloeistofdichte-dakcoating\/#primaryimage"},"image":{"@id":"https:\/\/www.belzona.be\/fr\/product\/serie-de-membranes-polymeres\/belzona-3131-wg-membrane-vloeistofdichte-dakcoating\/#primaryimage"},"thumbnailUrl":"https:\/\/www.belzona.be\/fr\/wp-content\/uploads\/sites\/4\/2022\/12\/belzona-3131-wg-membrane.jpg","datePublished":"2022-12-20T15:18:08+00:00","dateModified":"2025-12-18T08:47:32+00:00","description":"Belzona 3131 WG est une membrane d\u2019\u00e9tanch\u00e9it\u00e9 durable pour toitures, appliqu\u00e9e m\u00eame par temps humide, offrant une adh\u00e9rence et une protection longue dur\u00e9e.","breadcrumb":{"@id":"https:\/\/www.belzona.be\/fr\/product\/serie-de-membranes-polymeres\/belzona-3131-wg-membrane-vloeistofdichte-dakcoating\/#breadcrumb"},"inLanguage":"fr-BE","potentialAction":[{"@type":"ReadAction","target":["https:\/\/www.belzona.be\/fr\/product\/serie-de-membranes-polymeres\/belzona-3131-wg-membrane-vloeistofdichte-dakcoating\/"]}]},{"@type":"ImageObject","inLanguage":"fr-BE","@id":"https:\/\/www.belzona.be\/fr\/product\/serie-de-membranes-polymeres\/belzona-3131-wg-membrane-vloeistofdichte-dakcoating\/#primaryimage","url":"https:\/\/www.belzona.be\/fr\/wp-content\/uploads\/sites\/4\/2022\/12\/belzona-3131-wg-membrane.jpg","contentUrl":"https:\/\/www.belzona.be\/fr\/wp-content\/uploads\/sites\/4\/2022\/12\/belzona-3131-wg-membrane.jpg","width":716,"height":716},{"@type":"BreadcrumbList","@id":"https:\/\/www.belzona.be\/fr\/product\/serie-de-membranes-polymeres\/belzona-3131-wg-membrane-vloeistofdichte-dakcoating\/#breadcrumb","itemListElement":[{"@type":"ListItem","position":1,"name":"Accueil","item":"https:\/\/www.belzona.be\/fr\/"},{"@type":"ListItem","position":2,"name":"Produits","item":"https:\/\/www.belzona.be\/fr\/produits\/"},{"@type":"ListItem","position":3,"name":"Belzona 3131 WG \u2013 Membrane d\u2019\u00e9tanch\u00e9it\u00e9 pour toitures"}]},{"@type":"WebSite","@id":"https:\/\/www.belzona.be\/fr\/#website","url":"https:\/\/www.belzona.be\/fr\/","name":"Belzona Perspect Belgique FR","description":"Belzona : r\u00e9paration, protection et am\u00e9lioration des surfaces. Belzona pr\u00e9vient et r\u00e9pare l&#039;\u00e9rosion, la corrosion, l&#039;abrasion, ainsi que les d\u00e9gradations chimiques et m\u00e9caniques.","potentialAction":[{"@type":"SearchAction","target":{"@type":"EntryPoint","urlTemplate":"https:\/\/www.belzona.be\/fr\/?s={search_term_string}"},"query-input":{"@type":"PropertyValueSpecification","valueRequired":true,"valueName":"search_term_string"}}],"inLanguage":"fr-BE"}]}},"_links":{"self":[{"href":"https:\/\/www.belzona.be\/fr\/wp-json\/wp\/v2\/product\/451","targetHints":{"allow":["GET"]}}],"collection":[{"href":"https:\/\/www.belzona.be\/fr\/wp-json\/wp\/v2\/product"}],"about":[{"href":"https:\/\/www.belzona.be\/fr\/wp-json\/wp\/v2\/types\/product"}],"wp:featuredmedia":[{"embeddable":true,"href":"https:\/\/www.belzona.be\/fr\/wp-json\/wp\/v2\/media\/452"}],"wp:attachment":[{"href":"https:\/\/www.belzona.be\/fr\/wp-json\/wp\/v2\/media?parent=451"}],"wp:term":[{"taxonomy":"product_brand","embeddable":true,"href":"https:\/\/www.belzona.be\/fr\/wp-json\/wp\/v2\/product_brand?post=451"},{"taxonomy":"product_cat","embeddable":true,"href":"https:\/\/www.belzona.be\/fr\/wp-json\/wp\/v2\/product_cat?post=451"},{"taxonomy":"product_tag","embeddable":true,"href":"https:\/\/www.belzona.be\/fr\/wp-json\/wp\/v2\/product_tag?post=451"}],"curies":[{"name":"wp","href":"https:\/\/api.w.org\/{rel}","templated":true}]}}