{"id":449,"date":"2022-12-20T17:14:13","date_gmt":"2022-12-20T15:14:13","guid":{"rendered":"https:\/\/www.belzona.nl\/?post_type=product&#038;p=449"},"modified":"2025-12-18T09:47:35","modified_gmt":"2025-12-18T08:47:35","slug":"belzona-3211-lagseal-hittebestendige-waterproofing-coating","status":"publish","type":"product","link":"https:\/\/www.belzona.be\/fr\/product\/serie-de-membranes-polymeres\/belzona-3211-lagseal-hittebestendige-waterproofing-coating\/","title":{"rendered":"Belzona 3211 Lagseal \u2013 Membrane d\u2019\u00e9tanch\u00e9it\u00e9 haute temp\u00e9rature"},"content":{"rendered":"<p><iframe title=\"Insulation coating demonstration with Belzona 3211\" width=\"980\" height=\"551\" data-src=\"https:\/\/www.youtube.com\/embed\/2w55_qwpmIg?feature=oembed\" frameborder=\"0\" allow=\"accelerometer; autoplay; clipboard-write; encrypted-media; gyroscope; picture-in-picture; web-share\" referrerpolicy=\"strict-origin-when-cross-origin\" allowfullscreen src=\"data:image\/svg+xml;base64,PHN2ZyB3aWR0aD0iMSIgaGVpZ2h0PSIxIiB4bWxucz0iaHR0cDovL3d3dy53My5vcmcvMjAwMC9zdmciPjwvc3ZnPg==\" class=\"lazyload\" data-load-mode=\"1\"><\/iframe><\/p>\n","protected":false},"excerpt":{"rendered":"<p data-start=\"4563\" data-end=\"4938\">Belzona 3211 Lagseal est une membrane d\u2019\u00e9tanch\u00e9it\u00e9 haute temp\u00e9rature, flexible et sans joint, con\u00e7ue pour prot\u00e9ger les syst\u00e8mes d\u2019isolation industrielle. R\u00e9sistante \u00e0 l\u2019eau, aux intemp\u00e9ries et au feu, elle peut \u00eatre appliqu\u00e9e sur des surfaces humides ou s\u00e8ches. Totalement \u00e9tanche, sa structure microporeuse permet toutefois l\u2019\u00e9vacuation progressive de l\u2019humidit\u00e9 r\u00e9siduelle.<\/p>\n<p data-start=\"4940\" data-end=\"5340\">La membrane r\u00e9siste aux fluctuations thermiques importantes ainsi qu\u2019aux vibrations des installations. Elle offre une protection \u00e9lev\u00e9e contre l\u2019eau, la vapeur et les rayonnements infrarouges et ultraviolets. Belzona 3211 adh\u00e8re \u00e0 de nombreux mat\u00e9riaux d\u2019isolation tels que le silicate de calcium, la fibre de verre, la laine min\u00e9rale, les mousses techniques ainsi qu&rsquo;\u00e0 l\u2019acier et l\u2019acier inoxydable.<\/p>\n<h3 data-start=\"5342\" data-end=\"5384\">Applications de Belzona 3211 Lagseal<\/h3>\n<p data-start=\"5385\" data-end=\"5586\">\u2022 Tuyauteries isol\u00e9es<br data-start=\"5406\" data-end=\"5409\" \/>\u2022 Capots de brides et assemblages isol\u00e9s<br data-start=\"5449\" data-end=\"5452\" \/>\u2022 Chaudi\u00e8res<br data-start=\"5464\" data-end=\"5467\" \/>\u2022 R\u00e9servoirs sous pression<br data-start=\"5493\" data-end=\"5496\" \/>\u2022 R\u00e9servoirs de stockage isol\u00e9s<br data-start=\"5527\" data-end=\"5530\" \/>\u2022 \u00c9changeurs de chaleur<br data-start=\"5553\" data-end=\"5556\" \/>\u2022 Conduits d\u2019air conditionn\u00e9<\/p>\n<p><strong>T\u00e9l\u00e9chargements<\/strong><br \/>\n<a href=\"https:\/\/www.belzona.nl\/wp-content\/uploads\/sites\/4\/2022\/12\/Belzona-3211.pdf\">Belzona 3211<\/a><br \/>\n<a href=\"https:\/\/www.belzona.nl\/wp-content\/uploads\/sites\/4\/2022\/12\/IFU-3211.pdf\">Mode d&#8217;emploi 3211<\/a><br \/>\n<a href=\"https:\/\/www.belzona.nl\/wp-content\/uploads\/sites\/4\/2022\/12\/GHS-OTHER.pdf\">Informations de s\u00e9curit\u00e9 3211<\/a><\/p>\n","protected":false},"featured_media":450,"template":"","meta":{"_acf_changed":false,"content-type":"","editor_notices":[]},"product_brand":[],"product_cat":[26],"product_tag":[],"class_list":{"0":"post-449","1":"product","2":"type-product","3":"status-publish","4":"has-post-thumbnail","6":"product_cat-serie-de-membranes-polymeres","8":"first","9":"instock","10":"taxable","11":"shipping-taxable","12":"product-type-simple"},"acf":[],"yoast_head":"<!-- This site is optimized with the Yoast SEO plugin v27.3 - https:\/\/yoast.com\/product\/yoast-seo-wordpress\/ -->\n<title>Belzona 3211 : membrane d\u2019\u00e9tanch\u00e9it\u00e9 | Perspect BE<\/title>\n<meta name=\"description\" content=\"Belzona 3211 Lagseal est une membrane d\u2019\u00e9tanch\u00e9it\u00e9 haute temp\u00e9rature pour syst\u00e8mes d\u2019isolation, r\u00e9sistante \u00e0 l\u2019eau, aux UV et aux variations thermiques.\" \/>\n<meta name=\"robots\" content=\"index, follow, max-snippet:-1, max-image-preview:large, max-video-preview:-1\" \/>\n<link rel=\"canonical\" href=\"https:\/\/www.belzona.be\/fr\/product\/serie-de-membranes-polymeres\/belzona-3211-lagseal-hittebestendige-waterproofing-coating\/\" \/>\n<meta property=\"og:locale\" content=\"fr_FR\" \/>\n<meta property=\"og:type\" content=\"article\" \/>\n<meta property=\"og:title\" content=\"Belzona 3211 : membrane d\u2019\u00e9tanch\u00e9it\u00e9 | Perspect BE\" \/>\n<meta property=\"og:description\" content=\"Belzona 3211 Lagseal est une membrane d\u2019\u00e9tanch\u00e9it\u00e9 haute temp\u00e9rature pour syst\u00e8mes d\u2019isolation, r\u00e9sistante \u00e0 l\u2019eau, aux UV et aux variations thermiques.\" \/>\n<meta property=\"og:url\" content=\"https:\/\/www.belzona.be\/fr\/product\/serie-de-membranes-polymeres\/belzona-3211-lagseal-hittebestendige-waterproofing-coating\/\" \/>\n<meta property=\"og:site_name\" content=\"Belzona Perspect Belgique FR\" \/>\n<meta property=\"article:modified_time\" content=\"2025-12-18T08:47:35+00:00\" \/>\n<meta property=\"og:image\" content=\"https:\/\/www.belzona.be\/fr\/wp-content\/uploads\/sites\/4\/2022\/12\/belzona-3211-lagseal.jpg\" \/>\n\t<meta property=\"og:image:width\" content=\"709\" \/>\n\t<meta property=\"og:image:height\" content=\"709\" \/>\n\t<meta property=\"og:image:type\" content=\"image\/jpeg\" \/>\n<meta name=\"twitter:card\" content=\"summary_large_image\" \/>\n<meta name=\"twitter:label1\" content=\"Dur\u00e9e de lecture est.\" \/>\n\t<meta name=\"twitter:data1\" content=\"1 minute\" \/>\n<script type=\"application\/ld+json\" class=\"yoast-schema-graph\">{\"@context\":\"https:\\\/\\\/schema.org\",\"@graph\":[{\"@type\":\"WebPage\",\"@id\":\"https:\\\/\\\/www.belzona.be\\\/fr\\\/product\\\/serie-de-membranes-polymeres\\\/belzona-3211-lagseal-hittebestendige-waterproofing-coating\\\/\",\"url\":\"https:\\\/\\\/www.belzona.be\\\/fr\\\/product\\\/serie-de-membranes-polymeres\\\/belzona-3211-lagseal-hittebestendige-waterproofing-coating\\\/\",\"name\":\"Belzona 3211 : membrane d\u2019\u00e9tanch\u00e9it\u00e9 | Perspect BE\",\"isPartOf\":{\"@id\":\"https:\\\/\\\/www.belzona.be\\\/fr\\\/#website\"},\"primaryImageOfPage\":{\"@id\":\"https:\\\/\\\/www.belzona.be\\\/fr\\\/product\\\/serie-de-membranes-polymeres\\\/belzona-3211-lagseal-hittebestendige-waterproofing-coating\\\/#primaryimage\"},\"image\":{\"@id\":\"https:\\\/\\\/www.belzona.be\\\/fr\\\/product\\\/serie-de-membranes-polymeres\\\/belzona-3211-lagseal-hittebestendige-waterproofing-coating\\\/#primaryimage\"},\"thumbnailUrl\":\"https:\\\/\\\/www.belzona.be\\\/fr\\\/wp-content\\\/uploads\\\/sites\\\/4\\\/2022\\\/12\\\/belzona-3211-lagseal.jpg\",\"datePublished\":\"2022-12-20T15:14:13+00:00\",\"dateModified\":\"2025-12-18T08:47:35+00:00\",\"description\":\"Belzona 3211 Lagseal est une membrane d\u2019\u00e9tanch\u00e9it\u00e9 haute temp\u00e9rature pour syst\u00e8mes d\u2019isolation, r\u00e9sistante \u00e0 l\u2019eau, aux UV et aux variations thermiques.\",\"breadcrumb\":{\"@id\":\"https:\\\/\\\/www.belzona.be\\\/fr\\\/product\\\/serie-de-membranes-polymeres\\\/belzona-3211-lagseal-hittebestendige-waterproofing-coating\\\/#breadcrumb\"},\"inLanguage\":\"fr-BE\",\"potentialAction\":[{\"@type\":\"ReadAction\",\"target\":[\"https:\\\/\\\/www.belzona.be\\\/fr\\\/product\\\/serie-de-membranes-polymeres\\\/belzona-3211-lagseal-hittebestendige-waterproofing-coating\\\/\"]}]},{\"@type\":\"ImageObject\",\"inLanguage\":\"fr-BE\",\"@id\":\"https:\\\/\\\/www.belzona.be\\\/fr\\\/product\\\/serie-de-membranes-polymeres\\\/belzona-3211-lagseal-hittebestendige-waterproofing-coating\\\/#primaryimage\",\"url\":\"https:\\\/\\\/www.belzona.be\\\/fr\\\/wp-content\\\/uploads\\\/sites\\\/4\\\/2022\\\/12\\\/belzona-3211-lagseal.jpg\",\"contentUrl\":\"https:\\\/\\\/www.belzona.be\\\/fr\\\/wp-content\\\/uploads\\\/sites\\\/4\\\/2022\\\/12\\\/belzona-3211-lagseal.jpg\",\"width\":709,\"height\":709},{\"@type\":\"BreadcrumbList\",\"@id\":\"https:\\\/\\\/www.belzona.be\\\/fr\\\/product\\\/serie-de-membranes-polymeres\\\/belzona-3211-lagseal-hittebestendige-waterproofing-coating\\\/#breadcrumb\",\"itemListElement\":[{\"@type\":\"ListItem\",\"position\":1,\"name\":\"Accueil\",\"item\":\"https:\\\/\\\/www.belzona.be\\\/fr\\\/\"},{\"@type\":\"ListItem\",\"position\":2,\"name\":\"Produits\",\"item\":\"https:\\\/\\\/www.belzona.be\\\/fr\\\/produits\\\/\"},{\"@type\":\"ListItem\",\"position\":3,\"name\":\"Belzona 3211 Lagseal \u2013 Membrane d\u2019\u00e9tanch\u00e9it\u00e9 haute temp\u00e9rature\"}]},{\"@type\":\"WebSite\",\"@id\":\"https:\\\/\\\/www.belzona.be\\\/fr\\\/#website\",\"url\":\"https:\\\/\\\/www.belzona.be\\\/fr\\\/\",\"name\":\"Belzona Perspect Belgique FR\",\"description\":\"Belzona : r\u00e9paration, protection et am\u00e9lioration des surfaces. Belzona pr\u00e9vient et r\u00e9pare l&#039;\u00e9rosion, la corrosion, l&#039;abrasion, ainsi que les d\u00e9gradations chimiques et m\u00e9caniques.\",\"potentialAction\":[{\"@type\":\"SearchAction\",\"target\":{\"@type\":\"EntryPoint\",\"urlTemplate\":\"https:\\\/\\\/www.belzona.be\\\/fr\\\/?s={search_term_string}\"},\"query-input\":{\"@type\":\"PropertyValueSpecification\",\"valueRequired\":true,\"valueName\":\"search_term_string\"}}],\"inLanguage\":\"fr-BE\"}]}<\/script>\n<!-- \/ Yoast SEO plugin. -->","yoast_head_json":{"title":"Belzona 3211 : membrane d\u2019\u00e9tanch\u00e9it\u00e9 | Perspect BE","description":"Belzona 3211 Lagseal est une membrane d\u2019\u00e9tanch\u00e9it\u00e9 haute temp\u00e9rature pour syst\u00e8mes d\u2019isolation, r\u00e9sistante \u00e0 l\u2019eau, aux UV et aux variations thermiques.","robots":{"index":"index","follow":"follow","max-snippet":"max-snippet:-1","max-image-preview":"max-image-preview:large","max-video-preview":"max-video-preview:-1"},"canonical":"https:\/\/www.belzona.be\/fr\/product\/serie-de-membranes-polymeres\/belzona-3211-lagseal-hittebestendige-waterproofing-coating\/","og_locale":"fr_FR","og_type":"article","og_title":"Belzona 3211 : membrane d\u2019\u00e9tanch\u00e9it\u00e9 | Perspect BE","og_description":"Belzona 3211 Lagseal est une membrane d\u2019\u00e9tanch\u00e9it\u00e9 haute temp\u00e9rature pour syst\u00e8mes d\u2019isolation, r\u00e9sistante \u00e0 l\u2019eau, aux UV et aux variations thermiques.","og_url":"https:\/\/www.belzona.be\/fr\/product\/serie-de-membranes-polymeres\/belzona-3211-lagseal-hittebestendige-waterproofing-coating\/","og_site_name":"Belzona Perspect Belgique FR","article_modified_time":"2025-12-18T08:47:35+00:00","og_image":[{"width":709,"height":709,"url":"https:\/\/www.belzona.be\/fr\/wp-content\/uploads\/sites\/4\/2022\/12\/belzona-3211-lagseal.jpg","type":"image\/jpeg"}],"twitter_card":"summary_large_image","twitter_misc":{"Dur\u00e9e de lecture est.":"1 minute"},"schema":{"@context":"https:\/\/schema.org","@graph":[{"@type":"WebPage","@id":"https:\/\/www.belzona.be\/fr\/product\/serie-de-membranes-polymeres\/belzona-3211-lagseal-hittebestendige-waterproofing-coating\/","url":"https:\/\/www.belzona.be\/fr\/product\/serie-de-membranes-polymeres\/belzona-3211-lagseal-hittebestendige-waterproofing-coating\/","name":"Belzona 3211 : membrane d\u2019\u00e9tanch\u00e9it\u00e9 | Perspect BE","isPartOf":{"@id":"https:\/\/www.belzona.be\/fr\/#website"},"primaryImageOfPage":{"@id":"https:\/\/www.belzona.be\/fr\/product\/serie-de-membranes-polymeres\/belzona-3211-lagseal-hittebestendige-waterproofing-coating\/#primaryimage"},"image":{"@id":"https:\/\/www.belzona.be\/fr\/product\/serie-de-membranes-polymeres\/belzona-3211-lagseal-hittebestendige-waterproofing-coating\/#primaryimage"},"thumbnailUrl":"https:\/\/www.belzona.be\/fr\/wp-content\/uploads\/sites\/4\/2022\/12\/belzona-3211-lagseal.jpg","datePublished":"2022-12-20T15:14:13+00:00","dateModified":"2025-12-18T08:47:35+00:00","description":"Belzona 3211 Lagseal est une membrane d\u2019\u00e9tanch\u00e9it\u00e9 haute temp\u00e9rature pour syst\u00e8mes d\u2019isolation, r\u00e9sistante \u00e0 l\u2019eau, aux UV et aux variations thermiques.","breadcrumb":{"@id":"https:\/\/www.belzona.be\/fr\/product\/serie-de-membranes-polymeres\/belzona-3211-lagseal-hittebestendige-waterproofing-coating\/#breadcrumb"},"inLanguage":"fr-BE","potentialAction":[{"@type":"ReadAction","target":["https:\/\/www.belzona.be\/fr\/product\/serie-de-membranes-polymeres\/belzona-3211-lagseal-hittebestendige-waterproofing-coating\/"]}]},{"@type":"ImageObject","inLanguage":"fr-BE","@id":"https:\/\/www.belzona.be\/fr\/product\/serie-de-membranes-polymeres\/belzona-3211-lagseal-hittebestendige-waterproofing-coating\/#primaryimage","url":"https:\/\/www.belzona.be\/fr\/wp-content\/uploads\/sites\/4\/2022\/12\/belzona-3211-lagseal.jpg","contentUrl":"https:\/\/www.belzona.be\/fr\/wp-content\/uploads\/sites\/4\/2022\/12\/belzona-3211-lagseal.jpg","width":709,"height":709},{"@type":"BreadcrumbList","@id":"https:\/\/www.belzona.be\/fr\/product\/serie-de-membranes-polymeres\/belzona-3211-lagseal-hittebestendige-waterproofing-coating\/#breadcrumb","itemListElement":[{"@type":"ListItem","position":1,"name":"Accueil","item":"https:\/\/www.belzona.be\/fr\/"},{"@type":"ListItem","position":2,"name":"Produits","item":"https:\/\/www.belzona.be\/fr\/produits\/"},{"@type":"ListItem","position":3,"name":"Belzona 3211 Lagseal \u2013 Membrane d\u2019\u00e9tanch\u00e9it\u00e9 haute temp\u00e9rature"}]},{"@type":"WebSite","@id":"https:\/\/www.belzona.be\/fr\/#website","url":"https:\/\/www.belzona.be\/fr\/","name":"Belzona Perspect Belgique FR","description":"Belzona : r\u00e9paration, protection et am\u00e9lioration des surfaces. Belzona pr\u00e9vient et r\u00e9pare l&#039;\u00e9rosion, la corrosion, l&#039;abrasion, ainsi que les d\u00e9gradations chimiques et m\u00e9caniques.","potentialAction":[{"@type":"SearchAction","target":{"@type":"EntryPoint","urlTemplate":"https:\/\/www.belzona.be\/fr\/?s={search_term_string}"},"query-input":{"@type":"PropertyValueSpecification","valueRequired":true,"valueName":"search_term_string"}}],"inLanguage":"fr-BE"}]}},"_links":{"self":[{"href":"https:\/\/www.belzona.be\/fr\/wp-json\/wp\/v2\/product\/449","targetHints":{"allow":["GET"]}}],"collection":[{"href":"https:\/\/www.belzona.be\/fr\/wp-json\/wp\/v2\/product"}],"about":[{"href":"https:\/\/www.belzona.be\/fr\/wp-json\/wp\/v2\/types\/product"}],"wp:featuredmedia":[{"embeddable":true,"href":"https:\/\/www.belzona.be\/fr\/wp-json\/wp\/v2\/media\/450"}],"wp:attachment":[{"href":"https:\/\/www.belzona.be\/fr\/wp-json\/wp\/v2\/media?parent=449"}],"wp:term":[{"taxonomy":"product_brand","embeddable":true,"href":"https:\/\/www.belzona.be\/fr\/wp-json\/wp\/v2\/product_brand?post=449"},{"taxonomy":"product_cat","embeddable":true,"href":"https:\/\/www.belzona.be\/fr\/wp-json\/wp\/v2\/product_cat?post=449"},{"taxonomy":"product_tag","embeddable":true,"href":"https:\/\/www.belzona.be\/fr\/wp-json\/wp\/v2\/product_tag?post=449"}],"curies":[{"name":"wp","href":"https:\/\/api.w.org\/{rel}","templated":true}]}}