{"id":447,"date":"2022-12-20T17:08:43","date_gmt":"2022-12-20T15:08:43","guid":{"rendered":"https:\/\/www.belzona.nl\/?post_type=product&#038;p=447"},"modified":"2025-12-18T09:47:39","modified_gmt":"2025-12-18T08:47:39","slug":"belzona-3121-mr7-noodreparatie-coating","status":"publish","type":"product","link":"https:\/\/www.belzona.be\/fr\/product\/serie-de-membranes-polymeres\/belzona-3121-mr7-noodreparatie-coating\/","title":{"rendered":"Belzona 3121 MR7 \u2013 Membrane de r\u00e9paration d\u2019urgence pour toitures"},"content":{"rendered":"<p><iframe title=\"How to Repair a Roof with Belzona 3121 (MR7)\" width=\"980\" height=\"551\" data-src=\"https:\/\/www.youtube.com\/embed\/I1Kk8LodtaQ?feature=oembed\" frameborder=\"0\" allow=\"accelerometer; autoplay; clipboard-write; encrypted-media; gyroscope; picture-in-picture; web-share\" referrerpolicy=\"strict-origin-when-cross-origin\" allowfullscreen src=\"data:image\/svg+xml;base64,PHN2ZyB3aWR0aD0iMSIgaGVpZ2h0PSIxIiB4bWxucz0iaHR0cDovL3d3dy53My5vcmcvMjAwMC9zdmciPjwvc3ZnPg==\" class=\"lazyload\" data-load-mode=\"1\"><\/iframe><\/p>\n","protected":false},"excerpt":{"rendered":"<p data-start=\"3977\" data-end=\"4267\">Belzona 3121 MR7 est une membrane de r\u00e9paration d\u2019urgence con\u00e7ue pour assurer l\u2019\u00e9tanch\u00e9it\u00e9 imm\u00e9diate des toitures endommag\u00e9es. Le syst\u00e8me adh\u00e8re \u00e0 la plupart des mat\u00e9riaux de couverture, y compris sur surfaces inclin\u00e9es, et durcit rapidement m\u00eame en conditions m\u00e9t\u00e9orologiques d\u00e9favorables.<\/p>\n<h3 data-start=\"4269\" data-end=\"4303\">\u00c9tanch\u00e9it\u00e9 rapide et durable<\/h3>\n<p data-start=\"4304\" data-end=\"4599\">Totalement \u00e9tanche, son syst\u00e8me microporeux permet toutefois l\u2019\u00e9vacuation de l\u2019humidit\u00e9 r\u00e9siduelle. La membrane s\u2019applique facilement, notamment au pinceau. Gr\u00e2ce \u00e0 son temps de durcissement court, Belzona 3121 MR7 permet une remise en service rapide tout en garantissant une \u00e9tanch\u00e9it\u00e9 durable.<\/p>\n<h3 data-start=\"4601\" data-end=\"4639\">Applications de Belzona 3121 MR7<\/h3>\n<p data-start=\"4640\" data-end=\"4779\">\u2022 Goutti\u00e8res<br data-start=\"4652\" data-end=\"4655\" \/>\u2022 Parapets et acrot\u00e8res<br data-start=\"4678\" data-end=\"4681\" \/>\u2022 Barres de vitrage et \u00e9l\u00e9ments de raccord<br data-start=\"4723\" data-end=\"4726\" \/>\u2022 Joints et solins<br data-start=\"4744\" data-end=\"4747\" \/>\u2022 Toitures plates ou inclin\u00e9es<\/p>\n<p><strong>T\u00e9l\u00e9chargements<\/strong><br \/>\n<a href=\"https:\/\/www.belzona.nl\/wp-content\/uploads\/sites\/4\/2022\/12\/Belzona-3121.pdf\">Belzona 3121<\/a><br \/>\n<a href=\"https:\/\/www.belzona.nl\/wp-content\/uploads\/sites\/4\/2022\/12\/3121-if.pdf\">Instruction d&rsquo;application 3121<\/a><br \/>\n<a href=\"https:\/\/www.belzona.nl\/wp-content\/uploads\/sites\/4\/2022\/12\/44-11719.pdf\">Informations de s\u00e9curit\u00e9 Base<\/a><br \/>\n<a href=\"https:\/\/www.belzona.nl\/wp-content\/uploads\/sites\/4\/2022\/12\/44-11427.pdf\">Informations de s\u00e9curit\u00e9 Solidifiant<\/a><\/p>\n","protected":false},"featured_media":448,"template":"","meta":{"_acf_changed":false,"content-type":"","editor_notices":[]},"product_brand":[],"product_cat":[26],"product_tag":[],"class_list":{"0":"post-447","1":"product","2":"type-product","3":"status-publish","4":"has-post-thumbnail","6":"product_cat-serie-de-membranes-polymeres","8":"first","9":"instock","10":"taxable","11":"shipping-taxable","12":"product-type-simple"},"acf":[],"yoast_head":"<!-- This site is optimized with the Yoast SEO plugin v27.3 - https:\/\/yoast.com\/product\/yoast-seo-wordpress\/ -->\n<title>Belzona 3121 : membrane de r\u00e9paration d\u2019urgence | Perspect BE<\/title>\n<meta name=\"description\" content=\"Belzona 3121 MR7 est une membrane de r\u00e9paration d\u2019urgence assurant une \u00e9tanch\u00e9it\u00e9 imm\u00e9diate et durable des toitures, m\u00eame en conditions m\u00e9t\u00e9o difficiles.\" \/>\n<meta name=\"robots\" content=\"index, follow, max-snippet:-1, max-image-preview:large, max-video-preview:-1\" \/>\n<link rel=\"canonical\" href=\"https:\/\/www.belzona.be\/fr\/product\/serie-de-membranes-polymeres\/belzona-3121-mr7-noodreparatie-coating\/\" \/>\n<meta property=\"og:locale\" content=\"fr_FR\" \/>\n<meta property=\"og:type\" content=\"article\" \/>\n<meta property=\"og:title\" content=\"Belzona 3121 : membrane de r\u00e9paration d\u2019urgence | Perspect BE\" \/>\n<meta property=\"og:description\" content=\"Belzona 3121 MR7 est une membrane de r\u00e9paration d\u2019urgence assurant une \u00e9tanch\u00e9it\u00e9 imm\u00e9diate et durable des toitures, m\u00eame en conditions m\u00e9t\u00e9o difficiles.\" \/>\n<meta property=\"og:url\" content=\"https:\/\/www.belzona.be\/fr\/product\/serie-de-membranes-polymeres\/belzona-3121-mr7-noodreparatie-coating\/\" \/>\n<meta property=\"og:site_name\" content=\"Belzona Perspect Belgique FR\" \/>\n<meta property=\"article:modified_time\" content=\"2025-12-18T08:47:39+00:00\" \/>\n<meta property=\"og:image\" content=\"https:\/\/www.belzona.be\/fr\/wp-content\/uploads\/sites\/4\/2022\/12\/belzona-3121-mr7.jpg\" \/>\n\t<meta property=\"og:image:width\" content=\"688\" \/>\n\t<meta property=\"og:image:height\" content=\"688\" \/>\n\t<meta property=\"og:image:type\" content=\"image\/jpeg\" \/>\n<meta name=\"twitter:card\" content=\"summary_large_image\" \/>\n<meta name=\"twitter:label1\" content=\"Dur\u00e9e de lecture est.\" \/>\n\t<meta name=\"twitter:data1\" content=\"1 minute\" \/>\n<script type=\"application\/ld+json\" class=\"yoast-schema-graph\">{\"@context\":\"https:\\\/\\\/schema.org\",\"@graph\":[{\"@type\":\"WebPage\",\"@id\":\"https:\\\/\\\/www.belzona.be\\\/fr\\\/product\\\/serie-de-membranes-polymeres\\\/belzona-3121-mr7-noodreparatie-coating\\\/\",\"url\":\"https:\\\/\\\/www.belzona.be\\\/fr\\\/product\\\/serie-de-membranes-polymeres\\\/belzona-3121-mr7-noodreparatie-coating\\\/\",\"name\":\"Belzona 3121 : membrane de r\u00e9paration d\u2019urgence | Perspect BE\",\"isPartOf\":{\"@id\":\"https:\\\/\\\/www.belzona.be\\\/fr\\\/#website\"},\"primaryImageOfPage\":{\"@id\":\"https:\\\/\\\/www.belzona.be\\\/fr\\\/product\\\/serie-de-membranes-polymeres\\\/belzona-3121-mr7-noodreparatie-coating\\\/#primaryimage\"},\"image\":{\"@id\":\"https:\\\/\\\/www.belzona.be\\\/fr\\\/product\\\/serie-de-membranes-polymeres\\\/belzona-3121-mr7-noodreparatie-coating\\\/#primaryimage\"},\"thumbnailUrl\":\"https:\\\/\\\/www.belzona.be\\\/fr\\\/wp-content\\\/uploads\\\/sites\\\/4\\\/2022\\\/12\\\/belzona-3121-mr7.jpg\",\"datePublished\":\"2022-12-20T15:08:43+00:00\",\"dateModified\":\"2025-12-18T08:47:39+00:00\",\"description\":\"Belzona 3121 MR7 est une membrane de r\u00e9paration d\u2019urgence assurant une \u00e9tanch\u00e9it\u00e9 imm\u00e9diate et durable des toitures, m\u00eame en conditions m\u00e9t\u00e9o difficiles.\",\"breadcrumb\":{\"@id\":\"https:\\\/\\\/www.belzona.be\\\/fr\\\/product\\\/serie-de-membranes-polymeres\\\/belzona-3121-mr7-noodreparatie-coating\\\/#breadcrumb\"},\"inLanguage\":\"fr-BE\",\"potentialAction\":[{\"@type\":\"ReadAction\",\"target\":[\"https:\\\/\\\/www.belzona.be\\\/fr\\\/product\\\/serie-de-membranes-polymeres\\\/belzona-3121-mr7-noodreparatie-coating\\\/\"]}]},{\"@type\":\"ImageObject\",\"inLanguage\":\"fr-BE\",\"@id\":\"https:\\\/\\\/www.belzona.be\\\/fr\\\/product\\\/serie-de-membranes-polymeres\\\/belzona-3121-mr7-noodreparatie-coating\\\/#primaryimage\",\"url\":\"https:\\\/\\\/www.belzona.be\\\/fr\\\/wp-content\\\/uploads\\\/sites\\\/4\\\/2022\\\/12\\\/belzona-3121-mr7.jpg\",\"contentUrl\":\"https:\\\/\\\/www.belzona.be\\\/fr\\\/wp-content\\\/uploads\\\/sites\\\/4\\\/2022\\\/12\\\/belzona-3121-mr7.jpg\",\"width\":688,\"height\":688},{\"@type\":\"BreadcrumbList\",\"@id\":\"https:\\\/\\\/www.belzona.be\\\/fr\\\/product\\\/serie-de-membranes-polymeres\\\/belzona-3121-mr7-noodreparatie-coating\\\/#breadcrumb\",\"itemListElement\":[{\"@type\":\"ListItem\",\"position\":1,\"name\":\"Accueil\",\"item\":\"https:\\\/\\\/www.belzona.be\\\/fr\\\/\"},{\"@type\":\"ListItem\",\"position\":2,\"name\":\"Produits\",\"item\":\"https:\\\/\\\/www.belzona.be\\\/fr\\\/produits\\\/\"},{\"@type\":\"ListItem\",\"position\":3,\"name\":\"Belzona 3121 MR7 \u2013 Membrane de r\u00e9paration d\u2019urgence pour toitures\"}]},{\"@type\":\"WebSite\",\"@id\":\"https:\\\/\\\/www.belzona.be\\\/fr\\\/#website\",\"url\":\"https:\\\/\\\/www.belzona.be\\\/fr\\\/\",\"name\":\"Belzona Perspect Belgique FR\",\"description\":\"Belzona : r\u00e9paration, protection et am\u00e9lioration des surfaces. Belzona pr\u00e9vient et r\u00e9pare l&#039;\u00e9rosion, la corrosion, l&#039;abrasion, ainsi que les d\u00e9gradations chimiques et m\u00e9caniques.\",\"potentialAction\":[{\"@type\":\"SearchAction\",\"target\":{\"@type\":\"EntryPoint\",\"urlTemplate\":\"https:\\\/\\\/www.belzona.be\\\/fr\\\/?s={search_term_string}\"},\"query-input\":{\"@type\":\"PropertyValueSpecification\",\"valueRequired\":true,\"valueName\":\"search_term_string\"}}],\"inLanguage\":\"fr-BE\"}]}<\/script>\n<!-- \/ Yoast SEO plugin. -->","yoast_head_json":{"title":"Belzona 3121 : membrane de r\u00e9paration d\u2019urgence | Perspect BE","description":"Belzona 3121 MR7 est une membrane de r\u00e9paration d\u2019urgence assurant une \u00e9tanch\u00e9it\u00e9 imm\u00e9diate et durable des toitures, m\u00eame en conditions m\u00e9t\u00e9o difficiles.","robots":{"index":"index","follow":"follow","max-snippet":"max-snippet:-1","max-image-preview":"max-image-preview:large","max-video-preview":"max-video-preview:-1"},"canonical":"https:\/\/www.belzona.be\/fr\/product\/serie-de-membranes-polymeres\/belzona-3121-mr7-noodreparatie-coating\/","og_locale":"fr_FR","og_type":"article","og_title":"Belzona 3121 : membrane de r\u00e9paration d\u2019urgence | Perspect BE","og_description":"Belzona 3121 MR7 est une membrane de r\u00e9paration d\u2019urgence assurant une \u00e9tanch\u00e9it\u00e9 imm\u00e9diate et durable des toitures, m\u00eame en conditions m\u00e9t\u00e9o difficiles.","og_url":"https:\/\/www.belzona.be\/fr\/product\/serie-de-membranes-polymeres\/belzona-3121-mr7-noodreparatie-coating\/","og_site_name":"Belzona Perspect Belgique FR","article_modified_time":"2025-12-18T08:47:39+00:00","og_image":[{"width":688,"height":688,"url":"https:\/\/www.belzona.be\/fr\/wp-content\/uploads\/sites\/4\/2022\/12\/belzona-3121-mr7.jpg","type":"image\/jpeg"}],"twitter_card":"summary_large_image","twitter_misc":{"Dur\u00e9e de lecture est.":"1 minute"},"schema":{"@context":"https:\/\/schema.org","@graph":[{"@type":"WebPage","@id":"https:\/\/www.belzona.be\/fr\/product\/serie-de-membranes-polymeres\/belzona-3121-mr7-noodreparatie-coating\/","url":"https:\/\/www.belzona.be\/fr\/product\/serie-de-membranes-polymeres\/belzona-3121-mr7-noodreparatie-coating\/","name":"Belzona 3121 : membrane de r\u00e9paration d\u2019urgence | Perspect BE","isPartOf":{"@id":"https:\/\/www.belzona.be\/fr\/#website"},"primaryImageOfPage":{"@id":"https:\/\/www.belzona.be\/fr\/product\/serie-de-membranes-polymeres\/belzona-3121-mr7-noodreparatie-coating\/#primaryimage"},"image":{"@id":"https:\/\/www.belzona.be\/fr\/product\/serie-de-membranes-polymeres\/belzona-3121-mr7-noodreparatie-coating\/#primaryimage"},"thumbnailUrl":"https:\/\/www.belzona.be\/fr\/wp-content\/uploads\/sites\/4\/2022\/12\/belzona-3121-mr7.jpg","datePublished":"2022-12-20T15:08:43+00:00","dateModified":"2025-12-18T08:47:39+00:00","description":"Belzona 3121 MR7 est une membrane de r\u00e9paration d\u2019urgence assurant une \u00e9tanch\u00e9it\u00e9 imm\u00e9diate et durable des toitures, m\u00eame en conditions m\u00e9t\u00e9o difficiles.","breadcrumb":{"@id":"https:\/\/www.belzona.be\/fr\/product\/serie-de-membranes-polymeres\/belzona-3121-mr7-noodreparatie-coating\/#breadcrumb"},"inLanguage":"fr-BE","potentialAction":[{"@type":"ReadAction","target":["https:\/\/www.belzona.be\/fr\/product\/serie-de-membranes-polymeres\/belzona-3121-mr7-noodreparatie-coating\/"]}]},{"@type":"ImageObject","inLanguage":"fr-BE","@id":"https:\/\/www.belzona.be\/fr\/product\/serie-de-membranes-polymeres\/belzona-3121-mr7-noodreparatie-coating\/#primaryimage","url":"https:\/\/www.belzona.be\/fr\/wp-content\/uploads\/sites\/4\/2022\/12\/belzona-3121-mr7.jpg","contentUrl":"https:\/\/www.belzona.be\/fr\/wp-content\/uploads\/sites\/4\/2022\/12\/belzona-3121-mr7.jpg","width":688,"height":688},{"@type":"BreadcrumbList","@id":"https:\/\/www.belzona.be\/fr\/product\/serie-de-membranes-polymeres\/belzona-3121-mr7-noodreparatie-coating\/#breadcrumb","itemListElement":[{"@type":"ListItem","position":1,"name":"Accueil","item":"https:\/\/www.belzona.be\/fr\/"},{"@type":"ListItem","position":2,"name":"Produits","item":"https:\/\/www.belzona.be\/fr\/produits\/"},{"@type":"ListItem","position":3,"name":"Belzona 3121 MR7 \u2013 Membrane de r\u00e9paration d\u2019urgence pour toitures"}]},{"@type":"WebSite","@id":"https:\/\/www.belzona.be\/fr\/#website","url":"https:\/\/www.belzona.be\/fr\/","name":"Belzona Perspect Belgique FR","description":"Belzona : r\u00e9paration, protection et am\u00e9lioration des surfaces. Belzona pr\u00e9vient et r\u00e9pare l&#039;\u00e9rosion, la corrosion, l&#039;abrasion, ainsi que les d\u00e9gradations chimiques et m\u00e9caniques.","potentialAction":[{"@type":"SearchAction","target":{"@type":"EntryPoint","urlTemplate":"https:\/\/www.belzona.be\/fr\/?s={search_term_string}"},"query-input":{"@type":"PropertyValueSpecification","valueRequired":true,"valueName":"search_term_string"}}],"inLanguage":"fr-BE"}]}},"_links":{"self":[{"href":"https:\/\/www.belzona.be\/fr\/wp-json\/wp\/v2\/product\/447","targetHints":{"allow":["GET"]}}],"collection":[{"href":"https:\/\/www.belzona.be\/fr\/wp-json\/wp\/v2\/product"}],"about":[{"href":"https:\/\/www.belzona.be\/fr\/wp-json\/wp\/v2\/types\/product"}],"wp:featuredmedia":[{"embeddable":true,"href":"https:\/\/www.belzona.be\/fr\/wp-json\/wp\/v2\/media\/448"}],"wp:attachment":[{"href":"https:\/\/www.belzona.be\/fr\/wp-json\/wp\/v2\/media?parent=447"}],"wp:term":[{"taxonomy":"product_brand","embeddable":true,"href":"https:\/\/www.belzona.be\/fr\/wp-json\/wp\/v2\/product_brand?post=447"},{"taxonomy":"product_cat","embeddable":true,"href":"https:\/\/www.belzona.be\/fr\/wp-json\/wp\/v2\/product_cat?post=447"},{"taxonomy":"product_tag","embeddable":true,"href":"https:\/\/www.belzona.be\/fr\/wp-json\/wp\/v2\/product_tag?post=447"}],"curies":[{"name":"wp","href":"https:\/\/api.w.org\/{rel}","templated":true}]}}