{"id":445,"date":"2022-12-20T17:03:27","date_gmt":"2022-12-20T15:03:27","guid":{"rendered":"https:\/\/www.belzona.nl\/?post_type=product&#038;p=445"},"modified":"2025-12-18T09:47:41","modified_gmt":"2025-12-18T08:47:41","slug":"belzona-3111-flexible-membrane-waterproofing-coating-voor-daken","status":"publish","type":"product","link":"https:\/\/www.belzona.be\/fr\/product\/serie-de-membranes-polymeres\/belzona-3111-flexible-membrane-waterproofing-coating-voor-daken\/","title":{"rendered":"Belzona 3111 Flexible Membrane \u2013 Membrane d\u2019\u00e9tanch\u00e9it\u00e9 pour toitures"},"content":{"rendered":"<p><iframe title=\"Roof Waterproofing and Protection with Belzona 3131 (WG Membrane)\" width=\"980\" height=\"551\" data-src=\"https:\/\/www.youtube.com\/embed\/3V-KvUk4Y9w?feature=oembed\" frameborder=\"0\" allow=\"accelerometer; autoplay; clipboard-write; encrypted-media; gyroscope; picture-in-picture; web-share\" referrerpolicy=\"strict-origin-when-cross-origin\" allowfullscreen src=\"data:image\/svg+xml;base64,PHN2ZyB3aWR0aD0iMSIgaGVpZ2h0PSIxIiB4bWxucz0iaHR0cDovL3d3dy53My5vcmcvMjAwMC9zdmciPjwvc3ZnPg==\" class=\"lazyload\" data-load-mode=\"1\"><\/iframe><\/p>\n","protected":false},"excerpt":{"rendered":"<p data-start=\"4618\" data-end=\"4970\">Belzona 3111 Flexible Membrane est une membrane d\u2019\u00e9tanch\u00e9it\u00e9 pour toiture offrant une excellente r\u00e9sistance \u00e0 l\u2019eau, aux intemp\u00e9ries et aux rayonnements UV et infrarouges. Ce syst\u00e8me sans solvant prot\u00e8ge \u00e9galement contre les polluants industriels. La membrane adh\u00e8re \u00e0 la plupart des mat\u00e9riaux de couverture et s\u2019adapte facilement aux formes complexes.<\/p>\n<p data-start=\"4972\" data-end=\"5217\">La membrane Belzona 3111 est \u00e9lastique, \u00e0 faibles \u00e9missions, et sa structure microporeuse emp\u00eache l\u2019accumulation d\u2019humidit\u00e9. Ce syst\u00e8me certifi\u00e9 assure une protection durable, sup\u00e9rieure \u00e0 25 ans, et s\u2019applique facilement \u00e0 temp\u00e9rature ambiante.<\/p>\n<h3 data-start=\"5219\" data-end=\"5253\">Applications de Belzona 3111<\/h3>\n<p data-start=\"5254\" data-end=\"5449\">\u2022 Goutti\u00e8res<br data-start=\"5266\" data-end=\"5269\" \/>\u2022 Acrot\u00e8res et murets de toiture<br data-start=\"5301\" data-end=\"5304\" \/>\u2022 Parcloses et \u00e9l\u00e9ments de vitrage<br data-start=\"5338\" data-end=\"5341\" \/>\u2022 Joints et raccords<br data-start=\"5361\" data-end=\"5364\" \/>\u2022 \u00c9l\u00e9ments m\u00e9talliques profil\u00e9s<br data-start=\"5395\" data-end=\"5398\" \/>\u2022 Toitures plates<br data-start=\"5415\" data-end=\"5418\" \/>\u2022 Toitures complexes et d\u00f4mes<\/p>\n<p><strong>T\u00e9l\u00e9chargements<\/strong><br \/>\n<a href=\"https:\/\/www.belzona.nl\/wp-content\/uploads\/sites\/4\/2022\/12\/Belzona-3111.pdf\">Belzona 3111<\/a><br data-start=\"47\" data-end=\"50\" \/><a href=\"https:\/\/www.belzona.nl\/wp-content\/uploads\/sites\/4\/2022\/12\/Gebruiksinstructie-3111.pdf\">Instructions d\u2019utilisation 3111<\/a><br data-start=\"81\" data-end=\"84\" \/><a href=\"https:\/\/www.belzona.nl\/wp-content\/uploads\/sites\/4\/2022\/12\/Veiligheidsinformatie-3111.pdf\">Informations de s\u00e9curit\u00e9 3111<\/a><\/p>\n","protected":false},"featured_media":446,"template":"","meta":{"_acf_changed":false,"content-type":"","editor_notices":[]},"product_brand":[],"product_cat":[26],"product_tag":[],"class_list":{"0":"post-445","1":"product","2":"type-product","3":"status-publish","4":"has-post-thumbnail","6":"product_cat-serie-de-membranes-polymeres","8":"first","9":"instock","10":"taxable","11":"shipping-taxable","12":"product-type-simple"},"acf":[],"yoast_head":"<!-- This site is optimized with the Yoast SEO plugin v27.3 - https:\/\/yoast.com\/product\/yoast-seo-wordpress\/ -->\n<title>Belzona 3111 : membrane d\u2019\u00e9tanch\u00e9it\u00e9 pour toiture | Perspect BE<\/title>\n<meta name=\"description\" content=\"Belzona 3111 est une membrane d\u2019\u00e9tanch\u00e9it\u00e9 pour toiture offrant une protection contre l\u2019eau, les UV et les intemp\u00e9ries, adapt\u00e9e aux toitures complexes.\" \/>\n<meta name=\"robots\" content=\"index, follow, max-snippet:-1, max-image-preview:large, max-video-preview:-1\" \/>\n<link rel=\"canonical\" href=\"https:\/\/www.belzona.be\/fr\/product\/serie-de-membranes-polymeres\/belzona-3111-flexible-membrane-waterproofing-coating-voor-daken\/\" \/>\n<meta property=\"og:locale\" content=\"fr_FR\" \/>\n<meta property=\"og:type\" content=\"article\" \/>\n<meta property=\"og:title\" content=\"Belzona 3111 : membrane d\u2019\u00e9tanch\u00e9it\u00e9 pour toiture | Perspect BE\" \/>\n<meta property=\"og:description\" content=\"Belzona 3111 est une membrane d\u2019\u00e9tanch\u00e9it\u00e9 pour toiture offrant une protection contre l\u2019eau, les UV et les intemp\u00e9ries, adapt\u00e9e aux toitures complexes.\" \/>\n<meta property=\"og:url\" content=\"https:\/\/www.belzona.be\/fr\/product\/serie-de-membranes-polymeres\/belzona-3111-flexible-membrane-waterproofing-coating-voor-daken\/\" \/>\n<meta property=\"og:site_name\" content=\"Belzona Perspect Belgique FR\" \/>\n<meta property=\"article:modified_time\" content=\"2025-12-18T08:47:41+00:00\" \/>\n<meta property=\"og:image\" content=\"https:\/\/www.belzona.be\/fr\/wp-content\/uploads\/sites\/4\/2022\/12\/belzona-3111-flexible-membrane.jpg\" \/>\n\t<meta property=\"og:image:width\" content=\"800\" \/>\n\t<meta property=\"og:image:height\" content=\"800\" \/>\n\t<meta property=\"og:image:type\" content=\"image\/jpeg\" \/>\n<meta name=\"twitter:card\" content=\"summary_large_image\" \/>\n<meta name=\"twitter:label1\" content=\"Dur\u00e9e de lecture est.\" \/>\n\t<meta name=\"twitter:data1\" content=\"1 minute\" \/>\n<script type=\"application\/ld+json\" class=\"yoast-schema-graph\">{\"@context\":\"https:\\\/\\\/schema.org\",\"@graph\":[{\"@type\":\"WebPage\",\"@id\":\"https:\\\/\\\/www.belzona.be\\\/fr\\\/product\\\/serie-de-membranes-polymeres\\\/belzona-3111-flexible-membrane-waterproofing-coating-voor-daken\\\/\",\"url\":\"https:\\\/\\\/www.belzona.be\\\/fr\\\/product\\\/serie-de-membranes-polymeres\\\/belzona-3111-flexible-membrane-waterproofing-coating-voor-daken\\\/\",\"name\":\"Belzona 3111 : membrane d\u2019\u00e9tanch\u00e9it\u00e9 pour toiture | Perspect BE\",\"isPartOf\":{\"@id\":\"https:\\\/\\\/www.belzona.be\\\/fr\\\/#website\"},\"primaryImageOfPage\":{\"@id\":\"https:\\\/\\\/www.belzona.be\\\/fr\\\/product\\\/serie-de-membranes-polymeres\\\/belzona-3111-flexible-membrane-waterproofing-coating-voor-daken\\\/#primaryimage\"},\"image\":{\"@id\":\"https:\\\/\\\/www.belzona.be\\\/fr\\\/product\\\/serie-de-membranes-polymeres\\\/belzona-3111-flexible-membrane-waterproofing-coating-voor-daken\\\/#primaryimage\"},\"thumbnailUrl\":\"https:\\\/\\\/www.belzona.be\\\/fr\\\/wp-content\\\/uploads\\\/sites\\\/4\\\/2022\\\/12\\\/belzona-3111-flexible-membrane.jpg\",\"datePublished\":\"2022-12-20T15:03:27+00:00\",\"dateModified\":\"2025-12-18T08:47:41+00:00\",\"description\":\"Belzona 3111 est une membrane d\u2019\u00e9tanch\u00e9it\u00e9 pour toiture offrant une protection contre l\u2019eau, les UV et les intemp\u00e9ries, adapt\u00e9e aux toitures complexes.\",\"breadcrumb\":{\"@id\":\"https:\\\/\\\/www.belzona.be\\\/fr\\\/product\\\/serie-de-membranes-polymeres\\\/belzona-3111-flexible-membrane-waterproofing-coating-voor-daken\\\/#breadcrumb\"},\"inLanguage\":\"fr-BE\",\"potentialAction\":[{\"@type\":\"ReadAction\",\"target\":[\"https:\\\/\\\/www.belzona.be\\\/fr\\\/product\\\/serie-de-membranes-polymeres\\\/belzona-3111-flexible-membrane-waterproofing-coating-voor-daken\\\/\"]}]},{\"@type\":\"ImageObject\",\"inLanguage\":\"fr-BE\",\"@id\":\"https:\\\/\\\/www.belzona.be\\\/fr\\\/product\\\/serie-de-membranes-polymeres\\\/belzona-3111-flexible-membrane-waterproofing-coating-voor-daken\\\/#primaryimage\",\"url\":\"https:\\\/\\\/www.belzona.be\\\/fr\\\/wp-content\\\/uploads\\\/sites\\\/4\\\/2022\\\/12\\\/belzona-3111-flexible-membrane.jpg\",\"contentUrl\":\"https:\\\/\\\/www.belzona.be\\\/fr\\\/wp-content\\\/uploads\\\/sites\\\/4\\\/2022\\\/12\\\/belzona-3111-flexible-membrane.jpg\",\"width\":800,\"height\":800},{\"@type\":\"BreadcrumbList\",\"@id\":\"https:\\\/\\\/www.belzona.be\\\/fr\\\/product\\\/serie-de-membranes-polymeres\\\/belzona-3111-flexible-membrane-waterproofing-coating-voor-daken\\\/#breadcrumb\",\"itemListElement\":[{\"@type\":\"ListItem\",\"position\":1,\"name\":\"Accueil\",\"item\":\"https:\\\/\\\/www.belzona.be\\\/fr\\\/\"},{\"@type\":\"ListItem\",\"position\":2,\"name\":\"Produits\",\"item\":\"https:\\\/\\\/www.belzona.be\\\/fr\\\/produits\\\/\"},{\"@type\":\"ListItem\",\"position\":3,\"name\":\"Belzona 3111 Flexible Membrane \u2013 Membrane d\u2019\u00e9tanch\u00e9it\u00e9 pour toitures\"}]},{\"@type\":\"WebSite\",\"@id\":\"https:\\\/\\\/www.belzona.be\\\/fr\\\/#website\",\"url\":\"https:\\\/\\\/www.belzona.be\\\/fr\\\/\",\"name\":\"Belzona Perspect Belgique FR\",\"description\":\"Belzona : r\u00e9paration, protection et am\u00e9lioration des surfaces. Belzona pr\u00e9vient et r\u00e9pare l&#039;\u00e9rosion, la corrosion, l&#039;abrasion, ainsi que les d\u00e9gradations chimiques et m\u00e9caniques.\",\"potentialAction\":[{\"@type\":\"SearchAction\",\"target\":{\"@type\":\"EntryPoint\",\"urlTemplate\":\"https:\\\/\\\/www.belzona.be\\\/fr\\\/?s={search_term_string}\"},\"query-input\":{\"@type\":\"PropertyValueSpecification\",\"valueRequired\":true,\"valueName\":\"search_term_string\"}}],\"inLanguage\":\"fr-BE\"}]}<\/script>\n<!-- \/ Yoast SEO plugin. -->","yoast_head_json":{"title":"Belzona 3111 : membrane d\u2019\u00e9tanch\u00e9it\u00e9 pour toiture | Perspect BE","description":"Belzona 3111 est une membrane d\u2019\u00e9tanch\u00e9it\u00e9 pour toiture offrant une protection contre l\u2019eau, les UV et les intemp\u00e9ries, adapt\u00e9e aux toitures complexes.","robots":{"index":"index","follow":"follow","max-snippet":"max-snippet:-1","max-image-preview":"max-image-preview:large","max-video-preview":"max-video-preview:-1"},"canonical":"https:\/\/www.belzona.be\/fr\/product\/serie-de-membranes-polymeres\/belzona-3111-flexible-membrane-waterproofing-coating-voor-daken\/","og_locale":"fr_FR","og_type":"article","og_title":"Belzona 3111 : membrane d\u2019\u00e9tanch\u00e9it\u00e9 pour toiture | Perspect BE","og_description":"Belzona 3111 est une membrane d\u2019\u00e9tanch\u00e9it\u00e9 pour toiture offrant une protection contre l\u2019eau, les UV et les intemp\u00e9ries, adapt\u00e9e aux toitures complexes.","og_url":"https:\/\/www.belzona.be\/fr\/product\/serie-de-membranes-polymeres\/belzona-3111-flexible-membrane-waterproofing-coating-voor-daken\/","og_site_name":"Belzona Perspect Belgique FR","article_modified_time":"2025-12-18T08:47:41+00:00","og_image":[{"width":800,"height":800,"url":"https:\/\/www.belzona.be\/fr\/wp-content\/uploads\/sites\/4\/2022\/12\/belzona-3111-flexible-membrane.jpg","type":"image\/jpeg"}],"twitter_card":"summary_large_image","twitter_misc":{"Dur\u00e9e de lecture est.":"1 minute"},"schema":{"@context":"https:\/\/schema.org","@graph":[{"@type":"WebPage","@id":"https:\/\/www.belzona.be\/fr\/product\/serie-de-membranes-polymeres\/belzona-3111-flexible-membrane-waterproofing-coating-voor-daken\/","url":"https:\/\/www.belzona.be\/fr\/product\/serie-de-membranes-polymeres\/belzona-3111-flexible-membrane-waterproofing-coating-voor-daken\/","name":"Belzona 3111 : membrane d\u2019\u00e9tanch\u00e9it\u00e9 pour toiture | Perspect BE","isPartOf":{"@id":"https:\/\/www.belzona.be\/fr\/#website"},"primaryImageOfPage":{"@id":"https:\/\/www.belzona.be\/fr\/product\/serie-de-membranes-polymeres\/belzona-3111-flexible-membrane-waterproofing-coating-voor-daken\/#primaryimage"},"image":{"@id":"https:\/\/www.belzona.be\/fr\/product\/serie-de-membranes-polymeres\/belzona-3111-flexible-membrane-waterproofing-coating-voor-daken\/#primaryimage"},"thumbnailUrl":"https:\/\/www.belzona.be\/fr\/wp-content\/uploads\/sites\/4\/2022\/12\/belzona-3111-flexible-membrane.jpg","datePublished":"2022-12-20T15:03:27+00:00","dateModified":"2025-12-18T08:47:41+00:00","description":"Belzona 3111 est une membrane d\u2019\u00e9tanch\u00e9it\u00e9 pour toiture offrant une protection contre l\u2019eau, les UV et les intemp\u00e9ries, adapt\u00e9e aux toitures complexes.","breadcrumb":{"@id":"https:\/\/www.belzona.be\/fr\/product\/serie-de-membranes-polymeres\/belzona-3111-flexible-membrane-waterproofing-coating-voor-daken\/#breadcrumb"},"inLanguage":"fr-BE","potentialAction":[{"@type":"ReadAction","target":["https:\/\/www.belzona.be\/fr\/product\/serie-de-membranes-polymeres\/belzona-3111-flexible-membrane-waterproofing-coating-voor-daken\/"]}]},{"@type":"ImageObject","inLanguage":"fr-BE","@id":"https:\/\/www.belzona.be\/fr\/product\/serie-de-membranes-polymeres\/belzona-3111-flexible-membrane-waterproofing-coating-voor-daken\/#primaryimage","url":"https:\/\/www.belzona.be\/fr\/wp-content\/uploads\/sites\/4\/2022\/12\/belzona-3111-flexible-membrane.jpg","contentUrl":"https:\/\/www.belzona.be\/fr\/wp-content\/uploads\/sites\/4\/2022\/12\/belzona-3111-flexible-membrane.jpg","width":800,"height":800},{"@type":"BreadcrumbList","@id":"https:\/\/www.belzona.be\/fr\/product\/serie-de-membranes-polymeres\/belzona-3111-flexible-membrane-waterproofing-coating-voor-daken\/#breadcrumb","itemListElement":[{"@type":"ListItem","position":1,"name":"Accueil","item":"https:\/\/www.belzona.be\/fr\/"},{"@type":"ListItem","position":2,"name":"Produits","item":"https:\/\/www.belzona.be\/fr\/produits\/"},{"@type":"ListItem","position":3,"name":"Belzona 3111 Flexible Membrane \u2013 Membrane d\u2019\u00e9tanch\u00e9it\u00e9 pour toitures"}]},{"@type":"WebSite","@id":"https:\/\/www.belzona.be\/fr\/#website","url":"https:\/\/www.belzona.be\/fr\/","name":"Belzona Perspect Belgique FR","description":"Belzona : r\u00e9paration, protection et am\u00e9lioration des surfaces. Belzona pr\u00e9vient et r\u00e9pare l&#039;\u00e9rosion, la corrosion, l&#039;abrasion, ainsi que les d\u00e9gradations chimiques et m\u00e9caniques.","potentialAction":[{"@type":"SearchAction","target":{"@type":"EntryPoint","urlTemplate":"https:\/\/www.belzona.be\/fr\/?s={search_term_string}"},"query-input":{"@type":"PropertyValueSpecification","valueRequired":true,"valueName":"search_term_string"}}],"inLanguage":"fr-BE"}]}},"_links":{"self":[{"href":"https:\/\/www.belzona.be\/fr\/wp-json\/wp\/v2\/product\/445","targetHints":{"allow":["GET"]}}],"collection":[{"href":"https:\/\/www.belzona.be\/fr\/wp-json\/wp\/v2\/product"}],"about":[{"href":"https:\/\/www.belzona.be\/fr\/wp-json\/wp\/v2\/types\/product"}],"wp:featuredmedia":[{"embeddable":true,"href":"https:\/\/www.belzona.be\/fr\/wp-json\/wp\/v2\/media\/446"}],"wp:attachment":[{"href":"https:\/\/www.belzona.be\/fr\/wp-json\/wp\/v2\/media?parent=445"}],"wp:term":[{"taxonomy":"product_brand","embeddable":true,"href":"https:\/\/www.belzona.be\/fr\/wp-json\/wp\/v2\/product_brand?post=445"},{"taxonomy":"product_cat","embeddable":true,"href":"https:\/\/www.belzona.be\/fr\/wp-json\/wp\/v2\/product_cat?post=445"},{"taxonomy":"product_tag","embeddable":true,"href":"https:\/\/www.belzona.be\/fr\/wp-json\/wp\/v2\/product_tag?post=445"}],"curies":[{"name":"wp","href":"https:\/\/api.w.org\/{rel}","templated":true}]}}