{"id":441,"date":"2022-12-20T16:54:59","date_gmt":"2022-12-20T14:54:59","guid":{"rendered":"https:\/\/www.belzona.nl\/?post_type=product&#038;p=441"},"modified":"2025-12-18T09:47:45","modified_gmt":"2025-12-18T08:47:45","slug":"belzona-2131-da-fluid-elastomer-2","status":"publish","type":"product","link":"https:\/\/www.belzona.be\/fr\/product\/serie-polymeres\/belzona-2131-da-fluid-elastomer-2\/","title":{"rendered":"Belzona 2131 D&#038;A Fluid Elastomer \u2013 Elastom\u00e8re liquide polyur\u00e9thane"},"content":{"rendered":"","protected":false},"excerpt":{"rendered":"<p data-start=\"4019\" data-end=\"4443\">Belzona 2131 D&amp;A Fluid Elastomer est un \u00e9lastom\u00e8re liquide polyur\u00e9thane flexible et r\u00e9sistant \u00e0 l\u2019abrasion, con\u00e7u pour le moulage de composants en caoutchouc et le rev\u00eatement de surfaces m\u00e9talliques et \u00e9lastom\u00e8res. Il adh\u00e8re durablement au caoutchouc, au nitrile, au n\u00e9opr\u00e8ne, au SBR, au PVC, \u00e0 l\u2019acier, au cuivre et au b\u00e9ton. Cet \u00e9lastom\u00e8re liquide assure \u00e9galement une protection efficace contre l\u2019\u00e9rosion et la corrosion.<\/p>\n<p data-start=\"4445\" data-end=\"4701\">Belzona 2131 convient aux applications exigeant une grande durabilit\u00e9, une excellente \u00e9lasticit\u00e9 et une forte r\u00e9sistance \u00e0 l\u2019usure. Facile \u00e0 m\u00e9langer et \u00e0 appliquer, il peut \u00eatre inject\u00e9 dans des moules ou des cavit\u00e9s pour former des composants sur mesure.<\/p>\n<h3 data-start=\"4703\" data-end=\"4757\">Applications du Belzona 2131 D&amp;A Fluid Elastomer<\/h3>\n<p data-start=\"4758\" data-end=\"5061\">\u2022 reconstruction et remise \u00e0 niveau de surfaces de pompes<br data-start=\"4815\" data-end=\"4818\" \/>\u2022 r\u00e9paration de membranes<br data-start=\"4843\" data-end=\"4846\" \/>\u2022 remplacement ou moulage d\u2019accouplements d\u2019entra\u00eenement<br data-start=\"4902\" data-end=\"4905\" \/>\u2022 fabrication de moules flexibles et de pi\u00e8ces techniques<br data-start=\"4962\" data-end=\"4965\" \/>\u2022 production d\u2019amortisseurs et d\u2019\u00e9l\u00e9ments antivibratoires<br data-start=\"5022\" data-end=\"5025\" \/>\u2022 coulage de roulements de guidage<\/p>\n<p><strong>T\u00e9l\u00e9chargements<\/strong><br \/>\n<a href=\"https:\/\/www.belzona.nl\/wp-content\/uploads\/sites\/4\/2022\/12\/Belzona-2131.pdf\">Belzona 2131<\/a><br \/>\n<a href=\"https:\/\/www.belzona.nl\/wp-content\/uploads\/sites\/4\/2022\/12\/Gebruiksinstructie-2131.pdf\">Mode d&#8217;emploi 2131<\/a><br \/>\n<a href=\"https:\/\/www.belzona.nl\/wp-content\/uploads\/sites\/4\/2022\/12\/Veiligheidsinformatie-Base-2.pdf\">Informations de s\u00e9curit\u00e9 Base<\/a><br \/>\n<a href=\"https:\/\/www.belzona.nl\/wp-content\/uploads\/sites\/4\/2022\/12\/Veiligheidsinformatie-Soldifier.pdf\">Informations de s\u00e9curit\u00e9 Soldifier<\/a><\/p>\n","protected":false},"featured_media":442,"template":"","meta":{"_acf_changed":false,"content-type":"","editor_notices":[]},"product_brand":[],"product_cat":[25],"product_tag":[],"class_list":{"0":"post-441","1":"product","2":"type-product","3":"status-publish","4":"has-post-thumbnail","6":"product_cat-serie-polymeres","8":"first","9":"instock","10":"taxable","11":"shipping-taxable","12":"product-type-simple"},"acf":[],"yoast_head":"<!-- This site is optimized with the Yoast SEO plugin v27.3 - https:\/\/yoast.com\/product\/yoast-seo-wordpress\/ -->\n<title>Belzona 2131 : \u00e9lastom\u00e8re liquide pour moulage | Perspect BE<\/title>\n<meta name=\"description\" content=\"\u00c9lastom\u00e8re liquide Belzona 2131 : solution flexible et r\u00e9sistante pour le moulage, la r\u00e9paration de caoutchouc et la protection m\u00e9tal. Durabilit\u00e9 \u00e9lev\u00e9e.\" \/>\n<meta name=\"robots\" content=\"index, follow, max-snippet:-1, max-image-preview:large, max-video-preview:-1\" \/>\n<link rel=\"canonical\" href=\"https:\/\/www.belzona.be\/fr\/product\/serie-polymeres\/belzona-2131-da-fluid-elastomer-2\/\" \/>\n<meta property=\"og:locale\" content=\"fr_FR\" \/>\n<meta property=\"og:type\" content=\"article\" \/>\n<meta property=\"og:title\" content=\"Belzona 2131 : \u00e9lastom\u00e8re liquide pour moulage | Perspect BE\" \/>\n<meta property=\"og:description\" content=\"\u00c9lastom\u00e8re liquide Belzona 2131 : solution flexible et r\u00e9sistante pour le moulage, la r\u00e9paration de caoutchouc et la protection m\u00e9tal. Durabilit\u00e9 \u00e9lev\u00e9e.\" \/>\n<meta property=\"og:url\" content=\"https:\/\/www.belzona.be\/fr\/product\/serie-polymeres\/belzona-2131-da-fluid-elastomer-2\/\" \/>\n<meta property=\"og:site_name\" content=\"Belzona Perspect Belgique FR\" \/>\n<meta property=\"article:modified_time\" content=\"2025-12-18T08:47:45+00:00\" \/>\n<meta property=\"og:image\" content=\"https:\/\/www.belzona.be\/fr\/wp-content\/uploads\/sites\/4\/2022\/12\/belzona-2131-d-a-fluid-elastomer-1.jpg\" \/>\n\t<meta property=\"og:image:width\" content=\"654\" \/>\n\t<meta property=\"og:image:height\" content=\"654\" \/>\n\t<meta property=\"og:image:type\" content=\"image\/jpeg\" \/>\n<meta name=\"twitter:card\" content=\"summary_large_image\" \/>\n<meta name=\"twitter:label1\" content=\"Dur\u00e9e de lecture est.\" \/>\n\t<meta name=\"twitter:data1\" content=\"1 minute\" \/>\n<script type=\"application\/ld+json\" class=\"yoast-schema-graph\">{\"@context\":\"https:\\\/\\\/schema.org\",\"@graph\":[{\"@type\":\"WebPage\",\"@id\":\"https:\\\/\\\/www.belzona.be\\\/fr\\\/product\\\/serie-polymeres\\\/belzona-2131-da-fluid-elastomer-2\\\/\",\"url\":\"https:\\\/\\\/www.belzona.be\\\/fr\\\/product\\\/serie-polymeres\\\/belzona-2131-da-fluid-elastomer-2\\\/\",\"name\":\"Belzona 2131 : \u00e9lastom\u00e8re liquide pour moulage | Perspect BE\",\"isPartOf\":{\"@id\":\"https:\\\/\\\/www.belzona.be\\\/fr\\\/#website\"},\"primaryImageOfPage\":{\"@id\":\"https:\\\/\\\/www.belzona.be\\\/fr\\\/product\\\/serie-polymeres\\\/belzona-2131-da-fluid-elastomer-2\\\/#primaryimage\"},\"image\":{\"@id\":\"https:\\\/\\\/www.belzona.be\\\/fr\\\/product\\\/serie-polymeres\\\/belzona-2131-da-fluid-elastomer-2\\\/#primaryimage\"},\"thumbnailUrl\":\"https:\\\/\\\/www.belzona.be\\\/fr\\\/wp-content\\\/uploads\\\/sites\\\/4\\\/2022\\\/12\\\/belzona-2131-d-a-fluid-elastomer-1.jpg\",\"datePublished\":\"2022-12-20T14:54:59+00:00\",\"dateModified\":\"2025-12-18T08:47:45+00:00\",\"description\":\"\u00c9lastom\u00e8re liquide Belzona 2131 : solution flexible et r\u00e9sistante pour le moulage, la r\u00e9paration de caoutchouc et la protection m\u00e9tal. Durabilit\u00e9 \u00e9lev\u00e9e.\",\"breadcrumb\":{\"@id\":\"https:\\\/\\\/www.belzona.be\\\/fr\\\/product\\\/serie-polymeres\\\/belzona-2131-da-fluid-elastomer-2\\\/#breadcrumb\"},\"inLanguage\":\"fr-BE\",\"potentialAction\":[{\"@type\":\"ReadAction\",\"target\":[\"https:\\\/\\\/www.belzona.be\\\/fr\\\/product\\\/serie-polymeres\\\/belzona-2131-da-fluid-elastomer-2\\\/\"]}]},{\"@type\":\"ImageObject\",\"inLanguage\":\"fr-BE\",\"@id\":\"https:\\\/\\\/www.belzona.be\\\/fr\\\/product\\\/serie-polymeres\\\/belzona-2131-da-fluid-elastomer-2\\\/#primaryimage\",\"url\":\"https:\\\/\\\/www.belzona.be\\\/fr\\\/wp-content\\\/uploads\\\/sites\\\/4\\\/2022\\\/12\\\/belzona-2131-d-a-fluid-elastomer-1.jpg\",\"contentUrl\":\"https:\\\/\\\/www.belzona.be\\\/fr\\\/wp-content\\\/uploads\\\/sites\\\/4\\\/2022\\\/12\\\/belzona-2131-d-a-fluid-elastomer-1.jpg\",\"width\":654,\"height\":654},{\"@type\":\"BreadcrumbList\",\"@id\":\"https:\\\/\\\/www.belzona.be\\\/fr\\\/product\\\/serie-polymeres\\\/belzona-2131-da-fluid-elastomer-2\\\/#breadcrumb\",\"itemListElement\":[{\"@type\":\"ListItem\",\"position\":1,\"name\":\"Accueil\",\"item\":\"https:\\\/\\\/www.belzona.be\\\/fr\\\/\"},{\"@type\":\"ListItem\",\"position\":2,\"name\":\"Produits\",\"item\":\"https:\\\/\\\/www.belzona.be\\\/fr\\\/produits\\\/\"},{\"@type\":\"ListItem\",\"position\":3,\"name\":\"Belzona 2131 D&#038;A Fluid Elastomer \u2013 Elastom\u00e8re liquide polyur\u00e9thane\"}]},{\"@type\":\"WebSite\",\"@id\":\"https:\\\/\\\/www.belzona.be\\\/fr\\\/#website\",\"url\":\"https:\\\/\\\/www.belzona.be\\\/fr\\\/\",\"name\":\"Belzona Perspect Belgique FR\",\"description\":\"Belzona : r\u00e9paration, protection et am\u00e9lioration des surfaces. Belzona pr\u00e9vient et r\u00e9pare l&#039;\u00e9rosion, la corrosion, l&#039;abrasion, ainsi que les d\u00e9gradations chimiques et m\u00e9caniques.\",\"potentialAction\":[{\"@type\":\"SearchAction\",\"target\":{\"@type\":\"EntryPoint\",\"urlTemplate\":\"https:\\\/\\\/www.belzona.be\\\/fr\\\/?s={search_term_string}\"},\"query-input\":{\"@type\":\"PropertyValueSpecification\",\"valueRequired\":true,\"valueName\":\"search_term_string\"}}],\"inLanguage\":\"fr-BE\"}]}<\/script>\n<!-- \/ Yoast SEO plugin. -->","yoast_head_json":{"title":"Belzona 2131 : \u00e9lastom\u00e8re liquide pour moulage | Perspect BE","description":"\u00c9lastom\u00e8re liquide Belzona 2131 : solution flexible et r\u00e9sistante pour le moulage, la r\u00e9paration de caoutchouc et la protection m\u00e9tal. Durabilit\u00e9 \u00e9lev\u00e9e.","robots":{"index":"index","follow":"follow","max-snippet":"max-snippet:-1","max-image-preview":"max-image-preview:large","max-video-preview":"max-video-preview:-1"},"canonical":"https:\/\/www.belzona.be\/fr\/product\/serie-polymeres\/belzona-2131-da-fluid-elastomer-2\/","og_locale":"fr_FR","og_type":"article","og_title":"Belzona 2131 : \u00e9lastom\u00e8re liquide pour moulage | Perspect BE","og_description":"\u00c9lastom\u00e8re liquide Belzona 2131 : solution flexible et r\u00e9sistante pour le moulage, la r\u00e9paration de caoutchouc et la protection m\u00e9tal. Durabilit\u00e9 \u00e9lev\u00e9e.","og_url":"https:\/\/www.belzona.be\/fr\/product\/serie-polymeres\/belzona-2131-da-fluid-elastomer-2\/","og_site_name":"Belzona Perspect Belgique FR","article_modified_time":"2025-12-18T08:47:45+00:00","og_image":[{"width":654,"height":654,"url":"https:\/\/www.belzona.be\/fr\/wp-content\/uploads\/sites\/4\/2022\/12\/belzona-2131-d-a-fluid-elastomer-1.jpg","type":"image\/jpeg"}],"twitter_card":"summary_large_image","twitter_misc":{"Dur\u00e9e de lecture est.":"1 minute"},"schema":{"@context":"https:\/\/schema.org","@graph":[{"@type":"WebPage","@id":"https:\/\/www.belzona.be\/fr\/product\/serie-polymeres\/belzona-2131-da-fluid-elastomer-2\/","url":"https:\/\/www.belzona.be\/fr\/product\/serie-polymeres\/belzona-2131-da-fluid-elastomer-2\/","name":"Belzona 2131 : \u00e9lastom\u00e8re liquide pour moulage | Perspect BE","isPartOf":{"@id":"https:\/\/www.belzona.be\/fr\/#website"},"primaryImageOfPage":{"@id":"https:\/\/www.belzona.be\/fr\/product\/serie-polymeres\/belzona-2131-da-fluid-elastomer-2\/#primaryimage"},"image":{"@id":"https:\/\/www.belzona.be\/fr\/product\/serie-polymeres\/belzona-2131-da-fluid-elastomer-2\/#primaryimage"},"thumbnailUrl":"https:\/\/www.belzona.be\/fr\/wp-content\/uploads\/sites\/4\/2022\/12\/belzona-2131-d-a-fluid-elastomer-1.jpg","datePublished":"2022-12-20T14:54:59+00:00","dateModified":"2025-12-18T08:47:45+00:00","description":"\u00c9lastom\u00e8re liquide Belzona 2131 : solution flexible et r\u00e9sistante pour le moulage, la r\u00e9paration de caoutchouc et la protection m\u00e9tal. Durabilit\u00e9 \u00e9lev\u00e9e.","breadcrumb":{"@id":"https:\/\/www.belzona.be\/fr\/product\/serie-polymeres\/belzona-2131-da-fluid-elastomer-2\/#breadcrumb"},"inLanguage":"fr-BE","potentialAction":[{"@type":"ReadAction","target":["https:\/\/www.belzona.be\/fr\/product\/serie-polymeres\/belzona-2131-da-fluid-elastomer-2\/"]}]},{"@type":"ImageObject","inLanguage":"fr-BE","@id":"https:\/\/www.belzona.be\/fr\/product\/serie-polymeres\/belzona-2131-da-fluid-elastomer-2\/#primaryimage","url":"https:\/\/www.belzona.be\/fr\/wp-content\/uploads\/sites\/4\/2022\/12\/belzona-2131-d-a-fluid-elastomer-1.jpg","contentUrl":"https:\/\/www.belzona.be\/fr\/wp-content\/uploads\/sites\/4\/2022\/12\/belzona-2131-d-a-fluid-elastomer-1.jpg","width":654,"height":654},{"@type":"BreadcrumbList","@id":"https:\/\/www.belzona.be\/fr\/product\/serie-polymeres\/belzona-2131-da-fluid-elastomer-2\/#breadcrumb","itemListElement":[{"@type":"ListItem","position":1,"name":"Accueil","item":"https:\/\/www.belzona.be\/fr\/"},{"@type":"ListItem","position":2,"name":"Produits","item":"https:\/\/www.belzona.be\/fr\/produits\/"},{"@type":"ListItem","position":3,"name":"Belzona 2131 D&#038;A Fluid Elastomer \u2013 Elastom\u00e8re liquide polyur\u00e9thane"}]},{"@type":"WebSite","@id":"https:\/\/www.belzona.be\/fr\/#website","url":"https:\/\/www.belzona.be\/fr\/","name":"Belzona Perspect Belgique FR","description":"Belzona : r\u00e9paration, protection et am\u00e9lioration des surfaces. Belzona pr\u00e9vient et r\u00e9pare l&#039;\u00e9rosion, la corrosion, l&#039;abrasion, ainsi que les d\u00e9gradations chimiques et m\u00e9caniques.","potentialAction":[{"@type":"SearchAction","target":{"@type":"EntryPoint","urlTemplate":"https:\/\/www.belzona.be\/fr\/?s={search_term_string}"},"query-input":{"@type":"PropertyValueSpecification","valueRequired":true,"valueName":"search_term_string"}}],"inLanguage":"fr-BE"}]}},"_links":{"self":[{"href":"https:\/\/www.belzona.be\/fr\/wp-json\/wp\/v2\/product\/441","targetHints":{"allow":["GET"]}}],"collection":[{"href":"https:\/\/www.belzona.be\/fr\/wp-json\/wp\/v2\/product"}],"about":[{"href":"https:\/\/www.belzona.be\/fr\/wp-json\/wp\/v2\/types\/product"}],"wp:featuredmedia":[{"embeddable":true,"href":"https:\/\/www.belzona.be\/fr\/wp-json\/wp\/v2\/media\/442"}],"wp:attachment":[{"href":"https:\/\/www.belzona.be\/fr\/wp-json\/wp\/v2\/media?parent=441"}],"wp:term":[{"taxonomy":"product_brand","embeddable":true,"href":"https:\/\/www.belzona.be\/fr\/wp-json\/wp\/v2\/product_brand?post=441"},{"taxonomy":"product_cat","embeddable":true,"href":"https:\/\/www.belzona.be\/fr\/wp-json\/wp\/v2\/product_cat?post=441"},{"taxonomy":"product_tag","embeddable":true,"href":"https:\/\/www.belzona.be\/fr\/wp-json\/wp\/v2\/product_tag?post=441"}],"curies":[{"name":"wp","href":"https:\/\/api.w.org\/{rel}","templated":true}]}}