{"id":439,"date":"2022-12-20T16:45:52","date_gmt":"2022-12-20T14:45:52","guid":{"rendered":"https:\/\/www.belzona.nl\/?post_type=product&#038;p=439"},"modified":"2025-12-18T09:47:51","modified_gmt":"2025-12-18T08:47:51","slug":"belzona-2141-acr-fluid-elastomer-2","status":"publish","type":"product","link":"https:\/\/www.belzona.be\/fr\/product\/serie-polymeres\/belzona-2141-acr-fluid-elastomer-2\/","title":{"rendered":"Belzona 2141 ACR Fluid Elastomer \u2013 Elastom\u00e8re chimique polyur\u00e9thane"},"content":{"rendered":"","protected":false},"excerpt":{"rendered":"<p data-start=\"3518\" data-end=\"3887\">Belzona 2141 ACR Fluid Elastomer est un \u00e9lastom\u00e8re chimique polyur\u00e9thane destin\u00e9 au rev\u00eatement et \u00e0 la protection de composants m\u00e9talliques et \u00e9lastom\u00e8res. Cet \u00e9lastom\u00e8re liquide offre une protection durable contre l\u2019abrasion, la cavitation, l\u2019\u00e9rosion et la corrosion. Il pr\u00e9sente une r\u00e9sistance chimique \u00e9lev\u00e9e, m\u00eame dans des environnements particuli\u00e8rement agressifs.<\/p>\n<p data-start=\"3889\" data-end=\"4239\">Facile \u00e0 m\u00e9langer et \u00e0 appliquer, Belzona 2141 ACR durcit \u00e0 temp\u00e9rature ambiante. Il adh\u00e8re durablement aux m\u00e9taux, aux alliages, aux caoutchoucs naturels et synth\u00e9tiques, \u00e0 la fibre de verre et aux composites, y compris en immersion prolong\u00e9e. Sans solvant, il offre une protection fiable contre la cavitation m\u00eame \u00e0 tr\u00e8s haute vitesse d\u2019\u00e9coulement.<\/p>\n<h3 data-start=\"4241\" data-end=\"4279\">Applications du Belzona 2141 ACR<\/h3>\n<p data-start=\"4280\" data-end=\"4462\">\u2022 tuyaux soumis \u00e0 cavitation ou abrasion<br data-start=\"4320\" data-end=\"4323\" \/>\u2022 pompes et corps de pompes<br data-start=\"4350\" data-end=\"4353\" \/>\u2022 vannes et tuy\u00e8res expos\u00e9es \u00e0 des agents chimiques<br data-start=\"4404\" data-end=\"4407\" \/>\u2022 h\u00e9lices, gouvernails et \u00e9quipements hydrodynamiques<\/p>\n<p><strong>T\u00e9l\u00e9chargements<\/strong><\/p>\n<p><a href=\"https:\/\/www.belzona.nl\/wp-content\/uploads\/sites\/4\/2022\/12\/Belzona-2141.pdf\">Belzona 2141<\/a><br \/>\n<a href=\"https:\/\/www.belzona.nl\/wp-content\/uploads\/sites\/4\/2022\/12\/Gebruiksinstructie-2141.pdf\">Mode d&#8217;emploi 2141<\/a><br \/>\n<a href=\"https:\/\/www.belzona.nl\/wp-content\/uploads\/sites\/4\/2022\/12\/Veiligheidsinformatie-Base-3.pdf\">Informations de s\u00e9curit\u00e9 Base<\/a><br \/>\n<a href=\"https:\/\/www.belzona.nl\/wp-content\/uploads\/sites\/4\/2022\/12\/Veiligheidsinformatie-Soldifier-1.pdf\">Informations de s\u00e9curit\u00e9 Soldifier<\/a><\/p>\n","protected":false},"featured_media":440,"template":"","meta":{"_acf_changed":false,"content-type":"","editor_notices":[]},"product_brand":[],"product_cat":[25],"product_tag":[],"class_list":{"0":"post-439","1":"product","2":"type-product","3":"status-publish","4":"has-post-thumbnail","6":"product_cat-serie-polymeres","8":"first","9":"instock","10":"taxable","11":"shipping-taxable","12":"product-type-simple"},"acf":[],"yoast_head":"<!-- This site is optimized with the Yoast SEO plugin v27.3 - https:\/\/yoast.com\/product\/yoast-seo-wordpress\/ -->\n<title>Belzona 2141 : \u00e9lastom\u00e8re chimique polyur\u00e9thane | Perspect BE<\/title>\n<meta name=\"description\" content=\"\u00c9lastom\u00e8re chimique Belzona 2141 : protection durable contre abrasion, cavitation et corrosion. Adh\u00e9rence \u00e9lev\u00e9e sur m\u00e9tal et caoutchouc, m\u00eame immerg\u00e9.\" \/>\n<meta name=\"robots\" content=\"index, follow, max-snippet:-1, max-image-preview:large, max-video-preview:-1\" \/>\n<link rel=\"canonical\" href=\"https:\/\/www.belzona.be\/fr\/product\/serie-polymeres\/belzona-2141-acr-fluid-elastomer-2\/\" \/>\n<meta property=\"og:locale\" content=\"fr_FR\" \/>\n<meta property=\"og:type\" content=\"article\" \/>\n<meta property=\"og:title\" content=\"Belzona 2141 : \u00e9lastom\u00e8re chimique polyur\u00e9thane | Perspect BE\" \/>\n<meta property=\"og:description\" content=\"\u00c9lastom\u00e8re chimique Belzona 2141 : protection durable contre abrasion, cavitation et corrosion. Adh\u00e9rence \u00e9lev\u00e9e sur m\u00e9tal et caoutchouc, m\u00eame immerg\u00e9.\" \/>\n<meta property=\"og:url\" content=\"https:\/\/www.belzona.be\/fr\/product\/serie-polymeres\/belzona-2141-acr-fluid-elastomer-2\/\" \/>\n<meta property=\"og:site_name\" content=\"Belzona Perspect Belgique FR\" \/>\n<meta property=\"article:modified_time\" content=\"2025-12-18T08:47:51+00:00\" \/>\n<meta property=\"og:image\" content=\"https:\/\/www.belzona.be\/fr\/wp-content\/uploads\/sites\/4\/2022\/12\/belzona-2141-acr-fluid-elastomer-1.jpg\" \/>\n\t<meta property=\"og:image:width\" content=\"654\" \/>\n\t<meta property=\"og:image:height\" content=\"654\" \/>\n\t<meta property=\"og:image:type\" content=\"image\/jpeg\" \/>\n<meta name=\"twitter:card\" content=\"summary_large_image\" \/>\n<meta name=\"twitter:label1\" content=\"Dur\u00e9e de lecture est.\" \/>\n\t<meta name=\"twitter:data1\" content=\"1 minute\" \/>\n<script type=\"application\/ld+json\" class=\"yoast-schema-graph\">{\"@context\":\"https:\\\/\\\/schema.org\",\"@graph\":[{\"@type\":\"WebPage\",\"@id\":\"https:\\\/\\\/www.belzona.be\\\/fr\\\/product\\\/serie-polymeres\\\/belzona-2141-acr-fluid-elastomer-2\\\/\",\"url\":\"https:\\\/\\\/www.belzona.be\\\/fr\\\/product\\\/serie-polymeres\\\/belzona-2141-acr-fluid-elastomer-2\\\/\",\"name\":\"Belzona 2141 : \u00e9lastom\u00e8re chimique polyur\u00e9thane | Perspect BE\",\"isPartOf\":{\"@id\":\"https:\\\/\\\/www.belzona.be\\\/fr\\\/#website\"},\"primaryImageOfPage\":{\"@id\":\"https:\\\/\\\/www.belzona.be\\\/fr\\\/product\\\/serie-polymeres\\\/belzona-2141-acr-fluid-elastomer-2\\\/#primaryimage\"},\"image\":{\"@id\":\"https:\\\/\\\/www.belzona.be\\\/fr\\\/product\\\/serie-polymeres\\\/belzona-2141-acr-fluid-elastomer-2\\\/#primaryimage\"},\"thumbnailUrl\":\"https:\\\/\\\/www.belzona.be\\\/fr\\\/wp-content\\\/uploads\\\/sites\\\/4\\\/2022\\\/12\\\/belzona-2141-acr-fluid-elastomer-1.jpg\",\"datePublished\":\"2022-12-20T14:45:52+00:00\",\"dateModified\":\"2025-12-18T08:47:51+00:00\",\"description\":\"\u00c9lastom\u00e8re chimique Belzona 2141 : protection durable contre abrasion, cavitation et corrosion. Adh\u00e9rence \u00e9lev\u00e9e sur m\u00e9tal et caoutchouc, m\u00eame immerg\u00e9.\",\"breadcrumb\":{\"@id\":\"https:\\\/\\\/www.belzona.be\\\/fr\\\/product\\\/serie-polymeres\\\/belzona-2141-acr-fluid-elastomer-2\\\/#breadcrumb\"},\"inLanguage\":\"fr-BE\",\"potentialAction\":[{\"@type\":\"ReadAction\",\"target\":[\"https:\\\/\\\/www.belzona.be\\\/fr\\\/product\\\/serie-polymeres\\\/belzona-2141-acr-fluid-elastomer-2\\\/\"]}]},{\"@type\":\"ImageObject\",\"inLanguage\":\"fr-BE\",\"@id\":\"https:\\\/\\\/www.belzona.be\\\/fr\\\/product\\\/serie-polymeres\\\/belzona-2141-acr-fluid-elastomer-2\\\/#primaryimage\",\"url\":\"https:\\\/\\\/www.belzona.be\\\/fr\\\/wp-content\\\/uploads\\\/sites\\\/4\\\/2022\\\/12\\\/belzona-2141-acr-fluid-elastomer-1.jpg\",\"contentUrl\":\"https:\\\/\\\/www.belzona.be\\\/fr\\\/wp-content\\\/uploads\\\/sites\\\/4\\\/2022\\\/12\\\/belzona-2141-acr-fluid-elastomer-1.jpg\",\"width\":654,\"height\":654},{\"@type\":\"BreadcrumbList\",\"@id\":\"https:\\\/\\\/www.belzona.be\\\/fr\\\/product\\\/serie-polymeres\\\/belzona-2141-acr-fluid-elastomer-2\\\/#breadcrumb\",\"itemListElement\":[{\"@type\":\"ListItem\",\"position\":1,\"name\":\"Accueil\",\"item\":\"https:\\\/\\\/www.belzona.be\\\/fr\\\/\"},{\"@type\":\"ListItem\",\"position\":2,\"name\":\"Produits\",\"item\":\"https:\\\/\\\/www.belzona.be\\\/fr\\\/produits\\\/\"},{\"@type\":\"ListItem\",\"position\":3,\"name\":\"Belzona 2141 ACR Fluid Elastomer \u2013 Elastom\u00e8re chimique polyur\u00e9thane\"}]},{\"@type\":\"WebSite\",\"@id\":\"https:\\\/\\\/www.belzona.be\\\/fr\\\/#website\",\"url\":\"https:\\\/\\\/www.belzona.be\\\/fr\\\/\",\"name\":\"Belzona Perspect Belgique FR\",\"description\":\"Belzona : r\u00e9paration, protection et am\u00e9lioration des surfaces. Belzona pr\u00e9vient et r\u00e9pare l&#039;\u00e9rosion, la corrosion, l&#039;abrasion, ainsi que les d\u00e9gradations chimiques et m\u00e9caniques.\",\"potentialAction\":[{\"@type\":\"SearchAction\",\"target\":{\"@type\":\"EntryPoint\",\"urlTemplate\":\"https:\\\/\\\/www.belzona.be\\\/fr\\\/?s={search_term_string}\"},\"query-input\":{\"@type\":\"PropertyValueSpecification\",\"valueRequired\":true,\"valueName\":\"search_term_string\"}}],\"inLanguage\":\"fr-BE\"}]}<\/script>\n<!-- \/ Yoast SEO plugin. -->","yoast_head_json":{"title":"Belzona 2141 : \u00e9lastom\u00e8re chimique polyur\u00e9thane | Perspect BE","description":"\u00c9lastom\u00e8re chimique Belzona 2141 : protection durable contre abrasion, cavitation et corrosion. Adh\u00e9rence \u00e9lev\u00e9e sur m\u00e9tal et caoutchouc, m\u00eame immerg\u00e9.","robots":{"index":"index","follow":"follow","max-snippet":"max-snippet:-1","max-image-preview":"max-image-preview:large","max-video-preview":"max-video-preview:-1"},"canonical":"https:\/\/www.belzona.be\/fr\/product\/serie-polymeres\/belzona-2141-acr-fluid-elastomer-2\/","og_locale":"fr_FR","og_type":"article","og_title":"Belzona 2141 : \u00e9lastom\u00e8re chimique polyur\u00e9thane | Perspect BE","og_description":"\u00c9lastom\u00e8re chimique Belzona 2141 : protection durable contre abrasion, cavitation et corrosion. Adh\u00e9rence \u00e9lev\u00e9e sur m\u00e9tal et caoutchouc, m\u00eame immerg\u00e9.","og_url":"https:\/\/www.belzona.be\/fr\/product\/serie-polymeres\/belzona-2141-acr-fluid-elastomer-2\/","og_site_name":"Belzona Perspect Belgique FR","article_modified_time":"2025-12-18T08:47:51+00:00","og_image":[{"width":654,"height":654,"url":"https:\/\/www.belzona.be\/fr\/wp-content\/uploads\/sites\/4\/2022\/12\/belzona-2141-acr-fluid-elastomer-1.jpg","type":"image\/jpeg"}],"twitter_card":"summary_large_image","twitter_misc":{"Dur\u00e9e de lecture est.":"1 minute"},"schema":{"@context":"https:\/\/schema.org","@graph":[{"@type":"WebPage","@id":"https:\/\/www.belzona.be\/fr\/product\/serie-polymeres\/belzona-2141-acr-fluid-elastomer-2\/","url":"https:\/\/www.belzona.be\/fr\/product\/serie-polymeres\/belzona-2141-acr-fluid-elastomer-2\/","name":"Belzona 2141 : \u00e9lastom\u00e8re chimique polyur\u00e9thane | Perspect BE","isPartOf":{"@id":"https:\/\/www.belzona.be\/fr\/#website"},"primaryImageOfPage":{"@id":"https:\/\/www.belzona.be\/fr\/product\/serie-polymeres\/belzona-2141-acr-fluid-elastomer-2\/#primaryimage"},"image":{"@id":"https:\/\/www.belzona.be\/fr\/product\/serie-polymeres\/belzona-2141-acr-fluid-elastomer-2\/#primaryimage"},"thumbnailUrl":"https:\/\/www.belzona.be\/fr\/wp-content\/uploads\/sites\/4\/2022\/12\/belzona-2141-acr-fluid-elastomer-1.jpg","datePublished":"2022-12-20T14:45:52+00:00","dateModified":"2025-12-18T08:47:51+00:00","description":"\u00c9lastom\u00e8re chimique Belzona 2141 : protection durable contre abrasion, cavitation et corrosion. Adh\u00e9rence \u00e9lev\u00e9e sur m\u00e9tal et caoutchouc, m\u00eame immerg\u00e9.","breadcrumb":{"@id":"https:\/\/www.belzona.be\/fr\/product\/serie-polymeres\/belzona-2141-acr-fluid-elastomer-2\/#breadcrumb"},"inLanguage":"fr-BE","potentialAction":[{"@type":"ReadAction","target":["https:\/\/www.belzona.be\/fr\/product\/serie-polymeres\/belzona-2141-acr-fluid-elastomer-2\/"]}]},{"@type":"ImageObject","inLanguage":"fr-BE","@id":"https:\/\/www.belzona.be\/fr\/product\/serie-polymeres\/belzona-2141-acr-fluid-elastomer-2\/#primaryimage","url":"https:\/\/www.belzona.be\/fr\/wp-content\/uploads\/sites\/4\/2022\/12\/belzona-2141-acr-fluid-elastomer-1.jpg","contentUrl":"https:\/\/www.belzona.be\/fr\/wp-content\/uploads\/sites\/4\/2022\/12\/belzona-2141-acr-fluid-elastomer-1.jpg","width":654,"height":654},{"@type":"BreadcrumbList","@id":"https:\/\/www.belzona.be\/fr\/product\/serie-polymeres\/belzona-2141-acr-fluid-elastomer-2\/#breadcrumb","itemListElement":[{"@type":"ListItem","position":1,"name":"Accueil","item":"https:\/\/www.belzona.be\/fr\/"},{"@type":"ListItem","position":2,"name":"Produits","item":"https:\/\/www.belzona.be\/fr\/produits\/"},{"@type":"ListItem","position":3,"name":"Belzona 2141 ACR Fluid Elastomer \u2013 Elastom\u00e8re chimique polyur\u00e9thane"}]},{"@type":"WebSite","@id":"https:\/\/www.belzona.be\/fr\/#website","url":"https:\/\/www.belzona.be\/fr\/","name":"Belzona Perspect Belgique FR","description":"Belzona : r\u00e9paration, protection et am\u00e9lioration des surfaces. Belzona pr\u00e9vient et r\u00e9pare l&#039;\u00e9rosion, la corrosion, l&#039;abrasion, ainsi que les d\u00e9gradations chimiques et m\u00e9caniques.","potentialAction":[{"@type":"SearchAction","target":{"@type":"EntryPoint","urlTemplate":"https:\/\/www.belzona.be\/fr\/?s={search_term_string}"},"query-input":{"@type":"PropertyValueSpecification","valueRequired":true,"valueName":"search_term_string"}}],"inLanguage":"fr-BE"}]}},"_links":{"self":[{"href":"https:\/\/www.belzona.be\/fr\/wp-json\/wp\/v2\/product\/439","targetHints":{"allow":["GET"]}}],"collection":[{"href":"https:\/\/www.belzona.be\/fr\/wp-json\/wp\/v2\/product"}],"about":[{"href":"https:\/\/www.belzona.be\/fr\/wp-json\/wp\/v2\/types\/product"}],"wp:featuredmedia":[{"embeddable":true,"href":"https:\/\/www.belzona.be\/fr\/wp-json\/wp\/v2\/media\/440"}],"wp:attachment":[{"href":"https:\/\/www.belzona.be\/fr\/wp-json\/wp\/v2\/media?parent=439"}],"wp:term":[{"taxonomy":"product_brand","embeddable":true,"href":"https:\/\/www.belzona.be\/fr\/wp-json\/wp\/v2\/product_brand?post=439"},{"taxonomy":"product_cat","embeddable":true,"href":"https:\/\/www.belzona.be\/fr\/wp-json\/wp\/v2\/product_cat?post=439"},{"taxonomy":"product_tag","embeddable":true,"href":"https:\/\/www.belzona.be\/fr\/wp-json\/wp\/v2\/product_tag?post=439"}],"curies":[{"name":"wp","href":"https:\/\/api.w.org\/{rel}","templated":true}]}}