{"id":437,"date":"2022-12-20T16:42:08","date_gmt":"2022-12-20T14:42:08","guid":{"rendered":"https:\/\/www.belzona.nl\/?post_type=product&#038;p=437"},"modified":"2025-12-18T09:47:52","modified_gmt":"2025-12-18T08:47:52","slug":"belzona-2211-mp-hi-build-elastomer-2","status":"publish","type":"product","link":"https:\/\/www.belzona.be\/fr\/product\/serie-polymeres\/belzona-2211-mp-hi-build-elastomer-2\/","title":{"rendered":"Belzona 2211 MP Hi-Build Elastomer \u2013 Elastom\u00e8re haute \u00e9paisseur"},"content":{"rendered":"","protected":false},"excerpt":{"rendered":"<p data-start=\"3966\" data-end=\"4226\">Belzona 2211 MP Hi-Build Elastomer est con\u00e7u pour la r\u00e9paration, la reconstruction et le rev\u00eatement de composants en caoutchouc et en m\u00e9tal. Il s\u2019agit d\u2019un elastomere haute epaisseur flexible, con\u00e7u pour des r\u00e9parations durables et facile \u00e0 appliquer sur site.<\/p>\n<p data-start=\"4228\" data-end=\"4449\">Il adh\u00e8re \u00e0 une large gamme de substrats, notamment aux \u00e9lastom\u00e8res (caoutchouc, nitrile, n\u00e9opr\u00e8ne, SBR), aux plastiques (polyur\u00e9thane, PVC), ainsi qu\u2019aux m\u00e9taux et mat\u00e9riaux min\u00e9raux comme l\u2019acier, le cuivre et le b\u00e9ton.<\/p>\n<p data-start=\"4451\" data-end=\"4810\">Formul\u00e9 sans solvant, Belzona 2211 MP Hi-Build Elastomer peut \u00eatre \u00e9tir\u00e9 jusqu\u2019\u00e0 700 %, ce qui lui permet d\u2019absorber efficacement les d\u00e9formations et mouvements des supports. Le mat\u00e9riau est tr\u00e8s durable, conserve une grande flexibilit\u00e9 et offre une protection durable contre la corrosion et l\u2019\u00e9rosion, y compris dans des environnements industriels exigeants.<\/p>\n<p data-start=\"4812\" data-end=\"4933\">Belzona 2211 MP Hi-Build Elastomer durcit \u00e0 temp\u00e9rature ambiante et pr\u00e9sente une bonne r\u00e9sistance \u00e9lectrique et chimique.<\/p>\n<p><strong>T\u00e9l\u00e9chargements<\/strong><\/p>\n<p><a href=\"https:\/\/www.belzona.nl\/wp-content\/uploads\/sites\/4\/2022\/12\/Belzona-2211.pdf\">Belzona 2211<\/a><br \/>\n<a href=\"https:\/\/www.belzona.nl\/wp-content\/uploads\/sites\/4\/2022\/12\/Gebruiksinstructie-2211.pdf\">Mode d&#8217;emploi 2211<\/a><br \/>\n<a href=\"https:\/\/www.belzona.nl\/wp-content\/uploads\/sites\/4\/2022\/12\/Veiligheidsinformatie-Base-4.pdf\">Informations de s\u00e9curit\u00e9 Base<\/a><br \/>\n<a href=\"https:\/\/www.belzona.nl\/wp-content\/uploads\/sites\/4\/2022\/12\/Veiligheidsinformatie-Solidifier-2.pdf\">Informations de s\u00e9curit\u00e9 Solidifiant<\/a><\/p>\n","protected":false},"featured_media":438,"template":"","meta":{"_acf_changed":false,"content-type":"","editor_notices":[]},"product_brand":[],"product_cat":[25],"product_tag":[],"class_list":{"0":"post-437","1":"product","2":"type-product","3":"status-publish","4":"has-post-thumbnail","6":"product_cat-serie-polymeres","8":"first","9":"instock","10":"taxable","11":"shipping-taxable","12":"product-type-simple"},"acf":[],"yoast_head":"<!-- This site is optimized with the Yoast SEO plugin v27.3 - https:\/\/yoast.com\/product\/yoast-seo-wordpress\/ -->\n<title>Belzona 2211 MP : \u00e9lastom\u00e8re haute \u00e9paisseur | Perspect BE<\/title>\n<meta name=\"description\" content=\"Belzona 2211 MP est un \u00e9lastom\u00e8re haute \u00e9paisseur flexible pour la r\u00e9paration du caoutchouc et du m\u00e9tal, avec une \u00e9longation jusqu\u2019\u00e0 700 %.\" \/>\n<meta name=\"robots\" content=\"index, follow, max-snippet:-1, max-image-preview:large, max-video-preview:-1\" \/>\n<link rel=\"canonical\" href=\"https:\/\/www.belzona.be\/fr\/product\/serie-polymeres\/belzona-2211-mp-hi-build-elastomer-2\/\" \/>\n<meta property=\"og:locale\" content=\"fr_FR\" \/>\n<meta property=\"og:type\" content=\"article\" \/>\n<meta property=\"og:title\" content=\"Belzona 2211 MP : \u00e9lastom\u00e8re haute \u00e9paisseur | Perspect BE\" \/>\n<meta property=\"og:description\" content=\"Belzona 2211 MP est un \u00e9lastom\u00e8re haute \u00e9paisseur flexible pour la r\u00e9paration du caoutchouc et du m\u00e9tal, avec une \u00e9longation jusqu\u2019\u00e0 700 %.\" \/>\n<meta property=\"og:url\" content=\"https:\/\/www.belzona.be\/fr\/product\/serie-polymeres\/belzona-2211-mp-hi-build-elastomer-2\/\" \/>\n<meta property=\"og:site_name\" content=\"Belzona Perspect Belgique FR\" \/>\n<meta property=\"article:modified_time\" content=\"2025-12-18T08:47:52+00:00\" \/>\n<meta property=\"og:image\" content=\"https:\/\/www.belzona.be\/fr\/wp-content\/uploads\/sites\/4\/2022\/12\/belzona-2211-mp-hi-build-elastomer-1.jpg\" \/>\n\t<meta property=\"og:image:width\" content=\"674\" \/>\n\t<meta property=\"og:image:height\" content=\"674\" \/>\n\t<meta property=\"og:image:type\" content=\"image\/jpeg\" \/>\n<meta name=\"twitter:card\" content=\"summary_large_image\" \/>\n<meta name=\"twitter:label1\" content=\"Dur\u00e9e de lecture est.\" \/>\n\t<meta name=\"twitter:data1\" content=\"1 minute\" \/>\n<script type=\"application\/ld+json\" class=\"yoast-schema-graph\">{\"@context\":\"https:\\\/\\\/schema.org\",\"@graph\":[{\"@type\":\"WebPage\",\"@id\":\"https:\\\/\\\/www.belzona.be\\\/fr\\\/product\\\/serie-polymeres\\\/belzona-2211-mp-hi-build-elastomer-2\\\/\",\"url\":\"https:\\\/\\\/www.belzona.be\\\/fr\\\/product\\\/serie-polymeres\\\/belzona-2211-mp-hi-build-elastomer-2\\\/\",\"name\":\"Belzona 2211 MP : \u00e9lastom\u00e8re haute \u00e9paisseur | Perspect BE\",\"isPartOf\":{\"@id\":\"https:\\\/\\\/www.belzona.be\\\/fr\\\/#website\"},\"primaryImageOfPage\":{\"@id\":\"https:\\\/\\\/www.belzona.be\\\/fr\\\/product\\\/serie-polymeres\\\/belzona-2211-mp-hi-build-elastomer-2\\\/#primaryimage\"},\"image\":{\"@id\":\"https:\\\/\\\/www.belzona.be\\\/fr\\\/product\\\/serie-polymeres\\\/belzona-2211-mp-hi-build-elastomer-2\\\/#primaryimage\"},\"thumbnailUrl\":\"https:\\\/\\\/www.belzona.be\\\/fr\\\/wp-content\\\/uploads\\\/sites\\\/4\\\/2022\\\/12\\\/belzona-2211-mp-hi-build-elastomer-1.jpg\",\"datePublished\":\"2022-12-20T14:42:08+00:00\",\"dateModified\":\"2025-12-18T08:47:52+00:00\",\"description\":\"Belzona 2211 MP est un \u00e9lastom\u00e8re haute \u00e9paisseur flexible pour la r\u00e9paration du caoutchouc et du m\u00e9tal, avec une \u00e9longation jusqu\u2019\u00e0 700 %.\",\"breadcrumb\":{\"@id\":\"https:\\\/\\\/www.belzona.be\\\/fr\\\/product\\\/serie-polymeres\\\/belzona-2211-mp-hi-build-elastomer-2\\\/#breadcrumb\"},\"inLanguage\":\"fr-BE\",\"potentialAction\":[{\"@type\":\"ReadAction\",\"target\":[\"https:\\\/\\\/www.belzona.be\\\/fr\\\/product\\\/serie-polymeres\\\/belzona-2211-mp-hi-build-elastomer-2\\\/\"]}]},{\"@type\":\"ImageObject\",\"inLanguage\":\"fr-BE\",\"@id\":\"https:\\\/\\\/www.belzona.be\\\/fr\\\/product\\\/serie-polymeres\\\/belzona-2211-mp-hi-build-elastomer-2\\\/#primaryimage\",\"url\":\"https:\\\/\\\/www.belzona.be\\\/fr\\\/wp-content\\\/uploads\\\/sites\\\/4\\\/2022\\\/12\\\/belzona-2211-mp-hi-build-elastomer-1.jpg\",\"contentUrl\":\"https:\\\/\\\/www.belzona.be\\\/fr\\\/wp-content\\\/uploads\\\/sites\\\/4\\\/2022\\\/12\\\/belzona-2211-mp-hi-build-elastomer-1.jpg\",\"width\":674,\"height\":674},{\"@type\":\"BreadcrumbList\",\"@id\":\"https:\\\/\\\/www.belzona.be\\\/fr\\\/product\\\/serie-polymeres\\\/belzona-2211-mp-hi-build-elastomer-2\\\/#breadcrumb\",\"itemListElement\":[{\"@type\":\"ListItem\",\"position\":1,\"name\":\"Accueil\",\"item\":\"https:\\\/\\\/www.belzona.be\\\/fr\\\/\"},{\"@type\":\"ListItem\",\"position\":2,\"name\":\"Produits\",\"item\":\"https:\\\/\\\/www.belzona.be\\\/fr\\\/produits\\\/\"},{\"@type\":\"ListItem\",\"position\":3,\"name\":\"Belzona 2211 MP Hi-Build Elastomer \u2013 Elastom\u00e8re haute \u00e9paisseur\"}]},{\"@type\":\"WebSite\",\"@id\":\"https:\\\/\\\/www.belzona.be\\\/fr\\\/#website\",\"url\":\"https:\\\/\\\/www.belzona.be\\\/fr\\\/\",\"name\":\"Belzona Perspect Belgique FR\",\"description\":\"Belzona : r\u00e9paration, protection et am\u00e9lioration des surfaces. Belzona pr\u00e9vient et r\u00e9pare l&#039;\u00e9rosion, la corrosion, l&#039;abrasion, ainsi que les d\u00e9gradations chimiques et m\u00e9caniques.\",\"potentialAction\":[{\"@type\":\"SearchAction\",\"target\":{\"@type\":\"EntryPoint\",\"urlTemplate\":\"https:\\\/\\\/www.belzona.be\\\/fr\\\/?s={search_term_string}\"},\"query-input\":{\"@type\":\"PropertyValueSpecification\",\"valueRequired\":true,\"valueName\":\"search_term_string\"}}],\"inLanguage\":\"fr-BE\"}]}<\/script>\n<!-- \/ Yoast SEO plugin. -->","yoast_head_json":{"title":"Belzona 2211 MP : \u00e9lastom\u00e8re haute \u00e9paisseur | Perspect BE","description":"Belzona 2211 MP est un \u00e9lastom\u00e8re haute \u00e9paisseur flexible pour la r\u00e9paration du caoutchouc et du m\u00e9tal, avec une \u00e9longation jusqu\u2019\u00e0 700 %.","robots":{"index":"index","follow":"follow","max-snippet":"max-snippet:-1","max-image-preview":"max-image-preview:large","max-video-preview":"max-video-preview:-1"},"canonical":"https:\/\/www.belzona.be\/fr\/product\/serie-polymeres\/belzona-2211-mp-hi-build-elastomer-2\/","og_locale":"fr_FR","og_type":"article","og_title":"Belzona 2211 MP : \u00e9lastom\u00e8re haute \u00e9paisseur | Perspect BE","og_description":"Belzona 2211 MP est un \u00e9lastom\u00e8re haute \u00e9paisseur flexible pour la r\u00e9paration du caoutchouc et du m\u00e9tal, avec une \u00e9longation jusqu\u2019\u00e0 700 %.","og_url":"https:\/\/www.belzona.be\/fr\/product\/serie-polymeres\/belzona-2211-mp-hi-build-elastomer-2\/","og_site_name":"Belzona Perspect Belgique FR","article_modified_time":"2025-12-18T08:47:52+00:00","og_image":[{"width":674,"height":674,"url":"https:\/\/www.belzona.be\/fr\/wp-content\/uploads\/sites\/4\/2022\/12\/belzona-2211-mp-hi-build-elastomer-1.jpg","type":"image\/jpeg"}],"twitter_card":"summary_large_image","twitter_misc":{"Dur\u00e9e de lecture est.":"1 minute"},"schema":{"@context":"https:\/\/schema.org","@graph":[{"@type":"WebPage","@id":"https:\/\/www.belzona.be\/fr\/product\/serie-polymeres\/belzona-2211-mp-hi-build-elastomer-2\/","url":"https:\/\/www.belzona.be\/fr\/product\/serie-polymeres\/belzona-2211-mp-hi-build-elastomer-2\/","name":"Belzona 2211 MP : \u00e9lastom\u00e8re haute \u00e9paisseur | Perspect BE","isPartOf":{"@id":"https:\/\/www.belzona.be\/fr\/#website"},"primaryImageOfPage":{"@id":"https:\/\/www.belzona.be\/fr\/product\/serie-polymeres\/belzona-2211-mp-hi-build-elastomer-2\/#primaryimage"},"image":{"@id":"https:\/\/www.belzona.be\/fr\/product\/serie-polymeres\/belzona-2211-mp-hi-build-elastomer-2\/#primaryimage"},"thumbnailUrl":"https:\/\/www.belzona.be\/fr\/wp-content\/uploads\/sites\/4\/2022\/12\/belzona-2211-mp-hi-build-elastomer-1.jpg","datePublished":"2022-12-20T14:42:08+00:00","dateModified":"2025-12-18T08:47:52+00:00","description":"Belzona 2211 MP est un \u00e9lastom\u00e8re haute \u00e9paisseur flexible pour la r\u00e9paration du caoutchouc et du m\u00e9tal, avec une \u00e9longation jusqu\u2019\u00e0 700 %.","breadcrumb":{"@id":"https:\/\/www.belzona.be\/fr\/product\/serie-polymeres\/belzona-2211-mp-hi-build-elastomer-2\/#breadcrumb"},"inLanguage":"fr-BE","potentialAction":[{"@type":"ReadAction","target":["https:\/\/www.belzona.be\/fr\/product\/serie-polymeres\/belzona-2211-mp-hi-build-elastomer-2\/"]}]},{"@type":"ImageObject","inLanguage":"fr-BE","@id":"https:\/\/www.belzona.be\/fr\/product\/serie-polymeres\/belzona-2211-mp-hi-build-elastomer-2\/#primaryimage","url":"https:\/\/www.belzona.be\/fr\/wp-content\/uploads\/sites\/4\/2022\/12\/belzona-2211-mp-hi-build-elastomer-1.jpg","contentUrl":"https:\/\/www.belzona.be\/fr\/wp-content\/uploads\/sites\/4\/2022\/12\/belzona-2211-mp-hi-build-elastomer-1.jpg","width":674,"height":674},{"@type":"BreadcrumbList","@id":"https:\/\/www.belzona.be\/fr\/product\/serie-polymeres\/belzona-2211-mp-hi-build-elastomer-2\/#breadcrumb","itemListElement":[{"@type":"ListItem","position":1,"name":"Accueil","item":"https:\/\/www.belzona.be\/fr\/"},{"@type":"ListItem","position":2,"name":"Produits","item":"https:\/\/www.belzona.be\/fr\/produits\/"},{"@type":"ListItem","position":3,"name":"Belzona 2211 MP Hi-Build Elastomer \u2013 Elastom\u00e8re haute \u00e9paisseur"}]},{"@type":"WebSite","@id":"https:\/\/www.belzona.be\/fr\/#website","url":"https:\/\/www.belzona.be\/fr\/","name":"Belzona Perspect Belgique FR","description":"Belzona : r\u00e9paration, protection et am\u00e9lioration des surfaces. Belzona pr\u00e9vient et r\u00e9pare l&#039;\u00e9rosion, la corrosion, l&#039;abrasion, ainsi que les d\u00e9gradations chimiques et m\u00e9caniques.","potentialAction":[{"@type":"SearchAction","target":{"@type":"EntryPoint","urlTemplate":"https:\/\/www.belzona.be\/fr\/?s={search_term_string}"},"query-input":{"@type":"PropertyValueSpecification","valueRequired":true,"valueName":"search_term_string"}}],"inLanguage":"fr-BE"}]}},"_links":{"self":[{"href":"https:\/\/www.belzona.be\/fr\/wp-json\/wp\/v2\/product\/437","targetHints":{"allow":["GET"]}}],"collection":[{"href":"https:\/\/www.belzona.be\/fr\/wp-json\/wp\/v2\/product"}],"about":[{"href":"https:\/\/www.belzona.be\/fr\/wp-json\/wp\/v2\/types\/product"}],"wp:featuredmedia":[{"embeddable":true,"href":"https:\/\/www.belzona.be\/fr\/wp-json\/wp\/v2\/media\/438"}],"wp:attachment":[{"href":"https:\/\/www.belzona.be\/fr\/wp-json\/wp\/v2\/media?parent=437"}],"wp:term":[{"taxonomy":"product_brand","embeddable":true,"href":"https:\/\/www.belzona.be\/fr\/wp-json\/wp\/v2\/product_brand?post=437"},{"taxonomy":"product_cat","embeddable":true,"href":"https:\/\/www.belzona.be\/fr\/wp-json\/wp\/v2\/product_cat?post=437"},{"taxonomy":"product_tag","embeddable":true,"href":"https:\/\/www.belzona.be\/fr\/wp-json\/wp\/v2\/product_tag?post=437"}],"curies":[{"name":"wp","href":"https:\/\/api.w.org\/{rel}","templated":true}]}}