{"id":435,"date":"2022-12-20T16:38:54","date_gmt":"2022-12-20T14:38:54","guid":{"rendered":"https:\/\/www.belzona.nl\/?post_type=product&#038;p=435"},"modified":"2025-12-18T09:47:54","modified_gmt":"2025-12-18T08:47:54","slug":"belzona-2221-mp-fluid-elastomer-2","status":"publish","type":"product","link":"https:\/\/www.belzona.be\/fr\/product\/serie-polymeres\/belzona-2221-mp-fluid-elastomer-2\/","title":{"rendered":"Belzona 2221 MP Fluid Elastomer \u2013 Elastom\u00e8re liquide"},"content":{"rendered":"","protected":false},"excerpt":{"rendered":"<p data-start=\"3693\" data-end=\"3970\">Belzona 2221 MP Fluid Elastomer est un \u00e9lastom\u00e8re liquide polyur\u00e9thane flexible et r\u00e9sistant, con\u00e7u pour la r\u00e9paration et le rev\u00eatement de composants en caoutchouc et en m\u00e9tal, ainsi que pour le moulage de nouveaux composants. Il s\u2019applique facilement au pinceau ou par coul\u00e9e.<\/p>\n<p data-start=\"3972\" data-end=\"4193\">Il adh\u00e8re \u00e0 une large gamme de substrats, notamment aux \u00e9lastom\u00e8res (caoutchouc, nitrile, n\u00e9opr\u00e8ne, SBR), aux plastiques (polyur\u00e9thane, PVC), ainsi qu\u2019aux m\u00e9taux et mat\u00e9riaux min\u00e9raux comme l\u2019acier, le cuivre et le b\u00e9ton.<\/p>\n<h3 data-start=\"4195\" data-end=\"4244\">Protection contre l\u2019\u00e9rosion et la corrosion<\/h3>\n<p data-start=\"4245\" data-end=\"4561\">Formul\u00e9 sans solvant, l\u2019\u00e9lastom\u00e8re liquide Belzona 2221 MP peut \u00eatre \u00e9tir\u00e9 jusqu\u2019\u00e0 700 %. Il pr\u00e9sente \u00e9galement une bonne r\u00e9sistance \u00e9lectrique et chimique. Adapt\u00e9 aux applications par coul\u00e9e, il assure une protection durable contre l\u2019\u00e9rosion et la corrosion, y compris dans des environnements industriels exigeants.<\/p>\n<p data-start=\"4563\" data-end=\"4828\">L\u2019\u00e9lastom\u00e8re liquide Belzona 2221 MP peut \u00eatre appliqu\u00e9 pour :<br data-start=\"4625\" data-end=\"4628\" \/>\u2022 r\u00e9parations polyvalentes de composants en caoutchouc<br data-start=\"4682\" data-end=\"4685\" \/>\u2022 joints de dilatation horizontaux<br data-start=\"4719\" data-end=\"4722\" \/>\u2022 moules flexibles de coul\u00e9e<br data-start=\"4750\" data-end=\"4753\" \/>\u2022 membranes<br data-start=\"4764\" data-end=\"4767\" \/>\u2022 joints de coul\u00e9e<br data-start=\"4785\" data-end=\"4788\" \/>\u2022 protection de fils et c\u00e2bles expos\u00e9s<\/p>\n<p><strong><br \/>\nT\u00e9l\u00e9chargements<\/strong><\/p>\n<p><a href=\"https:\/\/www.belzona.nl\/wp-content\/uploads\/sites\/4\/2022\/12\/Belzona-2221.pdf\">Belzona 2221<\/a><br \/>\n<a href=\"https:\/\/www.belzona.nl\/wp-content\/uploads\/sites\/4\/2022\/12\/Gebruiksinformatie-2221.pdf\">Information d&rsquo;utilisation 2221<\/a><br \/>\n<a href=\"https:\/\/www.belzona.nl\/wp-content\/uploads\/sites\/4\/2022\/12\/Veiligheidsinformatie-Base-5.pdf\">Informations de s\u00e9curit\u00e9 Base<\/a><br \/>\n<a href=\"https:\/\/www.belzona.nl\/wp-content\/uploads\/sites\/4\/2022\/12\/Veiligheidsinformatie-Soldifier-2.pdf\">Informations de s\u00e9curit\u00e9 Soldifier<\/a><\/p>\n","protected":false},"featured_media":436,"template":"","meta":{"_acf_changed":false,"content-type":"","editor_notices":[]},"product_brand":[],"product_cat":[25],"product_tag":[],"class_list":{"0":"post-435","1":"product","2":"type-product","3":"status-publish","4":"has-post-thumbnail","6":"product_cat-serie-polymeres","8":"first","9":"instock","10":"taxable","11":"shipping-taxable","12":"product-type-simple"},"acf":[],"yoast_head":"<!-- This site is optimized with the Yoast SEO plugin v27.3 - https:\/\/yoast.com\/product\/yoast-seo-wordpress\/ -->\n<title>Belzona 2221 MP : \u00e9lastom\u00e8re liquide polyur\u00e9thane | Perspect BE<\/title>\n<meta name=\"description\" content=\"Belzona 2221 MP est un \u00e9lastom\u00e8re liquide flexible pour la r\u00e9paration, le rev\u00eatement et la coul\u00e9e de composants en caoutchouc et m\u00e9tal.\" \/>\n<meta name=\"robots\" content=\"index, follow, max-snippet:-1, max-image-preview:large, max-video-preview:-1\" \/>\n<link rel=\"canonical\" href=\"https:\/\/www.belzona.be\/fr\/product\/serie-polymeres\/belzona-2221-mp-fluid-elastomer-2\/\" \/>\n<meta property=\"og:locale\" content=\"fr_FR\" \/>\n<meta property=\"og:type\" content=\"article\" \/>\n<meta property=\"og:title\" content=\"Belzona 2221 MP : \u00e9lastom\u00e8re liquide polyur\u00e9thane | Perspect BE\" \/>\n<meta property=\"og:description\" content=\"Belzona 2221 MP est un \u00e9lastom\u00e8re liquide flexible pour la r\u00e9paration, le rev\u00eatement et la coul\u00e9e de composants en caoutchouc et m\u00e9tal.\" \/>\n<meta property=\"og:url\" content=\"https:\/\/www.belzona.be\/fr\/product\/serie-polymeres\/belzona-2221-mp-fluid-elastomer-2\/\" \/>\n<meta property=\"og:site_name\" content=\"Belzona Perspect Belgique FR\" \/>\n<meta property=\"article:modified_time\" content=\"2025-12-18T08:47:54+00:00\" \/>\n<meta property=\"og:image\" content=\"https:\/\/www.belzona.be\/fr\/wp-content\/uploads\/sites\/4\/2022\/12\/belzona-2221-mp-fluid-elastomer-1.jpg\" \/>\n\t<meta property=\"og:image:width\" content=\"667\" \/>\n\t<meta property=\"og:image:height\" content=\"667\" \/>\n\t<meta property=\"og:image:type\" content=\"image\/jpeg\" \/>\n<meta name=\"twitter:card\" content=\"summary_large_image\" \/>\n<meta name=\"twitter:label1\" content=\"Dur\u00e9e de lecture est.\" \/>\n\t<meta name=\"twitter:data1\" content=\"1 minute\" \/>\n<script type=\"application\/ld+json\" class=\"yoast-schema-graph\">{\"@context\":\"https:\\\/\\\/schema.org\",\"@graph\":[{\"@type\":\"WebPage\",\"@id\":\"https:\\\/\\\/www.belzona.be\\\/fr\\\/product\\\/serie-polymeres\\\/belzona-2221-mp-fluid-elastomer-2\\\/\",\"url\":\"https:\\\/\\\/www.belzona.be\\\/fr\\\/product\\\/serie-polymeres\\\/belzona-2221-mp-fluid-elastomer-2\\\/\",\"name\":\"Belzona 2221 MP : \u00e9lastom\u00e8re liquide polyur\u00e9thane | Perspect BE\",\"isPartOf\":{\"@id\":\"https:\\\/\\\/www.belzona.be\\\/fr\\\/#website\"},\"primaryImageOfPage\":{\"@id\":\"https:\\\/\\\/www.belzona.be\\\/fr\\\/product\\\/serie-polymeres\\\/belzona-2221-mp-fluid-elastomer-2\\\/#primaryimage\"},\"image\":{\"@id\":\"https:\\\/\\\/www.belzona.be\\\/fr\\\/product\\\/serie-polymeres\\\/belzona-2221-mp-fluid-elastomer-2\\\/#primaryimage\"},\"thumbnailUrl\":\"https:\\\/\\\/www.belzona.be\\\/fr\\\/wp-content\\\/uploads\\\/sites\\\/4\\\/2022\\\/12\\\/belzona-2221-mp-fluid-elastomer-1.jpg\",\"datePublished\":\"2022-12-20T14:38:54+00:00\",\"dateModified\":\"2025-12-18T08:47:54+00:00\",\"description\":\"Belzona 2221 MP est un \u00e9lastom\u00e8re liquide flexible pour la r\u00e9paration, le rev\u00eatement et la coul\u00e9e de composants en caoutchouc et m\u00e9tal.\",\"breadcrumb\":{\"@id\":\"https:\\\/\\\/www.belzona.be\\\/fr\\\/product\\\/serie-polymeres\\\/belzona-2221-mp-fluid-elastomer-2\\\/#breadcrumb\"},\"inLanguage\":\"fr-BE\",\"potentialAction\":[{\"@type\":\"ReadAction\",\"target\":[\"https:\\\/\\\/www.belzona.be\\\/fr\\\/product\\\/serie-polymeres\\\/belzona-2221-mp-fluid-elastomer-2\\\/\"]}]},{\"@type\":\"ImageObject\",\"inLanguage\":\"fr-BE\",\"@id\":\"https:\\\/\\\/www.belzona.be\\\/fr\\\/product\\\/serie-polymeres\\\/belzona-2221-mp-fluid-elastomer-2\\\/#primaryimage\",\"url\":\"https:\\\/\\\/www.belzona.be\\\/fr\\\/wp-content\\\/uploads\\\/sites\\\/4\\\/2022\\\/12\\\/belzona-2221-mp-fluid-elastomer-1.jpg\",\"contentUrl\":\"https:\\\/\\\/www.belzona.be\\\/fr\\\/wp-content\\\/uploads\\\/sites\\\/4\\\/2022\\\/12\\\/belzona-2221-mp-fluid-elastomer-1.jpg\",\"width\":667,\"height\":667},{\"@type\":\"BreadcrumbList\",\"@id\":\"https:\\\/\\\/www.belzona.be\\\/fr\\\/product\\\/serie-polymeres\\\/belzona-2221-mp-fluid-elastomer-2\\\/#breadcrumb\",\"itemListElement\":[{\"@type\":\"ListItem\",\"position\":1,\"name\":\"Accueil\",\"item\":\"https:\\\/\\\/www.belzona.be\\\/fr\\\/\"},{\"@type\":\"ListItem\",\"position\":2,\"name\":\"Produits\",\"item\":\"https:\\\/\\\/www.belzona.be\\\/fr\\\/produits\\\/\"},{\"@type\":\"ListItem\",\"position\":3,\"name\":\"Belzona 2221 MP Fluid Elastomer \u2013 Elastom\u00e8re liquide\"}]},{\"@type\":\"WebSite\",\"@id\":\"https:\\\/\\\/www.belzona.be\\\/fr\\\/#website\",\"url\":\"https:\\\/\\\/www.belzona.be\\\/fr\\\/\",\"name\":\"Belzona Perspect Belgique FR\",\"description\":\"Belzona : r\u00e9paration, protection et am\u00e9lioration des surfaces. Belzona pr\u00e9vient et r\u00e9pare l&#039;\u00e9rosion, la corrosion, l&#039;abrasion, ainsi que les d\u00e9gradations chimiques et m\u00e9caniques.\",\"potentialAction\":[{\"@type\":\"SearchAction\",\"target\":{\"@type\":\"EntryPoint\",\"urlTemplate\":\"https:\\\/\\\/www.belzona.be\\\/fr\\\/?s={search_term_string}\"},\"query-input\":{\"@type\":\"PropertyValueSpecification\",\"valueRequired\":true,\"valueName\":\"search_term_string\"}}],\"inLanguage\":\"fr-BE\"}]}<\/script>\n<!-- \/ Yoast SEO plugin. -->","yoast_head_json":{"title":"Belzona 2221 MP : \u00e9lastom\u00e8re liquide polyur\u00e9thane | Perspect BE","description":"Belzona 2221 MP est un \u00e9lastom\u00e8re liquide flexible pour la r\u00e9paration, le rev\u00eatement et la coul\u00e9e de composants en caoutchouc et m\u00e9tal.","robots":{"index":"index","follow":"follow","max-snippet":"max-snippet:-1","max-image-preview":"max-image-preview:large","max-video-preview":"max-video-preview:-1"},"canonical":"https:\/\/www.belzona.be\/fr\/product\/serie-polymeres\/belzona-2221-mp-fluid-elastomer-2\/","og_locale":"fr_FR","og_type":"article","og_title":"Belzona 2221 MP : \u00e9lastom\u00e8re liquide polyur\u00e9thane | Perspect BE","og_description":"Belzona 2221 MP est un \u00e9lastom\u00e8re liquide flexible pour la r\u00e9paration, le rev\u00eatement et la coul\u00e9e de composants en caoutchouc et m\u00e9tal.","og_url":"https:\/\/www.belzona.be\/fr\/product\/serie-polymeres\/belzona-2221-mp-fluid-elastomer-2\/","og_site_name":"Belzona Perspect Belgique FR","article_modified_time":"2025-12-18T08:47:54+00:00","og_image":[{"width":667,"height":667,"url":"https:\/\/www.belzona.be\/fr\/wp-content\/uploads\/sites\/4\/2022\/12\/belzona-2221-mp-fluid-elastomer-1.jpg","type":"image\/jpeg"}],"twitter_card":"summary_large_image","twitter_misc":{"Dur\u00e9e de lecture est.":"1 minute"},"schema":{"@context":"https:\/\/schema.org","@graph":[{"@type":"WebPage","@id":"https:\/\/www.belzona.be\/fr\/product\/serie-polymeres\/belzona-2221-mp-fluid-elastomer-2\/","url":"https:\/\/www.belzona.be\/fr\/product\/serie-polymeres\/belzona-2221-mp-fluid-elastomer-2\/","name":"Belzona 2221 MP : \u00e9lastom\u00e8re liquide polyur\u00e9thane | Perspect BE","isPartOf":{"@id":"https:\/\/www.belzona.be\/fr\/#website"},"primaryImageOfPage":{"@id":"https:\/\/www.belzona.be\/fr\/product\/serie-polymeres\/belzona-2221-mp-fluid-elastomer-2\/#primaryimage"},"image":{"@id":"https:\/\/www.belzona.be\/fr\/product\/serie-polymeres\/belzona-2221-mp-fluid-elastomer-2\/#primaryimage"},"thumbnailUrl":"https:\/\/www.belzona.be\/fr\/wp-content\/uploads\/sites\/4\/2022\/12\/belzona-2221-mp-fluid-elastomer-1.jpg","datePublished":"2022-12-20T14:38:54+00:00","dateModified":"2025-12-18T08:47:54+00:00","description":"Belzona 2221 MP est un \u00e9lastom\u00e8re liquide flexible pour la r\u00e9paration, le rev\u00eatement et la coul\u00e9e de composants en caoutchouc et m\u00e9tal.","breadcrumb":{"@id":"https:\/\/www.belzona.be\/fr\/product\/serie-polymeres\/belzona-2221-mp-fluid-elastomer-2\/#breadcrumb"},"inLanguage":"fr-BE","potentialAction":[{"@type":"ReadAction","target":["https:\/\/www.belzona.be\/fr\/product\/serie-polymeres\/belzona-2221-mp-fluid-elastomer-2\/"]}]},{"@type":"ImageObject","inLanguage":"fr-BE","@id":"https:\/\/www.belzona.be\/fr\/product\/serie-polymeres\/belzona-2221-mp-fluid-elastomer-2\/#primaryimage","url":"https:\/\/www.belzona.be\/fr\/wp-content\/uploads\/sites\/4\/2022\/12\/belzona-2221-mp-fluid-elastomer-1.jpg","contentUrl":"https:\/\/www.belzona.be\/fr\/wp-content\/uploads\/sites\/4\/2022\/12\/belzona-2221-mp-fluid-elastomer-1.jpg","width":667,"height":667},{"@type":"BreadcrumbList","@id":"https:\/\/www.belzona.be\/fr\/product\/serie-polymeres\/belzona-2221-mp-fluid-elastomer-2\/#breadcrumb","itemListElement":[{"@type":"ListItem","position":1,"name":"Accueil","item":"https:\/\/www.belzona.be\/fr\/"},{"@type":"ListItem","position":2,"name":"Produits","item":"https:\/\/www.belzona.be\/fr\/produits\/"},{"@type":"ListItem","position":3,"name":"Belzona 2221 MP Fluid Elastomer \u2013 Elastom\u00e8re liquide"}]},{"@type":"WebSite","@id":"https:\/\/www.belzona.be\/fr\/#website","url":"https:\/\/www.belzona.be\/fr\/","name":"Belzona Perspect Belgique FR","description":"Belzona : r\u00e9paration, protection et am\u00e9lioration des surfaces. Belzona pr\u00e9vient et r\u00e9pare l&#039;\u00e9rosion, la corrosion, l&#039;abrasion, ainsi que les d\u00e9gradations chimiques et m\u00e9caniques.","potentialAction":[{"@type":"SearchAction","target":{"@type":"EntryPoint","urlTemplate":"https:\/\/www.belzona.be\/fr\/?s={search_term_string}"},"query-input":{"@type":"PropertyValueSpecification","valueRequired":true,"valueName":"search_term_string"}}],"inLanguage":"fr-BE"}]}},"_links":{"self":[{"href":"https:\/\/www.belzona.be\/fr\/wp-json\/wp\/v2\/product\/435","targetHints":{"allow":["GET"]}}],"collection":[{"href":"https:\/\/www.belzona.be\/fr\/wp-json\/wp\/v2\/product"}],"about":[{"href":"https:\/\/www.belzona.be\/fr\/wp-json\/wp\/v2\/types\/product"}],"wp:featuredmedia":[{"embeddable":true,"href":"https:\/\/www.belzona.be\/fr\/wp-json\/wp\/v2\/media\/436"}],"wp:attachment":[{"href":"https:\/\/www.belzona.be\/fr\/wp-json\/wp\/v2\/media?parent=435"}],"wp:term":[{"taxonomy":"product_brand","embeddable":true,"href":"https:\/\/www.belzona.be\/fr\/wp-json\/wp\/v2\/product_brand?post=435"},{"taxonomy":"product_cat","embeddable":true,"href":"https:\/\/www.belzona.be\/fr\/wp-json\/wp\/v2\/product_cat?post=435"},{"taxonomy":"product_tag","embeddable":true,"href":"https:\/\/www.belzona.be\/fr\/wp-json\/wp\/v2\/product_tag?post=435"}],"curies":[{"name":"wp","href":"https:\/\/api.w.org\/{rel}","templated":true}]}}