{"id":432,"date":"2022-12-20T16:34:04","date_gmt":"2022-12-20T14:34:04","guid":{"rendered":"https:\/\/www.belzona.nl\/?post_type=product&#038;p=432"},"modified":"2025-12-18T09:47:57","modified_gmt":"2025-12-18T08:47:57","slug":"belzona-2311-sr-elastomer-2","status":"publish","type":"product","link":"https:\/\/www.belzona.be\/fr\/product\/serie-polymeres\/belzona-2311-sr-elastomer-2\/","title":{"rendered":"Belzona 2311 SR \u2013 Elastom\u00e8re r\u00e9sistant aux solvants"},"content":{"rendered":"","protected":false},"excerpt":{"rendered":"<p data-start=\"3700\" data-end=\"4095\">Belzona 2311 SR est un \u00e9lastom\u00e8re r\u00e9sistant aux solvants, \u00e0 durcissement rapide, con\u00e7u pour les r\u00e9parations d\u2019urgence, la reconstruction et le rev\u00eatement de composants en caoutchouc ou de surfaces m\u00e9talliques. Il adh\u00e8re efficacement au caoutchouc (nitrile, n\u00e9opr\u00e8ne), au polyur\u00e9thane, au PVC, ainsi qu\u2019\u00e0 l\u2019acier, au cuivre et au b\u00e9ton. Flexible et simple \u00e0 mettre en \u0153uvre, il durcit rapidement.<\/p>\n<h3 data-start=\"4097\" data-end=\"4121\">Performance \u00e9lev\u00e9e<\/h3>\n<p data-start=\"4122\" data-end=\"4359\">Cet \u00e9lastom\u00e8re sans solvant offre une excellente protection contre l\u2019abrasion, les impacts, l\u2019\u00e9rosion et la corrosion. Il combine flexibilit\u00e9 et haute r\u00e9sistance m\u00e9canique, tout en pr\u00e9sentant une r\u00e9sistance chimique et \u00e9lectrique \u00e9lev\u00e9e.<\/p>\n<h3 data-start=\"4361\" data-end=\"4398\">Applications de Belzona 2311 SR<\/h3>\n<p data-start=\"4399\" data-end=\"4564\">\u2022 Courroies transporteuses<br data-start=\"4425\" data-end=\"4428\" \/>\u2022 Tuyaux et joints en caoutchouc<br data-start=\"4460\" data-end=\"4463\" \/>\u2022 Rouleaux en caoutchouc<br data-start=\"4487\" data-end=\"4490\" \/>\u2022 Roues et rev\u00eatements de pompes<br data-start=\"4522\" data-end=\"4525\" \/>\u2022 C\u00e2bles et liaisons m\u00e9tal-caoutchouc<\/p>\n<p><strong>T\u00e9l\u00e9chargements<\/strong><br \/>\n<a href=\"https:\/\/www.belzona.nl\/wp-content\/uploads\/sites\/4\/2022\/12\/Belzona-2311.pdf\">Belzona 2311<\/a><br \/>\n<a href=\"https:\/\/www.belzona.nl\/wp-content\/uploads\/sites\/4\/2022\/12\/Gebruiksinstructie-2311.pdf\">Mode d&#8217;emploi 2311<\/a><br \/>\n<a href=\"https:\/\/www.belzona.nl\/wp-content\/uploads\/sites\/4\/2022\/12\/Veiligheidsinformatie-Base-6.pdf\">Informations de s\u00e9curit\u00e9 Base<\/a><br \/>\n<a href=\"https:\/\/www.belzona.nl\/wp-content\/uploads\/sites\/4\/2022\/12\/Veiligheidsinformatie-Solidifier-3.pdf\">Informations de s\u00e9curit\u00e9 Solidifier<\/a><\/p>\n","protected":false},"featured_media":434,"template":"","meta":{"_acf_changed":false,"content-type":"","editor_notices":[]},"product_brand":[],"product_cat":[25],"product_tag":[],"class_list":{"0":"post-432","1":"product","2":"type-product","3":"status-publish","4":"has-post-thumbnail","6":"product_cat-serie-polymeres","8":"first","9":"instock","10":"taxable","11":"shipping-taxable","12":"product-type-simple"},"acf":[],"yoast_head":"<!-- This site is optimized with the Yoast SEO plugin v27.3 - https:\/\/yoast.com\/product\/yoast-seo-wordpress\/ -->\n<title>Belzona 2311 : \u00e9lastom\u00e8re r\u00e9sistant aux solvants | Perspect BE<\/title>\n<meta name=\"description\" content=\"Belzona 2311 est un \u00e9lastom\u00e8re r\u00e9sistant aux solvants, id\u00e9al pour la r\u00e9paration et le rev\u00eatement, avec excellente adh\u00e9rence et durabilit\u00e9.\" \/>\n<meta name=\"robots\" content=\"index, follow, max-snippet:-1, max-image-preview:large, max-video-preview:-1\" \/>\n<link rel=\"canonical\" href=\"https:\/\/www.belzona.be\/fr\/product\/serie-polymeres\/belzona-2311-sr-elastomer-2\/\" \/>\n<meta property=\"og:locale\" content=\"fr_FR\" \/>\n<meta property=\"og:type\" content=\"article\" \/>\n<meta property=\"og:title\" content=\"Belzona 2311 : \u00e9lastom\u00e8re r\u00e9sistant aux solvants | Perspect BE\" \/>\n<meta property=\"og:description\" content=\"Belzona 2311 est un \u00e9lastom\u00e8re r\u00e9sistant aux solvants, id\u00e9al pour la r\u00e9paration et le rev\u00eatement, avec excellente adh\u00e9rence et durabilit\u00e9.\" \/>\n<meta property=\"og:url\" content=\"https:\/\/www.belzona.be\/fr\/product\/serie-polymeres\/belzona-2311-sr-elastomer-2\/\" \/>\n<meta property=\"og:site_name\" content=\"Belzona Perspect Belgique FR\" \/>\n<meta property=\"article:modified_time\" content=\"2025-12-18T08:47:57+00:00\" \/>\n<meta property=\"og:image\" content=\"https:\/\/www.belzona.be\/fr\/wp-content\/uploads\/sites\/4\/2022\/12\/belzona-2311-sr-elastomer-1.jpg\" \/>\n\t<meta property=\"og:image:width\" content=\"688\" \/>\n\t<meta property=\"og:image:height\" content=\"688\" \/>\n\t<meta property=\"og:image:type\" content=\"image\/jpeg\" \/>\n<meta name=\"twitter:card\" content=\"summary_large_image\" \/>\n<meta name=\"twitter:label1\" content=\"Dur\u00e9e de lecture est.\" \/>\n\t<meta name=\"twitter:data1\" content=\"1 minute\" \/>\n<script type=\"application\/ld+json\" class=\"yoast-schema-graph\">{\"@context\":\"https:\\\/\\\/schema.org\",\"@graph\":[{\"@type\":\"WebPage\",\"@id\":\"https:\\\/\\\/www.belzona.be\\\/fr\\\/product\\\/serie-polymeres\\\/belzona-2311-sr-elastomer-2\\\/\",\"url\":\"https:\\\/\\\/www.belzona.be\\\/fr\\\/product\\\/serie-polymeres\\\/belzona-2311-sr-elastomer-2\\\/\",\"name\":\"Belzona 2311 : \u00e9lastom\u00e8re r\u00e9sistant aux solvants | Perspect BE\",\"isPartOf\":{\"@id\":\"https:\\\/\\\/www.belzona.be\\\/fr\\\/#website\"},\"primaryImageOfPage\":{\"@id\":\"https:\\\/\\\/www.belzona.be\\\/fr\\\/product\\\/serie-polymeres\\\/belzona-2311-sr-elastomer-2\\\/#primaryimage\"},\"image\":{\"@id\":\"https:\\\/\\\/www.belzona.be\\\/fr\\\/product\\\/serie-polymeres\\\/belzona-2311-sr-elastomer-2\\\/#primaryimage\"},\"thumbnailUrl\":\"https:\\\/\\\/www.belzona.be\\\/fr\\\/wp-content\\\/uploads\\\/sites\\\/4\\\/2022\\\/12\\\/belzona-2311-sr-elastomer-1.jpg\",\"datePublished\":\"2022-12-20T14:34:04+00:00\",\"dateModified\":\"2025-12-18T08:47:57+00:00\",\"description\":\"Belzona 2311 est un \u00e9lastom\u00e8re r\u00e9sistant aux solvants, id\u00e9al pour la r\u00e9paration et le rev\u00eatement, avec excellente adh\u00e9rence et durabilit\u00e9.\",\"breadcrumb\":{\"@id\":\"https:\\\/\\\/www.belzona.be\\\/fr\\\/product\\\/serie-polymeres\\\/belzona-2311-sr-elastomer-2\\\/#breadcrumb\"},\"inLanguage\":\"fr-BE\",\"potentialAction\":[{\"@type\":\"ReadAction\",\"target\":[\"https:\\\/\\\/www.belzona.be\\\/fr\\\/product\\\/serie-polymeres\\\/belzona-2311-sr-elastomer-2\\\/\"]}]},{\"@type\":\"ImageObject\",\"inLanguage\":\"fr-BE\",\"@id\":\"https:\\\/\\\/www.belzona.be\\\/fr\\\/product\\\/serie-polymeres\\\/belzona-2311-sr-elastomer-2\\\/#primaryimage\",\"url\":\"https:\\\/\\\/www.belzona.be\\\/fr\\\/wp-content\\\/uploads\\\/sites\\\/4\\\/2022\\\/12\\\/belzona-2311-sr-elastomer-1.jpg\",\"contentUrl\":\"https:\\\/\\\/www.belzona.be\\\/fr\\\/wp-content\\\/uploads\\\/sites\\\/4\\\/2022\\\/12\\\/belzona-2311-sr-elastomer-1.jpg\",\"width\":688,\"height\":688},{\"@type\":\"BreadcrumbList\",\"@id\":\"https:\\\/\\\/www.belzona.be\\\/fr\\\/product\\\/serie-polymeres\\\/belzona-2311-sr-elastomer-2\\\/#breadcrumb\",\"itemListElement\":[{\"@type\":\"ListItem\",\"position\":1,\"name\":\"Accueil\",\"item\":\"https:\\\/\\\/www.belzona.be\\\/fr\\\/\"},{\"@type\":\"ListItem\",\"position\":2,\"name\":\"Produits\",\"item\":\"https:\\\/\\\/www.belzona.be\\\/fr\\\/produits\\\/\"},{\"@type\":\"ListItem\",\"position\":3,\"name\":\"Belzona 2311 SR \u2013 Elastom\u00e8re r\u00e9sistant aux solvants\"}]},{\"@type\":\"WebSite\",\"@id\":\"https:\\\/\\\/www.belzona.be\\\/fr\\\/#website\",\"url\":\"https:\\\/\\\/www.belzona.be\\\/fr\\\/\",\"name\":\"Belzona Perspect Belgique FR\",\"description\":\"Belzona : r\u00e9paration, protection et am\u00e9lioration des surfaces. Belzona pr\u00e9vient et r\u00e9pare l&#039;\u00e9rosion, la corrosion, l&#039;abrasion, ainsi que les d\u00e9gradations chimiques et m\u00e9caniques.\",\"potentialAction\":[{\"@type\":\"SearchAction\",\"target\":{\"@type\":\"EntryPoint\",\"urlTemplate\":\"https:\\\/\\\/www.belzona.be\\\/fr\\\/?s={search_term_string}\"},\"query-input\":{\"@type\":\"PropertyValueSpecification\",\"valueRequired\":true,\"valueName\":\"search_term_string\"}}],\"inLanguage\":\"fr-BE\"}]}<\/script>\n<!-- \/ Yoast SEO plugin. -->","yoast_head_json":{"title":"Belzona 2311 : \u00e9lastom\u00e8re r\u00e9sistant aux solvants | Perspect BE","description":"Belzona 2311 est un \u00e9lastom\u00e8re r\u00e9sistant aux solvants, id\u00e9al pour la r\u00e9paration et le rev\u00eatement, avec excellente adh\u00e9rence et durabilit\u00e9.","robots":{"index":"index","follow":"follow","max-snippet":"max-snippet:-1","max-image-preview":"max-image-preview:large","max-video-preview":"max-video-preview:-1"},"canonical":"https:\/\/www.belzona.be\/fr\/product\/serie-polymeres\/belzona-2311-sr-elastomer-2\/","og_locale":"fr_FR","og_type":"article","og_title":"Belzona 2311 : \u00e9lastom\u00e8re r\u00e9sistant aux solvants | Perspect BE","og_description":"Belzona 2311 est un \u00e9lastom\u00e8re r\u00e9sistant aux solvants, id\u00e9al pour la r\u00e9paration et le rev\u00eatement, avec excellente adh\u00e9rence et durabilit\u00e9.","og_url":"https:\/\/www.belzona.be\/fr\/product\/serie-polymeres\/belzona-2311-sr-elastomer-2\/","og_site_name":"Belzona Perspect Belgique FR","article_modified_time":"2025-12-18T08:47:57+00:00","og_image":[{"width":688,"height":688,"url":"https:\/\/www.belzona.be\/fr\/wp-content\/uploads\/sites\/4\/2022\/12\/belzona-2311-sr-elastomer-1.jpg","type":"image\/jpeg"}],"twitter_card":"summary_large_image","twitter_misc":{"Dur\u00e9e de lecture est.":"1 minute"},"schema":{"@context":"https:\/\/schema.org","@graph":[{"@type":"WebPage","@id":"https:\/\/www.belzona.be\/fr\/product\/serie-polymeres\/belzona-2311-sr-elastomer-2\/","url":"https:\/\/www.belzona.be\/fr\/product\/serie-polymeres\/belzona-2311-sr-elastomer-2\/","name":"Belzona 2311 : \u00e9lastom\u00e8re r\u00e9sistant aux solvants | Perspect BE","isPartOf":{"@id":"https:\/\/www.belzona.be\/fr\/#website"},"primaryImageOfPage":{"@id":"https:\/\/www.belzona.be\/fr\/product\/serie-polymeres\/belzona-2311-sr-elastomer-2\/#primaryimage"},"image":{"@id":"https:\/\/www.belzona.be\/fr\/product\/serie-polymeres\/belzona-2311-sr-elastomer-2\/#primaryimage"},"thumbnailUrl":"https:\/\/www.belzona.be\/fr\/wp-content\/uploads\/sites\/4\/2022\/12\/belzona-2311-sr-elastomer-1.jpg","datePublished":"2022-12-20T14:34:04+00:00","dateModified":"2025-12-18T08:47:57+00:00","description":"Belzona 2311 est un \u00e9lastom\u00e8re r\u00e9sistant aux solvants, id\u00e9al pour la r\u00e9paration et le rev\u00eatement, avec excellente adh\u00e9rence et durabilit\u00e9.","breadcrumb":{"@id":"https:\/\/www.belzona.be\/fr\/product\/serie-polymeres\/belzona-2311-sr-elastomer-2\/#breadcrumb"},"inLanguage":"fr-BE","potentialAction":[{"@type":"ReadAction","target":["https:\/\/www.belzona.be\/fr\/product\/serie-polymeres\/belzona-2311-sr-elastomer-2\/"]}]},{"@type":"ImageObject","inLanguage":"fr-BE","@id":"https:\/\/www.belzona.be\/fr\/product\/serie-polymeres\/belzona-2311-sr-elastomer-2\/#primaryimage","url":"https:\/\/www.belzona.be\/fr\/wp-content\/uploads\/sites\/4\/2022\/12\/belzona-2311-sr-elastomer-1.jpg","contentUrl":"https:\/\/www.belzona.be\/fr\/wp-content\/uploads\/sites\/4\/2022\/12\/belzona-2311-sr-elastomer-1.jpg","width":688,"height":688},{"@type":"BreadcrumbList","@id":"https:\/\/www.belzona.be\/fr\/product\/serie-polymeres\/belzona-2311-sr-elastomer-2\/#breadcrumb","itemListElement":[{"@type":"ListItem","position":1,"name":"Accueil","item":"https:\/\/www.belzona.be\/fr\/"},{"@type":"ListItem","position":2,"name":"Produits","item":"https:\/\/www.belzona.be\/fr\/produits\/"},{"@type":"ListItem","position":3,"name":"Belzona 2311 SR \u2013 Elastom\u00e8re r\u00e9sistant aux solvants"}]},{"@type":"WebSite","@id":"https:\/\/www.belzona.be\/fr\/#website","url":"https:\/\/www.belzona.be\/fr\/","name":"Belzona Perspect Belgique FR","description":"Belzona : r\u00e9paration, protection et am\u00e9lioration des surfaces. Belzona pr\u00e9vient et r\u00e9pare l&#039;\u00e9rosion, la corrosion, l&#039;abrasion, ainsi que les d\u00e9gradations chimiques et m\u00e9caniques.","potentialAction":[{"@type":"SearchAction","target":{"@type":"EntryPoint","urlTemplate":"https:\/\/www.belzona.be\/fr\/?s={search_term_string}"},"query-input":{"@type":"PropertyValueSpecification","valueRequired":true,"valueName":"search_term_string"}}],"inLanguage":"fr-BE"}]}},"_links":{"self":[{"href":"https:\/\/www.belzona.be\/fr\/wp-json\/wp\/v2\/product\/432","targetHints":{"allow":["GET"]}}],"collection":[{"href":"https:\/\/www.belzona.be\/fr\/wp-json\/wp\/v2\/product"}],"about":[{"href":"https:\/\/www.belzona.be\/fr\/wp-json\/wp\/v2\/types\/product"}],"wp:featuredmedia":[{"embeddable":true,"href":"https:\/\/www.belzona.be\/fr\/wp-json\/wp\/v2\/media\/434"}],"wp:attachment":[{"href":"https:\/\/www.belzona.be\/fr\/wp-json\/wp\/v2\/media?parent=432"}],"wp:term":[{"taxonomy":"product_brand","embeddable":true,"href":"https:\/\/www.belzona.be\/fr\/wp-json\/wp\/v2\/product_brand?post=432"},{"taxonomy":"product_cat","embeddable":true,"href":"https:\/\/www.belzona.be\/fr\/wp-json\/wp\/v2\/product_cat?post=432"},{"taxonomy":"product_tag","embeddable":true,"href":"https:\/\/www.belzona.be\/fr\/wp-json\/wp\/v2\/product_tag?post=432"}],"curies":[{"name":"wp","href":"https:\/\/api.w.org\/{rel}","templated":true}]}}