{"id":430,"date":"2022-12-20T16:22:44","date_gmt":"2022-12-20T14:22:44","guid":{"rendered":"https:\/\/www.belzona.nl\/?post_type=product&#038;p=430"},"modified":"2025-12-18T09:48:00","modified_gmt":"2025-12-18T08:48:00","slug":"belzona-2111-da-hi-build-elastomeer-2","status":"publish","type":"product","link":"https:\/\/www.belzona.be\/fr\/product\/serie-polymeres\/belzona-2111-da-hi-build-elastomeer-2\/","title":{"rendered":"Belzona 2111 D&#038;A Hi-Build Elastomer \u2013 Elastom\u00e8re haute \u00e9paisseur"},"content":{"rendered":"<p><iframe title=\"How to Install a Full Face Flange Gasket with Belzona 2111\" width=\"980\" height=\"551\" data-src=\"https:\/\/www.youtube.com\/embed\/zGSyeDclZdQ?feature=oembed\" frameborder=\"0\" allow=\"accelerometer; autoplay; clipboard-write; encrypted-media; gyroscope; picture-in-picture; web-share\" referrerpolicy=\"strict-origin-when-cross-origin\" allowfullscreen src=\"data:image\/svg+xml;base64,PHN2ZyB3aWR0aD0iMSIgaGVpZ2h0PSIxIiB4bWxucz0iaHR0cDovL3d3dy53My5vcmcvMjAwMC9zdmciPjwvc3ZnPg==\" class=\"lazyload\" data-load-mode=\"1\"><\/iframe><\/p>\n","protected":false},"excerpt":{"rendered":"<p data-start=\"4240\" data-end=\"4591\">Belzona 2111 D&amp;A Hi-Build Elastomer est con\u00e7u pour la reconstruction, la r\u00e9paration et la remise en \u00e9tat de composants en caoutchouc et en m\u00e9tal. Cet \u00e9lastom\u00e8re haute \u00e9paisseur r\u00e9sistant \u00e0 l\u2019usure offre de hautes performances m\u00e9caniques tout en restant simple \u00e0 appliquer. Il adh\u00e8re notamment au polyur\u00e9thane, au PVC, \u00e0 l\u2019acier, au cuivre et au b\u00e9ton.<\/p>\n<p data-start=\"4593\" data-end=\"4897\">Belzona 2111 D&amp;A Hi-Build Elastomer durcit \u00e0 temp\u00e9rature ambiante. Cet \u00e9lastom\u00e8re flexible convient aux applications n\u00e9cessitant une grande durabilit\u00e9, une forte \u00e9lasticit\u00e9 et une haute r\u00e9sistance \u00e0 l\u2019abrasion, au frottement et aux impacts. Il offre \u00e9galement une r\u00e9sistance m\u00e9canique et chimique \u00e9lev\u00e9e.<\/p>\n<p data-start=\"4899\" data-end=\"5200\"><strong data-start=\"4899\" data-end=\"4959\">Applications de l\u2019\u00e9lastom\u00e8re Belzona 2111 D&amp;A Hi-Build :<\/strong><br \/>\n\u2022 R\u00e9paration de rev\u00eatements en caoutchouc<br data-start=\"5001\" data-end=\"5004\" \/>\u2022 Remise en \u00e9tat de zones us\u00e9es, fendues ou fissur\u00e9es sur des surfaces en caoutchouc<br data-start=\"5088\" data-end=\"5091\" \/>\u2022 R\u00e9paration de bandes transporteuses<br data-start=\"5128\" data-end=\"5131\" \/>\u2022 R\u00e9paration et protection de glissi\u00e8res, \u00e9crans et plaques d\u2019usure<\/p>\n<p><strong>T\u00e9l\u00e9chargements<\/strong><\/p>\n<p><a href=\"https:\/\/www.belzona.nl\/wp-content\/uploads\/sites\/4\/2022\/12\/Belzona-2111.pdf\">Belzona 2111<\/a><br \/>\n<a href=\"https:\/\/www.belzona.nl\/wp-content\/uploads\/sites\/4\/2022\/12\/Gebruiksinstructie-2111.pdf\">Instruction d&rsquo;application 2111<\/a><br \/>\n<a href=\"https:\/\/www.belzona.nl\/wp-content\/uploads\/sites\/4\/2022\/12\/Veiligheidsinformatie-Base-8.pdf\">Informations de s\u00e9curit\u00e9 Base<\/a><br \/>\n<a href=\"https:\/\/www.belzona.nl\/wp-content\/uploads\/sites\/4\/2022\/12\/Veiligheidsinformatie-Soldifier-4.pdf\">Informations de s\u00e9curit\u00e9 Soldifier<\/a><\/p>\n","protected":false},"featured_media":431,"template":"","meta":{"_acf_changed":false,"content-type":"","editor_notices":[]},"product_brand":[],"product_cat":[25],"product_tag":[],"class_list":{"0":"post-430","1":"product","2":"type-product","3":"status-publish","4":"has-post-thumbnail","6":"product_cat-serie-polymeres","8":"first","9":"instock","10":"taxable","11":"shipping-taxable","12":"product-type-simple"},"acf":[],"yoast_head":"<!-- This site is optimized with the Yoast SEO plugin v27.3 - https:\/\/yoast.com\/product\/yoast-seo-wordpress\/ -->\n<title>Belzona 2111 \u2013 \u00e9lastom\u00e8re haute \u00e9paisseur | Perspect BE<\/title>\n<meta name=\"description\" content=\"\u00c9lastom\u00e8re haute \u00e9paisseur Belzona 2111 pour r\u00e9parer et prot\u00e9ger le caoutchouc et le m\u00e9tal. Excellente r\u00e9sistance \u00e0 l\u2019usure et aux impacts.\" \/>\n<meta name=\"robots\" content=\"index, follow, max-snippet:-1, max-image-preview:large, max-video-preview:-1\" \/>\n<link rel=\"canonical\" href=\"https:\/\/www.belzona.be\/fr\/product\/serie-polymeres\/belzona-2111-da-hi-build-elastomeer-2\/\" \/>\n<meta property=\"og:locale\" content=\"fr_FR\" \/>\n<meta property=\"og:type\" content=\"article\" \/>\n<meta property=\"og:title\" content=\"Belzona 2111 \u2013 \u00e9lastom\u00e8re haute \u00e9paisseur | Perspect BE\" \/>\n<meta property=\"og:description\" content=\"\u00c9lastom\u00e8re haute \u00e9paisseur Belzona 2111 pour r\u00e9parer et prot\u00e9ger le caoutchouc et le m\u00e9tal. Excellente r\u00e9sistance \u00e0 l\u2019usure et aux impacts.\" \/>\n<meta property=\"og:url\" content=\"https:\/\/www.belzona.be\/fr\/product\/serie-polymeres\/belzona-2111-da-hi-build-elastomeer-2\/\" \/>\n<meta property=\"og:site_name\" content=\"Belzona Perspect Belgique FR\" \/>\n<meta property=\"article:modified_time\" content=\"2025-12-18T08:48:00+00:00\" \/>\n<meta property=\"og:image\" content=\"https:\/\/www.belzona.be\/fr\/wp-content\/uploads\/sites\/4\/2022\/12\/Belzona-2111-1.jpg\" \/>\n\t<meta property=\"og:image:width\" content=\"800\" \/>\n\t<meta property=\"og:image:height\" content=\"533\" \/>\n\t<meta property=\"og:image:type\" content=\"image\/jpeg\" \/>\n<meta name=\"twitter:card\" content=\"summary_large_image\" \/>\n<meta name=\"twitter:label1\" content=\"Dur\u00e9e de lecture est.\" \/>\n\t<meta name=\"twitter:data1\" content=\"1 minute\" \/>\n<script type=\"application\/ld+json\" class=\"yoast-schema-graph\">{\"@context\":\"https:\\\/\\\/schema.org\",\"@graph\":[{\"@type\":\"WebPage\",\"@id\":\"https:\\\/\\\/www.belzona.be\\\/fr\\\/product\\\/serie-polymeres\\\/belzona-2111-da-hi-build-elastomeer-2\\\/\",\"url\":\"https:\\\/\\\/www.belzona.be\\\/fr\\\/product\\\/serie-polymeres\\\/belzona-2111-da-hi-build-elastomeer-2\\\/\",\"name\":\"Belzona 2111 \u2013 \u00e9lastom\u00e8re haute \u00e9paisseur | Perspect BE\",\"isPartOf\":{\"@id\":\"https:\\\/\\\/www.belzona.be\\\/fr\\\/#website\"},\"primaryImageOfPage\":{\"@id\":\"https:\\\/\\\/www.belzona.be\\\/fr\\\/product\\\/serie-polymeres\\\/belzona-2111-da-hi-build-elastomeer-2\\\/#primaryimage\"},\"image\":{\"@id\":\"https:\\\/\\\/www.belzona.be\\\/fr\\\/product\\\/serie-polymeres\\\/belzona-2111-da-hi-build-elastomeer-2\\\/#primaryimage\"},\"thumbnailUrl\":\"https:\\\/\\\/www.belzona.be\\\/fr\\\/wp-content\\\/uploads\\\/sites\\\/4\\\/2022\\\/12\\\/Belzona-2111-1.jpg\",\"datePublished\":\"2022-12-20T14:22:44+00:00\",\"dateModified\":\"2025-12-18T08:48:00+00:00\",\"description\":\"\u00c9lastom\u00e8re haute \u00e9paisseur Belzona 2111 pour r\u00e9parer et prot\u00e9ger le caoutchouc et le m\u00e9tal. Excellente r\u00e9sistance \u00e0 l\u2019usure et aux impacts.\",\"breadcrumb\":{\"@id\":\"https:\\\/\\\/www.belzona.be\\\/fr\\\/product\\\/serie-polymeres\\\/belzona-2111-da-hi-build-elastomeer-2\\\/#breadcrumb\"},\"inLanguage\":\"fr-BE\",\"potentialAction\":[{\"@type\":\"ReadAction\",\"target\":[\"https:\\\/\\\/www.belzona.be\\\/fr\\\/product\\\/serie-polymeres\\\/belzona-2111-da-hi-build-elastomeer-2\\\/\"]}]},{\"@type\":\"ImageObject\",\"inLanguage\":\"fr-BE\",\"@id\":\"https:\\\/\\\/www.belzona.be\\\/fr\\\/product\\\/serie-polymeres\\\/belzona-2111-da-hi-build-elastomeer-2\\\/#primaryimage\",\"url\":\"https:\\\/\\\/www.belzona.be\\\/fr\\\/wp-content\\\/uploads\\\/sites\\\/4\\\/2022\\\/12\\\/Belzona-2111-1.jpg\",\"contentUrl\":\"https:\\\/\\\/www.belzona.be\\\/fr\\\/wp-content\\\/uploads\\\/sites\\\/4\\\/2022\\\/12\\\/Belzona-2111-1.jpg\",\"width\":800,\"height\":533},{\"@type\":\"BreadcrumbList\",\"@id\":\"https:\\\/\\\/www.belzona.be\\\/fr\\\/product\\\/serie-polymeres\\\/belzona-2111-da-hi-build-elastomeer-2\\\/#breadcrumb\",\"itemListElement\":[{\"@type\":\"ListItem\",\"position\":1,\"name\":\"Accueil\",\"item\":\"https:\\\/\\\/www.belzona.be\\\/fr\\\/\"},{\"@type\":\"ListItem\",\"position\":2,\"name\":\"Produits\",\"item\":\"https:\\\/\\\/www.belzona.be\\\/fr\\\/produits\\\/\"},{\"@type\":\"ListItem\",\"position\":3,\"name\":\"Belzona 2111 D&#038;A Hi-Build Elastomer \u2013 Elastom\u00e8re haute \u00e9paisseur\"}]},{\"@type\":\"WebSite\",\"@id\":\"https:\\\/\\\/www.belzona.be\\\/fr\\\/#website\",\"url\":\"https:\\\/\\\/www.belzona.be\\\/fr\\\/\",\"name\":\"Belzona Perspect Belgique FR\",\"description\":\"Belzona : r\u00e9paration, protection et am\u00e9lioration des surfaces. Belzona pr\u00e9vient et r\u00e9pare l&#039;\u00e9rosion, la corrosion, l&#039;abrasion, ainsi que les d\u00e9gradations chimiques et m\u00e9caniques.\",\"potentialAction\":[{\"@type\":\"SearchAction\",\"target\":{\"@type\":\"EntryPoint\",\"urlTemplate\":\"https:\\\/\\\/www.belzona.be\\\/fr\\\/?s={search_term_string}\"},\"query-input\":{\"@type\":\"PropertyValueSpecification\",\"valueRequired\":true,\"valueName\":\"search_term_string\"}}],\"inLanguage\":\"fr-BE\"}]}<\/script>\n<!-- \/ Yoast SEO plugin. -->","yoast_head_json":{"title":"Belzona 2111 \u2013 \u00e9lastom\u00e8re haute \u00e9paisseur | Perspect BE","description":"\u00c9lastom\u00e8re haute \u00e9paisseur Belzona 2111 pour r\u00e9parer et prot\u00e9ger le caoutchouc et le m\u00e9tal. Excellente r\u00e9sistance \u00e0 l\u2019usure et aux impacts.","robots":{"index":"index","follow":"follow","max-snippet":"max-snippet:-1","max-image-preview":"max-image-preview:large","max-video-preview":"max-video-preview:-1"},"canonical":"https:\/\/www.belzona.be\/fr\/product\/serie-polymeres\/belzona-2111-da-hi-build-elastomeer-2\/","og_locale":"fr_FR","og_type":"article","og_title":"Belzona 2111 \u2013 \u00e9lastom\u00e8re haute \u00e9paisseur | Perspect BE","og_description":"\u00c9lastom\u00e8re haute \u00e9paisseur Belzona 2111 pour r\u00e9parer et prot\u00e9ger le caoutchouc et le m\u00e9tal. Excellente r\u00e9sistance \u00e0 l\u2019usure et aux impacts.","og_url":"https:\/\/www.belzona.be\/fr\/product\/serie-polymeres\/belzona-2111-da-hi-build-elastomeer-2\/","og_site_name":"Belzona Perspect Belgique FR","article_modified_time":"2025-12-18T08:48:00+00:00","og_image":[{"width":800,"height":533,"url":"https:\/\/www.belzona.be\/fr\/wp-content\/uploads\/sites\/4\/2022\/12\/Belzona-2111-1.jpg","type":"image\/jpeg"}],"twitter_card":"summary_large_image","twitter_misc":{"Dur\u00e9e de lecture est.":"1 minute"},"schema":{"@context":"https:\/\/schema.org","@graph":[{"@type":"WebPage","@id":"https:\/\/www.belzona.be\/fr\/product\/serie-polymeres\/belzona-2111-da-hi-build-elastomeer-2\/","url":"https:\/\/www.belzona.be\/fr\/product\/serie-polymeres\/belzona-2111-da-hi-build-elastomeer-2\/","name":"Belzona 2111 \u2013 \u00e9lastom\u00e8re haute \u00e9paisseur | Perspect BE","isPartOf":{"@id":"https:\/\/www.belzona.be\/fr\/#website"},"primaryImageOfPage":{"@id":"https:\/\/www.belzona.be\/fr\/product\/serie-polymeres\/belzona-2111-da-hi-build-elastomeer-2\/#primaryimage"},"image":{"@id":"https:\/\/www.belzona.be\/fr\/product\/serie-polymeres\/belzona-2111-da-hi-build-elastomeer-2\/#primaryimage"},"thumbnailUrl":"https:\/\/www.belzona.be\/fr\/wp-content\/uploads\/sites\/4\/2022\/12\/Belzona-2111-1.jpg","datePublished":"2022-12-20T14:22:44+00:00","dateModified":"2025-12-18T08:48:00+00:00","description":"\u00c9lastom\u00e8re haute \u00e9paisseur Belzona 2111 pour r\u00e9parer et prot\u00e9ger le caoutchouc et le m\u00e9tal. Excellente r\u00e9sistance \u00e0 l\u2019usure et aux impacts.","breadcrumb":{"@id":"https:\/\/www.belzona.be\/fr\/product\/serie-polymeres\/belzona-2111-da-hi-build-elastomeer-2\/#breadcrumb"},"inLanguage":"fr-BE","potentialAction":[{"@type":"ReadAction","target":["https:\/\/www.belzona.be\/fr\/product\/serie-polymeres\/belzona-2111-da-hi-build-elastomeer-2\/"]}]},{"@type":"ImageObject","inLanguage":"fr-BE","@id":"https:\/\/www.belzona.be\/fr\/product\/serie-polymeres\/belzona-2111-da-hi-build-elastomeer-2\/#primaryimage","url":"https:\/\/www.belzona.be\/fr\/wp-content\/uploads\/sites\/4\/2022\/12\/Belzona-2111-1.jpg","contentUrl":"https:\/\/www.belzona.be\/fr\/wp-content\/uploads\/sites\/4\/2022\/12\/Belzona-2111-1.jpg","width":800,"height":533},{"@type":"BreadcrumbList","@id":"https:\/\/www.belzona.be\/fr\/product\/serie-polymeres\/belzona-2111-da-hi-build-elastomeer-2\/#breadcrumb","itemListElement":[{"@type":"ListItem","position":1,"name":"Accueil","item":"https:\/\/www.belzona.be\/fr\/"},{"@type":"ListItem","position":2,"name":"Produits","item":"https:\/\/www.belzona.be\/fr\/produits\/"},{"@type":"ListItem","position":3,"name":"Belzona 2111 D&#038;A Hi-Build Elastomer \u2013 Elastom\u00e8re haute \u00e9paisseur"}]},{"@type":"WebSite","@id":"https:\/\/www.belzona.be\/fr\/#website","url":"https:\/\/www.belzona.be\/fr\/","name":"Belzona Perspect Belgique FR","description":"Belzona : r\u00e9paration, protection et am\u00e9lioration des surfaces. Belzona pr\u00e9vient et r\u00e9pare l&#039;\u00e9rosion, la corrosion, l&#039;abrasion, ainsi que les d\u00e9gradations chimiques et m\u00e9caniques.","potentialAction":[{"@type":"SearchAction","target":{"@type":"EntryPoint","urlTemplate":"https:\/\/www.belzona.be\/fr\/?s={search_term_string}"},"query-input":{"@type":"PropertyValueSpecification","valueRequired":true,"valueName":"search_term_string"}}],"inLanguage":"fr-BE"}]}},"_links":{"self":[{"href":"https:\/\/www.belzona.be\/fr\/wp-json\/wp\/v2\/product\/430","targetHints":{"allow":["GET"]}}],"collection":[{"href":"https:\/\/www.belzona.be\/fr\/wp-json\/wp\/v2\/product"}],"about":[{"href":"https:\/\/www.belzona.be\/fr\/wp-json\/wp\/v2\/types\/product"}],"wp:featuredmedia":[{"embeddable":true,"href":"https:\/\/www.belzona.be\/fr\/wp-json\/wp\/v2\/media\/431"}],"wp:attachment":[{"href":"https:\/\/www.belzona.be\/fr\/wp-json\/wp\/v2\/media?parent=430"}],"wp:term":[{"taxonomy":"product_brand","embeddable":true,"href":"https:\/\/www.belzona.be\/fr\/wp-json\/wp\/v2\/product_brand?post=430"},{"taxonomy":"product_cat","embeddable":true,"href":"https:\/\/www.belzona.be\/fr\/wp-json\/wp\/v2\/product_cat?post=430"},{"taxonomy":"product_tag","embeddable":true,"href":"https:\/\/www.belzona.be\/fr\/wp-json\/wp\/v2\/product_tag?post=430"}],"curies":[{"name":"wp","href":"https:\/\/api.w.org\/{rel}","templated":true}]}}