{"id":428,"date":"2022-12-20T16:17:19","date_gmt":"2022-12-20T14:17:19","guid":{"rendered":"https:\/\/www.belzona.nl\/?post_type=product&#038;p=428"},"modified":"2025-12-18T09:48:05","modified_gmt":"2025-12-18T08:48:05","slug":"belzona-2311-sr-elastomer","status":"publish","type":"product","link":"https:\/\/www.belzona.be\/fr\/product\/serie-elastomere\/belzona-2311-sr-elastomer\/","title":{"rendered":"Belzona 2311 SR \u2013 Elastom\u00e8re r\u00e9sistant aux solvants"},"content":{"rendered":"","protected":false},"excerpt":{"rendered":"<p data-start=\"3503\" data-end=\"3885\">Belzona 2311 SR est un \u00e9lastom\u00e8re \u00e0 durcissement rapide, con\u00e7u pour les r\u00e9parations d\u2019urgence, la reconstruction et le rev\u00eatement de composants en caoutchouc et de surfaces m\u00e9talliques, y compris en environnements expos\u00e9s aux solvants. Il pr\u00e9sente une excellente adh\u00e9rence sur le caoutchouc (nitrile, n\u00e9opr\u00e8ne), le polyur\u00e9thane, le PVC, ainsi que sur l\u2019acier, le cuivre et le b\u00e9ton.<\/p>\n<p data-start=\"3887\" data-end=\"3985\">Sa formulation flexible et facile \u00e0 appliquer permet une remise en service rapide des \u00e9quipements.<\/p>\n<h3 data-start=\"3987\" data-end=\"4032\">R\u00e9sistance m\u00e9canique et chimique \u00e9lev\u00e9e<\/h3>\n<p data-start=\"4033\" data-end=\"4324\">Cet \u00e9lastom\u00e8re sans solvant offre une excellente protection contre l\u2019abrasion, les impacts, l\u2019\u00e9rosion et la corrosion. Il combine flexibilit\u00e9 et haute r\u00e9sistance m\u00e9canique, tout en pr\u00e9sentant une r\u00e9sistance chimique et \u00e9lectrique \u00e9lev\u00e9e, adapt\u00e9e aux environnements industriels contraignants.<\/p>\n<h3 data-start=\"4326\" data-end=\"4363\">Applications de Belzona 2311 SR<\/h3>\n<p data-start=\"4364\" data-end=\"4539\">\u2022 courroies transporteuses<br data-start=\"4390\" data-end=\"4393\" \/>\u2022 tuyaux et joints en caoutchouc<br data-start=\"4425\" data-end=\"4428\" \/>\u2022 rouleaux en caoutchouc<br data-start=\"4452\" data-end=\"4455\" \/>\u2022 roues de pompes et rev\u00eatements de pompes<br data-start=\"4497\" data-end=\"4500\" \/>\u2022 c\u00e2bles et liaisons m\u00e9tal-caoutchouc<\/p>\n<p><strong>T\u00e9l\u00e9chargements:<\/strong><\/p>\n<p><a title=\"Flyer Belzona 2311 SR Elastomer\" href=\"https:\/\/www.belzona.nl\/userfiles\/file\/belzona-2311-sr-elastomer-flyer.pdf\" target=\"_blank\" rel=\"noopener\">Flyer Belzona 2311 SR Elastomer (PDF)<\/a> (PDF)<br \/>\n<a title=\"Specifications Belzona 2311 SR Elastomer\" href=\"https:\/\/www.belzona.nl\/userfiles\/file\/belzona-2311-sr-elastomer-specification-sheet.pdf\" target=\"_blank\" rel=\"noopener\">Sp\u00e9cifications Belzona 2311 SR Elastomer (PDF)<\/a> (PDF)<strong><br \/>\n<\/strong><\/p>\n","protected":false},"featured_media":429,"template":"","meta":{"_acf_changed":false,"content-type":"","editor_notices":[]},"product_brand":[],"product_cat":[24],"product_tag":[],"class_list":{"0":"post-428","1":"product","2":"type-product","3":"status-publish","4":"has-post-thumbnail","6":"product_cat-serie-elastomere","8":"first","9":"instock","10":"taxable","11":"shipping-taxable","12":"product-type-simple"},"acf":[],"yoast_head":"<!-- This site is optimized with the Yoast SEO plugin v27.3 - https:\/\/yoast.com\/product\/yoast-seo-wordpress\/ -->\n<title>Belzona 2311 SR : \u00e9lastom\u00e8re r\u00e9sistant aux solvants | Perspect BE<\/title>\n<meta name=\"description\" content=\"Belzona 2311 SR est un \u00e9lastom\u00e8re r\u00e9sistant aux solvants pour r\u00e9parations rapides de composants en caoutchouc et m\u00e9tal expos\u00e9s \u00e0 l\u2019usure.\" \/>\n<meta name=\"robots\" content=\"index, follow, max-snippet:-1, max-image-preview:large, max-video-preview:-1\" \/>\n<link rel=\"canonical\" href=\"https:\/\/www.belzona.be\/fr\/product\/serie-elastomere\/belzona-2311-sr-elastomer\/\" \/>\n<meta property=\"og:locale\" content=\"fr_FR\" \/>\n<meta property=\"og:type\" content=\"article\" \/>\n<meta property=\"og:title\" content=\"Belzona 2311 SR : \u00e9lastom\u00e8re r\u00e9sistant aux solvants | Perspect BE\" \/>\n<meta property=\"og:description\" content=\"Belzona 2311 SR est un \u00e9lastom\u00e8re r\u00e9sistant aux solvants pour r\u00e9parations rapides de composants en caoutchouc et m\u00e9tal expos\u00e9s \u00e0 l\u2019usure.\" \/>\n<meta property=\"og:url\" content=\"https:\/\/www.belzona.be\/fr\/product\/serie-elastomere\/belzona-2311-sr-elastomer\/\" \/>\n<meta property=\"og:site_name\" content=\"Belzona Perspect Belgique FR\" \/>\n<meta property=\"article:modified_time\" content=\"2025-12-18T08:48:05+00:00\" \/>\n<meta property=\"og:image\" content=\"https:\/\/www.belzona.be\/fr\/wp-content\/uploads\/sites\/4\/2022\/12\/belzona-2311-sr-elastomer.jpg\" \/>\n\t<meta property=\"og:image:width\" content=\"688\" \/>\n\t<meta property=\"og:image:height\" content=\"688\" \/>\n\t<meta property=\"og:image:type\" content=\"image\/jpeg\" \/>\n<meta name=\"twitter:card\" content=\"summary_large_image\" \/>\n<meta name=\"twitter:label1\" content=\"Dur\u00e9e de lecture est.\" \/>\n\t<meta name=\"twitter:data1\" content=\"1 minute\" \/>\n<script type=\"application\/ld+json\" class=\"yoast-schema-graph\">{\"@context\":\"https:\\\/\\\/schema.org\",\"@graph\":[{\"@type\":\"WebPage\",\"@id\":\"https:\\\/\\\/www.belzona.be\\\/fr\\\/product\\\/serie-elastomere\\\/belzona-2311-sr-elastomer\\\/\",\"url\":\"https:\\\/\\\/www.belzona.be\\\/fr\\\/product\\\/serie-elastomere\\\/belzona-2311-sr-elastomer\\\/\",\"name\":\"Belzona 2311 SR : \u00e9lastom\u00e8re r\u00e9sistant aux solvants | Perspect BE\",\"isPartOf\":{\"@id\":\"https:\\\/\\\/www.belzona.be\\\/fr\\\/#website\"},\"primaryImageOfPage\":{\"@id\":\"https:\\\/\\\/www.belzona.be\\\/fr\\\/product\\\/serie-elastomere\\\/belzona-2311-sr-elastomer\\\/#primaryimage\"},\"image\":{\"@id\":\"https:\\\/\\\/www.belzona.be\\\/fr\\\/product\\\/serie-elastomere\\\/belzona-2311-sr-elastomer\\\/#primaryimage\"},\"thumbnailUrl\":\"https:\\\/\\\/www.belzona.be\\\/fr\\\/wp-content\\\/uploads\\\/sites\\\/4\\\/2022\\\/12\\\/belzona-2311-sr-elastomer.jpg\",\"datePublished\":\"2022-12-20T14:17:19+00:00\",\"dateModified\":\"2025-12-18T08:48:05+00:00\",\"description\":\"Belzona 2311 SR est un \u00e9lastom\u00e8re r\u00e9sistant aux solvants pour r\u00e9parations rapides de composants en caoutchouc et m\u00e9tal expos\u00e9s \u00e0 l\u2019usure.\",\"breadcrumb\":{\"@id\":\"https:\\\/\\\/www.belzona.be\\\/fr\\\/product\\\/serie-elastomere\\\/belzona-2311-sr-elastomer\\\/#breadcrumb\"},\"inLanguage\":\"fr-BE\",\"potentialAction\":[{\"@type\":\"ReadAction\",\"target\":[\"https:\\\/\\\/www.belzona.be\\\/fr\\\/product\\\/serie-elastomere\\\/belzona-2311-sr-elastomer\\\/\"]}]},{\"@type\":\"ImageObject\",\"inLanguage\":\"fr-BE\",\"@id\":\"https:\\\/\\\/www.belzona.be\\\/fr\\\/product\\\/serie-elastomere\\\/belzona-2311-sr-elastomer\\\/#primaryimage\",\"url\":\"https:\\\/\\\/www.belzona.be\\\/fr\\\/wp-content\\\/uploads\\\/sites\\\/4\\\/2022\\\/12\\\/belzona-2311-sr-elastomer.jpg\",\"contentUrl\":\"https:\\\/\\\/www.belzona.be\\\/fr\\\/wp-content\\\/uploads\\\/sites\\\/4\\\/2022\\\/12\\\/belzona-2311-sr-elastomer.jpg\",\"width\":688,\"height\":688},{\"@type\":\"BreadcrumbList\",\"@id\":\"https:\\\/\\\/www.belzona.be\\\/fr\\\/product\\\/serie-elastomere\\\/belzona-2311-sr-elastomer\\\/#breadcrumb\",\"itemListElement\":[{\"@type\":\"ListItem\",\"position\":1,\"name\":\"Accueil\",\"item\":\"https:\\\/\\\/www.belzona.be\\\/fr\\\/\"},{\"@type\":\"ListItem\",\"position\":2,\"name\":\"Produits\",\"item\":\"https:\\\/\\\/www.belzona.be\\\/fr\\\/produits\\\/\"},{\"@type\":\"ListItem\",\"position\":3,\"name\":\"Belzona 2311 SR \u2013 Elastom\u00e8re r\u00e9sistant aux solvants\"}]},{\"@type\":\"WebSite\",\"@id\":\"https:\\\/\\\/www.belzona.be\\\/fr\\\/#website\",\"url\":\"https:\\\/\\\/www.belzona.be\\\/fr\\\/\",\"name\":\"Belzona Perspect Belgique FR\",\"description\":\"Belzona : r\u00e9paration, protection et am\u00e9lioration des surfaces. Belzona pr\u00e9vient et r\u00e9pare l&#039;\u00e9rosion, la corrosion, l&#039;abrasion, ainsi que les d\u00e9gradations chimiques et m\u00e9caniques.\",\"potentialAction\":[{\"@type\":\"SearchAction\",\"target\":{\"@type\":\"EntryPoint\",\"urlTemplate\":\"https:\\\/\\\/www.belzona.be\\\/fr\\\/?s={search_term_string}\"},\"query-input\":{\"@type\":\"PropertyValueSpecification\",\"valueRequired\":true,\"valueName\":\"search_term_string\"}}],\"inLanguage\":\"fr-BE\"}]}<\/script>\n<!-- \/ Yoast SEO plugin. -->","yoast_head_json":{"title":"Belzona 2311 SR : \u00e9lastom\u00e8re r\u00e9sistant aux solvants | Perspect BE","description":"Belzona 2311 SR est un \u00e9lastom\u00e8re r\u00e9sistant aux solvants pour r\u00e9parations rapides de composants en caoutchouc et m\u00e9tal expos\u00e9s \u00e0 l\u2019usure.","robots":{"index":"index","follow":"follow","max-snippet":"max-snippet:-1","max-image-preview":"max-image-preview:large","max-video-preview":"max-video-preview:-1"},"canonical":"https:\/\/www.belzona.be\/fr\/product\/serie-elastomere\/belzona-2311-sr-elastomer\/","og_locale":"fr_FR","og_type":"article","og_title":"Belzona 2311 SR : \u00e9lastom\u00e8re r\u00e9sistant aux solvants | Perspect BE","og_description":"Belzona 2311 SR est un \u00e9lastom\u00e8re r\u00e9sistant aux solvants pour r\u00e9parations rapides de composants en caoutchouc et m\u00e9tal expos\u00e9s \u00e0 l\u2019usure.","og_url":"https:\/\/www.belzona.be\/fr\/product\/serie-elastomere\/belzona-2311-sr-elastomer\/","og_site_name":"Belzona Perspect Belgique FR","article_modified_time":"2025-12-18T08:48:05+00:00","og_image":[{"width":688,"height":688,"url":"https:\/\/www.belzona.be\/fr\/wp-content\/uploads\/sites\/4\/2022\/12\/belzona-2311-sr-elastomer.jpg","type":"image\/jpeg"}],"twitter_card":"summary_large_image","twitter_misc":{"Dur\u00e9e de lecture est.":"1 minute"},"schema":{"@context":"https:\/\/schema.org","@graph":[{"@type":"WebPage","@id":"https:\/\/www.belzona.be\/fr\/product\/serie-elastomere\/belzona-2311-sr-elastomer\/","url":"https:\/\/www.belzona.be\/fr\/product\/serie-elastomere\/belzona-2311-sr-elastomer\/","name":"Belzona 2311 SR : \u00e9lastom\u00e8re r\u00e9sistant aux solvants | Perspect BE","isPartOf":{"@id":"https:\/\/www.belzona.be\/fr\/#website"},"primaryImageOfPage":{"@id":"https:\/\/www.belzona.be\/fr\/product\/serie-elastomere\/belzona-2311-sr-elastomer\/#primaryimage"},"image":{"@id":"https:\/\/www.belzona.be\/fr\/product\/serie-elastomere\/belzona-2311-sr-elastomer\/#primaryimage"},"thumbnailUrl":"https:\/\/www.belzona.be\/fr\/wp-content\/uploads\/sites\/4\/2022\/12\/belzona-2311-sr-elastomer.jpg","datePublished":"2022-12-20T14:17:19+00:00","dateModified":"2025-12-18T08:48:05+00:00","description":"Belzona 2311 SR est un \u00e9lastom\u00e8re r\u00e9sistant aux solvants pour r\u00e9parations rapides de composants en caoutchouc et m\u00e9tal expos\u00e9s \u00e0 l\u2019usure.","breadcrumb":{"@id":"https:\/\/www.belzona.be\/fr\/product\/serie-elastomere\/belzona-2311-sr-elastomer\/#breadcrumb"},"inLanguage":"fr-BE","potentialAction":[{"@type":"ReadAction","target":["https:\/\/www.belzona.be\/fr\/product\/serie-elastomere\/belzona-2311-sr-elastomer\/"]}]},{"@type":"ImageObject","inLanguage":"fr-BE","@id":"https:\/\/www.belzona.be\/fr\/product\/serie-elastomere\/belzona-2311-sr-elastomer\/#primaryimage","url":"https:\/\/www.belzona.be\/fr\/wp-content\/uploads\/sites\/4\/2022\/12\/belzona-2311-sr-elastomer.jpg","contentUrl":"https:\/\/www.belzona.be\/fr\/wp-content\/uploads\/sites\/4\/2022\/12\/belzona-2311-sr-elastomer.jpg","width":688,"height":688},{"@type":"BreadcrumbList","@id":"https:\/\/www.belzona.be\/fr\/product\/serie-elastomere\/belzona-2311-sr-elastomer\/#breadcrumb","itemListElement":[{"@type":"ListItem","position":1,"name":"Accueil","item":"https:\/\/www.belzona.be\/fr\/"},{"@type":"ListItem","position":2,"name":"Produits","item":"https:\/\/www.belzona.be\/fr\/produits\/"},{"@type":"ListItem","position":3,"name":"Belzona 2311 SR \u2013 Elastom\u00e8re r\u00e9sistant aux solvants"}]},{"@type":"WebSite","@id":"https:\/\/www.belzona.be\/fr\/#website","url":"https:\/\/www.belzona.be\/fr\/","name":"Belzona Perspect Belgique FR","description":"Belzona : r\u00e9paration, protection et am\u00e9lioration des surfaces. Belzona pr\u00e9vient et r\u00e9pare l&#039;\u00e9rosion, la corrosion, l&#039;abrasion, ainsi que les d\u00e9gradations chimiques et m\u00e9caniques.","potentialAction":[{"@type":"SearchAction","target":{"@type":"EntryPoint","urlTemplate":"https:\/\/www.belzona.be\/fr\/?s={search_term_string}"},"query-input":{"@type":"PropertyValueSpecification","valueRequired":true,"valueName":"search_term_string"}}],"inLanguage":"fr-BE"}]}},"_links":{"self":[{"href":"https:\/\/www.belzona.be\/fr\/wp-json\/wp\/v2\/product\/428","targetHints":{"allow":["GET"]}}],"collection":[{"href":"https:\/\/www.belzona.be\/fr\/wp-json\/wp\/v2\/product"}],"about":[{"href":"https:\/\/www.belzona.be\/fr\/wp-json\/wp\/v2\/types\/product"}],"wp:featuredmedia":[{"embeddable":true,"href":"https:\/\/www.belzona.be\/fr\/wp-json\/wp\/v2\/media\/429"}],"wp:attachment":[{"href":"https:\/\/www.belzona.be\/fr\/wp-json\/wp\/v2\/media?parent=428"}],"wp:term":[{"taxonomy":"product_brand","embeddable":true,"href":"https:\/\/www.belzona.be\/fr\/wp-json\/wp\/v2\/product_brand?post=428"},{"taxonomy":"product_cat","embeddable":true,"href":"https:\/\/www.belzona.be\/fr\/wp-json\/wp\/v2\/product_cat?post=428"},{"taxonomy":"product_tag","embeddable":true,"href":"https:\/\/www.belzona.be\/fr\/wp-json\/wp\/v2\/product_tag?post=428"}],"curies":[{"name":"wp","href":"https:\/\/api.w.org\/{rel}","templated":true}]}}