{"id":426,"date":"2022-12-20T16:12:59","date_gmt":"2022-12-20T14:12:59","guid":{"rendered":"https:\/\/www.belzona.nl\/?post_type=product&#038;p=426"},"modified":"2025-12-18T09:44:31","modified_gmt":"2025-12-18T08:44:31","slug":"belzona-2221-mp-fluid-elastomer","status":"publish","type":"product","link":"https:\/\/www.belzona.be\/fr\/product\/serie-elastomere\/belzona-2221-mp-fluid-elastomer\/","title":{"rendered":"Belzona 2221 MP \u2013 Elastom\u00e8re liquide pour r\u00e9paration et rev\u00eatement"},"content":{"rendered":"","protected":false},"excerpt":{"rendered":"<p data-start=\"4289\" data-end=\"4649\">Belzona 2221 MP est un \u00e9lastom\u00e8re liquide polyur\u00e9thane, flexible et r\u00e9sistant, destin\u00e9 \u00e0 la r\u00e9paration et au rev\u00eatement du caoutchouc et du m\u00e9tal, ainsi qu\u2019au moulage de nouvelles pi\u00e8ces. Il s\u2019applique ais\u00e9ment au pinceau ou par coul\u00e9e et adh\u00e8re \u00e0 une large vari\u00e9t\u00e9 de mat\u00e9riaux : caoutchouc (nitrile, n\u00e9opr\u00e8ne, SBR), polyur\u00e9thane, PVC, acier, cuivre et b\u00e9ton.<\/p>\n<h3 data-start=\"4651\" data-end=\"4682\">Protection et performance<\/h3>\n<p data-start=\"4683\" data-end=\"4910\">Sans solvant, l\u2019\u00e9lastom\u00e8re liquide Belzona 2221 pr\u00e9sente une \u00e9lasticit\u00e9 pouvant atteindre 700 %. Il offre \u00e9galement une bonne r\u00e9sistance \u00e9lectrique et chimique, et assure une protection durable contre l\u2019\u00e9rosion et la corrosion.<\/p>\n<h3 data-start=\"4912\" data-end=\"4949\">Applications de Belzona 2221 MP<\/h3>\n<p data-start=\"4950\" data-end=\"5176\">\u2022 R\u00e9parations diverses de caoutchouc<br data-start=\"4986\" data-end=\"4989\" \/>\u2022 Joints de dilatation horizontaux<br data-start=\"5023\" data-end=\"5026\" \/>\u2022 Moulage de pi\u00e8ces flexibles<br data-start=\"5055\" data-end=\"5058\" \/>\u2022 R\u00e9alisation de membranes et rev\u00eatements \u00e9lastom\u00e8res<br data-start=\"5111\" data-end=\"5114\" \/>\u2022 Joints de coul\u00e9e<br data-start=\"5132\" data-end=\"5135\" \/>\u2022 Protection des c\u00e2bles et fils expos\u00e9s<\/p>\n<p>T\u00e9l\u00e9chargements<\/p>\n<p><a href=\"https:\/\/www.belzona.nl\/wp-content\/uploads\/sites\/4\/2022\/12\/Belzona-2221-1.pdf\">Belzona 2221<\/a><br \/>\n<a href=\"https:\/\/www.belzona.nl\/wp-content\/uploads\/sites\/4\/2022\/12\/Gebruiksinformatie-2221-1.pdf\">Information d&rsquo;utilisation 2221<\/a><br \/>\n<a href=\"https:\/\/www.belzona.nl\/wp-content\/uploads\/sites\/4\/2022\/12\/Veiligheidsinformatie-Base-7.pdf\">Informations de s\u00e9curit\u00e9 Base<\/a><br \/>\n<a href=\"https:\/\/www.belzona.nl\/wp-content\/uploads\/sites\/4\/2022\/12\/Veiligheidsinformatie-Soldifier-3.pdf\">Informations de s\u00e9curit\u00e9 Soldifier<\/a><strong><br \/>\n<\/strong><\/p>\n","protected":false},"featured_media":427,"template":"","meta":{"_acf_changed":false,"content-type":"","editor_notices":[]},"product_brand":[],"product_cat":[24],"product_tag":[],"class_list":{"0":"post-426","1":"product","2":"type-product","3":"status-publish","4":"has-post-thumbnail","6":"product_cat-serie-elastomere","8":"first","9":"instock","10":"taxable","11":"shipping-taxable","12":"product-type-simple"},"acf":[],"yoast_head":"<!-- This site is optimized with the Yoast SEO plugin v27.3 - https:\/\/yoast.com\/product\/yoast-seo-wordpress\/ -->\n<title>Belzona 2221 : \u00e9lastom\u00e8re liquide pour r\u00e9paration | Perspect BE<\/title>\n<meta name=\"description\" content=\"Belzona 2221 est un \u00e9lastom\u00e8re liquide polyur\u00e9thane destin\u00e9 au rev\u00eatement et \u00e0 la r\u00e9paration, offrant \u00e9lasticit\u00e9, r\u00e9sistance chimique et durabilit\u00e9.\" \/>\n<meta name=\"robots\" content=\"index, follow, max-snippet:-1, max-image-preview:large, max-video-preview:-1\" \/>\n<link rel=\"canonical\" href=\"https:\/\/www.belzona.be\/fr\/product\/serie-elastomere\/belzona-2221-mp-fluid-elastomer\/\" \/>\n<meta property=\"og:locale\" content=\"fr_FR\" \/>\n<meta property=\"og:type\" content=\"article\" \/>\n<meta property=\"og:title\" content=\"Belzona 2221 : \u00e9lastom\u00e8re liquide pour r\u00e9paration | Perspect BE\" \/>\n<meta property=\"og:description\" content=\"Belzona 2221 est un \u00e9lastom\u00e8re liquide polyur\u00e9thane destin\u00e9 au rev\u00eatement et \u00e0 la r\u00e9paration, offrant \u00e9lasticit\u00e9, r\u00e9sistance chimique et durabilit\u00e9.\" \/>\n<meta property=\"og:url\" content=\"https:\/\/www.belzona.be\/fr\/product\/serie-elastomere\/belzona-2221-mp-fluid-elastomer\/\" \/>\n<meta property=\"og:site_name\" content=\"Belzona Perspect Belgique FR\" \/>\n<meta property=\"article:modified_time\" content=\"2025-12-18T08:44:31+00:00\" \/>\n<meta property=\"og:image\" content=\"https:\/\/www.belzona.be\/fr\/wp-content\/uploads\/sites\/4\/2022\/12\/belzona-2221-mp-fluid-elastomer.jpg\" \/>\n\t<meta property=\"og:image:width\" content=\"667\" \/>\n\t<meta property=\"og:image:height\" content=\"667\" \/>\n\t<meta property=\"og:image:type\" content=\"image\/jpeg\" \/>\n<meta name=\"twitter:card\" content=\"summary_large_image\" \/>\n<meta name=\"twitter:label1\" content=\"Dur\u00e9e de lecture est.\" \/>\n\t<meta name=\"twitter:data1\" content=\"1 minute\" \/>\n<script type=\"application\/ld+json\" class=\"yoast-schema-graph\">{\"@context\":\"https:\\\/\\\/schema.org\",\"@graph\":[{\"@type\":\"WebPage\",\"@id\":\"https:\\\/\\\/www.belzona.be\\\/fr\\\/product\\\/serie-elastomere\\\/belzona-2221-mp-fluid-elastomer\\\/\",\"url\":\"https:\\\/\\\/www.belzona.be\\\/fr\\\/product\\\/serie-elastomere\\\/belzona-2221-mp-fluid-elastomer\\\/\",\"name\":\"Belzona 2221 : \u00e9lastom\u00e8re liquide pour r\u00e9paration | Perspect BE\",\"isPartOf\":{\"@id\":\"https:\\\/\\\/www.belzona.be\\\/fr\\\/#website\"},\"primaryImageOfPage\":{\"@id\":\"https:\\\/\\\/www.belzona.be\\\/fr\\\/product\\\/serie-elastomere\\\/belzona-2221-mp-fluid-elastomer\\\/#primaryimage\"},\"image\":{\"@id\":\"https:\\\/\\\/www.belzona.be\\\/fr\\\/product\\\/serie-elastomere\\\/belzona-2221-mp-fluid-elastomer\\\/#primaryimage\"},\"thumbnailUrl\":\"https:\\\/\\\/www.belzona.be\\\/fr\\\/wp-content\\\/uploads\\\/sites\\\/4\\\/2022\\\/12\\\/belzona-2221-mp-fluid-elastomer.jpg\",\"datePublished\":\"2022-12-20T14:12:59+00:00\",\"dateModified\":\"2025-12-18T08:44:31+00:00\",\"description\":\"Belzona 2221 est un \u00e9lastom\u00e8re liquide polyur\u00e9thane destin\u00e9 au rev\u00eatement et \u00e0 la r\u00e9paration, offrant \u00e9lasticit\u00e9, r\u00e9sistance chimique et durabilit\u00e9.\",\"breadcrumb\":{\"@id\":\"https:\\\/\\\/www.belzona.be\\\/fr\\\/product\\\/serie-elastomere\\\/belzona-2221-mp-fluid-elastomer\\\/#breadcrumb\"},\"inLanguage\":\"fr-BE\",\"potentialAction\":[{\"@type\":\"ReadAction\",\"target\":[\"https:\\\/\\\/www.belzona.be\\\/fr\\\/product\\\/serie-elastomere\\\/belzona-2221-mp-fluid-elastomer\\\/\"]}]},{\"@type\":\"ImageObject\",\"inLanguage\":\"fr-BE\",\"@id\":\"https:\\\/\\\/www.belzona.be\\\/fr\\\/product\\\/serie-elastomere\\\/belzona-2221-mp-fluid-elastomer\\\/#primaryimage\",\"url\":\"https:\\\/\\\/www.belzona.be\\\/fr\\\/wp-content\\\/uploads\\\/sites\\\/4\\\/2022\\\/12\\\/belzona-2221-mp-fluid-elastomer.jpg\",\"contentUrl\":\"https:\\\/\\\/www.belzona.be\\\/fr\\\/wp-content\\\/uploads\\\/sites\\\/4\\\/2022\\\/12\\\/belzona-2221-mp-fluid-elastomer.jpg\",\"width\":667,\"height\":667},{\"@type\":\"BreadcrumbList\",\"@id\":\"https:\\\/\\\/www.belzona.be\\\/fr\\\/product\\\/serie-elastomere\\\/belzona-2221-mp-fluid-elastomer\\\/#breadcrumb\",\"itemListElement\":[{\"@type\":\"ListItem\",\"position\":1,\"name\":\"Accueil\",\"item\":\"https:\\\/\\\/www.belzona.be\\\/fr\\\/\"},{\"@type\":\"ListItem\",\"position\":2,\"name\":\"Produits\",\"item\":\"https:\\\/\\\/www.belzona.be\\\/fr\\\/produits\\\/\"},{\"@type\":\"ListItem\",\"position\":3,\"name\":\"Belzona 2221 MP \u2013 Elastom\u00e8re liquide pour r\u00e9paration et rev\u00eatement\"}]},{\"@type\":\"WebSite\",\"@id\":\"https:\\\/\\\/www.belzona.be\\\/fr\\\/#website\",\"url\":\"https:\\\/\\\/www.belzona.be\\\/fr\\\/\",\"name\":\"Belzona Perspect Belgique FR\",\"description\":\"Belzona : r\u00e9paration, protection et am\u00e9lioration des surfaces. Belzona pr\u00e9vient et r\u00e9pare l&#039;\u00e9rosion, la corrosion, l&#039;abrasion, ainsi que les d\u00e9gradations chimiques et m\u00e9caniques.\",\"potentialAction\":[{\"@type\":\"SearchAction\",\"target\":{\"@type\":\"EntryPoint\",\"urlTemplate\":\"https:\\\/\\\/www.belzona.be\\\/fr\\\/?s={search_term_string}\"},\"query-input\":{\"@type\":\"PropertyValueSpecification\",\"valueRequired\":true,\"valueName\":\"search_term_string\"}}],\"inLanguage\":\"fr-BE\"}]}<\/script>\n<!-- \/ Yoast SEO plugin. -->","yoast_head_json":{"title":"Belzona 2221 : \u00e9lastom\u00e8re liquide pour r\u00e9paration | Perspect BE","description":"Belzona 2221 est un \u00e9lastom\u00e8re liquide polyur\u00e9thane destin\u00e9 au rev\u00eatement et \u00e0 la r\u00e9paration, offrant \u00e9lasticit\u00e9, r\u00e9sistance chimique et durabilit\u00e9.","robots":{"index":"index","follow":"follow","max-snippet":"max-snippet:-1","max-image-preview":"max-image-preview:large","max-video-preview":"max-video-preview:-1"},"canonical":"https:\/\/www.belzona.be\/fr\/product\/serie-elastomere\/belzona-2221-mp-fluid-elastomer\/","og_locale":"fr_FR","og_type":"article","og_title":"Belzona 2221 : \u00e9lastom\u00e8re liquide pour r\u00e9paration | Perspect BE","og_description":"Belzona 2221 est un \u00e9lastom\u00e8re liquide polyur\u00e9thane destin\u00e9 au rev\u00eatement et \u00e0 la r\u00e9paration, offrant \u00e9lasticit\u00e9, r\u00e9sistance chimique et durabilit\u00e9.","og_url":"https:\/\/www.belzona.be\/fr\/product\/serie-elastomere\/belzona-2221-mp-fluid-elastomer\/","og_site_name":"Belzona Perspect Belgique FR","article_modified_time":"2025-12-18T08:44:31+00:00","og_image":[{"width":667,"height":667,"url":"https:\/\/www.belzona.be\/fr\/wp-content\/uploads\/sites\/4\/2022\/12\/belzona-2221-mp-fluid-elastomer.jpg","type":"image\/jpeg"}],"twitter_card":"summary_large_image","twitter_misc":{"Dur\u00e9e de lecture est.":"1 minute"},"schema":{"@context":"https:\/\/schema.org","@graph":[{"@type":"WebPage","@id":"https:\/\/www.belzona.be\/fr\/product\/serie-elastomere\/belzona-2221-mp-fluid-elastomer\/","url":"https:\/\/www.belzona.be\/fr\/product\/serie-elastomere\/belzona-2221-mp-fluid-elastomer\/","name":"Belzona 2221 : \u00e9lastom\u00e8re liquide pour r\u00e9paration | Perspect BE","isPartOf":{"@id":"https:\/\/www.belzona.be\/fr\/#website"},"primaryImageOfPage":{"@id":"https:\/\/www.belzona.be\/fr\/product\/serie-elastomere\/belzona-2221-mp-fluid-elastomer\/#primaryimage"},"image":{"@id":"https:\/\/www.belzona.be\/fr\/product\/serie-elastomere\/belzona-2221-mp-fluid-elastomer\/#primaryimage"},"thumbnailUrl":"https:\/\/www.belzona.be\/fr\/wp-content\/uploads\/sites\/4\/2022\/12\/belzona-2221-mp-fluid-elastomer.jpg","datePublished":"2022-12-20T14:12:59+00:00","dateModified":"2025-12-18T08:44:31+00:00","description":"Belzona 2221 est un \u00e9lastom\u00e8re liquide polyur\u00e9thane destin\u00e9 au rev\u00eatement et \u00e0 la r\u00e9paration, offrant \u00e9lasticit\u00e9, r\u00e9sistance chimique et durabilit\u00e9.","breadcrumb":{"@id":"https:\/\/www.belzona.be\/fr\/product\/serie-elastomere\/belzona-2221-mp-fluid-elastomer\/#breadcrumb"},"inLanguage":"fr-BE","potentialAction":[{"@type":"ReadAction","target":["https:\/\/www.belzona.be\/fr\/product\/serie-elastomere\/belzona-2221-mp-fluid-elastomer\/"]}]},{"@type":"ImageObject","inLanguage":"fr-BE","@id":"https:\/\/www.belzona.be\/fr\/product\/serie-elastomere\/belzona-2221-mp-fluid-elastomer\/#primaryimage","url":"https:\/\/www.belzona.be\/fr\/wp-content\/uploads\/sites\/4\/2022\/12\/belzona-2221-mp-fluid-elastomer.jpg","contentUrl":"https:\/\/www.belzona.be\/fr\/wp-content\/uploads\/sites\/4\/2022\/12\/belzona-2221-mp-fluid-elastomer.jpg","width":667,"height":667},{"@type":"BreadcrumbList","@id":"https:\/\/www.belzona.be\/fr\/product\/serie-elastomere\/belzona-2221-mp-fluid-elastomer\/#breadcrumb","itemListElement":[{"@type":"ListItem","position":1,"name":"Accueil","item":"https:\/\/www.belzona.be\/fr\/"},{"@type":"ListItem","position":2,"name":"Produits","item":"https:\/\/www.belzona.be\/fr\/produits\/"},{"@type":"ListItem","position":3,"name":"Belzona 2221 MP \u2013 Elastom\u00e8re liquide pour r\u00e9paration et rev\u00eatement"}]},{"@type":"WebSite","@id":"https:\/\/www.belzona.be\/fr\/#website","url":"https:\/\/www.belzona.be\/fr\/","name":"Belzona Perspect Belgique FR","description":"Belzona : r\u00e9paration, protection et am\u00e9lioration des surfaces. Belzona pr\u00e9vient et r\u00e9pare l&#039;\u00e9rosion, la corrosion, l&#039;abrasion, ainsi que les d\u00e9gradations chimiques et m\u00e9caniques.","potentialAction":[{"@type":"SearchAction","target":{"@type":"EntryPoint","urlTemplate":"https:\/\/www.belzona.be\/fr\/?s={search_term_string}"},"query-input":{"@type":"PropertyValueSpecification","valueRequired":true,"valueName":"search_term_string"}}],"inLanguage":"fr-BE"}]}},"_links":{"self":[{"href":"https:\/\/www.belzona.be\/fr\/wp-json\/wp\/v2\/product\/426","targetHints":{"allow":["GET"]}}],"collection":[{"href":"https:\/\/www.belzona.be\/fr\/wp-json\/wp\/v2\/product"}],"about":[{"href":"https:\/\/www.belzona.be\/fr\/wp-json\/wp\/v2\/types\/product"}],"wp:featuredmedia":[{"embeddable":true,"href":"https:\/\/www.belzona.be\/fr\/wp-json\/wp\/v2\/media\/427"}],"wp:attachment":[{"href":"https:\/\/www.belzona.be\/fr\/wp-json\/wp\/v2\/media?parent=426"}],"wp:term":[{"taxonomy":"product_brand","embeddable":true,"href":"https:\/\/www.belzona.be\/fr\/wp-json\/wp\/v2\/product_brand?post=426"},{"taxonomy":"product_cat","embeddable":true,"href":"https:\/\/www.belzona.be\/fr\/wp-json\/wp\/v2\/product_cat?post=426"},{"taxonomy":"product_tag","embeddable":true,"href":"https:\/\/www.belzona.be\/fr\/wp-json\/wp\/v2\/product_tag?post=426"}],"curies":[{"name":"wp","href":"https:\/\/api.w.org\/{rel}","templated":true}]}}