{"id":412,"date":"2022-12-20T15:45:12","date_gmt":"2022-12-20T13:45:12","guid":{"rendered":"https:\/\/www.belzona.nl\/?post_type=product&#038;p=412"},"modified":"2025-12-18T09:44:35","modified_gmt":"2025-12-18T08:44:35","slug":"belzona-1212","status":"publish","type":"product","link":"https:\/\/www.belzona.be\/fr\/product\/serie-1000-metal-liquide-et-malleable\/belzona-1212\/","title":{"rendered":"Belzona 1212 \u2013 P\u00e2te d\u2019\u00e9tanch\u00e9it\u00e9 et de r\u00e9paration sous l\u2019eau"},"content":{"rendered":"<p><iframe title=\"Belzona 1212 - Rapid Curing Technology for Leak Sealing\" width=\"980\" height=\"551\" data-src=\"https:\/\/www.youtube.com\/embed\/Gy-67dKLi9o?feature=oembed\" frameborder=\"0\" allow=\"accelerometer; autoplay; clipboard-write; encrypted-media; gyroscope; picture-in-picture; web-share\" referrerpolicy=\"strict-origin-when-cross-origin\" allowfullscreen src=\"data:image\/svg+xml;base64,PHN2ZyB3aWR0aD0iMSIgaGVpZ2h0PSIxIiB4bWxucz0iaHR0cDovL3d3dy53My5vcmcvMjAwMC9zdmciPjwvc3ZnPg==\" class=\"lazyload\" data-load-mode=\"1\"><\/iframe><\/p>\n","protected":false},"excerpt":{"rendered":"<div class=\"flex-shrink-0 flex flex-col relative items-end\">\n<div>\n<div class=\"pt-0\">\n<div class=\"gizmo-bot-avatar flex h-8 w-8 items-center justify-center overflow-hidden rounded-full\">\n<p data-start=\"5140\" data-end=\"5461\">Belzona 1212 est une p\u00e2te d\u2019\u00e9tanch\u00e9it\u00e9 et de r\u00e9paration con\u00e7ue pour intervenir sur des surfaces mouill\u00e9es, contamin\u00e9es par l\u2019huile ou situ\u00e9es sous l\u2019eau. Ce mat\u00e9riau multifonctionnel durcit rapidement, m\u00eame \u00e0 basse temp\u00e9rature, permettant d\u2019effectuer des r\u00e9parations d\u2019urgence tout en maintenant un temps d\u2019arr\u00eat minimal.<\/p>\n<h3 data-start=\"5463\" data-end=\"5501\">Facile \u00e0 pr\u00e9parer et \u00e0 appliquer<\/h3>\n<p data-start=\"5502\" data-end=\"5790\">Belzona 1212 est une p\u00e2te bicomposante au rapport de m\u00e9lange 1:1, simple \u00e0 pr\u00e9parer. Son application ne n\u00e9cessite aucun \u00e9quipement sp\u00e9cialis\u00e9, ce qui facilite les interventions sur site. Le produit pr\u00e9sente une r\u00e9sistance chimique \u00e9lev\u00e9e et assure une excellente protection anticorrosion.<\/p>\n<h3 data-start=\"5792\" data-end=\"5826\">Applications du Belzona 1212<\/h3>\n<p data-start=\"5827\" data-end=\"6281\">\u2022 Collages et r\u00e9parations de piq\u00fbres de corrosion ou de surfaces mouill\u00e9es, suintantes ou contamin\u00e9es par l\u2019huile, notamment lorsque le sablage est impossible<br data-start=\"5985\" data-end=\"5988\" \/>\u2022 \u00c9tanch\u00e9it\u00e9 sur site de fuites d\u2019huile et autres liquides sur r\u00e9servoirs, moteurs, bo\u00eetes de vitesses, transformateurs et pompes<br data-start=\"6117\" data-end=\"6120\" \/>\u2022 R\u00e9parations de structures offshore et d\u2019\u00e9quipements marins, sans immobilisation du navire<br data-start=\"6211\" data-end=\"6214\" \/>\u2022 R\u00e9parations sous-marines, y compris dans les zones de d\u00e9ferlement<\/p>\n<\/div>\n<\/div>\n<\/div>\n<\/div>\n","protected":false},"featured_media":413,"template":"","meta":{"_acf_changed":false,"content-type":"","editor_notices":[]},"product_brand":[],"product_cat":[23],"product_tag":[],"class_list":{"0":"post-412","1":"product","2":"type-product","3":"status-publish","4":"has-post-thumbnail","6":"product_cat-serie-1000-metal-liquide-et-malleable","8":"first","9":"instock","10":"taxable","11":"shipping-taxable","12":"product-type-simple"},"acf":[],"yoast_head":"<!-- This site is optimized with the Yoast SEO plugin v27.3 - https:\/\/yoast.com\/product\/yoast-seo-wordpress\/ -->\n<title>Belzona 1212 : p\u00e2te d\u2019\u00e9tanch\u00e9it\u00e9 sous l\u2019eau | Perspect BE<\/title>\n<meta name=\"description\" content=\"Belzona 1212 est une p\u00e2te d\u2019\u00e9tanch\u00e9it\u00e9 bicomposante pour r\u00e9parations d\u2019urgence sur surfaces mouill\u00e9es, huil\u00e9es ou sous-marines, avec durcissement rapide.\" \/>\n<meta name=\"robots\" content=\"index, follow, max-snippet:-1, max-image-preview:large, max-video-preview:-1\" \/>\n<link rel=\"canonical\" href=\"https:\/\/www.belzona.be\/fr\/product\/serie-1000-metal-liquide-et-malleable\/belzona-1212\/\" \/>\n<meta property=\"og:locale\" content=\"fr_FR\" \/>\n<meta property=\"og:type\" content=\"article\" \/>\n<meta property=\"og:title\" content=\"Belzona 1212 : p\u00e2te d\u2019\u00e9tanch\u00e9it\u00e9 sous l\u2019eau | Perspect BE\" \/>\n<meta property=\"og:description\" content=\"Belzona 1212 est une p\u00e2te d\u2019\u00e9tanch\u00e9it\u00e9 bicomposante pour r\u00e9parations d\u2019urgence sur surfaces mouill\u00e9es, huil\u00e9es ou sous-marines, avec durcissement rapide.\" \/>\n<meta property=\"og:url\" content=\"https:\/\/www.belzona.be\/fr\/product\/serie-1000-metal-liquide-et-malleable\/belzona-1212\/\" \/>\n<meta property=\"og:site_name\" content=\"Belzona Perspect Belgique FR\" \/>\n<meta property=\"article:modified_time\" content=\"2025-12-18T08:44:35+00:00\" \/>\n<meta property=\"og:image\" content=\"https:\/\/www.belzona.be\/fr\/wp-content\/uploads\/sites\/4\/2022\/12\/belzona-1212.jpg\" \/>\n\t<meta property=\"og:image:width\" content=\"694\" \/>\n\t<meta property=\"og:image:height\" content=\"694\" \/>\n\t<meta property=\"og:image:type\" content=\"image\/jpeg\" \/>\n<meta name=\"twitter:card\" content=\"summary_large_image\" \/>\n<meta name=\"twitter:label1\" content=\"Dur\u00e9e de lecture est.\" \/>\n\t<meta name=\"twitter:data1\" content=\"1 minute\" \/>\n<script type=\"application\/ld+json\" class=\"yoast-schema-graph\">{\"@context\":\"https:\\\/\\\/schema.org\",\"@graph\":[{\"@type\":\"WebPage\",\"@id\":\"https:\\\/\\\/www.belzona.be\\\/fr\\\/product\\\/serie-1000-metal-liquide-et-malleable\\\/belzona-1212\\\/\",\"url\":\"https:\\\/\\\/www.belzona.be\\\/fr\\\/product\\\/serie-1000-metal-liquide-et-malleable\\\/belzona-1212\\\/\",\"name\":\"Belzona 1212 : p\u00e2te d\u2019\u00e9tanch\u00e9it\u00e9 sous l\u2019eau | Perspect BE\",\"isPartOf\":{\"@id\":\"https:\\\/\\\/www.belzona.be\\\/fr\\\/#website\"},\"primaryImageOfPage\":{\"@id\":\"https:\\\/\\\/www.belzona.be\\\/fr\\\/product\\\/serie-1000-metal-liquide-et-malleable\\\/belzona-1212\\\/#primaryimage\"},\"image\":{\"@id\":\"https:\\\/\\\/www.belzona.be\\\/fr\\\/product\\\/serie-1000-metal-liquide-et-malleable\\\/belzona-1212\\\/#primaryimage\"},\"thumbnailUrl\":\"https:\\\/\\\/www.belzona.be\\\/fr\\\/wp-content\\\/uploads\\\/sites\\\/4\\\/2022\\\/12\\\/belzona-1212.jpg\",\"datePublished\":\"2022-12-20T13:45:12+00:00\",\"dateModified\":\"2025-12-18T08:44:35+00:00\",\"description\":\"Belzona 1212 est une p\u00e2te d\u2019\u00e9tanch\u00e9it\u00e9 bicomposante pour r\u00e9parations d\u2019urgence sur surfaces mouill\u00e9es, huil\u00e9es ou sous-marines, avec durcissement rapide.\",\"breadcrumb\":{\"@id\":\"https:\\\/\\\/www.belzona.be\\\/fr\\\/product\\\/serie-1000-metal-liquide-et-malleable\\\/belzona-1212\\\/#breadcrumb\"},\"inLanguage\":\"fr-BE\",\"potentialAction\":[{\"@type\":\"ReadAction\",\"target\":[\"https:\\\/\\\/www.belzona.be\\\/fr\\\/product\\\/serie-1000-metal-liquide-et-malleable\\\/belzona-1212\\\/\"]}]},{\"@type\":\"ImageObject\",\"inLanguage\":\"fr-BE\",\"@id\":\"https:\\\/\\\/www.belzona.be\\\/fr\\\/product\\\/serie-1000-metal-liquide-et-malleable\\\/belzona-1212\\\/#primaryimage\",\"url\":\"https:\\\/\\\/www.belzona.be\\\/fr\\\/wp-content\\\/uploads\\\/sites\\\/4\\\/2022\\\/12\\\/belzona-1212.jpg\",\"contentUrl\":\"https:\\\/\\\/www.belzona.be\\\/fr\\\/wp-content\\\/uploads\\\/sites\\\/4\\\/2022\\\/12\\\/belzona-1212.jpg\",\"width\":694,\"height\":694},{\"@type\":\"BreadcrumbList\",\"@id\":\"https:\\\/\\\/www.belzona.be\\\/fr\\\/product\\\/serie-1000-metal-liquide-et-malleable\\\/belzona-1212\\\/#breadcrumb\",\"itemListElement\":[{\"@type\":\"ListItem\",\"position\":1,\"name\":\"Accueil\",\"item\":\"https:\\\/\\\/www.belzona.be\\\/fr\\\/\"},{\"@type\":\"ListItem\",\"position\":2,\"name\":\"Produits\",\"item\":\"https:\\\/\\\/www.belzona.be\\\/fr\\\/produits\\\/\"},{\"@type\":\"ListItem\",\"position\":3,\"name\":\"Belzona 1212 \u2013 P\u00e2te d\u2019\u00e9tanch\u00e9it\u00e9 et de r\u00e9paration sous l\u2019eau\"}]},{\"@type\":\"WebSite\",\"@id\":\"https:\\\/\\\/www.belzona.be\\\/fr\\\/#website\",\"url\":\"https:\\\/\\\/www.belzona.be\\\/fr\\\/\",\"name\":\"Belzona Perspect Belgique FR\",\"description\":\"Belzona : r\u00e9paration, protection et am\u00e9lioration des surfaces. Belzona pr\u00e9vient et r\u00e9pare l&#039;\u00e9rosion, la corrosion, l&#039;abrasion, ainsi que les d\u00e9gradations chimiques et m\u00e9caniques.\",\"potentialAction\":[{\"@type\":\"SearchAction\",\"target\":{\"@type\":\"EntryPoint\",\"urlTemplate\":\"https:\\\/\\\/www.belzona.be\\\/fr\\\/?s={search_term_string}\"},\"query-input\":{\"@type\":\"PropertyValueSpecification\",\"valueRequired\":true,\"valueName\":\"search_term_string\"}}],\"inLanguage\":\"fr-BE\"}]}<\/script>\n<!-- \/ Yoast SEO plugin. -->","yoast_head_json":{"title":"Belzona 1212 : p\u00e2te d\u2019\u00e9tanch\u00e9it\u00e9 sous l\u2019eau | Perspect BE","description":"Belzona 1212 est une p\u00e2te d\u2019\u00e9tanch\u00e9it\u00e9 bicomposante pour r\u00e9parations d\u2019urgence sur surfaces mouill\u00e9es, huil\u00e9es ou sous-marines, avec durcissement rapide.","robots":{"index":"index","follow":"follow","max-snippet":"max-snippet:-1","max-image-preview":"max-image-preview:large","max-video-preview":"max-video-preview:-1"},"canonical":"https:\/\/www.belzona.be\/fr\/product\/serie-1000-metal-liquide-et-malleable\/belzona-1212\/","og_locale":"fr_FR","og_type":"article","og_title":"Belzona 1212 : p\u00e2te d\u2019\u00e9tanch\u00e9it\u00e9 sous l\u2019eau | Perspect BE","og_description":"Belzona 1212 est une p\u00e2te d\u2019\u00e9tanch\u00e9it\u00e9 bicomposante pour r\u00e9parations d\u2019urgence sur surfaces mouill\u00e9es, huil\u00e9es ou sous-marines, avec durcissement rapide.","og_url":"https:\/\/www.belzona.be\/fr\/product\/serie-1000-metal-liquide-et-malleable\/belzona-1212\/","og_site_name":"Belzona Perspect Belgique FR","article_modified_time":"2025-12-18T08:44:35+00:00","og_image":[{"width":694,"height":694,"url":"https:\/\/www.belzona.be\/fr\/wp-content\/uploads\/sites\/4\/2022\/12\/belzona-1212.jpg","type":"image\/jpeg"}],"twitter_card":"summary_large_image","twitter_misc":{"Dur\u00e9e de lecture est.":"1 minute"},"schema":{"@context":"https:\/\/schema.org","@graph":[{"@type":"WebPage","@id":"https:\/\/www.belzona.be\/fr\/product\/serie-1000-metal-liquide-et-malleable\/belzona-1212\/","url":"https:\/\/www.belzona.be\/fr\/product\/serie-1000-metal-liquide-et-malleable\/belzona-1212\/","name":"Belzona 1212 : p\u00e2te d\u2019\u00e9tanch\u00e9it\u00e9 sous l\u2019eau | Perspect BE","isPartOf":{"@id":"https:\/\/www.belzona.be\/fr\/#website"},"primaryImageOfPage":{"@id":"https:\/\/www.belzona.be\/fr\/product\/serie-1000-metal-liquide-et-malleable\/belzona-1212\/#primaryimage"},"image":{"@id":"https:\/\/www.belzona.be\/fr\/product\/serie-1000-metal-liquide-et-malleable\/belzona-1212\/#primaryimage"},"thumbnailUrl":"https:\/\/www.belzona.be\/fr\/wp-content\/uploads\/sites\/4\/2022\/12\/belzona-1212.jpg","datePublished":"2022-12-20T13:45:12+00:00","dateModified":"2025-12-18T08:44:35+00:00","description":"Belzona 1212 est une p\u00e2te d\u2019\u00e9tanch\u00e9it\u00e9 bicomposante pour r\u00e9parations d\u2019urgence sur surfaces mouill\u00e9es, huil\u00e9es ou sous-marines, avec durcissement rapide.","breadcrumb":{"@id":"https:\/\/www.belzona.be\/fr\/product\/serie-1000-metal-liquide-et-malleable\/belzona-1212\/#breadcrumb"},"inLanguage":"fr-BE","potentialAction":[{"@type":"ReadAction","target":["https:\/\/www.belzona.be\/fr\/product\/serie-1000-metal-liquide-et-malleable\/belzona-1212\/"]}]},{"@type":"ImageObject","inLanguage":"fr-BE","@id":"https:\/\/www.belzona.be\/fr\/product\/serie-1000-metal-liquide-et-malleable\/belzona-1212\/#primaryimage","url":"https:\/\/www.belzona.be\/fr\/wp-content\/uploads\/sites\/4\/2022\/12\/belzona-1212.jpg","contentUrl":"https:\/\/www.belzona.be\/fr\/wp-content\/uploads\/sites\/4\/2022\/12\/belzona-1212.jpg","width":694,"height":694},{"@type":"BreadcrumbList","@id":"https:\/\/www.belzona.be\/fr\/product\/serie-1000-metal-liquide-et-malleable\/belzona-1212\/#breadcrumb","itemListElement":[{"@type":"ListItem","position":1,"name":"Accueil","item":"https:\/\/www.belzona.be\/fr\/"},{"@type":"ListItem","position":2,"name":"Produits","item":"https:\/\/www.belzona.be\/fr\/produits\/"},{"@type":"ListItem","position":3,"name":"Belzona 1212 \u2013 P\u00e2te d\u2019\u00e9tanch\u00e9it\u00e9 et de r\u00e9paration sous l\u2019eau"}]},{"@type":"WebSite","@id":"https:\/\/www.belzona.be\/fr\/#website","url":"https:\/\/www.belzona.be\/fr\/","name":"Belzona Perspect Belgique FR","description":"Belzona : r\u00e9paration, protection et am\u00e9lioration des surfaces. Belzona pr\u00e9vient et r\u00e9pare l&#039;\u00e9rosion, la corrosion, l&#039;abrasion, ainsi que les d\u00e9gradations chimiques et m\u00e9caniques.","potentialAction":[{"@type":"SearchAction","target":{"@type":"EntryPoint","urlTemplate":"https:\/\/www.belzona.be\/fr\/?s={search_term_string}"},"query-input":{"@type":"PropertyValueSpecification","valueRequired":true,"valueName":"search_term_string"}}],"inLanguage":"fr-BE"}]}},"_links":{"self":[{"href":"https:\/\/www.belzona.be\/fr\/wp-json\/wp\/v2\/product\/412","targetHints":{"allow":["GET"]}}],"collection":[{"href":"https:\/\/www.belzona.be\/fr\/wp-json\/wp\/v2\/product"}],"about":[{"href":"https:\/\/www.belzona.be\/fr\/wp-json\/wp\/v2\/types\/product"}],"wp:featuredmedia":[{"embeddable":true,"href":"https:\/\/www.belzona.be\/fr\/wp-json\/wp\/v2\/media\/413"}],"wp:attachment":[{"href":"https:\/\/www.belzona.be\/fr\/wp-json\/wp\/v2\/media?parent=412"}],"wp:term":[{"taxonomy":"product_brand","embeddable":true,"href":"https:\/\/www.belzona.be\/fr\/wp-json\/wp\/v2\/product_brand?post=412"},{"taxonomy":"product_cat","embeddable":true,"href":"https:\/\/www.belzona.be\/fr\/wp-json\/wp\/v2\/product_cat?post=412"},{"taxonomy":"product_tag","embeddable":true,"href":"https:\/\/www.belzona.be\/fr\/wp-json\/wp\/v2\/product_tag?post=412"}],"curies":[{"name":"wp","href":"https:\/\/api.w.org\/{rel}","templated":true}]}}