{"id":410,"date":"2022-12-20T15:40:20","date_gmt":"2022-12-20T13:40:20","guid":{"rendered":"https:\/\/www.belzona.nl\/?post_type=product&#038;p=410"},"modified":"2025-12-18T09:44:38","modified_gmt":"2025-12-18T08:44:38","slug":"belzona-1821-fluid-metal-gripcoating-voor-metaal","status":"publish","type":"product","link":"https:\/\/www.belzona.be\/fr\/product\/serie-1000-metal-liquide-et-malleable\/belzona-1821-fluid-metal-gripcoating-voor-metaal\/","title":{"rendered":"Belzona 1821 Fluid Metal \u2013 Primaire m\u00e9tal pour surfaces m\u00e9talliques"},"content":{"rendered":"","protected":false},"excerpt":{"rendered":"<p data-start=\"3905\" data-end=\"4255\">Belzona 1821 Fluid Metal est un primaire m\u00e9tal destin\u00e9 \u00e0 r\u00e9parer et am\u00e9liorer l\u2019adh\u00e9rence des surfaces m\u00e9talliques sur machines, \u00e9quipements et passerelles. Ce mat\u00e9riau bicomposant est formul\u00e9 \u00e0 partir d\u2019un alliage de silicium associ\u00e9 \u00e0 des polym\u00e8res r\u00e9actifs de haut poids mol\u00e9culaire. Il se m\u00e9lange facilement et s\u2019applique sans outils sp\u00e9cialis\u00e9s.<\/p>\n<h3 data-start=\"4257\" data-end=\"4306\">Applications du primaire m\u00e9tal Belzona 1821<\/h3>\n<p data-start=\"4307\" data-end=\"4535\">\u2022 Passerelles et plateformes industrielles<br data-start=\"4349\" data-end=\"4352\" \/>\u2022 Escaliers de secours<br data-start=\"4374\" data-end=\"4377\" \/>\u2022 Acc\u00e8s et mont\u00e9es de v\u00e9hicules<br data-start=\"4408\" data-end=\"4411\" \/>\u2022 All\u00e9es et zones de circulation<br data-start=\"4443\" data-end=\"4446\" \/>\u2022 Rouleaux d\u2019essai pour bancs de freinage<br data-start=\"4487\" data-end=\"4490\" \/>\u2022 Bras de pr\u00e9hension de chariots \u00e9l\u00e9vateurs<\/p>\n<p><strong>T\u00e9l\u00e9chargements<\/strong><br \/>\n<a href=\"https:\/\/www.belzona.nl\/wp-content\/uploads\/sites\/4\/2022\/12\/Belzona-1821.pdf\">Belzona 1821<\/a><br \/>\n<a href=\"https:\/\/www.belzona.nl\/wp-content\/uploads\/sites\/4\/2022\/12\/Gebruiksinstructie-1821.pdf\">Mode d&#8217;emploi 1821<\/a><br \/>\n<a href=\"https:\/\/www.belzona.nl\/wp-content\/uploads\/sites\/4\/2022\/12\/Veiligheidsinformatie-Base-9.pdf\">Informations de s\u00e9curit\u00e9 Base<\/a><br \/>\n<a href=\"https:\/\/www.belzona.nl\/wp-content\/uploads\/sites\/4\/2022\/12\/Veiligheidsinformatie-Solidifier-4.pdf\">Informations de s\u00e9curit\u00e9 Solidifier<\/a><\/p>\n","protected":false},"featured_media":411,"template":"","meta":{"_acf_changed":false,"content-type":"","editor_notices":[]},"product_brand":[],"product_cat":[23],"product_tag":[],"class_list":{"0":"post-410","1":"product","2":"type-product","3":"status-publish","4":"has-post-thumbnail","6":"product_cat-serie-1000-metal-liquide-et-malleable","8":"first","9":"instock","10":"taxable","11":"shipping-taxable","12":"product-type-simple"},"acf":[],"yoast_head":"<!-- This site is optimized with the Yoast SEO plugin v27.3 - https:\/\/yoast.com\/product\/yoast-seo-wordpress\/ -->\n<title>Belzona 1821 : primaire m\u00e9tal pour adh\u00e9rence | Perspect BE<\/title>\n<meta name=\"description\" content=\"Belzona 1821 est un primaire m\u00e9tal bicomposant am\u00e9liorant l\u2019adh\u00e9rence des surfaces m\u00e9talliques, id\u00e9al pour machines, passerelles et zones de circulation.\" \/>\n<meta name=\"robots\" content=\"index, follow, max-snippet:-1, max-image-preview:large, max-video-preview:-1\" \/>\n<link rel=\"canonical\" href=\"https:\/\/www.belzona.be\/fr\/product\/serie-1000-metal-liquide-et-malleable\/belzona-1821-fluid-metal-gripcoating-voor-metaal\/\" \/>\n<meta property=\"og:locale\" content=\"fr_FR\" \/>\n<meta property=\"og:type\" content=\"article\" \/>\n<meta property=\"og:title\" content=\"Belzona 1821 : primaire m\u00e9tal pour adh\u00e9rence | Perspect BE\" \/>\n<meta property=\"og:description\" content=\"Belzona 1821 est un primaire m\u00e9tal bicomposant am\u00e9liorant l\u2019adh\u00e9rence des surfaces m\u00e9talliques, id\u00e9al pour machines, passerelles et zones de circulation.\" \/>\n<meta property=\"og:url\" content=\"https:\/\/www.belzona.be\/fr\/product\/serie-1000-metal-liquide-et-malleable\/belzona-1821-fluid-metal-gripcoating-voor-metaal\/\" \/>\n<meta property=\"og:site_name\" content=\"Belzona Perspect Belgique FR\" \/>\n<meta property=\"article:modified_time\" content=\"2025-12-18T08:44:38+00:00\" \/>\n<meta property=\"og:image\" content=\"https:\/\/www.belzona.be\/fr\/wp-content\/uploads\/sites\/4\/2022\/12\/belzona-1821-fluid-metal.jpg\" \/>\n\t<meta property=\"og:image:width\" content=\"702\" \/>\n\t<meta property=\"og:image:height\" content=\"702\" \/>\n\t<meta property=\"og:image:type\" content=\"image\/jpeg\" \/>\n<meta name=\"twitter:card\" content=\"summary_large_image\" \/>\n<meta name=\"twitter:label1\" content=\"Dur\u00e9e de lecture est.\" \/>\n\t<meta name=\"twitter:data1\" content=\"1 minute\" \/>\n<script type=\"application\/ld+json\" class=\"yoast-schema-graph\">{\"@context\":\"https:\\\/\\\/schema.org\",\"@graph\":[{\"@type\":\"WebPage\",\"@id\":\"https:\\\/\\\/www.belzona.be\\\/fr\\\/product\\\/serie-1000-metal-liquide-et-malleable\\\/belzona-1821-fluid-metal-gripcoating-voor-metaal\\\/\",\"url\":\"https:\\\/\\\/www.belzona.be\\\/fr\\\/product\\\/serie-1000-metal-liquide-et-malleable\\\/belzona-1821-fluid-metal-gripcoating-voor-metaal\\\/\",\"name\":\"Belzona 1821 : primaire m\u00e9tal pour adh\u00e9rence | Perspect BE\",\"isPartOf\":{\"@id\":\"https:\\\/\\\/www.belzona.be\\\/fr\\\/#website\"},\"primaryImageOfPage\":{\"@id\":\"https:\\\/\\\/www.belzona.be\\\/fr\\\/product\\\/serie-1000-metal-liquide-et-malleable\\\/belzona-1821-fluid-metal-gripcoating-voor-metaal\\\/#primaryimage\"},\"image\":{\"@id\":\"https:\\\/\\\/www.belzona.be\\\/fr\\\/product\\\/serie-1000-metal-liquide-et-malleable\\\/belzona-1821-fluid-metal-gripcoating-voor-metaal\\\/#primaryimage\"},\"thumbnailUrl\":\"https:\\\/\\\/www.belzona.be\\\/fr\\\/wp-content\\\/uploads\\\/sites\\\/4\\\/2022\\\/12\\\/belzona-1821-fluid-metal.jpg\",\"datePublished\":\"2022-12-20T13:40:20+00:00\",\"dateModified\":\"2025-12-18T08:44:38+00:00\",\"description\":\"Belzona 1821 est un primaire m\u00e9tal bicomposant am\u00e9liorant l\u2019adh\u00e9rence des surfaces m\u00e9talliques, id\u00e9al pour machines, passerelles et zones de circulation.\",\"breadcrumb\":{\"@id\":\"https:\\\/\\\/www.belzona.be\\\/fr\\\/product\\\/serie-1000-metal-liquide-et-malleable\\\/belzona-1821-fluid-metal-gripcoating-voor-metaal\\\/#breadcrumb\"},\"inLanguage\":\"fr-BE\",\"potentialAction\":[{\"@type\":\"ReadAction\",\"target\":[\"https:\\\/\\\/www.belzona.be\\\/fr\\\/product\\\/serie-1000-metal-liquide-et-malleable\\\/belzona-1821-fluid-metal-gripcoating-voor-metaal\\\/\"]}]},{\"@type\":\"ImageObject\",\"inLanguage\":\"fr-BE\",\"@id\":\"https:\\\/\\\/www.belzona.be\\\/fr\\\/product\\\/serie-1000-metal-liquide-et-malleable\\\/belzona-1821-fluid-metal-gripcoating-voor-metaal\\\/#primaryimage\",\"url\":\"https:\\\/\\\/www.belzona.be\\\/fr\\\/wp-content\\\/uploads\\\/sites\\\/4\\\/2022\\\/12\\\/belzona-1821-fluid-metal.jpg\",\"contentUrl\":\"https:\\\/\\\/www.belzona.be\\\/fr\\\/wp-content\\\/uploads\\\/sites\\\/4\\\/2022\\\/12\\\/belzona-1821-fluid-metal.jpg\",\"width\":702,\"height\":702},{\"@type\":\"BreadcrumbList\",\"@id\":\"https:\\\/\\\/www.belzona.be\\\/fr\\\/product\\\/serie-1000-metal-liquide-et-malleable\\\/belzona-1821-fluid-metal-gripcoating-voor-metaal\\\/#breadcrumb\",\"itemListElement\":[{\"@type\":\"ListItem\",\"position\":1,\"name\":\"Accueil\",\"item\":\"https:\\\/\\\/www.belzona.be\\\/fr\\\/\"},{\"@type\":\"ListItem\",\"position\":2,\"name\":\"Produits\",\"item\":\"https:\\\/\\\/www.belzona.be\\\/fr\\\/produits\\\/\"},{\"@type\":\"ListItem\",\"position\":3,\"name\":\"Belzona 1821 Fluid Metal \u2013 Primaire m\u00e9tal pour surfaces m\u00e9talliques\"}]},{\"@type\":\"WebSite\",\"@id\":\"https:\\\/\\\/www.belzona.be\\\/fr\\\/#website\",\"url\":\"https:\\\/\\\/www.belzona.be\\\/fr\\\/\",\"name\":\"Belzona Perspect Belgique FR\",\"description\":\"Belzona : r\u00e9paration, protection et am\u00e9lioration des surfaces. Belzona pr\u00e9vient et r\u00e9pare l&#039;\u00e9rosion, la corrosion, l&#039;abrasion, ainsi que les d\u00e9gradations chimiques et m\u00e9caniques.\",\"potentialAction\":[{\"@type\":\"SearchAction\",\"target\":{\"@type\":\"EntryPoint\",\"urlTemplate\":\"https:\\\/\\\/www.belzona.be\\\/fr\\\/?s={search_term_string}\"},\"query-input\":{\"@type\":\"PropertyValueSpecification\",\"valueRequired\":true,\"valueName\":\"search_term_string\"}}],\"inLanguage\":\"fr-BE\"}]}<\/script>\n<!-- \/ Yoast SEO plugin. -->","yoast_head_json":{"title":"Belzona 1821 : primaire m\u00e9tal pour adh\u00e9rence | Perspect BE","description":"Belzona 1821 est un primaire m\u00e9tal bicomposant am\u00e9liorant l\u2019adh\u00e9rence des surfaces m\u00e9talliques, id\u00e9al pour machines, passerelles et zones de circulation.","robots":{"index":"index","follow":"follow","max-snippet":"max-snippet:-1","max-image-preview":"max-image-preview:large","max-video-preview":"max-video-preview:-1"},"canonical":"https:\/\/www.belzona.be\/fr\/product\/serie-1000-metal-liquide-et-malleable\/belzona-1821-fluid-metal-gripcoating-voor-metaal\/","og_locale":"fr_FR","og_type":"article","og_title":"Belzona 1821 : primaire m\u00e9tal pour adh\u00e9rence | Perspect BE","og_description":"Belzona 1821 est un primaire m\u00e9tal bicomposant am\u00e9liorant l\u2019adh\u00e9rence des surfaces m\u00e9talliques, id\u00e9al pour machines, passerelles et zones de circulation.","og_url":"https:\/\/www.belzona.be\/fr\/product\/serie-1000-metal-liquide-et-malleable\/belzona-1821-fluid-metal-gripcoating-voor-metaal\/","og_site_name":"Belzona Perspect Belgique FR","article_modified_time":"2025-12-18T08:44:38+00:00","og_image":[{"width":702,"height":702,"url":"https:\/\/www.belzona.be\/fr\/wp-content\/uploads\/sites\/4\/2022\/12\/belzona-1821-fluid-metal.jpg","type":"image\/jpeg"}],"twitter_card":"summary_large_image","twitter_misc":{"Dur\u00e9e de lecture est.":"1 minute"},"schema":{"@context":"https:\/\/schema.org","@graph":[{"@type":"WebPage","@id":"https:\/\/www.belzona.be\/fr\/product\/serie-1000-metal-liquide-et-malleable\/belzona-1821-fluid-metal-gripcoating-voor-metaal\/","url":"https:\/\/www.belzona.be\/fr\/product\/serie-1000-metal-liquide-et-malleable\/belzona-1821-fluid-metal-gripcoating-voor-metaal\/","name":"Belzona 1821 : primaire m\u00e9tal pour adh\u00e9rence | Perspect BE","isPartOf":{"@id":"https:\/\/www.belzona.be\/fr\/#website"},"primaryImageOfPage":{"@id":"https:\/\/www.belzona.be\/fr\/product\/serie-1000-metal-liquide-et-malleable\/belzona-1821-fluid-metal-gripcoating-voor-metaal\/#primaryimage"},"image":{"@id":"https:\/\/www.belzona.be\/fr\/product\/serie-1000-metal-liquide-et-malleable\/belzona-1821-fluid-metal-gripcoating-voor-metaal\/#primaryimage"},"thumbnailUrl":"https:\/\/www.belzona.be\/fr\/wp-content\/uploads\/sites\/4\/2022\/12\/belzona-1821-fluid-metal.jpg","datePublished":"2022-12-20T13:40:20+00:00","dateModified":"2025-12-18T08:44:38+00:00","description":"Belzona 1821 est un primaire m\u00e9tal bicomposant am\u00e9liorant l\u2019adh\u00e9rence des surfaces m\u00e9talliques, id\u00e9al pour machines, passerelles et zones de circulation.","breadcrumb":{"@id":"https:\/\/www.belzona.be\/fr\/product\/serie-1000-metal-liquide-et-malleable\/belzona-1821-fluid-metal-gripcoating-voor-metaal\/#breadcrumb"},"inLanguage":"fr-BE","potentialAction":[{"@type":"ReadAction","target":["https:\/\/www.belzona.be\/fr\/product\/serie-1000-metal-liquide-et-malleable\/belzona-1821-fluid-metal-gripcoating-voor-metaal\/"]}]},{"@type":"ImageObject","inLanguage":"fr-BE","@id":"https:\/\/www.belzona.be\/fr\/product\/serie-1000-metal-liquide-et-malleable\/belzona-1821-fluid-metal-gripcoating-voor-metaal\/#primaryimage","url":"https:\/\/www.belzona.be\/fr\/wp-content\/uploads\/sites\/4\/2022\/12\/belzona-1821-fluid-metal.jpg","contentUrl":"https:\/\/www.belzona.be\/fr\/wp-content\/uploads\/sites\/4\/2022\/12\/belzona-1821-fluid-metal.jpg","width":702,"height":702},{"@type":"BreadcrumbList","@id":"https:\/\/www.belzona.be\/fr\/product\/serie-1000-metal-liquide-et-malleable\/belzona-1821-fluid-metal-gripcoating-voor-metaal\/#breadcrumb","itemListElement":[{"@type":"ListItem","position":1,"name":"Accueil","item":"https:\/\/www.belzona.be\/fr\/"},{"@type":"ListItem","position":2,"name":"Produits","item":"https:\/\/www.belzona.be\/fr\/produits\/"},{"@type":"ListItem","position":3,"name":"Belzona 1821 Fluid Metal \u2013 Primaire m\u00e9tal pour surfaces m\u00e9talliques"}]},{"@type":"WebSite","@id":"https:\/\/www.belzona.be\/fr\/#website","url":"https:\/\/www.belzona.be\/fr\/","name":"Belzona Perspect Belgique FR","description":"Belzona : r\u00e9paration, protection et am\u00e9lioration des surfaces. Belzona pr\u00e9vient et r\u00e9pare l&#039;\u00e9rosion, la corrosion, l&#039;abrasion, ainsi que les d\u00e9gradations chimiques et m\u00e9caniques.","potentialAction":[{"@type":"SearchAction","target":{"@type":"EntryPoint","urlTemplate":"https:\/\/www.belzona.be\/fr\/?s={search_term_string}"},"query-input":{"@type":"PropertyValueSpecification","valueRequired":true,"valueName":"search_term_string"}}],"inLanguage":"fr-BE"}]}},"_links":{"self":[{"href":"https:\/\/www.belzona.be\/fr\/wp-json\/wp\/v2\/product\/410","targetHints":{"allow":["GET"]}}],"collection":[{"href":"https:\/\/www.belzona.be\/fr\/wp-json\/wp\/v2\/product"}],"about":[{"href":"https:\/\/www.belzona.be\/fr\/wp-json\/wp\/v2\/types\/product"}],"wp:featuredmedia":[{"embeddable":true,"href":"https:\/\/www.belzona.be\/fr\/wp-json\/wp\/v2\/media\/411"}],"wp:attachment":[{"href":"https:\/\/www.belzona.be\/fr\/wp-json\/wp\/v2\/media?parent=410"}],"wp:term":[{"taxonomy":"product_brand","embeddable":true,"href":"https:\/\/www.belzona.be\/fr\/wp-json\/wp\/v2\/product_brand?post=410"},{"taxonomy":"product_cat","embeddable":true,"href":"https:\/\/www.belzona.be\/fr\/wp-json\/wp\/v2\/product_cat?post=410"},{"taxonomy":"product_tag","embeddable":true,"href":"https:\/\/www.belzona.be\/fr\/wp-json\/wp\/v2\/product_tag?post=410"}],"curies":[{"name":"wp","href":"https:\/\/api.w.org\/{rel}","templated":true}]}}